{"id":6487,"date":"2021-04-13T07:19:36","date_gmt":"2021-04-13T07:19:36","guid":{"rendered":"https:\/\/wmtbaltic.lv\/?post_type=product&#038;p=6487"},"modified":"2024-02-22T14:05:09","modified_gmt":"2024-02-22T14:05:09","slug":"citrusu-sprejs-akrila-limes-nonemsanai-citrons-400ml","status":"publish","type":"product","link":"https:\/\/wmtbaltic.lv\/en\/product\/citrusu-sprejs-akrila-limes-nonemsanai-citrons-400ml\/","title":{"rendered":"Citrusu sprejs akrila l\u012bmes no\u0146em\u0161anai (CITRONS), 400ml"},"content":{"rendered":"<p>Citrusu sprejs akrila l\u012bmes no\u0146em\u0161anai (CITRONS), 400ml<\/p>\n","protected":false},"excerpt":{"rendered":"Citrusu sprejs akrila l\u012bmes no\u0146em\u0161anai (CITRONS), 400ml","protected":false},"featured_media":6488,"comment_status":"closed","ping_status":"closed","template":"","meta":[],"product_brand":[],"product_cat":[200,305,61,398],"product_tag":[342,676,675,674,290],"class_list":{"0":"post-6487","1":"product","2":"type-product","3":"status-publish","4":"has-post-thumbnail","6":"product_cat-aksesuari-aplimesanai","7":"product_cat-instrumenti-materialu-nonemsanai","8":"product_cat-instrumenti-aksesuari","9":"product_cat-virsmas-tirisana","10":"product_tag-instrumenti","11":"product_tag-nonemsana","12":"product_tag-pleve","13":"product_tag-skrapis","14":"product_tag-uzlex","16":"first","17":"instock","18":"shipping-taxable","19":"purchasable","20":"product-type-simple"},"yoast_head":"<!-- This site is optimized with the Yoast SEO plugin v27.4 - https:\/\/yoast.com\/product\/yoast-seo-wordpress\/ -->\n<title>Citrusu sprejs akrila l\u012bmes no\u0146em\u0161anai (CITRONS). WMT Baltic R\u012bga<\/title>\n<meta name=\"description\" content=\"Citrusu sprejs akrila l\u012bmes no\u0146em\u0161anai da\u017e\u0101diem materi\u0101liem. Interneta veikals, instrumenti un aksesu\u0101ri. Rekl\u0101ma un noform\u0113jums.\" \/>\n<meta name=\"robots\" content=\"index, follow, max-snippet:-1, max-image-preview:large, max-video-preview:-1\" \/>\n<link rel=\"canonical\" href=\"https:\/\/wmtbaltic.lv\/Produkts\/citrusu-sprejs-akrila-limes-nonemsanai-citrons-400ml\/\" \/>\n<meta property=\"og:locale\" content=\"en_US\" \/>\n<meta property=\"og:type\" content=\"article\" \/>\n<meta property=\"og:title\" content=\"Citrusu sprejs akrila l\u012bmes no\u0146em\u0161anai (CITRONS). WMT Baltic R\u012bga\" \/>\n<meta property=\"og:description\" content=\"Citrusu sprejs akrila l\u012bmes no\u0146em\u0161anai da\u017e\u0101diem materi\u0101liem. Interneta veikals, instrumenti un aksesu\u0101ri. Rekl\u0101ma un noform\u0113jums.\" \/>\n<meta property=\"og:url\" content=\"https:\/\/wmtbaltic.lv\/Produkts\/citrusu-sprejs-akrila-limes-nonemsanai-citrons-400ml\/\" \/>\n<meta property=\"og:site_name\" content=\"WMT Baltic\" \/>\n<meta property=\"article:publisher\" content=\"https:\/\/www.facebook.com\/WMT.Baltic.viscom\/?locale=lv_LV\" \/>\n<meta property=\"article:modified_time\" content=\"2024-02-22T14:05:09+00:00\" \/>\n<meta property=\"og:image\" content=\"http:\/\/wmtbaltic.lv\/wp-content\/uploads\/2021\/04\/tools.uzlex_.eu_acrylic.adhesive.removal.spray_-scaled.jpg\" \/>\n\t<meta property=\"og:image:width\" content=\"2560\" \/>\n\t<meta property=\"og:image:height\" content=\"2462\" \/>\n\t<meta property=\"og:image:type\" content=\"image\/jpeg\" \/>\n<meta name=\"twitter:card\" content=\"summary_large_image\" \/>\n<meta name=\"twitter:label1\" content=\"Est. reading time\" \/>\n\t<meta name=\"twitter:data1\" content=\"1 minute\" \/>\n<script type=\"application\/ld+json\" class=\"yoast-schema-graph\">{\"@context\":\"https:\\\/\\\/schema.org\",\"@graph\":[{\"@type\":\"WebPage\",\"@id\":\"https:\\\/\\\/wmtbaltic.lv\\\/Produkts\\\/citrusu-sprejs-akrila-limes-nonemsanai-citrons-400ml\\\/\",\"url\":\"https:\\\/\\\/wmtbaltic.lv\\\/Produkts\\\/citrusu-sprejs-akrila-limes-nonemsanai-citrons-400ml\\\/\",\"name\":\"Citrusu sprejs akrila l\u012bmes no\u0146em\u0161anai (CITRONS). WMT Baltic R\u012bga\",\"isPartOf\":{\"@id\":\"https:\\\/\\\/wmtbaltic.lv\\\/#website\"},\"primaryImageOfPage\":{\"@id\":\"https:\\\/\\\/wmtbaltic.lv\\\/Produkts\\\/citrusu-sprejs-akrila-limes-nonemsanai-citrons-400ml\\\/#primaryimage\"},\"image\":{\"@id\":\"https:\\\/\\\/wmtbaltic.lv\\\/Produkts\\\/citrusu-sprejs-akrila-limes-nonemsanai-citrons-400ml\\\/#primaryimage\"},\"thumbnailUrl\":\"https:\\\/\\\/wmtbaltic.lv\\\/wp-content\\\/uploads\\\/2021\\\/04\\\/tools.uzlex_.eu_acrylic.adhesive.removal.spray_-scaled.jpg\",\"datePublished\":\"2021-04-13T07:19:36+00:00\",\"dateModified\":\"2024-02-22T14:05:09+00:00\",\"description\":\"Citrusu sprejs akrila l\u012bmes no\u0146em\u0161anai da\u017e\u0101diem materi\u0101liem. Interneta veikals, instrumenti un aksesu\u0101ri. Rekl\u0101ma un noform\u0113jums.\",\"breadcrumb\":{\"@id\":\"https:\\\/\\\/wmtbaltic.lv\\\/Produkts\\\/citrusu-sprejs-akrila-limes-nonemsanai-citrons-400ml\\\/#breadcrumb\"},\"inLanguage\":\"en-US\",\"potentialAction\":[{\"@type\":\"ReadAction\",\"target\":[\"https:\\\/\\\/wmtbaltic.lv\\\/Produkts\\\/citrusu-sprejs-akrila-limes-nonemsanai-citrons-400ml\\\/\"]}]},{\"@type\":\"ImageObject\",\"inLanguage\":\"en-US\",\"@id\":\"https:\\\/\\\/wmtbaltic.lv\\\/Produkts\\\/citrusu-sprejs-akrila-limes-nonemsanai-citrons-400ml\\\/#primaryimage\",\"url\":\"https:\\\/\\\/wmtbaltic.lv\\\/wp-content\\\/uploads\\\/2021\\\/04\\\/tools.uzlex_.eu_acrylic.adhesive.removal.spray_-scaled.jpg\",\"contentUrl\":\"https:\\\/\\\/wmtbaltic.lv\\\/wp-content\\\/uploads\\\/2021\\\/04\\\/tools.uzlex_.eu_acrylic.adhesive.removal.spray_-scaled.jpg\",\"width\":2560,\"height\":2462},{\"@type\":\"BreadcrumbList\",\"@id\":\"https:\\\/\\\/wmtbaltic.lv\\\/Produkts\\\/citrusu-sprejs-akrila-limes-nonemsanai-citrons-400ml\\\/#breadcrumb\",\"itemListElement\":[{\"@type\":\"ListItem\",\"position\":1,\"name\":\"Home\",\"item\":\"https:\\\/\\\/wmtbaltic.lv\\\/en\\\/\"},{\"@type\":\"ListItem\",\"position\":2,\"name\":\"Products\",\"item\":\"https:\\\/\\\/wmtbaltic.lv\\\/en\\\/shop\\\/\"},{\"@type\":\"ListItem\",\"position\":3,\"name\":\"Citrusu sprejs akrila l\u012bmes no\u0146em\u0161anai (CITRONS), 400ml\"}]},{\"@type\":\"WebSite\",\"@id\":\"https:\\\/\\\/wmtbaltic.lv\\\/#website\",\"url\":\"https:\\\/\\\/wmtbaltic.lv\\\/\",\"name\":\"WMT Baltic\",\"description\":\"Rekl\u0101mas produkti, pl\u0113ves\",\"publisher\":{\"@id\":\"https:\\\/\\\/wmtbaltic.lv\\\/#organization\"},\"potentialAction\":[{\"@type\":\"SearchAction\",\"target\":{\"@type\":\"EntryPoint\",\"urlTemplate\":\"https:\\\/\\\/wmtbaltic.lv\\\/?s={search_term_string}\"},\"query-input\":{\"@type\":\"PropertyValueSpecification\",\"valueRequired\":true,\"valueName\":\"search_term_string\"}}],\"inLanguage\":\"en-US\"},{\"@type\":\"Organization\",\"@id\":\"https:\\\/\\\/wmtbaltic.lv\\\/#organization\",\"name\":\"WMT Baltic\",\"url\":\"https:\\\/\\\/wmtbaltic.lv\\\/\",\"logo\":{\"@type\":\"ImageObject\",\"inLanguage\":\"en-US\",\"@id\":\"https:\\\/\\\/wmtbaltic.lv\\\/#\\\/schema\\\/logo\\\/image\\\/\",\"url\":\"https:\\\/\\\/wmtbaltic.lv\\\/wp-content\\\/uploads\\\/2024\\\/12\\\/wmt-baltic-sia_107142_9_420x180.jpg\",\"contentUrl\":\"https:\\\/\\\/wmtbaltic.lv\\\/wp-content\\\/uploads\\\/2024\\\/12\\\/wmt-baltic-sia_107142_9_420x180.jpg\",\"width\":420,\"height\":180,\"caption\":\"WMT Baltic\"},\"image\":{\"@id\":\"https:\\\/\\\/wmtbaltic.lv\\\/#\\\/schema\\\/logo\\\/image\\\/\"},\"sameAs\":[\"https:\\\/\\\/www.facebook.com\\\/WMT.Baltic.viscom\\\/?locale=lv_LV\",\"https:\\\/\\\/www.instagram.com\\\/viscom_wmt\\\/\"]}]}<\/script>\n<!-- \/ Yoast SEO plugin. -->","yoast_head_json":{"title":"Citrusu sprejs akrila l\u012bmes no\u0146em\u0161anai (CITRONS). WMT Baltic R\u012bga","description":"Citrusu sprejs akrila l\u012bmes no\u0146em\u0161anai da\u017e\u0101diem materi\u0101liem. Interneta veikals, instrumenti un aksesu\u0101ri. Rekl\u0101ma un noform\u0113jums.","robots":{"index":"index","follow":"follow","max-snippet":"max-snippet:-1","max-image-preview":"max-image-preview:large","max-video-preview":"max-video-preview:-1"},"canonical":"https:\/\/wmtbaltic.lv\/Produkts\/citrusu-sprejs-akrila-limes-nonemsanai-citrons-400ml\/","og_locale":"en_US","og_type":"article","og_title":"Citrusu sprejs akrila l\u012bmes no\u0146em\u0161anai (CITRONS). WMT Baltic R\u012bga","og_description":"Citrusu sprejs akrila l\u012bmes no\u0146em\u0161anai da\u017e\u0101diem materi\u0101liem. Interneta veikals, instrumenti un aksesu\u0101ri. Rekl\u0101ma un noform\u0113jums.","og_url":"https:\/\/wmtbaltic.lv\/Produkts\/citrusu-sprejs-akrila-limes-nonemsanai-citrons-400ml\/","og_site_name":"WMT Baltic","article_publisher":"https:\/\/www.facebook.com\/WMT.Baltic.viscom\/?locale=lv_LV","article_modified_time":"2024-02-22T14:05:09+00:00","og_image":[{"width":2560,"height":2462,"url":"http:\/\/wmtbaltic.lv\/wp-content\/uploads\/2021\/04\/tools.uzlex_.eu_acrylic.adhesive.removal.spray_-scaled.jpg","type":"image\/jpeg"}],"twitter_card":"summary_large_image","twitter_misc":{"Est. reading time":"1 minute"},"schema":{"@context":"https:\/\/schema.org","@graph":[{"@type":"WebPage","@id":"https:\/\/wmtbaltic.lv\/Produkts\/citrusu-sprejs-akrila-limes-nonemsanai-citrons-400ml\/","url":"https:\/\/wmtbaltic.lv\/Produkts\/citrusu-sprejs-akrila-limes-nonemsanai-citrons-400ml\/","name":"Citrusu sprejs akrila l\u012bmes no\u0146em\u0161anai (CITRONS). WMT Baltic R\u012bga","isPartOf":{"@id":"https:\/\/wmtbaltic.lv\/#website"},"primaryImageOfPage":{"@id":"https:\/\/wmtbaltic.lv\/Produkts\/citrusu-sprejs-akrila-limes-nonemsanai-citrons-400ml\/#primaryimage"},"image":{"@id":"https:\/\/wmtbaltic.lv\/Produkts\/citrusu-sprejs-akrila-limes-nonemsanai-citrons-400ml\/#primaryimage"},"thumbnailUrl":"https:\/\/wmtbaltic.lv\/wp-content\/uploads\/2021\/04\/tools.uzlex_.eu_acrylic.adhesive.removal.spray_-scaled.jpg","datePublished":"2021-04-13T07:19:36+00:00","dateModified":"2024-02-22T14:05:09+00:00","description":"Citrusu sprejs akrila l\u012bmes no\u0146em\u0161anai da\u017e\u0101diem materi\u0101liem. Interneta veikals, instrumenti un aksesu\u0101ri. Rekl\u0101ma un noform\u0113jums.","breadcrumb":{"@id":"https:\/\/wmtbaltic.lv\/Produkts\/citrusu-sprejs-akrila-limes-nonemsanai-citrons-400ml\/#breadcrumb"},"inLanguage":"en-US","potentialAction":[{"@type":"ReadAction","target":["https:\/\/wmtbaltic.lv\/Produkts\/citrusu-sprejs-akrila-limes-nonemsanai-citrons-400ml\/"]}]},{"@type":"ImageObject","inLanguage":"en-US","@id":"https:\/\/wmtbaltic.lv\/Produkts\/citrusu-sprejs-akrila-limes-nonemsanai-citrons-400ml\/#primaryimage","url":"https:\/\/wmtbaltic.lv\/wp-content\/uploads\/2021\/04\/tools.uzlex_.eu_acrylic.adhesive.removal.spray_-scaled.jpg","contentUrl":"https:\/\/wmtbaltic.lv\/wp-content\/uploads\/2021\/04\/tools.uzlex_.eu_acrylic.adhesive.removal.spray_-scaled.jpg","width":2560,"height":2462},{"@type":"BreadcrumbList","@id":"https:\/\/wmtbaltic.lv\/Produkts\/citrusu-sprejs-akrila-limes-nonemsanai-citrons-400ml\/#breadcrumb","itemListElement":[{"@type":"ListItem","position":1,"name":"Home","item":"https:\/\/wmtbaltic.lv\/en\/"},{"@type":"ListItem","position":2,"name":"Products","item":"https:\/\/wmtbaltic.lv\/en\/shop\/"},{"@type":"ListItem","position":3,"name":"Citrusu sprejs akrila l\u012bmes no\u0146em\u0161anai (CITRONS), 400ml"}]},{"@type":"WebSite","@id":"https:\/\/wmtbaltic.lv\/#website","url":"https:\/\/wmtbaltic.lv\/","name":"WMT Baltic","description":"Rekl\u0101mas produkti, pl\u0113ves","publisher":{"@id":"https:\/\/wmtbaltic.lv\/#organization"},"potentialAction":[{"@type":"SearchAction","target":{"@type":"EntryPoint","urlTemplate":"https:\/\/wmtbaltic.lv\/?s={search_term_string}"},"query-input":{"@type":"PropertyValueSpecification","valueRequired":true,"valueName":"search_term_string"}}],"inLanguage":"en-US"},{"@type":"Organization","@id":"https:\/\/wmtbaltic.lv\/#organization","name":"WMT Baltic","url":"https:\/\/wmtbaltic.lv\/","logo":{"@type":"ImageObject","inLanguage":"en-US","@id":"https:\/\/wmtbaltic.lv\/#\/schema\/logo\/image\/","url":"https:\/\/wmtbaltic.lv\/wp-content\/uploads\/2024\/12\/wmt-baltic-sia_107142_9_420x180.jpg","contentUrl":"https:\/\/wmtbaltic.lv\/wp-content\/uploads\/2024\/12\/wmt-baltic-sia_107142_9_420x180.jpg","width":420,"height":180,"caption":"WMT Baltic"},"image":{"@id":"https:\/\/wmtbaltic.lv\/#\/schema\/logo\/image\/"},"sameAs":["https:\/\/www.facebook.com\/WMT.Baltic.viscom\/?locale=lv_LV","https:\/\/www.instagram.com\/viscom_wmt\/"]}]}},"_links":{"self":[{"href":"https:\/\/wmtbaltic.lv\/en\/wp-json\/wp\/v2\/product\/6487","targetHints":{"allow":["GET"]}}],"collection":[{"href":"https:\/\/wmtbaltic.lv\/en\/wp-json\/wp\/v2\/product"}],"about":[{"href":"https:\/\/wmtbaltic.lv\/en\/wp-json\/wp\/v2\/types\/product"}],"replies":[{"embeddable":true,"href":"https:\/\/wmtbaltic.lv\/en\/wp-json\/wp\/v2\/comments?post=6487"}],"wp:featuredmedia":[{"embeddable":true,"href":"https:\/\/wmtbaltic.lv\/en\/wp-json\/wp\/v2\/media\/6488"}],"wp:attachment":[{"href":"https:\/\/wmtbaltic.lv\/en\/wp-json\/wp\/v2\/media?parent=6487"}],"wp:term":[{"taxonomy":"product_brand","embeddable":true,"href":"https:\/\/wmtbaltic.lv\/en\/wp-json\/wp\/v2\/product_brand?post=6487"},{"taxonomy":"product_cat","embeddable":true,"href":"https:\/\/wmtbaltic.lv\/en\/wp-json\/wp\/v2\/product_cat?post=6487"},{"taxonomy":"product_tag","embeddable":true,"href":"https:\/\/wmtbaltic.lv\/en\/wp-json\/wp\/v2\/product_tag?post=6487"}],"curies":[{"name":"wp","href":"https:\/\/api.w.org\/{rel}","templated":true}]}}