{"id":6222,"date":"2021-04-01T13:53:39","date_gmt":"2021-04-01T13:53:39","guid":{"rendered":"https:\/\/wmtbaltic.lv\/?post_type=product&#038;p=6222"},"modified":"2025-09-17T08:32:00","modified_gmt":"2025-09-17T08:32:00","slug":"secabo-tm1-termoprese-kruzem","status":"publish","type":"product","link":"https:\/\/wmtbaltic.lv\/en\/product\/secabo-tm1-termoprese-kruzem\/","title":{"rendered":"Secabo TM1 termoprese kr\u016bz\u0113m"},"content":{"rendered":"<p>Secabo TM1 termoprese kr\u016bz\u0113m ir ide\u0101li piem\u0113rota sublim\u0101cijas p\u0101rne\u0161anai uz keramikas kr\u016bz\u0113m un l\u012bdz\u012bgiem priek\u0161metiem. Secabo TM1 termoprese ir piem\u0113rota ies\u0101c\u0113jiem, k\u0101 ar\u012b profesion\u0101liem lietot\u0101jiem. Spiedienu var viegli noregul\u0113t, p\u0113c izv\u0113les ir pieejami 3 da\u017e\u0101di sildelementi &#8211; ar\u012b konusveida. Komplekt\u0101cij\u0101 ietilpst kr\u016bz\u012b\u0161u prese Secabo TM1, ieskaitot sild\u0101mo plati kr\u016bz\u0113m ar diametru 75-90mm.<\/p>\n<p>Izm\u0113rs: 32cm x 21cm x 30cm<br \/>\nKr\u016bzes maksim\u0101lais augstums: 12 cm<br \/>\nKr\u016bzes maksim\u0101lais diametrs: 7,5 cm l\u012bdz 9,0 cm cm<br \/>\nMaks. temperat\u016bra: 225 \u00b0C<br \/>\nElektroener\u0123ijas pat\u0113ri\u0146\u0161: 230V \/ 50Hz &#8211; 60Hz, 300W<br \/>\nSvars bez iepakojuma: 6,00 kg<br \/>\nSvars ar iepakojumu: 7,00 kg<br \/>\nZ\u012bmols: Secabo<\/p>\n<p><a href=\"http:\/\/wmtbaltic.lv\/wp-content\/uploads\/2021\/04\/37cf0887b78f2664da523e2d803c4cf3.pdf\">Secabo Termoprese kr\u016bz\u0113m TM1, Technical Data Sheet, EN<\/a><\/p>\n<iframe loading=\"lazy\"  id=\"_ytid_95851\"  width=\"780\" height=\"439\"  data-origwidth=\"780\" data-origheight=\"439\" src=\"https:\/\/www.youtube.com\/embed\/Crfoq6PPQss?enablejsapi=1&autoplay=0&cc_load_policy=0&cc_lang_pref=&iv_load_policy=1&loop=0&rel=1&fs=1&playsinline=0&autohide=2&theme=dark&color=red&controls=1&disablekb=0&\" class=\"__youtube_prefs__  no-lazyload\" title=\"YouTube player\"  allow=\"fullscreen; accelerometer; autoplay; clipboard-write; encrypted-media; gyroscope; picture-in-picture; web-share\" referrerpolicy=\"strict-origin-when-cross-origin\" allowfullscreen data-no-lazy=\"1\" data-skipgform_ajax_framebjll=\"\"><\/iframe>\n","protected":false},"excerpt":{"rendered":"Secabo TM1 termoprese kr\u016bz\u0113m ir ide\u0101li piem\u0113rota sublim\u0101cijas p\u0101rne\u0161anai uz keramikas kr\u016bz\u0113m un l\u012bdz\u012bgiem priek\u0161metiem. Secabo TM1 termoprese ir piem\u0113rota ies\u0101c\u0113jiem, k\u0101 ar\u012b profesion\u0101liem lietot\u0101jiem. Spiedienu var viegli noregul\u0113t, p\u0113c izv\u0113les ir pieejami 3 da\u017e\u0101di sildelementi - ar\u012b konusveida. Komplekt\u0101cij\u0101 ietilpst kr\u016bz\u012b\u0161u prese Secabo TM1, ieskaitot sild\u0101mo plati kr\u016bz\u0113m ar diametru 75-90mm. Izm\u0113rs: 32cm x [...]","protected":false},"featured_media":6223,"template":"","meta":[],"product_brand":[],"product_cat":[244],"product_tag":[491,667,586,532,529],"class_list":{"0":"post-6222","1":"product","2":"type-product","3":"status-publish","4":"has-post-thumbnail","6":"product_cat-specialas-termopreses","7":"product_tag-iekarta","8":"product_tag-kruzes","9":"product_tag-secabo","10":"product_tag-termoparnese","11":"product_tag-termoprese","13":"first","14":"instock","15":"shipping-taxable","16":"purchasable","17":"product-type-simple"},"yoast_head":"<!-- This site is optimized with the Yoast SEO plugin v27.5 - https:\/\/yoast.com\/product\/yoast-seo-wordpress\/ -->\n<title>Secabo TM1 termoprese kr\u016bz\u0113m, WMT Baltic veikals<\/title>\n<meta name=\"description\" content=\"Secabo TM1 termoprese kr\u016bz\u0113m ir ide\u0101li piem\u0113rota sublim\u0101cijas p\u0101rne\u0161anai uz keramikas kr\u016bz\u0113m un l\u012bdz\u012bgiem priek\u0161metiem. Secabo TM1 termoprese ir piem\u0113rota ies\u0101c\u0113jiem, k\u0101 ar\u012b profesion\u0101liem lietot\u0101jiem. Spiedienu var viegli noregul\u0113t, p\u0113c izv\u0113les ir pieejami 3 da\u017e\u0101di sildelementi - ar\u012b konusveida. Komplekt\u0101cij\u0101 ietilpst kr\u016bz\u012b\u0161u prese Secabo TM1, ieskaitot sild\u0101mo plati kr\u016bz\u0113m ar diametru 75-90mm.\" \/>\n<meta name=\"robots\" content=\"index, follow, max-snippet:-1, max-image-preview:large, max-video-preview:-1\" \/>\n<link rel=\"canonical\" href=\"https:\/\/wmtbaltic.lv\/product\/secabo-tm1-termoprese-kruzem\/\" \/>\n<meta property=\"og:locale\" content=\"en_US\" \/>\n<meta property=\"og:type\" content=\"article\" \/>\n<meta property=\"og:title\" content=\"Secabo TM1 termoprese kr\u016bz\u0113m, WMT Baltic veikals\" \/>\n<meta property=\"og:description\" content=\"Secabo TM1 termoprese kr\u016bz\u0113m ir ide\u0101li piem\u0113rota sublim\u0101cijas p\u0101rne\u0161anai uz keramikas kr\u016bz\u0113m un l\u012bdz\u012bgiem priek\u0161metiem. Secabo TM1 termoprese ir piem\u0113rota ies\u0101c\u0113jiem, k\u0101 ar\u012b profesion\u0101liem lietot\u0101jiem. Spiedienu var viegli noregul\u0113t, p\u0113c izv\u0113les ir pieejami 3 da\u017e\u0101di sildelementi - ar\u012b konusveida. Komplekt\u0101cij\u0101 ietilpst kr\u016bz\u012b\u0161u prese Secabo TM1, ieskaitot sild\u0101mo plati kr\u016bz\u0113m ar diametru 75-90mm.\" \/>\n<meta property=\"og:url\" content=\"https:\/\/wmtbaltic.lv\/product\/secabo-tm1-termoprese-kruzem\/\" \/>\n<meta property=\"og:site_name\" content=\"WMT Baltic\" \/>\n<meta property=\"article:publisher\" content=\"https:\/\/www.facebook.com\/WMT.Baltic.viscom\/?locale=lv_LV\" \/>\n<meta property=\"article:modified_time\" content=\"2025-09-17T08:32:00+00:00\" \/>\n<meta property=\"og:image\" content=\"http:\/\/wmtbaltic.lv\/wp-content\/uploads\/2021\/04\/TM1-scaled.jpg\" \/>\n\t<meta property=\"og:image:width\" content=\"2560\" \/>\n\t<meta property=\"og:image:height\" content=\"1707\" \/>\n\t<meta property=\"og:image:type\" content=\"image\/jpeg\" \/>\n<meta name=\"twitter:card\" content=\"summary_large_image\" \/>\n<meta name=\"twitter:label1\" content=\"Est. reading time\" \/>\n\t<meta name=\"twitter:data1\" content=\"1 minute\" \/>\n<script type=\"application\/ld+json\" class=\"yoast-schema-graph\">{\"@context\":\"https:\\\/\\\/schema.org\",\"@graph\":[{\"@type\":\"WebPage\",\"@id\":\"https:\\\/\\\/wmtbaltic.lv\\\/product\\\/secabo-tm1-termoprese-kruzem\\\/\",\"url\":\"https:\\\/\\\/wmtbaltic.lv\\\/product\\\/secabo-tm1-termoprese-kruzem\\\/\",\"name\":\"Secabo TM1 termoprese kr\u016bz\u0113m, WMT Baltic veikals\",\"isPartOf\":{\"@id\":\"https:\\\/\\\/wmtbaltic.lv\\\/#website\"},\"primaryImageOfPage\":{\"@id\":\"https:\\\/\\\/wmtbaltic.lv\\\/product\\\/secabo-tm1-termoprese-kruzem\\\/#primaryimage\"},\"image\":{\"@id\":\"https:\\\/\\\/wmtbaltic.lv\\\/product\\\/secabo-tm1-termoprese-kruzem\\\/#primaryimage\"},\"thumbnailUrl\":\"https:\\\/\\\/wmtbaltic.lv\\\/wp-content\\\/uploads\\\/2021\\\/04\\\/TM1-scaled.jpg\",\"datePublished\":\"2021-04-01T13:53:39+00:00\",\"dateModified\":\"2025-09-17T08:32:00+00:00\",\"description\":\"Secabo TM1 termoprese kr\u016bz\u0113m ir ide\u0101li piem\u0113rota sublim\u0101cijas p\u0101rne\u0161anai uz keramikas kr\u016bz\u0113m un l\u012bdz\u012bgiem priek\u0161metiem. Secabo TM1 termoprese ir piem\u0113rota ies\u0101c\u0113jiem, k\u0101 ar\u012b profesion\u0101liem lietot\u0101jiem. Spiedienu var viegli noregul\u0113t, p\u0113c izv\u0113les ir pieejami 3 da\u017e\u0101di sildelementi - ar\u012b konusveida. Komplekt\u0101cij\u0101 ietilpst kr\u016bz\u012b\u0161u prese Secabo TM1, ieskaitot sild\u0101mo plati kr\u016bz\u0113m ar diametru 75-90mm.\",\"breadcrumb\":{\"@id\":\"https:\\\/\\\/wmtbaltic.lv\\\/product\\\/secabo-tm1-termoprese-kruzem\\\/#breadcrumb\"},\"inLanguage\":\"en-US\",\"potentialAction\":[{\"@type\":\"ReadAction\",\"target\":[\"https:\\\/\\\/wmtbaltic.lv\\\/product\\\/secabo-tm1-termoprese-kruzem\\\/\"]}]},{\"@type\":\"ImageObject\",\"inLanguage\":\"en-US\",\"@id\":\"https:\\\/\\\/wmtbaltic.lv\\\/product\\\/secabo-tm1-termoprese-kruzem\\\/#primaryimage\",\"url\":\"https:\\\/\\\/wmtbaltic.lv\\\/wp-content\\\/uploads\\\/2021\\\/04\\\/TM1-scaled.jpg\",\"contentUrl\":\"https:\\\/\\\/wmtbaltic.lv\\\/wp-content\\\/uploads\\\/2021\\\/04\\\/TM1-scaled.jpg\",\"width\":2560,\"height\":1707},{\"@type\":\"BreadcrumbList\",\"@id\":\"https:\\\/\\\/wmtbaltic.lv\\\/product\\\/secabo-tm1-termoprese-kruzem\\\/#breadcrumb\",\"itemListElement\":[{\"@type\":\"ListItem\",\"position\":1,\"name\":\"Home\",\"item\":\"https:\\\/\\\/wmtbaltic.lv\\\/en\\\/\"},{\"@type\":\"ListItem\",\"position\":2,\"name\":\"Shop\",\"item\":\"https:\\\/\\\/wmtbaltic.lv\\\/shop\\\/\"},{\"@type\":\"ListItem\",\"position\":3,\"name\":\"Secabo TM1 termoprese kr\u016bz\u0113m\"}]},{\"@type\":\"WebSite\",\"@id\":\"https:\\\/\\\/wmtbaltic.lv\\\/#website\",\"url\":\"https:\\\/\\\/wmtbaltic.lv\\\/\",\"name\":\"WMT Baltic\",\"description\":\"Rekl\u0101mas produkti, pl\u0113ves\",\"publisher\":{\"@id\":\"https:\\\/\\\/wmtbaltic.lv\\\/#organization\"},\"potentialAction\":[{\"@type\":\"SearchAction\",\"target\":{\"@type\":\"EntryPoint\",\"urlTemplate\":\"https:\\\/\\\/wmtbaltic.lv\\\/?s={search_term_string}\"},\"query-input\":{\"@type\":\"PropertyValueSpecification\",\"valueRequired\":true,\"valueName\":\"search_term_string\"}}],\"inLanguage\":\"en-US\"},{\"@type\":\"Organization\",\"@id\":\"https:\\\/\\\/wmtbaltic.lv\\\/#organization\",\"name\":\"WMT Baltic\",\"url\":\"https:\\\/\\\/wmtbaltic.lv\\\/\",\"logo\":{\"@type\":\"ImageObject\",\"inLanguage\":\"en-US\",\"@id\":\"https:\\\/\\\/wmtbaltic.lv\\\/#\\\/schema\\\/logo\\\/image\\\/\",\"url\":\"https:\\\/\\\/wmtbaltic.lv\\\/wp-content\\\/uploads\\\/2024\\\/12\\\/wmt-baltic-sia_107142_9_420x180.jpg\",\"contentUrl\":\"https:\\\/\\\/wmtbaltic.lv\\\/wp-content\\\/uploads\\\/2024\\\/12\\\/wmt-baltic-sia_107142_9_420x180.jpg\",\"width\":420,\"height\":180,\"caption\":\"WMT Baltic\"},\"image\":{\"@id\":\"https:\\\/\\\/wmtbaltic.lv\\\/#\\\/schema\\\/logo\\\/image\\\/\"},\"sameAs\":[\"https:\\\/\\\/www.facebook.com\\\/WMT.Baltic.viscom\\\/?locale=lv_LV\",\"https:\\\/\\\/www.instagram.com\\\/viscom_wmt\\\/\"]}]}<\/script>\n<!-- \/ Yoast SEO plugin. -->","yoast_head_json":{"title":"Secabo TM1 termoprese kr\u016bz\u0113m, WMT Baltic veikals","description":"Secabo TM1 termoprese kr\u016bz\u0113m ir ide\u0101li piem\u0113rota sublim\u0101cijas p\u0101rne\u0161anai uz keramikas kr\u016bz\u0113m un l\u012bdz\u012bgiem priek\u0161metiem. Secabo TM1 termoprese ir piem\u0113rota ies\u0101c\u0113jiem, k\u0101 ar\u012b profesion\u0101liem lietot\u0101jiem. Spiedienu var viegli noregul\u0113t, p\u0113c izv\u0113les ir pieejami 3 da\u017e\u0101di sildelementi - ar\u012b konusveida. Komplekt\u0101cij\u0101 ietilpst kr\u016bz\u012b\u0161u prese Secabo TM1, ieskaitot sild\u0101mo plati kr\u016bz\u0113m ar diametru 75-90mm.","robots":{"index":"index","follow":"follow","max-snippet":"max-snippet:-1","max-image-preview":"max-image-preview:large","max-video-preview":"max-video-preview:-1"},"canonical":"https:\/\/wmtbaltic.lv\/product\/secabo-tm1-termoprese-kruzem\/","og_locale":"en_US","og_type":"article","og_title":"Secabo TM1 termoprese kr\u016bz\u0113m, WMT Baltic veikals","og_description":"Secabo TM1 termoprese kr\u016bz\u0113m ir ide\u0101li piem\u0113rota sublim\u0101cijas p\u0101rne\u0161anai uz keramikas kr\u016bz\u0113m un l\u012bdz\u012bgiem priek\u0161metiem. Secabo TM1 termoprese ir piem\u0113rota ies\u0101c\u0113jiem, k\u0101 ar\u012b profesion\u0101liem lietot\u0101jiem. Spiedienu var viegli noregul\u0113t, p\u0113c izv\u0113les ir pieejami 3 da\u017e\u0101di sildelementi - ar\u012b konusveida. Komplekt\u0101cij\u0101 ietilpst kr\u016bz\u012b\u0161u prese Secabo TM1, ieskaitot sild\u0101mo plati kr\u016bz\u0113m ar diametru 75-90mm.","og_url":"https:\/\/wmtbaltic.lv\/product\/secabo-tm1-termoprese-kruzem\/","og_site_name":"WMT Baltic","article_publisher":"https:\/\/www.facebook.com\/WMT.Baltic.viscom\/?locale=lv_LV","article_modified_time":"2025-09-17T08:32:00+00:00","og_image":[{"width":2560,"height":1707,"url":"http:\/\/wmtbaltic.lv\/wp-content\/uploads\/2021\/04\/TM1-scaled.jpg","type":"image\/jpeg"}],"twitter_card":"summary_large_image","twitter_misc":{"Est. reading time":"1 minute"},"schema":{"@context":"https:\/\/schema.org","@graph":[{"@type":"WebPage","@id":"https:\/\/wmtbaltic.lv\/product\/secabo-tm1-termoprese-kruzem\/","url":"https:\/\/wmtbaltic.lv\/product\/secabo-tm1-termoprese-kruzem\/","name":"Secabo TM1 termoprese kr\u016bz\u0113m, WMT Baltic veikals","isPartOf":{"@id":"https:\/\/wmtbaltic.lv\/#website"},"primaryImageOfPage":{"@id":"https:\/\/wmtbaltic.lv\/product\/secabo-tm1-termoprese-kruzem\/#primaryimage"},"image":{"@id":"https:\/\/wmtbaltic.lv\/product\/secabo-tm1-termoprese-kruzem\/#primaryimage"},"thumbnailUrl":"https:\/\/wmtbaltic.lv\/wp-content\/uploads\/2021\/04\/TM1-scaled.jpg","datePublished":"2021-04-01T13:53:39+00:00","dateModified":"2025-09-17T08:32:00+00:00","description":"Secabo TM1 termoprese kr\u016bz\u0113m ir ide\u0101li piem\u0113rota sublim\u0101cijas p\u0101rne\u0161anai uz keramikas kr\u016bz\u0113m un l\u012bdz\u012bgiem priek\u0161metiem. Secabo TM1 termoprese ir piem\u0113rota ies\u0101c\u0113jiem, k\u0101 ar\u012b profesion\u0101liem lietot\u0101jiem. Spiedienu var viegli noregul\u0113t, p\u0113c izv\u0113les ir pieejami 3 da\u017e\u0101di sildelementi - ar\u012b konusveida. Komplekt\u0101cij\u0101 ietilpst kr\u016bz\u012b\u0161u prese Secabo TM1, ieskaitot sild\u0101mo plati kr\u016bz\u0113m ar diametru 75-90mm.","breadcrumb":{"@id":"https:\/\/wmtbaltic.lv\/product\/secabo-tm1-termoprese-kruzem\/#breadcrumb"},"inLanguage":"en-US","potentialAction":[{"@type":"ReadAction","target":["https:\/\/wmtbaltic.lv\/product\/secabo-tm1-termoprese-kruzem\/"]}]},{"@type":"ImageObject","inLanguage":"en-US","@id":"https:\/\/wmtbaltic.lv\/product\/secabo-tm1-termoprese-kruzem\/#primaryimage","url":"https:\/\/wmtbaltic.lv\/wp-content\/uploads\/2021\/04\/TM1-scaled.jpg","contentUrl":"https:\/\/wmtbaltic.lv\/wp-content\/uploads\/2021\/04\/TM1-scaled.jpg","width":2560,"height":1707},{"@type":"BreadcrumbList","@id":"https:\/\/wmtbaltic.lv\/product\/secabo-tm1-termoprese-kruzem\/#breadcrumb","itemListElement":[{"@type":"ListItem","position":1,"name":"Home","item":"https:\/\/wmtbaltic.lv\/en\/"},{"@type":"ListItem","position":2,"name":"Shop","item":"https:\/\/wmtbaltic.lv\/shop\/"},{"@type":"ListItem","position":3,"name":"Secabo TM1 termoprese kr\u016bz\u0113m"}]},{"@type":"WebSite","@id":"https:\/\/wmtbaltic.lv\/#website","url":"https:\/\/wmtbaltic.lv\/","name":"WMT Baltic","description":"Rekl\u0101mas produkti, pl\u0113ves","publisher":{"@id":"https:\/\/wmtbaltic.lv\/#organization"},"potentialAction":[{"@type":"SearchAction","target":{"@type":"EntryPoint","urlTemplate":"https:\/\/wmtbaltic.lv\/?s={search_term_string}"},"query-input":{"@type":"PropertyValueSpecification","valueRequired":true,"valueName":"search_term_string"}}],"inLanguage":"en-US"},{"@type":"Organization","@id":"https:\/\/wmtbaltic.lv\/#organization","name":"WMT Baltic","url":"https:\/\/wmtbaltic.lv\/","logo":{"@type":"ImageObject","inLanguage":"en-US","@id":"https:\/\/wmtbaltic.lv\/#\/schema\/logo\/image\/","url":"https:\/\/wmtbaltic.lv\/wp-content\/uploads\/2024\/12\/wmt-baltic-sia_107142_9_420x180.jpg","contentUrl":"https:\/\/wmtbaltic.lv\/wp-content\/uploads\/2024\/12\/wmt-baltic-sia_107142_9_420x180.jpg","width":420,"height":180,"caption":"WMT Baltic"},"image":{"@id":"https:\/\/wmtbaltic.lv\/#\/schema\/logo\/image\/"},"sameAs":["https:\/\/www.facebook.com\/WMT.Baltic.viscom\/?locale=lv_LV","https:\/\/www.instagram.com\/viscom_wmt\/"]}]}},"_links":{"self":[{"href":"https:\/\/wmtbaltic.lv\/en\/wp-json\/wp\/v2\/product\/6222","targetHints":{"allow":["GET"]}}],"collection":[{"href":"https:\/\/wmtbaltic.lv\/en\/wp-json\/wp\/v2\/product"}],"about":[{"href":"https:\/\/wmtbaltic.lv\/en\/wp-json\/wp\/v2\/types\/product"}],"wp:featuredmedia":[{"embeddable":true,"href":"https:\/\/wmtbaltic.lv\/en\/wp-json\/wp\/v2\/media\/6223"}],"wp:attachment":[{"href":"https:\/\/wmtbaltic.lv\/en\/wp-json\/wp\/v2\/media?parent=6222"}],"wp:term":[{"taxonomy":"product_brand","embeddable":true,"href":"https:\/\/wmtbaltic.lv\/en\/wp-json\/wp\/v2\/product_brand?post=6222"},{"taxonomy":"product_cat","embeddable":true,"href":"https:\/\/wmtbaltic.lv\/en\/wp-json\/wp\/v2\/product_cat?post=6222"},{"taxonomy":"product_tag","embeddable":true,"href":"https:\/\/wmtbaltic.lv\/en\/wp-json\/wp\/v2\/product_tag?post=6222"}],"curies":[{"name":"wp","href":"https:\/\/api.w.org\/{rel}","templated":true}]}}