{"id":6187,"date":"2021-04-01T13:33:06","date_gmt":"2021-04-01T13:33:06","guid":{"rendered":"https:\/\/wmtbaltic.lv\/?post_type=product&#038;p=6187"},"modified":"2025-09-17T08:28:14","modified_gmt":"2025-09-17T08:28:14","slug":"secabo-tcb-smart-termoprese-bumbam-5-x-8cm","status":"publish","type":"product","link":"https:\/\/wmtbaltic.lv\/en\/product\/secabo-tcb-smart-termoprese-bumbam-5-x-8cm\/","title":{"rendered":"Secabo TCB SMART termoprese bumb\u0101m, 5 x 8cm"},"content":{"rendered":"<p>\u0160\u012b termoprese \u013cauj personaliz\u0113t liel\u0101ko da\u013cu piep\u016b\u0161amo sporta bumbu tikai ar da\u017eiem vienk\u0101r\u0161iem so\u013ciem, ieskaitot sint\u0113tisk\u0101s \u0101das futbola bumbas, rokas bumbas un basketbola bumbas. Uz vis\u0101m bumb\u0101m var p\u0101rnest att\u0113lu vai uzrakstu taj\u0101 pa\u0161\u0101 113 \u00b0 C temperat\u016br\u0101, 8 sekundes. Zema temperat\u016bra ir svar\u012bga, lai nesaboj\u0101tu jut\u012bgu plastmasu vai m\u0101ksl\u012bgo \u0101du.<\/p>\n<p>Darba galda izm\u0113rs: 5cm x 8cm<\/p>\n<p>Maks. spiediens: 250 g\/cm\u00b2<\/p>\n<p>Maks. temperat\u016bra: 220 \u00b0C<\/p>\n<p>Elektroener\u0123ijas pat\u0113ri\u0146\u0161: AC voltage 230V \/ 50Hz &#8211; 60Hz, 1.00kW<\/p>\n<p>Svars bez iepakojuma: 25,00 kg<\/p>\n<p>Svars ar iepakojumu: 29,00 kg<\/p>\n<p>Z\u012bmols: Secabo<\/p>\n<p><a href=\"http:\/\/wmtbaltic.lv\/wp-content\/uploads\/2021\/04\/196c9cdf2518ee9dd3ceb4f084d47ad6.pdf\">Secabo termoprese bumb\u0101m TCB SMART, Technical Data Sheet, EN<\/a><\/p>\n","protected":false},"excerpt":{"rendered":"\u0160\u012b termoprese \u013cauj personaliz\u0113t liel\u0101ko da\u013cu piep\u016b\u0161amo sporta bumbu tikai ar da\u017eiem vienk\u0101r\u0161iem so\u013ciem, ieskaitot sint\u0113tisk\u0101s \u0101das futbola bumbas, rokas bumbas un basketbola bumbas. Uz vis\u0101m bumb\u0101m var p\u0101rnest att\u0113lu vai uzrakstu taj\u0101 pa\u0161\u0101 113 \u00b0 C temperat\u016br\u0101, 8 sekundes. Zema temperat\u016bra ir svar\u012bga, lai nesaboj\u0101tu jut\u012bgu plastmasu vai m\u0101ksl\u012bgo \u0101du. Darba galda izm\u0113rs: 5cm [...]","protected":false},"featured_media":6214,"template":"","meta":[],"product_brand":[],"product_cat":[244],"product_tag":[664,586,666,665,532,529],"class_list":{"0":"post-6187","1":"product","2":"type-product","3":"status-publish","4":"has-post-thumbnail","6":"product_cat-specialas-termopreses","7":"product_tag-bumbam","8":"product_tag-secabo","9":"product_tag-sports","10":"product_tag-tcb","11":"product_tag-termoparnese","12":"product_tag-termoprese","14":"first","15":"instock","16":"shipping-taxable","17":"purchasable","18":"product-type-simple"},"yoast_head":"<!-- This site is optimized with the Yoast SEO plugin v27.5 - https:\/\/yoast.com\/product\/yoast-seo-wordpress\/ -->\n<title>Secabo TCB SMART termoprese bumb\u0101m, 5 x 8cm, WMT Baltic<\/title>\n<meta name=\"description\" content=\"\u0160\u012b termoprese \u013cauj personaliz\u0113t liel\u0101ko da\u013cu piep\u016b\u0161amo sporta bumbu tikai ar da\u017eiem vienk\u0101r\u0161iem so\u013ciem, ieskaitot sint\u0113tisk\u0101s \u0101das futbola bumbas, rokas bumbas un basketbola bumbas. Uz vis\u0101m bumb\u0101m var p\u0101rnest att\u0113lu vai uzrakstu taj\u0101 pa\u0161\u0101 113 \u00b0 C temperat\u016br\u0101, 8 sekundes. Zema temperat\u016bra ir svar\u012bga, lai nesaboj\u0101tu jut\u012bgu plastmasu vai m\u0101ksl\u012bgo \u0101du.\" \/>\n<meta name=\"robots\" content=\"index, follow, max-snippet:-1, max-image-preview:large, max-video-preview:-1\" \/>\n<link rel=\"canonical\" href=\"https:\/\/wmtbaltic.lv\/product\/secabo-tcb-smart-termoprese-bumbam-5-x-8cm\/\" \/>\n<meta property=\"og:locale\" content=\"en_US\" \/>\n<meta property=\"og:type\" content=\"article\" \/>\n<meta property=\"og:title\" content=\"Secabo TCB SMART termoprese bumb\u0101m, 5 x 8cm, WMT Baltic\" \/>\n<meta property=\"og:description\" content=\"\u0160\u012b termoprese \u013cauj personaliz\u0113t liel\u0101ko da\u013cu piep\u016b\u0161amo sporta bumbu tikai ar da\u017eiem vienk\u0101r\u0161iem so\u013ciem, ieskaitot sint\u0113tisk\u0101s \u0101das futbola bumbas, rokas bumbas un basketbola bumbas. Uz vis\u0101m bumb\u0101m var p\u0101rnest att\u0113lu vai uzrakstu taj\u0101 pa\u0161\u0101 113 \u00b0 C temperat\u016br\u0101, 8 sekundes. Zema temperat\u016bra ir svar\u012bga, lai nesaboj\u0101tu jut\u012bgu plastmasu vai m\u0101ksl\u012bgo \u0101du.\" \/>\n<meta property=\"og:url\" content=\"https:\/\/wmtbaltic.lv\/product\/secabo-tcb-smart-termoprese-bumbam-5-x-8cm\/\" \/>\n<meta property=\"og:site_name\" content=\"WMT Baltic\" \/>\n<meta property=\"article:publisher\" content=\"https:\/\/www.facebook.com\/WMT.Baltic.viscom\/?locale=lv_LV\" \/>\n<meta property=\"article:modified_time\" content=\"2025-09-17T08:28:14+00:00\" \/>\n<meta property=\"og:image\" content=\"http:\/\/wmtbaltic.lv\/wp-content\/uploads\/2021\/04\/TCB_Football.jpg\" \/>\n\t<meta property=\"og:image:width\" content=\"1276\" \/>\n\t<meta property=\"og:image:height\" content=\"1268\" \/>\n\t<meta property=\"og:image:type\" content=\"image\/jpeg\" \/>\n<meta name=\"twitter:card\" content=\"summary_large_image\" \/>\n<meta name=\"twitter:label1\" content=\"Est. reading time\" \/>\n\t<meta name=\"twitter:data1\" content=\"1 minute\" \/>\n<script type=\"application\/ld+json\" class=\"yoast-schema-graph\">{\"@context\":\"https:\\\/\\\/schema.org\",\"@graph\":[{\"@type\":\"WebPage\",\"@id\":\"https:\\\/\\\/wmtbaltic.lv\\\/product\\\/secabo-tcb-smart-termoprese-bumbam-5-x-8cm\\\/\",\"url\":\"https:\\\/\\\/wmtbaltic.lv\\\/product\\\/secabo-tcb-smart-termoprese-bumbam-5-x-8cm\\\/\",\"name\":\"Secabo TCB SMART termoprese bumb\u0101m, 5 x 8cm, WMT Baltic\",\"isPartOf\":{\"@id\":\"https:\\\/\\\/wmtbaltic.lv\\\/#website\"},\"primaryImageOfPage\":{\"@id\":\"https:\\\/\\\/wmtbaltic.lv\\\/product\\\/secabo-tcb-smart-termoprese-bumbam-5-x-8cm\\\/#primaryimage\"},\"image\":{\"@id\":\"https:\\\/\\\/wmtbaltic.lv\\\/product\\\/secabo-tcb-smart-termoprese-bumbam-5-x-8cm\\\/#primaryimage\"},\"thumbnailUrl\":\"https:\\\/\\\/wmtbaltic.lv\\\/wp-content\\\/uploads\\\/2021\\\/04\\\/TCB_Football.jpg\",\"datePublished\":\"2021-04-01T13:33:06+00:00\",\"dateModified\":\"2025-09-17T08:28:14+00:00\",\"description\":\"\u0160\u012b termoprese \u013cauj personaliz\u0113t liel\u0101ko da\u013cu piep\u016b\u0161amo sporta bumbu tikai ar da\u017eiem vienk\u0101r\u0161iem so\u013ciem, ieskaitot sint\u0113tisk\u0101s \u0101das futbola bumbas, rokas bumbas un basketbola bumbas. Uz vis\u0101m bumb\u0101m var p\u0101rnest att\u0113lu vai uzrakstu taj\u0101 pa\u0161\u0101 113 \u00b0 C temperat\u016br\u0101, 8 sekundes. Zema temperat\u016bra ir svar\u012bga, lai nesaboj\u0101tu jut\u012bgu plastmasu vai m\u0101ksl\u012bgo \u0101du.\",\"breadcrumb\":{\"@id\":\"https:\\\/\\\/wmtbaltic.lv\\\/product\\\/secabo-tcb-smart-termoprese-bumbam-5-x-8cm\\\/#breadcrumb\"},\"inLanguage\":\"en-US\",\"potentialAction\":[{\"@type\":\"ReadAction\",\"target\":[\"https:\\\/\\\/wmtbaltic.lv\\\/product\\\/secabo-tcb-smart-termoprese-bumbam-5-x-8cm\\\/\"]}]},{\"@type\":\"ImageObject\",\"inLanguage\":\"en-US\",\"@id\":\"https:\\\/\\\/wmtbaltic.lv\\\/product\\\/secabo-tcb-smart-termoprese-bumbam-5-x-8cm\\\/#primaryimage\",\"url\":\"https:\\\/\\\/wmtbaltic.lv\\\/wp-content\\\/uploads\\\/2021\\\/04\\\/TCB_Football.jpg\",\"contentUrl\":\"https:\\\/\\\/wmtbaltic.lv\\\/wp-content\\\/uploads\\\/2021\\\/04\\\/TCB_Football.jpg\",\"width\":1276,\"height\":1268},{\"@type\":\"BreadcrumbList\",\"@id\":\"https:\\\/\\\/wmtbaltic.lv\\\/product\\\/secabo-tcb-smart-termoprese-bumbam-5-x-8cm\\\/#breadcrumb\",\"itemListElement\":[{\"@type\":\"ListItem\",\"position\":1,\"name\":\"Home\",\"item\":\"https:\\\/\\\/wmtbaltic.lv\\\/en\\\/\"},{\"@type\":\"ListItem\",\"position\":2,\"name\":\"Shop\",\"item\":\"https:\\\/\\\/wmtbaltic.lv\\\/shop\\\/\"},{\"@type\":\"ListItem\",\"position\":3,\"name\":\"Secabo TCB SMART termoprese bumb\u0101m, 5 x 8cm\"}]},{\"@type\":\"WebSite\",\"@id\":\"https:\\\/\\\/wmtbaltic.lv\\\/#website\",\"url\":\"https:\\\/\\\/wmtbaltic.lv\\\/\",\"name\":\"WMT Baltic\",\"description\":\"Rekl\u0101mas produkti, pl\u0113ves\",\"publisher\":{\"@id\":\"https:\\\/\\\/wmtbaltic.lv\\\/#organization\"},\"potentialAction\":[{\"@type\":\"SearchAction\",\"target\":{\"@type\":\"EntryPoint\",\"urlTemplate\":\"https:\\\/\\\/wmtbaltic.lv\\\/?s={search_term_string}\"},\"query-input\":{\"@type\":\"PropertyValueSpecification\",\"valueRequired\":true,\"valueName\":\"search_term_string\"}}],\"inLanguage\":\"en-US\"},{\"@type\":\"Organization\",\"@id\":\"https:\\\/\\\/wmtbaltic.lv\\\/#organization\",\"name\":\"WMT Baltic\",\"url\":\"https:\\\/\\\/wmtbaltic.lv\\\/\",\"logo\":{\"@type\":\"ImageObject\",\"inLanguage\":\"en-US\",\"@id\":\"https:\\\/\\\/wmtbaltic.lv\\\/#\\\/schema\\\/logo\\\/image\\\/\",\"url\":\"https:\\\/\\\/wmtbaltic.lv\\\/wp-content\\\/uploads\\\/2024\\\/12\\\/wmt-baltic-sia_107142_9_420x180.jpg\",\"contentUrl\":\"https:\\\/\\\/wmtbaltic.lv\\\/wp-content\\\/uploads\\\/2024\\\/12\\\/wmt-baltic-sia_107142_9_420x180.jpg\",\"width\":420,\"height\":180,\"caption\":\"WMT Baltic\"},\"image\":{\"@id\":\"https:\\\/\\\/wmtbaltic.lv\\\/#\\\/schema\\\/logo\\\/image\\\/\"},\"sameAs\":[\"https:\\\/\\\/www.facebook.com\\\/WMT.Baltic.viscom\\\/?locale=lv_LV\",\"https:\\\/\\\/www.instagram.com\\\/viscom_wmt\\\/\"]}]}<\/script>\n<!-- \/ Yoast SEO plugin. -->","yoast_head_json":{"title":"Secabo TCB SMART termoprese bumb\u0101m, 5 x 8cm, WMT Baltic","description":"\u0160\u012b termoprese \u013cauj personaliz\u0113t liel\u0101ko da\u013cu piep\u016b\u0161amo sporta bumbu tikai ar da\u017eiem vienk\u0101r\u0161iem so\u013ciem, ieskaitot sint\u0113tisk\u0101s \u0101das futbola bumbas, rokas bumbas un basketbola bumbas. Uz vis\u0101m bumb\u0101m var p\u0101rnest att\u0113lu vai uzrakstu taj\u0101 pa\u0161\u0101 113 \u00b0 C temperat\u016br\u0101, 8 sekundes. Zema temperat\u016bra ir svar\u012bga, lai nesaboj\u0101tu jut\u012bgu plastmasu vai m\u0101ksl\u012bgo \u0101du.","robots":{"index":"index","follow":"follow","max-snippet":"max-snippet:-1","max-image-preview":"max-image-preview:large","max-video-preview":"max-video-preview:-1"},"canonical":"https:\/\/wmtbaltic.lv\/product\/secabo-tcb-smart-termoprese-bumbam-5-x-8cm\/","og_locale":"en_US","og_type":"article","og_title":"Secabo TCB SMART termoprese bumb\u0101m, 5 x 8cm, WMT Baltic","og_description":"\u0160\u012b termoprese \u013cauj personaliz\u0113t liel\u0101ko da\u013cu piep\u016b\u0161amo sporta bumbu tikai ar da\u017eiem vienk\u0101r\u0161iem so\u013ciem, ieskaitot sint\u0113tisk\u0101s \u0101das futbola bumbas, rokas bumbas un basketbola bumbas. Uz vis\u0101m bumb\u0101m var p\u0101rnest att\u0113lu vai uzrakstu taj\u0101 pa\u0161\u0101 113 \u00b0 C temperat\u016br\u0101, 8 sekundes. Zema temperat\u016bra ir svar\u012bga, lai nesaboj\u0101tu jut\u012bgu plastmasu vai m\u0101ksl\u012bgo \u0101du.","og_url":"https:\/\/wmtbaltic.lv\/product\/secabo-tcb-smart-termoprese-bumbam-5-x-8cm\/","og_site_name":"WMT Baltic","article_publisher":"https:\/\/www.facebook.com\/WMT.Baltic.viscom\/?locale=lv_LV","article_modified_time":"2025-09-17T08:28:14+00:00","og_image":[{"width":1276,"height":1268,"url":"http:\/\/wmtbaltic.lv\/wp-content\/uploads\/2021\/04\/TCB_Football.jpg","type":"image\/jpeg"}],"twitter_card":"summary_large_image","twitter_misc":{"Est. reading time":"1 minute"},"schema":{"@context":"https:\/\/schema.org","@graph":[{"@type":"WebPage","@id":"https:\/\/wmtbaltic.lv\/product\/secabo-tcb-smart-termoprese-bumbam-5-x-8cm\/","url":"https:\/\/wmtbaltic.lv\/product\/secabo-tcb-smart-termoprese-bumbam-5-x-8cm\/","name":"Secabo TCB SMART termoprese bumb\u0101m, 5 x 8cm, WMT Baltic","isPartOf":{"@id":"https:\/\/wmtbaltic.lv\/#website"},"primaryImageOfPage":{"@id":"https:\/\/wmtbaltic.lv\/product\/secabo-tcb-smart-termoprese-bumbam-5-x-8cm\/#primaryimage"},"image":{"@id":"https:\/\/wmtbaltic.lv\/product\/secabo-tcb-smart-termoprese-bumbam-5-x-8cm\/#primaryimage"},"thumbnailUrl":"https:\/\/wmtbaltic.lv\/wp-content\/uploads\/2021\/04\/TCB_Football.jpg","datePublished":"2021-04-01T13:33:06+00:00","dateModified":"2025-09-17T08:28:14+00:00","description":"\u0160\u012b termoprese \u013cauj personaliz\u0113t liel\u0101ko da\u013cu piep\u016b\u0161amo sporta bumbu tikai ar da\u017eiem vienk\u0101r\u0161iem so\u013ciem, ieskaitot sint\u0113tisk\u0101s \u0101das futbola bumbas, rokas bumbas un basketbola bumbas. Uz vis\u0101m bumb\u0101m var p\u0101rnest att\u0113lu vai uzrakstu taj\u0101 pa\u0161\u0101 113 \u00b0 C temperat\u016br\u0101, 8 sekundes. Zema temperat\u016bra ir svar\u012bga, lai nesaboj\u0101tu jut\u012bgu plastmasu vai m\u0101ksl\u012bgo \u0101du.","breadcrumb":{"@id":"https:\/\/wmtbaltic.lv\/product\/secabo-tcb-smart-termoprese-bumbam-5-x-8cm\/#breadcrumb"},"inLanguage":"en-US","potentialAction":[{"@type":"ReadAction","target":["https:\/\/wmtbaltic.lv\/product\/secabo-tcb-smart-termoprese-bumbam-5-x-8cm\/"]}]},{"@type":"ImageObject","inLanguage":"en-US","@id":"https:\/\/wmtbaltic.lv\/product\/secabo-tcb-smart-termoprese-bumbam-5-x-8cm\/#primaryimage","url":"https:\/\/wmtbaltic.lv\/wp-content\/uploads\/2021\/04\/TCB_Football.jpg","contentUrl":"https:\/\/wmtbaltic.lv\/wp-content\/uploads\/2021\/04\/TCB_Football.jpg","width":1276,"height":1268},{"@type":"BreadcrumbList","@id":"https:\/\/wmtbaltic.lv\/product\/secabo-tcb-smart-termoprese-bumbam-5-x-8cm\/#breadcrumb","itemListElement":[{"@type":"ListItem","position":1,"name":"Home","item":"https:\/\/wmtbaltic.lv\/en\/"},{"@type":"ListItem","position":2,"name":"Shop","item":"https:\/\/wmtbaltic.lv\/shop\/"},{"@type":"ListItem","position":3,"name":"Secabo TCB SMART termoprese bumb\u0101m, 5 x 8cm"}]},{"@type":"WebSite","@id":"https:\/\/wmtbaltic.lv\/#website","url":"https:\/\/wmtbaltic.lv\/","name":"WMT Baltic","description":"Rekl\u0101mas produkti, pl\u0113ves","publisher":{"@id":"https:\/\/wmtbaltic.lv\/#organization"},"potentialAction":[{"@type":"SearchAction","target":{"@type":"EntryPoint","urlTemplate":"https:\/\/wmtbaltic.lv\/?s={search_term_string}"},"query-input":{"@type":"PropertyValueSpecification","valueRequired":true,"valueName":"search_term_string"}}],"inLanguage":"en-US"},{"@type":"Organization","@id":"https:\/\/wmtbaltic.lv\/#organization","name":"WMT Baltic","url":"https:\/\/wmtbaltic.lv\/","logo":{"@type":"ImageObject","inLanguage":"en-US","@id":"https:\/\/wmtbaltic.lv\/#\/schema\/logo\/image\/","url":"https:\/\/wmtbaltic.lv\/wp-content\/uploads\/2024\/12\/wmt-baltic-sia_107142_9_420x180.jpg","contentUrl":"https:\/\/wmtbaltic.lv\/wp-content\/uploads\/2024\/12\/wmt-baltic-sia_107142_9_420x180.jpg","width":420,"height":180,"caption":"WMT Baltic"},"image":{"@id":"https:\/\/wmtbaltic.lv\/#\/schema\/logo\/image\/"},"sameAs":["https:\/\/www.facebook.com\/WMT.Baltic.viscom\/?locale=lv_LV","https:\/\/www.instagram.com\/viscom_wmt\/"]}]}},"_links":{"self":[{"href":"https:\/\/wmtbaltic.lv\/en\/wp-json\/wp\/v2\/product\/6187","targetHints":{"allow":["GET"]}}],"collection":[{"href":"https:\/\/wmtbaltic.lv\/en\/wp-json\/wp\/v2\/product"}],"about":[{"href":"https:\/\/wmtbaltic.lv\/en\/wp-json\/wp\/v2\/types\/product"}],"wp:featuredmedia":[{"embeddable":true,"href":"https:\/\/wmtbaltic.lv\/en\/wp-json\/wp\/v2\/media\/6214"}],"wp:attachment":[{"href":"https:\/\/wmtbaltic.lv\/en\/wp-json\/wp\/v2\/media?parent=6187"}],"wp:term":[{"taxonomy":"product_brand","embeddable":true,"href":"https:\/\/wmtbaltic.lv\/en\/wp-json\/wp\/v2\/product_brand?post=6187"},{"taxonomy":"product_cat","embeddable":true,"href":"https:\/\/wmtbaltic.lv\/en\/wp-json\/wp\/v2\/product_cat?post=6187"},{"taxonomy":"product_tag","embeddable":true,"href":"https:\/\/wmtbaltic.lv\/en\/wp-json\/wp\/v2\/product_tag?post=6187"}],"curies":[{"name":"wp","href":"https:\/\/api.w.org\/{rel}","templated":true}]}}