{"id":6150,"date":"2021-04-01T09:37:43","date_gmt":"2021-04-01T09:37:43","guid":{"rendered":"https:\/\/wmtbaltic.lv\/?post_type=product&#038;p=6150"},"modified":"2022-11-24T08:45:48","modified_gmt":"2022-11-24T08:45:48","slug":"secabo-tc5-lite-automatiska-termoprese-38-x-38cm","status":"publish","type":"product","link":"https:\/\/wmtbaltic.lv\/en\/product\/secabo-tc5-lite-automatiska-termoprese-38-x-38cm\/","title":{"rendered":"Secabo TC5 LITE autom\u0101tisk\u0101 termoprese, 38 x 38cm"},"content":{"rendered":"<p>Jaunajiem Secabo LITE termopres\u0113m galven\u0101 priek\u0161roc\u012bba ir tas, ka, ja nepiecie\u0161ams, atsevi\u0161\u0137as pamatpl\u0101ksnes vai sild\u012b\u0161anas pl\u0101ksnes var p\u0113c vajadz\u012bbas nomain\u012bt. P\u0101rne\u0161anas laik\u0101 lietot\u0101jam nav j\u0101gaida blakus presei, bet vi\u0146\u0161 var veikt citas darb\u012bbas. Kad iestat\u012btais laiks ir pag\u0101jis, prese tiek autom\u0101tiski atv\u0113rta.<\/p>\n<p>Darba galda izm\u0113rs: 38cm x 38cm<br \/>\nMaks. spiediens: 250 g\/cm\u00b2<br \/>\nMaks. temperat\u016bra: 250 \u00b0C<br \/>\nElektroener\u0123ijas pat\u0113ri\u0146\u0161: AC voltage 230V \/ 50Hz &#8211; 60Hz, 1.8kW<br \/>\nSvars bez iepakojuma: 36,00 kg<br \/>\nSvars ar iepakojumu: 40,00 kg<br \/>\nZ\u012bmols: Secabo<\/p>\n<p><a href=\"http:\/\/wmtbaltic.lv\/wp-content\/uploads\/2021\/04\/17d0b7322acf6e4f2fb17c37268b0302.pdf\">Secabo Technical Data Sheet TC5 LITE termoprese, EN<\/a><\/p>\n","protected":false},"excerpt":{"rendered":"Jaunajiem Secabo LITE termopres\u0113m galven\u0101 priek\u0161roc\u012bba ir tas, ka, ja nepiecie\u0161ams, atsevi\u0161\u0137as pamatpl\u0101ksnes vai sild\u012b\u0161anas pl\u0101ksnes var p\u0113c vajadz\u012bbas nomain\u012bt. P\u0101rne\u0161anas laik\u0101 lietot\u0101jam nav j\u0101gaida blakus presei, bet vi\u0146\u0161 var veikt citas darb\u012bbas. Kad iestat\u012btais laiks ir pag\u0101jis, prese tiek autom\u0101tiski atv\u0113rta. Darba galda izm\u0113rs: 38cm x 38cm Maks. spiediens: 250 g\/cm\u00b2 Maks. temperat\u016bra: 250 [...]","protected":false},"featured_media":6170,"template":"","meta":[],"product_brand":[],"product_cat":[428],"product_tag":[491,586,662,532,529],"class_list":{"0":"post-6150","1":"product","2":"type-product","3":"status-publish","4":"has-post-thumbnail","6":"product_cat-plakanas-automatiskas-termopreses","7":"product_tag-iekarta","8":"product_tag-secabo","9":"product_tag-tc5lite","10":"product_tag-termoparnese","11":"product_tag-termoprese","13":"first","14":"instock","15":"shipping-taxable","16":"purchasable","17":"product-type-simple"},"yoast_head":"<!-- This site is optimized with the Yoast SEO plugin v27.5 - https:\/\/yoast.com\/product\/yoast-seo-wordpress\/ -->\n<title>Secabo TC5 LITE autom\u0101tisk\u0101 termoprese, 38 x 38cm<\/title>\n<meta name=\"description\" content=\"Jaunajiem Secabo LITE termopres\u0113m galven\u0101 priek\u0161roc\u012bba ir tas, ka, ja nepiecie\u0161ams, atsevi\u0161\u0137as pamatpl\u0101ksnes vai sild\u012b\u0161anas pl\u0101ksnes var p\u0113c vajadz\u012bbas nomain\u012bt. P\u0101rne\u0161anas laik\u0101 lietot\u0101jam nav j\u0101gaida blakus presei, bet vi\u0146\u0161 var veikt citas darb\u012bbas. Kad iestat\u012btais laiks ir pag\u0101jis, prese tiek autom\u0101tiski atv\u0113rta.\" \/>\n<meta name=\"robots\" content=\"index, follow, max-snippet:-1, max-image-preview:large, max-video-preview:-1\" \/>\n<link rel=\"canonical\" href=\"https:\/\/wmtbaltic.lv\/Produkts\/secabo-tc5-lite-automatiska-termoprese-38-x-38cm\/\" \/>\n<meta property=\"og:locale\" content=\"en_US\" \/>\n<meta property=\"og:type\" content=\"article\" \/>\n<meta property=\"og:title\" content=\"Secabo TC5 LITE autom\u0101tisk\u0101 termoprese, 38 x 38cm\" \/>\n<meta property=\"og:description\" content=\"Jaunajiem Secabo LITE termopres\u0113m galven\u0101 priek\u0161roc\u012bba ir tas, ka, ja nepiecie\u0161ams, atsevi\u0161\u0137as pamatpl\u0101ksnes vai sild\u012b\u0161anas pl\u0101ksnes var p\u0113c vajadz\u012bbas nomain\u012bt. P\u0101rne\u0161anas laik\u0101 lietot\u0101jam nav j\u0101gaida blakus presei, bet vi\u0146\u0161 var veikt citas darb\u012bbas. Kad iestat\u012btais laiks ir pag\u0101jis, prese tiek autom\u0101tiski atv\u0113rta.\" \/>\n<meta property=\"og:url\" content=\"https:\/\/wmtbaltic.lv\/Produkts\/secabo-tc5-lite-automatiska-termoprese-38-x-38cm\/\" \/>\n<meta property=\"og:site_name\" content=\"WMT Baltic\" \/>\n<meta property=\"article:publisher\" content=\"https:\/\/www.facebook.com\/WMT.Baltic.viscom\/?locale=lv_LV\" \/>\n<meta property=\"article:modified_time\" content=\"2022-11-24T08:45:48+00:00\" \/>\n<meta property=\"og:image\" content=\"http:\/\/wmtbaltic.lv\/wp-content\/uploads\/2021\/04\/TC5-LITE_angular_open1-1.jpg\" \/>\n\t<meta property=\"og:image:width\" content=\"2056\" \/>\n\t<meta property=\"og:image:height\" content=\"1956\" \/>\n\t<meta property=\"og:image:type\" content=\"image\/jpeg\" \/>\n<meta name=\"twitter:card\" content=\"summary_large_image\" \/>\n<meta name=\"twitter:label1\" content=\"Est. reading time\" \/>\n\t<meta name=\"twitter:data1\" content=\"1 minute\" \/>\n<script type=\"application\/ld+json\" class=\"yoast-schema-graph\">{\"@context\":\"https:\\\/\\\/schema.org\",\"@graph\":[{\"@type\":\"WebPage\",\"@id\":\"https:\\\/\\\/wmtbaltic.lv\\\/Produkts\\\/secabo-tc5-lite-automatiska-termoprese-38-x-38cm\\\/\",\"url\":\"https:\\\/\\\/wmtbaltic.lv\\\/Produkts\\\/secabo-tc5-lite-automatiska-termoprese-38-x-38cm\\\/\",\"name\":\"Secabo TC5 LITE autom\u0101tisk\u0101 termoprese, 38 x 38cm\",\"isPartOf\":{\"@id\":\"https:\\\/\\\/wmtbaltic.lv\\\/#website\"},\"primaryImageOfPage\":{\"@id\":\"https:\\\/\\\/wmtbaltic.lv\\\/Produkts\\\/secabo-tc5-lite-automatiska-termoprese-38-x-38cm\\\/#primaryimage\"},\"image\":{\"@id\":\"https:\\\/\\\/wmtbaltic.lv\\\/Produkts\\\/secabo-tc5-lite-automatiska-termoprese-38-x-38cm\\\/#primaryimage\"},\"thumbnailUrl\":\"https:\\\/\\\/wmtbaltic.lv\\\/wp-content\\\/uploads\\\/2021\\\/04\\\/TC5-LITE_angular_open1-1.jpg\",\"datePublished\":\"2021-04-01T09:37:43+00:00\",\"dateModified\":\"2022-11-24T08:45:48+00:00\",\"description\":\"Jaunajiem Secabo LITE termopres\u0113m galven\u0101 priek\u0161roc\u012bba ir tas, ka, ja nepiecie\u0161ams, atsevi\u0161\u0137as pamatpl\u0101ksnes vai sild\u012b\u0161anas pl\u0101ksnes var p\u0113c vajadz\u012bbas nomain\u012bt. P\u0101rne\u0161anas laik\u0101 lietot\u0101jam nav j\u0101gaida blakus presei, bet vi\u0146\u0161 var veikt citas darb\u012bbas. Kad iestat\u012btais laiks ir pag\u0101jis, prese tiek autom\u0101tiski atv\u0113rta.\",\"breadcrumb\":{\"@id\":\"https:\\\/\\\/wmtbaltic.lv\\\/Produkts\\\/secabo-tc5-lite-automatiska-termoprese-38-x-38cm\\\/#breadcrumb\"},\"inLanguage\":\"en-US\",\"potentialAction\":[{\"@type\":\"ReadAction\",\"target\":[\"https:\\\/\\\/wmtbaltic.lv\\\/Produkts\\\/secabo-tc5-lite-automatiska-termoprese-38-x-38cm\\\/\"]}]},{\"@type\":\"ImageObject\",\"inLanguage\":\"en-US\",\"@id\":\"https:\\\/\\\/wmtbaltic.lv\\\/Produkts\\\/secabo-tc5-lite-automatiska-termoprese-38-x-38cm\\\/#primaryimage\",\"url\":\"https:\\\/\\\/wmtbaltic.lv\\\/wp-content\\\/uploads\\\/2021\\\/04\\\/TC5-LITE_angular_open1-1.jpg\",\"contentUrl\":\"https:\\\/\\\/wmtbaltic.lv\\\/wp-content\\\/uploads\\\/2021\\\/04\\\/TC5-LITE_angular_open1-1.jpg\",\"width\":2056,\"height\":1956},{\"@type\":\"BreadcrumbList\",\"@id\":\"https:\\\/\\\/wmtbaltic.lv\\\/Produkts\\\/secabo-tc5-lite-automatiska-termoprese-38-x-38cm\\\/#breadcrumb\",\"itemListElement\":[{\"@type\":\"ListItem\",\"position\":1,\"name\":\"Home\",\"item\":\"https:\\\/\\\/wmtbaltic.lv\\\/en\\\/\"},{\"@type\":\"ListItem\",\"position\":2,\"name\":\"Shop\",\"item\":\"https:\\\/\\\/wmtbaltic.lv\\\/shop\\\/\"},{\"@type\":\"ListItem\",\"position\":3,\"name\":\"Secabo TC5 LITE autom\u0101tisk\u0101 termoprese, 38 x 38cm\"}]},{\"@type\":\"WebSite\",\"@id\":\"https:\\\/\\\/wmtbaltic.lv\\\/#website\",\"url\":\"https:\\\/\\\/wmtbaltic.lv\\\/\",\"name\":\"WMT Baltic\",\"description\":\"Rekl\u0101mas produkti, pl\u0113ves\",\"publisher\":{\"@id\":\"https:\\\/\\\/wmtbaltic.lv\\\/#organization\"},\"potentialAction\":[{\"@type\":\"SearchAction\",\"target\":{\"@type\":\"EntryPoint\",\"urlTemplate\":\"https:\\\/\\\/wmtbaltic.lv\\\/?s={search_term_string}\"},\"query-input\":{\"@type\":\"PropertyValueSpecification\",\"valueRequired\":true,\"valueName\":\"search_term_string\"}}],\"inLanguage\":\"en-US\"},{\"@type\":\"Organization\",\"@id\":\"https:\\\/\\\/wmtbaltic.lv\\\/#organization\",\"name\":\"WMT Baltic\",\"url\":\"https:\\\/\\\/wmtbaltic.lv\\\/\",\"logo\":{\"@type\":\"ImageObject\",\"inLanguage\":\"en-US\",\"@id\":\"https:\\\/\\\/wmtbaltic.lv\\\/#\\\/schema\\\/logo\\\/image\\\/\",\"url\":\"https:\\\/\\\/wmtbaltic.lv\\\/wp-content\\\/uploads\\\/2024\\\/12\\\/wmt-baltic-sia_107142_9_420x180.jpg\",\"contentUrl\":\"https:\\\/\\\/wmtbaltic.lv\\\/wp-content\\\/uploads\\\/2024\\\/12\\\/wmt-baltic-sia_107142_9_420x180.jpg\",\"width\":420,\"height\":180,\"caption\":\"WMT Baltic\"},\"image\":{\"@id\":\"https:\\\/\\\/wmtbaltic.lv\\\/#\\\/schema\\\/logo\\\/image\\\/\"},\"sameAs\":[\"https:\\\/\\\/www.facebook.com\\\/WMT.Baltic.viscom\\\/?locale=lv_LV\",\"https:\\\/\\\/www.instagram.com\\\/viscom_wmt\\\/\"]}]}<\/script>\n<!-- \/ Yoast SEO plugin. -->","yoast_head_json":{"title":"Secabo TC5 LITE autom\u0101tisk\u0101 termoprese, 38 x 38cm","description":"Jaunajiem Secabo LITE termopres\u0113m galven\u0101 priek\u0161roc\u012bba ir tas, ka, ja nepiecie\u0161ams, atsevi\u0161\u0137as pamatpl\u0101ksnes vai sild\u012b\u0161anas pl\u0101ksnes var p\u0113c vajadz\u012bbas nomain\u012bt. P\u0101rne\u0161anas laik\u0101 lietot\u0101jam nav j\u0101gaida blakus presei, bet vi\u0146\u0161 var veikt citas darb\u012bbas. Kad iestat\u012btais laiks ir pag\u0101jis, prese tiek autom\u0101tiski atv\u0113rta.","robots":{"index":"index","follow":"follow","max-snippet":"max-snippet:-1","max-image-preview":"max-image-preview:large","max-video-preview":"max-video-preview:-1"},"canonical":"https:\/\/wmtbaltic.lv\/Produkts\/secabo-tc5-lite-automatiska-termoprese-38-x-38cm\/","og_locale":"en_US","og_type":"article","og_title":"Secabo TC5 LITE autom\u0101tisk\u0101 termoprese, 38 x 38cm","og_description":"Jaunajiem Secabo LITE termopres\u0113m galven\u0101 priek\u0161roc\u012bba ir tas, ka, ja nepiecie\u0161ams, atsevi\u0161\u0137as pamatpl\u0101ksnes vai sild\u012b\u0161anas pl\u0101ksnes var p\u0113c vajadz\u012bbas nomain\u012bt. P\u0101rne\u0161anas laik\u0101 lietot\u0101jam nav j\u0101gaida blakus presei, bet vi\u0146\u0161 var veikt citas darb\u012bbas. Kad iestat\u012btais laiks ir pag\u0101jis, prese tiek autom\u0101tiski atv\u0113rta.","og_url":"https:\/\/wmtbaltic.lv\/Produkts\/secabo-tc5-lite-automatiska-termoprese-38-x-38cm\/","og_site_name":"WMT Baltic","article_publisher":"https:\/\/www.facebook.com\/WMT.Baltic.viscom\/?locale=lv_LV","article_modified_time":"2022-11-24T08:45:48+00:00","og_image":[{"width":2056,"height":1956,"url":"http:\/\/wmtbaltic.lv\/wp-content\/uploads\/2021\/04\/TC5-LITE_angular_open1-1.jpg","type":"image\/jpeg"}],"twitter_card":"summary_large_image","twitter_misc":{"Est. reading time":"1 minute"},"schema":{"@context":"https:\/\/schema.org","@graph":[{"@type":"WebPage","@id":"https:\/\/wmtbaltic.lv\/Produkts\/secabo-tc5-lite-automatiska-termoprese-38-x-38cm\/","url":"https:\/\/wmtbaltic.lv\/Produkts\/secabo-tc5-lite-automatiska-termoprese-38-x-38cm\/","name":"Secabo TC5 LITE autom\u0101tisk\u0101 termoprese, 38 x 38cm","isPartOf":{"@id":"https:\/\/wmtbaltic.lv\/#website"},"primaryImageOfPage":{"@id":"https:\/\/wmtbaltic.lv\/Produkts\/secabo-tc5-lite-automatiska-termoprese-38-x-38cm\/#primaryimage"},"image":{"@id":"https:\/\/wmtbaltic.lv\/Produkts\/secabo-tc5-lite-automatiska-termoprese-38-x-38cm\/#primaryimage"},"thumbnailUrl":"https:\/\/wmtbaltic.lv\/wp-content\/uploads\/2021\/04\/TC5-LITE_angular_open1-1.jpg","datePublished":"2021-04-01T09:37:43+00:00","dateModified":"2022-11-24T08:45:48+00:00","description":"Jaunajiem Secabo LITE termopres\u0113m galven\u0101 priek\u0161roc\u012bba ir tas, ka, ja nepiecie\u0161ams, atsevi\u0161\u0137as pamatpl\u0101ksnes vai sild\u012b\u0161anas pl\u0101ksnes var p\u0113c vajadz\u012bbas nomain\u012bt. P\u0101rne\u0161anas laik\u0101 lietot\u0101jam nav j\u0101gaida blakus presei, bet vi\u0146\u0161 var veikt citas darb\u012bbas. Kad iestat\u012btais laiks ir pag\u0101jis, prese tiek autom\u0101tiski atv\u0113rta.","breadcrumb":{"@id":"https:\/\/wmtbaltic.lv\/Produkts\/secabo-tc5-lite-automatiska-termoprese-38-x-38cm\/#breadcrumb"},"inLanguage":"en-US","potentialAction":[{"@type":"ReadAction","target":["https:\/\/wmtbaltic.lv\/Produkts\/secabo-tc5-lite-automatiska-termoprese-38-x-38cm\/"]}]},{"@type":"ImageObject","inLanguage":"en-US","@id":"https:\/\/wmtbaltic.lv\/Produkts\/secabo-tc5-lite-automatiska-termoprese-38-x-38cm\/#primaryimage","url":"https:\/\/wmtbaltic.lv\/wp-content\/uploads\/2021\/04\/TC5-LITE_angular_open1-1.jpg","contentUrl":"https:\/\/wmtbaltic.lv\/wp-content\/uploads\/2021\/04\/TC5-LITE_angular_open1-1.jpg","width":2056,"height":1956},{"@type":"BreadcrumbList","@id":"https:\/\/wmtbaltic.lv\/Produkts\/secabo-tc5-lite-automatiska-termoprese-38-x-38cm\/#breadcrumb","itemListElement":[{"@type":"ListItem","position":1,"name":"Home","item":"https:\/\/wmtbaltic.lv\/en\/"},{"@type":"ListItem","position":2,"name":"Shop","item":"https:\/\/wmtbaltic.lv\/shop\/"},{"@type":"ListItem","position":3,"name":"Secabo TC5 LITE autom\u0101tisk\u0101 termoprese, 38 x 38cm"}]},{"@type":"WebSite","@id":"https:\/\/wmtbaltic.lv\/#website","url":"https:\/\/wmtbaltic.lv\/","name":"WMT Baltic","description":"Rekl\u0101mas produkti, pl\u0113ves","publisher":{"@id":"https:\/\/wmtbaltic.lv\/#organization"},"potentialAction":[{"@type":"SearchAction","target":{"@type":"EntryPoint","urlTemplate":"https:\/\/wmtbaltic.lv\/?s={search_term_string}"},"query-input":{"@type":"PropertyValueSpecification","valueRequired":true,"valueName":"search_term_string"}}],"inLanguage":"en-US"},{"@type":"Organization","@id":"https:\/\/wmtbaltic.lv\/#organization","name":"WMT Baltic","url":"https:\/\/wmtbaltic.lv\/","logo":{"@type":"ImageObject","inLanguage":"en-US","@id":"https:\/\/wmtbaltic.lv\/#\/schema\/logo\/image\/","url":"https:\/\/wmtbaltic.lv\/wp-content\/uploads\/2024\/12\/wmt-baltic-sia_107142_9_420x180.jpg","contentUrl":"https:\/\/wmtbaltic.lv\/wp-content\/uploads\/2024\/12\/wmt-baltic-sia_107142_9_420x180.jpg","width":420,"height":180,"caption":"WMT Baltic"},"image":{"@id":"https:\/\/wmtbaltic.lv\/#\/schema\/logo\/image\/"},"sameAs":["https:\/\/www.facebook.com\/WMT.Baltic.viscom\/?locale=lv_LV","https:\/\/www.instagram.com\/viscom_wmt\/"]}]}},"_links":{"self":[{"href":"https:\/\/wmtbaltic.lv\/en\/wp-json\/wp\/v2\/product\/6150","targetHints":{"allow":["GET"]}}],"collection":[{"href":"https:\/\/wmtbaltic.lv\/en\/wp-json\/wp\/v2\/product"}],"about":[{"href":"https:\/\/wmtbaltic.lv\/en\/wp-json\/wp\/v2\/types\/product"}],"wp:featuredmedia":[{"embeddable":true,"href":"https:\/\/wmtbaltic.lv\/en\/wp-json\/wp\/v2\/media\/6170"}],"wp:attachment":[{"href":"https:\/\/wmtbaltic.lv\/en\/wp-json\/wp\/v2\/media?parent=6150"}],"wp:term":[{"taxonomy":"product_brand","embeddable":true,"href":"https:\/\/wmtbaltic.lv\/en\/wp-json\/wp\/v2\/product_brand?post=6150"},{"taxonomy":"product_cat","embeddable":true,"href":"https:\/\/wmtbaltic.lv\/en\/wp-json\/wp\/v2\/product_cat?post=6150"},{"taxonomy":"product_tag","embeddable":true,"href":"https:\/\/wmtbaltic.lv\/en\/wp-json\/wp\/v2\/product_tag?post=6150"}],"curies":[{"name":"wp","href":"https:\/\/api.w.org\/{rel}","templated":true}]}}