{"id":5806,"date":"2021-03-24T11:10:35","date_gmt":"2021-03-24T11:10:35","guid":{"rendered":"https:\/\/wmtbaltic.lv\/?post_type=product&#038;p=5806"},"modified":"2021-03-24T11:15:59","modified_gmt":"2021-03-24T11:15:59","slug":"forex-smart-balts-matets-loksnes-izmers-2050-x-3050-x-10mm","status":"publish","type":"product","link":"https:\/\/wmtbaltic.lv\/en\/product\/forex-smart-balts-matets-loksnes-izmers-2050-x-3050-x-10mm\/","title":{"rendered":"FOREX SMART, balts, mat\u0113ts Loksnes izm\u0113rs: 2050 x 3050 x 10mm"},"content":{"rendered":"<p><strong>FOREX SMART<\/strong>\u00a0ir jauns unik\u0101ls produkts.\u00a0<strong>PS lok\u0161\u0146u materi\u0101ls \u0101ra lieto\u0161anai (polistirols)<\/strong><\/p>\n<p>&nbsp;<\/p>\n<p><strong>Produkta apraksts:<\/strong><\/p>\n<p>Lok\u0161\u0146u PS materi\u0101ls (polistirols), ar putotu iek\u0161\u0113jo strukt\u016bru un abpus\u0113ji piepres\u0113tu mat\u0113tu stingru virs\u0113jo sl\u0101ni.<\/p>\n<p>Kr\u0101sa \u2013 balta, mat\u0113ta<\/p>\n<p>Biezums: 5mm, 10 mm<\/p>\n<p>Lok\u0161\u0146u izm\u0113ri: 1220 x 2440, 2030 x 3050 mm<\/p>\n<p>Iepakojum\u0101 \u2013 10 loksnes<\/p>\n<p>&nbsp;<\/p>\n<p><strong>Produkta \u012bpatn\u012bbas:<\/strong><\/p>\n<p>&#8211; \u012apa\u0161i viegls \u2013 tikai 2 kg\/kv.m (tr\u012bs reizes viegl\u0101ks par KOMATEX!);<\/p>\n<p>&#8211;\u00a0Ir piem\u0113rots iek\u0161\u0113jai un \u012bpa\u0161i \u0101ra lieto\u0161anai;<\/p>\n<p>&#8211; \u0100ra lieto\u0161anas garantija l\u012bdz 2 gadiem!;<\/p>\n<p>&#8211; Ir piem\u0113rots drukai ar solventa un UV tint\u0113m vai apl\u012bm\u0113\u0161anai;<\/p>\n<p>&#8211; Ciets, triecieniztur\u012bgs, mitrumiztur\u012bgs;<\/p>\n<p>&nbsp;<\/p>\n<p><strong>Produkta pielietojums:<\/strong><\/p>\n<p>FOREX Smart ir ide\u0101ls materi\u0101ls skatlogu un izst\u0101\u017eu stendu noform\u0113\u0161anai, POS-apr\u012bkojumu, mobilo stendu, te\u0101tra dekor\u0101ciju izgatavo\u0161anai, arhitektoniskai model\u0113\u0161anai.<\/p>\n","protected":false},"excerpt":{"rendered":"<strong>FOREX SMART<\/strong>\u00a0ir jauns unik\u0101ls produkts.\u00a0<strong>PS lok\u0161\u0146u materi\u0101ls \u0101ra lieto\u0161anai (polistirols)<\/strong>","protected":false},"featured_media":5771,"template":"","meta":[],"product_brand":[],"product_cat":[347],"product_tag":[],"class_list":{"0":"post-5806","1":"product","2":"type-product","3":"status-publish","4":"has-post-thumbnail","6":"product_cat-forex-smart","8":"first","9":"instock","10":"shipping-taxable","11":"purchasable","12":"product-type-simple"},"yoast_head":"<!-- This site is optimized with the Yoast SEO plugin v27.4 - https:\/\/yoast.com\/product\/yoast-seo-wordpress\/ -->\n<title>ps-loksnu-materials-forex-smart-wmt-baltic veikal\u0101 R\u012bga<\/title>\n<meta name=\"robots\" content=\"index, follow, max-snippet:-1, max-image-preview:large, max-video-preview:-1\" \/>\n<link rel=\"canonical\" href=\"https:\/\/wmtbaltic.lv\/Produkts\/forex-smart-balts-matets-loksnes-izmers-2050-x-3050-x-10mm\/\" \/>\n<meta property=\"og:locale\" content=\"en_US\" \/>\n<meta property=\"og:type\" content=\"article\" \/>\n<meta property=\"og:title\" content=\"ps-loksnu-materials-forex-smart-wmt-baltic veikal\u0101 R\u012bga\" \/>\n<meta property=\"og:description\" content=\"FOREX SMART\u00a0ir jauns unik\u0101ls produkts.\u00a0PS lok\u0161\u0146u materi\u0101ls \u0101ra lieto\u0161anai (polistirols)\" \/>\n<meta property=\"og:url\" content=\"https:\/\/wmtbaltic.lv\/Produkts\/forex-smart-balts-matets-loksnes-izmers-2050-x-3050-x-10mm\/\" \/>\n<meta property=\"og:site_name\" content=\"WMT Baltic\" \/>\n<meta property=\"article:publisher\" content=\"https:\/\/www.facebook.com\/WMT.Baltic.viscom\/?locale=lv_LV\" \/>\n<meta property=\"article:modified_time\" content=\"2021-03-24T11:15:59+00:00\" \/>\n<meta property=\"og:image\" content=\"https:\/\/wmtbaltic.lv\/wp-content\/uploads\/2020\/07\/01_FOREXclassic.jpg\" \/>\n\t<meta property=\"og:image:width\" content=\"887\" \/>\n\t<meta property=\"og:image:height\" content=\"600\" \/>\n\t<meta property=\"og:image:type\" content=\"image\/jpeg\" \/>\n<meta name=\"twitter:card\" content=\"summary_large_image\" \/>\n<meta name=\"twitter:label1\" content=\"Est. reading time\" \/>\n\t<meta name=\"twitter:data1\" content=\"1 minute\" \/>\n<script type=\"application\/ld+json\" class=\"yoast-schema-graph\">{\"@context\":\"https:\\\/\\\/schema.org\",\"@graph\":[{\"@type\":\"WebPage\",\"@id\":\"https:\\\/\\\/wmtbaltic.lv\\\/Produkts\\\/forex-smart-balts-matets-loksnes-izmers-2050-x-3050-x-10mm\\\/\",\"url\":\"https:\\\/\\\/wmtbaltic.lv\\\/Produkts\\\/forex-smart-balts-matets-loksnes-izmers-2050-x-3050-x-10mm\\\/\",\"name\":\"ps-loksnu-materials-forex-smart-wmt-baltic veikal\u0101 R\u012bga\",\"isPartOf\":{\"@id\":\"https:\\\/\\\/wmtbaltic.lv\\\/#website\"},\"primaryImageOfPage\":{\"@id\":\"https:\\\/\\\/wmtbaltic.lv\\\/Produkts\\\/forex-smart-balts-matets-loksnes-izmers-2050-x-3050-x-10mm\\\/#primaryimage\"},\"image\":{\"@id\":\"https:\\\/\\\/wmtbaltic.lv\\\/Produkts\\\/forex-smart-balts-matets-loksnes-izmers-2050-x-3050-x-10mm\\\/#primaryimage\"},\"thumbnailUrl\":\"https:\\\/\\\/wmtbaltic.lv\\\/wp-content\\\/uploads\\\/2020\\\/07\\\/01_FOREXclassic.jpg\",\"datePublished\":\"2021-03-24T11:10:35+00:00\",\"dateModified\":\"2021-03-24T11:15:59+00:00\",\"breadcrumb\":{\"@id\":\"https:\\\/\\\/wmtbaltic.lv\\\/Produkts\\\/forex-smart-balts-matets-loksnes-izmers-2050-x-3050-x-10mm\\\/#breadcrumb\"},\"inLanguage\":\"en-US\",\"potentialAction\":[{\"@type\":\"ReadAction\",\"target\":[\"https:\\\/\\\/wmtbaltic.lv\\\/Produkts\\\/forex-smart-balts-matets-loksnes-izmers-2050-x-3050-x-10mm\\\/\"]}]},{\"@type\":\"ImageObject\",\"inLanguage\":\"en-US\",\"@id\":\"https:\\\/\\\/wmtbaltic.lv\\\/Produkts\\\/forex-smart-balts-matets-loksnes-izmers-2050-x-3050-x-10mm\\\/#primaryimage\",\"url\":\"https:\\\/\\\/wmtbaltic.lv\\\/wp-content\\\/uploads\\\/2020\\\/07\\\/01_FOREXclassic.jpg\",\"contentUrl\":\"https:\\\/\\\/wmtbaltic.lv\\\/wp-content\\\/uploads\\\/2020\\\/07\\\/01_FOREXclassic.jpg\",\"width\":887,\"height\":600},{\"@type\":\"BreadcrumbList\",\"@id\":\"https:\\\/\\\/wmtbaltic.lv\\\/Produkts\\\/forex-smart-balts-matets-loksnes-izmers-2050-x-3050-x-10mm\\\/#breadcrumb\",\"itemListElement\":[{\"@type\":\"ListItem\",\"position\":1,\"name\":\"Home\",\"item\":\"https:\\\/\\\/wmtbaltic.lv\\\/en\\\/\"},{\"@type\":\"ListItem\",\"position\":2,\"name\":\"Shop\",\"item\":\"https:\\\/\\\/wmtbaltic.lv\\\/shop\\\/\"},{\"@type\":\"ListItem\",\"position\":3,\"name\":\"FOREX SMART, balts, mat\u0113ts Loksnes izm\u0113rs: 2050 x 3050 x 10mm\"}]},{\"@type\":\"WebSite\",\"@id\":\"https:\\\/\\\/wmtbaltic.lv\\\/#website\",\"url\":\"https:\\\/\\\/wmtbaltic.lv\\\/\",\"name\":\"WMT Baltic\",\"description\":\"Rekl\u0101mas produkti, pl\u0113ves\",\"publisher\":{\"@id\":\"https:\\\/\\\/wmtbaltic.lv\\\/#organization\"},\"potentialAction\":[{\"@type\":\"SearchAction\",\"target\":{\"@type\":\"EntryPoint\",\"urlTemplate\":\"https:\\\/\\\/wmtbaltic.lv\\\/?s={search_term_string}\"},\"query-input\":{\"@type\":\"PropertyValueSpecification\",\"valueRequired\":true,\"valueName\":\"search_term_string\"}}],\"inLanguage\":\"en-US\"},{\"@type\":\"Organization\",\"@id\":\"https:\\\/\\\/wmtbaltic.lv\\\/#organization\",\"name\":\"WMT Baltic\",\"url\":\"https:\\\/\\\/wmtbaltic.lv\\\/\",\"logo\":{\"@type\":\"ImageObject\",\"inLanguage\":\"en-US\",\"@id\":\"https:\\\/\\\/wmtbaltic.lv\\\/#\\\/schema\\\/logo\\\/image\\\/\",\"url\":\"https:\\\/\\\/wmtbaltic.lv\\\/wp-content\\\/uploads\\\/2024\\\/12\\\/wmt-baltic-sia_107142_9_420x180.jpg\",\"contentUrl\":\"https:\\\/\\\/wmtbaltic.lv\\\/wp-content\\\/uploads\\\/2024\\\/12\\\/wmt-baltic-sia_107142_9_420x180.jpg\",\"width\":420,\"height\":180,\"caption\":\"WMT Baltic\"},\"image\":{\"@id\":\"https:\\\/\\\/wmtbaltic.lv\\\/#\\\/schema\\\/logo\\\/image\\\/\"},\"sameAs\":[\"https:\\\/\\\/www.facebook.com\\\/WMT.Baltic.viscom\\\/?locale=lv_LV\",\"https:\\\/\\\/www.instagram.com\\\/viscom_wmt\\\/\"]}]}<\/script>\n<!-- \/ Yoast SEO plugin. -->","yoast_head_json":{"title":"ps-loksnu-materials-forex-smart-wmt-baltic veikal\u0101 R\u012bga","robots":{"index":"index","follow":"follow","max-snippet":"max-snippet:-1","max-image-preview":"max-image-preview:large","max-video-preview":"max-video-preview:-1"},"canonical":"https:\/\/wmtbaltic.lv\/Produkts\/forex-smart-balts-matets-loksnes-izmers-2050-x-3050-x-10mm\/","og_locale":"en_US","og_type":"article","og_title":"ps-loksnu-materials-forex-smart-wmt-baltic veikal\u0101 R\u012bga","og_description":"FOREX SMART\u00a0ir jauns unik\u0101ls produkts.\u00a0PS lok\u0161\u0146u materi\u0101ls \u0101ra lieto\u0161anai (polistirols)","og_url":"https:\/\/wmtbaltic.lv\/Produkts\/forex-smart-balts-matets-loksnes-izmers-2050-x-3050-x-10mm\/","og_site_name":"WMT Baltic","article_publisher":"https:\/\/www.facebook.com\/WMT.Baltic.viscom\/?locale=lv_LV","article_modified_time":"2021-03-24T11:15:59+00:00","og_image":[{"width":887,"height":600,"url":"https:\/\/wmtbaltic.lv\/wp-content\/uploads\/2020\/07\/01_FOREXclassic.jpg","type":"image\/jpeg"}],"twitter_card":"summary_large_image","twitter_misc":{"Est. reading time":"1 minute"},"schema":{"@context":"https:\/\/schema.org","@graph":[{"@type":"WebPage","@id":"https:\/\/wmtbaltic.lv\/Produkts\/forex-smart-balts-matets-loksnes-izmers-2050-x-3050-x-10mm\/","url":"https:\/\/wmtbaltic.lv\/Produkts\/forex-smart-balts-matets-loksnes-izmers-2050-x-3050-x-10mm\/","name":"ps-loksnu-materials-forex-smart-wmt-baltic veikal\u0101 R\u012bga","isPartOf":{"@id":"https:\/\/wmtbaltic.lv\/#website"},"primaryImageOfPage":{"@id":"https:\/\/wmtbaltic.lv\/Produkts\/forex-smart-balts-matets-loksnes-izmers-2050-x-3050-x-10mm\/#primaryimage"},"image":{"@id":"https:\/\/wmtbaltic.lv\/Produkts\/forex-smart-balts-matets-loksnes-izmers-2050-x-3050-x-10mm\/#primaryimage"},"thumbnailUrl":"https:\/\/wmtbaltic.lv\/wp-content\/uploads\/2020\/07\/01_FOREXclassic.jpg","datePublished":"2021-03-24T11:10:35+00:00","dateModified":"2021-03-24T11:15:59+00:00","breadcrumb":{"@id":"https:\/\/wmtbaltic.lv\/Produkts\/forex-smart-balts-matets-loksnes-izmers-2050-x-3050-x-10mm\/#breadcrumb"},"inLanguage":"en-US","potentialAction":[{"@type":"ReadAction","target":["https:\/\/wmtbaltic.lv\/Produkts\/forex-smart-balts-matets-loksnes-izmers-2050-x-3050-x-10mm\/"]}]},{"@type":"ImageObject","inLanguage":"en-US","@id":"https:\/\/wmtbaltic.lv\/Produkts\/forex-smart-balts-matets-loksnes-izmers-2050-x-3050-x-10mm\/#primaryimage","url":"https:\/\/wmtbaltic.lv\/wp-content\/uploads\/2020\/07\/01_FOREXclassic.jpg","contentUrl":"https:\/\/wmtbaltic.lv\/wp-content\/uploads\/2020\/07\/01_FOREXclassic.jpg","width":887,"height":600},{"@type":"BreadcrumbList","@id":"https:\/\/wmtbaltic.lv\/Produkts\/forex-smart-balts-matets-loksnes-izmers-2050-x-3050-x-10mm\/#breadcrumb","itemListElement":[{"@type":"ListItem","position":1,"name":"Home","item":"https:\/\/wmtbaltic.lv\/en\/"},{"@type":"ListItem","position":2,"name":"Shop","item":"https:\/\/wmtbaltic.lv\/shop\/"},{"@type":"ListItem","position":3,"name":"FOREX SMART, balts, mat\u0113ts Loksnes izm\u0113rs: 2050 x 3050 x 10mm"}]},{"@type":"WebSite","@id":"https:\/\/wmtbaltic.lv\/#website","url":"https:\/\/wmtbaltic.lv\/","name":"WMT Baltic","description":"Rekl\u0101mas produkti, pl\u0113ves","publisher":{"@id":"https:\/\/wmtbaltic.lv\/#organization"},"potentialAction":[{"@type":"SearchAction","target":{"@type":"EntryPoint","urlTemplate":"https:\/\/wmtbaltic.lv\/?s={search_term_string}"},"query-input":{"@type":"PropertyValueSpecification","valueRequired":true,"valueName":"search_term_string"}}],"inLanguage":"en-US"},{"@type":"Organization","@id":"https:\/\/wmtbaltic.lv\/#organization","name":"WMT Baltic","url":"https:\/\/wmtbaltic.lv\/","logo":{"@type":"ImageObject","inLanguage":"en-US","@id":"https:\/\/wmtbaltic.lv\/#\/schema\/logo\/image\/","url":"https:\/\/wmtbaltic.lv\/wp-content\/uploads\/2024\/12\/wmt-baltic-sia_107142_9_420x180.jpg","contentUrl":"https:\/\/wmtbaltic.lv\/wp-content\/uploads\/2024\/12\/wmt-baltic-sia_107142_9_420x180.jpg","width":420,"height":180,"caption":"WMT Baltic"},"image":{"@id":"https:\/\/wmtbaltic.lv\/#\/schema\/logo\/image\/"},"sameAs":["https:\/\/www.facebook.com\/WMT.Baltic.viscom\/?locale=lv_LV","https:\/\/www.instagram.com\/viscom_wmt\/"]}]}},"_links":{"self":[{"href":"https:\/\/wmtbaltic.lv\/en\/wp-json\/wp\/v2\/product\/5806","targetHints":{"allow":["GET"]}}],"collection":[{"href":"https:\/\/wmtbaltic.lv\/en\/wp-json\/wp\/v2\/product"}],"about":[{"href":"https:\/\/wmtbaltic.lv\/en\/wp-json\/wp\/v2\/types\/product"}],"wp:featuredmedia":[{"embeddable":true,"href":"https:\/\/wmtbaltic.lv\/en\/wp-json\/wp\/v2\/media\/5771"}],"wp:attachment":[{"href":"https:\/\/wmtbaltic.lv\/en\/wp-json\/wp\/v2\/media?parent=5806"}],"wp:term":[{"taxonomy":"product_brand","embeddable":true,"href":"https:\/\/wmtbaltic.lv\/en\/wp-json\/wp\/v2\/product_brand?post=5806"},{"taxonomy":"product_cat","embeddable":true,"href":"https:\/\/wmtbaltic.lv\/en\/wp-json\/wp\/v2\/product_cat?post=5806"},{"taxonomy":"product_tag","embeddable":true,"href":"https:\/\/wmtbaltic.lv\/en\/wp-json\/wp\/v2\/product_tag?post=5806"}],"curies":[{"name":"wp","href":"https:\/\/api.w.org\/{rel}","templated":true}]}}