{"id":5606,"date":"2021-03-23T08:32:58","date_gmt":"2021-03-23T08:32:58","guid":{"rendered":"https:\/\/wmtbaltic.lv\/?post_type=product&#038;p=5606"},"modified":"2022-11-24T08:55:53","modified_gmt":"2022-11-24T08:55:53","slug":"secabo-tc5-smart-automatiska-termoprese-38-x-38cm-ar-bluetooth","status":"publish","type":"product","link":"https:\/\/wmtbaltic.lv\/en\/product\/secabo-tc5-smart-automatiska-termoprese-38-x-38cm-ar-bluetooth\/","title":{"rendered":"Secabo TC5 SMART autom\u0101tiska termoprese 38 x 38cm ar Bluetooth"},"content":{"rendered":"<p>\u0160\u012b inovat\u012bva autom\u0101tiska termoprese TC5 SMART ir jaunums termop\u0101rneses tirg\u016b! Termoprese apr\u012bkota ar Bluetooth tehnolo\u0123iju, kas \u013cauj kontrol\u0113t termopresi ar telefona bezmaksas aplik\u0101ciju \u201cSecabo Smart Transfer\u201d. Aplik\u0101cija \u013cauj lietot\u0101jiem vienk\u0101r\u0161i ievad\u012bt auduma veidu un p\u0101rneses materi\u0101lu, nekav\u0113joties ieg\u016bt atbilsto\u0161\u0101s temperat\u016bras, laika un spiediena kombin\u0101cijas. Papildus funkcijas, piem\u0113ram, uzsild\u012b\u0161anas laika apr\u0113\u0137in\u0101\u0161ana un br\u012bdin\u0101\u0161anas funkcijas. TC5 SMART termopreses darba virsma ir 38 x 38cm, \u0113rti lietojama un iztur\u012bga.<\/p>\n<p>Darba galda izm\u0113rs: 38cm x 38cm<br \/>\nMaks. spiediens: 250 g\/cm\u00b2<br \/>\nMaks. temperat\u016bra: 225 \u00b0C<br \/>\nElektroener\u0123ijas pat\u0113ri\u0146\u0161: AC voltage 230V \/ 50Hz &#8211; 60Hz, 1.8kW<br \/>\nSvars bez iepakojuma: 37,00 kg<br \/>\nSvars ar iepakojumu: 40,00 kg<br \/>\nZ\u012bmols: Secabo<\/p>\n<p><a href=\"http:\/\/wmtbaltic.lv\/wp-content\/uploads\/2021\/03\/Manual.pdf\">Manual Secabo TC5 SMART Automatic heat press, EN<\/a><\/p>\n<p><a href=\"http:\/\/wmtbaltic.lv\/wp-content\/uploads\/2021\/03\/TDS.pdf\">Technical Data Sheet, Secabo TC5 SMART auto heat press<\/a><\/p>\n<iframe loading=\"lazy\"  id=\"_ytid_98388\"  width=\"780\" height=\"439\"  data-origwidth=\"780\" data-origheight=\"439\" src=\"https:\/\/www.youtube.com\/embed\/7V_MObaiJFg?enablejsapi=1&autoplay=0&cc_load_policy=0&cc_lang_pref=&iv_load_policy=1&loop=0&rel=1&fs=1&playsinline=0&autohide=2&theme=dark&color=red&controls=1&disablekb=0&\" class=\"__youtube_prefs__  no-lazyload\" title=\"YouTube player\"  allow=\"fullscreen; accelerometer; autoplay; clipboard-write; encrypted-media; gyroscope; picture-in-picture; web-share\" referrerpolicy=\"strict-origin-when-cross-origin\" allowfullscreen data-no-lazy=\"1\" data-skipgform_ajax_framebjll=\"\"><\/iframe>\n","protected":false},"excerpt":{"rendered":"\u0160\u012b inovat\u012bva autom\u0101tiska termoprese TC5 SMART ir jaunums termop\u0101rneses tirg\u016b! Termoprese apr\u012bkota ar Bluetooth tehnolo\u0123iju, kas \u013cauj kontrol\u0113t termopresi ar telefona bezmaksas aplik\u0101ciju \u201cSecabo Smart Transfer\u201d. Aplik\u0101cija \u013cauj lietot\u0101jiem vienk\u0101r\u0161i ievad\u012bt auduma veidu un p\u0101rneses materi\u0101lu, nekav\u0113joties ieg\u016bt atbilsto\u0161\u0101s temperat\u016bras, laika un spiediena kombin\u0101cijas. Papildus funkcijas, piem\u0113ram, uzsild\u012b\u0161anas laika apr\u0113\u0137in\u0101\u0161ana un br\u012bdin\u0101\u0161anas funkcijas. TC5 SMART [...]","protected":false},"featured_media":5614,"template":"","meta":[],"product_brand":[],"product_cat":[428],"product_tag":[533,591,586,590,532,529],"class_list":{"0":"post-5606","1":"product","2":"type-product","3":"status-publish","4":"has-post-thumbnail","6":"product_cat-plakanas-automatiskas-termopreses","7":"product_tag-automatiska","8":"product_tag-heat-transfer","9":"product_tag-secabo","10":"product_tag-tc5","11":"product_tag-termoparnese","12":"product_tag-termoprese","14":"first","15":"instock","16":"shipping-taxable","17":"purchasable","18":"product-type-simple"},"yoast_head":"<!-- This site is optimized with the Yoast SEO plugin v27.5 - https:\/\/yoast.com\/product\/yoast-seo-wordpress\/ -->\n<title>Secabo TC5 SMART autom\u0101tiska termoprese 38 x 38cm ar Bluetooth<\/title>\n<meta name=\"description\" content=\"\u0160\u012b inovat\u012bva autom\u0101tiska termoprese TC5 SMART ir jaunums termop\u0101rneses tirg\u016b! Termoprese apr\u012bkota ar Bluetooth tehnolo\u0123iju, kas \u013cauj kontrol\u0113t termopresi ar telefona bezmaksas aplik\u0101ciju \u201cSecabo Smart Transfer\u201d. Aplik\u0101cija \u013cauj lietot\u0101jiem vienk\u0101r\u0161i ievad\u012bt auduma veidu un p\u0101rneses materi\u0101lu, nekav\u0113joties ieg\u016bt atbilsto\u0161\u0101s temperat\u016bras, laika un spiediena kombin\u0101cijas. Papildus funkcijas, piem\u0113ram, uzsild\u012b\u0161anas laika apr\u0113\u0137in\u0101\u0161ana un br\u012bdin\u0101\u0161anas funkcijas. TC5 SMART termopreses darba virsma ir 38 x 38cm, \u0113rti lietojama un iztur\u012bga.\" \/>\n<meta name=\"robots\" content=\"index, follow, max-snippet:-1, max-image-preview:large, max-video-preview:-1\" \/>\n<link rel=\"canonical\" href=\"https:\/\/wmtbaltic.lv\/Produkts\/secabo-tc5-smart-automatiska-termoprese-38-x-38cm-ar-bluetooth\/\" \/>\n<meta property=\"og:locale\" content=\"en_US\" \/>\n<meta property=\"og:type\" content=\"article\" \/>\n<meta property=\"og:title\" content=\"Secabo TC5 SMART autom\u0101tiska termoprese 38 x 38cm ar Bluetooth\" \/>\n<meta property=\"og:description\" content=\"\u0160\u012b inovat\u012bva autom\u0101tiska termoprese TC5 SMART ir jaunums termop\u0101rneses tirg\u016b! Termoprese apr\u012bkota ar Bluetooth tehnolo\u0123iju, kas \u013cauj kontrol\u0113t termopresi ar telefona bezmaksas aplik\u0101ciju \u201cSecabo Smart Transfer\u201d. Aplik\u0101cija \u013cauj lietot\u0101jiem vienk\u0101r\u0161i ievad\u012bt auduma veidu un p\u0101rneses materi\u0101lu, nekav\u0113joties ieg\u016bt atbilsto\u0161\u0101s temperat\u016bras, laika un spiediena kombin\u0101cijas. Papildus funkcijas, piem\u0113ram, uzsild\u012b\u0161anas laika apr\u0113\u0137in\u0101\u0161ana un br\u012bdin\u0101\u0161anas funkcijas. TC5 SMART termopreses darba virsma ir 38 x 38cm, \u0113rti lietojama un iztur\u012bga.\" \/>\n<meta property=\"og:url\" content=\"https:\/\/wmtbaltic.lv\/Produkts\/secabo-tc5-smart-automatiska-termoprese-38-x-38cm-ar-bluetooth\/\" \/>\n<meta property=\"og:site_name\" content=\"WMT Baltic\" \/>\n<meta property=\"article:publisher\" content=\"https:\/\/www.facebook.com\/WMT.Baltic.viscom\/?locale=lv_LV\" \/>\n<meta property=\"article:modified_time\" content=\"2022-11-24T08:55:53+00:00\" \/>\n<meta property=\"og:image\" content=\"http:\/\/wmtbaltic.lv\/wp-content\/uploads\/2021\/03\/TC5-SMART-open.png\" \/>\n\t<meta property=\"og:image:width\" content=\"2028\" \/>\n\t<meta property=\"og:image:height\" content=\"2252\" \/>\n\t<meta property=\"og:image:type\" content=\"image\/png\" \/>\n<meta name=\"twitter:card\" content=\"summary_large_image\" \/>\n<meta name=\"twitter:label1\" content=\"Est. reading time\" \/>\n\t<meta name=\"twitter:data1\" content=\"1 minute\" \/>\n<script type=\"application\/ld+json\" class=\"yoast-schema-graph\">{\"@context\":\"https:\\\/\\\/schema.org\",\"@graph\":[{\"@type\":\"WebPage\",\"@id\":\"https:\\\/\\\/wmtbaltic.lv\\\/Produkts\\\/secabo-tc5-smart-automatiska-termoprese-38-x-38cm-ar-bluetooth\\\/\",\"url\":\"https:\\\/\\\/wmtbaltic.lv\\\/Produkts\\\/secabo-tc5-smart-automatiska-termoprese-38-x-38cm-ar-bluetooth\\\/\",\"name\":\"Secabo TC5 SMART autom\u0101tiska termoprese 38 x 38cm ar Bluetooth\",\"isPartOf\":{\"@id\":\"https:\\\/\\\/wmtbaltic.lv\\\/#website\"},\"primaryImageOfPage\":{\"@id\":\"https:\\\/\\\/wmtbaltic.lv\\\/Produkts\\\/secabo-tc5-smart-automatiska-termoprese-38-x-38cm-ar-bluetooth\\\/#primaryimage\"},\"image\":{\"@id\":\"https:\\\/\\\/wmtbaltic.lv\\\/Produkts\\\/secabo-tc5-smart-automatiska-termoprese-38-x-38cm-ar-bluetooth\\\/#primaryimage\"},\"thumbnailUrl\":\"https:\\\/\\\/wmtbaltic.lv\\\/wp-content\\\/uploads\\\/2021\\\/03\\\/TC5-SMART-open.png\",\"datePublished\":\"2021-03-23T08:32:58+00:00\",\"dateModified\":\"2022-11-24T08:55:53+00:00\",\"description\":\"\u0160\u012b inovat\u012bva autom\u0101tiska termoprese TC5 SMART ir jaunums termop\u0101rneses tirg\u016b! Termoprese apr\u012bkota ar Bluetooth tehnolo\u0123iju, kas \u013cauj kontrol\u0113t termopresi ar telefona bezmaksas aplik\u0101ciju \u201cSecabo Smart Transfer\u201d. Aplik\u0101cija \u013cauj lietot\u0101jiem vienk\u0101r\u0161i ievad\u012bt auduma veidu un p\u0101rneses materi\u0101lu, nekav\u0113joties ieg\u016bt atbilsto\u0161\u0101s temperat\u016bras, laika un spiediena kombin\u0101cijas. Papildus funkcijas, piem\u0113ram, uzsild\u012b\u0161anas laika apr\u0113\u0137in\u0101\u0161ana un br\u012bdin\u0101\u0161anas funkcijas. TC5 SMART termopreses darba virsma ir 38 x 38cm, \u0113rti lietojama un iztur\u012bga.\",\"breadcrumb\":{\"@id\":\"https:\\\/\\\/wmtbaltic.lv\\\/Produkts\\\/secabo-tc5-smart-automatiska-termoprese-38-x-38cm-ar-bluetooth\\\/#breadcrumb\"},\"inLanguage\":\"en-US\",\"potentialAction\":[{\"@type\":\"ReadAction\",\"target\":[\"https:\\\/\\\/wmtbaltic.lv\\\/Produkts\\\/secabo-tc5-smart-automatiska-termoprese-38-x-38cm-ar-bluetooth\\\/\"]}]},{\"@type\":\"ImageObject\",\"inLanguage\":\"en-US\",\"@id\":\"https:\\\/\\\/wmtbaltic.lv\\\/Produkts\\\/secabo-tc5-smart-automatiska-termoprese-38-x-38cm-ar-bluetooth\\\/#primaryimage\",\"url\":\"https:\\\/\\\/wmtbaltic.lv\\\/wp-content\\\/uploads\\\/2021\\\/03\\\/TC5-SMART-open.png\",\"contentUrl\":\"https:\\\/\\\/wmtbaltic.lv\\\/wp-content\\\/uploads\\\/2021\\\/03\\\/TC5-SMART-open.png\",\"width\":2028,\"height\":2252},{\"@type\":\"BreadcrumbList\",\"@id\":\"https:\\\/\\\/wmtbaltic.lv\\\/Produkts\\\/secabo-tc5-smart-automatiska-termoprese-38-x-38cm-ar-bluetooth\\\/#breadcrumb\",\"itemListElement\":[{\"@type\":\"ListItem\",\"position\":1,\"name\":\"Home\",\"item\":\"https:\\\/\\\/wmtbaltic.lv\\\/en\\\/\"},{\"@type\":\"ListItem\",\"position\":2,\"name\":\"Shop\",\"item\":\"https:\\\/\\\/wmtbaltic.lv\\\/shop\\\/\"},{\"@type\":\"ListItem\",\"position\":3,\"name\":\"Secabo TC5 SMART autom\u0101tiska termoprese 38 x 38cm ar Bluetooth\"}]},{\"@type\":\"WebSite\",\"@id\":\"https:\\\/\\\/wmtbaltic.lv\\\/#website\",\"url\":\"https:\\\/\\\/wmtbaltic.lv\\\/\",\"name\":\"WMT Baltic\",\"description\":\"Rekl\u0101mas produkti, pl\u0113ves\",\"publisher\":{\"@id\":\"https:\\\/\\\/wmtbaltic.lv\\\/#organization\"},\"potentialAction\":[{\"@type\":\"SearchAction\",\"target\":{\"@type\":\"EntryPoint\",\"urlTemplate\":\"https:\\\/\\\/wmtbaltic.lv\\\/?s={search_term_string}\"},\"query-input\":{\"@type\":\"PropertyValueSpecification\",\"valueRequired\":true,\"valueName\":\"search_term_string\"}}],\"inLanguage\":\"en-US\"},{\"@type\":\"Organization\",\"@id\":\"https:\\\/\\\/wmtbaltic.lv\\\/#organization\",\"name\":\"WMT Baltic\",\"url\":\"https:\\\/\\\/wmtbaltic.lv\\\/\",\"logo\":{\"@type\":\"ImageObject\",\"inLanguage\":\"en-US\",\"@id\":\"https:\\\/\\\/wmtbaltic.lv\\\/#\\\/schema\\\/logo\\\/image\\\/\",\"url\":\"https:\\\/\\\/wmtbaltic.lv\\\/wp-content\\\/uploads\\\/2024\\\/12\\\/wmt-baltic-sia_107142_9_420x180.jpg\",\"contentUrl\":\"https:\\\/\\\/wmtbaltic.lv\\\/wp-content\\\/uploads\\\/2024\\\/12\\\/wmt-baltic-sia_107142_9_420x180.jpg\",\"width\":420,\"height\":180,\"caption\":\"WMT Baltic\"},\"image\":{\"@id\":\"https:\\\/\\\/wmtbaltic.lv\\\/#\\\/schema\\\/logo\\\/image\\\/\"},\"sameAs\":[\"https:\\\/\\\/www.facebook.com\\\/WMT.Baltic.viscom\\\/?locale=lv_LV\",\"https:\\\/\\\/www.instagram.com\\\/viscom_wmt\\\/\"]}]}<\/script>\n<!-- \/ Yoast SEO plugin. -->","yoast_head_json":{"title":"Secabo TC5 SMART autom\u0101tiska termoprese 38 x 38cm ar Bluetooth","description":"\u0160\u012b inovat\u012bva autom\u0101tiska termoprese TC5 SMART ir jaunums termop\u0101rneses tirg\u016b! Termoprese apr\u012bkota ar Bluetooth tehnolo\u0123iju, kas \u013cauj kontrol\u0113t termopresi ar telefona bezmaksas aplik\u0101ciju \u201cSecabo Smart Transfer\u201d. Aplik\u0101cija \u013cauj lietot\u0101jiem vienk\u0101r\u0161i ievad\u012bt auduma veidu un p\u0101rneses materi\u0101lu, nekav\u0113joties ieg\u016bt atbilsto\u0161\u0101s temperat\u016bras, laika un spiediena kombin\u0101cijas. Papildus funkcijas, piem\u0113ram, uzsild\u012b\u0161anas laika apr\u0113\u0137in\u0101\u0161ana un br\u012bdin\u0101\u0161anas funkcijas. TC5 SMART termopreses darba virsma ir 38 x 38cm, \u0113rti lietojama un iztur\u012bga.","robots":{"index":"index","follow":"follow","max-snippet":"max-snippet:-1","max-image-preview":"max-image-preview:large","max-video-preview":"max-video-preview:-1"},"canonical":"https:\/\/wmtbaltic.lv\/Produkts\/secabo-tc5-smart-automatiska-termoprese-38-x-38cm-ar-bluetooth\/","og_locale":"en_US","og_type":"article","og_title":"Secabo TC5 SMART autom\u0101tiska termoprese 38 x 38cm ar Bluetooth","og_description":"\u0160\u012b inovat\u012bva autom\u0101tiska termoprese TC5 SMART ir jaunums termop\u0101rneses tirg\u016b! Termoprese apr\u012bkota ar Bluetooth tehnolo\u0123iju, kas \u013cauj kontrol\u0113t termopresi ar telefona bezmaksas aplik\u0101ciju \u201cSecabo Smart Transfer\u201d. Aplik\u0101cija \u013cauj lietot\u0101jiem vienk\u0101r\u0161i ievad\u012bt auduma veidu un p\u0101rneses materi\u0101lu, nekav\u0113joties ieg\u016bt atbilsto\u0161\u0101s temperat\u016bras, laika un spiediena kombin\u0101cijas. Papildus funkcijas, piem\u0113ram, uzsild\u012b\u0161anas laika apr\u0113\u0137in\u0101\u0161ana un br\u012bdin\u0101\u0161anas funkcijas. TC5 SMART termopreses darba virsma ir 38 x 38cm, \u0113rti lietojama un iztur\u012bga.","og_url":"https:\/\/wmtbaltic.lv\/Produkts\/secabo-tc5-smart-automatiska-termoprese-38-x-38cm-ar-bluetooth\/","og_site_name":"WMT Baltic","article_publisher":"https:\/\/www.facebook.com\/WMT.Baltic.viscom\/?locale=lv_LV","article_modified_time":"2022-11-24T08:55:53+00:00","og_image":[{"width":2028,"height":2252,"url":"http:\/\/wmtbaltic.lv\/wp-content\/uploads\/2021\/03\/TC5-SMART-open.png","type":"image\/png"}],"twitter_card":"summary_large_image","twitter_misc":{"Est. reading time":"1 minute"},"schema":{"@context":"https:\/\/schema.org","@graph":[{"@type":"WebPage","@id":"https:\/\/wmtbaltic.lv\/Produkts\/secabo-tc5-smart-automatiska-termoprese-38-x-38cm-ar-bluetooth\/","url":"https:\/\/wmtbaltic.lv\/Produkts\/secabo-tc5-smart-automatiska-termoprese-38-x-38cm-ar-bluetooth\/","name":"Secabo TC5 SMART autom\u0101tiska termoprese 38 x 38cm ar Bluetooth","isPartOf":{"@id":"https:\/\/wmtbaltic.lv\/#website"},"primaryImageOfPage":{"@id":"https:\/\/wmtbaltic.lv\/Produkts\/secabo-tc5-smart-automatiska-termoprese-38-x-38cm-ar-bluetooth\/#primaryimage"},"image":{"@id":"https:\/\/wmtbaltic.lv\/Produkts\/secabo-tc5-smart-automatiska-termoprese-38-x-38cm-ar-bluetooth\/#primaryimage"},"thumbnailUrl":"https:\/\/wmtbaltic.lv\/wp-content\/uploads\/2021\/03\/TC5-SMART-open.png","datePublished":"2021-03-23T08:32:58+00:00","dateModified":"2022-11-24T08:55:53+00:00","description":"\u0160\u012b inovat\u012bva autom\u0101tiska termoprese TC5 SMART ir jaunums termop\u0101rneses tirg\u016b! Termoprese apr\u012bkota ar Bluetooth tehnolo\u0123iju, kas \u013cauj kontrol\u0113t termopresi ar telefona bezmaksas aplik\u0101ciju \u201cSecabo Smart Transfer\u201d. Aplik\u0101cija \u013cauj lietot\u0101jiem vienk\u0101r\u0161i ievad\u012bt auduma veidu un p\u0101rneses materi\u0101lu, nekav\u0113joties ieg\u016bt atbilsto\u0161\u0101s temperat\u016bras, laika un spiediena kombin\u0101cijas. Papildus funkcijas, piem\u0113ram, uzsild\u012b\u0161anas laika apr\u0113\u0137in\u0101\u0161ana un br\u012bdin\u0101\u0161anas funkcijas. TC5 SMART termopreses darba virsma ir 38 x 38cm, \u0113rti lietojama un iztur\u012bga.","breadcrumb":{"@id":"https:\/\/wmtbaltic.lv\/Produkts\/secabo-tc5-smart-automatiska-termoprese-38-x-38cm-ar-bluetooth\/#breadcrumb"},"inLanguage":"en-US","potentialAction":[{"@type":"ReadAction","target":["https:\/\/wmtbaltic.lv\/Produkts\/secabo-tc5-smart-automatiska-termoprese-38-x-38cm-ar-bluetooth\/"]}]},{"@type":"ImageObject","inLanguage":"en-US","@id":"https:\/\/wmtbaltic.lv\/Produkts\/secabo-tc5-smart-automatiska-termoprese-38-x-38cm-ar-bluetooth\/#primaryimage","url":"https:\/\/wmtbaltic.lv\/wp-content\/uploads\/2021\/03\/TC5-SMART-open.png","contentUrl":"https:\/\/wmtbaltic.lv\/wp-content\/uploads\/2021\/03\/TC5-SMART-open.png","width":2028,"height":2252},{"@type":"BreadcrumbList","@id":"https:\/\/wmtbaltic.lv\/Produkts\/secabo-tc5-smart-automatiska-termoprese-38-x-38cm-ar-bluetooth\/#breadcrumb","itemListElement":[{"@type":"ListItem","position":1,"name":"Home","item":"https:\/\/wmtbaltic.lv\/en\/"},{"@type":"ListItem","position":2,"name":"Shop","item":"https:\/\/wmtbaltic.lv\/shop\/"},{"@type":"ListItem","position":3,"name":"Secabo TC5 SMART autom\u0101tiska termoprese 38 x 38cm ar Bluetooth"}]},{"@type":"WebSite","@id":"https:\/\/wmtbaltic.lv\/#website","url":"https:\/\/wmtbaltic.lv\/","name":"WMT Baltic","description":"Rekl\u0101mas produkti, pl\u0113ves","publisher":{"@id":"https:\/\/wmtbaltic.lv\/#organization"},"potentialAction":[{"@type":"SearchAction","target":{"@type":"EntryPoint","urlTemplate":"https:\/\/wmtbaltic.lv\/?s={search_term_string}"},"query-input":{"@type":"PropertyValueSpecification","valueRequired":true,"valueName":"search_term_string"}}],"inLanguage":"en-US"},{"@type":"Organization","@id":"https:\/\/wmtbaltic.lv\/#organization","name":"WMT Baltic","url":"https:\/\/wmtbaltic.lv\/","logo":{"@type":"ImageObject","inLanguage":"en-US","@id":"https:\/\/wmtbaltic.lv\/#\/schema\/logo\/image\/","url":"https:\/\/wmtbaltic.lv\/wp-content\/uploads\/2024\/12\/wmt-baltic-sia_107142_9_420x180.jpg","contentUrl":"https:\/\/wmtbaltic.lv\/wp-content\/uploads\/2024\/12\/wmt-baltic-sia_107142_9_420x180.jpg","width":420,"height":180,"caption":"WMT Baltic"},"image":{"@id":"https:\/\/wmtbaltic.lv\/#\/schema\/logo\/image\/"},"sameAs":["https:\/\/www.facebook.com\/WMT.Baltic.viscom\/?locale=lv_LV","https:\/\/www.instagram.com\/viscom_wmt\/"]}]}},"_links":{"self":[{"href":"https:\/\/wmtbaltic.lv\/en\/wp-json\/wp\/v2\/product\/5606","targetHints":{"allow":["GET"]}}],"collection":[{"href":"https:\/\/wmtbaltic.lv\/en\/wp-json\/wp\/v2\/product"}],"about":[{"href":"https:\/\/wmtbaltic.lv\/en\/wp-json\/wp\/v2\/types\/product"}],"wp:featuredmedia":[{"embeddable":true,"href":"https:\/\/wmtbaltic.lv\/en\/wp-json\/wp\/v2\/media\/5614"}],"wp:attachment":[{"href":"https:\/\/wmtbaltic.lv\/en\/wp-json\/wp\/v2\/media?parent=5606"}],"wp:term":[{"taxonomy":"product_brand","embeddable":true,"href":"https:\/\/wmtbaltic.lv\/en\/wp-json\/wp\/v2\/product_brand?post=5606"},{"taxonomy":"product_cat","embeddable":true,"href":"https:\/\/wmtbaltic.lv\/en\/wp-json\/wp\/v2\/product_cat?post=5606"},{"taxonomy":"product_tag","embeddable":true,"href":"https:\/\/wmtbaltic.lv\/en\/wp-json\/wp\/v2\/product_tag?post=5606"}],"curies":[{"name":"wp","href":"https:\/\/api.w.org\/{rel}","templated":true}]}}