{"id":5564,"date":"2021-03-22T13:55:24","date_gmt":"2021-03-22T13:55:24","guid":{"rendered":"https:\/\/wmtbaltic.lv\/?post_type=product&#038;p=5564"},"modified":"2025-09-17T08:36:25","modified_gmt":"2025-09-17T08:36:25","slug":"secabo-tc1-manuala-termoprese-15-x-15cm","status":"publish","type":"product","link":"https:\/\/wmtbaltic.lv\/en\/product\/secabo-tc1-manuala-termoprese-15-x-15cm\/","title":{"rendered":"Secabo TC1 manu\u0101la termoprese, 15 x 15cm"},"content":{"rendered":"<p>Secabo TC1 manu\u0101la termoprese ar darba virsmu 15 x 15 cm. Lielisk\u0101 termoprese embl\u0113m\u0101m, z\u012bmoliem vai produktu mar\u0137\u0113\u0161anai. TC1 ir viegls un \u013coti kompakts. Ar TC1 termopresi ir iesp\u0113jams p\u0101rnest materi\u0101lu uz sare\u017e\u0123\u012bt\u0101m viet\u0101m. Pl\u0101ksne \u0101tri uzsild\u0101s, mazs ener\u0123ijas pat\u0113ri\u0146\u0161. Digit\u0101laj\u0101 displej\u0101 prec\u012bzi var iepriek\u0161 izv\u0113l\u0113ties p\u0101rneses laiku un temperat\u016bru.<\/p>\n<p>&nbsp;<\/p>\n<p>Izm\u0113rs: 16cm x 30cm x 42cm<br \/>\nDarba galda izm\u0113rs: 15cm x 15cm<br \/>\nMaks. spiediens: 200 g\/cm\u00b2<br \/>\nMaks. temperat\u016bra: 210 \u00b0C<br \/>\nElektroener\u0123ijas pat\u0113ri\u0146\u0161: 230V \/ 50Hz &#8211; 60Hz, 700W<br \/>\nSvars bez iepakojuma: 13,00 kg<br \/>\nSvars ar iepakojumu: 15,00 kg<br \/>\nZ\u012bmols: Secabo<\/p>\n<p><a href=\"http:\/\/wmtbaltic.lv\/wp-content\/uploads\/2021\/03\/Secabo-TC1-heat-press-Manual-EN.pdf\">Secabo TC1 heat press Manual EN<\/a><\/p>\n","protected":false},"excerpt":{"rendered":"Secabo TC1 manu\u0101la termoprese ar darba virsmu 15 x 15 cm. Lielisk\u0101 termoprese embl\u0113m\u0101m, z\u012bmoliem vai produktu mar\u0137\u0113\u0161anai. TC1 ir viegls un \u013coti kompakts. Ar TC1 termopresi ir iesp\u0113jams p\u0101rnest materi\u0101lu uz sare\u017e\u0123\u012bt\u0101m viet\u0101m. Pl\u0101ksne \u0101tri uzsild\u0101s, mazs ener\u0123ijas pat\u0113ri\u0146\u0161. Digit\u0101laj\u0101 displej\u0101 prec\u012bzi var iepriek\u0161 izv\u0113l\u0113ties p\u0101rneses laiku un temperat\u016bru. &nbsp; Izm\u0113rs: 16cm x 30cm [...]","protected":false},"featured_media":5571,"template":"","meta":[],"product_brand":[],"product_cat":[263],"product_tag":[531,586,532,529],"class_list":{"0":"post-5564","1":"product","2":"type-product","3":"status-publish","4":"has-post-thumbnail","6":"product_cat-plakanas-manualas-termopreses","7":"product_tag-manuala","8":"product_tag-secabo","9":"product_tag-termoparnese","10":"product_tag-termoprese","12":"first","13":"instock","14":"shipping-taxable","15":"purchasable","16":"product-type-simple"},"yoast_head":"<!-- This site is optimized with the Yoast SEO plugin v27.5 - https:\/\/yoast.com\/product\/yoast-seo-wordpress\/ -->\n<title>Secabo TC1 manu\u0101la termoprese, 15 x 15cm, WMT Baltic, R\u012bga<\/title>\n<meta name=\"description\" content=\"Secabo TC1 manu\u0101la termoprese ar darba virsmu 15 x 15 cm. Lielisk\u0101 termoprese embl\u0113m\u0101m, z\u012bmoliem vai produktu mar\u0137\u0113\u0161anai. TC1 ir viegls un \u013coti kompakts. Ar TC1 termopresi ir iesp\u0113jams p\u0101rnest materi\u0101lu uz sare\u017e\u0123\u012bt\u0101m viet\u0101m. Pl\u0101ksne \u0101tri uzsild\u0101s, mazs ener\u0123ijas pat\u0113ri\u0146\u0161. Digit\u0101laj\u0101 displej\u0101 prec\u012bzi var iepriek\u0161 izv\u0113l\u0113ties p\u0101rneses laiku un temperat\u016bru.\u00a0\" \/>\n<meta name=\"robots\" content=\"index, follow, max-snippet:-1, max-image-preview:large, max-video-preview:-1\" \/>\n<link rel=\"canonical\" href=\"https:\/\/wmtbaltic.lv\/product\/secabo-tc1-manuala-termoprese-15-x-15cm\/\" \/>\n<meta property=\"og:locale\" content=\"en_US\" \/>\n<meta property=\"og:type\" content=\"article\" \/>\n<meta property=\"og:title\" content=\"Secabo TC1 manu\u0101la termoprese, 15 x 15cm, WMT Baltic, R\u012bga\" \/>\n<meta property=\"og:description\" content=\"Secabo TC1 manu\u0101la termoprese ar darba virsmu 15 x 15 cm. Lielisk\u0101 termoprese embl\u0113m\u0101m, z\u012bmoliem vai produktu mar\u0137\u0113\u0161anai. TC1 ir viegls un \u013coti kompakts. Ar TC1 termopresi ir iesp\u0113jams p\u0101rnest materi\u0101lu uz sare\u017e\u0123\u012bt\u0101m viet\u0101m. Pl\u0101ksne \u0101tri uzsild\u0101s, mazs ener\u0123ijas pat\u0113ri\u0146\u0161. Digit\u0101laj\u0101 displej\u0101 prec\u012bzi var iepriek\u0161 izv\u0113l\u0113ties p\u0101rneses laiku un temperat\u016bru.\u00a0\" \/>\n<meta property=\"og:url\" content=\"https:\/\/wmtbaltic.lv\/product\/secabo-tc1-manuala-termoprese-15-x-15cm\/\" \/>\n<meta property=\"og:site_name\" content=\"WMT Baltic\" \/>\n<meta property=\"article:publisher\" content=\"https:\/\/www.facebook.com\/WMT.Baltic.viscom\/?locale=lv_LV\" \/>\n<meta property=\"article:modified_time\" content=\"2025-09-17T08:36:25+00:00\" \/>\n<meta property=\"og:image\" content=\"http:\/\/wmtbaltic.lv\/wp-content\/uploads\/2021\/03\/TC1_angular_open.jpg\" \/>\n\t<meta property=\"og:image:width\" content=\"1692\" \/>\n\t<meta property=\"og:image:height\" content=\"1656\" \/>\n\t<meta property=\"og:image:type\" content=\"image\/jpeg\" \/>\n<meta name=\"twitter:card\" content=\"summary_large_image\" \/>\n<meta name=\"twitter:label1\" content=\"Est. reading time\" \/>\n\t<meta name=\"twitter:data1\" content=\"1 minute\" \/>\n<script type=\"application\/ld+json\" class=\"yoast-schema-graph\">{\"@context\":\"https:\\\/\\\/schema.org\",\"@graph\":[{\"@type\":\"WebPage\",\"@id\":\"https:\\\/\\\/wmtbaltic.lv\\\/product\\\/secabo-tc1-manuala-termoprese-15-x-15cm\\\/\",\"url\":\"https:\\\/\\\/wmtbaltic.lv\\\/product\\\/secabo-tc1-manuala-termoprese-15-x-15cm\\\/\",\"name\":\"Secabo TC1 manu\u0101la termoprese, 15 x 15cm, WMT Baltic, R\u012bga\",\"isPartOf\":{\"@id\":\"https:\\\/\\\/wmtbaltic.lv\\\/#website\"},\"primaryImageOfPage\":{\"@id\":\"https:\\\/\\\/wmtbaltic.lv\\\/product\\\/secabo-tc1-manuala-termoprese-15-x-15cm\\\/#primaryimage\"},\"image\":{\"@id\":\"https:\\\/\\\/wmtbaltic.lv\\\/product\\\/secabo-tc1-manuala-termoprese-15-x-15cm\\\/#primaryimage\"},\"thumbnailUrl\":\"https:\\\/\\\/wmtbaltic.lv\\\/wp-content\\\/uploads\\\/2021\\\/03\\\/TC1_angular_open.jpg\",\"datePublished\":\"2021-03-22T13:55:24+00:00\",\"dateModified\":\"2025-09-17T08:36:25+00:00\",\"description\":\"Secabo TC1 manu\u0101la termoprese ar darba virsmu 15 x 15 cm. Lielisk\u0101 termoprese embl\u0113m\u0101m, z\u012bmoliem vai produktu mar\u0137\u0113\u0161anai. TC1 ir viegls un \u013coti kompakts. Ar TC1 termopresi ir iesp\u0113jams p\u0101rnest materi\u0101lu uz sare\u017e\u0123\u012bt\u0101m viet\u0101m. Pl\u0101ksne \u0101tri uzsild\u0101s, mazs ener\u0123ijas pat\u0113ri\u0146\u0161. Digit\u0101laj\u0101 displej\u0101 prec\u012bzi var iepriek\u0161 izv\u0113l\u0113ties p\u0101rneses laiku un temperat\u016bru.\u00a0\",\"breadcrumb\":{\"@id\":\"https:\\\/\\\/wmtbaltic.lv\\\/product\\\/secabo-tc1-manuala-termoprese-15-x-15cm\\\/#breadcrumb\"},\"inLanguage\":\"en-US\",\"potentialAction\":[{\"@type\":\"ReadAction\",\"target\":[\"https:\\\/\\\/wmtbaltic.lv\\\/product\\\/secabo-tc1-manuala-termoprese-15-x-15cm\\\/\"]}]},{\"@type\":\"ImageObject\",\"inLanguage\":\"en-US\",\"@id\":\"https:\\\/\\\/wmtbaltic.lv\\\/product\\\/secabo-tc1-manuala-termoprese-15-x-15cm\\\/#primaryimage\",\"url\":\"https:\\\/\\\/wmtbaltic.lv\\\/wp-content\\\/uploads\\\/2021\\\/03\\\/TC1_angular_open.jpg\",\"contentUrl\":\"https:\\\/\\\/wmtbaltic.lv\\\/wp-content\\\/uploads\\\/2021\\\/03\\\/TC1_angular_open.jpg\",\"width\":1692,\"height\":1656},{\"@type\":\"BreadcrumbList\",\"@id\":\"https:\\\/\\\/wmtbaltic.lv\\\/product\\\/secabo-tc1-manuala-termoprese-15-x-15cm\\\/#breadcrumb\",\"itemListElement\":[{\"@type\":\"ListItem\",\"position\":1,\"name\":\"Home\",\"item\":\"https:\\\/\\\/wmtbaltic.lv\\\/en\\\/\"},{\"@type\":\"ListItem\",\"position\":2,\"name\":\"Shop\",\"item\":\"https:\\\/\\\/wmtbaltic.lv\\\/shop\\\/\"},{\"@type\":\"ListItem\",\"position\":3,\"name\":\"Secabo TC1 manu\u0101la termoprese, 15 x 15cm\"}]},{\"@type\":\"WebSite\",\"@id\":\"https:\\\/\\\/wmtbaltic.lv\\\/#website\",\"url\":\"https:\\\/\\\/wmtbaltic.lv\\\/\",\"name\":\"WMT Baltic\",\"description\":\"Rekl\u0101mas produkti, pl\u0113ves\",\"publisher\":{\"@id\":\"https:\\\/\\\/wmtbaltic.lv\\\/#organization\"},\"potentialAction\":[{\"@type\":\"SearchAction\",\"target\":{\"@type\":\"EntryPoint\",\"urlTemplate\":\"https:\\\/\\\/wmtbaltic.lv\\\/?s={search_term_string}\"},\"query-input\":{\"@type\":\"PropertyValueSpecification\",\"valueRequired\":true,\"valueName\":\"search_term_string\"}}],\"inLanguage\":\"en-US\"},{\"@type\":\"Organization\",\"@id\":\"https:\\\/\\\/wmtbaltic.lv\\\/#organization\",\"name\":\"WMT Baltic\",\"url\":\"https:\\\/\\\/wmtbaltic.lv\\\/\",\"logo\":{\"@type\":\"ImageObject\",\"inLanguage\":\"en-US\",\"@id\":\"https:\\\/\\\/wmtbaltic.lv\\\/#\\\/schema\\\/logo\\\/image\\\/\",\"url\":\"https:\\\/\\\/wmtbaltic.lv\\\/wp-content\\\/uploads\\\/2024\\\/12\\\/wmt-baltic-sia_107142_9_420x180.jpg\",\"contentUrl\":\"https:\\\/\\\/wmtbaltic.lv\\\/wp-content\\\/uploads\\\/2024\\\/12\\\/wmt-baltic-sia_107142_9_420x180.jpg\",\"width\":420,\"height\":180,\"caption\":\"WMT Baltic\"},\"image\":{\"@id\":\"https:\\\/\\\/wmtbaltic.lv\\\/#\\\/schema\\\/logo\\\/image\\\/\"},\"sameAs\":[\"https:\\\/\\\/www.facebook.com\\\/WMT.Baltic.viscom\\\/?locale=lv_LV\",\"https:\\\/\\\/www.instagram.com\\\/viscom_wmt\\\/\"]}]}<\/script>\n<!-- \/ Yoast SEO plugin. -->","yoast_head_json":{"title":"Secabo TC1 manu\u0101la termoprese, 15 x 15cm, WMT Baltic, R\u012bga","description":"Secabo TC1 manu\u0101la termoprese ar darba virsmu 15 x 15 cm. Lielisk\u0101 termoprese embl\u0113m\u0101m, z\u012bmoliem vai produktu mar\u0137\u0113\u0161anai. TC1 ir viegls un \u013coti kompakts. Ar TC1 termopresi ir iesp\u0113jams p\u0101rnest materi\u0101lu uz sare\u017e\u0123\u012bt\u0101m viet\u0101m. Pl\u0101ksne \u0101tri uzsild\u0101s, mazs ener\u0123ijas pat\u0113ri\u0146\u0161. Digit\u0101laj\u0101 displej\u0101 prec\u012bzi var iepriek\u0161 izv\u0113l\u0113ties p\u0101rneses laiku un temperat\u016bru.\u00a0","robots":{"index":"index","follow":"follow","max-snippet":"max-snippet:-1","max-image-preview":"max-image-preview:large","max-video-preview":"max-video-preview:-1"},"canonical":"https:\/\/wmtbaltic.lv\/product\/secabo-tc1-manuala-termoprese-15-x-15cm\/","og_locale":"en_US","og_type":"article","og_title":"Secabo TC1 manu\u0101la termoprese, 15 x 15cm, WMT Baltic, R\u012bga","og_description":"Secabo TC1 manu\u0101la termoprese ar darba virsmu 15 x 15 cm. Lielisk\u0101 termoprese embl\u0113m\u0101m, z\u012bmoliem vai produktu mar\u0137\u0113\u0161anai. TC1 ir viegls un \u013coti kompakts. Ar TC1 termopresi ir iesp\u0113jams p\u0101rnest materi\u0101lu uz sare\u017e\u0123\u012bt\u0101m viet\u0101m. Pl\u0101ksne \u0101tri uzsild\u0101s, mazs ener\u0123ijas pat\u0113ri\u0146\u0161. Digit\u0101laj\u0101 displej\u0101 prec\u012bzi var iepriek\u0161 izv\u0113l\u0113ties p\u0101rneses laiku un temperat\u016bru.\u00a0","og_url":"https:\/\/wmtbaltic.lv\/product\/secabo-tc1-manuala-termoprese-15-x-15cm\/","og_site_name":"WMT Baltic","article_publisher":"https:\/\/www.facebook.com\/WMT.Baltic.viscom\/?locale=lv_LV","article_modified_time":"2025-09-17T08:36:25+00:00","og_image":[{"width":1692,"height":1656,"url":"http:\/\/wmtbaltic.lv\/wp-content\/uploads\/2021\/03\/TC1_angular_open.jpg","type":"image\/jpeg"}],"twitter_card":"summary_large_image","twitter_misc":{"Est. reading time":"1 minute"},"schema":{"@context":"https:\/\/schema.org","@graph":[{"@type":"WebPage","@id":"https:\/\/wmtbaltic.lv\/product\/secabo-tc1-manuala-termoprese-15-x-15cm\/","url":"https:\/\/wmtbaltic.lv\/product\/secabo-tc1-manuala-termoprese-15-x-15cm\/","name":"Secabo TC1 manu\u0101la termoprese, 15 x 15cm, WMT Baltic, R\u012bga","isPartOf":{"@id":"https:\/\/wmtbaltic.lv\/#website"},"primaryImageOfPage":{"@id":"https:\/\/wmtbaltic.lv\/product\/secabo-tc1-manuala-termoprese-15-x-15cm\/#primaryimage"},"image":{"@id":"https:\/\/wmtbaltic.lv\/product\/secabo-tc1-manuala-termoprese-15-x-15cm\/#primaryimage"},"thumbnailUrl":"https:\/\/wmtbaltic.lv\/wp-content\/uploads\/2021\/03\/TC1_angular_open.jpg","datePublished":"2021-03-22T13:55:24+00:00","dateModified":"2025-09-17T08:36:25+00:00","description":"Secabo TC1 manu\u0101la termoprese ar darba virsmu 15 x 15 cm. Lielisk\u0101 termoprese embl\u0113m\u0101m, z\u012bmoliem vai produktu mar\u0137\u0113\u0161anai. TC1 ir viegls un \u013coti kompakts. Ar TC1 termopresi ir iesp\u0113jams p\u0101rnest materi\u0101lu uz sare\u017e\u0123\u012bt\u0101m viet\u0101m. Pl\u0101ksne \u0101tri uzsild\u0101s, mazs ener\u0123ijas pat\u0113ri\u0146\u0161. Digit\u0101laj\u0101 displej\u0101 prec\u012bzi var iepriek\u0161 izv\u0113l\u0113ties p\u0101rneses laiku un temperat\u016bru.\u00a0","breadcrumb":{"@id":"https:\/\/wmtbaltic.lv\/product\/secabo-tc1-manuala-termoprese-15-x-15cm\/#breadcrumb"},"inLanguage":"en-US","potentialAction":[{"@type":"ReadAction","target":["https:\/\/wmtbaltic.lv\/product\/secabo-tc1-manuala-termoprese-15-x-15cm\/"]}]},{"@type":"ImageObject","inLanguage":"en-US","@id":"https:\/\/wmtbaltic.lv\/product\/secabo-tc1-manuala-termoprese-15-x-15cm\/#primaryimage","url":"https:\/\/wmtbaltic.lv\/wp-content\/uploads\/2021\/03\/TC1_angular_open.jpg","contentUrl":"https:\/\/wmtbaltic.lv\/wp-content\/uploads\/2021\/03\/TC1_angular_open.jpg","width":1692,"height":1656},{"@type":"BreadcrumbList","@id":"https:\/\/wmtbaltic.lv\/product\/secabo-tc1-manuala-termoprese-15-x-15cm\/#breadcrumb","itemListElement":[{"@type":"ListItem","position":1,"name":"Home","item":"https:\/\/wmtbaltic.lv\/en\/"},{"@type":"ListItem","position":2,"name":"Shop","item":"https:\/\/wmtbaltic.lv\/shop\/"},{"@type":"ListItem","position":3,"name":"Secabo TC1 manu\u0101la termoprese, 15 x 15cm"}]},{"@type":"WebSite","@id":"https:\/\/wmtbaltic.lv\/#website","url":"https:\/\/wmtbaltic.lv\/","name":"WMT Baltic","description":"Rekl\u0101mas produkti, pl\u0113ves","publisher":{"@id":"https:\/\/wmtbaltic.lv\/#organization"},"potentialAction":[{"@type":"SearchAction","target":{"@type":"EntryPoint","urlTemplate":"https:\/\/wmtbaltic.lv\/?s={search_term_string}"},"query-input":{"@type":"PropertyValueSpecification","valueRequired":true,"valueName":"search_term_string"}}],"inLanguage":"en-US"},{"@type":"Organization","@id":"https:\/\/wmtbaltic.lv\/#organization","name":"WMT Baltic","url":"https:\/\/wmtbaltic.lv\/","logo":{"@type":"ImageObject","inLanguage":"en-US","@id":"https:\/\/wmtbaltic.lv\/#\/schema\/logo\/image\/","url":"https:\/\/wmtbaltic.lv\/wp-content\/uploads\/2024\/12\/wmt-baltic-sia_107142_9_420x180.jpg","contentUrl":"https:\/\/wmtbaltic.lv\/wp-content\/uploads\/2024\/12\/wmt-baltic-sia_107142_9_420x180.jpg","width":420,"height":180,"caption":"WMT Baltic"},"image":{"@id":"https:\/\/wmtbaltic.lv\/#\/schema\/logo\/image\/"},"sameAs":["https:\/\/www.facebook.com\/WMT.Baltic.viscom\/?locale=lv_LV","https:\/\/www.instagram.com\/viscom_wmt\/"]}]}},"_links":{"self":[{"href":"https:\/\/wmtbaltic.lv\/en\/wp-json\/wp\/v2\/product\/5564","targetHints":{"allow":["GET"]}}],"collection":[{"href":"https:\/\/wmtbaltic.lv\/en\/wp-json\/wp\/v2\/product"}],"about":[{"href":"https:\/\/wmtbaltic.lv\/en\/wp-json\/wp\/v2\/types\/product"}],"wp:featuredmedia":[{"embeddable":true,"href":"https:\/\/wmtbaltic.lv\/en\/wp-json\/wp\/v2\/media\/5571"}],"wp:attachment":[{"href":"https:\/\/wmtbaltic.lv\/en\/wp-json\/wp\/v2\/media?parent=5564"}],"wp:term":[{"taxonomy":"product_brand","embeddable":true,"href":"https:\/\/wmtbaltic.lv\/en\/wp-json\/wp\/v2\/product_brand?post=5564"},{"taxonomy":"product_cat","embeddable":true,"href":"https:\/\/wmtbaltic.lv\/en\/wp-json\/wp\/v2\/product_cat?post=5564"},{"taxonomy":"product_tag","embeddable":true,"href":"https:\/\/wmtbaltic.lv\/en\/wp-json\/wp\/v2\/product_tag?post=5564"}],"curies":[{"name":"wp","href":"https:\/\/api.w.org\/{rel}","templated":true}]}}