{"id":5548,"date":"2021-03-22T11:18:13","date_gmt":"2021-03-22T11:18:13","guid":{"rendered":"https:\/\/wmtbaltic.lv\/?post_type=product&#038;p=5548"},"modified":"2022-11-24T08:44:09","modified_gmt":"2022-11-24T08:44:09","slug":"secabo-c5-manuala-termoprese-38-x-38cm","status":"publish","type":"product","link":"https:\/\/wmtbaltic.lv\/en\/product\/secabo-c5-manuala-termoprese-38-x-38cm\/","title":{"rendered":"Secabo C5 manu\u0101la termoprese, 38 x 38cm"},"content":{"rendered":"<p>Ar Secabo C5 manu\u0101lo termopresi, J\u016bs varat izmantot visas tehnolo\u0123ijas termop\u0101rnesei un materi\u0101lus (flex, flock, sublim\u0101cija, u.c.). Izmantojot temperat\u016bras un laika digit\u0101lo regulatoru, v\u0113lamos iestat\u012bjumus var veikt \u0101tri un viegli. Spiedienu noregul\u0113 ar \u0113rtu rokturi. Darba virsma 38 x 38cm.<\/p>\n<p>Darba galda izm\u0113rs: 38cm x 38cm<br \/>\nMaks. spiediens: 200 g\/cm\u00b2<br \/>\nMaks. temperat\u016bra: 250 \u00b0C<br \/>\nSvars bez iepakojuma: 22,00 kg<br \/>\nSvars ar iepakojumu: 25,00 kg<br \/>\nZ\u012bmols: Secabo<\/p>\n<p><a href=\"http:\/\/wmtbaltic.lv\/wp-content\/uploads\/2021\/03\/Secabo_C5-Clam-heat-press_Manual_EN.pdf\">Secabo_C5 Clam heat press_Manual_EN<\/a><\/p>\n","protected":false},"excerpt":{"rendered":"Ar Secabo C5 manu\u0101lo termopresi, J\u016bs varat izmantot visas tehnolo\u0123ijas termop\u0101rnesei un materi\u0101lus (flex, flock, sublim\u0101cija, u.c.). Izmantojot temperat\u016bras un laika digit\u0101lo regulatoru, v\u0113lamos iestat\u012bjumus var veikt \u0101tri un viegli. Spiedienu noregul\u0113 ar \u0113rtu rokturi. Darba virsma 38 x 38cm. Darba galda izm\u0113rs: 38cm x 38cm Maks. spiediens: 200 g\/cm\u00b2 Maks. temperat\u016bra: 250 \u00b0C Svars [...]","protected":false},"featured_media":5562,"template":"","meta":[],"product_brand":[],"product_cat":[263,260],"product_tag":[491,531,586,532,529],"class_list":{"0":"post-5548","1":"product","2":"type-product","3":"status-publish","4":"has-post-thumbnail","6":"product_cat-plakanas-manualas-termopreses","7":"product_cat-termopreses-iekartas-un-izejmateriali","8":"product_tag-iekarta","9":"product_tag-manuala","10":"product_tag-secabo","11":"product_tag-termoparnese","12":"product_tag-termoprese","14":"first","15":"instock","16":"shipping-taxable","17":"purchasable","18":"product-type-simple"},"yoast_head":"<!-- This site is optimized with the Yoast SEO plugin v27.5 - https:\/\/yoast.com\/product\/yoast-seo-wordpress\/ -->\n<title>Secabo C5 manu\u0101la termoprese, 38 x 38cm, WMT Baltic, R\u012bga<\/title>\n<meta name=\"description\" content=\"Ar Secabo C5 manu\u0101lo termopresi, J\u016bs varat izmantot visas tehnolo\u0123ijas termop\u0101rnesei un materi\u0101lus (flex, flock, sublim\u0101cija, u.c.). Izmantojot temperat\u016bras un laika digit\u0101lo regulatoru, v\u0113lamos iestat\u012bjumus var veikt \u0101tri un viegli. Spiedienu noregul\u0113 ar \u0113rtu rokturi. Darba virsma 38 x 38cm.\" \/>\n<meta name=\"robots\" content=\"index, follow, max-snippet:-1, max-image-preview:large, max-video-preview:-1\" \/>\n<link rel=\"canonical\" href=\"https:\/\/wmtbaltic.lv\/Produkts\/secabo-c5-manuala-termoprese-38-x-38cm\/\" \/>\n<meta property=\"og:locale\" content=\"en_US\" \/>\n<meta property=\"og:type\" content=\"article\" \/>\n<meta property=\"og:title\" content=\"Secabo C5 manu\u0101la termoprese, 38 x 38cm, WMT Baltic, R\u012bga\" \/>\n<meta property=\"og:description\" content=\"Ar Secabo C5 manu\u0101lo termopresi, J\u016bs varat izmantot visas tehnolo\u0123ijas termop\u0101rnesei un materi\u0101lus (flex, flock, sublim\u0101cija, u.c.). Izmantojot temperat\u016bras un laika digit\u0101lo regulatoru, v\u0113lamos iestat\u012bjumus var veikt \u0101tri un viegli. Spiedienu noregul\u0113 ar \u0113rtu rokturi. Darba virsma 38 x 38cm.\" \/>\n<meta property=\"og:url\" content=\"https:\/\/wmtbaltic.lv\/Produkts\/secabo-c5-manuala-termoprese-38-x-38cm\/\" \/>\n<meta property=\"og:site_name\" content=\"WMT Baltic\" \/>\n<meta property=\"article:publisher\" content=\"https:\/\/www.facebook.com\/WMT.Baltic.viscom\/?locale=lv_LV\" \/>\n<meta property=\"article:modified_time\" content=\"2022-11-24T08:44:09+00:00\" \/>\n<meta property=\"og:image\" content=\"http:\/\/wmtbaltic.lv\/wp-content\/uploads\/2021\/03\/c5_open-3.jpg\" \/>\n\t<meta property=\"og:image:width\" content=\"1559\" \/>\n\t<meta property=\"og:image:height\" content=\"1572\" \/>\n\t<meta property=\"og:image:type\" content=\"image\/jpeg\" \/>\n<meta name=\"twitter:card\" content=\"summary_large_image\" \/>\n<script type=\"application\/ld+json\" class=\"yoast-schema-graph\">{\"@context\":\"https:\\\/\\\/schema.org\",\"@graph\":[{\"@type\":\"WebPage\",\"@id\":\"https:\\\/\\\/wmtbaltic.lv\\\/Produkts\\\/secabo-c5-manuala-termoprese-38-x-38cm\\\/\",\"url\":\"https:\\\/\\\/wmtbaltic.lv\\\/Produkts\\\/secabo-c5-manuala-termoprese-38-x-38cm\\\/\",\"name\":\"Secabo C5 manu\u0101la termoprese, 38 x 38cm, WMT Baltic, R\u012bga\",\"isPartOf\":{\"@id\":\"https:\\\/\\\/wmtbaltic.lv\\\/#website\"},\"primaryImageOfPage\":{\"@id\":\"https:\\\/\\\/wmtbaltic.lv\\\/Produkts\\\/secabo-c5-manuala-termoprese-38-x-38cm\\\/#primaryimage\"},\"image\":{\"@id\":\"https:\\\/\\\/wmtbaltic.lv\\\/Produkts\\\/secabo-c5-manuala-termoprese-38-x-38cm\\\/#primaryimage\"},\"thumbnailUrl\":\"https:\\\/\\\/wmtbaltic.lv\\\/wp-content\\\/uploads\\\/2021\\\/03\\\/c5_open-3.jpg\",\"datePublished\":\"2021-03-22T11:18:13+00:00\",\"dateModified\":\"2022-11-24T08:44:09+00:00\",\"description\":\"Ar Secabo C5 manu\u0101lo termopresi, J\u016bs varat izmantot visas tehnolo\u0123ijas termop\u0101rnesei un materi\u0101lus (flex, flock, sublim\u0101cija, u.c.). Izmantojot temperat\u016bras un laika digit\u0101lo regulatoru, v\u0113lamos iestat\u012bjumus var veikt \u0101tri un viegli. Spiedienu noregul\u0113 ar \u0113rtu rokturi. Darba virsma 38 x 38cm.\",\"breadcrumb\":{\"@id\":\"https:\\\/\\\/wmtbaltic.lv\\\/Produkts\\\/secabo-c5-manuala-termoprese-38-x-38cm\\\/#breadcrumb\"},\"inLanguage\":\"en-US\",\"potentialAction\":[{\"@type\":\"ReadAction\",\"target\":[\"https:\\\/\\\/wmtbaltic.lv\\\/Produkts\\\/secabo-c5-manuala-termoprese-38-x-38cm\\\/\"]}]},{\"@type\":\"ImageObject\",\"inLanguage\":\"en-US\",\"@id\":\"https:\\\/\\\/wmtbaltic.lv\\\/Produkts\\\/secabo-c5-manuala-termoprese-38-x-38cm\\\/#primaryimage\",\"url\":\"https:\\\/\\\/wmtbaltic.lv\\\/wp-content\\\/uploads\\\/2021\\\/03\\\/c5_open-3.jpg\",\"contentUrl\":\"https:\\\/\\\/wmtbaltic.lv\\\/wp-content\\\/uploads\\\/2021\\\/03\\\/c5_open-3.jpg\",\"width\":1559,\"height\":1572},{\"@type\":\"BreadcrumbList\",\"@id\":\"https:\\\/\\\/wmtbaltic.lv\\\/Produkts\\\/secabo-c5-manuala-termoprese-38-x-38cm\\\/#breadcrumb\",\"itemListElement\":[{\"@type\":\"ListItem\",\"position\":1,\"name\":\"Home\",\"item\":\"https:\\\/\\\/wmtbaltic.lv\\\/en\\\/\"},{\"@type\":\"ListItem\",\"position\":2,\"name\":\"Shop\",\"item\":\"https:\\\/\\\/wmtbaltic.lv\\\/shop\\\/\"},{\"@type\":\"ListItem\",\"position\":3,\"name\":\"Secabo C5 manu\u0101la termoprese, 38 x 38cm\"}]},{\"@type\":\"WebSite\",\"@id\":\"https:\\\/\\\/wmtbaltic.lv\\\/#website\",\"url\":\"https:\\\/\\\/wmtbaltic.lv\\\/\",\"name\":\"WMT Baltic\",\"description\":\"Rekl\u0101mas produkti, pl\u0113ves\",\"publisher\":{\"@id\":\"https:\\\/\\\/wmtbaltic.lv\\\/#organization\"},\"potentialAction\":[{\"@type\":\"SearchAction\",\"target\":{\"@type\":\"EntryPoint\",\"urlTemplate\":\"https:\\\/\\\/wmtbaltic.lv\\\/?s={search_term_string}\"},\"query-input\":{\"@type\":\"PropertyValueSpecification\",\"valueRequired\":true,\"valueName\":\"search_term_string\"}}],\"inLanguage\":\"en-US\"},{\"@type\":\"Organization\",\"@id\":\"https:\\\/\\\/wmtbaltic.lv\\\/#organization\",\"name\":\"WMT Baltic\",\"url\":\"https:\\\/\\\/wmtbaltic.lv\\\/\",\"logo\":{\"@type\":\"ImageObject\",\"inLanguage\":\"en-US\",\"@id\":\"https:\\\/\\\/wmtbaltic.lv\\\/#\\\/schema\\\/logo\\\/image\\\/\",\"url\":\"https:\\\/\\\/wmtbaltic.lv\\\/wp-content\\\/uploads\\\/2024\\\/12\\\/wmt-baltic-sia_107142_9_420x180.jpg\",\"contentUrl\":\"https:\\\/\\\/wmtbaltic.lv\\\/wp-content\\\/uploads\\\/2024\\\/12\\\/wmt-baltic-sia_107142_9_420x180.jpg\",\"width\":420,\"height\":180,\"caption\":\"WMT Baltic\"},\"image\":{\"@id\":\"https:\\\/\\\/wmtbaltic.lv\\\/#\\\/schema\\\/logo\\\/image\\\/\"},\"sameAs\":[\"https:\\\/\\\/www.facebook.com\\\/WMT.Baltic.viscom\\\/?locale=lv_LV\",\"https:\\\/\\\/www.instagram.com\\\/viscom_wmt\\\/\"]}]}<\/script>\n<!-- \/ Yoast SEO plugin. -->","yoast_head_json":{"title":"Secabo C5 manu\u0101la termoprese, 38 x 38cm, WMT Baltic, R\u012bga","description":"Ar Secabo C5 manu\u0101lo termopresi, J\u016bs varat izmantot visas tehnolo\u0123ijas termop\u0101rnesei un materi\u0101lus (flex, flock, sublim\u0101cija, u.c.). Izmantojot temperat\u016bras un laika digit\u0101lo regulatoru, v\u0113lamos iestat\u012bjumus var veikt \u0101tri un viegli. Spiedienu noregul\u0113 ar \u0113rtu rokturi. Darba virsma 38 x 38cm.","robots":{"index":"index","follow":"follow","max-snippet":"max-snippet:-1","max-image-preview":"max-image-preview:large","max-video-preview":"max-video-preview:-1"},"canonical":"https:\/\/wmtbaltic.lv\/Produkts\/secabo-c5-manuala-termoprese-38-x-38cm\/","og_locale":"en_US","og_type":"article","og_title":"Secabo C5 manu\u0101la termoprese, 38 x 38cm, WMT Baltic, R\u012bga","og_description":"Ar Secabo C5 manu\u0101lo termopresi, J\u016bs varat izmantot visas tehnolo\u0123ijas termop\u0101rnesei un materi\u0101lus (flex, flock, sublim\u0101cija, u.c.). Izmantojot temperat\u016bras un laika digit\u0101lo regulatoru, v\u0113lamos iestat\u012bjumus var veikt \u0101tri un viegli. Spiedienu noregul\u0113 ar \u0113rtu rokturi. Darba virsma 38 x 38cm.","og_url":"https:\/\/wmtbaltic.lv\/Produkts\/secabo-c5-manuala-termoprese-38-x-38cm\/","og_site_name":"WMT Baltic","article_publisher":"https:\/\/www.facebook.com\/WMT.Baltic.viscom\/?locale=lv_LV","article_modified_time":"2022-11-24T08:44:09+00:00","og_image":[{"width":1559,"height":1572,"url":"http:\/\/wmtbaltic.lv\/wp-content\/uploads\/2021\/03\/c5_open-3.jpg","type":"image\/jpeg"}],"twitter_card":"summary_large_image","schema":{"@context":"https:\/\/schema.org","@graph":[{"@type":"WebPage","@id":"https:\/\/wmtbaltic.lv\/Produkts\/secabo-c5-manuala-termoprese-38-x-38cm\/","url":"https:\/\/wmtbaltic.lv\/Produkts\/secabo-c5-manuala-termoprese-38-x-38cm\/","name":"Secabo C5 manu\u0101la termoprese, 38 x 38cm, WMT Baltic, R\u012bga","isPartOf":{"@id":"https:\/\/wmtbaltic.lv\/#website"},"primaryImageOfPage":{"@id":"https:\/\/wmtbaltic.lv\/Produkts\/secabo-c5-manuala-termoprese-38-x-38cm\/#primaryimage"},"image":{"@id":"https:\/\/wmtbaltic.lv\/Produkts\/secabo-c5-manuala-termoprese-38-x-38cm\/#primaryimage"},"thumbnailUrl":"https:\/\/wmtbaltic.lv\/wp-content\/uploads\/2021\/03\/c5_open-3.jpg","datePublished":"2021-03-22T11:18:13+00:00","dateModified":"2022-11-24T08:44:09+00:00","description":"Ar Secabo C5 manu\u0101lo termopresi, J\u016bs varat izmantot visas tehnolo\u0123ijas termop\u0101rnesei un materi\u0101lus (flex, flock, sublim\u0101cija, u.c.). Izmantojot temperat\u016bras un laika digit\u0101lo regulatoru, v\u0113lamos iestat\u012bjumus var veikt \u0101tri un viegli. Spiedienu noregul\u0113 ar \u0113rtu rokturi. Darba virsma 38 x 38cm.","breadcrumb":{"@id":"https:\/\/wmtbaltic.lv\/Produkts\/secabo-c5-manuala-termoprese-38-x-38cm\/#breadcrumb"},"inLanguage":"en-US","potentialAction":[{"@type":"ReadAction","target":["https:\/\/wmtbaltic.lv\/Produkts\/secabo-c5-manuala-termoprese-38-x-38cm\/"]}]},{"@type":"ImageObject","inLanguage":"en-US","@id":"https:\/\/wmtbaltic.lv\/Produkts\/secabo-c5-manuala-termoprese-38-x-38cm\/#primaryimage","url":"https:\/\/wmtbaltic.lv\/wp-content\/uploads\/2021\/03\/c5_open-3.jpg","contentUrl":"https:\/\/wmtbaltic.lv\/wp-content\/uploads\/2021\/03\/c5_open-3.jpg","width":1559,"height":1572},{"@type":"BreadcrumbList","@id":"https:\/\/wmtbaltic.lv\/Produkts\/secabo-c5-manuala-termoprese-38-x-38cm\/#breadcrumb","itemListElement":[{"@type":"ListItem","position":1,"name":"Home","item":"https:\/\/wmtbaltic.lv\/en\/"},{"@type":"ListItem","position":2,"name":"Shop","item":"https:\/\/wmtbaltic.lv\/shop\/"},{"@type":"ListItem","position":3,"name":"Secabo C5 manu\u0101la termoprese, 38 x 38cm"}]},{"@type":"WebSite","@id":"https:\/\/wmtbaltic.lv\/#website","url":"https:\/\/wmtbaltic.lv\/","name":"WMT Baltic","description":"Rekl\u0101mas produkti, pl\u0113ves","publisher":{"@id":"https:\/\/wmtbaltic.lv\/#organization"},"potentialAction":[{"@type":"SearchAction","target":{"@type":"EntryPoint","urlTemplate":"https:\/\/wmtbaltic.lv\/?s={search_term_string}"},"query-input":{"@type":"PropertyValueSpecification","valueRequired":true,"valueName":"search_term_string"}}],"inLanguage":"en-US"},{"@type":"Organization","@id":"https:\/\/wmtbaltic.lv\/#organization","name":"WMT Baltic","url":"https:\/\/wmtbaltic.lv\/","logo":{"@type":"ImageObject","inLanguage":"en-US","@id":"https:\/\/wmtbaltic.lv\/#\/schema\/logo\/image\/","url":"https:\/\/wmtbaltic.lv\/wp-content\/uploads\/2024\/12\/wmt-baltic-sia_107142_9_420x180.jpg","contentUrl":"https:\/\/wmtbaltic.lv\/wp-content\/uploads\/2024\/12\/wmt-baltic-sia_107142_9_420x180.jpg","width":420,"height":180,"caption":"WMT Baltic"},"image":{"@id":"https:\/\/wmtbaltic.lv\/#\/schema\/logo\/image\/"},"sameAs":["https:\/\/www.facebook.com\/WMT.Baltic.viscom\/?locale=lv_LV","https:\/\/www.instagram.com\/viscom_wmt\/"]}]}},"_links":{"self":[{"href":"https:\/\/wmtbaltic.lv\/en\/wp-json\/wp\/v2\/product\/5548","targetHints":{"allow":["GET"]}}],"collection":[{"href":"https:\/\/wmtbaltic.lv\/en\/wp-json\/wp\/v2\/product"}],"about":[{"href":"https:\/\/wmtbaltic.lv\/en\/wp-json\/wp\/v2\/types\/product"}],"wp:featuredmedia":[{"embeddable":true,"href":"https:\/\/wmtbaltic.lv\/en\/wp-json\/wp\/v2\/media\/5562"}],"wp:attachment":[{"href":"https:\/\/wmtbaltic.lv\/en\/wp-json\/wp\/v2\/media?parent=5548"}],"wp:term":[{"taxonomy":"product_brand","embeddable":true,"href":"https:\/\/wmtbaltic.lv\/en\/wp-json\/wp\/v2\/product_brand?post=5548"},{"taxonomy":"product_cat","embeddable":true,"href":"https:\/\/wmtbaltic.lv\/en\/wp-json\/wp\/v2\/product_cat?post=5548"},{"taxonomy":"product_tag","embeddable":true,"href":"https:\/\/wmtbaltic.lv\/en\/wp-json\/wp\/v2\/product_tag?post=5548"}],"curies":[{"name":"wp","href":"https:\/\/api.w.org\/{rel}","templated":true}]}}