{"id":5413,"date":"2021-03-16T19:07:16","date_gmt":"2021-03-16T19:07:16","guid":{"rendered":"http:\/\/wmtbaltic.lv\/?post_type=product&#038;p=5413"},"modified":"2021-03-16T19:09:54","modified_gmt":"2021-03-16T19:09:54","slug":"t-tape-forever-laser-multi-trans-gold-papirs-a4","status":"publish","type":"product","link":"https:\/\/wmtbaltic.lv\/en\/product\/t-tape-forever-laser-multi-trans-gold-papirs-a4\/","title":{"rendered":"T-Tape FOREVER Laser Multi-Trans GOLD pap\u012brs A4"},"content":{"rendered":"<p>FOREVER Laser Multi -Trans Metallic GOLD &#8211; zelta kr\u0101sa termop\u0101rneses pap\u012brs l\u0101zerprinteriem paredz\u0113ts att\u0113lu p\u0101rnesei uz ciet\u0101m<br \/>\nvirsm\u0101m. Apdruk\u0101jamie priek\u0161meti:<br \/>\nKr\u016bz\u012btes, alus kr\u016bzes, \u0161\u0137\u012bvji, mag\u0113ta vinils, koks, plastik\u0101ta palikt\u0146i, keramisk\u0101s fl\u012bzes, met\u0101ls, pildspalvas, CD, utt.<\/p>\n","protected":false},"excerpt":{"rendered":"FOREVER Laser Multi -Trans Metallic GOLD - zelta kr\u0101sa termop\u0101rneses pap\u012brs l\u0101zerprinteriem paredz\u0113ts att\u0113lu p\u0101rnesei uz ciet\u0101m virsm\u0101m. Apdruk\u0101jamie priek\u0161meti: Kr\u016bz\u012btes, alus kr\u016bzes, \u0161\u0137\u012bvji, mag\u0113ta vinils, koks, plastik\u0101ta palikt\u0146i, keramisk\u0101s fl\u012bzes, met\u0101ls, pildspalvas, CD, utt.","protected":false},"featured_media":5411,"comment_status":"closed","ping_status":"closed","template":"","meta":[],"product_brand":[],"product_cat":[222],"product_tag":[561,468,560,570],"class_list":{"0":"post-5413","1":"product","2":"type-product","3":"status-publish","4":"has-post-thumbnail","6":"product_cat-papirs-citam-virsmam","7":"product_tag-forever","8":"product_tag-kreklu-apdruka","9":"product_tag-laser","10":"product_tag-papirs-termoparnesanai","12":"first","13":"instock","14":"shipping-taxable","15":"purchasable","16":"product-type-simple"},"yoast_head":"<!-- This site is optimized with the Yoast SEO plugin v27.4 - https:\/\/yoast.com\/product\/yoast-seo-wordpress\/ -->\n<title>T-Tape FOREVER Laser Multi-Trans Gold pap\u012brs A4<\/title>\n<meta name=\"robots\" content=\"index, follow, max-snippet:-1, max-image-preview:large, max-video-preview:-1\" \/>\n<link rel=\"canonical\" href=\"https:\/\/wmtbaltic.lv\/Produkts\/t-tape-forever-laser-multi-trans-gold-papirs-a4\/\" \/>\n<meta property=\"og:locale\" content=\"en_US\" \/>\n<meta property=\"og:type\" content=\"article\" \/>\n<meta property=\"og:title\" content=\"T-Tape FOREVER Laser Multi-Trans Gold pap\u012brs A4\" \/>\n<meta property=\"og:url\" content=\"https:\/\/wmtbaltic.lv\/Produkts\/t-tape-forever-laser-multi-trans-gold-papirs-a4\/\" \/>\n<meta property=\"og:site_name\" content=\"WMT Baltic\" \/>\n<meta property=\"article:publisher\" content=\"https:\/\/www.facebook.com\/WMT.Baltic.viscom\/?locale=lv_LV\" \/>\n<meta property=\"article:modified_time\" content=\"2021-03-16T19:09:54+00:00\" \/>\n<meta property=\"og:image\" content=\"https:\/\/wmtbaltic.lv\/wp-content\/uploads\/2021\/03\/unnamed.png\" \/>\n\t<meta property=\"og:image:width\" content=\"300\" \/>\n\t<meta property=\"og:image:height\" content=\"300\" \/>\n\t<meta property=\"og:image:type\" content=\"image\/png\" \/>\n<meta name=\"twitter:card\" content=\"summary_large_image\" \/>\n<meta name=\"twitter:label1\" content=\"Est. reading time\" \/>\n\t<meta name=\"twitter:data1\" content=\"1 minute\" \/>\n<script type=\"application\/ld+json\" class=\"yoast-schema-graph\">{\"@context\":\"https:\\\/\\\/schema.org\",\"@graph\":[{\"@type\":\"WebPage\",\"@id\":\"https:\\\/\\\/wmtbaltic.lv\\\/Produkts\\\/t-tape-forever-laser-multi-trans-gold-papirs-a4\\\/\",\"url\":\"https:\\\/\\\/wmtbaltic.lv\\\/Produkts\\\/t-tape-forever-laser-multi-trans-gold-papirs-a4\\\/\",\"name\":\"T-Tape FOREVER Laser Multi-Trans Gold pap\u012brs A4\",\"isPartOf\":{\"@id\":\"https:\\\/\\\/wmtbaltic.lv\\\/#website\"},\"primaryImageOfPage\":{\"@id\":\"https:\\\/\\\/wmtbaltic.lv\\\/Produkts\\\/t-tape-forever-laser-multi-trans-gold-papirs-a4\\\/#primaryimage\"},\"image\":{\"@id\":\"https:\\\/\\\/wmtbaltic.lv\\\/Produkts\\\/t-tape-forever-laser-multi-trans-gold-papirs-a4\\\/#primaryimage\"},\"thumbnailUrl\":\"https:\\\/\\\/wmtbaltic.lv\\\/wp-content\\\/uploads\\\/2021\\\/03\\\/unnamed.png\",\"datePublished\":\"2021-03-16T19:07:16+00:00\",\"dateModified\":\"2021-03-16T19:09:54+00:00\",\"breadcrumb\":{\"@id\":\"https:\\\/\\\/wmtbaltic.lv\\\/Produkts\\\/t-tape-forever-laser-multi-trans-gold-papirs-a4\\\/#breadcrumb\"},\"inLanguage\":\"en-US\",\"potentialAction\":[{\"@type\":\"ReadAction\",\"target\":[\"https:\\\/\\\/wmtbaltic.lv\\\/Produkts\\\/t-tape-forever-laser-multi-trans-gold-papirs-a4\\\/\"]}]},{\"@type\":\"ImageObject\",\"inLanguage\":\"en-US\",\"@id\":\"https:\\\/\\\/wmtbaltic.lv\\\/Produkts\\\/t-tape-forever-laser-multi-trans-gold-papirs-a4\\\/#primaryimage\",\"url\":\"https:\\\/\\\/wmtbaltic.lv\\\/wp-content\\\/uploads\\\/2021\\\/03\\\/unnamed.png\",\"contentUrl\":\"https:\\\/\\\/wmtbaltic.lv\\\/wp-content\\\/uploads\\\/2021\\\/03\\\/unnamed.png\",\"width\":300,\"height\":300},{\"@type\":\"BreadcrumbList\",\"@id\":\"https:\\\/\\\/wmtbaltic.lv\\\/Produkts\\\/t-tape-forever-laser-multi-trans-gold-papirs-a4\\\/#breadcrumb\",\"itemListElement\":[{\"@type\":\"ListItem\",\"position\":1,\"name\":\"Home\",\"item\":\"https:\\\/\\\/wmtbaltic.lv\\\/en\\\/\"},{\"@type\":\"ListItem\",\"position\":2,\"name\":\"Products\",\"item\":\"https:\\\/\\\/wmtbaltic.lv\\\/en\\\/shop\\\/\"},{\"@type\":\"ListItem\",\"position\":3,\"name\":\"T-Tape FOREVER Laser Multi-Trans GOLD pap\u012brs A4\"}]},{\"@type\":\"WebSite\",\"@id\":\"https:\\\/\\\/wmtbaltic.lv\\\/#website\",\"url\":\"https:\\\/\\\/wmtbaltic.lv\\\/\",\"name\":\"WMT Baltic\",\"description\":\"Rekl\u0101mas produkti, pl\u0113ves\",\"publisher\":{\"@id\":\"https:\\\/\\\/wmtbaltic.lv\\\/#organization\"},\"potentialAction\":[{\"@type\":\"SearchAction\",\"target\":{\"@type\":\"EntryPoint\",\"urlTemplate\":\"https:\\\/\\\/wmtbaltic.lv\\\/?s={search_term_string}\"},\"query-input\":{\"@type\":\"PropertyValueSpecification\",\"valueRequired\":true,\"valueName\":\"search_term_string\"}}],\"inLanguage\":\"en-US\"},{\"@type\":\"Organization\",\"@id\":\"https:\\\/\\\/wmtbaltic.lv\\\/#organization\",\"name\":\"WMT Baltic\",\"url\":\"https:\\\/\\\/wmtbaltic.lv\\\/\",\"logo\":{\"@type\":\"ImageObject\",\"inLanguage\":\"en-US\",\"@id\":\"https:\\\/\\\/wmtbaltic.lv\\\/#\\\/schema\\\/logo\\\/image\\\/\",\"url\":\"https:\\\/\\\/wmtbaltic.lv\\\/wp-content\\\/uploads\\\/2024\\\/12\\\/wmt-baltic-sia_107142_9_420x180.jpg\",\"contentUrl\":\"https:\\\/\\\/wmtbaltic.lv\\\/wp-content\\\/uploads\\\/2024\\\/12\\\/wmt-baltic-sia_107142_9_420x180.jpg\",\"width\":420,\"height\":180,\"caption\":\"WMT Baltic\"},\"image\":{\"@id\":\"https:\\\/\\\/wmtbaltic.lv\\\/#\\\/schema\\\/logo\\\/image\\\/\"},\"sameAs\":[\"https:\\\/\\\/www.facebook.com\\\/WMT.Baltic.viscom\\\/?locale=lv_LV\",\"https:\\\/\\\/www.instagram.com\\\/viscom_wmt\\\/\"]}]}<\/script>\n<!-- \/ Yoast SEO plugin. -->","yoast_head_json":{"title":"T-Tape FOREVER Laser Multi-Trans Gold pap\u012brs A4","robots":{"index":"index","follow":"follow","max-snippet":"max-snippet:-1","max-image-preview":"max-image-preview:large","max-video-preview":"max-video-preview:-1"},"canonical":"https:\/\/wmtbaltic.lv\/Produkts\/t-tape-forever-laser-multi-trans-gold-papirs-a4\/","og_locale":"en_US","og_type":"article","og_title":"T-Tape FOREVER Laser Multi-Trans Gold pap\u012brs A4","og_url":"https:\/\/wmtbaltic.lv\/Produkts\/t-tape-forever-laser-multi-trans-gold-papirs-a4\/","og_site_name":"WMT Baltic","article_publisher":"https:\/\/www.facebook.com\/WMT.Baltic.viscom\/?locale=lv_LV","article_modified_time":"2021-03-16T19:09:54+00:00","og_image":[{"width":300,"height":300,"url":"https:\/\/wmtbaltic.lv\/wp-content\/uploads\/2021\/03\/unnamed.png","type":"image\/png"}],"twitter_card":"summary_large_image","twitter_misc":{"Est. reading time":"1 minute"},"schema":{"@context":"https:\/\/schema.org","@graph":[{"@type":"WebPage","@id":"https:\/\/wmtbaltic.lv\/Produkts\/t-tape-forever-laser-multi-trans-gold-papirs-a4\/","url":"https:\/\/wmtbaltic.lv\/Produkts\/t-tape-forever-laser-multi-trans-gold-papirs-a4\/","name":"T-Tape FOREVER Laser Multi-Trans Gold pap\u012brs A4","isPartOf":{"@id":"https:\/\/wmtbaltic.lv\/#website"},"primaryImageOfPage":{"@id":"https:\/\/wmtbaltic.lv\/Produkts\/t-tape-forever-laser-multi-trans-gold-papirs-a4\/#primaryimage"},"image":{"@id":"https:\/\/wmtbaltic.lv\/Produkts\/t-tape-forever-laser-multi-trans-gold-papirs-a4\/#primaryimage"},"thumbnailUrl":"https:\/\/wmtbaltic.lv\/wp-content\/uploads\/2021\/03\/unnamed.png","datePublished":"2021-03-16T19:07:16+00:00","dateModified":"2021-03-16T19:09:54+00:00","breadcrumb":{"@id":"https:\/\/wmtbaltic.lv\/Produkts\/t-tape-forever-laser-multi-trans-gold-papirs-a4\/#breadcrumb"},"inLanguage":"en-US","potentialAction":[{"@type":"ReadAction","target":["https:\/\/wmtbaltic.lv\/Produkts\/t-tape-forever-laser-multi-trans-gold-papirs-a4\/"]}]},{"@type":"ImageObject","inLanguage":"en-US","@id":"https:\/\/wmtbaltic.lv\/Produkts\/t-tape-forever-laser-multi-trans-gold-papirs-a4\/#primaryimage","url":"https:\/\/wmtbaltic.lv\/wp-content\/uploads\/2021\/03\/unnamed.png","contentUrl":"https:\/\/wmtbaltic.lv\/wp-content\/uploads\/2021\/03\/unnamed.png","width":300,"height":300},{"@type":"BreadcrumbList","@id":"https:\/\/wmtbaltic.lv\/Produkts\/t-tape-forever-laser-multi-trans-gold-papirs-a4\/#breadcrumb","itemListElement":[{"@type":"ListItem","position":1,"name":"Home","item":"https:\/\/wmtbaltic.lv\/en\/"},{"@type":"ListItem","position":2,"name":"Products","item":"https:\/\/wmtbaltic.lv\/en\/shop\/"},{"@type":"ListItem","position":3,"name":"T-Tape FOREVER Laser Multi-Trans GOLD pap\u012brs A4"}]},{"@type":"WebSite","@id":"https:\/\/wmtbaltic.lv\/#website","url":"https:\/\/wmtbaltic.lv\/","name":"WMT Baltic","description":"Rekl\u0101mas produkti, pl\u0113ves","publisher":{"@id":"https:\/\/wmtbaltic.lv\/#organization"},"potentialAction":[{"@type":"SearchAction","target":{"@type":"EntryPoint","urlTemplate":"https:\/\/wmtbaltic.lv\/?s={search_term_string}"},"query-input":{"@type":"PropertyValueSpecification","valueRequired":true,"valueName":"search_term_string"}}],"inLanguage":"en-US"},{"@type":"Organization","@id":"https:\/\/wmtbaltic.lv\/#organization","name":"WMT Baltic","url":"https:\/\/wmtbaltic.lv\/","logo":{"@type":"ImageObject","inLanguage":"en-US","@id":"https:\/\/wmtbaltic.lv\/#\/schema\/logo\/image\/","url":"https:\/\/wmtbaltic.lv\/wp-content\/uploads\/2024\/12\/wmt-baltic-sia_107142_9_420x180.jpg","contentUrl":"https:\/\/wmtbaltic.lv\/wp-content\/uploads\/2024\/12\/wmt-baltic-sia_107142_9_420x180.jpg","width":420,"height":180,"caption":"WMT Baltic"},"image":{"@id":"https:\/\/wmtbaltic.lv\/#\/schema\/logo\/image\/"},"sameAs":["https:\/\/www.facebook.com\/WMT.Baltic.viscom\/?locale=lv_LV","https:\/\/www.instagram.com\/viscom_wmt\/"]}]}},"_links":{"self":[{"href":"https:\/\/wmtbaltic.lv\/en\/wp-json\/wp\/v2\/product\/5413","targetHints":{"allow":["GET"]}}],"collection":[{"href":"https:\/\/wmtbaltic.lv\/en\/wp-json\/wp\/v2\/product"}],"about":[{"href":"https:\/\/wmtbaltic.lv\/en\/wp-json\/wp\/v2\/types\/product"}],"replies":[{"embeddable":true,"href":"https:\/\/wmtbaltic.lv\/en\/wp-json\/wp\/v2\/comments?post=5413"}],"wp:featuredmedia":[{"embeddable":true,"href":"https:\/\/wmtbaltic.lv\/en\/wp-json\/wp\/v2\/media\/5411"}],"wp:attachment":[{"href":"https:\/\/wmtbaltic.lv\/en\/wp-json\/wp\/v2\/media?parent=5413"}],"wp:term":[{"taxonomy":"product_brand","embeddable":true,"href":"https:\/\/wmtbaltic.lv\/en\/wp-json\/wp\/v2\/product_brand?post=5413"},{"taxonomy":"product_cat","embeddable":true,"href":"https:\/\/wmtbaltic.lv\/en\/wp-json\/wp\/v2\/product_cat?post=5413"},{"taxonomy":"product_tag","embeddable":true,"href":"https:\/\/wmtbaltic.lv\/en\/wp-json\/wp\/v2\/product_tag?post=5413"}],"curies":[{"name":"wp","href":"https:\/\/api.w.org\/{rel}","templated":true}]}}