{"id":5325,"date":"2021-03-11T11:10:31","date_gmt":"2021-03-11T11:10:31","guid":{"rendered":"http:\/\/wmtbaltic.lv\/?post_type=product&#038;p=5325"},"modified":"2024-02-16T08:15:12","modified_gmt":"2024-02-16T08:15:12","slug":"tafelu-pleve-ez-eraze-markeriem-caurspidiga-1-35m","status":"publish","type":"product","link":"https:\/\/wmtbaltic.lv\/en\/product\/tafelu-pleve-ez-eraze-markeriem-caurspidiga-1-35m\/","title":{"rendered":"T\u0101fe\u013cu pl\u0113ve EZ ERAZE markeriem, caursp\u012bd\u012bga, 1.35m"},"content":{"rendered":"<p>Cena par teko\u0161o metru.<\/p>\n<p>Pl\u0113ves platums 1.35 m.<\/p>\n<p>Rull\u012b 50 m.<\/p>\n<p>Tehniskais apraksts: <a href=\"http:\/\/wmtbaltic.lv\/wp-content\/uploads\/2021\/03\/50.000-N-Total-Eraze-Clear-TDS.pdf\">Total Eraze Clear<\/a><\/p>\n<p>&nbsp;<\/p>\n<h5><strong>Jei norite \u012fsigyti\u00a0 lentos pl\u0117vel\u0117 EZ ERAZE markeriams, skaidri , 1.35m\u00a0 prek\u0119\u00a0 m\u016bs\u0173 ofise\u00a0 Lietuvoje,Vilniuje \u201dWMT Vilnius\u201dkambinkite: +37065562119, ra\u0161ykite: <a href=\"mailto:info@wmt.lt\">info@wmt.lt<\/a><\/strong><\/h5>\n<h5><strong>Bendravimui su ofisu Rygoje WMT Baltic SIA, Skambinkite: +371 67800830,ra\u0161ykite<\/strong>:\u00a0<strong><a href=\"mailto:info@adv24.lv\">info@adv24.lv<\/a><\/strong><\/h5>\n<p>&nbsp;<\/p>\n<p>&nbsp;<\/p>\n","protected":false},"excerpt":{"rendered":"Cena par teko\u0161o metru. Pl\u0113ves platums 1.35 m. Rull\u012b 50 m. Tehniskais apraksts: Total Eraze Clear &nbsp; Jei norite \u012fsigyti\u00a0 lentos pl\u0117vel\u0117 EZ ERAZE markeriams, skaidri , 1.35m\u00a0 prek\u0119\u00a0 m\u016bs\u0173 ofise\u00a0 Lietuvoje,Vilniuje \u201dWMT Vilnius\u201dkambinkite: +37065562119, ra\u0161ykite: info@wmt.lt Bendravimui su ofisu Rygoje WMT Baltic SIA, Skambinkite: +371 67800830,ra\u0161ykite:\u00a0info@adv24.lv &nbsp; &nbsp;","protected":false},"featured_media":5319,"template":"","meta":[],"product_brand":[],"product_cat":[405],"product_tag":[],"class_list":{"0":"post-5325","1":"product","2":"type-product","3":"status-publish","4":"has-post-thumbnail","6":"product_cat-limpleves-rakstisanai-ar-kritu-un-markeriem","8":"first","9":"instock","10":"shipping-taxable","11":"purchasable","12":"product-type-simple"},"yoast_head":"<!-- This site is optimized with the Yoast SEO plugin v27.4 - https:\/\/yoast.com\/product\/yoast-seo-wordpress\/ -->\n<title>T\u0101fe\u013cu pl\u0113ve EZ ERAZE markeriem, caursp\u012bd\u012bga nopirkt R\u012bg\u0101<\/title>\n<meta name=\"description\" content=\"T\u0101fe\u013cu pl\u0113ve EZ ERAZE markeriem, balta, nopirkt R\u012bg\u0101\" \/>\n<meta name=\"robots\" content=\"index, follow, max-snippet:-1, max-image-preview:large, max-video-preview:-1\" \/>\n<link rel=\"canonical\" href=\"https:\/\/wmtbaltic.lv\/Produkts\/tafelu-pleve-ez-eraze-markeriem-caurspidiga-1-35m\/\" \/>\n<meta property=\"og:locale\" content=\"en_US\" \/>\n<meta property=\"og:type\" content=\"article\" \/>\n<meta property=\"og:title\" content=\"T\u0101fe\u013cu pl\u0113ve EZ ERAZE markeriem, caursp\u012bd\u012bga nopirkt R\u012bg\u0101\" \/>\n<meta property=\"og:description\" content=\"T\u0101fe\u013cu pl\u0113ve EZ ERAZE markeriem, balta, nopirkt R\u012bg\u0101\" \/>\n<meta property=\"og:url\" content=\"https:\/\/wmtbaltic.lv\/Produkts\/tafelu-pleve-ez-eraze-markeriem-caurspidiga-1-35m\/\" \/>\n<meta property=\"og:site_name\" content=\"WMT Baltic\" \/>\n<meta property=\"article:publisher\" content=\"https:\/\/www.facebook.com\/WMT.Baltic.viscom\/?locale=lv_LV\" \/>\n<meta property=\"article:modified_time\" content=\"2024-02-16T08:15:12+00:00\" \/>\n<meta property=\"og:image\" content=\"http:\/\/wmtbaltic.lv\/wp-content\/uploads\/2021\/03\/EZ-erase-white_2.jpg\" \/>\n\t<meta property=\"og:image:width\" content=\"512\" \/>\n\t<meta property=\"og:image:height\" content=\"341\" \/>\n\t<meta property=\"og:image:type\" content=\"image\/jpeg\" \/>\n<meta name=\"twitter:card\" content=\"summary_large_image\" \/>\n<meta name=\"twitter:label1\" content=\"Est. reading time\" \/>\n\t<meta name=\"twitter:data1\" content=\"1 minute\" \/>\n<script type=\"application\/ld+json\" class=\"yoast-schema-graph\">{\"@context\":\"https:\\\/\\\/schema.org\",\"@graph\":[{\"@type\":\"WebPage\",\"@id\":\"https:\\\/\\\/wmtbaltic.lv\\\/Produkts\\\/tafelu-pleve-ez-eraze-markeriem-caurspidiga-1-35m\\\/\",\"url\":\"https:\\\/\\\/wmtbaltic.lv\\\/Produkts\\\/tafelu-pleve-ez-eraze-markeriem-caurspidiga-1-35m\\\/\",\"name\":\"T\u0101fe\u013cu pl\u0113ve EZ ERAZE markeriem, caursp\u012bd\u012bga nopirkt R\u012bg\u0101\",\"isPartOf\":{\"@id\":\"https:\\\/\\\/wmtbaltic.lv\\\/#website\"},\"primaryImageOfPage\":{\"@id\":\"https:\\\/\\\/wmtbaltic.lv\\\/Produkts\\\/tafelu-pleve-ez-eraze-markeriem-caurspidiga-1-35m\\\/#primaryimage\"},\"image\":{\"@id\":\"https:\\\/\\\/wmtbaltic.lv\\\/Produkts\\\/tafelu-pleve-ez-eraze-markeriem-caurspidiga-1-35m\\\/#primaryimage\"},\"thumbnailUrl\":\"https:\\\/\\\/wmtbaltic.lv\\\/wp-content\\\/uploads\\\/2021\\\/03\\\/EZ-erase-white_2.jpg\",\"datePublished\":\"2021-03-11T11:10:31+00:00\",\"dateModified\":\"2024-02-16T08:15:12+00:00\",\"description\":\"T\u0101fe\u013cu pl\u0113ve EZ ERAZE markeriem, balta, nopirkt R\u012bg\u0101\",\"breadcrumb\":{\"@id\":\"https:\\\/\\\/wmtbaltic.lv\\\/Produkts\\\/tafelu-pleve-ez-eraze-markeriem-caurspidiga-1-35m\\\/#breadcrumb\"},\"inLanguage\":\"en-US\",\"potentialAction\":[{\"@type\":\"ReadAction\",\"target\":[\"https:\\\/\\\/wmtbaltic.lv\\\/Produkts\\\/tafelu-pleve-ez-eraze-markeriem-caurspidiga-1-35m\\\/\"]}]},{\"@type\":\"ImageObject\",\"inLanguage\":\"en-US\",\"@id\":\"https:\\\/\\\/wmtbaltic.lv\\\/Produkts\\\/tafelu-pleve-ez-eraze-markeriem-caurspidiga-1-35m\\\/#primaryimage\",\"url\":\"https:\\\/\\\/wmtbaltic.lv\\\/wp-content\\\/uploads\\\/2021\\\/03\\\/EZ-erase-white_2.jpg\",\"contentUrl\":\"https:\\\/\\\/wmtbaltic.lv\\\/wp-content\\\/uploads\\\/2021\\\/03\\\/EZ-erase-white_2.jpg\",\"width\":512,\"height\":341},{\"@type\":\"BreadcrumbList\",\"@id\":\"https:\\\/\\\/wmtbaltic.lv\\\/Produkts\\\/tafelu-pleve-ez-eraze-markeriem-caurspidiga-1-35m\\\/#breadcrumb\",\"itemListElement\":[{\"@type\":\"ListItem\",\"position\":1,\"name\":\"Home\",\"item\":\"https:\\\/\\\/wmtbaltic.lv\\\/en\\\/\"},{\"@type\":\"ListItem\",\"position\":2,\"name\":\"Shop\",\"item\":\"https:\\\/\\\/wmtbaltic.lv\\\/shop\\\/\"},{\"@type\":\"ListItem\",\"position\":3,\"name\":\"T\u0101fe\u013cu pl\u0113ve EZ ERAZE markeriem, caursp\u012bd\u012bga, 1.35m\"}]},{\"@type\":\"WebSite\",\"@id\":\"https:\\\/\\\/wmtbaltic.lv\\\/#website\",\"url\":\"https:\\\/\\\/wmtbaltic.lv\\\/\",\"name\":\"WMT Baltic\",\"description\":\"Rekl\u0101mas produkti, pl\u0113ves\",\"publisher\":{\"@id\":\"https:\\\/\\\/wmtbaltic.lv\\\/#organization\"},\"potentialAction\":[{\"@type\":\"SearchAction\",\"target\":{\"@type\":\"EntryPoint\",\"urlTemplate\":\"https:\\\/\\\/wmtbaltic.lv\\\/?s={search_term_string}\"},\"query-input\":{\"@type\":\"PropertyValueSpecification\",\"valueRequired\":true,\"valueName\":\"search_term_string\"}}],\"inLanguage\":\"en-US\"},{\"@type\":\"Organization\",\"@id\":\"https:\\\/\\\/wmtbaltic.lv\\\/#organization\",\"name\":\"WMT Baltic\",\"url\":\"https:\\\/\\\/wmtbaltic.lv\\\/\",\"logo\":{\"@type\":\"ImageObject\",\"inLanguage\":\"en-US\",\"@id\":\"https:\\\/\\\/wmtbaltic.lv\\\/#\\\/schema\\\/logo\\\/image\\\/\",\"url\":\"https:\\\/\\\/wmtbaltic.lv\\\/wp-content\\\/uploads\\\/2024\\\/12\\\/wmt-baltic-sia_107142_9_420x180.jpg\",\"contentUrl\":\"https:\\\/\\\/wmtbaltic.lv\\\/wp-content\\\/uploads\\\/2024\\\/12\\\/wmt-baltic-sia_107142_9_420x180.jpg\",\"width\":420,\"height\":180,\"caption\":\"WMT Baltic\"},\"image\":{\"@id\":\"https:\\\/\\\/wmtbaltic.lv\\\/#\\\/schema\\\/logo\\\/image\\\/\"},\"sameAs\":[\"https:\\\/\\\/www.facebook.com\\\/WMT.Baltic.viscom\\\/?locale=lv_LV\",\"https:\\\/\\\/www.instagram.com\\\/viscom_wmt\\\/\"]}]}<\/script>\n<!-- \/ Yoast SEO plugin. -->","yoast_head_json":{"title":"T\u0101fe\u013cu pl\u0113ve EZ ERAZE markeriem, caursp\u012bd\u012bga nopirkt R\u012bg\u0101","description":"T\u0101fe\u013cu pl\u0113ve EZ ERAZE markeriem, balta, nopirkt R\u012bg\u0101","robots":{"index":"index","follow":"follow","max-snippet":"max-snippet:-1","max-image-preview":"max-image-preview:large","max-video-preview":"max-video-preview:-1"},"canonical":"https:\/\/wmtbaltic.lv\/Produkts\/tafelu-pleve-ez-eraze-markeriem-caurspidiga-1-35m\/","og_locale":"en_US","og_type":"article","og_title":"T\u0101fe\u013cu pl\u0113ve EZ ERAZE markeriem, caursp\u012bd\u012bga nopirkt R\u012bg\u0101","og_description":"T\u0101fe\u013cu pl\u0113ve EZ ERAZE markeriem, balta, nopirkt R\u012bg\u0101","og_url":"https:\/\/wmtbaltic.lv\/Produkts\/tafelu-pleve-ez-eraze-markeriem-caurspidiga-1-35m\/","og_site_name":"WMT Baltic","article_publisher":"https:\/\/www.facebook.com\/WMT.Baltic.viscom\/?locale=lv_LV","article_modified_time":"2024-02-16T08:15:12+00:00","og_image":[{"width":512,"height":341,"url":"http:\/\/wmtbaltic.lv\/wp-content\/uploads\/2021\/03\/EZ-erase-white_2.jpg","type":"image\/jpeg"}],"twitter_card":"summary_large_image","twitter_misc":{"Est. reading time":"1 minute"},"schema":{"@context":"https:\/\/schema.org","@graph":[{"@type":"WebPage","@id":"https:\/\/wmtbaltic.lv\/Produkts\/tafelu-pleve-ez-eraze-markeriem-caurspidiga-1-35m\/","url":"https:\/\/wmtbaltic.lv\/Produkts\/tafelu-pleve-ez-eraze-markeriem-caurspidiga-1-35m\/","name":"T\u0101fe\u013cu pl\u0113ve EZ ERAZE markeriem, caursp\u012bd\u012bga nopirkt R\u012bg\u0101","isPartOf":{"@id":"https:\/\/wmtbaltic.lv\/#website"},"primaryImageOfPage":{"@id":"https:\/\/wmtbaltic.lv\/Produkts\/tafelu-pleve-ez-eraze-markeriem-caurspidiga-1-35m\/#primaryimage"},"image":{"@id":"https:\/\/wmtbaltic.lv\/Produkts\/tafelu-pleve-ez-eraze-markeriem-caurspidiga-1-35m\/#primaryimage"},"thumbnailUrl":"https:\/\/wmtbaltic.lv\/wp-content\/uploads\/2021\/03\/EZ-erase-white_2.jpg","datePublished":"2021-03-11T11:10:31+00:00","dateModified":"2024-02-16T08:15:12+00:00","description":"T\u0101fe\u013cu pl\u0113ve EZ ERAZE markeriem, balta, nopirkt R\u012bg\u0101","breadcrumb":{"@id":"https:\/\/wmtbaltic.lv\/Produkts\/tafelu-pleve-ez-eraze-markeriem-caurspidiga-1-35m\/#breadcrumb"},"inLanguage":"en-US","potentialAction":[{"@type":"ReadAction","target":["https:\/\/wmtbaltic.lv\/Produkts\/tafelu-pleve-ez-eraze-markeriem-caurspidiga-1-35m\/"]}]},{"@type":"ImageObject","inLanguage":"en-US","@id":"https:\/\/wmtbaltic.lv\/Produkts\/tafelu-pleve-ez-eraze-markeriem-caurspidiga-1-35m\/#primaryimage","url":"https:\/\/wmtbaltic.lv\/wp-content\/uploads\/2021\/03\/EZ-erase-white_2.jpg","contentUrl":"https:\/\/wmtbaltic.lv\/wp-content\/uploads\/2021\/03\/EZ-erase-white_2.jpg","width":512,"height":341},{"@type":"BreadcrumbList","@id":"https:\/\/wmtbaltic.lv\/Produkts\/tafelu-pleve-ez-eraze-markeriem-caurspidiga-1-35m\/#breadcrumb","itemListElement":[{"@type":"ListItem","position":1,"name":"Home","item":"https:\/\/wmtbaltic.lv\/en\/"},{"@type":"ListItem","position":2,"name":"Shop","item":"https:\/\/wmtbaltic.lv\/shop\/"},{"@type":"ListItem","position":3,"name":"T\u0101fe\u013cu pl\u0113ve EZ ERAZE markeriem, caursp\u012bd\u012bga, 1.35m"}]},{"@type":"WebSite","@id":"https:\/\/wmtbaltic.lv\/#website","url":"https:\/\/wmtbaltic.lv\/","name":"WMT Baltic","description":"Rekl\u0101mas produkti, pl\u0113ves","publisher":{"@id":"https:\/\/wmtbaltic.lv\/#organization"},"potentialAction":[{"@type":"SearchAction","target":{"@type":"EntryPoint","urlTemplate":"https:\/\/wmtbaltic.lv\/?s={search_term_string}"},"query-input":{"@type":"PropertyValueSpecification","valueRequired":true,"valueName":"search_term_string"}}],"inLanguage":"en-US"},{"@type":"Organization","@id":"https:\/\/wmtbaltic.lv\/#organization","name":"WMT Baltic","url":"https:\/\/wmtbaltic.lv\/","logo":{"@type":"ImageObject","inLanguage":"en-US","@id":"https:\/\/wmtbaltic.lv\/#\/schema\/logo\/image\/","url":"https:\/\/wmtbaltic.lv\/wp-content\/uploads\/2024\/12\/wmt-baltic-sia_107142_9_420x180.jpg","contentUrl":"https:\/\/wmtbaltic.lv\/wp-content\/uploads\/2024\/12\/wmt-baltic-sia_107142_9_420x180.jpg","width":420,"height":180,"caption":"WMT Baltic"},"image":{"@id":"https:\/\/wmtbaltic.lv\/#\/schema\/logo\/image\/"},"sameAs":["https:\/\/www.facebook.com\/WMT.Baltic.viscom\/?locale=lv_LV","https:\/\/www.instagram.com\/viscom_wmt\/"]}]}},"_links":{"self":[{"href":"https:\/\/wmtbaltic.lv\/en\/wp-json\/wp\/v2\/product\/5325","targetHints":{"allow":["GET"]}}],"collection":[{"href":"https:\/\/wmtbaltic.lv\/en\/wp-json\/wp\/v2\/product"}],"about":[{"href":"https:\/\/wmtbaltic.lv\/en\/wp-json\/wp\/v2\/types\/product"}],"wp:featuredmedia":[{"embeddable":true,"href":"https:\/\/wmtbaltic.lv\/en\/wp-json\/wp\/v2\/media\/5319"}],"wp:attachment":[{"href":"https:\/\/wmtbaltic.lv\/en\/wp-json\/wp\/v2\/media?parent=5325"}],"wp:term":[{"taxonomy":"product_brand","embeddable":true,"href":"https:\/\/wmtbaltic.lv\/en\/wp-json\/wp\/v2\/product_brand?post=5325"},{"taxonomy":"product_cat","embeddable":true,"href":"https:\/\/wmtbaltic.lv\/en\/wp-json\/wp\/v2\/product_cat?post=5325"},{"taxonomy":"product_tag","embeddable":true,"href":"https:\/\/wmtbaltic.lv\/en\/wp-json\/wp\/v2\/product_tag?post=5325"}],"curies":[{"name":"wp","href":"https:\/\/api.w.org\/{rel}","templated":true}]}}