{"id":4877,"date":"2021-02-08T15:45:12","date_gmt":"2021-02-08T15:45:12","guid":{"rendered":"http:\/\/wmtbaltic.lv\/?post_type=product&#038;p=4877"},"modified":"2021-11-17T08:13:17","modified_gmt":"2021-11-17T08:13:17","slug":"termopleve-t-tape-digital-bergamo-white","status":"publish","type":"product","link":"https:\/\/wmtbaltic.lv\/en\/product\/termopleve-t-tape-digital-bergamo-white\/","title":{"rendered":"Termopl\u0113ve T-Tape Digital Bergamo White"},"content":{"rendered":"<p class=\"western\">Balta poliuret\u0101na termopl\u0113ve digit\u0101lai drukai no PVC materi\u0101la. PE pamatne. Pateicoties speci\u0101lam sl\u0101nim un gludai pl\u0113ves virsmai, druk\u0101\u0161anas laik\u0101 tiek ieg\u016btas spilgtas kr\u0101sas. Ieteikums: pl\u0113ve ir \u013coti glanc\u0113ta un pietiekami bieza (150\u03bc), l\u012bdz ar to t\u0101 ir ide\u0101li piem\u0113rota embl\u0113mu izgatavo\u0161anai (embl\u0113mas labi izskat\u012bsies uz nel\u012bdzeniem un rupjiem audumiem).<\/p>\n<p class=\"western\">Biezums\u00a0 \u00a0 \u00a0 \u00a0 \u00a0 \u00a0 \u00a0 \u00a0 \u00a0 \u00a0 \u00a0 \u00a0 \u00a0 \u00a0 \u00a0 \u00a0 \u00a0 \u00a0150\u03bc<\/p>\n<p class=\"western\">Tintes\u00a0 \u00a0 \u00a0 \u00a0 \u00a0 \u00a0 \u00a0 \u00a0 \u00a0 \u00a0 \u00a0 \u00a0 \u00a0 \u00a0 \u00a0 \u00a0 \u00a0 \u00a0 \u00a0 \u00a0 solventa\/ekosolventa<\/p>\n<p class=\"western\">Druka\u00a0 \u00a0 \u00a0 \u00a0 \u00a0 \u00a0 \u00a0 \u00a0 \u00a0 \u00a0 \u00a0 \u00a0 \u00a0 \u00a0 \u00a0 \u00a0 \u00a0 \u00a0 \u00a0 \u00a0 tie\u0161\u0101<\/p>\n<p class=\"western\">Virsma\u00a0 \u00a0 \u00a0 \u00a0 \u00a0 \u00a0 \u00a0 \u00a0 \u00a0 \u00a0 \u00a0 \u00a0 \u00a0 \u00a0 \u00a0 \u00a0 \u00a0 \u00a0 \u00a0 \u00a0glanc\u0113ta<\/p>\n<p class=\"western\">P\u0101rne\u0161anas temperat\u016bra\u00a0 \u00a0 \u00a0 \u00a0150-160\u00ba\u0421<\/p>\n<p class=\"western\">P\u0101rneses laiks\u00a0 \u00a0 \u00a0 \u00a0 \u00a0 \u00a0 \u00a0 \u00a0 \u00a0 \u00a0 \u00a0 \u00a0 \u00a0 15-20 sek.<\/p>\n<p class=\"western\">Spiediens\u00a0 \u00a0 \u00a0 \u00a0 \u00a0 \u00a0 \u00a0 \u00a0 \u00a0 \u00a0 \u00a0 \u00a0 \u00a0 \u00a0 \u00a0 \u00a0 \u00a0 kokvilna &#8211; augsts, sint\u0113tika &#8211; vid\u0113js<\/p>\n<p class=\"western\">Mazg\u0101\u0161anas temperat\u016bra\u00a0 \u00a0 \u00a0 l\u012bdz 60\u00ba\u0421<\/p>\n<p class=\"western\">Sader\u012bba ar audumiem\u00a0 \u00a0 \u00a0 \u00a0 \u00a0 dab\u012bga kokvilna, kokvilna\/poliesters (jaukti audumi)<\/p>\n<p class=\"western\">Pamatnes no\u0146em\u0161ana\u00a0 \u00a0 \u00a0 \u00a0 \u00a0 \u00a0atdzes\u0113t\u0101 st\u0101vokl\u012b<\/p>\n","protected":false},"excerpt":{"rendered":"Balta poliuret\u0101na termopl\u0113ve digit\u0101lai drukai no PVC materi\u0101la. PE pamatne. Pateicoties speci\u0101lam sl\u0101nim un gludai pl\u0113ves virsmai, druk\u0101\u0161anas laik\u0101 tiek ieg\u016btas spilgtas kr\u0101sas. Ieteikums: pl\u0113ve ir \u013coti glanc\u0113ta un pietiekami bieza (150\u03bc), l\u012bdz ar to t\u0101 ir ide\u0101li piem\u0113rota embl\u0113mu izgatavo\u0161anai (embl\u0113mas labi izskat\u012bsies uz nel\u012bdzeniem un rupjiem audumiem). Biezums\u00a0 \u00a0 \u00a0 \u00a0 \u00a0 \u00a0 [...]","protected":false},"featured_media":4878,"template":"","meta":[],"product_brand":[],"product_cat":[35],"product_tag":[468,538,482],"class_list":{"0":"post-4877","1":"product","2":"type-product","3":"status-publish","4":"has-post-thumbnail","6":"product_cat-termopleves-drukai","7":"product_tag-kreklu-apdruka","8":"product_tag-pleve-drukai","9":"product_tag-termopleve","11":"first","12":"instock","13":"shipping-taxable","14":"purchasable","15":"product-type-simple"},"yoast_head":"<!-- This site is optimized with the Yoast SEO plugin v27.4 - https:\/\/yoast.com\/product\/yoast-seo-wordpress\/ -->\n<title>Termopl\u0113ve T-Tape Digital Bergamo White nopirkt veikal\u0101 R\u012bg\u0101<\/title>\n<meta name=\"robots\" content=\"index, follow, max-snippet:-1, max-image-preview:large, max-video-preview:-1\" \/>\n<link rel=\"canonical\" href=\"https:\/\/wmtbaltic.lv\/Produkts\/termopleve-t-tape-digital-bergamo-white\/\" \/>\n<meta property=\"og:locale\" content=\"en_US\" \/>\n<meta property=\"og:type\" content=\"article\" \/>\n<meta property=\"og:title\" content=\"Termopl\u0113ve T-Tape Digital Bergamo White nopirkt veikal\u0101 R\u012bg\u0101\" \/>\n<meta property=\"og:url\" content=\"https:\/\/wmtbaltic.lv\/Produkts\/termopleve-t-tape-digital-bergamo-white\/\" \/>\n<meta property=\"og:site_name\" content=\"WMT Baltic\" \/>\n<meta property=\"article:publisher\" content=\"https:\/\/www.facebook.com\/WMT.Baltic.viscom\/?locale=lv_LV\" \/>\n<meta property=\"article:modified_time\" content=\"2021-11-17T08:13:17+00:00\" \/>\n<meta property=\"og:image\" content=\"https:\/\/wmtbaltic.lv\/wp-content\/uploads\/2021\/02\/bergamo_white.jpg\" \/>\n\t<meta property=\"og:image:width\" content=\"731\" \/>\n\t<meta property=\"og:image:height\" content=\"731\" \/>\n\t<meta property=\"og:image:type\" content=\"image\/jpeg\" \/>\n<meta name=\"twitter:card\" content=\"summary_large_image\" \/>\n<meta name=\"twitter:label1\" content=\"Est. reading time\" \/>\n\t<meta name=\"twitter:data1\" content=\"1 minute\" \/>\n<script type=\"application\/ld+json\" class=\"yoast-schema-graph\">{\"@context\":\"https:\\\/\\\/schema.org\",\"@graph\":[{\"@type\":\"WebPage\",\"@id\":\"https:\\\/\\\/wmtbaltic.lv\\\/Produkts\\\/termopleve-t-tape-digital-bergamo-white\\\/\",\"url\":\"https:\\\/\\\/wmtbaltic.lv\\\/Produkts\\\/termopleve-t-tape-digital-bergamo-white\\\/\",\"name\":\"Termopl\u0113ve T-Tape Digital Bergamo White nopirkt veikal\u0101 R\u012bg\u0101\",\"isPartOf\":{\"@id\":\"https:\\\/\\\/wmtbaltic.lv\\\/#website\"},\"primaryImageOfPage\":{\"@id\":\"https:\\\/\\\/wmtbaltic.lv\\\/Produkts\\\/termopleve-t-tape-digital-bergamo-white\\\/#primaryimage\"},\"image\":{\"@id\":\"https:\\\/\\\/wmtbaltic.lv\\\/Produkts\\\/termopleve-t-tape-digital-bergamo-white\\\/#primaryimage\"},\"thumbnailUrl\":\"https:\\\/\\\/wmtbaltic.lv\\\/wp-content\\\/uploads\\\/2021\\\/02\\\/bergamo_white.jpg\",\"datePublished\":\"2021-02-08T15:45:12+00:00\",\"dateModified\":\"2021-11-17T08:13:17+00:00\",\"breadcrumb\":{\"@id\":\"https:\\\/\\\/wmtbaltic.lv\\\/Produkts\\\/termopleve-t-tape-digital-bergamo-white\\\/#breadcrumb\"},\"inLanguage\":\"en-US\",\"potentialAction\":[{\"@type\":\"ReadAction\",\"target\":[\"https:\\\/\\\/wmtbaltic.lv\\\/Produkts\\\/termopleve-t-tape-digital-bergamo-white\\\/\"]}]},{\"@type\":\"ImageObject\",\"inLanguage\":\"en-US\",\"@id\":\"https:\\\/\\\/wmtbaltic.lv\\\/Produkts\\\/termopleve-t-tape-digital-bergamo-white\\\/#primaryimage\",\"url\":\"https:\\\/\\\/wmtbaltic.lv\\\/wp-content\\\/uploads\\\/2021\\\/02\\\/bergamo_white.jpg\",\"contentUrl\":\"https:\\\/\\\/wmtbaltic.lv\\\/wp-content\\\/uploads\\\/2021\\\/02\\\/bergamo_white.jpg\",\"width\":731,\"height\":731},{\"@type\":\"BreadcrumbList\",\"@id\":\"https:\\\/\\\/wmtbaltic.lv\\\/Produkts\\\/termopleve-t-tape-digital-bergamo-white\\\/#breadcrumb\",\"itemListElement\":[{\"@type\":\"ListItem\",\"position\":1,\"name\":\"Home\",\"item\":\"https:\\\/\\\/wmtbaltic.lv\\\/en\\\/\"},{\"@type\":\"ListItem\",\"position\":2,\"name\":\"Shop\",\"item\":\"https:\\\/\\\/wmtbaltic.lv\\\/shop\\\/\"},{\"@type\":\"ListItem\",\"position\":3,\"name\":\"Termopl\u0113ve T-Tape Digital Bergamo White\"}]},{\"@type\":\"WebSite\",\"@id\":\"https:\\\/\\\/wmtbaltic.lv\\\/#website\",\"url\":\"https:\\\/\\\/wmtbaltic.lv\\\/\",\"name\":\"WMT Baltic\",\"description\":\"Rekl\u0101mas produkti, pl\u0113ves\",\"publisher\":{\"@id\":\"https:\\\/\\\/wmtbaltic.lv\\\/#organization\"},\"potentialAction\":[{\"@type\":\"SearchAction\",\"target\":{\"@type\":\"EntryPoint\",\"urlTemplate\":\"https:\\\/\\\/wmtbaltic.lv\\\/?s={search_term_string}\"},\"query-input\":{\"@type\":\"PropertyValueSpecification\",\"valueRequired\":true,\"valueName\":\"search_term_string\"}}],\"inLanguage\":\"en-US\"},{\"@type\":\"Organization\",\"@id\":\"https:\\\/\\\/wmtbaltic.lv\\\/#organization\",\"name\":\"WMT Baltic\",\"url\":\"https:\\\/\\\/wmtbaltic.lv\\\/\",\"logo\":{\"@type\":\"ImageObject\",\"inLanguage\":\"en-US\",\"@id\":\"https:\\\/\\\/wmtbaltic.lv\\\/#\\\/schema\\\/logo\\\/image\\\/\",\"url\":\"https:\\\/\\\/wmtbaltic.lv\\\/wp-content\\\/uploads\\\/2024\\\/12\\\/wmt-baltic-sia_107142_9_420x180.jpg\",\"contentUrl\":\"https:\\\/\\\/wmtbaltic.lv\\\/wp-content\\\/uploads\\\/2024\\\/12\\\/wmt-baltic-sia_107142_9_420x180.jpg\",\"width\":420,\"height\":180,\"caption\":\"WMT Baltic\"},\"image\":{\"@id\":\"https:\\\/\\\/wmtbaltic.lv\\\/#\\\/schema\\\/logo\\\/image\\\/\"},\"sameAs\":[\"https:\\\/\\\/www.facebook.com\\\/WMT.Baltic.viscom\\\/?locale=lv_LV\",\"https:\\\/\\\/www.instagram.com\\\/viscom_wmt\\\/\"]}]}<\/script>\n<!-- \/ Yoast SEO plugin. -->","yoast_head_json":{"title":"Termopl\u0113ve T-Tape Digital Bergamo White nopirkt veikal\u0101 R\u012bg\u0101","robots":{"index":"index","follow":"follow","max-snippet":"max-snippet:-1","max-image-preview":"max-image-preview:large","max-video-preview":"max-video-preview:-1"},"canonical":"https:\/\/wmtbaltic.lv\/Produkts\/termopleve-t-tape-digital-bergamo-white\/","og_locale":"en_US","og_type":"article","og_title":"Termopl\u0113ve T-Tape Digital Bergamo White nopirkt veikal\u0101 R\u012bg\u0101","og_url":"https:\/\/wmtbaltic.lv\/Produkts\/termopleve-t-tape-digital-bergamo-white\/","og_site_name":"WMT Baltic","article_publisher":"https:\/\/www.facebook.com\/WMT.Baltic.viscom\/?locale=lv_LV","article_modified_time":"2021-11-17T08:13:17+00:00","og_image":[{"width":731,"height":731,"url":"https:\/\/wmtbaltic.lv\/wp-content\/uploads\/2021\/02\/bergamo_white.jpg","type":"image\/jpeg"}],"twitter_card":"summary_large_image","twitter_misc":{"Est. reading time":"1 minute"},"schema":{"@context":"https:\/\/schema.org","@graph":[{"@type":"WebPage","@id":"https:\/\/wmtbaltic.lv\/Produkts\/termopleve-t-tape-digital-bergamo-white\/","url":"https:\/\/wmtbaltic.lv\/Produkts\/termopleve-t-tape-digital-bergamo-white\/","name":"Termopl\u0113ve T-Tape Digital Bergamo White nopirkt veikal\u0101 R\u012bg\u0101","isPartOf":{"@id":"https:\/\/wmtbaltic.lv\/#website"},"primaryImageOfPage":{"@id":"https:\/\/wmtbaltic.lv\/Produkts\/termopleve-t-tape-digital-bergamo-white\/#primaryimage"},"image":{"@id":"https:\/\/wmtbaltic.lv\/Produkts\/termopleve-t-tape-digital-bergamo-white\/#primaryimage"},"thumbnailUrl":"https:\/\/wmtbaltic.lv\/wp-content\/uploads\/2021\/02\/bergamo_white.jpg","datePublished":"2021-02-08T15:45:12+00:00","dateModified":"2021-11-17T08:13:17+00:00","breadcrumb":{"@id":"https:\/\/wmtbaltic.lv\/Produkts\/termopleve-t-tape-digital-bergamo-white\/#breadcrumb"},"inLanguage":"en-US","potentialAction":[{"@type":"ReadAction","target":["https:\/\/wmtbaltic.lv\/Produkts\/termopleve-t-tape-digital-bergamo-white\/"]}]},{"@type":"ImageObject","inLanguage":"en-US","@id":"https:\/\/wmtbaltic.lv\/Produkts\/termopleve-t-tape-digital-bergamo-white\/#primaryimage","url":"https:\/\/wmtbaltic.lv\/wp-content\/uploads\/2021\/02\/bergamo_white.jpg","contentUrl":"https:\/\/wmtbaltic.lv\/wp-content\/uploads\/2021\/02\/bergamo_white.jpg","width":731,"height":731},{"@type":"BreadcrumbList","@id":"https:\/\/wmtbaltic.lv\/Produkts\/termopleve-t-tape-digital-bergamo-white\/#breadcrumb","itemListElement":[{"@type":"ListItem","position":1,"name":"Home","item":"https:\/\/wmtbaltic.lv\/en\/"},{"@type":"ListItem","position":2,"name":"Shop","item":"https:\/\/wmtbaltic.lv\/shop\/"},{"@type":"ListItem","position":3,"name":"Termopl\u0113ve T-Tape Digital Bergamo White"}]},{"@type":"WebSite","@id":"https:\/\/wmtbaltic.lv\/#website","url":"https:\/\/wmtbaltic.lv\/","name":"WMT Baltic","description":"Rekl\u0101mas produkti, pl\u0113ves","publisher":{"@id":"https:\/\/wmtbaltic.lv\/#organization"},"potentialAction":[{"@type":"SearchAction","target":{"@type":"EntryPoint","urlTemplate":"https:\/\/wmtbaltic.lv\/?s={search_term_string}"},"query-input":{"@type":"PropertyValueSpecification","valueRequired":true,"valueName":"search_term_string"}}],"inLanguage":"en-US"},{"@type":"Organization","@id":"https:\/\/wmtbaltic.lv\/#organization","name":"WMT Baltic","url":"https:\/\/wmtbaltic.lv\/","logo":{"@type":"ImageObject","inLanguage":"en-US","@id":"https:\/\/wmtbaltic.lv\/#\/schema\/logo\/image\/","url":"https:\/\/wmtbaltic.lv\/wp-content\/uploads\/2024\/12\/wmt-baltic-sia_107142_9_420x180.jpg","contentUrl":"https:\/\/wmtbaltic.lv\/wp-content\/uploads\/2024\/12\/wmt-baltic-sia_107142_9_420x180.jpg","width":420,"height":180,"caption":"WMT Baltic"},"image":{"@id":"https:\/\/wmtbaltic.lv\/#\/schema\/logo\/image\/"},"sameAs":["https:\/\/www.facebook.com\/WMT.Baltic.viscom\/?locale=lv_LV","https:\/\/www.instagram.com\/viscom_wmt\/"]}]}},"_links":{"self":[{"href":"https:\/\/wmtbaltic.lv\/en\/wp-json\/wp\/v2\/product\/4877","targetHints":{"allow":["GET"]}}],"collection":[{"href":"https:\/\/wmtbaltic.lv\/en\/wp-json\/wp\/v2\/product"}],"about":[{"href":"https:\/\/wmtbaltic.lv\/en\/wp-json\/wp\/v2\/types\/product"}],"wp:featuredmedia":[{"embeddable":true,"href":"https:\/\/wmtbaltic.lv\/en\/wp-json\/wp\/v2\/media\/4878"}],"wp:attachment":[{"href":"https:\/\/wmtbaltic.lv\/en\/wp-json\/wp\/v2\/media?parent=4877"}],"wp:term":[{"taxonomy":"product_brand","embeddable":true,"href":"https:\/\/wmtbaltic.lv\/en\/wp-json\/wp\/v2\/product_brand?post=4877"},{"taxonomy":"product_cat","embeddable":true,"href":"https:\/\/wmtbaltic.lv\/en\/wp-json\/wp\/v2\/product_cat?post=4877"},{"taxonomy":"product_tag","embeddable":true,"href":"https:\/\/wmtbaltic.lv\/en\/wp-json\/wp\/v2\/product_tag?post=4877"}],"curies":[{"name":"wp","href":"https:\/\/api.w.org\/{rel}","templated":true}]}}