{"id":4874,"date":"2021-02-08T15:41:09","date_gmt":"2021-02-08T15:41:09","guid":{"rendered":"http:\/\/wmtbaltic.lv\/?post_type=product&#038;p=4874"},"modified":"2021-02-10T08:18:19","modified_gmt":"2021-02-10T08:18:19","slug":"termopleve-t-tape-digital-bergamo-dark-nylon","status":"publish","type":"product","link":"https:\/\/wmtbaltic.lv\/en\/product\/termopleve-t-tape-digital-bergamo-dark-nylon\/","title":{"rendered":"Termopl\u0113ve T-Tape Digital Bergamo Dark\/Nylon"},"content":{"rendered":"<p class=\"western\">\u012apa\u0161i pl\u0101na poliuret\u0101na termopl\u0113ve digit\u0101lai drukai un grie\u0161anai ar ploteri. PE pamatne. Pl\u0113ve piem\u0113rota tum\u0161iem audumiem. Ieteikums: Dotais materi\u0101ls \u012bpa\u0161i aktu\u0101ls tum\u0161iem audumiem. Tekstilizstr\u0101d\u0101juma kr\u0101sa praktiski nesp\u012bd\u0113s cauri materi\u0101lam. K\u0101 ar\u012b materi\u0101la pielieto\u0161ana ir \u012bpa\u0161i aktu\u0101la, kad nepiecie\u0161ams izgatavot MAT\u0112TU embl\u0113mu!<\/p>\n<p class=\"western\">Biezums\u00a0 \u00a0 \u00a0 \u00a0 \u00a0 \u00a0 \u00a0 \u00a0 \u00a0 \u00a0 \u00a0 \u00a0 \u00a0 \u00a0 \u00a0 \u00a0 \u00a0 \u00a0 \u00a070\u03bc<\/p>\n<p class=\"western\">Tintes\u00a0 \u00a0 \u00a0 \u00a0 \u00a0 \u00a0 \u00a0 \u00a0 \u00a0 \u00a0 \u00a0 \u00a0 \u00a0 \u00a0 \u00a0 \u00a0 \u00a0 \u00a0 \u00a0 \u00a0 \u00a0solventa\/ekosolventa<\/p>\n<p class=\"western\">Druka\u00a0 \u00a0 \u00a0 \u00a0 \u00a0 \u00a0 \u00a0 \u00a0 \u00a0 \u00a0 \u00a0 \u00a0 \u00a0 \u00a0 \u00a0 \u00a0 \u00a0 \u00a0 \u00a0 \u00a0 \u00a0tie\u0161\u0101<\/p>\n<p class=\"western\">Virsma\u00a0 \u00a0 \u00a0 \u00a0 \u00a0 \u00a0 \u00a0 \u00a0 \u00a0 \u00a0 \u00a0 \u00a0 \u00a0 \u00a0 \u00a0 \u00a0 \u00a0 \u00a0 \u00a0 \u00a0 mat\u0113ta<\/p>\n<p class=\"western\">P\u0101rne\u0161anas temperat\u016bra\u00a0 \u00a0 \u00a0 \u00a0 150-160\u00ba\u0421<\/p>\n<p class=\"western\">P\u0101rneses laiks\u00a0 \u00a0 \u00a0 \u00a0 \u00a0 \u00a0 \u00a0 \u00a0 \u00a0 \u00a0 \u00a0 \u00a0 \u00a0 \u00a015-20 sek.<\/p>\n<p class=\"western\">Spiediens\u00a0 \u00a0 \u00a0 \u00a0 \u00a0 \u00a0 \u00a0 \u00a0 \u00a0 \u00a0 \u00a0 \u00a0 \u00a0 \u00a0 \u00a0 \u00a0 \u00a0 \u00a0kokvilna &#8211; augsts, sint\u0113tika &#8211; vid\u0113js<\/p>\n<p class=\"western\">Mazg\u0101\u0161anas temperat\u016bra\u00a0 \u00a0 \u00a0 \u00a0l\u012bdz 40\u00ba\u0421<\/p>\n<p class=\"western\">Sader\u012bba ar audumiem\u00a0 \u00a0 \u00a0 \u00a0 \u00a0 \u00a0kokvilna\/poliesters (jaukti audumi), poliesters Pamatnes no\u0146em\u0161ana atdzes\u0113t\u0101 st\u0101vokl\u012b<\/p>\n","protected":false},"excerpt":{"rendered":"\u012apa\u0161i pl\u0101na poliuret\u0101na termopl\u0113ve digit\u0101lai drukai un grie\u0161anai ar ploteri. PE pamatne. Pl\u0113ve piem\u0113rota tum\u0161iem audumiem. Ieteikums: Dotais materi\u0101ls \u012bpa\u0161i aktu\u0101ls tum\u0161iem audumiem. Tekstilizstr\u0101d\u0101juma kr\u0101sa praktiski nesp\u012bd\u0113s cauri materi\u0101lam. K\u0101 ar\u012b materi\u0101la pielieto\u0161ana ir \u012bpa\u0161i aktu\u0101la, kad nepiecie\u0161ams izgatavot MAT\u0112TU embl\u0113mu! Biezums\u00a0 \u00a0 \u00a0 \u00a0 \u00a0 \u00a0 \u00a0 \u00a0 \u00a0 \u00a0 \u00a0 \u00a0 \u00a0 \u00a0 [...]","protected":false},"featured_media":4875,"template":"","meta":[],"product_brand":[],"product_cat":[35],"product_tag":[468,538,482],"class_list":{"0":"post-4874","1":"product","2":"type-product","3":"status-publish","4":"has-post-thumbnail","6":"product_cat-termopleves-drukai","7":"product_tag-kreklu-apdruka","8":"product_tag-pleve-drukai","9":"product_tag-termopleve","11":"first","12":"instock","13":"shipping-taxable","14":"purchasable","15":"product-type-simple"},"yoast_head":"<!-- This site is optimized with the Yoast SEO plugin v27.4 - https:\/\/yoast.com\/product\/yoast-seo-wordpress\/ -->\n<title>Termopl\u0113ve T-Tape Digital Bergamo Dark\/Nylon nopirkt veikal\u0101 R\u012bg\u0101<\/title>\n<meta name=\"robots\" content=\"index, follow, max-snippet:-1, max-image-preview:large, max-video-preview:-1\" \/>\n<link rel=\"canonical\" href=\"https:\/\/wmtbaltic.lv\/Produkts\/termopleve-t-tape-digital-bergamo-dark-nylon\/\" \/>\n<meta property=\"og:locale\" content=\"en_US\" \/>\n<meta property=\"og:type\" content=\"article\" \/>\n<meta property=\"og:title\" content=\"Termopl\u0113ve T-Tape Digital Bergamo Dark\/Nylon nopirkt veikal\u0101 R\u012bg\u0101\" \/>\n<meta property=\"og:url\" content=\"https:\/\/wmtbaltic.lv\/Produkts\/termopleve-t-tape-digital-bergamo-dark-nylon\/\" \/>\n<meta property=\"og:site_name\" content=\"WMT Baltic\" \/>\n<meta property=\"article:publisher\" content=\"https:\/\/www.facebook.com\/WMT.Baltic.viscom\/?locale=lv_LV\" \/>\n<meta property=\"article:modified_time\" content=\"2021-02-10T08:18:19+00:00\" \/>\n<meta property=\"og:image\" content=\"https:\/\/wmtbaltic.lv\/wp-content\/uploads\/2021\/02\/bergamo_dark.jpg\" \/>\n\t<meta property=\"og:image:width\" content=\"731\" \/>\n\t<meta property=\"og:image:height\" content=\"731\" \/>\n\t<meta property=\"og:image:type\" content=\"image\/jpeg\" \/>\n<meta name=\"twitter:card\" content=\"summary_large_image\" \/>\n<meta name=\"twitter:label1\" content=\"Est. reading time\" \/>\n\t<meta name=\"twitter:data1\" content=\"1 minute\" \/>\n<script type=\"application\/ld+json\" class=\"yoast-schema-graph\">{\"@context\":\"https:\\\/\\\/schema.org\",\"@graph\":[{\"@type\":\"WebPage\",\"@id\":\"https:\\\/\\\/wmtbaltic.lv\\\/Produkts\\\/termopleve-t-tape-digital-bergamo-dark-nylon\\\/\",\"url\":\"https:\\\/\\\/wmtbaltic.lv\\\/Produkts\\\/termopleve-t-tape-digital-bergamo-dark-nylon\\\/\",\"name\":\"Termopl\u0113ve T-Tape Digital Bergamo Dark\\\/Nylon nopirkt veikal\u0101 R\u012bg\u0101\",\"isPartOf\":{\"@id\":\"https:\\\/\\\/wmtbaltic.lv\\\/#website\"},\"primaryImageOfPage\":{\"@id\":\"https:\\\/\\\/wmtbaltic.lv\\\/Produkts\\\/termopleve-t-tape-digital-bergamo-dark-nylon\\\/#primaryimage\"},\"image\":{\"@id\":\"https:\\\/\\\/wmtbaltic.lv\\\/Produkts\\\/termopleve-t-tape-digital-bergamo-dark-nylon\\\/#primaryimage\"},\"thumbnailUrl\":\"https:\\\/\\\/wmtbaltic.lv\\\/wp-content\\\/uploads\\\/2021\\\/02\\\/bergamo_dark.jpg\",\"datePublished\":\"2021-02-08T15:41:09+00:00\",\"dateModified\":\"2021-02-10T08:18:19+00:00\",\"breadcrumb\":{\"@id\":\"https:\\\/\\\/wmtbaltic.lv\\\/Produkts\\\/termopleve-t-tape-digital-bergamo-dark-nylon\\\/#breadcrumb\"},\"inLanguage\":\"en-US\",\"potentialAction\":[{\"@type\":\"ReadAction\",\"target\":[\"https:\\\/\\\/wmtbaltic.lv\\\/Produkts\\\/termopleve-t-tape-digital-bergamo-dark-nylon\\\/\"]}]},{\"@type\":\"ImageObject\",\"inLanguage\":\"en-US\",\"@id\":\"https:\\\/\\\/wmtbaltic.lv\\\/Produkts\\\/termopleve-t-tape-digital-bergamo-dark-nylon\\\/#primaryimage\",\"url\":\"https:\\\/\\\/wmtbaltic.lv\\\/wp-content\\\/uploads\\\/2021\\\/02\\\/bergamo_dark.jpg\",\"contentUrl\":\"https:\\\/\\\/wmtbaltic.lv\\\/wp-content\\\/uploads\\\/2021\\\/02\\\/bergamo_dark.jpg\",\"width\":731,\"height\":731},{\"@type\":\"BreadcrumbList\",\"@id\":\"https:\\\/\\\/wmtbaltic.lv\\\/Produkts\\\/termopleve-t-tape-digital-bergamo-dark-nylon\\\/#breadcrumb\",\"itemListElement\":[{\"@type\":\"ListItem\",\"position\":1,\"name\":\"Home\",\"item\":\"https:\\\/\\\/wmtbaltic.lv\\\/en\\\/\"},{\"@type\":\"ListItem\",\"position\":2,\"name\":\"Shop\",\"item\":\"https:\\\/\\\/wmtbaltic.lv\\\/shop\\\/\"},{\"@type\":\"ListItem\",\"position\":3,\"name\":\"Termopl\u0113ve T-Tape Digital Bergamo Dark\\\/Nylon\"}]},{\"@type\":\"WebSite\",\"@id\":\"https:\\\/\\\/wmtbaltic.lv\\\/#website\",\"url\":\"https:\\\/\\\/wmtbaltic.lv\\\/\",\"name\":\"WMT Baltic\",\"description\":\"Rekl\u0101mas produkti, pl\u0113ves\",\"publisher\":{\"@id\":\"https:\\\/\\\/wmtbaltic.lv\\\/#organization\"},\"potentialAction\":[{\"@type\":\"SearchAction\",\"target\":{\"@type\":\"EntryPoint\",\"urlTemplate\":\"https:\\\/\\\/wmtbaltic.lv\\\/?s={search_term_string}\"},\"query-input\":{\"@type\":\"PropertyValueSpecification\",\"valueRequired\":true,\"valueName\":\"search_term_string\"}}],\"inLanguage\":\"en-US\"},{\"@type\":\"Organization\",\"@id\":\"https:\\\/\\\/wmtbaltic.lv\\\/#organization\",\"name\":\"WMT Baltic\",\"url\":\"https:\\\/\\\/wmtbaltic.lv\\\/\",\"logo\":{\"@type\":\"ImageObject\",\"inLanguage\":\"en-US\",\"@id\":\"https:\\\/\\\/wmtbaltic.lv\\\/#\\\/schema\\\/logo\\\/image\\\/\",\"url\":\"https:\\\/\\\/wmtbaltic.lv\\\/wp-content\\\/uploads\\\/2024\\\/12\\\/wmt-baltic-sia_107142_9_420x180.jpg\",\"contentUrl\":\"https:\\\/\\\/wmtbaltic.lv\\\/wp-content\\\/uploads\\\/2024\\\/12\\\/wmt-baltic-sia_107142_9_420x180.jpg\",\"width\":420,\"height\":180,\"caption\":\"WMT Baltic\"},\"image\":{\"@id\":\"https:\\\/\\\/wmtbaltic.lv\\\/#\\\/schema\\\/logo\\\/image\\\/\"},\"sameAs\":[\"https:\\\/\\\/www.facebook.com\\\/WMT.Baltic.viscom\\\/?locale=lv_LV\",\"https:\\\/\\\/www.instagram.com\\\/viscom_wmt\\\/\"]}]}<\/script>\n<!-- \/ Yoast SEO plugin. -->","yoast_head_json":{"title":"Termopl\u0113ve T-Tape Digital Bergamo Dark\/Nylon nopirkt veikal\u0101 R\u012bg\u0101","robots":{"index":"index","follow":"follow","max-snippet":"max-snippet:-1","max-image-preview":"max-image-preview:large","max-video-preview":"max-video-preview:-1"},"canonical":"https:\/\/wmtbaltic.lv\/Produkts\/termopleve-t-tape-digital-bergamo-dark-nylon\/","og_locale":"en_US","og_type":"article","og_title":"Termopl\u0113ve T-Tape Digital Bergamo Dark\/Nylon nopirkt veikal\u0101 R\u012bg\u0101","og_url":"https:\/\/wmtbaltic.lv\/Produkts\/termopleve-t-tape-digital-bergamo-dark-nylon\/","og_site_name":"WMT Baltic","article_publisher":"https:\/\/www.facebook.com\/WMT.Baltic.viscom\/?locale=lv_LV","article_modified_time":"2021-02-10T08:18:19+00:00","og_image":[{"width":731,"height":731,"url":"https:\/\/wmtbaltic.lv\/wp-content\/uploads\/2021\/02\/bergamo_dark.jpg","type":"image\/jpeg"}],"twitter_card":"summary_large_image","twitter_misc":{"Est. reading time":"1 minute"},"schema":{"@context":"https:\/\/schema.org","@graph":[{"@type":"WebPage","@id":"https:\/\/wmtbaltic.lv\/Produkts\/termopleve-t-tape-digital-bergamo-dark-nylon\/","url":"https:\/\/wmtbaltic.lv\/Produkts\/termopleve-t-tape-digital-bergamo-dark-nylon\/","name":"Termopl\u0113ve T-Tape Digital Bergamo Dark\/Nylon nopirkt veikal\u0101 R\u012bg\u0101","isPartOf":{"@id":"https:\/\/wmtbaltic.lv\/#website"},"primaryImageOfPage":{"@id":"https:\/\/wmtbaltic.lv\/Produkts\/termopleve-t-tape-digital-bergamo-dark-nylon\/#primaryimage"},"image":{"@id":"https:\/\/wmtbaltic.lv\/Produkts\/termopleve-t-tape-digital-bergamo-dark-nylon\/#primaryimage"},"thumbnailUrl":"https:\/\/wmtbaltic.lv\/wp-content\/uploads\/2021\/02\/bergamo_dark.jpg","datePublished":"2021-02-08T15:41:09+00:00","dateModified":"2021-02-10T08:18:19+00:00","breadcrumb":{"@id":"https:\/\/wmtbaltic.lv\/Produkts\/termopleve-t-tape-digital-bergamo-dark-nylon\/#breadcrumb"},"inLanguage":"en-US","potentialAction":[{"@type":"ReadAction","target":["https:\/\/wmtbaltic.lv\/Produkts\/termopleve-t-tape-digital-bergamo-dark-nylon\/"]}]},{"@type":"ImageObject","inLanguage":"en-US","@id":"https:\/\/wmtbaltic.lv\/Produkts\/termopleve-t-tape-digital-bergamo-dark-nylon\/#primaryimage","url":"https:\/\/wmtbaltic.lv\/wp-content\/uploads\/2021\/02\/bergamo_dark.jpg","contentUrl":"https:\/\/wmtbaltic.lv\/wp-content\/uploads\/2021\/02\/bergamo_dark.jpg","width":731,"height":731},{"@type":"BreadcrumbList","@id":"https:\/\/wmtbaltic.lv\/Produkts\/termopleve-t-tape-digital-bergamo-dark-nylon\/#breadcrumb","itemListElement":[{"@type":"ListItem","position":1,"name":"Home","item":"https:\/\/wmtbaltic.lv\/en\/"},{"@type":"ListItem","position":2,"name":"Shop","item":"https:\/\/wmtbaltic.lv\/shop\/"},{"@type":"ListItem","position":3,"name":"Termopl\u0113ve T-Tape Digital Bergamo Dark\/Nylon"}]},{"@type":"WebSite","@id":"https:\/\/wmtbaltic.lv\/#website","url":"https:\/\/wmtbaltic.lv\/","name":"WMT Baltic","description":"Rekl\u0101mas produkti, pl\u0113ves","publisher":{"@id":"https:\/\/wmtbaltic.lv\/#organization"},"potentialAction":[{"@type":"SearchAction","target":{"@type":"EntryPoint","urlTemplate":"https:\/\/wmtbaltic.lv\/?s={search_term_string}"},"query-input":{"@type":"PropertyValueSpecification","valueRequired":true,"valueName":"search_term_string"}}],"inLanguage":"en-US"},{"@type":"Organization","@id":"https:\/\/wmtbaltic.lv\/#organization","name":"WMT Baltic","url":"https:\/\/wmtbaltic.lv\/","logo":{"@type":"ImageObject","inLanguage":"en-US","@id":"https:\/\/wmtbaltic.lv\/#\/schema\/logo\/image\/","url":"https:\/\/wmtbaltic.lv\/wp-content\/uploads\/2024\/12\/wmt-baltic-sia_107142_9_420x180.jpg","contentUrl":"https:\/\/wmtbaltic.lv\/wp-content\/uploads\/2024\/12\/wmt-baltic-sia_107142_9_420x180.jpg","width":420,"height":180,"caption":"WMT Baltic"},"image":{"@id":"https:\/\/wmtbaltic.lv\/#\/schema\/logo\/image\/"},"sameAs":["https:\/\/www.facebook.com\/WMT.Baltic.viscom\/?locale=lv_LV","https:\/\/www.instagram.com\/viscom_wmt\/"]}]}},"_links":{"self":[{"href":"https:\/\/wmtbaltic.lv\/en\/wp-json\/wp\/v2\/product\/4874","targetHints":{"allow":["GET"]}}],"collection":[{"href":"https:\/\/wmtbaltic.lv\/en\/wp-json\/wp\/v2\/product"}],"about":[{"href":"https:\/\/wmtbaltic.lv\/en\/wp-json\/wp\/v2\/types\/product"}],"wp:featuredmedia":[{"embeddable":true,"href":"https:\/\/wmtbaltic.lv\/en\/wp-json\/wp\/v2\/media\/4875"}],"wp:attachment":[{"href":"https:\/\/wmtbaltic.lv\/en\/wp-json\/wp\/v2\/media?parent=4874"}],"wp:term":[{"taxonomy":"product_brand","embeddable":true,"href":"https:\/\/wmtbaltic.lv\/en\/wp-json\/wp\/v2\/product_brand?post=4874"},{"taxonomy":"product_cat","embeddable":true,"href":"https:\/\/wmtbaltic.lv\/en\/wp-json\/wp\/v2\/product_cat?post=4874"},{"taxonomy":"product_tag","embeddable":true,"href":"https:\/\/wmtbaltic.lv\/en\/wp-json\/wp\/v2\/product_tag?post=4874"}],"curies":[{"name":"wp","href":"https:\/\/api.w.org\/{rel}","templated":true}]}}