{"id":4868,"date":"2021-02-08T15:22:45","date_gmt":"2021-02-08T15:22:45","guid":{"rendered":"http:\/\/wmtbaltic.lv\/?post_type=product&#038;p=4868"},"modified":"2021-11-17T08:23:44","modified_gmt":"2021-11-17T08:23:44","slug":"termopleve-t-tape-bergamo-sublistop","status":"publish","type":"product","link":"https:\/\/wmtbaltic.lv\/en\/product\/termopleve-t-tape-bergamo-sublistop\/","title":{"rendered":"Termopl\u0113ve T-Tape Bergamo Sublistop"},"content":{"rendered":"<p class=\"western\">Termopl\u0113ve T-Tape Bergamo Sublistop ir speci\u0101la pl\u0113ve (190 \u03bc) pilnkr\u0101su att\u0113lu drukai ar solventa un ekosolventa tint\u0113m, grie\u0161anai ar ploteri un att\u0113lu p\u0101rne\u0161anai ar Sublistop tehnolo\u0123iju. 100 \u03bc pamatne \u013cauj izgriezt pat mazas deta\u013cas. Sublistop &#8211; ne\u013cauj auduma kr\u0101s\u0101m ilgsto\u0161as mazg\u0101\u0161anas laik\u0101 migr\u0113t uz druk\u0101t\u0101 att\u0113la virsmas, t\u0101d\u0113j\u0101di embl\u0113mas un att\u0113li ilgsto\u0161i saglab\u0101s savu ori\u0123in\u0101lo kr\u0101su. Materi\u0101ls ir \u012bpa\u0161i aktu\u0101ls sporta ap\u0123\u0113rbu embl\u0113mu izgatavo\u0161anai un p\u0101rne\u0161anai uz sublim\u0113tiem audumiem.<\/p>\n<p class=\"western\">Biezums\u00a0 \u00a0 \u00a0 \u00a0 \u00a0 \u00a0 \u00a0 \u00a0 \u00a0 \u00a0 \u00a0 \u00a0 \u00a0 \u00a0 \u00a0 \u00a0 \u00a0 \u00a0 190+\/10\u03bc<\/p>\n<p class=\"western\">Tintes\u00a0 \u00a0 \u00a0 \u00a0 \u00a0 \u00a0 \u00a0 \u00a0 \u00a0 \u00a0 \u00a0 \u00a0 \u00a0 \u00a0 \u00a0 \u00a0 \u00a0 \u00a0 \u00a0 \u00a0 solventa\/ekosolventa<\/p>\n<p class=\"western\">Druka\u00a0 \u00a0 \u00a0 \u00a0 \u00a0 \u00a0 \u00a0 \u00a0 \u00a0 \u00a0 \u00a0 \u00a0 \u00a0 \u00a0 \u00a0 \u00a0 \u00a0 \u00a0 \u00a0 \u00a0 \u00a0Tie\u0161a<\/p>\n<p class=\"western\">Virsma\u00a0 \u00a0 \u00a0 \u00a0 \u00a0 \u00a0 \u00a0 \u00a0 \u00a0 \u00a0 \u00a0 \u00a0 \u00a0 \u00a0 \u00a0 \u00a0 \u00a0 \u00a0 \u00a0 \u00a0glanc\u0113ta<\/p>\n<p class=\"western\">P\u0101rne\u0161anas temperat\u016bra\u00a0 \u00a0 \u00a0 \u00a0150-160 \u00ba\u0421<\/p>\n<p class=\"western\">P\u0101rneses laiks\u00a0 \u00a0 \u00a0 \u00a0 \u00a0 \u00a0 \u00a0 \u00a0 \u00a0 \u00a0 \u00a0 \u00a0 \u00a0 15-20 sek.<\/p>\n<p class=\"western\">Mazg\u0101\u0161anas temperat\u016bra\u00a0 \u00a0 \u00a0 60\u00ba\u0421 (mazg\u0101\u0161ana un gludin\u0101\u0161ana no kreis\u0101s puses)<\/p>\n<p class=\"western\">Sader\u012bba ar audumiem\u00a0 \u00a0 \u00a0 \u00a0 \u00a0 \u00a0kokvilna, kokvilnas sajaukums, 100% poliesters<\/p>\n","protected":false},"excerpt":{"rendered":"Termopl\u0113ve T-Tape Bergamo Sublistop ir speci\u0101la pl\u0113ve (190 \u03bc) pilnkr\u0101su att\u0113lu drukai ar solventa un ekosolventa tint\u0113m, grie\u0161anai ar ploteri un att\u0113lu p\u0101rne\u0161anai ar Sublistop tehnolo\u0123iju. 100 \u03bc pamatne \u013cauj izgriezt pat mazas deta\u013cas. Sublistop - ne\u013cauj auduma kr\u0101s\u0101m ilgsto\u0161as mazg\u0101\u0161anas laik\u0101 migr\u0113t uz druk\u0101t\u0101 att\u0113la virsmas, t\u0101d\u0113j\u0101di embl\u0113mas un att\u0113li ilgsto\u0161i saglab\u0101s savu ori\u0123in\u0101lo [...]","protected":false},"featured_media":4869,"template":"","meta":[],"product_brand":[],"product_cat":[35],"product_tag":[468,538,482],"class_list":{"0":"post-4868","1":"product","2":"type-product","3":"status-publish","4":"has-post-thumbnail","6":"product_cat-termopleves-drukai","7":"product_tag-kreklu-apdruka","8":"product_tag-pleve-drukai","9":"product_tag-termopleve","11":"first","12":"instock","13":"shipping-taxable","14":"purchasable","15":"product-type-simple"},"yoast_head":"<!-- This site is optimized with the Yoast SEO plugin v27.4 - https:\/\/yoast.com\/product\/yoast-seo-wordpress\/ -->\n<title>Termopl\u0113ve T-Tape Bergamo Sublistop nopirkt veikal\u0101 R\u012bg\u0101<\/title>\n<meta name=\"robots\" content=\"index, follow, max-snippet:-1, max-image-preview:large, max-video-preview:-1\" \/>\n<link rel=\"canonical\" href=\"https:\/\/wmtbaltic.lv\/Produkts\/termopleve-t-tape-bergamo-sublistop\/\" \/>\n<meta property=\"og:locale\" content=\"en_US\" \/>\n<meta property=\"og:type\" content=\"article\" \/>\n<meta property=\"og:title\" content=\"Termopl\u0113ve T-Tape Bergamo Sublistop nopirkt veikal\u0101 R\u012bg\u0101\" \/>\n<meta property=\"og:url\" content=\"https:\/\/wmtbaltic.lv\/Produkts\/termopleve-t-tape-bergamo-sublistop\/\" \/>\n<meta property=\"og:site_name\" content=\"WMT Baltic\" \/>\n<meta property=\"article:publisher\" content=\"https:\/\/www.facebook.com\/WMT.Baltic.viscom\/?locale=lv_LV\" \/>\n<meta property=\"article:modified_time\" content=\"2021-11-17T08:23:44+00:00\" \/>\n<meta property=\"og:image\" content=\"https:\/\/wmtbaltic.lv\/wp-content\/uploads\/2021\/02\/sublistop.jpg\" \/>\n\t<meta property=\"og:image:width\" content=\"731\" \/>\n\t<meta property=\"og:image:height\" content=\"731\" \/>\n\t<meta property=\"og:image:type\" content=\"image\/jpeg\" \/>\n<meta name=\"twitter:card\" content=\"summary_large_image\" \/>\n<meta name=\"twitter:label1\" content=\"Est. reading time\" \/>\n\t<meta name=\"twitter:data1\" content=\"1 minute\" \/>\n<script type=\"application\/ld+json\" class=\"yoast-schema-graph\">{\"@context\":\"https:\\\/\\\/schema.org\",\"@graph\":[{\"@type\":\"WebPage\",\"@id\":\"https:\\\/\\\/wmtbaltic.lv\\\/Produkts\\\/termopleve-t-tape-bergamo-sublistop\\\/\",\"url\":\"https:\\\/\\\/wmtbaltic.lv\\\/Produkts\\\/termopleve-t-tape-bergamo-sublistop\\\/\",\"name\":\"Termopl\u0113ve T-Tape Bergamo Sublistop nopirkt veikal\u0101 R\u012bg\u0101\",\"isPartOf\":{\"@id\":\"https:\\\/\\\/wmtbaltic.lv\\\/#website\"},\"primaryImageOfPage\":{\"@id\":\"https:\\\/\\\/wmtbaltic.lv\\\/Produkts\\\/termopleve-t-tape-bergamo-sublistop\\\/#primaryimage\"},\"image\":{\"@id\":\"https:\\\/\\\/wmtbaltic.lv\\\/Produkts\\\/termopleve-t-tape-bergamo-sublistop\\\/#primaryimage\"},\"thumbnailUrl\":\"https:\\\/\\\/wmtbaltic.lv\\\/wp-content\\\/uploads\\\/2021\\\/02\\\/sublistop.jpg\",\"datePublished\":\"2021-02-08T15:22:45+00:00\",\"dateModified\":\"2021-11-17T08:23:44+00:00\",\"breadcrumb\":{\"@id\":\"https:\\\/\\\/wmtbaltic.lv\\\/Produkts\\\/termopleve-t-tape-bergamo-sublistop\\\/#breadcrumb\"},\"inLanguage\":\"en-US\",\"potentialAction\":[{\"@type\":\"ReadAction\",\"target\":[\"https:\\\/\\\/wmtbaltic.lv\\\/Produkts\\\/termopleve-t-tape-bergamo-sublistop\\\/\"]}]},{\"@type\":\"ImageObject\",\"inLanguage\":\"en-US\",\"@id\":\"https:\\\/\\\/wmtbaltic.lv\\\/Produkts\\\/termopleve-t-tape-bergamo-sublistop\\\/#primaryimage\",\"url\":\"https:\\\/\\\/wmtbaltic.lv\\\/wp-content\\\/uploads\\\/2021\\\/02\\\/sublistop.jpg\",\"contentUrl\":\"https:\\\/\\\/wmtbaltic.lv\\\/wp-content\\\/uploads\\\/2021\\\/02\\\/sublistop.jpg\",\"width\":731,\"height\":731},{\"@type\":\"BreadcrumbList\",\"@id\":\"https:\\\/\\\/wmtbaltic.lv\\\/Produkts\\\/termopleve-t-tape-bergamo-sublistop\\\/#breadcrumb\",\"itemListElement\":[{\"@type\":\"ListItem\",\"position\":1,\"name\":\"Home\",\"item\":\"https:\\\/\\\/wmtbaltic.lv\\\/en\\\/\"},{\"@type\":\"ListItem\",\"position\":2,\"name\":\"Shop\",\"item\":\"https:\\\/\\\/wmtbaltic.lv\\\/shop\\\/\"},{\"@type\":\"ListItem\",\"position\":3,\"name\":\"Termopl\u0113ve T-Tape Bergamo Sublistop\"}]},{\"@type\":\"WebSite\",\"@id\":\"https:\\\/\\\/wmtbaltic.lv\\\/#website\",\"url\":\"https:\\\/\\\/wmtbaltic.lv\\\/\",\"name\":\"WMT Baltic\",\"description\":\"Rekl\u0101mas produkti, pl\u0113ves\",\"publisher\":{\"@id\":\"https:\\\/\\\/wmtbaltic.lv\\\/#organization\"},\"potentialAction\":[{\"@type\":\"SearchAction\",\"target\":{\"@type\":\"EntryPoint\",\"urlTemplate\":\"https:\\\/\\\/wmtbaltic.lv\\\/?s={search_term_string}\"},\"query-input\":{\"@type\":\"PropertyValueSpecification\",\"valueRequired\":true,\"valueName\":\"search_term_string\"}}],\"inLanguage\":\"en-US\"},{\"@type\":\"Organization\",\"@id\":\"https:\\\/\\\/wmtbaltic.lv\\\/#organization\",\"name\":\"WMT Baltic\",\"url\":\"https:\\\/\\\/wmtbaltic.lv\\\/\",\"logo\":{\"@type\":\"ImageObject\",\"inLanguage\":\"en-US\",\"@id\":\"https:\\\/\\\/wmtbaltic.lv\\\/#\\\/schema\\\/logo\\\/image\\\/\",\"url\":\"https:\\\/\\\/wmtbaltic.lv\\\/wp-content\\\/uploads\\\/2024\\\/12\\\/wmt-baltic-sia_107142_9_420x180.jpg\",\"contentUrl\":\"https:\\\/\\\/wmtbaltic.lv\\\/wp-content\\\/uploads\\\/2024\\\/12\\\/wmt-baltic-sia_107142_9_420x180.jpg\",\"width\":420,\"height\":180,\"caption\":\"WMT Baltic\"},\"image\":{\"@id\":\"https:\\\/\\\/wmtbaltic.lv\\\/#\\\/schema\\\/logo\\\/image\\\/\"},\"sameAs\":[\"https:\\\/\\\/www.facebook.com\\\/WMT.Baltic.viscom\\\/?locale=lv_LV\",\"https:\\\/\\\/www.instagram.com\\\/viscom_wmt\\\/\"]}]}<\/script>\n<!-- \/ Yoast SEO plugin. -->","yoast_head_json":{"title":"Termopl\u0113ve T-Tape Bergamo Sublistop nopirkt veikal\u0101 R\u012bg\u0101","robots":{"index":"index","follow":"follow","max-snippet":"max-snippet:-1","max-image-preview":"max-image-preview:large","max-video-preview":"max-video-preview:-1"},"canonical":"https:\/\/wmtbaltic.lv\/Produkts\/termopleve-t-tape-bergamo-sublistop\/","og_locale":"en_US","og_type":"article","og_title":"Termopl\u0113ve T-Tape Bergamo Sublistop nopirkt veikal\u0101 R\u012bg\u0101","og_url":"https:\/\/wmtbaltic.lv\/Produkts\/termopleve-t-tape-bergamo-sublistop\/","og_site_name":"WMT Baltic","article_publisher":"https:\/\/www.facebook.com\/WMT.Baltic.viscom\/?locale=lv_LV","article_modified_time":"2021-11-17T08:23:44+00:00","og_image":[{"width":731,"height":731,"url":"https:\/\/wmtbaltic.lv\/wp-content\/uploads\/2021\/02\/sublistop.jpg","type":"image\/jpeg"}],"twitter_card":"summary_large_image","twitter_misc":{"Est. reading time":"1 minute"},"schema":{"@context":"https:\/\/schema.org","@graph":[{"@type":"WebPage","@id":"https:\/\/wmtbaltic.lv\/Produkts\/termopleve-t-tape-bergamo-sublistop\/","url":"https:\/\/wmtbaltic.lv\/Produkts\/termopleve-t-tape-bergamo-sublistop\/","name":"Termopl\u0113ve T-Tape Bergamo Sublistop nopirkt veikal\u0101 R\u012bg\u0101","isPartOf":{"@id":"https:\/\/wmtbaltic.lv\/#website"},"primaryImageOfPage":{"@id":"https:\/\/wmtbaltic.lv\/Produkts\/termopleve-t-tape-bergamo-sublistop\/#primaryimage"},"image":{"@id":"https:\/\/wmtbaltic.lv\/Produkts\/termopleve-t-tape-bergamo-sublistop\/#primaryimage"},"thumbnailUrl":"https:\/\/wmtbaltic.lv\/wp-content\/uploads\/2021\/02\/sublistop.jpg","datePublished":"2021-02-08T15:22:45+00:00","dateModified":"2021-11-17T08:23:44+00:00","breadcrumb":{"@id":"https:\/\/wmtbaltic.lv\/Produkts\/termopleve-t-tape-bergamo-sublistop\/#breadcrumb"},"inLanguage":"en-US","potentialAction":[{"@type":"ReadAction","target":["https:\/\/wmtbaltic.lv\/Produkts\/termopleve-t-tape-bergamo-sublistop\/"]}]},{"@type":"ImageObject","inLanguage":"en-US","@id":"https:\/\/wmtbaltic.lv\/Produkts\/termopleve-t-tape-bergamo-sublistop\/#primaryimage","url":"https:\/\/wmtbaltic.lv\/wp-content\/uploads\/2021\/02\/sublistop.jpg","contentUrl":"https:\/\/wmtbaltic.lv\/wp-content\/uploads\/2021\/02\/sublistop.jpg","width":731,"height":731},{"@type":"BreadcrumbList","@id":"https:\/\/wmtbaltic.lv\/Produkts\/termopleve-t-tape-bergamo-sublistop\/#breadcrumb","itemListElement":[{"@type":"ListItem","position":1,"name":"Home","item":"https:\/\/wmtbaltic.lv\/en\/"},{"@type":"ListItem","position":2,"name":"Shop","item":"https:\/\/wmtbaltic.lv\/shop\/"},{"@type":"ListItem","position":3,"name":"Termopl\u0113ve T-Tape Bergamo Sublistop"}]},{"@type":"WebSite","@id":"https:\/\/wmtbaltic.lv\/#website","url":"https:\/\/wmtbaltic.lv\/","name":"WMT Baltic","description":"Rekl\u0101mas produkti, pl\u0113ves","publisher":{"@id":"https:\/\/wmtbaltic.lv\/#organization"},"potentialAction":[{"@type":"SearchAction","target":{"@type":"EntryPoint","urlTemplate":"https:\/\/wmtbaltic.lv\/?s={search_term_string}"},"query-input":{"@type":"PropertyValueSpecification","valueRequired":true,"valueName":"search_term_string"}}],"inLanguage":"en-US"},{"@type":"Organization","@id":"https:\/\/wmtbaltic.lv\/#organization","name":"WMT Baltic","url":"https:\/\/wmtbaltic.lv\/","logo":{"@type":"ImageObject","inLanguage":"en-US","@id":"https:\/\/wmtbaltic.lv\/#\/schema\/logo\/image\/","url":"https:\/\/wmtbaltic.lv\/wp-content\/uploads\/2024\/12\/wmt-baltic-sia_107142_9_420x180.jpg","contentUrl":"https:\/\/wmtbaltic.lv\/wp-content\/uploads\/2024\/12\/wmt-baltic-sia_107142_9_420x180.jpg","width":420,"height":180,"caption":"WMT Baltic"},"image":{"@id":"https:\/\/wmtbaltic.lv\/#\/schema\/logo\/image\/"},"sameAs":["https:\/\/www.facebook.com\/WMT.Baltic.viscom\/?locale=lv_LV","https:\/\/www.instagram.com\/viscom_wmt\/"]}]}},"_links":{"self":[{"href":"https:\/\/wmtbaltic.lv\/en\/wp-json\/wp\/v2\/product\/4868","targetHints":{"allow":["GET"]}}],"collection":[{"href":"https:\/\/wmtbaltic.lv\/en\/wp-json\/wp\/v2\/product"}],"about":[{"href":"https:\/\/wmtbaltic.lv\/en\/wp-json\/wp\/v2\/types\/product"}],"wp:featuredmedia":[{"embeddable":true,"href":"https:\/\/wmtbaltic.lv\/en\/wp-json\/wp\/v2\/media\/4869"}],"wp:attachment":[{"href":"https:\/\/wmtbaltic.lv\/en\/wp-json\/wp\/v2\/media?parent=4868"}],"wp:term":[{"taxonomy":"product_brand","embeddable":true,"href":"https:\/\/wmtbaltic.lv\/en\/wp-json\/wp\/v2\/product_brand?post=4868"},{"taxonomy":"product_cat","embeddable":true,"href":"https:\/\/wmtbaltic.lv\/en\/wp-json\/wp\/v2\/product_cat?post=4868"},{"taxonomy":"product_tag","embeddable":true,"href":"https:\/\/wmtbaltic.lv\/en\/wp-json\/wp\/v2\/product_tag?post=4868"}],"curies":[{"name":"wp","href":"https:\/\/api.w.org\/{rel}","templated":true}]}}