{"id":4859,"date":"2021-02-08T15:00:46","date_gmt":"2021-02-08T15:00:46","guid":{"rendered":"http:\/\/wmtbaltic.lv\/?post_type=product&#038;p=4859"},"modified":"2025-02-17T09:06:43","modified_gmt":"2025-02-17T09:06:43","slug":"termopleve-soft-matt","status":"publish","type":"product","link":"https:\/\/wmtbaltic.lv\/en\/product\/termopleve-soft-matt\/","title":{"rendered":"Termopl\u0113ve Soft Matt 4030"},"content":{"rendered":"<p id=\"tw-target-text\" class=\"tw-data-text tw-text-large tw-ta\" dir=\"ltr\" data-placeholder=\"Tulkojums\"><span class=\"Y2IQFc\" lang=\"lv\">ULTIMATE PRINT SOFT 4030 MATT ir apdruk\u0101jama PU tekstila termop\u0101rneses pl\u0113ve (necaursp\u012bd\u012bga balta, 80 \u00b5) piem\u0113rota gai\u0161iem un tum\u0161iem tekstilizstr\u0101d\u0101jumiem.\u00a0<\/span><\/p>\n<p id=\"tw-target-text\" class=\"tw-data-text tw-text-large tw-ta\" dir=\"ltr\" data-placeholder=\"Tulkojums\"><span class=\"Y2IQFc\" lang=\"lv\">ULTIMATE PRINT SOFT 4030 MATT pied\u0101v\u0101 augstas kvalit\u0101tes drukas iz\u0161\u0137irtsp\u0113ju ar mat\u0113tu apdari un pat\u012bkami m\u012bkstu tekstila piesk\u0101rienu. Pateicoties \u012bpa\u0161ajam virsk\u0101rtas p\u0101rkl\u0101jumam, pl\u0113vei ir lieliska mazg\u0101\u0161anas iztur\u012bba.<\/span><\/p>\n<p dir=\"ltr\" data-placeholder=\"Tulkojums\">ULTIMATE PRINT SOFT 4030 MATT ir sader\u012bga ar visiem printeriem, kas izmanto ECO-solventa tintes. Pateicoties jaunizveidotajam, nel\u012bpo\u0161ajam PET pl\u0113ves p\u0101rkl\u0101jumam, pat \u013coti mazus burtus un mot\u012bvus var viegli izt\u012br\u012bt p\u0113c druk\u0101\u0161anas un ploter\u0113\u0161anas procesa.<\/p>\n<p id=\"tw-target-text\" class=\"tw-data-text tw-text-large tw-ta\" dir=\"ltr\" data-placeholder=\"Tulkojums\"><span class=\"Y2IQFc\" lang=\"lv\">\u0160\u012b pl\u0113ve tiek pla\u0161i izmantota sporta mot\u012bviem un logotipiem, atp\u016btas un darba ap\u0123\u0113rbiem.<\/span><\/p>\n<h4 dir=\"ltr\" data-placeholder=\"Tulkojums\"><a href=\"http:\/\/wmtbaltic.lv\/wp-content\/uploads\/2021\/02\/ULTIMATE_PRINT_SOFT_4030_MATT_en_01.pdf\"><strong>Tehnisk\u0101 inform\u0101cija ULTIMATE_PRINT_SOFT_4030_MATT<\/strong><\/a><\/h4>\n","protected":false},"excerpt":{"rendered":"ULTIMATE PRINT SOFT 4030 MATT ir apdruk\u0101jama PU tekstila termop\u0101rneses pl\u0113ve (necaursp\u012bd\u012bga balta, 80 \u00b5) piem\u0113rota gai\u0161iem un tum\u0161iem tekstilizstr\u0101d\u0101jumiem.\u00a0 ULTIMATE PRINT SOFT 4030 MATT pied\u0101v\u0101 augstas kvalit\u0101tes drukas iz\u0161\u0137irtsp\u0113ju ar mat\u0113tu apdari un pat\u012bkami m\u012bkstu tekstila piesk\u0101rienu. Pateicoties \u012bpa\u0161ajam virsk\u0101rtas p\u0101rkl\u0101jumam, pl\u0113vei ir lieliska mazg\u0101\u0161anas iztur\u012bba. ULTIMATE PRINT SOFT 4030 MATT ir sader\u012bga ar [...]","protected":false},"featured_media":12673,"template":"","meta":[],"product_brand":[],"product_cat":[35],"product_tag":[468,538,482],"class_list":{"0":"post-4859","1":"product","2":"type-product","3":"status-publish","4":"has-post-thumbnail","6":"product_cat-termopleves-drukai","7":"product_tag-kreklu-apdruka","8":"product_tag-pleve-drukai","9":"product_tag-termopleve","11":"first","12":"instock","13":"shipping-taxable","14":"purchasable","15":"product-type-simple"},"yoast_head":"<!-- This site is optimized with the Yoast SEO plugin v27.4 - https:\/\/yoast.com\/product\/yoast-seo-wordpress\/ -->\n<title>Termopl\u0113ve ULTIMATE PRINT SOFT 4030 MATT veikal\u0101 R\u012bg\u0101<\/title>\n<meta name=\"robots\" content=\"index, follow, max-snippet:-1, max-image-preview:large, max-video-preview:-1\" \/>\n<link rel=\"canonical\" href=\"https:\/\/wmtbaltic.lv\/product\/termopleve-soft-matt\/\" \/>\n<meta property=\"og:locale\" content=\"en_US\" \/>\n<meta property=\"og:type\" content=\"article\" \/>\n<meta property=\"og:title\" content=\"Termopl\u0113ve ULTIMATE PRINT SOFT 4030 MATT veikal\u0101 R\u012bg\u0101\" \/>\n<meta property=\"og:url\" content=\"https:\/\/wmtbaltic.lv\/product\/termopleve-soft-matt\/\" \/>\n<meta property=\"og:site_name\" content=\"WMT Baltic\" \/>\n<meta property=\"article:publisher\" content=\"https:\/\/www.facebook.com\/WMT.Baltic.viscom\/?locale=lv_LV\" \/>\n<meta property=\"article:modified_time\" content=\"2025-02-17T09:06:43+00:00\" \/>\n<meta property=\"og:image\" content=\"http:\/\/wmtbaltic.lv\/wp-content\/uploads\/2021\/02\/PRINT-SOFT-4030-MATT.jpg\" \/>\n\t<meta property=\"og:image:width\" content=\"529\" \/>\n\t<meta property=\"og:image:height\" content=\"529\" \/>\n\t<meta property=\"og:image:type\" content=\"image\/jpeg\" \/>\n<meta name=\"twitter:card\" content=\"summary_large_image\" \/>\n<meta name=\"twitter:label1\" content=\"Est. reading time\" \/>\n\t<meta name=\"twitter:data1\" content=\"1 minute\" \/>\n<script type=\"application\/ld+json\" class=\"yoast-schema-graph\">{\"@context\":\"https:\\\/\\\/schema.org\",\"@graph\":[{\"@type\":\"WebPage\",\"@id\":\"https:\\\/\\\/wmtbaltic.lv\\\/product\\\/termopleve-soft-matt\\\/\",\"url\":\"https:\\\/\\\/wmtbaltic.lv\\\/product\\\/termopleve-soft-matt\\\/\",\"name\":\"Termopl\u0113ve ULTIMATE PRINT SOFT 4030 MATT veikal\u0101 R\u012bg\u0101\",\"isPartOf\":{\"@id\":\"https:\\\/\\\/wmtbaltic.lv\\\/#website\"},\"primaryImageOfPage\":{\"@id\":\"https:\\\/\\\/wmtbaltic.lv\\\/product\\\/termopleve-soft-matt\\\/#primaryimage\"},\"image\":{\"@id\":\"https:\\\/\\\/wmtbaltic.lv\\\/product\\\/termopleve-soft-matt\\\/#primaryimage\"},\"thumbnailUrl\":\"https:\\\/\\\/wmtbaltic.lv\\\/wp-content\\\/uploads\\\/2021\\\/02\\\/PRINT-SOFT-4030-MATT.jpg\",\"datePublished\":\"2021-02-08T15:00:46+00:00\",\"dateModified\":\"2025-02-17T09:06:43+00:00\",\"breadcrumb\":{\"@id\":\"https:\\\/\\\/wmtbaltic.lv\\\/product\\\/termopleve-soft-matt\\\/#breadcrumb\"},\"inLanguage\":\"en-US\",\"potentialAction\":[{\"@type\":\"ReadAction\",\"target\":[\"https:\\\/\\\/wmtbaltic.lv\\\/product\\\/termopleve-soft-matt\\\/\"]}]},{\"@type\":\"ImageObject\",\"inLanguage\":\"en-US\",\"@id\":\"https:\\\/\\\/wmtbaltic.lv\\\/product\\\/termopleve-soft-matt\\\/#primaryimage\",\"url\":\"https:\\\/\\\/wmtbaltic.lv\\\/wp-content\\\/uploads\\\/2021\\\/02\\\/PRINT-SOFT-4030-MATT.jpg\",\"contentUrl\":\"https:\\\/\\\/wmtbaltic.lv\\\/wp-content\\\/uploads\\\/2021\\\/02\\\/PRINT-SOFT-4030-MATT.jpg\",\"width\":529,\"height\":529},{\"@type\":\"BreadcrumbList\",\"@id\":\"https:\\\/\\\/wmtbaltic.lv\\\/product\\\/termopleve-soft-matt\\\/#breadcrumb\",\"itemListElement\":[{\"@type\":\"ListItem\",\"position\":1,\"name\":\"Home\",\"item\":\"https:\\\/\\\/wmtbaltic.lv\\\/en\\\/\"},{\"@type\":\"ListItem\",\"position\":2,\"name\":\"Shop\",\"item\":\"https:\\\/\\\/wmtbaltic.lv\\\/shop\\\/\"},{\"@type\":\"ListItem\",\"position\":3,\"name\":\"Termopl\u0113ve Soft Matt 4030\"}]},{\"@type\":\"WebSite\",\"@id\":\"https:\\\/\\\/wmtbaltic.lv\\\/#website\",\"url\":\"https:\\\/\\\/wmtbaltic.lv\\\/\",\"name\":\"WMT Baltic\",\"description\":\"Rekl\u0101mas produkti, pl\u0113ves\",\"publisher\":{\"@id\":\"https:\\\/\\\/wmtbaltic.lv\\\/#organization\"},\"potentialAction\":[{\"@type\":\"SearchAction\",\"target\":{\"@type\":\"EntryPoint\",\"urlTemplate\":\"https:\\\/\\\/wmtbaltic.lv\\\/?s={search_term_string}\"},\"query-input\":{\"@type\":\"PropertyValueSpecification\",\"valueRequired\":true,\"valueName\":\"search_term_string\"}}],\"inLanguage\":\"en-US\"},{\"@type\":\"Organization\",\"@id\":\"https:\\\/\\\/wmtbaltic.lv\\\/#organization\",\"name\":\"WMT Baltic\",\"url\":\"https:\\\/\\\/wmtbaltic.lv\\\/\",\"logo\":{\"@type\":\"ImageObject\",\"inLanguage\":\"en-US\",\"@id\":\"https:\\\/\\\/wmtbaltic.lv\\\/#\\\/schema\\\/logo\\\/image\\\/\",\"url\":\"https:\\\/\\\/wmtbaltic.lv\\\/wp-content\\\/uploads\\\/2024\\\/12\\\/wmt-baltic-sia_107142_9_420x180.jpg\",\"contentUrl\":\"https:\\\/\\\/wmtbaltic.lv\\\/wp-content\\\/uploads\\\/2024\\\/12\\\/wmt-baltic-sia_107142_9_420x180.jpg\",\"width\":420,\"height\":180,\"caption\":\"WMT Baltic\"},\"image\":{\"@id\":\"https:\\\/\\\/wmtbaltic.lv\\\/#\\\/schema\\\/logo\\\/image\\\/\"},\"sameAs\":[\"https:\\\/\\\/www.facebook.com\\\/WMT.Baltic.viscom\\\/?locale=lv_LV\",\"https:\\\/\\\/www.instagram.com\\\/viscom_wmt\\\/\"]}]}<\/script>\n<!-- \/ Yoast SEO plugin. -->","yoast_head_json":{"title":"Termopl\u0113ve ULTIMATE PRINT SOFT 4030 MATT veikal\u0101 R\u012bg\u0101","robots":{"index":"index","follow":"follow","max-snippet":"max-snippet:-1","max-image-preview":"max-image-preview:large","max-video-preview":"max-video-preview:-1"},"canonical":"https:\/\/wmtbaltic.lv\/product\/termopleve-soft-matt\/","og_locale":"en_US","og_type":"article","og_title":"Termopl\u0113ve ULTIMATE PRINT SOFT 4030 MATT veikal\u0101 R\u012bg\u0101","og_url":"https:\/\/wmtbaltic.lv\/product\/termopleve-soft-matt\/","og_site_name":"WMT Baltic","article_publisher":"https:\/\/www.facebook.com\/WMT.Baltic.viscom\/?locale=lv_LV","article_modified_time":"2025-02-17T09:06:43+00:00","og_image":[{"width":529,"height":529,"url":"http:\/\/wmtbaltic.lv\/wp-content\/uploads\/2021\/02\/PRINT-SOFT-4030-MATT.jpg","type":"image\/jpeg"}],"twitter_card":"summary_large_image","twitter_misc":{"Est. reading time":"1 minute"},"schema":{"@context":"https:\/\/schema.org","@graph":[{"@type":"WebPage","@id":"https:\/\/wmtbaltic.lv\/product\/termopleve-soft-matt\/","url":"https:\/\/wmtbaltic.lv\/product\/termopleve-soft-matt\/","name":"Termopl\u0113ve ULTIMATE PRINT SOFT 4030 MATT veikal\u0101 R\u012bg\u0101","isPartOf":{"@id":"https:\/\/wmtbaltic.lv\/#website"},"primaryImageOfPage":{"@id":"https:\/\/wmtbaltic.lv\/product\/termopleve-soft-matt\/#primaryimage"},"image":{"@id":"https:\/\/wmtbaltic.lv\/product\/termopleve-soft-matt\/#primaryimage"},"thumbnailUrl":"https:\/\/wmtbaltic.lv\/wp-content\/uploads\/2021\/02\/PRINT-SOFT-4030-MATT.jpg","datePublished":"2021-02-08T15:00:46+00:00","dateModified":"2025-02-17T09:06:43+00:00","breadcrumb":{"@id":"https:\/\/wmtbaltic.lv\/product\/termopleve-soft-matt\/#breadcrumb"},"inLanguage":"en-US","potentialAction":[{"@type":"ReadAction","target":["https:\/\/wmtbaltic.lv\/product\/termopleve-soft-matt\/"]}]},{"@type":"ImageObject","inLanguage":"en-US","@id":"https:\/\/wmtbaltic.lv\/product\/termopleve-soft-matt\/#primaryimage","url":"https:\/\/wmtbaltic.lv\/wp-content\/uploads\/2021\/02\/PRINT-SOFT-4030-MATT.jpg","contentUrl":"https:\/\/wmtbaltic.lv\/wp-content\/uploads\/2021\/02\/PRINT-SOFT-4030-MATT.jpg","width":529,"height":529},{"@type":"BreadcrumbList","@id":"https:\/\/wmtbaltic.lv\/product\/termopleve-soft-matt\/#breadcrumb","itemListElement":[{"@type":"ListItem","position":1,"name":"Home","item":"https:\/\/wmtbaltic.lv\/en\/"},{"@type":"ListItem","position":2,"name":"Shop","item":"https:\/\/wmtbaltic.lv\/shop\/"},{"@type":"ListItem","position":3,"name":"Termopl\u0113ve Soft Matt 4030"}]},{"@type":"WebSite","@id":"https:\/\/wmtbaltic.lv\/#website","url":"https:\/\/wmtbaltic.lv\/","name":"WMT Baltic","description":"Rekl\u0101mas produkti, pl\u0113ves","publisher":{"@id":"https:\/\/wmtbaltic.lv\/#organization"},"potentialAction":[{"@type":"SearchAction","target":{"@type":"EntryPoint","urlTemplate":"https:\/\/wmtbaltic.lv\/?s={search_term_string}"},"query-input":{"@type":"PropertyValueSpecification","valueRequired":true,"valueName":"search_term_string"}}],"inLanguage":"en-US"},{"@type":"Organization","@id":"https:\/\/wmtbaltic.lv\/#organization","name":"WMT Baltic","url":"https:\/\/wmtbaltic.lv\/","logo":{"@type":"ImageObject","inLanguage":"en-US","@id":"https:\/\/wmtbaltic.lv\/#\/schema\/logo\/image\/","url":"https:\/\/wmtbaltic.lv\/wp-content\/uploads\/2024\/12\/wmt-baltic-sia_107142_9_420x180.jpg","contentUrl":"https:\/\/wmtbaltic.lv\/wp-content\/uploads\/2024\/12\/wmt-baltic-sia_107142_9_420x180.jpg","width":420,"height":180,"caption":"WMT Baltic"},"image":{"@id":"https:\/\/wmtbaltic.lv\/#\/schema\/logo\/image\/"},"sameAs":["https:\/\/www.facebook.com\/WMT.Baltic.viscom\/?locale=lv_LV","https:\/\/www.instagram.com\/viscom_wmt\/"]}]}},"_links":{"self":[{"href":"https:\/\/wmtbaltic.lv\/en\/wp-json\/wp\/v2\/product\/4859","targetHints":{"allow":["GET"]}}],"collection":[{"href":"https:\/\/wmtbaltic.lv\/en\/wp-json\/wp\/v2\/product"}],"about":[{"href":"https:\/\/wmtbaltic.lv\/en\/wp-json\/wp\/v2\/types\/product"}],"wp:featuredmedia":[{"embeddable":true,"href":"https:\/\/wmtbaltic.lv\/en\/wp-json\/wp\/v2\/media\/12673"}],"wp:attachment":[{"href":"https:\/\/wmtbaltic.lv\/en\/wp-json\/wp\/v2\/media?parent=4859"}],"wp:term":[{"taxonomy":"product_brand","embeddable":true,"href":"https:\/\/wmtbaltic.lv\/en\/wp-json\/wp\/v2\/product_brand?post=4859"},{"taxonomy":"product_cat","embeddable":true,"href":"https:\/\/wmtbaltic.lv\/en\/wp-json\/wp\/v2\/product_cat?post=4859"},{"taxonomy":"product_tag","embeddable":true,"href":"https:\/\/wmtbaltic.lv\/en\/wp-json\/wp\/v2\/product_tag?post=4859"}],"curies":[{"name":"wp","href":"https:\/\/api.w.org\/{rel}","templated":true}]}}