{"id":4856,"date":"2021-02-08T14:33:43","date_gmt":"2021-02-08T14:33:43","guid":{"rendered":"http:\/\/wmtbaltic.lv\/?post_type=product&#038;p=4856"},"modified":"2025-02-17T09:00:17","modified_gmt":"2025-02-17T09:00:17","slug":"termopleve-t-tape-bergamo-turbo-print","status":"publish","type":"product","link":"https:\/\/wmtbaltic.lv\/en\/product\/termopleve-t-tape-bergamo-turbo-print\/","title":{"rendered":"Termopl\u0113ve T-Tape Bergamo Turbo Print"},"content":{"rendered":"<p id=\"tw-target-text\" class=\"tw-data-text tw-text-large tw-ta\" dir=\"ltr\" data-placeholder=\"Tulkojums\"><span class=\"Y2IQFc\" lang=\"lv\">TURBO PRINT 4036 MATT ir druk\u0101jama PU tekstila termop\u0101rneses pl\u0113ve (necaursp\u012bd\u012bga balta, 100 \u00b5) piem\u0113rota gai\u0161iem un tum\u0161iem tekstilizstr\u0101d\u0101jumiem.<\/span><\/p>\n<p id=\"tw-target-text\" class=\"tw-data-text tw-text-large tw-ta\" dir=\"ltr\" data-placeholder=\"Tulkojums\"><span class=\"Y2IQFc\" lang=\"lv\">TURBO PRINT 4036 MATT pied\u0101v\u0101 augstu drukas iz\u0161\u0137irtsp\u0113ju ar mat\u0113tu apdari. Pateicoties \u012bpa\u0161ajai virsk\u0101rtai, pl\u0113ve nodro\u0161ina izcilu mazg\u0101\u0161anas iztur\u012bbu. Pl\u0113ve tiek izmantota mot\u012bviem un logotipiem sporta, atp\u016btas un darba ap\u0123\u0113rb\u0101.<\/span><\/p>\n<p id=\"tw-target-text\" class=\"tw-data-text tw-text-large tw-ta\" dir=\"ltr\" data-placeholder=\"Tulkojums\"><span class=\"Y2IQFc\" lang=\"lv\">TURBO PRINT 4036 MATT ir piem\u0113rots p\u0101rne\u0161anai uz tekstilizstr\u0101d\u0101jumiem, piem\u0113ram, kokvilnas, poliesters, nep\u0101rkl\u0101ts neilons, poliestera\/kokvilnas un poliestera mais\u012bjumi\/ akrils. P\u0101rne\u0161anai uz neilona, \u200b\u200bkas apstr\u0101d\u0101ts ar jebk\u0101da veida p\u0101rkl\u0101jumu, l\u016bdzu, p\u0101rbaudiet piem\u0113rot\u012bbu.<\/span><\/p>\n<p id=\"tw-target-text\" class=\"tw-data-text tw-text-large tw-ta\" dir=\"ltr\" data-placeholder=\"Tulkojums\"><span class=\"Y2IQFc\" lang=\"lv\">TURBO PRINT 4036 MATT ir savietojams printeriem ar EKO-solventa tint\u0113m. Sakar\u0101 ar jaunizveidoto, pa\u0161l\u012bm\u0113jo\u0161\u0101 PET pl\u0113ves lainera, pat \u013coti mazi burti un mot\u012bvi p\u0113c druk\u0101\u0161anas un ploiter\u0113\u0161ans viegli t\u012br\u0101s. PET apvalks ir j\u0101no\u0146em silts.<\/span><\/p>\n<h4 dir=\"ltr\" data-placeholder=\"Tulkojums\"><a href=\"http:\/\/wmtbaltic.lv\/wp-content\/uploads\/2021\/02\/TURBO_PRINT_4036_MATT_en_01.pdf\"><strong>Tehniskais apraksts TURBO_PRINT_4036_MATT<\/strong><\/a><\/h4>\n<p dir=\"ltr\" data-placeholder=\"Tulkojums\">\n","protected":false},"excerpt":{"rendered":"TURBO PRINT 4036 MATT ir druk\u0101jama PU tekstila termop\u0101rneses pl\u0113ve (necaursp\u012bd\u012bga balta, 100 \u00b5) piem\u0113rota gai\u0161iem un tum\u0161iem tekstilizstr\u0101d\u0101jumiem. TURBO PRINT 4036 MATT pied\u0101v\u0101 augstu drukas iz\u0161\u0137irtsp\u0113ju ar mat\u0113tu apdari. Pateicoties \u012bpa\u0161ajai virsk\u0101rtai, pl\u0113ve nodro\u0161ina izcilu mazg\u0101\u0161anas iztur\u012bbu. Pl\u0113ve tiek izmantota mot\u012bviem un logotipiem sporta, atp\u016btas un darba ap\u0123\u0113rb\u0101. TURBO PRINT 4036 MATT ir piem\u0113rots [...]","protected":false},"featured_media":4895,"template":"","meta":[],"product_brand":[],"product_cat":[35],"product_tag":[468,538,482],"class_list":{"0":"post-4856","1":"product","2":"type-product","3":"status-publish","4":"has-post-thumbnail","6":"product_cat-termopleves-drukai","7":"product_tag-kreklu-apdruka","8":"product_tag-pleve-drukai","9":"product_tag-termopleve","11":"first","12":"instock","13":"shipping-taxable","14":"purchasable","15":"product-type-simple"},"yoast_head":"<!-- This site is optimized with the Yoast SEO plugin v27.4 - https:\/\/yoast.com\/product\/yoast-seo-wordpress\/ -->\n<title>Termopl\u0113ve TURBO PRINT 4036 MATT nopirkt veikal\u0101 R\u012bg\u0101<\/title>\n<meta name=\"robots\" content=\"index, follow, max-snippet:-1, max-image-preview:large, max-video-preview:-1\" \/>\n<link rel=\"canonical\" href=\"https:\/\/wmtbaltic.lv\/product\/termopleve-t-tape-bergamo-turbo-print\/\" \/>\n<meta property=\"og:locale\" content=\"en_US\" \/>\n<meta property=\"og:type\" content=\"article\" \/>\n<meta property=\"og:title\" content=\"Termopl\u0113ve TURBO PRINT 4036 MATT nopirkt veikal\u0101 R\u012bg\u0101\" \/>\n<meta property=\"og:url\" content=\"https:\/\/wmtbaltic.lv\/product\/termopleve-t-tape-bergamo-turbo-print\/\" \/>\n<meta property=\"og:site_name\" content=\"WMT Baltic\" \/>\n<meta property=\"article:publisher\" content=\"https:\/\/www.facebook.com\/WMT.Baltic.viscom\/?locale=lv_LV\" \/>\n<meta property=\"article:modified_time\" content=\"2025-02-17T09:00:17+00:00\" \/>\n<meta property=\"og:image\" content=\"http:\/\/wmtbaltic.lv\/wp-content\/uploads\/2021\/02\/turbo_print.jpg\" \/>\n\t<meta property=\"og:image:width\" content=\"625\" \/>\n\t<meta property=\"og:image:height\" content=\"622\" \/>\n\t<meta property=\"og:image:type\" content=\"image\/jpeg\" \/>\n<meta name=\"twitter:card\" content=\"summary_large_image\" \/>\n<meta name=\"twitter:label1\" content=\"Est. reading time\" \/>\n\t<meta name=\"twitter:data1\" content=\"1 minute\" \/>\n<script type=\"application\/ld+json\" class=\"yoast-schema-graph\">{\"@context\":\"https:\\\/\\\/schema.org\",\"@graph\":[{\"@type\":\"WebPage\",\"@id\":\"https:\\\/\\\/wmtbaltic.lv\\\/product\\\/termopleve-t-tape-bergamo-turbo-print\\\/\",\"url\":\"https:\\\/\\\/wmtbaltic.lv\\\/product\\\/termopleve-t-tape-bergamo-turbo-print\\\/\",\"name\":\"Termopl\u0113ve TURBO PRINT 4036 MATT nopirkt veikal\u0101 R\u012bg\u0101\",\"isPartOf\":{\"@id\":\"https:\\\/\\\/wmtbaltic.lv\\\/#website\"},\"primaryImageOfPage\":{\"@id\":\"https:\\\/\\\/wmtbaltic.lv\\\/product\\\/termopleve-t-tape-bergamo-turbo-print\\\/#primaryimage\"},\"image\":{\"@id\":\"https:\\\/\\\/wmtbaltic.lv\\\/product\\\/termopleve-t-tape-bergamo-turbo-print\\\/#primaryimage\"},\"thumbnailUrl\":\"https:\\\/\\\/wmtbaltic.lv\\\/wp-content\\\/uploads\\\/2021\\\/02\\\/turbo_print.jpg\",\"datePublished\":\"2021-02-08T14:33:43+00:00\",\"dateModified\":\"2025-02-17T09:00:17+00:00\",\"breadcrumb\":{\"@id\":\"https:\\\/\\\/wmtbaltic.lv\\\/product\\\/termopleve-t-tape-bergamo-turbo-print\\\/#breadcrumb\"},\"inLanguage\":\"en-US\",\"potentialAction\":[{\"@type\":\"ReadAction\",\"target\":[\"https:\\\/\\\/wmtbaltic.lv\\\/product\\\/termopleve-t-tape-bergamo-turbo-print\\\/\"]}]},{\"@type\":\"ImageObject\",\"inLanguage\":\"en-US\",\"@id\":\"https:\\\/\\\/wmtbaltic.lv\\\/product\\\/termopleve-t-tape-bergamo-turbo-print\\\/#primaryimage\",\"url\":\"https:\\\/\\\/wmtbaltic.lv\\\/wp-content\\\/uploads\\\/2021\\\/02\\\/turbo_print.jpg\",\"contentUrl\":\"https:\\\/\\\/wmtbaltic.lv\\\/wp-content\\\/uploads\\\/2021\\\/02\\\/turbo_print.jpg\",\"width\":625,\"height\":622},{\"@type\":\"BreadcrumbList\",\"@id\":\"https:\\\/\\\/wmtbaltic.lv\\\/product\\\/termopleve-t-tape-bergamo-turbo-print\\\/#breadcrumb\",\"itemListElement\":[{\"@type\":\"ListItem\",\"position\":1,\"name\":\"Home\",\"item\":\"https:\\\/\\\/wmtbaltic.lv\\\/en\\\/\"},{\"@type\":\"ListItem\",\"position\":2,\"name\":\"Shop\",\"item\":\"https:\\\/\\\/wmtbaltic.lv\\\/shop\\\/\"},{\"@type\":\"ListItem\",\"position\":3,\"name\":\"Termopl\u0113ve T-Tape Bergamo Turbo Print\"}]},{\"@type\":\"WebSite\",\"@id\":\"https:\\\/\\\/wmtbaltic.lv\\\/#website\",\"url\":\"https:\\\/\\\/wmtbaltic.lv\\\/\",\"name\":\"WMT Baltic\",\"description\":\"Rekl\u0101mas produkti, pl\u0113ves\",\"publisher\":{\"@id\":\"https:\\\/\\\/wmtbaltic.lv\\\/#organization\"},\"potentialAction\":[{\"@type\":\"SearchAction\",\"target\":{\"@type\":\"EntryPoint\",\"urlTemplate\":\"https:\\\/\\\/wmtbaltic.lv\\\/?s={search_term_string}\"},\"query-input\":{\"@type\":\"PropertyValueSpecification\",\"valueRequired\":true,\"valueName\":\"search_term_string\"}}],\"inLanguage\":\"en-US\"},{\"@type\":\"Organization\",\"@id\":\"https:\\\/\\\/wmtbaltic.lv\\\/#organization\",\"name\":\"WMT Baltic\",\"url\":\"https:\\\/\\\/wmtbaltic.lv\\\/\",\"logo\":{\"@type\":\"ImageObject\",\"inLanguage\":\"en-US\",\"@id\":\"https:\\\/\\\/wmtbaltic.lv\\\/#\\\/schema\\\/logo\\\/image\\\/\",\"url\":\"https:\\\/\\\/wmtbaltic.lv\\\/wp-content\\\/uploads\\\/2024\\\/12\\\/wmt-baltic-sia_107142_9_420x180.jpg\",\"contentUrl\":\"https:\\\/\\\/wmtbaltic.lv\\\/wp-content\\\/uploads\\\/2024\\\/12\\\/wmt-baltic-sia_107142_9_420x180.jpg\",\"width\":420,\"height\":180,\"caption\":\"WMT Baltic\"},\"image\":{\"@id\":\"https:\\\/\\\/wmtbaltic.lv\\\/#\\\/schema\\\/logo\\\/image\\\/\"},\"sameAs\":[\"https:\\\/\\\/www.facebook.com\\\/WMT.Baltic.viscom\\\/?locale=lv_LV\",\"https:\\\/\\\/www.instagram.com\\\/viscom_wmt\\\/\"]}]}<\/script>\n<!-- \/ Yoast SEO plugin. -->","yoast_head_json":{"title":"Termopl\u0113ve TURBO PRINT 4036 MATT nopirkt veikal\u0101 R\u012bg\u0101","robots":{"index":"index","follow":"follow","max-snippet":"max-snippet:-1","max-image-preview":"max-image-preview:large","max-video-preview":"max-video-preview:-1"},"canonical":"https:\/\/wmtbaltic.lv\/product\/termopleve-t-tape-bergamo-turbo-print\/","og_locale":"en_US","og_type":"article","og_title":"Termopl\u0113ve TURBO PRINT 4036 MATT nopirkt veikal\u0101 R\u012bg\u0101","og_url":"https:\/\/wmtbaltic.lv\/product\/termopleve-t-tape-bergamo-turbo-print\/","og_site_name":"WMT Baltic","article_publisher":"https:\/\/www.facebook.com\/WMT.Baltic.viscom\/?locale=lv_LV","article_modified_time":"2025-02-17T09:00:17+00:00","og_image":[{"width":625,"height":622,"url":"http:\/\/wmtbaltic.lv\/wp-content\/uploads\/2021\/02\/turbo_print.jpg","type":"image\/jpeg"}],"twitter_card":"summary_large_image","twitter_misc":{"Est. reading time":"1 minute"},"schema":{"@context":"https:\/\/schema.org","@graph":[{"@type":"WebPage","@id":"https:\/\/wmtbaltic.lv\/product\/termopleve-t-tape-bergamo-turbo-print\/","url":"https:\/\/wmtbaltic.lv\/product\/termopleve-t-tape-bergamo-turbo-print\/","name":"Termopl\u0113ve TURBO PRINT 4036 MATT nopirkt veikal\u0101 R\u012bg\u0101","isPartOf":{"@id":"https:\/\/wmtbaltic.lv\/#website"},"primaryImageOfPage":{"@id":"https:\/\/wmtbaltic.lv\/product\/termopleve-t-tape-bergamo-turbo-print\/#primaryimage"},"image":{"@id":"https:\/\/wmtbaltic.lv\/product\/termopleve-t-tape-bergamo-turbo-print\/#primaryimage"},"thumbnailUrl":"https:\/\/wmtbaltic.lv\/wp-content\/uploads\/2021\/02\/turbo_print.jpg","datePublished":"2021-02-08T14:33:43+00:00","dateModified":"2025-02-17T09:00:17+00:00","breadcrumb":{"@id":"https:\/\/wmtbaltic.lv\/product\/termopleve-t-tape-bergamo-turbo-print\/#breadcrumb"},"inLanguage":"en-US","potentialAction":[{"@type":"ReadAction","target":["https:\/\/wmtbaltic.lv\/product\/termopleve-t-tape-bergamo-turbo-print\/"]}]},{"@type":"ImageObject","inLanguage":"en-US","@id":"https:\/\/wmtbaltic.lv\/product\/termopleve-t-tape-bergamo-turbo-print\/#primaryimage","url":"https:\/\/wmtbaltic.lv\/wp-content\/uploads\/2021\/02\/turbo_print.jpg","contentUrl":"https:\/\/wmtbaltic.lv\/wp-content\/uploads\/2021\/02\/turbo_print.jpg","width":625,"height":622},{"@type":"BreadcrumbList","@id":"https:\/\/wmtbaltic.lv\/product\/termopleve-t-tape-bergamo-turbo-print\/#breadcrumb","itemListElement":[{"@type":"ListItem","position":1,"name":"Home","item":"https:\/\/wmtbaltic.lv\/en\/"},{"@type":"ListItem","position":2,"name":"Shop","item":"https:\/\/wmtbaltic.lv\/shop\/"},{"@type":"ListItem","position":3,"name":"Termopl\u0113ve T-Tape Bergamo Turbo Print"}]},{"@type":"WebSite","@id":"https:\/\/wmtbaltic.lv\/#website","url":"https:\/\/wmtbaltic.lv\/","name":"WMT Baltic","description":"Rekl\u0101mas produkti, pl\u0113ves","publisher":{"@id":"https:\/\/wmtbaltic.lv\/#organization"},"potentialAction":[{"@type":"SearchAction","target":{"@type":"EntryPoint","urlTemplate":"https:\/\/wmtbaltic.lv\/?s={search_term_string}"},"query-input":{"@type":"PropertyValueSpecification","valueRequired":true,"valueName":"search_term_string"}}],"inLanguage":"en-US"},{"@type":"Organization","@id":"https:\/\/wmtbaltic.lv\/#organization","name":"WMT Baltic","url":"https:\/\/wmtbaltic.lv\/","logo":{"@type":"ImageObject","inLanguage":"en-US","@id":"https:\/\/wmtbaltic.lv\/#\/schema\/logo\/image\/","url":"https:\/\/wmtbaltic.lv\/wp-content\/uploads\/2024\/12\/wmt-baltic-sia_107142_9_420x180.jpg","contentUrl":"https:\/\/wmtbaltic.lv\/wp-content\/uploads\/2024\/12\/wmt-baltic-sia_107142_9_420x180.jpg","width":420,"height":180,"caption":"WMT Baltic"},"image":{"@id":"https:\/\/wmtbaltic.lv\/#\/schema\/logo\/image\/"},"sameAs":["https:\/\/www.facebook.com\/WMT.Baltic.viscom\/?locale=lv_LV","https:\/\/www.instagram.com\/viscom_wmt\/"]}]}},"_links":{"self":[{"href":"https:\/\/wmtbaltic.lv\/en\/wp-json\/wp\/v2\/product\/4856","targetHints":{"allow":["GET"]}}],"collection":[{"href":"https:\/\/wmtbaltic.lv\/en\/wp-json\/wp\/v2\/product"}],"about":[{"href":"https:\/\/wmtbaltic.lv\/en\/wp-json\/wp\/v2\/types\/product"}],"wp:featuredmedia":[{"embeddable":true,"href":"https:\/\/wmtbaltic.lv\/en\/wp-json\/wp\/v2\/media\/4895"}],"wp:attachment":[{"href":"https:\/\/wmtbaltic.lv\/en\/wp-json\/wp\/v2\/media?parent=4856"}],"wp:term":[{"taxonomy":"product_brand","embeddable":true,"href":"https:\/\/wmtbaltic.lv\/en\/wp-json\/wp\/v2\/product_brand?post=4856"},{"taxonomy":"product_cat","embeddable":true,"href":"https:\/\/wmtbaltic.lv\/en\/wp-json\/wp\/v2\/product_cat?post=4856"},{"taxonomy":"product_tag","embeddable":true,"href":"https:\/\/wmtbaltic.lv\/en\/wp-json\/wp\/v2\/product_tag?post=4856"}],"curies":[{"name":"wp","href":"https:\/\/api.w.org\/{rel}","templated":true}]}}