{"id":4836,"date":"2021-02-08T10:51:44","date_gmt":"2021-02-08T10:51:44","guid":{"rendered":"http:\/\/wmtbaltic.lv\/?post_type=product&#038;p=4836"},"modified":"2023-11-22T10:05:41","modified_gmt":"2023-11-22T10:05:41","slug":"transmatic-rev-5s-elektriska-termoprese","status":"publish","type":"product","link":"https:\/\/wmtbaltic.lv\/en\/product\/transmatic-rev-5s-elektriska-termoprese\/","title":{"rendered":"Transmatic REV 5S elektrisk\u0101 termoprese"},"content":{"rendered":"<p><strong>Termoprese REV 5S<\/strong><\/p>\n<p>Elektrisk\u0101 termoprese ar nob\u012bd\u0101mu darba galdu (priek\u0161pus\u0113). Iztur\u012bga konstrukcija nodro\u0161ina sp\u0113c\u012bgu spiedienu. Gaisa kompresors nav vajadz\u012bgs. Pusautom\u0101tiska aizv\u0113r\u0161ana un autom\u0101tiska atv\u0113r\u0161ana .El Elektroniskais un digit\u0101lais sk\u0101rienekr\u0101ns ar vizu\u0101lu temperat\u016bras, spiediena un laika kontroli ar padomu par iesp\u0113jam\u0101m k\u013c\u016bd\u0101m. Apak\u0161\u0113ja pl\u0101ksne main\u0101ma.\u00a0 Izstr\u0101d\u0101jumu skait\u012bt\u0101js, Nomex p\u0101rkl\u0101jums.\u00a0 Ir iesp\u0113ja ieg\u0101d\u0101ties cepures piederumus termop\u0101rne\u0161anai k\u0101 papildu opciju.<\/p>\n<p><strong> 5S modelis : Sl\u0113g\u0161ana, izmantojot s\u0101nu pogas \/ autom\u0101tisk\u0101 atv\u0113r\u0161ana<\/strong><br \/>\n<strong>Modelis 5SA: Aizv\u0113r\u0161ana \/ atv\u0113r\u0161ana Autom\u0101tiska (bez cepuru piederumu iesp\u0113jas).<\/strong><\/p>\n<p><strong>Specifik\u0101cija:<\/strong><\/p>\n<p>&#8211; Darba galda izm\u0113rs: 50 x 40cm<br \/>\n&#8211; Spriegums: 230 V<br \/>\n&#8211; Elektroener\u0123ijas pat\u0113ri\u0146\u0161: KW 2.2<br \/>\n&#8211; Elektroener\u0123ijas pat\u0113ri\u0146\u0161 stund\u0101: 1.0 KW\/h<br \/>\n&#8211; Temperat\u016bra: 40-255<sup>o<\/sup>\u00a0C<br \/>\n&#8211; Taimera laika diapazons: 0-999 sek.<br \/>\n&#8211; Spiediena diapazons: 600 gr\/ cm<sup>2<\/sup><br \/>\n&#8211; Neto svars: 97\/144 Kg<\/p>\n<div class=\"vc_row wpb_row wf-container\">\n<div class=\"wpb_column vc_column_container vc_col-sm-4\"><\/div>\n<\/div>\n<h4><a href=\"http:\/\/wmtbaltic.lv\/wp-content\/uploads\/2021\/02\/REV5S_5SA_web.pdf\">Transmatic REV5S elektrisk\u0101 termoprese, Bro\u0161\u016bra<\/a><\/h4>\n","protected":false},"excerpt":{"rendered":"Elektrisk\u0101 termoprese ar nob\u012bd\u0101mu darba galdu (priek\u0161pus\u0113). Iztur\u012bga konstrukcija nodro\u0161ina sp\u0113c\u012bgu spiedienu. Gaisa kompresors nav vajadz\u012bgs. Elektroniska laika un temperat\u016bras regul\u0113\u0161ana ar pazi\u0146ojumu par iesp\u0113jamo k\u013c\u016bdu. Apak\u0161\u0113ja pl\u0101ksne main\u0101ma. Izstr\u0101d\u0101jumu skait\u012bt\u0101js, Nomex p\u0101rkl\u0101jums. Termoprese aizveras ar pogu, autom\u0101tiski atveras.","protected":false},"featured_media":15991,"template":"","meta":[],"product_brand":[],"product_cat":[258,428,260],"product_tag":[536,532,529,535],"class_list":{"0":"post-4836","1":"product","2":"type-product","3":"status-publish","4":"has-post-thumbnail","6":"product_cat-iekartas-un-izejmateriali","7":"product_cat-plakanas-automatiskas-termopreses","8":"product_cat-termopreses-iekartas-un-izejmateriali","9":"product_tag-elektriska","10":"product_tag-termoparnese","11":"product_tag-termoprese","12":"product_tag-transmatic","14":"first","15":"instock","16":"shipping-taxable","17":"purchasable","18":"product-type-simple"},"yoast_head":"<!-- This site is optimized with the Yoast SEO plugin v27.5 - https:\/\/yoast.com\/product\/yoast-seo-wordpress\/ -->\n<title>Transmatic REV 5S elektrisk\u0101 termoprese, WMT Baltic, R\u012bga<\/title>\n<meta name=\"description\" content=\"Elektrisk\u0101 termoprese ar nob\u012bd\u0101mu darba galdu (priek\u0161pus\u0113). Iztur\u012bga konstrukcija nodro\u0161ina sp\u0113c\u012bgu spiedienu. Gaisa kompresors nav vajadz\u012bgs. Elektroniska laika un temperat\u016bras regul\u0113\u0161ana ar pazi\u0146ojumu par iesp\u0113jamo k\u013c\u016bdu. Apak\u0161\u0113ja pl\u0101ksne main\u0101ma. Izstr\u0101d\u0101jumu skait\u012bt\u0101js, Nomex p\u0101rkl\u0101jums. Termoprese aizveras ar pogu, autom\u0101tiski atveras.\" \/>\n<meta name=\"robots\" content=\"index, follow, max-snippet:-1, max-image-preview:large, max-video-preview:-1\" \/>\n<link rel=\"canonical\" href=\"https:\/\/wmtbaltic.lv\/Produkts\/transmatic-rev-5s-elektriska-termoprese\/\" \/>\n<meta property=\"og:locale\" content=\"en_US\" \/>\n<meta property=\"og:type\" content=\"article\" \/>\n<meta property=\"og:title\" content=\"Transmatic REV 5S elektrisk\u0101 termoprese, WMT Baltic, R\u012bga\" \/>\n<meta property=\"og:description\" content=\"Elektrisk\u0101 termoprese ar nob\u012bd\u0101mu darba galdu (priek\u0161pus\u0113). Iztur\u012bga konstrukcija nodro\u0161ina sp\u0113c\u012bgu spiedienu. Gaisa kompresors nav vajadz\u012bgs. Elektroniska laika un temperat\u016bras regul\u0113\u0161ana ar pazi\u0146ojumu par iesp\u0113jamo k\u013c\u016bdu. Apak\u0161\u0113ja pl\u0101ksne main\u0101ma. Izstr\u0101d\u0101jumu skait\u012bt\u0101js, Nomex p\u0101rkl\u0101jums. Termoprese aizveras ar pogu, autom\u0101tiski atveras.\" \/>\n<meta property=\"og:url\" content=\"https:\/\/wmtbaltic.lv\/Produkts\/transmatic-rev-5s-elektriska-termoprese\/\" \/>\n<meta property=\"og:site_name\" content=\"WMT Baltic\" \/>\n<meta property=\"article:publisher\" content=\"https:\/\/www.facebook.com\/WMT.Baltic.viscom\/?locale=lv_LV\" \/>\n<meta property=\"article:modified_time\" content=\"2023-11-22T10:05:41+00:00\" \/>\n<meta property=\"og:image\" content=\"http:\/\/wmtbaltic.lv\/wp-content\/uploads\/2021\/02\/REV-5S-TC-Transmatic_wmtbaltic.jpg\" \/>\n\t<meta property=\"og:image:width\" content=\"1032\" \/>\n\t<meta property=\"og:image:height\" content=\"791\" \/>\n\t<meta property=\"og:image:type\" content=\"image\/jpeg\" \/>\n<meta name=\"twitter:card\" content=\"summary_large_image\" \/>\n<meta name=\"twitter:label1\" content=\"Est. reading time\" \/>\n\t<meta name=\"twitter:data1\" content=\"1 minute\" \/>\n<script type=\"application\/ld+json\" class=\"yoast-schema-graph\">{\"@context\":\"https:\\\/\\\/schema.org\",\"@graph\":[{\"@type\":\"WebPage\",\"@id\":\"https:\\\/\\\/wmtbaltic.lv\\\/Produkts\\\/transmatic-rev-5s-elektriska-termoprese\\\/\",\"url\":\"https:\\\/\\\/wmtbaltic.lv\\\/Produkts\\\/transmatic-rev-5s-elektriska-termoprese\\\/\",\"name\":\"Transmatic REV 5S elektrisk\u0101 termoprese, WMT Baltic, R\u012bga\",\"isPartOf\":{\"@id\":\"https:\\\/\\\/wmtbaltic.lv\\\/#website\"},\"primaryImageOfPage\":{\"@id\":\"https:\\\/\\\/wmtbaltic.lv\\\/Produkts\\\/transmatic-rev-5s-elektriska-termoprese\\\/#primaryimage\"},\"image\":{\"@id\":\"https:\\\/\\\/wmtbaltic.lv\\\/Produkts\\\/transmatic-rev-5s-elektriska-termoprese\\\/#primaryimage\"},\"thumbnailUrl\":\"https:\\\/\\\/wmtbaltic.lv\\\/wp-content\\\/uploads\\\/2021\\\/02\\\/REV-5S-TC-Transmatic_wmtbaltic.jpg\",\"datePublished\":\"2021-02-08T10:51:44+00:00\",\"dateModified\":\"2023-11-22T10:05:41+00:00\",\"description\":\"Elektrisk\u0101 termoprese ar nob\u012bd\u0101mu darba galdu (priek\u0161pus\u0113). Iztur\u012bga konstrukcija nodro\u0161ina sp\u0113c\u012bgu spiedienu. Gaisa kompresors nav vajadz\u012bgs. Elektroniska laika un temperat\u016bras regul\u0113\u0161ana ar pazi\u0146ojumu par iesp\u0113jamo k\u013c\u016bdu. Apak\u0161\u0113ja pl\u0101ksne main\u0101ma. Izstr\u0101d\u0101jumu skait\u012bt\u0101js, Nomex p\u0101rkl\u0101jums. Termoprese aizveras ar pogu, autom\u0101tiski atveras.\",\"breadcrumb\":{\"@id\":\"https:\\\/\\\/wmtbaltic.lv\\\/Produkts\\\/transmatic-rev-5s-elektriska-termoprese\\\/#breadcrumb\"},\"inLanguage\":\"en-US\",\"potentialAction\":[{\"@type\":\"ReadAction\",\"target\":[\"https:\\\/\\\/wmtbaltic.lv\\\/Produkts\\\/transmatic-rev-5s-elektriska-termoprese\\\/\"]}]},{\"@type\":\"ImageObject\",\"inLanguage\":\"en-US\",\"@id\":\"https:\\\/\\\/wmtbaltic.lv\\\/Produkts\\\/transmatic-rev-5s-elektriska-termoprese\\\/#primaryimage\",\"url\":\"https:\\\/\\\/wmtbaltic.lv\\\/wp-content\\\/uploads\\\/2021\\\/02\\\/REV-5S-TC-Transmatic_wmtbaltic.jpg\",\"contentUrl\":\"https:\\\/\\\/wmtbaltic.lv\\\/wp-content\\\/uploads\\\/2021\\\/02\\\/REV-5S-TC-Transmatic_wmtbaltic.jpg\",\"width\":1032,\"height\":791},{\"@type\":\"BreadcrumbList\",\"@id\":\"https:\\\/\\\/wmtbaltic.lv\\\/Produkts\\\/transmatic-rev-5s-elektriska-termoprese\\\/#breadcrumb\",\"itemListElement\":[{\"@type\":\"ListItem\",\"position\":1,\"name\":\"Home\",\"item\":\"https:\\\/\\\/wmtbaltic.lv\\\/en\\\/\"},{\"@type\":\"ListItem\",\"position\":2,\"name\":\"Shop\",\"item\":\"https:\\\/\\\/wmtbaltic.lv\\\/shop\\\/\"},{\"@type\":\"ListItem\",\"position\":3,\"name\":\"Transmatic REV 5S elektrisk\u0101 termoprese\"}]},{\"@type\":\"WebSite\",\"@id\":\"https:\\\/\\\/wmtbaltic.lv\\\/#website\",\"url\":\"https:\\\/\\\/wmtbaltic.lv\\\/\",\"name\":\"WMT Baltic\",\"description\":\"Rekl\u0101mas produkti, pl\u0113ves\",\"publisher\":{\"@id\":\"https:\\\/\\\/wmtbaltic.lv\\\/#organization\"},\"potentialAction\":[{\"@type\":\"SearchAction\",\"target\":{\"@type\":\"EntryPoint\",\"urlTemplate\":\"https:\\\/\\\/wmtbaltic.lv\\\/?s={search_term_string}\"},\"query-input\":{\"@type\":\"PropertyValueSpecification\",\"valueRequired\":true,\"valueName\":\"search_term_string\"}}],\"inLanguage\":\"en-US\"},{\"@type\":\"Organization\",\"@id\":\"https:\\\/\\\/wmtbaltic.lv\\\/#organization\",\"name\":\"WMT Baltic\",\"url\":\"https:\\\/\\\/wmtbaltic.lv\\\/\",\"logo\":{\"@type\":\"ImageObject\",\"inLanguage\":\"en-US\",\"@id\":\"https:\\\/\\\/wmtbaltic.lv\\\/#\\\/schema\\\/logo\\\/image\\\/\",\"url\":\"https:\\\/\\\/wmtbaltic.lv\\\/wp-content\\\/uploads\\\/2024\\\/12\\\/wmt-baltic-sia_107142_9_420x180.jpg\",\"contentUrl\":\"https:\\\/\\\/wmtbaltic.lv\\\/wp-content\\\/uploads\\\/2024\\\/12\\\/wmt-baltic-sia_107142_9_420x180.jpg\",\"width\":420,\"height\":180,\"caption\":\"WMT Baltic\"},\"image\":{\"@id\":\"https:\\\/\\\/wmtbaltic.lv\\\/#\\\/schema\\\/logo\\\/image\\\/\"},\"sameAs\":[\"https:\\\/\\\/www.facebook.com\\\/WMT.Baltic.viscom\\\/?locale=lv_LV\",\"https:\\\/\\\/www.instagram.com\\\/viscom_wmt\\\/\"]}]}<\/script>\n<!-- \/ Yoast SEO plugin. -->","yoast_head_json":{"title":"Transmatic REV 5S elektrisk\u0101 termoprese, WMT Baltic, R\u012bga","description":"Elektrisk\u0101 termoprese ar nob\u012bd\u0101mu darba galdu (priek\u0161pus\u0113). Iztur\u012bga konstrukcija nodro\u0161ina sp\u0113c\u012bgu spiedienu. Gaisa kompresors nav vajadz\u012bgs. Elektroniska laika un temperat\u016bras regul\u0113\u0161ana ar pazi\u0146ojumu par iesp\u0113jamo k\u013c\u016bdu. Apak\u0161\u0113ja pl\u0101ksne main\u0101ma. Izstr\u0101d\u0101jumu skait\u012bt\u0101js, Nomex p\u0101rkl\u0101jums. Termoprese aizveras ar pogu, autom\u0101tiski atveras.","robots":{"index":"index","follow":"follow","max-snippet":"max-snippet:-1","max-image-preview":"max-image-preview:large","max-video-preview":"max-video-preview:-1"},"canonical":"https:\/\/wmtbaltic.lv\/Produkts\/transmatic-rev-5s-elektriska-termoprese\/","og_locale":"en_US","og_type":"article","og_title":"Transmatic REV 5S elektrisk\u0101 termoprese, WMT Baltic, R\u012bga","og_description":"Elektrisk\u0101 termoprese ar nob\u012bd\u0101mu darba galdu (priek\u0161pus\u0113). Iztur\u012bga konstrukcija nodro\u0161ina sp\u0113c\u012bgu spiedienu. Gaisa kompresors nav vajadz\u012bgs. Elektroniska laika un temperat\u016bras regul\u0113\u0161ana ar pazi\u0146ojumu par iesp\u0113jamo k\u013c\u016bdu. Apak\u0161\u0113ja pl\u0101ksne main\u0101ma. Izstr\u0101d\u0101jumu skait\u012bt\u0101js, Nomex p\u0101rkl\u0101jums. Termoprese aizveras ar pogu, autom\u0101tiski atveras.","og_url":"https:\/\/wmtbaltic.lv\/Produkts\/transmatic-rev-5s-elektriska-termoprese\/","og_site_name":"WMT Baltic","article_publisher":"https:\/\/www.facebook.com\/WMT.Baltic.viscom\/?locale=lv_LV","article_modified_time":"2023-11-22T10:05:41+00:00","og_image":[{"width":1032,"height":791,"url":"http:\/\/wmtbaltic.lv\/wp-content\/uploads\/2021\/02\/REV-5S-TC-Transmatic_wmtbaltic.jpg","type":"image\/jpeg"}],"twitter_card":"summary_large_image","twitter_misc":{"Est. reading time":"1 minute"},"schema":{"@context":"https:\/\/schema.org","@graph":[{"@type":"WebPage","@id":"https:\/\/wmtbaltic.lv\/Produkts\/transmatic-rev-5s-elektriska-termoprese\/","url":"https:\/\/wmtbaltic.lv\/Produkts\/transmatic-rev-5s-elektriska-termoprese\/","name":"Transmatic REV 5S elektrisk\u0101 termoprese, WMT Baltic, R\u012bga","isPartOf":{"@id":"https:\/\/wmtbaltic.lv\/#website"},"primaryImageOfPage":{"@id":"https:\/\/wmtbaltic.lv\/Produkts\/transmatic-rev-5s-elektriska-termoprese\/#primaryimage"},"image":{"@id":"https:\/\/wmtbaltic.lv\/Produkts\/transmatic-rev-5s-elektriska-termoprese\/#primaryimage"},"thumbnailUrl":"https:\/\/wmtbaltic.lv\/wp-content\/uploads\/2021\/02\/REV-5S-TC-Transmatic_wmtbaltic.jpg","datePublished":"2021-02-08T10:51:44+00:00","dateModified":"2023-11-22T10:05:41+00:00","description":"Elektrisk\u0101 termoprese ar nob\u012bd\u0101mu darba galdu (priek\u0161pus\u0113). Iztur\u012bga konstrukcija nodro\u0161ina sp\u0113c\u012bgu spiedienu. Gaisa kompresors nav vajadz\u012bgs. Elektroniska laika un temperat\u016bras regul\u0113\u0161ana ar pazi\u0146ojumu par iesp\u0113jamo k\u013c\u016bdu. Apak\u0161\u0113ja pl\u0101ksne main\u0101ma. Izstr\u0101d\u0101jumu skait\u012bt\u0101js, Nomex p\u0101rkl\u0101jums. Termoprese aizveras ar pogu, autom\u0101tiski atveras.","breadcrumb":{"@id":"https:\/\/wmtbaltic.lv\/Produkts\/transmatic-rev-5s-elektriska-termoprese\/#breadcrumb"},"inLanguage":"en-US","potentialAction":[{"@type":"ReadAction","target":["https:\/\/wmtbaltic.lv\/Produkts\/transmatic-rev-5s-elektriska-termoprese\/"]}]},{"@type":"ImageObject","inLanguage":"en-US","@id":"https:\/\/wmtbaltic.lv\/Produkts\/transmatic-rev-5s-elektriska-termoprese\/#primaryimage","url":"https:\/\/wmtbaltic.lv\/wp-content\/uploads\/2021\/02\/REV-5S-TC-Transmatic_wmtbaltic.jpg","contentUrl":"https:\/\/wmtbaltic.lv\/wp-content\/uploads\/2021\/02\/REV-5S-TC-Transmatic_wmtbaltic.jpg","width":1032,"height":791},{"@type":"BreadcrumbList","@id":"https:\/\/wmtbaltic.lv\/Produkts\/transmatic-rev-5s-elektriska-termoprese\/#breadcrumb","itemListElement":[{"@type":"ListItem","position":1,"name":"Home","item":"https:\/\/wmtbaltic.lv\/en\/"},{"@type":"ListItem","position":2,"name":"Shop","item":"https:\/\/wmtbaltic.lv\/shop\/"},{"@type":"ListItem","position":3,"name":"Transmatic REV 5S elektrisk\u0101 termoprese"}]},{"@type":"WebSite","@id":"https:\/\/wmtbaltic.lv\/#website","url":"https:\/\/wmtbaltic.lv\/","name":"WMT Baltic","description":"Rekl\u0101mas produkti, pl\u0113ves","publisher":{"@id":"https:\/\/wmtbaltic.lv\/#organization"},"potentialAction":[{"@type":"SearchAction","target":{"@type":"EntryPoint","urlTemplate":"https:\/\/wmtbaltic.lv\/?s={search_term_string}"},"query-input":{"@type":"PropertyValueSpecification","valueRequired":true,"valueName":"search_term_string"}}],"inLanguage":"en-US"},{"@type":"Organization","@id":"https:\/\/wmtbaltic.lv\/#organization","name":"WMT Baltic","url":"https:\/\/wmtbaltic.lv\/","logo":{"@type":"ImageObject","inLanguage":"en-US","@id":"https:\/\/wmtbaltic.lv\/#\/schema\/logo\/image\/","url":"https:\/\/wmtbaltic.lv\/wp-content\/uploads\/2024\/12\/wmt-baltic-sia_107142_9_420x180.jpg","contentUrl":"https:\/\/wmtbaltic.lv\/wp-content\/uploads\/2024\/12\/wmt-baltic-sia_107142_9_420x180.jpg","width":420,"height":180,"caption":"WMT Baltic"},"image":{"@id":"https:\/\/wmtbaltic.lv\/#\/schema\/logo\/image\/"},"sameAs":["https:\/\/www.facebook.com\/WMT.Baltic.viscom\/?locale=lv_LV","https:\/\/www.instagram.com\/viscom_wmt\/"]}]}},"_links":{"self":[{"href":"https:\/\/wmtbaltic.lv\/en\/wp-json\/wp\/v2\/product\/4836","targetHints":{"allow":["GET"]}}],"collection":[{"href":"https:\/\/wmtbaltic.lv\/en\/wp-json\/wp\/v2\/product"}],"about":[{"href":"https:\/\/wmtbaltic.lv\/en\/wp-json\/wp\/v2\/types\/product"}],"wp:featuredmedia":[{"embeddable":true,"href":"https:\/\/wmtbaltic.lv\/en\/wp-json\/wp\/v2\/media\/15991"}],"wp:attachment":[{"href":"https:\/\/wmtbaltic.lv\/en\/wp-json\/wp\/v2\/media?parent=4836"}],"wp:term":[{"taxonomy":"product_brand","embeddable":true,"href":"https:\/\/wmtbaltic.lv\/en\/wp-json\/wp\/v2\/product_brand?post=4836"},{"taxonomy":"product_cat","embeddable":true,"href":"https:\/\/wmtbaltic.lv\/en\/wp-json\/wp\/v2\/product_cat?post=4836"},{"taxonomy":"product_tag","embeddable":true,"href":"https:\/\/wmtbaltic.lv\/en\/wp-json\/wp\/v2\/product_tag?post=4836"}],"curies":[{"name":"wp","href":"https:\/\/api.w.org\/{rel}","templated":true}]}}