{"id":4831,"date":"2021-02-08T10:03:30","date_gmt":"2021-02-08T10:03:30","guid":{"rendered":"http:\/\/wmtbaltic.lv\/?post_type=product&#038;p=4831"},"modified":"2023-11-22T08:45:43","modified_gmt":"2023-11-22T08:45:43","slug":"transmatic-rev-2c-elektriska-termoprese","status":"publish","type":"product","link":"https:\/\/wmtbaltic.lv\/en\/product\/transmatic-rev-2c-elektriska-termoprese\/","title":{"rendered":"Transmatic REV 2C elektrisk\u0101 termoprese"},"content":{"rendered":"<p><strong>Termoprese REV 2C<\/strong><\/p>\n<p>Elektrisk\u0101 termoprese ar nob\u012bd\u0101mu darba galdu (priek\u0161pus\u0113). Iztur\u012bga konstrukcija nodro\u0161ina sp\u0113c\u012bgu spiedienu. Gaisa kompresors nav vajadz\u012bgs. Elektroniska laika un temperat\u016bras regul\u0113\u0161ana ar pazi\u0146ojumu par iesp\u0113jamo k\u013c\u016bdu. Ir iesp\u0113ja izmantot citu izm\u0113ru plates. Izstr\u0101d\u0101jumu skait\u012bt\u0101js, Nomex p\u0101rkl\u0101jums. Termoprese aizveras ar pogu, autom\u0101tiski atveras.<\/p>\n<p><strong>Specifik\u0101cija:<\/strong><\/p>\n<p>&#8211; Darba galda izm\u0113rs: 50 x 40cm<br \/>\n&#8211; Spriegums: 230 V<br \/>\n&#8211; Elektroener\u0123ijas pat\u0113ri\u0146\u0161: KW 2,2<br \/>\n&#8211; Elektroener\u0123ijas pat\u0113ri\u0146\u0161 stund\u0101: 0.7 KW\/h<br \/>\n&#8211; Temperat\u016bra: 20-250<sup>o<\/sup>\u00a0C<br \/>\n&#8211; Taimera laika diapazons: 0-999 sek.<br \/>\n&#8211; Spiediena diapazons: 0-800 gr\/ cm<sup>2<\/sup><br \/>\n&#8211; Neto svars: 70\/90 Kg<\/p>\n<p><span class=\"HwtZe\" lang=\"lv\"><span class=\"jCAhz ChMk0b\"><span class=\"ryNqvb\">Iesp\u0113ja izmantot piederumus termop\u0101rne\u0161anai uz cepur\u0113m.<br \/>\n<\/span><\/span><\/span><\/p>\n<h4><a href=\"http:\/\/wmtbaltic.lv\/wp-content\/uploads\/2021\/02\/REV-2C_web.pdf\">Transmatic REV-2C elektrisk\u0101 termoprese, Bro\u0161\u016bra<\/a><\/h4>\n","protected":false},"excerpt":{"rendered":"Elektrisk\u0101 termoprese ar nob\u012bd\u0101mu darba galdu (priek\u0161pus\u0113). Iztur\u012bga konstrukcija nodro\u0161ina sp\u0113c\u012bgu spiedienu. Gaisa kompresors nav vajadz\u012bgs. Elektroniska laika un temperat\u016bras regul\u0113\u0161ana ar pazi\u0146ojumu par iesp\u0113jamo k\u013c\u016bdu. Ir iesp\u0113ja izmantot citu izm\u0113ru plates. Izstr\u0101d\u0101jumu skait\u012bt\u0101js, Nomex p\u0101rkl\u0101jums. Termoprese aizveras ar pogu, autom\u0101tiski atveras.","protected":false},"featured_media":4832,"template":"","meta":[],"product_brand":[],"product_cat":[428],"product_tag":[536,532,529,535],"class_list":{"0":"post-4831","1":"product","2":"type-product","3":"status-publish","4":"has-post-thumbnail","6":"product_cat-plakanas-automatiskas-termopreses","7":"product_tag-elektriska","8":"product_tag-termoparnese","9":"product_tag-termoprese","10":"product_tag-transmatic","12":"first","13":"instock","14":"shipping-taxable","15":"purchasable","16":"product-type-simple"},"yoast_head":"<!-- This site is optimized with the Yoast SEO plugin v27.3 - https:\/\/yoast.com\/product\/yoast-seo-wordpress\/ -->\n<title>Transmatic REV 2C elektrisk\u0101 termoprese, WMT Baltic, R\u012bga<\/title>\n<meta name=\"description\" content=\"Elektrisk\u0101 termoprese ar nob\u012bd\u0101mu darba galdu (priek\u0161pus\u0113). Iztur\u012bga konstrukcija nodro\u0161ina sp\u0113c\u012bgu spiedienu. Gaisa kompresors nav vajadz\u012bgs. Elektroniska laika un temperat\u016bras regul\u0113\u0161ana ar pazi\u0146ojumu par iesp\u0113jamo k\u013c\u016bdu. Ir iesp\u0113ja izmantot citu izm\u0113ru plates. Izstr\u0101d\u0101jumu skait\u012bt\u0101js, Nomex p\u0101rkl\u0101jums. Termoprese aizveras ar pogu, autom\u0101tiski atveras.\" \/>\n<meta name=\"robots\" content=\"index, follow, max-snippet:-1, max-image-preview:large, max-video-preview:-1\" \/>\n<link rel=\"canonical\" href=\"https:\/\/wmtbaltic.lv\/Produkts\/transmatic-rev-2c-elektriska-termoprese\/\" \/>\n<meta property=\"og:locale\" content=\"en_US\" \/>\n<meta property=\"og:type\" content=\"article\" \/>\n<meta property=\"og:title\" content=\"Transmatic REV 2C elektrisk\u0101 termoprese, WMT Baltic, R\u012bga\" \/>\n<meta property=\"og:description\" content=\"Elektrisk\u0101 termoprese ar nob\u012bd\u0101mu darba galdu (priek\u0161pus\u0113). Iztur\u012bga konstrukcija nodro\u0161ina sp\u0113c\u012bgu spiedienu. Gaisa kompresors nav vajadz\u012bgs. Elektroniska laika un temperat\u016bras regul\u0113\u0161ana ar pazi\u0146ojumu par iesp\u0113jamo k\u013c\u016bdu. Ir iesp\u0113ja izmantot citu izm\u0113ru plates. Izstr\u0101d\u0101jumu skait\u012bt\u0101js, Nomex p\u0101rkl\u0101jums. Termoprese aizveras ar pogu, autom\u0101tiski atveras.\" \/>\n<meta property=\"og:url\" content=\"https:\/\/wmtbaltic.lv\/Produkts\/transmatic-rev-2c-elektriska-termoprese\/\" \/>\n<meta property=\"og:site_name\" content=\"WMT Baltic\" \/>\n<meta property=\"article:publisher\" content=\"https:\/\/www.facebook.com\/WMT.Baltic.viscom\/?locale=lv_LV\" \/>\n<meta property=\"article:modified_time\" content=\"2023-11-22T08:45:43+00:00\" \/>\n<meta property=\"og:image\" content=\"http:\/\/wmtbaltic.lv\/wp-content\/uploads\/2021\/02\/REV-2-C-APERTA-1-e1498832922376.jpg\" \/>\n\t<meta property=\"og:image:width\" content=\"2031\" \/>\n\t<meta property=\"og:image:height\" content=\"1668\" \/>\n\t<meta property=\"og:image:type\" content=\"image\/jpeg\" \/>\n<meta name=\"twitter:card\" content=\"summary_large_image\" \/>\n<meta name=\"twitter:label1\" content=\"Est. reading time\" \/>\n\t<meta name=\"twitter:data1\" content=\"1 minute\" \/>\n<script type=\"application\/ld+json\" class=\"yoast-schema-graph\">{\"@context\":\"https:\\\/\\\/schema.org\",\"@graph\":[{\"@type\":\"WebPage\",\"@id\":\"https:\\\/\\\/wmtbaltic.lv\\\/Produkts\\\/transmatic-rev-2c-elektriska-termoprese\\\/\",\"url\":\"https:\\\/\\\/wmtbaltic.lv\\\/Produkts\\\/transmatic-rev-2c-elektriska-termoprese\\\/\",\"name\":\"Transmatic REV 2C elektrisk\u0101 termoprese, WMT Baltic, R\u012bga\",\"isPartOf\":{\"@id\":\"https:\\\/\\\/wmtbaltic.lv\\\/#website\"},\"primaryImageOfPage\":{\"@id\":\"https:\\\/\\\/wmtbaltic.lv\\\/Produkts\\\/transmatic-rev-2c-elektriska-termoprese\\\/#primaryimage\"},\"image\":{\"@id\":\"https:\\\/\\\/wmtbaltic.lv\\\/Produkts\\\/transmatic-rev-2c-elektriska-termoprese\\\/#primaryimage\"},\"thumbnailUrl\":\"https:\\\/\\\/wmtbaltic.lv\\\/wp-content\\\/uploads\\\/2021\\\/02\\\/REV-2-C-APERTA-1-e1498832922376.jpg\",\"datePublished\":\"2021-02-08T10:03:30+00:00\",\"dateModified\":\"2023-11-22T08:45:43+00:00\",\"description\":\"Elektrisk\u0101 termoprese ar nob\u012bd\u0101mu darba galdu (priek\u0161pus\u0113). Iztur\u012bga konstrukcija nodro\u0161ina sp\u0113c\u012bgu spiedienu. Gaisa kompresors nav vajadz\u012bgs. Elektroniska laika un temperat\u016bras regul\u0113\u0161ana ar pazi\u0146ojumu par iesp\u0113jamo k\u013c\u016bdu. Ir iesp\u0113ja izmantot citu izm\u0113ru plates. Izstr\u0101d\u0101jumu skait\u012bt\u0101js, Nomex p\u0101rkl\u0101jums. Termoprese aizveras ar pogu, autom\u0101tiski atveras.\",\"breadcrumb\":{\"@id\":\"https:\\\/\\\/wmtbaltic.lv\\\/Produkts\\\/transmatic-rev-2c-elektriska-termoprese\\\/#breadcrumb\"},\"inLanguage\":\"en-US\",\"potentialAction\":[{\"@type\":\"ReadAction\",\"target\":[\"https:\\\/\\\/wmtbaltic.lv\\\/Produkts\\\/transmatic-rev-2c-elektriska-termoprese\\\/\"]}]},{\"@type\":\"ImageObject\",\"inLanguage\":\"en-US\",\"@id\":\"https:\\\/\\\/wmtbaltic.lv\\\/Produkts\\\/transmatic-rev-2c-elektriska-termoprese\\\/#primaryimage\",\"url\":\"https:\\\/\\\/wmtbaltic.lv\\\/wp-content\\\/uploads\\\/2021\\\/02\\\/REV-2-C-APERTA-1-e1498832922376.jpg\",\"contentUrl\":\"https:\\\/\\\/wmtbaltic.lv\\\/wp-content\\\/uploads\\\/2021\\\/02\\\/REV-2-C-APERTA-1-e1498832922376.jpg\",\"width\":2031,\"height\":1668},{\"@type\":\"BreadcrumbList\",\"@id\":\"https:\\\/\\\/wmtbaltic.lv\\\/Produkts\\\/transmatic-rev-2c-elektriska-termoprese\\\/#breadcrumb\",\"itemListElement\":[{\"@type\":\"ListItem\",\"position\":1,\"name\":\"Home\",\"item\":\"https:\\\/\\\/wmtbaltic.lv\\\/en\\\/\"},{\"@type\":\"ListItem\",\"position\":2,\"name\":\"Shop\",\"item\":\"https:\\\/\\\/wmtbaltic.lv\\\/shop\\\/\"},{\"@type\":\"ListItem\",\"position\":3,\"name\":\"Transmatic REV 2C elektrisk\u0101 termoprese\"}]},{\"@type\":\"WebSite\",\"@id\":\"https:\\\/\\\/wmtbaltic.lv\\\/#website\",\"url\":\"https:\\\/\\\/wmtbaltic.lv\\\/\",\"name\":\"WMT Baltic\",\"description\":\"Rekl\u0101mas produkti, pl\u0113ves\",\"publisher\":{\"@id\":\"https:\\\/\\\/wmtbaltic.lv\\\/#organization\"},\"potentialAction\":[{\"@type\":\"SearchAction\",\"target\":{\"@type\":\"EntryPoint\",\"urlTemplate\":\"https:\\\/\\\/wmtbaltic.lv\\\/?s={search_term_string}\"},\"query-input\":{\"@type\":\"PropertyValueSpecification\",\"valueRequired\":true,\"valueName\":\"search_term_string\"}}],\"inLanguage\":\"en-US\"},{\"@type\":\"Organization\",\"@id\":\"https:\\\/\\\/wmtbaltic.lv\\\/#organization\",\"name\":\"WMT Baltic\",\"url\":\"https:\\\/\\\/wmtbaltic.lv\\\/\",\"logo\":{\"@type\":\"ImageObject\",\"inLanguage\":\"en-US\",\"@id\":\"https:\\\/\\\/wmtbaltic.lv\\\/#\\\/schema\\\/logo\\\/image\\\/\",\"url\":\"https:\\\/\\\/wmtbaltic.lv\\\/wp-content\\\/uploads\\\/2024\\\/12\\\/wmt-baltic-sia_107142_9_420x180.jpg\",\"contentUrl\":\"https:\\\/\\\/wmtbaltic.lv\\\/wp-content\\\/uploads\\\/2024\\\/12\\\/wmt-baltic-sia_107142_9_420x180.jpg\",\"width\":420,\"height\":180,\"caption\":\"WMT Baltic\"},\"image\":{\"@id\":\"https:\\\/\\\/wmtbaltic.lv\\\/#\\\/schema\\\/logo\\\/image\\\/\"},\"sameAs\":[\"https:\\\/\\\/www.facebook.com\\\/WMT.Baltic.viscom\\\/?locale=lv_LV\",\"https:\\\/\\\/www.instagram.com\\\/viscom_wmt\\\/\"]}]}<\/script>\n<!-- \/ Yoast SEO plugin. -->","yoast_head_json":{"title":"Transmatic REV 2C elektrisk\u0101 termoprese, WMT Baltic, R\u012bga","description":"Elektrisk\u0101 termoprese ar nob\u012bd\u0101mu darba galdu (priek\u0161pus\u0113). Iztur\u012bga konstrukcija nodro\u0161ina sp\u0113c\u012bgu spiedienu. Gaisa kompresors nav vajadz\u012bgs. Elektroniska laika un temperat\u016bras regul\u0113\u0161ana ar pazi\u0146ojumu par iesp\u0113jamo k\u013c\u016bdu. Ir iesp\u0113ja izmantot citu izm\u0113ru plates. Izstr\u0101d\u0101jumu skait\u012bt\u0101js, Nomex p\u0101rkl\u0101jums. Termoprese aizveras ar pogu, autom\u0101tiski atveras.","robots":{"index":"index","follow":"follow","max-snippet":"max-snippet:-1","max-image-preview":"max-image-preview:large","max-video-preview":"max-video-preview:-1"},"canonical":"https:\/\/wmtbaltic.lv\/Produkts\/transmatic-rev-2c-elektriska-termoprese\/","og_locale":"en_US","og_type":"article","og_title":"Transmatic REV 2C elektrisk\u0101 termoprese, WMT Baltic, R\u012bga","og_description":"Elektrisk\u0101 termoprese ar nob\u012bd\u0101mu darba galdu (priek\u0161pus\u0113). Iztur\u012bga konstrukcija nodro\u0161ina sp\u0113c\u012bgu spiedienu. Gaisa kompresors nav vajadz\u012bgs. Elektroniska laika un temperat\u016bras regul\u0113\u0161ana ar pazi\u0146ojumu par iesp\u0113jamo k\u013c\u016bdu. Ir iesp\u0113ja izmantot citu izm\u0113ru plates. Izstr\u0101d\u0101jumu skait\u012bt\u0101js, Nomex p\u0101rkl\u0101jums. Termoprese aizveras ar pogu, autom\u0101tiski atveras.","og_url":"https:\/\/wmtbaltic.lv\/Produkts\/transmatic-rev-2c-elektriska-termoprese\/","og_site_name":"WMT Baltic","article_publisher":"https:\/\/www.facebook.com\/WMT.Baltic.viscom\/?locale=lv_LV","article_modified_time":"2023-11-22T08:45:43+00:00","og_image":[{"width":2031,"height":1668,"url":"http:\/\/wmtbaltic.lv\/wp-content\/uploads\/2021\/02\/REV-2-C-APERTA-1-e1498832922376.jpg","type":"image\/jpeg"}],"twitter_card":"summary_large_image","twitter_misc":{"Est. reading time":"1 minute"},"schema":{"@context":"https:\/\/schema.org","@graph":[{"@type":"WebPage","@id":"https:\/\/wmtbaltic.lv\/Produkts\/transmatic-rev-2c-elektriska-termoprese\/","url":"https:\/\/wmtbaltic.lv\/Produkts\/transmatic-rev-2c-elektriska-termoprese\/","name":"Transmatic REV 2C elektrisk\u0101 termoprese, WMT Baltic, R\u012bga","isPartOf":{"@id":"https:\/\/wmtbaltic.lv\/#website"},"primaryImageOfPage":{"@id":"https:\/\/wmtbaltic.lv\/Produkts\/transmatic-rev-2c-elektriska-termoprese\/#primaryimage"},"image":{"@id":"https:\/\/wmtbaltic.lv\/Produkts\/transmatic-rev-2c-elektriska-termoprese\/#primaryimage"},"thumbnailUrl":"https:\/\/wmtbaltic.lv\/wp-content\/uploads\/2021\/02\/REV-2-C-APERTA-1-e1498832922376.jpg","datePublished":"2021-02-08T10:03:30+00:00","dateModified":"2023-11-22T08:45:43+00:00","description":"Elektrisk\u0101 termoprese ar nob\u012bd\u0101mu darba galdu (priek\u0161pus\u0113). Iztur\u012bga konstrukcija nodro\u0161ina sp\u0113c\u012bgu spiedienu. Gaisa kompresors nav vajadz\u012bgs. Elektroniska laika un temperat\u016bras regul\u0113\u0161ana ar pazi\u0146ojumu par iesp\u0113jamo k\u013c\u016bdu. Ir iesp\u0113ja izmantot citu izm\u0113ru plates. Izstr\u0101d\u0101jumu skait\u012bt\u0101js, Nomex p\u0101rkl\u0101jums. Termoprese aizveras ar pogu, autom\u0101tiski atveras.","breadcrumb":{"@id":"https:\/\/wmtbaltic.lv\/Produkts\/transmatic-rev-2c-elektriska-termoprese\/#breadcrumb"},"inLanguage":"en-US","potentialAction":[{"@type":"ReadAction","target":["https:\/\/wmtbaltic.lv\/Produkts\/transmatic-rev-2c-elektriska-termoprese\/"]}]},{"@type":"ImageObject","inLanguage":"en-US","@id":"https:\/\/wmtbaltic.lv\/Produkts\/transmatic-rev-2c-elektriska-termoprese\/#primaryimage","url":"https:\/\/wmtbaltic.lv\/wp-content\/uploads\/2021\/02\/REV-2-C-APERTA-1-e1498832922376.jpg","contentUrl":"https:\/\/wmtbaltic.lv\/wp-content\/uploads\/2021\/02\/REV-2-C-APERTA-1-e1498832922376.jpg","width":2031,"height":1668},{"@type":"BreadcrumbList","@id":"https:\/\/wmtbaltic.lv\/Produkts\/transmatic-rev-2c-elektriska-termoprese\/#breadcrumb","itemListElement":[{"@type":"ListItem","position":1,"name":"Home","item":"https:\/\/wmtbaltic.lv\/en\/"},{"@type":"ListItem","position":2,"name":"Shop","item":"https:\/\/wmtbaltic.lv\/shop\/"},{"@type":"ListItem","position":3,"name":"Transmatic REV 2C elektrisk\u0101 termoprese"}]},{"@type":"WebSite","@id":"https:\/\/wmtbaltic.lv\/#website","url":"https:\/\/wmtbaltic.lv\/","name":"WMT Baltic","description":"Rekl\u0101mas produkti, pl\u0113ves","publisher":{"@id":"https:\/\/wmtbaltic.lv\/#organization"},"potentialAction":[{"@type":"SearchAction","target":{"@type":"EntryPoint","urlTemplate":"https:\/\/wmtbaltic.lv\/?s={search_term_string}"},"query-input":{"@type":"PropertyValueSpecification","valueRequired":true,"valueName":"search_term_string"}}],"inLanguage":"en-US"},{"@type":"Organization","@id":"https:\/\/wmtbaltic.lv\/#organization","name":"WMT Baltic","url":"https:\/\/wmtbaltic.lv\/","logo":{"@type":"ImageObject","inLanguage":"en-US","@id":"https:\/\/wmtbaltic.lv\/#\/schema\/logo\/image\/","url":"https:\/\/wmtbaltic.lv\/wp-content\/uploads\/2024\/12\/wmt-baltic-sia_107142_9_420x180.jpg","contentUrl":"https:\/\/wmtbaltic.lv\/wp-content\/uploads\/2024\/12\/wmt-baltic-sia_107142_9_420x180.jpg","width":420,"height":180,"caption":"WMT Baltic"},"image":{"@id":"https:\/\/wmtbaltic.lv\/#\/schema\/logo\/image\/"},"sameAs":["https:\/\/www.facebook.com\/WMT.Baltic.viscom\/?locale=lv_LV","https:\/\/www.instagram.com\/viscom_wmt\/"]}]}},"_links":{"self":[{"href":"https:\/\/wmtbaltic.lv\/en\/wp-json\/wp\/v2\/product\/4831","targetHints":{"allow":["GET"]}}],"collection":[{"href":"https:\/\/wmtbaltic.lv\/en\/wp-json\/wp\/v2\/product"}],"about":[{"href":"https:\/\/wmtbaltic.lv\/en\/wp-json\/wp\/v2\/types\/product"}],"wp:featuredmedia":[{"embeddable":true,"href":"https:\/\/wmtbaltic.lv\/en\/wp-json\/wp\/v2\/media\/4832"}],"wp:attachment":[{"href":"https:\/\/wmtbaltic.lv\/en\/wp-json\/wp\/v2\/media?parent=4831"}],"wp:term":[{"taxonomy":"product_brand","embeddable":true,"href":"https:\/\/wmtbaltic.lv\/en\/wp-json\/wp\/v2\/product_brand?post=4831"},{"taxonomy":"product_cat","embeddable":true,"href":"https:\/\/wmtbaltic.lv\/en\/wp-json\/wp\/v2\/product_cat?post=4831"},{"taxonomy":"product_tag","embeddable":true,"href":"https:\/\/wmtbaltic.lv\/en\/wp-json\/wp\/v2\/product_tag?post=4831"}],"curies":[{"name":"wp","href":"https:\/\/api.w.org\/{rel}","templated":true}]}}