{"id":4817,"date":"2021-02-08T09:12:25","date_gmt":"2021-02-08T09:12:25","guid":{"rendered":"http:\/\/wmtbaltic.lv\/?post_type=product&#038;p=4817"},"modified":"2021-02-08T09:42:46","modified_gmt":"2021-02-08T09:42:46","slug":"transmatic-tmh-10-manuala-termoprese","status":"publish","type":"product","link":"https:\/\/wmtbaltic.lv\/en\/product\/transmatic-tmh-10-manuala-termoprese\/","title":{"rendered":"Transmatic TMH-10 manu\u0101la termoprese"},"content":{"rendered":"<p><strong>Termoprese TMH-10<\/strong><\/p>\n<p>Manu\u0101la termoprese. Aug\u0161\u0113j\u0101 pl\u0101ksne nav nostiprin\u0101ta stingri, bet t\u0101 autom\u0101tiski tiek regul\u0113ta, lai nodro\u0161in\u0101tu pareizu vienm\u0113r\u012bgu spiedienu starp ab\u0101m pl\u0101ksn\u0113m. Digit\u0101la laika un temperat\u016bras regul\u0113\u0161ana. Tiek izmantots vis\u0101m termop\u0101rneses tehnolo\u0123ij\u0101m. Apak\u0161\u0113j\u0101 pl\u0101ksne ir main\u0101ma.<\/p>\n<p><strong>Specifik\u0101cija:<\/strong><\/p>\n<p>&#8211; Darba virsma: 150&#215;150 mm<br \/>\n&#8211; Spriegums: 220W<br \/>\n&#8211; Elektr\u012bbas pat\u0113ri\u0146\u0161: KW 0,50<br \/>\n&#8211; Elektr\u012bbas pat\u0113ri\u0146\u0161\/h: KW\/h 0,2<br \/>\n&#8211; Temperat\u016bra: 20<sup>o<\/sup>-250<sup>o<\/sup>\u00a0C<br \/>\n&#8211; Taimera laika diapozons: 0-999,9 sek.<br \/>\n&#8211; Spiediens: 0-600g\/ cm<sup>2<\/sup><br \/>\n&#8211; Neto svars: 15 Kg\/ 20 Kg<\/p>\n<h4><a href=\"http:\/\/wmtbaltic.lv\/wp-content\/uploads\/2021\/02\/TMH_10.pdf\">Transmatic TMH_10 manu\u0101la termoprese, Bro\u0161\u016bra<\/a><\/h4>\n","protected":false},"excerpt":{"rendered":"Manu\u0101la termoprese. Aug\u0161\u0113j\u0101 pl\u0101ksne nav nostiprin\u0101ta stingri, bet t\u0101 autom\u0101tiski tiek regul\u0113ta, lai nodro\u0161in\u0101tu pareizu vienm\u0113r\u012bgu spiedienu starp ab\u0101m pl\u0101ksn\u0113m. Digit\u0101la laika un temperat\u016bras regul\u0113\u0161ana. Tiek izmantots vis\u0101m termop\u0101rneses tehnolo\u0123ij\u0101m.","protected":false},"featured_media":4820,"template":"","meta":[],"product_brand":[],"product_cat":[263],"product_tag":[531,532,529,535],"class_list":{"0":"post-4817","1":"product","2":"type-product","3":"status-publish","4":"has-post-thumbnail","6":"product_cat-plakanas-manualas-termopreses","7":"product_tag-manuala","8":"product_tag-termoparnese","9":"product_tag-termoprese","10":"product_tag-transmatic","12":"first","13":"instock","14":"shipping-taxable","15":"purchasable","16":"product-type-simple"},"yoast_head":"<!-- This site is optimized with the Yoast SEO plugin v27.5 - https:\/\/yoast.com\/product\/yoast-seo-wordpress\/ -->\n<title>Transmatic TMH-10 manu\u0101la termoprese, WMT Baltic, R\u012bga<\/title>\n<meta name=\"description\" content=\"Manu\u0101la termoprese. Aug\u0161\u0113j\u0101 pl\u0101ksne nav nostiprin\u0101ta stingri, bet t\u0101 autom\u0101tiski tiek regul\u0113ta, lai nodro\u0161in\u0101tu pareizu vienm\u0113r\u012bgu spiedienu starp ab\u0101m pl\u0101ksn\u0113m. Digit\u0101la laika un temperat\u016bras regul\u0113\u0161ana. Tiek izmantots vis\u0101m termop\u0101rneses tehnolo\u0123ij\u0101m.\" \/>\n<meta name=\"robots\" content=\"index, follow, max-snippet:-1, max-image-preview:large, max-video-preview:-1\" \/>\n<link rel=\"canonical\" href=\"https:\/\/wmtbaltic.lv\/Produkts\/transmatic-tmh-10-manuala-termoprese\/\" \/>\n<meta property=\"og:locale\" content=\"en_US\" \/>\n<meta property=\"og:type\" content=\"article\" \/>\n<meta property=\"og:title\" content=\"Transmatic TMH-10 manu\u0101la termoprese, WMT Baltic, R\u012bga\" \/>\n<meta property=\"og:description\" content=\"Manu\u0101la termoprese. Aug\u0161\u0113j\u0101 pl\u0101ksne nav nostiprin\u0101ta stingri, bet t\u0101 autom\u0101tiski tiek regul\u0113ta, lai nodro\u0161in\u0101tu pareizu vienm\u0113r\u012bgu spiedienu starp ab\u0101m pl\u0101ksn\u0113m. Digit\u0101la laika un temperat\u016bras regul\u0113\u0161ana. Tiek izmantots vis\u0101m termop\u0101rneses tehnolo\u0123ij\u0101m.\" \/>\n<meta property=\"og:url\" content=\"https:\/\/wmtbaltic.lv\/Produkts\/transmatic-tmh-10-manuala-termoprese\/\" \/>\n<meta property=\"og:site_name\" content=\"WMT Baltic\" \/>\n<meta property=\"article:publisher\" content=\"https:\/\/www.facebook.com\/WMT.Baltic.viscom\/?locale=lv_LV\" \/>\n<meta property=\"article:modified_time\" content=\"2021-02-08T09:42:46+00:00\" \/>\n<meta property=\"og:image\" content=\"https:\/\/wmtbaltic.lv\/wp-content\/uploads\/2021\/02\/TMH-10-4-e1485353662731.jpg\" \/>\n\t<meta property=\"og:image:width\" content=\"1493\" \/>\n\t<meta property=\"og:image:height\" content=\"1725\" \/>\n\t<meta property=\"og:image:type\" content=\"image\/jpeg\" \/>\n<meta name=\"twitter:card\" content=\"summary_large_image\" \/>\n<meta name=\"twitter:label1\" content=\"Est. reading time\" \/>\n\t<meta name=\"twitter:data1\" content=\"1 minute\" \/>\n<script type=\"application\/ld+json\" class=\"yoast-schema-graph\">{\"@context\":\"https:\\\/\\\/schema.org\",\"@graph\":[{\"@type\":\"WebPage\",\"@id\":\"https:\\\/\\\/wmtbaltic.lv\\\/Produkts\\\/transmatic-tmh-10-manuala-termoprese\\\/\",\"url\":\"https:\\\/\\\/wmtbaltic.lv\\\/Produkts\\\/transmatic-tmh-10-manuala-termoprese\\\/\",\"name\":\"Transmatic TMH-10 manu\u0101la termoprese, WMT Baltic, R\u012bga\",\"isPartOf\":{\"@id\":\"https:\\\/\\\/wmtbaltic.lv\\\/#website\"},\"primaryImageOfPage\":{\"@id\":\"https:\\\/\\\/wmtbaltic.lv\\\/Produkts\\\/transmatic-tmh-10-manuala-termoprese\\\/#primaryimage\"},\"image\":{\"@id\":\"https:\\\/\\\/wmtbaltic.lv\\\/Produkts\\\/transmatic-tmh-10-manuala-termoprese\\\/#primaryimage\"},\"thumbnailUrl\":\"https:\\\/\\\/wmtbaltic.lv\\\/wp-content\\\/uploads\\\/2021\\\/02\\\/TMH-10-4-e1485353662731.jpg\",\"datePublished\":\"2021-02-08T09:12:25+00:00\",\"dateModified\":\"2021-02-08T09:42:46+00:00\",\"description\":\"Manu\u0101la termoprese. Aug\u0161\u0113j\u0101 pl\u0101ksne nav nostiprin\u0101ta stingri, bet t\u0101 autom\u0101tiski tiek regul\u0113ta, lai nodro\u0161in\u0101tu pareizu vienm\u0113r\u012bgu spiedienu starp ab\u0101m pl\u0101ksn\u0113m. Digit\u0101la laika un temperat\u016bras regul\u0113\u0161ana. Tiek izmantots vis\u0101m termop\u0101rneses tehnolo\u0123ij\u0101m.\",\"breadcrumb\":{\"@id\":\"https:\\\/\\\/wmtbaltic.lv\\\/Produkts\\\/transmatic-tmh-10-manuala-termoprese\\\/#breadcrumb\"},\"inLanguage\":\"en-US\",\"potentialAction\":[{\"@type\":\"ReadAction\",\"target\":[\"https:\\\/\\\/wmtbaltic.lv\\\/Produkts\\\/transmatic-tmh-10-manuala-termoprese\\\/\"]}]},{\"@type\":\"ImageObject\",\"inLanguage\":\"en-US\",\"@id\":\"https:\\\/\\\/wmtbaltic.lv\\\/Produkts\\\/transmatic-tmh-10-manuala-termoprese\\\/#primaryimage\",\"url\":\"https:\\\/\\\/wmtbaltic.lv\\\/wp-content\\\/uploads\\\/2021\\\/02\\\/TMH-10-4-e1485353662731.jpg\",\"contentUrl\":\"https:\\\/\\\/wmtbaltic.lv\\\/wp-content\\\/uploads\\\/2021\\\/02\\\/TMH-10-4-e1485353662731.jpg\",\"width\":1493,\"height\":1725},{\"@type\":\"BreadcrumbList\",\"@id\":\"https:\\\/\\\/wmtbaltic.lv\\\/Produkts\\\/transmatic-tmh-10-manuala-termoprese\\\/#breadcrumb\",\"itemListElement\":[{\"@type\":\"ListItem\",\"position\":1,\"name\":\"Home\",\"item\":\"https:\\\/\\\/wmtbaltic.lv\\\/en\\\/\"},{\"@type\":\"ListItem\",\"position\":2,\"name\":\"Shop\",\"item\":\"https:\\\/\\\/wmtbaltic.lv\\\/shop\\\/\"},{\"@type\":\"ListItem\",\"position\":3,\"name\":\"Transmatic TMH-10 manu\u0101la termoprese\"}]},{\"@type\":\"WebSite\",\"@id\":\"https:\\\/\\\/wmtbaltic.lv\\\/#website\",\"url\":\"https:\\\/\\\/wmtbaltic.lv\\\/\",\"name\":\"WMT Baltic\",\"description\":\"Rekl\u0101mas produkti, pl\u0113ves\",\"publisher\":{\"@id\":\"https:\\\/\\\/wmtbaltic.lv\\\/#organization\"},\"potentialAction\":[{\"@type\":\"SearchAction\",\"target\":{\"@type\":\"EntryPoint\",\"urlTemplate\":\"https:\\\/\\\/wmtbaltic.lv\\\/?s={search_term_string}\"},\"query-input\":{\"@type\":\"PropertyValueSpecification\",\"valueRequired\":true,\"valueName\":\"search_term_string\"}}],\"inLanguage\":\"en-US\"},{\"@type\":\"Organization\",\"@id\":\"https:\\\/\\\/wmtbaltic.lv\\\/#organization\",\"name\":\"WMT Baltic\",\"url\":\"https:\\\/\\\/wmtbaltic.lv\\\/\",\"logo\":{\"@type\":\"ImageObject\",\"inLanguage\":\"en-US\",\"@id\":\"https:\\\/\\\/wmtbaltic.lv\\\/#\\\/schema\\\/logo\\\/image\\\/\",\"url\":\"https:\\\/\\\/wmtbaltic.lv\\\/wp-content\\\/uploads\\\/2024\\\/12\\\/wmt-baltic-sia_107142_9_420x180.jpg\",\"contentUrl\":\"https:\\\/\\\/wmtbaltic.lv\\\/wp-content\\\/uploads\\\/2024\\\/12\\\/wmt-baltic-sia_107142_9_420x180.jpg\",\"width\":420,\"height\":180,\"caption\":\"WMT Baltic\"},\"image\":{\"@id\":\"https:\\\/\\\/wmtbaltic.lv\\\/#\\\/schema\\\/logo\\\/image\\\/\"},\"sameAs\":[\"https:\\\/\\\/www.facebook.com\\\/WMT.Baltic.viscom\\\/?locale=lv_LV\",\"https:\\\/\\\/www.instagram.com\\\/viscom_wmt\\\/\"]}]}<\/script>\n<!-- \/ Yoast SEO plugin. -->","yoast_head_json":{"title":"Transmatic TMH-10 manu\u0101la termoprese, WMT Baltic, R\u012bga","description":"Manu\u0101la termoprese. Aug\u0161\u0113j\u0101 pl\u0101ksne nav nostiprin\u0101ta stingri, bet t\u0101 autom\u0101tiski tiek regul\u0113ta, lai nodro\u0161in\u0101tu pareizu vienm\u0113r\u012bgu spiedienu starp ab\u0101m pl\u0101ksn\u0113m. Digit\u0101la laika un temperat\u016bras regul\u0113\u0161ana. Tiek izmantots vis\u0101m termop\u0101rneses tehnolo\u0123ij\u0101m.","robots":{"index":"index","follow":"follow","max-snippet":"max-snippet:-1","max-image-preview":"max-image-preview:large","max-video-preview":"max-video-preview:-1"},"canonical":"https:\/\/wmtbaltic.lv\/Produkts\/transmatic-tmh-10-manuala-termoprese\/","og_locale":"en_US","og_type":"article","og_title":"Transmatic TMH-10 manu\u0101la termoprese, WMT Baltic, R\u012bga","og_description":"Manu\u0101la termoprese. Aug\u0161\u0113j\u0101 pl\u0101ksne nav nostiprin\u0101ta stingri, bet t\u0101 autom\u0101tiski tiek regul\u0113ta, lai nodro\u0161in\u0101tu pareizu vienm\u0113r\u012bgu spiedienu starp ab\u0101m pl\u0101ksn\u0113m. Digit\u0101la laika un temperat\u016bras regul\u0113\u0161ana. Tiek izmantots vis\u0101m termop\u0101rneses tehnolo\u0123ij\u0101m.","og_url":"https:\/\/wmtbaltic.lv\/Produkts\/transmatic-tmh-10-manuala-termoprese\/","og_site_name":"WMT Baltic","article_publisher":"https:\/\/www.facebook.com\/WMT.Baltic.viscom\/?locale=lv_LV","article_modified_time":"2021-02-08T09:42:46+00:00","og_image":[{"width":1493,"height":1725,"url":"https:\/\/wmtbaltic.lv\/wp-content\/uploads\/2021\/02\/TMH-10-4-e1485353662731.jpg","type":"image\/jpeg"}],"twitter_card":"summary_large_image","twitter_misc":{"Est. reading time":"1 minute"},"schema":{"@context":"https:\/\/schema.org","@graph":[{"@type":"WebPage","@id":"https:\/\/wmtbaltic.lv\/Produkts\/transmatic-tmh-10-manuala-termoprese\/","url":"https:\/\/wmtbaltic.lv\/Produkts\/transmatic-tmh-10-manuala-termoprese\/","name":"Transmatic TMH-10 manu\u0101la termoprese, WMT Baltic, R\u012bga","isPartOf":{"@id":"https:\/\/wmtbaltic.lv\/#website"},"primaryImageOfPage":{"@id":"https:\/\/wmtbaltic.lv\/Produkts\/transmatic-tmh-10-manuala-termoprese\/#primaryimage"},"image":{"@id":"https:\/\/wmtbaltic.lv\/Produkts\/transmatic-tmh-10-manuala-termoprese\/#primaryimage"},"thumbnailUrl":"https:\/\/wmtbaltic.lv\/wp-content\/uploads\/2021\/02\/TMH-10-4-e1485353662731.jpg","datePublished":"2021-02-08T09:12:25+00:00","dateModified":"2021-02-08T09:42:46+00:00","description":"Manu\u0101la termoprese. Aug\u0161\u0113j\u0101 pl\u0101ksne nav nostiprin\u0101ta stingri, bet t\u0101 autom\u0101tiski tiek regul\u0113ta, lai nodro\u0161in\u0101tu pareizu vienm\u0113r\u012bgu spiedienu starp ab\u0101m pl\u0101ksn\u0113m. Digit\u0101la laika un temperat\u016bras regul\u0113\u0161ana. Tiek izmantots vis\u0101m termop\u0101rneses tehnolo\u0123ij\u0101m.","breadcrumb":{"@id":"https:\/\/wmtbaltic.lv\/Produkts\/transmatic-tmh-10-manuala-termoprese\/#breadcrumb"},"inLanguage":"en-US","potentialAction":[{"@type":"ReadAction","target":["https:\/\/wmtbaltic.lv\/Produkts\/transmatic-tmh-10-manuala-termoprese\/"]}]},{"@type":"ImageObject","inLanguage":"en-US","@id":"https:\/\/wmtbaltic.lv\/Produkts\/transmatic-tmh-10-manuala-termoprese\/#primaryimage","url":"https:\/\/wmtbaltic.lv\/wp-content\/uploads\/2021\/02\/TMH-10-4-e1485353662731.jpg","contentUrl":"https:\/\/wmtbaltic.lv\/wp-content\/uploads\/2021\/02\/TMH-10-4-e1485353662731.jpg","width":1493,"height":1725},{"@type":"BreadcrumbList","@id":"https:\/\/wmtbaltic.lv\/Produkts\/transmatic-tmh-10-manuala-termoprese\/#breadcrumb","itemListElement":[{"@type":"ListItem","position":1,"name":"Home","item":"https:\/\/wmtbaltic.lv\/en\/"},{"@type":"ListItem","position":2,"name":"Shop","item":"https:\/\/wmtbaltic.lv\/shop\/"},{"@type":"ListItem","position":3,"name":"Transmatic TMH-10 manu\u0101la termoprese"}]},{"@type":"WebSite","@id":"https:\/\/wmtbaltic.lv\/#website","url":"https:\/\/wmtbaltic.lv\/","name":"WMT Baltic","description":"Rekl\u0101mas produkti, pl\u0113ves","publisher":{"@id":"https:\/\/wmtbaltic.lv\/#organization"},"potentialAction":[{"@type":"SearchAction","target":{"@type":"EntryPoint","urlTemplate":"https:\/\/wmtbaltic.lv\/?s={search_term_string}"},"query-input":{"@type":"PropertyValueSpecification","valueRequired":true,"valueName":"search_term_string"}}],"inLanguage":"en-US"},{"@type":"Organization","@id":"https:\/\/wmtbaltic.lv\/#organization","name":"WMT Baltic","url":"https:\/\/wmtbaltic.lv\/","logo":{"@type":"ImageObject","inLanguage":"en-US","@id":"https:\/\/wmtbaltic.lv\/#\/schema\/logo\/image\/","url":"https:\/\/wmtbaltic.lv\/wp-content\/uploads\/2024\/12\/wmt-baltic-sia_107142_9_420x180.jpg","contentUrl":"https:\/\/wmtbaltic.lv\/wp-content\/uploads\/2024\/12\/wmt-baltic-sia_107142_9_420x180.jpg","width":420,"height":180,"caption":"WMT Baltic"},"image":{"@id":"https:\/\/wmtbaltic.lv\/#\/schema\/logo\/image\/"},"sameAs":["https:\/\/www.facebook.com\/WMT.Baltic.viscom\/?locale=lv_LV","https:\/\/www.instagram.com\/viscom_wmt\/"]}]}},"_links":{"self":[{"href":"https:\/\/wmtbaltic.lv\/en\/wp-json\/wp\/v2\/product\/4817","targetHints":{"allow":["GET"]}}],"collection":[{"href":"https:\/\/wmtbaltic.lv\/en\/wp-json\/wp\/v2\/product"}],"about":[{"href":"https:\/\/wmtbaltic.lv\/en\/wp-json\/wp\/v2\/types\/product"}],"wp:featuredmedia":[{"embeddable":true,"href":"https:\/\/wmtbaltic.lv\/en\/wp-json\/wp\/v2\/media\/4820"}],"wp:attachment":[{"href":"https:\/\/wmtbaltic.lv\/en\/wp-json\/wp\/v2\/media?parent=4817"}],"wp:term":[{"taxonomy":"product_brand","embeddable":true,"href":"https:\/\/wmtbaltic.lv\/en\/wp-json\/wp\/v2\/product_brand?post=4817"},{"taxonomy":"product_cat","embeddable":true,"href":"https:\/\/wmtbaltic.lv\/en\/wp-json\/wp\/v2\/product_cat?post=4817"},{"taxonomy":"product_tag","embeddable":true,"href":"https:\/\/wmtbaltic.lv\/en\/wp-json\/wp\/v2\/product_tag?post=4817"}],"curies":[{"name":"wp","href":"https:\/\/api.w.org\/{rel}","templated":true}]}}