{"id":4812,"date":"2021-02-08T09:04:46","date_gmt":"2021-02-08T09:04:46","guid":{"rendered":"http:\/\/wmtbaltic.lv\/?post_type=product&#038;p=4812"},"modified":"2021-02-08T09:45:30","modified_gmt":"2021-02-08T09:45:30","slug":"transmatic-tmh-38-manuala-termoprese","status":"publish","type":"product","link":"https:\/\/wmtbaltic.lv\/en\/product\/transmatic-tmh-38-manuala-termoprese\/","title":{"rendered":"Transmatic TMH-38 manu\u0101la termoprese"},"content":{"rendered":"<p><strong>Termoprese TMH-38<\/strong><\/p>\n<p>Manu\u0101la spiediena prese. Aug\u0161\u0113j\u0101 pl\u0101ksne nav stingri piestiprin\u0101ta, lai nodro\u0161in\u0101tu vienm\u0113r\u012bgu spiedienu starp aug\u0161\u0113jo un apak\u0161\u0113jo pl\u0101ksni. Elektroniska laika un temperat\u016bras regul\u0113\u0161ana. Apak\u0161\u0113j\u0101 pl\u0101ksne ir main\u0101ma.<\/p>\n<p><strong>Specifik\u0101cija:<\/strong><\/p>\n<p>\u2013 Darba galda izm\u0113rs: 38 x 38cm<br \/>\n\u2013 Spriegums: 230 V<br \/>\n\u2013 Elektroener\u0123ijas pat\u0113ri\u0146\u0161: KW 1,7<br \/>\n\u2013 Elektroener\u0123ijas pat\u0113ri\u0146\u0161 stund\u0101: KW\/h 0,8<br \/>\n\u2013 Temperat\u016bra: 50-305<sup>o<\/sup>\u00a0C<br \/>\n\u2013 Taimera laika diapazons: 0-999 sek.<br \/>\n\u2013 Spiediena diapazons: 0-600 gr\/ cm<sup>2<\/sup><br \/>\n\u2013 Neto svars: 42\/48 Kg<\/p>\n<p>*Termopresi var ieg\u0101d\u0101ties ar papildapr\u012bkojumu \u2013 termoelementu cepur\u012bt\u0113m.<\/p>\n<h4><a href=\"http:\/\/wmtbaltic.lv\/wp-content\/uploads\/2021\/02\/TMH38_50.pdf\">Transmatic TMH38_50 manu\u0101la termoprese, Bro\u0161\u016bra<\/a><\/h4>\n","protected":false},"excerpt":{"rendered":"Manu\u0101la spiediena prese. Aug\u0161\u0113j\u0101 pl\u0101ksne nav stingri piestiprin\u0101ta, lai nodro\u0161in\u0101tu vienm\u0113r\u012bgu spiedienu starp aug\u0161\u0113jo un apak\u0161\u0113jo pl\u0101ksni. Elektroniska laika un temperat\u016bras regul\u0113\u0161ana. Apak\u0161\u0113j\u0101 pl\u0101ksne ir main\u0101ma.","protected":false},"featured_media":4815,"template":"","meta":[],"product_brand":[],"product_cat":[263],"product_tag":[531,532,529,535],"class_list":{"0":"post-4812","1":"product","2":"type-product","3":"status-publish","4":"has-post-thumbnail","6":"product_cat-plakanas-manualas-termopreses","7":"product_tag-manuala","8":"product_tag-termoparnese","9":"product_tag-termoprese","10":"product_tag-transmatic","12":"first","13":"instock","14":"shipping-taxable","15":"purchasable","16":"product-type-simple"},"yoast_head":"<!-- This site is optimized with the Yoast SEO plugin v27.5 - https:\/\/yoast.com\/product\/yoast-seo-wordpress\/ -->\n<title>Transmatic TMH-38 manu\u0101la termoprese, WMT Baltic, R\u012bga<\/title>\n<meta name=\"description\" content=\"Manu\u0101la spiediena prese. Aug\u0161\u0113j\u0101 pl\u0101ksne nav stingri piestiprin\u0101ta, lai nodro\u0161in\u0101tu vienm\u0113r\u012bgu spiedienu starp aug\u0161\u0113jo un apak\u0161\u0113jo pl\u0101ksni. Elektroniska laika un temperat\u016bras regul\u0113\u0161ana. Apak\u0161\u0113j\u0101 pl\u0101ksne ir main\u0101ma.\" \/>\n<meta name=\"robots\" content=\"index, follow, max-snippet:-1, max-image-preview:large, max-video-preview:-1\" \/>\n<link rel=\"canonical\" href=\"https:\/\/wmtbaltic.lv\/Produkts\/transmatic-tmh-38-manuala-termoprese\/\" \/>\n<meta property=\"og:locale\" content=\"en_US\" \/>\n<meta property=\"og:type\" content=\"article\" \/>\n<meta property=\"og:title\" content=\"Transmatic TMH-38 manu\u0101la termoprese, WMT Baltic, R\u012bga\" \/>\n<meta property=\"og:description\" content=\"Manu\u0101la spiediena prese. Aug\u0161\u0113j\u0101 pl\u0101ksne nav stingri piestiprin\u0101ta, lai nodro\u0161in\u0101tu vienm\u0113r\u012bgu spiedienu starp aug\u0161\u0113jo un apak\u0161\u0113jo pl\u0101ksni. Elektroniska laika un temperat\u016bras regul\u0113\u0161ana. Apak\u0161\u0113j\u0101 pl\u0101ksne ir main\u0101ma.\" \/>\n<meta property=\"og:url\" content=\"https:\/\/wmtbaltic.lv\/Produkts\/transmatic-tmh-38-manuala-termoprese\/\" \/>\n<meta property=\"og:site_name\" content=\"WMT Baltic\" \/>\n<meta property=\"article:publisher\" content=\"https:\/\/www.facebook.com\/WMT.Baltic.viscom\/?locale=lv_LV\" \/>\n<meta property=\"article:modified_time\" content=\"2021-02-08T09:45:30+00:00\" \/>\n<meta property=\"og:image\" content=\"https:\/\/wmtbaltic.lv\/wp-content\/uploads\/2021\/02\/TMH-38-50-e1485358788962.jpg\" \/>\n\t<meta property=\"og:image:width\" content=\"1850\" \/>\n\t<meta property=\"og:image:height\" content=\"1718\" \/>\n\t<meta property=\"og:image:type\" content=\"image\/jpeg\" \/>\n<meta name=\"twitter:card\" content=\"summary_large_image\" \/>\n<meta name=\"twitter:label1\" content=\"Est. reading time\" \/>\n\t<meta name=\"twitter:data1\" content=\"1 minute\" \/>\n<script type=\"application\/ld+json\" class=\"yoast-schema-graph\">{\"@context\":\"https:\\\/\\\/schema.org\",\"@graph\":[{\"@type\":\"WebPage\",\"@id\":\"https:\\\/\\\/wmtbaltic.lv\\\/Produkts\\\/transmatic-tmh-38-manuala-termoprese\\\/\",\"url\":\"https:\\\/\\\/wmtbaltic.lv\\\/Produkts\\\/transmatic-tmh-38-manuala-termoprese\\\/\",\"name\":\"Transmatic TMH-38 manu\u0101la termoprese, WMT Baltic, R\u012bga\",\"isPartOf\":{\"@id\":\"https:\\\/\\\/wmtbaltic.lv\\\/#website\"},\"primaryImageOfPage\":{\"@id\":\"https:\\\/\\\/wmtbaltic.lv\\\/Produkts\\\/transmatic-tmh-38-manuala-termoprese\\\/#primaryimage\"},\"image\":{\"@id\":\"https:\\\/\\\/wmtbaltic.lv\\\/Produkts\\\/transmatic-tmh-38-manuala-termoprese\\\/#primaryimage\"},\"thumbnailUrl\":\"https:\\\/\\\/wmtbaltic.lv\\\/wp-content\\\/uploads\\\/2021\\\/02\\\/TMH-38-50-e1485358788962.jpg\",\"datePublished\":\"2021-02-08T09:04:46+00:00\",\"dateModified\":\"2021-02-08T09:45:30+00:00\",\"description\":\"Manu\u0101la spiediena prese. Aug\u0161\u0113j\u0101 pl\u0101ksne nav stingri piestiprin\u0101ta, lai nodro\u0161in\u0101tu vienm\u0113r\u012bgu spiedienu starp aug\u0161\u0113jo un apak\u0161\u0113jo pl\u0101ksni. Elektroniska laika un temperat\u016bras regul\u0113\u0161ana. Apak\u0161\u0113j\u0101 pl\u0101ksne ir main\u0101ma.\",\"breadcrumb\":{\"@id\":\"https:\\\/\\\/wmtbaltic.lv\\\/Produkts\\\/transmatic-tmh-38-manuala-termoprese\\\/#breadcrumb\"},\"inLanguage\":\"en-US\",\"potentialAction\":[{\"@type\":\"ReadAction\",\"target\":[\"https:\\\/\\\/wmtbaltic.lv\\\/Produkts\\\/transmatic-tmh-38-manuala-termoprese\\\/\"]}]},{\"@type\":\"ImageObject\",\"inLanguage\":\"en-US\",\"@id\":\"https:\\\/\\\/wmtbaltic.lv\\\/Produkts\\\/transmatic-tmh-38-manuala-termoprese\\\/#primaryimage\",\"url\":\"https:\\\/\\\/wmtbaltic.lv\\\/wp-content\\\/uploads\\\/2021\\\/02\\\/TMH-38-50-e1485358788962.jpg\",\"contentUrl\":\"https:\\\/\\\/wmtbaltic.lv\\\/wp-content\\\/uploads\\\/2021\\\/02\\\/TMH-38-50-e1485358788962.jpg\",\"width\":1850,\"height\":1718},{\"@type\":\"BreadcrumbList\",\"@id\":\"https:\\\/\\\/wmtbaltic.lv\\\/Produkts\\\/transmatic-tmh-38-manuala-termoprese\\\/#breadcrumb\",\"itemListElement\":[{\"@type\":\"ListItem\",\"position\":1,\"name\":\"Home\",\"item\":\"https:\\\/\\\/wmtbaltic.lv\\\/en\\\/\"},{\"@type\":\"ListItem\",\"position\":2,\"name\":\"Shop\",\"item\":\"https:\\\/\\\/wmtbaltic.lv\\\/shop\\\/\"},{\"@type\":\"ListItem\",\"position\":3,\"name\":\"Transmatic TMH-38 manu\u0101la termoprese\"}]},{\"@type\":\"WebSite\",\"@id\":\"https:\\\/\\\/wmtbaltic.lv\\\/#website\",\"url\":\"https:\\\/\\\/wmtbaltic.lv\\\/\",\"name\":\"WMT Baltic\",\"description\":\"Rekl\u0101mas produkti, pl\u0113ves\",\"publisher\":{\"@id\":\"https:\\\/\\\/wmtbaltic.lv\\\/#organization\"},\"potentialAction\":[{\"@type\":\"SearchAction\",\"target\":{\"@type\":\"EntryPoint\",\"urlTemplate\":\"https:\\\/\\\/wmtbaltic.lv\\\/?s={search_term_string}\"},\"query-input\":{\"@type\":\"PropertyValueSpecification\",\"valueRequired\":true,\"valueName\":\"search_term_string\"}}],\"inLanguage\":\"en-US\"},{\"@type\":\"Organization\",\"@id\":\"https:\\\/\\\/wmtbaltic.lv\\\/#organization\",\"name\":\"WMT Baltic\",\"url\":\"https:\\\/\\\/wmtbaltic.lv\\\/\",\"logo\":{\"@type\":\"ImageObject\",\"inLanguage\":\"en-US\",\"@id\":\"https:\\\/\\\/wmtbaltic.lv\\\/#\\\/schema\\\/logo\\\/image\\\/\",\"url\":\"https:\\\/\\\/wmtbaltic.lv\\\/wp-content\\\/uploads\\\/2024\\\/12\\\/wmt-baltic-sia_107142_9_420x180.jpg\",\"contentUrl\":\"https:\\\/\\\/wmtbaltic.lv\\\/wp-content\\\/uploads\\\/2024\\\/12\\\/wmt-baltic-sia_107142_9_420x180.jpg\",\"width\":420,\"height\":180,\"caption\":\"WMT Baltic\"},\"image\":{\"@id\":\"https:\\\/\\\/wmtbaltic.lv\\\/#\\\/schema\\\/logo\\\/image\\\/\"},\"sameAs\":[\"https:\\\/\\\/www.facebook.com\\\/WMT.Baltic.viscom\\\/?locale=lv_LV\",\"https:\\\/\\\/www.instagram.com\\\/viscom_wmt\\\/\"]}]}<\/script>\n<!-- \/ Yoast SEO plugin. -->","yoast_head_json":{"title":"Transmatic TMH-38 manu\u0101la termoprese, WMT Baltic, R\u012bga","description":"Manu\u0101la spiediena prese. Aug\u0161\u0113j\u0101 pl\u0101ksne nav stingri piestiprin\u0101ta, lai nodro\u0161in\u0101tu vienm\u0113r\u012bgu spiedienu starp aug\u0161\u0113jo un apak\u0161\u0113jo pl\u0101ksni. Elektroniska laika un temperat\u016bras regul\u0113\u0161ana. Apak\u0161\u0113j\u0101 pl\u0101ksne ir main\u0101ma.","robots":{"index":"index","follow":"follow","max-snippet":"max-snippet:-1","max-image-preview":"max-image-preview:large","max-video-preview":"max-video-preview:-1"},"canonical":"https:\/\/wmtbaltic.lv\/Produkts\/transmatic-tmh-38-manuala-termoprese\/","og_locale":"en_US","og_type":"article","og_title":"Transmatic TMH-38 manu\u0101la termoprese, WMT Baltic, R\u012bga","og_description":"Manu\u0101la spiediena prese. Aug\u0161\u0113j\u0101 pl\u0101ksne nav stingri piestiprin\u0101ta, lai nodro\u0161in\u0101tu vienm\u0113r\u012bgu spiedienu starp aug\u0161\u0113jo un apak\u0161\u0113jo pl\u0101ksni. Elektroniska laika un temperat\u016bras regul\u0113\u0161ana. Apak\u0161\u0113j\u0101 pl\u0101ksne ir main\u0101ma.","og_url":"https:\/\/wmtbaltic.lv\/Produkts\/transmatic-tmh-38-manuala-termoprese\/","og_site_name":"WMT Baltic","article_publisher":"https:\/\/www.facebook.com\/WMT.Baltic.viscom\/?locale=lv_LV","article_modified_time":"2021-02-08T09:45:30+00:00","og_image":[{"width":1850,"height":1718,"url":"https:\/\/wmtbaltic.lv\/wp-content\/uploads\/2021\/02\/TMH-38-50-e1485358788962.jpg","type":"image\/jpeg"}],"twitter_card":"summary_large_image","twitter_misc":{"Est. reading time":"1 minute"},"schema":{"@context":"https:\/\/schema.org","@graph":[{"@type":"WebPage","@id":"https:\/\/wmtbaltic.lv\/Produkts\/transmatic-tmh-38-manuala-termoprese\/","url":"https:\/\/wmtbaltic.lv\/Produkts\/transmatic-tmh-38-manuala-termoprese\/","name":"Transmatic TMH-38 manu\u0101la termoprese, WMT Baltic, R\u012bga","isPartOf":{"@id":"https:\/\/wmtbaltic.lv\/#website"},"primaryImageOfPage":{"@id":"https:\/\/wmtbaltic.lv\/Produkts\/transmatic-tmh-38-manuala-termoprese\/#primaryimage"},"image":{"@id":"https:\/\/wmtbaltic.lv\/Produkts\/transmatic-tmh-38-manuala-termoprese\/#primaryimage"},"thumbnailUrl":"https:\/\/wmtbaltic.lv\/wp-content\/uploads\/2021\/02\/TMH-38-50-e1485358788962.jpg","datePublished":"2021-02-08T09:04:46+00:00","dateModified":"2021-02-08T09:45:30+00:00","description":"Manu\u0101la spiediena prese. Aug\u0161\u0113j\u0101 pl\u0101ksne nav stingri piestiprin\u0101ta, lai nodro\u0161in\u0101tu vienm\u0113r\u012bgu spiedienu starp aug\u0161\u0113jo un apak\u0161\u0113jo pl\u0101ksni. Elektroniska laika un temperat\u016bras regul\u0113\u0161ana. Apak\u0161\u0113j\u0101 pl\u0101ksne ir main\u0101ma.","breadcrumb":{"@id":"https:\/\/wmtbaltic.lv\/Produkts\/transmatic-tmh-38-manuala-termoprese\/#breadcrumb"},"inLanguage":"en-US","potentialAction":[{"@type":"ReadAction","target":["https:\/\/wmtbaltic.lv\/Produkts\/transmatic-tmh-38-manuala-termoprese\/"]}]},{"@type":"ImageObject","inLanguage":"en-US","@id":"https:\/\/wmtbaltic.lv\/Produkts\/transmatic-tmh-38-manuala-termoprese\/#primaryimage","url":"https:\/\/wmtbaltic.lv\/wp-content\/uploads\/2021\/02\/TMH-38-50-e1485358788962.jpg","contentUrl":"https:\/\/wmtbaltic.lv\/wp-content\/uploads\/2021\/02\/TMH-38-50-e1485358788962.jpg","width":1850,"height":1718},{"@type":"BreadcrumbList","@id":"https:\/\/wmtbaltic.lv\/Produkts\/transmatic-tmh-38-manuala-termoprese\/#breadcrumb","itemListElement":[{"@type":"ListItem","position":1,"name":"Home","item":"https:\/\/wmtbaltic.lv\/en\/"},{"@type":"ListItem","position":2,"name":"Shop","item":"https:\/\/wmtbaltic.lv\/shop\/"},{"@type":"ListItem","position":3,"name":"Transmatic TMH-38 manu\u0101la termoprese"}]},{"@type":"WebSite","@id":"https:\/\/wmtbaltic.lv\/#website","url":"https:\/\/wmtbaltic.lv\/","name":"WMT Baltic","description":"Rekl\u0101mas produkti, pl\u0113ves","publisher":{"@id":"https:\/\/wmtbaltic.lv\/#organization"},"potentialAction":[{"@type":"SearchAction","target":{"@type":"EntryPoint","urlTemplate":"https:\/\/wmtbaltic.lv\/?s={search_term_string}"},"query-input":{"@type":"PropertyValueSpecification","valueRequired":true,"valueName":"search_term_string"}}],"inLanguage":"en-US"},{"@type":"Organization","@id":"https:\/\/wmtbaltic.lv\/#organization","name":"WMT Baltic","url":"https:\/\/wmtbaltic.lv\/","logo":{"@type":"ImageObject","inLanguage":"en-US","@id":"https:\/\/wmtbaltic.lv\/#\/schema\/logo\/image\/","url":"https:\/\/wmtbaltic.lv\/wp-content\/uploads\/2024\/12\/wmt-baltic-sia_107142_9_420x180.jpg","contentUrl":"https:\/\/wmtbaltic.lv\/wp-content\/uploads\/2024\/12\/wmt-baltic-sia_107142_9_420x180.jpg","width":420,"height":180,"caption":"WMT Baltic"},"image":{"@id":"https:\/\/wmtbaltic.lv\/#\/schema\/logo\/image\/"},"sameAs":["https:\/\/www.facebook.com\/WMT.Baltic.viscom\/?locale=lv_LV","https:\/\/www.instagram.com\/viscom_wmt\/"]}]}},"_links":{"self":[{"href":"https:\/\/wmtbaltic.lv\/en\/wp-json\/wp\/v2\/product\/4812","targetHints":{"allow":["GET"]}}],"collection":[{"href":"https:\/\/wmtbaltic.lv\/en\/wp-json\/wp\/v2\/product"}],"about":[{"href":"https:\/\/wmtbaltic.lv\/en\/wp-json\/wp\/v2\/types\/product"}],"wp:featuredmedia":[{"embeddable":true,"href":"https:\/\/wmtbaltic.lv\/en\/wp-json\/wp\/v2\/media\/4815"}],"wp:attachment":[{"href":"https:\/\/wmtbaltic.lv\/en\/wp-json\/wp\/v2\/media?parent=4812"}],"wp:term":[{"taxonomy":"product_brand","embeddable":true,"href":"https:\/\/wmtbaltic.lv\/en\/wp-json\/wp\/v2\/product_brand?post=4812"},{"taxonomy":"product_cat","embeddable":true,"href":"https:\/\/wmtbaltic.lv\/en\/wp-json\/wp\/v2\/product_cat?post=4812"},{"taxonomy":"product_tag","embeddable":true,"href":"https:\/\/wmtbaltic.lv\/en\/wp-json\/wp\/v2\/product_tag?post=4812"}],"curies":[{"name":"wp","href":"https:\/\/api.w.org\/{rel}","templated":true}]}}