{"id":4679,"date":"2021-02-02T13:15:18","date_gmt":"2021-02-02T13:15:18","guid":{"rendered":"http:\/\/wmtbaltic.lv\/?post_type=product&#038;p=4679"},"modified":"2022-04-27T13:44:06","modified_gmt":"2022-04-27T13:44:06","slug":"calortrans-ct-c50m-termoprese-cepurem","status":"publish","type":"product","link":"https:\/\/wmtbaltic.lv\/en\/product\/calortrans-ct-c50m-termoprese-cepurem\/","title":{"rendered":"Calortrans CT-C50M termoprese cepur\u0113m"},"content":{"rendered":"<p>Calortrans CT-C50M termoprese cepur\u0113m<\/p>\n<p>Autom\u0101tisk\u0101 termoprese p\u0101rne\u0161anai uz cepur\u0113m. Uzsild\u012b\u0161anas pl\u0101ksne ar teflona virsmu 13&#215;6.5 cm. Elektronisk\u0101 temperat\u016bras korekcija, temperat\u016bra uz displeja atbilst re\u0101lai temperat\u016brai. Papildus apr\u012bkojums: plakana pl\u0101ksne un sildelementu 15&#215;15 cm. Ide\u0101ls risin\u0101jums embl\u0113mu p\u0101rne\u0161anai.<\/p>\n<p>Calortrans CT-C50M termoprese ir apr\u012bkota ar magn\u0113tisko autom\u0101tisk\u0101s atv\u0113r\u0161anas sist\u0113mu. Kad p\u0101rneses laiks ir pag\u0101jis, termoprese tiks autom\u0101tiski atv\u0113rta.<\/p>\n<p><strong>Specifik\u0101cija:<\/strong><\/p>\n<p>&#8211; Pusautom\u0101tisk\u0101 termoprese (auto open)<br \/>\n&#8211; Darba virsma: 15 x 8cm<br \/>\n&#8211; Papildus plakana pl\u0101ksne un sildelementu (15 x 15cm)<br \/>\n&#8211; Viegli lietojams digit\u0101lais displejs<br \/>\n&#8211; 3 sekun\u017eu br\u012bdin\u0101\u0161anas sist\u0113ma<br \/>\n&#8211; \u0100tra uzsild\u012b\u0161ana<br \/>\n&#8211; Uzsild\u012b\u0161anas maksim\u0101l\u0101 temperat\u016bra: 220\u00baC<\/p>\n<h4><a href=\"http:\/\/wmtbaltic.lv\/wp-content\/uploads\/2021\/02\/Calortrans-CAP-ENG-rgb.pdf\">Calortrans CAP CT-C50M termoprese cepur\u0113m, Bro\u0161\u016bra<\/a><\/h4>\n","protected":false},"excerpt":{"rendered":"Autom\u0101tisk\u0101 termoprese p\u0101rne\u0161anai uz cepur\u0113m. Uzsild\u012b\u0161anas pl\u0101ksne ar teflona virsmu 13x6.5 cm. Elektronisk\u0101 temperat\u016bras korekcija, temperat\u016bra uz displeja atbilst re\u0101lai temperat\u016brai. Papildus apr\u012bkojums: plakana pl\u0101ksne un sildelementu 15x15 cm. Ide\u0101ls risin\u0101jums embl\u0113mu p\u0101rne\u0161anai.","protected":false},"featured_media":4680,"template":"","meta":[],"product_brand":[],"product_cat":[244],"product_tag":[530,534,532,529],"class_list":{"0":"post-4679","1":"product","2":"type-product","3":"status-publish","4":"has-post-thumbnail","6":"product_cat-specialas-termopreses","7":"product_tag-calortrans","8":"product_tag-cepurem","9":"product_tag-termoparnese","10":"product_tag-termoprese","12":"first","13":"instock","14":"shipping-taxable","15":"purchasable","16":"product-type-simple"},"yoast_head":"<!-- This site is optimized with the Yoast SEO plugin v27.5 - https:\/\/yoast.com\/product\/yoast-seo-wordpress\/ -->\n<title>Calortrans CT-C50M termoprese cepur\u0113m, WMT Baltic, R\u012bga<\/title>\n<meta name=\"description\" content=\"Autom\u0101tisk\u0101 termoprese p\u0101rne\u0161anai uz cepur\u0113m. Uzsild\u012b\u0161anas pl\u0101ksne ar teflona virsmu 13x6.5 cm. Elektronisk\u0101 temperat\u016bras korekcija, temperat\u016bra uz displeja atbilst re\u0101lai temperat\u016brai. Papildus apr\u012bkojums: plakana pl\u0101ksne un sildelementu 15x15 cm. Ide\u0101ls risin\u0101jums embl\u0113mu p\u0101rne\u0161anai.\" \/>\n<meta name=\"robots\" content=\"index, follow, max-snippet:-1, max-image-preview:large, max-video-preview:-1\" \/>\n<link rel=\"canonical\" href=\"https:\/\/wmtbaltic.lv\/Produkts\/calortrans-ct-c50m-termoprese-cepurem\/\" \/>\n<meta property=\"og:locale\" content=\"en_US\" \/>\n<meta property=\"og:type\" content=\"article\" \/>\n<meta property=\"og:title\" content=\"Calortrans CT-C50M termoprese cepur\u0113m, WMT Baltic, R\u012bga\" \/>\n<meta property=\"og:description\" content=\"Autom\u0101tisk\u0101 termoprese p\u0101rne\u0161anai uz cepur\u0113m. Uzsild\u012b\u0161anas pl\u0101ksne ar teflona virsmu 13x6.5 cm. Elektronisk\u0101 temperat\u016bras korekcija, temperat\u016bra uz displeja atbilst re\u0101lai temperat\u016brai. Papildus apr\u012bkojums: plakana pl\u0101ksne un sildelementu 15x15 cm. Ide\u0101ls risin\u0101jums embl\u0113mu p\u0101rne\u0161anai.\" \/>\n<meta property=\"og:url\" content=\"https:\/\/wmtbaltic.lv\/Produkts\/calortrans-ct-c50m-termoprese-cepurem\/\" \/>\n<meta property=\"og:site_name\" content=\"WMT Baltic\" \/>\n<meta property=\"article:publisher\" content=\"https:\/\/www.facebook.com\/WMT.Baltic.viscom\/?locale=lv_LV\" \/>\n<meta property=\"article:modified_time\" content=\"2022-04-27T13:44:06+00:00\" \/>\n<meta property=\"og:image\" content=\"http:\/\/wmtbaltic.lv\/wp-content\/uploads\/2021\/02\/Calortrans-C50M-II-pettenpers-met-pet.jpg\" \/>\n\t<meta property=\"og:image:width\" content=\"600\" \/>\n\t<meta property=\"og:image:height\" content=\"600\" \/>\n\t<meta property=\"og:image:type\" content=\"image\/jpeg\" \/>\n<meta name=\"twitter:card\" content=\"summary_large_image\" \/>\n<meta name=\"twitter:label1\" content=\"Est. reading time\" \/>\n\t<meta name=\"twitter:data1\" content=\"1 minute\" \/>\n<script type=\"application\/ld+json\" class=\"yoast-schema-graph\">{\"@context\":\"https:\\\/\\\/schema.org\",\"@graph\":[{\"@type\":\"WebPage\",\"@id\":\"https:\\\/\\\/wmtbaltic.lv\\\/Produkts\\\/calortrans-ct-c50m-termoprese-cepurem\\\/\",\"url\":\"https:\\\/\\\/wmtbaltic.lv\\\/Produkts\\\/calortrans-ct-c50m-termoprese-cepurem\\\/\",\"name\":\"Calortrans CT-C50M termoprese cepur\u0113m, WMT Baltic, R\u012bga\",\"isPartOf\":{\"@id\":\"https:\\\/\\\/wmtbaltic.lv\\\/#website\"},\"primaryImageOfPage\":{\"@id\":\"https:\\\/\\\/wmtbaltic.lv\\\/Produkts\\\/calortrans-ct-c50m-termoprese-cepurem\\\/#primaryimage\"},\"image\":{\"@id\":\"https:\\\/\\\/wmtbaltic.lv\\\/Produkts\\\/calortrans-ct-c50m-termoprese-cepurem\\\/#primaryimage\"},\"thumbnailUrl\":\"https:\\\/\\\/wmtbaltic.lv\\\/wp-content\\\/uploads\\\/2021\\\/02\\\/Calortrans-C50M-II-pettenpers-met-pet.jpg\",\"datePublished\":\"2021-02-02T13:15:18+00:00\",\"dateModified\":\"2022-04-27T13:44:06+00:00\",\"description\":\"Autom\u0101tisk\u0101 termoprese p\u0101rne\u0161anai uz cepur\u0113m. Uzsild\u012b\u0161anas pl\u0101ksne ar teflona virsmu 13x6.5 cm. Elektronisk\u0101 temperat\u016bras korekcija, temperat\u016bra uz displeja atbilst re\u0101lai temperat\u016brai. Papildus apr\u012bkojums: plakana pl\u0101ksne un sildelementu 15x15 cm. Ide\u0101ls risin\u0101jums embl\u0113mu p\u0101rne\u0161anai.\",\"breadcrumb\":{\"@id\":\"https:\\\/\\\/wmtbaltic.lv\\\/Produkts\\\/calortrans-ct-c50m-termoprese-cepurem\\\/#breadcrumb\"},\"inLanguage\":\"en-US\",\"potentialAction\":[{\"@type\":\"ReadAction\",\"target\":[\"https:\\\/\\\/wmtbaltic.lv\\\/Produkts\\\/calortrans-ct-c50m-termoprese-cepurem\\\/\"]}]},{\"@type\":\"ImageObject\",\"inLanguage\":\"en-US\",\"@id\":\"https:\\\/\\\/wmtbaltic.lv\\\/Produkts\\\/calortrans-ct-c50m-termoprese-cepurem\\\/#primaryimage\",\"url\":\"https:\\\/\\\/wmtbaltic.lv\\\/wp-content\\\/uploads\\\/2021\\\/02\\\/Calortrans-C50M-II-pettenpers-met-pet.jpg\",\"contentUrl\":\"https:\\\/\\\/wmtbaltic.lv\\\/wp-content\\\/uploads\\\/2021\\\/02\\\/Calortrans-C50M-II-pettenpers-met-pet.jpg\",\"width\":600,\"height\":600},{\"@type\":\"BreadcrumbList\",\"@id\":\"https:\\\/\\\/wmtbaltic.lv\\\/Produkts\\\/calortrans-ct-c50m-termoprese-cepurem\\\/#breadcrumb\",\"itemListElement\":[{\"@type\":\"ListItem\",\"position\":1,\"name\":\"Home\",\"item\":\"https:\\\/\\\/wmtbaltic.lv\\\/en\\\/\"},{\"@type\":\"ListItem\",\"position\":2,\"name\":\"Shop\",\"item\":\"https:\\\/\\\/wmtbaltic.lv\\\/shop\\\/\"},{\"@type\":\"ListItem\",\"position\":3,\"name\":\"Calortrans CT-C50M termoprese cepur\u0113m\"}]},{\"@type\":\"WebSite\",\"@id\":\"https:\\\/\\\/wmtbaltic.lv\\\/#website\",\"url\":\"https:\\\/\\\/wmtbaltic.lv\\\/\",\"name\":\"WMT Baltic\",\"description\":\"Rekl\u0101mas produkti, pl\u0113ves\",\"publisher\":{\"@id\":\"https:\\\/\\\/wmtbaltic.lv\\\/#organization\"},\"potentialAction\":[{\"@type\":\"SearchAction\",\"target\":{\"@type\":\"EntryPoint\",\"urlTemplate\":\"https:\\\/\\\/wmtbaltic.lv\\\/?s={search_term_string}\"},\"query-input\":{\"@type\":\"PropertyValueSpecification\",\"valueRequired\":true,\"valueName\":\"search_term_string\"}}],\"inLanguage\":\"en-US\"},{\"@type\":\"Organization\",\"@id\":\"https:\\\/\\\/wmtbaltic.lv\\\/#organization\",\"name\":\"WMT Baltic\",\"url\":\"https:\\\/\\\/wmtbaltic.lv\\\/\",\"logo\":{\"@type\":\"ImageObject\",\"inLanguage\":\"en-US\",\"@id\":\"https:\\\/\\\/wmtbaltic.lv\\\/#\\\/schema\\\/logo\\\/image\\\/\",\"url\":\"https:\\\/\\\/wmtbaltic.lv\\\/wp-content\\\/uploads\\\/2024\\\/12\\\/wmt-baltic-sia_107142_9_420x180.jpg\",\"contentUrl\":\"https:\\\/\\\/wmtbaltic.lv\\\/wp-content\\\/uploads\\\/2024\\\/12\\\/wmt-baltic-sia_107142_9_420x180.jpg\",\"width\":420,\"height\":180,\"caption\":\"WMT Baltic\"},\"image\":{\"@id\":\"https:\\\/\\\/wmtbaltic.lv\\\/#\\\/schema\\\/logo\\\/image\\\/\"},\"sameAs\":[\"https:\\\/\\\/www.facebook.com\\\/WMT.Baltic.viscom\\\/?locale=lv_LV\",\"https:\\\/\\\/www.instagram.com\\\/viscom_wmt\\\/\"]}]}<\/script>\n<!-- \/ Yoast SEO plugin. -->","yoast_head_json":{"title":"Calortrans CT-C50M termoprese cepur\u0113m, WMT Baltic, R\u012bga","description":"Autom\u0101tisk\u0101 termoprese p\u0101rne\u0161anai uz cepur\u0113m. Uzsild\u012b\u0161anas pl\u0101ksne ar teflona virsmu 13x6.5 cm. Elektronisk\u0101 temperat\u016bras korekcija, temperat\u016bra uz displeja atbilst re\u0101lai temperat\u016brai. Papildus apr\u012bkojums: plakana pl\u0101ksne un sildelementu 15x15 cm. Ide\u0101ls risin\u0101jums embl\u0113mu p\u0101rne\u0161anai.","robots":{"index":"index","follow":"follow","max-snippet":"max-snippet:-1","max-image-preview":"max-image-preview:large","max-video-preview":"max-video-preview:-1"},"canonical":"https:\/\/wmtbaltic.lv\/Produkts\/calortrans-ct-c50m-termoprese-cepurem\/","og_locale":"en_US","og_type":"article","og_title":"Calortrans CT-C50M termoprese cepur\u0113m, WMT Baltic, R\u012bga","og_description":"Autom\u0101tisk\u0101 termoprese p\u0101rne\u0161anai uz cepur\u0113m. Uzsild\u012b\u0161anas pl\u0101ksne ar teflona virsmu 13x6.5 cm. Elektronisk\u0101 temperat\u016bras korekcija, temperat\u016bra uz displeja atbilst re\u0101lai temperat\u016brai. Papildus apr\u012bkojums: plakana pl\u0101ksne un sildelementu 15x15 cm. Ide\u0101ls risin\u0101jums embl\u0113mu p\u0101rne\u0161anai.","og_url":"https:\/\/wmtbaltic.lv\/Produkts\/calortrans-ct-c50m-termoprese-cepurem\/","og_site_name":"WMT Baltic","article_publisher":"https:\/\/www.facebook.com\/WMT.Baltic.viscom\/?locale=lv_LV","article_modified_time":"2022-04-27T13:44:06+00:00","og_image":[{"width":600,"height":600,"url":"http:\/\/wmtbaltic.lv\/wp-content\/uploads\/2021\/02\/Calortrans-C50M-II-pettenpers-met-pet.jpg","type":"image\/jpeg"}],"twitter_card":"summary_large_image","twitter_misc":{"Est. reading time":"1 minute"},"schema":{"@context":"https:\/\/schema.org","@graph":[{"@type":"WebPage","@id":"https:\/\/wmtbaltic.lv\/Produkts\/calortrans-ct-c50m-termoprese-cepurem\/","url":"https:\/\/wmtbaltic.lv\/Produkts\/calortrans-ct-c50m-termoprese-cepurem\/","name":"Calortrans CT-C50M termoprese cepur\u0113m, WMT Baltic, R\u012bga","isPartOf":{"@id":"https:\/\/wmtbaltic.lv\/#website"},"primaryImageOfPage":{"@id":"https:\/\/wmtbaltic.lv\/Produkts\/calortrans-ct-c50m-termoprese-cepurem\/#primaryimage"},"image":{"@id":"https:\/\/wmtbaltic.lv\/Produkts\/calortrans-ct-c50m-termoprese-cepurem\/#primaryimage"},"thumbnailUrl":"https:\/\/wmtbaltic.lv\/wp-content\/uploads\/2021\/02\/Calortrans-C50M-II-pettenpers-met-pet.jpg","datePublished":"2021-02-02T13:15:18+00:00","dateModified":"2022-04-27T13:44:06+00:00","description":"Autom\u0101tisk\u0101 termoprese p\u0101rne\u0161anai uz cepur\u0113m. Uzsild\u012b\u0161anas pl\u0101ksne ar teflona virsmu 13x6.5 cm. Elektronisk\u0101 temperat\u016bras korekcija, temperat\u016bra uz displeja atbilst re\u0101lai temperat\u016brai. Papildus apr\u012bkojums: plakana pl\u0101ksne un sildelementu 15x15 cm. Ide\u0101ls risin\u0101jums embl\u0113mu p\u0101rne\u0161anai.","breadcrumb":{"@id":"https:\/\/wmtbaltic.lv\/Produkts\/calortrans-ct-c50m-termoprese-cepurem\/#breadcrumb"},"inLanguage":"en-US","potentialAction":[{"@type":"ReadAction","target":["https:\/\/wmtbaltic.lv\/Produkts\/calortrans-ct-c50m-termoprese-cepurem\/"]}]},{"@type":"ImageObject","inLanguage":"en-US","@id":"https:\/\/wmtbaltic.lv\/Produkts\/calortrans-ct-c50m-termoprese-cepurem\/#primaryimage","url":"https:\/\/wmtbaltic.lv\/wp-content\/uploads\/2021\/02\/Calortrans-C50M-II-pettenpers-met-pet.jpg","contentUrl":"https:\/\/wmtbaltic.lv\/wp-content\/uploads\/2021\/02\/Calortrans-C50M-II-pettenpers-met-pet.jpg","width":600,"height":600},{"@type":"BreadcrumbList","@id":"https:\/\/wmtbaltic.lv\/Produkts\/calortrans-ct-c50m-termoprese-cepurem\/#breadcrumb","itemListElement":[{"@type":"ListItem","position":1,"name":"Home","item":"https:\/\/wmtbaltic.lv\/en\/"},{"@type":"ListItem","position":2,"name":"Shop","item":"https:\/\/wmtbaltic.lv\/shop\/"},{"@type":"ListItem","position":3,"name":"Calortrans CT-C50M termoprese cepur\u0113m"}]},{"@type":"WebSite","@id":"https:\/\/wmtbaltic.lv\/#website","url":"https:\/\/wmtbaltic.lv\/","name":"WMT Baltic","description":"Rekl\u0101mas produkti, pl\u0113ves","publisher":{"@id":"https:\/\/wmtbaltic.lv\/#organization"},"potentialAction":[{"@type":"SearchAction","target":{"@type":"EntryPoint","urlTemplate":"https:\/\/wmtbaltic.lv\/?s={search_term_string}"},"query-input":{"@type":"PropertyValueSpecification","valueRequired":true,"valueName":"search_term_string"}}],"inLanguage":"en-US"},{"@type":"Organization","@id":"https:\/\/wmtbaltic.lv\/#organization","name":"WMT Baltic","url":"https:\/\/wmtbaltic.lv\/","logo":{"@type":"ImageObject","inLanguage":"en-US","@id":"https:\/\/wmtbaltic.lv\/#\/schema\/logo\/image\/","url":"https:\/\/wmtbaltic.lv\/wp-content\/uploads\/2024\/12\/wmt-baltic-sia_107142_9_420x180.jpg","contentUrl":"https:\/\/wmtbaltic.lv\/wp-content\/uploads\/2024\/12\/wmt-baltic-sia_107142_9_420x180.jpg","width":420,"height":180,"caption":"WMT Baltic"},"image":{"@id":"https:\/\/wmtbaltic.lv\/#\/schema\/logo\/image\/"},"sameAs":["https:\/\/www.facebook.com\/WMT.Baltic.viscom\/?locale=lv_LV","https:\/\/www.instagram.com\/viscom_wmt\/"]}]}},"_links":{"self":[{"href":"https:\/\/wmtbaltic.lv\/en\/wp-json\/wp\/v2\/product\/4679","targetHints":{"allow":["GET"]}}],"collection":[{"href":"https:\/\/wmtbaltic.lv\/en\/wp-json\/wp\/v2\/product"}],"about":[{"href":"https:\/\/wmtbaltic.lv\/en\/wp-json\/wp\/v2\/types\/product"}],"wp:featuredmedia":[{"embeddable":true,"href":"https:\/\/wmtbaltic.lv\/en\/wp-json\/wp\/v2\/media\/4680"}],"wp:attachment":[{"href":"https:\/\/wmtbaltic.lv\/en\/wp-json\/wp\/v2\/media?parent=4679"}],"wp:term":[{"taxonomy":"product_brand","embeddable":true,"href":"https:\/\/wmtbaltic.lv\/en\/wp-json\/wp\/v2\/product_brand?post=4679"},{"taxonomy":"product_cat","embeddable":true,"href":"https:\/\/wmtbaltic.lv\/en\/wp-json\/wp\/v2\/product_cat?post=4679"},{"taxonomy":"product_tag","embeddable":true,"href":"https:\/\/wmtbaltic.lv\/en\/wp-json\/wp\/v2\/product_tag?post=4679"}],"curies":[{"name":"wp","href":"https:\/\/api.w.org\/{rel}","templated":true}]}}