{"id":4667,"date":"2021-02-02T13:08:54","date_gmt":"2021-02-02T13:08:54","guid":{"rendered":"http:\/\/wmtbaltic.lv\/?post_type=product&#038;p=4667"},"modified":"2021-02-02T13:08:54","modified_gmt":"2021-02-02T13:08:54","slug":"calortrans-ct-3838-ii-pro-pusautomatiska-termoprese","status":"publish","type":"product","link":"https:\/\/wmtbaltic.lv\/en\/product\/calortrans-ct-3838-ii-pro-pusautomatiska-termoprese\/","title":{"rendered":"Calortrans CT-3838 II PRO pusautom\u0101tisk\u0101 termoprese"},"content":{"rendered":"<p>Ar autom\u0101tisk\u0101s atv\u0113r\u0161anas funkciju t\u0101 ir ide\u0101la termoprese liel\u0101k\u0101m partij\u0101m. J\u016bs varat sagatavot n\u0101kamo t-kreklu, nepiev\u0113r\u0161ot uzman\u012bbu termopresei, jo t\u0101 tiks atv\u0113rta autom\u0101tiski, kad b\u016bs pag\u0101jis noteiktais laiks.<\/p>\n<p>Termoprese Calortrans CT-3838 II PRO ir veidota no izcil\u0101kajiem materi\u0101liem. Teflona p\u0101rkl\u0101ta pl\u0101ksne ir izgatavota no bieza augstas kvalit\u0101tes alum\u012bnija, un vis\u0101 pl\u0101ksn\u0113 to silda sp\u0113c\u012bgs siltuma elements. \u0160is dizains nodro\u0161ina vienm\u0113r\u012bgu siltuma sadal\u012bjumu un piln\u012bgi taisnu pl\u0101ksni pat augst\u0101 temperat\u016br\u0101.<\/p>\n<p>Ar Calotrans 3838II PRO termopresi J\u016bs varat veidot dizainus uz t-krekliem, d\u017eemperiem, d\u017einsiem, koka, alum\u012bnija loksn\u0113m un cit\u0101m virsm\u0101m.<\/p>\n<p><strong>Specifik\u0101cija:<\/strong><\/p>\n<ul>\n<li>Autom\u0101tiska atv\u0113r\u0161ana<\/li>\n<li>Izm\u0113rs 38 x 38cm<\/li>\n<li>Augtas kvalit\u0101tes alum\u012bnija pl\u0101ksne<\/li>\n<li>Augstas kvalit\u0101tes teflona p\u0101rkl\u0101jums<\/li>\n<li>Viegli lietojams digit\u0101lais displejs<\/li>\n<li>Regul\u0113jams spiediens<\/li>\n<li>Br\u012bdin\u0101\u0161anas sist\u0113ma<\/li>\n<li>\u0100tra uzsild\u012b\u0161ana<\/li>\n<li>Maksim\u0101l\u0101 uzsild\u012b\u0161anas temperat\u016bra: 220 \u00baC<\/li>\n<\/ul>\n<h4><a href=\"http:\/\/wmtbaltic.lv\/wp-content\/uploads\/2021\/02\/Calortrans-3838-PRO-II-ENG-rgb.pdf\">pusautom\u0101tisk\u0101 termoprese Calortrans 3838 PRO II, Bro\u0161\u016bra <\/a><\/h4>\n","protected":false},"excerpt":{"rendered":"Ar autom\u0101tisk\u0101s atv\u0113r\u0161anas funkciju t\u0101 ir ide\u0101la termoprese liel\u0101k\u0101m partij\u0101m. J\u016bs varat sagatavot n\u0101kamo t-kreklu, nepiev\u0113r\u0161ot uzman\u012bbu termopresei, jo t\u0101 tiks atv\u0113rta autom\u0101tiski, kad b\u016bs pag\u0101jis noteiktais laiks.","protected":false},"featured_media":4670,"template":"","meta":[],"product_brand":[],"product_cat":[428],"product_tag":[533,530,532,529],"class_list":{"0":"post-4667","1":"product","2":"type-product","3":"status-publish","4":"has-post-thumbnail","6":"product_cat-plakanas-automatiskas-termopreses","7":"product_tag-automatiska","8":"product_tag-calortrans","9":"product_tag-termoparnese","10":"product_tag-termoprese","12":"first","13":"instock","14":"shipping-taxable","15":"purchasable","16":"product-type-simple"},"yoast_head":"<!-- This site is optimized with the Yoast SEO plugin v27.5 - https:\/\/yoast.com\/product\/yoast-seo-wordpress\/ -->\n<title>Calortrans CT-3838 II PRO pusautom\u0101tisk\u0101 termoprese, WMT Baltic, R\u012bga<\/title>\n<meta name=\"description\" content=\"Ar autom\u0101tisk\u0101s atv\u0113r\u0161anas funkciju t\u0101 ir ide\u0101la termoprese liel\u0101k\u0101m partij\u0101m. J\u016bs varat sagatavot n\u0101kamo t-kreklu, nepiev\u0113r\u0161ot uzman\u012bbu termopresei, jo t\u0101 tiks atv\u0113rta autom\u0101tiski, kad b\u016bs pag\u0101jis noteiktais laiks.\" \/>\n<meta name=\"robots\" content=\"index, follow, max-snippet:-1, max-image-preview:large, max-video-preview:-1\" \/>\n<link rel=\"canonical\" href=\"https:\/\/wmtbaltic.lv\/Produkts\/calortrans-ct-3838-ii-pro-pusautomatiska-termoprese\/\" \/>\n<meta property=\"og:locale\" content=\"en_US\" \/>\n<meta property=\"og:type\" content=\"article\" \/>\n<meta property=\"og:title\" content=\"Calortrans CT-3838 II PRO pusautom\u0101tisk\u0101 termoprese, WMT Baltic, R\u012bga\" \/>\n<meta property=\"og:description\" content=\"Ar autom\u0101tisk\u0101s atv\u0113r\u0161anas funkciju t\u0101 ir ide\u0101la termoprese liel\u0101k\u0101m partij\u0101m. J\u016bs varat sagatavot n\u0101kamo t-kreklu, nepiev\u0113r\u0161ot uzman\u012bbu termopresei, jo t\u0101 tiks atv\u0113rta autom\u0101tiski, kad b\u016bs pag\u0101jis noteiktais laiks.\" \/>\n<meta property=\"og:url\" content=\"https:\/\/wmtbaltic.lv\/Produkts\/calortrans-ct-3838-ii-pro-pusautomatiska-termoprese\/\" \/>\n<meta property=\"og:site_name\" content=\"WMT Baltic\" \/>\n<meta property=\"article:publisher\" content=\"https:\/\/www.facebook.com\/WMT.Baltic.viscom\/?locale=lv_LV\" \/>\n<meta property=\"og:image\" content=\"https:\/\/wmtbaltic.lv\/wp-content\/uploads\/2021\/02\/Calortrans-heatpress-CT-3838-PRO-1.jpg\" \/>\n\t<meta property=\"og:image:width\" content=\"780\" \/>\n\t<meta property=\"og:image:height\" content=\"780\" \/>\n\t<meta property=\"og:image:type\" content=\"image\/jpeg\" \/>\n<meta name=\"twitter:card\" content=\"summary_large_image\" \/>\n<meta name=\"twitter:label1\" content=\"Est. reading time\" \/>\n\t<meta name=\"twitter:data1\" content=\"1 minute\" \/>\n<script type=\"application\/ld+json\" class=\"yoast-schema-graph\">{\"@context\":\"https:\\\/\\\/schema.org\",\"@graph\":[{\"@type\":\"WebPage\",\"@id\":\"https:\\\/\\\/wmtbaltic.lv\\\/Produkts\\\/calortrans-ct-3838-ii-pro-pusautomatiska-termoprese\\\/\",\"url\":\"https:\\\/\\\/wmtbaltic.lv\\\/Produkts\\\/calortrans-ct-3838-ii-pro-pusautomatiska-termoprese\\\/\",\"name\":\"Calortrans CT-3838 II PRO pusautom\u0101tisk\u0101 termoprese, WMT Baltic, R\u012bga\",\"isPartOf\":{\"@id\":\"https:\\\/\\\/wmtbaltic.lv\\\/#website\"},\"primaryImageOfPage\":{\"@id\":\"https:\\\/\\\/wmtbaltic.lv\\\/Produkts\\\/calortrans-ct-3838-ii-pro-pusautomatiska-termoprese\\\/#primaryimage\"},\"image\":{\"@id\":\"https:\\\/\\\/wmtbaltic.lv\\\/Produkts\\\/calortrans-ct-3838-ii-pro-pusautomatiska-termoprese\\\/#primaryimage\"},\"thumbnailUrl\":\"https:\\\/\\\/wmtbaltic.lv\\\/wp-content\\\/uploads\\\/2021\\\/02\\\/Calortrans-heatpress-CT-3838-PRO-1.jpg\",\"datePublished\":\"2021-02-02T13:08:54+00:00\",\"description\":\"Ar autom\u0101tisk\u0101s atv\u0113r\u0161anas funkciju t\u0101 ir ide\u0101la termoprese liel\u0101k\u0101m partij\u0101m. J\u016bs varat sagatavot n\u0101kamo t-kreklu, nepiev\u0113r\u0161ot uzman\u012bbu termopresei, jo t\u0101 tiks atv\u0113rta autom\u0101tiski, kad b\u016bs pag\u0101jis noteiktais laiks.\",\"breadcrumb\":{\"@id\":\"https:\\\/\\\/wmtbaltic.lv\\\/Produkts\\\/calortrans-ct-3838-ii-pro-pusautomatiska-termoprese\\\/#breadcrumb\"},\"inLanguage\":\"en-US\",\"potentialAction\":[{\"@type\":\"ReadAction\",\"target\":[\"https:\\\/\\\/wmtbaltic.lv\\\/Produkts\\\/calortrans-ct-3838-ii-pro-pusautomatiska-termoprese\\\/\"]}]},{\"@type\":\"ImageObject\",\"inLanguage\":\"en-US\",\"@id\":\"https:\\\/\\\/wmtbaltic.lv\\\/Produkts\\\/calortrans-ct-3838-ii-pro-pusautomatiska-termoprese\\\/#primaryimage\",\"url\":\"https:\\\/\\\/wmtbaltic.lv\\\/wp-content\\\/uploads\\\/2021\\\/02\\\/Calortrans-heatpress-CT-3838-PRO-1.jpg\",\"contentUrl\":\"https:\\\/\\\/wmtbaltic.lv\\\/wp-content\\\/uploads\\\/2021\\\/02\\\/Calortrans-heatpress-CT-3838-PRO-1.jpg\",\"width\":780,\"height\":780},{\"@type\":\"BreadcrumbList\",\"@id\":\"https:\\\/\\\/wmtbaltic.lv\\\/Produkts\\\/calortrans-ct-3838-ii-pro-pusautomatiska-termoprese\\\/#breadcrumb\",\"itemListElement\":[{\"@type\":\"ListItem\",\"position\":1,\"name\":\"Home\",\"item\":\"https:\\\/\\\/wmtbaltic.lv\\\/en\\\/\"},{\"@type\":\"ListItem\",\"position\":2,\"name\":\"Shop\",\"item\":\"https:\\\/\\\/wmtbaltic.lv\\\/shop\\\/\"},{\"@type\":\"ListItem\",\"position\":3,\"name\":\"Calortrans CT-3838 II PRO pusautom\u0101tisk\u0101 termoprese\"}]},{\"@type\":\"WebSite\",\"@id\":\"https:\\\/\\\/wmtbaltic.lv\\\/#website\",\"url\":\"https:\\\/\\\/wmtbaltic.lv\\\/\",\"name\":\"WMT Baltic\",\"description\":\"Rekl\u0101mas produkti, pl\u0113ves\",\"publisher\":{\"@id\":\"https:\\\/\\\/wmtbaltic.lv\\\/#organization\"},\"potentialAction\":[{\"@type\":\"SearchAction\",\"target\":{\"@type\":\"EntryPoint\",\"urlTemplate\":\"https:\\\/\\\/wmtbaltic.lv\\\/?s={search_term_string}\"},\"query-input\":{\"@type\":\"PropertyValueSpecification\",\"valueRequired\":true,\"valueName\":\"search_term_string\"}}],\"inLanguage\":\"en-US\"},{\"@type\":\"Organization\",\"@id\":\"https:\\\/\\\/wmtbaltic.lv\\\/#organization\",\"name\":\"WMT Baltic\",\"url\":\"https:\\\/\\\/wmtbaltic.lv\\\/\",\"logo\":{\"@type\":\"ImageObject\",\"inLanguage\":\"en-US\",\"@id\":\"https:\\\/\\\/wmtbaltic.lv\\\/#\\\/schema\\\/logo\\\/image\\\/\",\"url\":\"https:\\\/\\\/wmtbaltic.lv\\\/wp-content\\\/uploads\\\/2024\\\/12\\\/wmt-baltic-sia_107142_9_420x180.jpg\",\"contentUrl\":\"https:\\\/\\\/wmtbaltic.lv\\\/wp-content\\\/uploads\\\/2024\\\/12\\\/wmt-baltic-sia_107142_9_420x180.jpg\",\"width\":420,\"height\":180,\"caption\":\"WMT Baltic\"},\"image\":{\"@id\":\"https:\\\/\\\/wmtbaltic.lv\\\/#\\\/schema\\\/logo\\\/image\\\/\"},\"sameAs\":[\"https:\\\/\\\/www.facebook.com\\\/WMT.Baltic.viscom\\\/?locale=lv_LV\",\"https:\\\/\\\/www.instagram.com\\\/viscom_wmt\\\/\"]}]}<\/script>\n<!-- \/ Yoast SEO plugin. -->","yoast_head_json":{"title":"Calortrans CT-3838 II PRO pusautom\u0101tisk\u0101 termoprese, WMT Baltic, R\u012bga","description":"Ar autom\u0101tisk\u0101s atv\u0113r\u0161anas funkciju t\u0101 ir ide\u0101la termoprese liel\u0101k\u0101m partij\u0101m. J\u016bs varat sagatavot n\u0101kamo t-kreklu, nepiev\u0113r\u0161ot uzman\u012bbu termopresei, jo t\u0101 tiks atv\u0113rta autom\u0101tiski, kad b\u016bs pag\u0101jis noteiktais laiks.","robots":{"index":"index","follow":"follow","max-snippet":"max-snippet:-1","max-image-preview":"max-image-preview:large","max-video-preview":"max-video-preview:-1"},"canonical":"https:\/\/wmtbaltic.lv\/Produkts\/calortrans-ct-3838-ii-pro-pusautomatiska-termoprese\/","og_locale":"en_US","og_type":"article","og_title":"Calortrans CT-3838 II PRO pusautom\u0101tisk\u0101 termoprese, WMT Baltic, R\u012bga","og_description":"Ar autom\u0101tisk\u0101s atv\u0113r\u0161anas funkciju t\u0101 ir ide\u0101la termoprese liel\u0101k\u0101m partij\u0101m. J\u016bs varat sagatavot n\u0101kamo t-kreklu, nepiev\u0113r\u0161ot uzman\u012bbu termopresei, jo t\u0101 tiks atv\u0113rta autom\u0101tiski, kad b\u016bs pag\u0101jis noteiktais laiks.","og_url":"https:\/\/wmtbaltic.lv\/Produkts\/calortrans-ct-3838-ii-pro-pusautomatiska-termoprese\/","og_site_name":"WMT Baltic","article_publisher":"https:\/\/www.facebook.com\/WMT.Baltic.viscom\/?locale=lv_LV","og_image":[{"width":780,"height":780,"url":"https:\/\/wmtbaltic.lv\/wp-content\/uploads\/2021\/02\/Calortrans-heatpress-CT-3838-PRO-1.jpg","type":"image\/jpeg"}],"twitter_card":"summary_large_image","twitter_misc":{"Est. reading time":"1 minute"},"schema":{"@context":"https:\/\/schema.org","@graph":[{"@type":"WebPage","@id":"https:\/\/wmtbaltic.lv\/Produkts\/calortrans-ct-3838-ii-pro-pusautomatiska-termoprese\/","url":"https:\/\/wmtbaltic.lv\/Produkts\/calortrans-ct-3838-ii-pro-pusautomatiska-termoprese\/","name":"Calortrans CT-3838 II PRO pusautom\u0101tisk\u0101 termoprese, WMT Baltic, R\u012bga","isPartOf":{"@id":"https:\/\/wmtbaltic.lv\/#website"},"primaryImageOfPage":{"@id":"https:\/\/wmtbaltic.lv\/Produkts\/calortrans-ct-3838-ii-pro-pusautomatiska-termoprese\/#primaryimage"},"image":{"@id":"https:\/\/wmtbaltic.lv\/Produkts\/calortrans-ct-3838-ii-pro-pusautomatiska-termoprese\/#primaryimage"},"thumbnailUrl":"https:\/\/wmtbaltic.lv\/wp-content\/uploads\/2021\/02\/Calortrans-heatpress-CT-3838-PRO-1.jpg","datePublished":"2021-02-02T13:08:54+00:00","description":"Ar autom\u0101tisk\u0101s atv\u0113r\u0161anas funkciju t\u0101 ir ide\u0101la termoprese liel\u0101k\u0101m partij\u0101m. J\u016bs varat sagatavot n\u0101kamo t-kreklu, nepiev\u0113r\u0161ot uzman\u012bbu termopresei, jo t\u0101 tiks atv\u0113rta autom\u0101tiski, kad b\u016bs pag\u0101jis noteiktais laiks.","breadcrumb":{"@id":"https:\/\/wmtbaltic.lv\/Produkts\/calortrans-ct-3838-ii-pro-pusautomatiska-termoprese\/#breadcrumb"},"inLanguage":"en-US","potentialAction":[{"@type":"ReadAction","target":["https:\/\/wmtbaltic.lv\/Produkts\/calortrans-ct-3838-ii-pro-pusautomatiska-termoprese\/"]}]},{"@type":"ImageObject","inLanguage":"en-US","@id":"https:\/\/wmtbaltic.lv\/Produkts\/calortrans-ct-3838-ii-pro-pusautomatiska-termoprese\/#primaryimage","url":"https:\/\/wmtbaltic.lv\/wp-content\/uploads\/2021\/02\/Calortrans-heatpress-CT-3838-PRO-1.jpg","contentUrl":"https:\/\/wmtbaltic.lv\/wp-content\/uploads\/2021\/02\/Calortrans-heatpress-CT-3838-PRO-1.jpg","width":780,"height":780},{"@type":"BreadcrumbList","@id":"https:\/\/wmtbaltic.lv\/Produkts\/calortrans-ct-3838-ii-pro-pusautomatiska-termoprese\/#breadcrumb","itemListElement":[{"@type":"ListItem","position":1,"name":"Home","item":"https:\/\/wmtbaltic.lv\/en\/"},{"@type":"ListItem","position":2,"name":"Shop","item":"https:\/\/wmtbaltic.lv\/shop\/"},{"@type":"ListItem","position":3,"name":"Calortrans CT-3838 II PRO pusautom\u0101tisk\u0101 termoprese"}]},{"@type":"WebSite","@id":"https:\/\/wmtbaltic.lv\/#website","url":"https:\/\/wmtbaltic.lv\/","name":"WMT Baltic","description":"Rekl\u0101mas produkti, pl\u0113ves","publisher":{"@id":"https:\/\/wmtbaltic.lv\/#organization"},"potentialAction":[{"@type":"SearchAction","target":{"@type":"EntryPoint","urlTemplate":"https:\/\/wmtbaltic.lv\/?s={search_term_string}"},"query-input":{"@type":"PropertyValueSpecification","valueRequired":true,"valueName":"search_term_string"}}],"inLanguage":"en-US"},{"@type":"Organization","@id":"https:\/\/wmtbaltic.lv\/#organization","name":"WMT Baltic","url":"https:\/\/wmtbaltic.lv\/","logo":{"@type":"ImageObject","inLanguage":"en-US","@id":"https:\/\/wmtbaltic.lv\/#\/schema\/logo\/image\/","url":"https:\/\/wmtbaltic.lv\/wp-content\/uploads\/2024\/12\/wmt-baltic-sia_107142_9_420x180.jpg","contentUrl":"https:\/\/wmtbaltic.lv\/wp-content\/uploads\/2024\/12\/wmt-baltic-sia_107142_9_420x180.jpg","width":420,"height":180,"caption":"WMT Baltic"},"image":{"@id":"https:\/\/wmtbaltic.lv\/#\/schema\/logo\/image\/"},"sameAs":["https:\/\/www.facebook.com\/WMT.Baltic.viscom\/?locale=lv_LV","https:\/\/www.instagram.com\/viscom_wmt\/"]}]}},"_links":{"self":[{"href":"https:\/\/wmtbaltic.lv\/en\/wp-json\/wp\/v2\/product\/4667","targetHints":{"allow":["GET"]}}],"collection":[{"href":"https:\/\/wmtbaltic.lv\/en\/wp-json\/wp\/v2\/product"}],"about":[{"href":"https:\/\/wmtbaltic.lv\/en\/wp-json\/wp\/v2\/types\/product"}],"wp:featuredmedia":[{"embeddable":true,"href":"https:\/\/wmtbaltic.lv\/en\/wp-json\/wp\/v2\/media\/4670"}],"wp:attachment":[{"href":"https:\/\/wmtbaltic.lv\/en\/wp-json\/wp\/v2\/media?parent=4667"}],"wp:term":[{"taxonomy":"product_brand","embeddable":true,"href":"https:\/\/wmtbaltic.lv\/en\/wp-json\/wp\/v2\/product_brand?post=4667"},{"taxonomy":"product_cat","embeddable":true,"href":"https:\/\/wmtbaltic.lv\/en\/wp-json\/wp\/v2\/product_cat?post=4667"},{"taxonomy":"product_tag","embeddable":true,"href":"https:\/\/wmtbaltic.lv\/en\/wp-json\/wp\/v2\/product_tag?post=4667"}],"curies":[{"name":"wp","href":"https:\/\/api.w.org\/{rel}","templated":true}]}}