{"id":4656,"date":"2021-02-02T13:03:54","date_gmt":"2021-02-02T13:03:54","guid":{"rendered":"http:\/\/wmtbaltic.lv\/?post_type=product&#038;p=4656"},"modified":"2021-02-08T08:35:58","modified_gmt":"2021-02-08T08:35:58","slug":"calortrans-ct-3838-ii-manuala-termoprese","status":"publish","type":"product","link":"https:\/\/wmtbaltic.lv\/en\/product\/calortrans-ct-3838-ii-manuala-termoprese\/","title":{"rendered":"Calortrans CT-3838 II manu\u0101la termoprese"},"content":{"rendered":"<p>Calortrans 3838 II ir viena no popul\u0101r\u0101kaj\u0101m termopr\u0113s\u0113m. Calortrans CT-3838 II termoprese ir vienk\u0101r\u0161a, bet \u013coti efekt\u012bva. \u00a0Piem\u0113rota pla\u0161am pielietojuma kl\u0101stam ar vid\u0113ja izm\u0113ra siltuma pl\u0101ksni (38 cm x 38 cm). Calortrans 3838 II termoprese ir piem\u0113rota ar\u012b sublim\u0101cijas p\u0101rnesei uz cietiem priek\u0161metiem, piem\u0113ram, fl\u012bz\u0113m vai noz\u012bm\u012bt\u0113m.<\/p>\n<p>Termoprese Calortrans CT-3838 II PRO ir veidota no izcil\u0101kajiem materi\u0101liem. Teflona p\u0101rkl\u0101ta pl\u0101ksne ir izgatavota no bieza augstas kvalit\u0101tes alum\u012bnija, un vis\u0101 pl\u0101ksn\u0113 to silda sp\u0113c\u012bgs siltuma elements. \u0160is dizains nodro\u0161ina vienm\u0113r\u012bgu siltuma sadal\u012bjumu un piln\u012bgi taisnu pl\u0101ksni pat augst\u0101 temperat\u016br\u0101.<\/p>\n<p>CT-3838 II termoprese galvenok\u0101rt izmanto termop\u0101rnesei uz tekstila. Izm\u0113rs 38 x 38 cm ir ide\u0101li piem\u0113rots, lai p\u0101rnestu sal\u012bdzino\u0161i lielu dizainu uz t-krekliem, som\u0101m un daudz ko citu. Calortrans 3838 II termoprese ir piem\u0113rota ar\u012b sublim\u0101cijai un l\u0101zera p\u0101rne\u0161anai.<\/p>\n<p><strong>Specifik\u0101cija:<\/strong><\/p>\n<ul>\n<li>Izm\u0113rs 38 x 38cm<\/li>\n<li>Augtas kvalit\u0101tes alum\u012bnija pl\u0101ksne<\/li>\n<li>Augstas kvalit\u0101tes teflona p\u0101rkl\u0101jums<\/li>\n<li>Viegli lietojams digit\u0101lais displejs<\/li>\n<li>Regul\u0113jams spiediens<\/li>\n<li>Br\u012bdin\u0101\u0161anas sist\u0113ma<\/li>\n<li>\u0100tra uzsild\u012b\u0161ana<\/li>\n<li>Maksim\u0101l\u0101 uzsild\u012b\u0161anas temperat\u016bra: 220 \u00baC<\/li>\n<\/ul>\n<h4><a href=\"http:\/\/wmtbaltic.lv\/wp-content\/uploads\/2021\/02\/Calortrans-3838-II-ENG-rgb.pdf\">Calortrans 3838 II Termoprese, Bro\u0161\u016bra<\/a><\/h4>\n","protected":false},"excerpt":{"rendered":"Calortrans 3838 II ir viena no popul\u0101r\u0101kaj\u0101m termopr\u0113s\u0113m. Calortrans CT-3838 II termoprese ir vienk\u0101r\u0161a, bet \u013coti efekt\u012bva. \u00a0Piem\u0113rota pla\u0161am pielietojuma kl\u0101stam ar vid\u0113ja izm\u0113ra siltuma pl\u0101ksni (38 cm x 38 cm). Calortrans 3838 II termoprese ir piem\u0113rota ar\u012b sublim\u0101cijas p\u0101rnesei uz cietiem priek\u0161metiem, piem\u0113ram, fl\u012bz\u0113m vai noz\u012bm\u012bt\u0113m.","protected":false},"featured_media":4665,"template":"","meta":[],"product_brand":[],"product_cat":[263],"product_tag":[530,531,532,529],"class_list":{"0":"post-4656","1":"product","2":"type-product","3":"status-publish","4":"has-post-thumbnail","6":"product_cat-plakanas-manualas-termopreses","7":"product_tag-calortrans","8":"product_tag-manuala","9":"product_tag-termoparnese","10":"product_tag-termoprese","12":"first","13":"instock","14":"shipping-taxable","15":"purchasable","16":"product-type-simple"},"yoast_head":"<!-- This site is optimized with the Yoast SEO plugin v27.5 - https:\/\/yoast.com\/product\/yoast-seo-wordpress\/ -->\n<title>Calortrans CT-3838 II manu\u0101la termoprese, WMT Baltic, R\u012bga, Latvija<\/title>\n<meta name=\"description\" content=\"Calortrans 3838 II ir viena no popul\u0101r\u0101kaj\u0101m termopr\u0113s\u0113m. Calortrans CT-3838 II termoprese ir vienk\u0101r\u0161a, bet \u013coti efekt\u012bva. \u00a0Piem\u0113rota pla\u0161am pielietojuma kl\u0101stam ar vid\u0113ja izm\u0113ra siltuma pl\u0101ksni (38 cm x 38 cm). Calortrans 3838 II termoprese ir piem\u0113rota ar\u012b sublim\u0101cijas p\u0101rnesei uz cietiem priek\u0161metiem, piem\u0113ram, fl\u012bz\u0113m vai noz\u012bm\u012bt\u0113m.\" \/>\n<meta name=\"robots\" content=\"index, follow, max-snippet:-1, max-image-preview:large, max-video-preview:-1\" \/>\n<link rel=\"canonical\" href=\"https:\/\/wmtbaltic.lv\/Produkts\/calortrans-ct-3838-ii-manuala-termoprese\/\" \/>\n<meta property=\"og:locale\" content=\"en_US\" \/>\n<meta property=\"og:type\" content=\"article\" \/>\n<meta property=\"og:title\" content=\"Calortrans CT-3838 II manu\u0101la termoprese, WMT Baltic, R\u012bga, Latvija\" \/>\n<meta property=\"og:description\" content=\"Calortrans 3838 II ir viena no popul\u0101r\u0101kaj\u0101m termopr\u0113s\u0113m. Calortrans CT-3838 II termoprese ir vienk\u0101r\u0161a, bet \u013coti efekt\u012bva. \u00a0Piem\u0113rota pla\u0161am pielietojuma kl\u0101stam ar vid\u0113ja izm\u0113ra siltuma pl\u0101ksni (38 cm x 38 cm). Calortrans 3838 II termoprese ir piem\u0113rota ar\u012b sublim\u0101cijas p\u0101rnesei uz cietiem priek\u0161metiem, piem\u0113ram, fl\u012bz\u0113m vai noz\u012bm\u012bt\u0113m.\" \/>\n<meta property=\"og:url\" content=\"https:\/\/wmtbaltic.lv\/Produkts\/calortrans-ct-3838-ii-manuala-termoprese\/\" \/>\n<meta property=\"og:site_name\" content=\"WMT Baltic\" \/>\n<meta property=\"article:publisher\" content=\"https:\/\/www.facebook.com\/WMT.Baltic.viscom\/?locale=lv_LV\" \/>\n<meta property=\"article:modified_time\" content=\"2021-02-08T08:35:58+00:00\" \/>\n<meta property=\"og:image\" content=\"https:\/\/wmtbaltic.lv\/wp-content\/uploads\/2021\/02\/Calortrans-heatpress-CT-3838-PRO.jpg\" \/>\n\t<meta property=\"og:image:width\" content=\"780\" \/>\n\t<meta property=\"og:image:height\" content=\"780\" \/>\n\t<meta property=\"og:image:type\" content=\"image\/jpeg\" \/>\n<meta name=\"twitter:card\" content=\"summary_large_image\" \/>\n<meta name=\"twitter:label1\" content=\"Est. reading time\" \/>\n\t<meta name=\"twitter:data1\" content=\"1 minute\" \/>\n<script type=\"application\/ld+json\" class=\"yoast-schema-graph\">{\"@context\":\"https:\\\/\\\/schema.org\",\"@graph\":[{\"@type\":\"WebPage\",\"@id\":\"https:\\\/\\\/wmtbaltic.lv\\\/Produkts\\\/calortrans-ct-3838-ii-manuala-termoprese\\\/\",\"url\":\"https:\\\/\\\/wmtbaltic.lv\\\/Produkts\\\/calortrans-ct-3838-ii-manuala-termoprese\\\/\",\"name\":\"Calortrans CT-3838 II manu\u0101la termoprese, WMT Baltic, R\u012bga, Latvija\",\"isPartOf\":{\"@id\":\"https:\\\/\\\/wmtbaltic.lv\\\/#website\"},\"primaryImageOfPage\":{\"@id\":\"https:\\\/\\\/wmtbaltic.lv\\\/Produkts\\\/calortrans-ct-3838-ii-manuala-termoprese\\\/#primaryimage\"},\"image\":{\"@id\":\"https:\\\/\\\/wmtbaltic.lv\\\/Produkts\\\/calortrans-ct-3838-ii-manuala-termoprese\\\/#primaryimage\"},\"thumbnailUrl\":\"https:\\\/\\\/wmtbaltic.lv\\\/wp-content\\\/uploads\\\/2021\\\/02\\\/Calortrans-heatpress-CT-3838-PRO.jpg\",\"datePublished\":\"2021-02-02T13:03:54+00:00\",\"dateModified\":\"2021-02-08T08:35:58+00:00\",\"description\":\"Calortrans 3838 II ir viena no popul\u0101r\u0101kaj\u0101m termopr\u0113s\u0113m. Calortrans CT-3838 II termoprese ir vienk\u0101r\u0161a, bet \u013coti efekt\u012bva. \u00a0Piem\u0113rota pla\u0161am pielietojuma kl\u0101stam ar vid\u0113ja izm\u0113ra siltuma pl\u0101ksni (38 cm x 38 cm). Calortrans 3838 II termoprese ir piem\u0113rota ar\u012b sublim\u0101cijas p\u0101rnesei uz cietiem priek\u0161metiem, piem\u0113ram, fl\u012bz\u0113m vai noz\u012bm\u012bt\u0113m.\",\"breadcrumb\":{\"@id\":\"https:\\\/\\\/wmtbaltic.lv\\\/Produkts\\\/calortrans-ct-3838-ii-manuala-termoprese\\\/#breadcrumb\"},\"inLanguage\":\"en-US\",\"potentialAction\":[{\"@type\":\"ReadAction\",\"target\":[\"https:\\\/\\\/wmtbaltic.lv\\\/Produkts\\\/calortrans-ct-3838-ii-manuala-termoprese\\\/\"]}]},{\"@type\":\"ImageObject\",\"inLanguage\":\"en-US\",\"@id\":\"https:\\\/\\\/wmtbaltic.lv\\\/Produkts\\\/calortrans-ct-3838-ii-manuala-termoprese\\\/#primaryimage\",\"url\":\"https:\\\/\\\/wmtbaltic.lv\\\/wp-content\\\/uploads\\\/2021\\\/02\\\/Calortrans-heatpress-CT-3838-PRO.jpg\",\"contentUrl\":\"https:\\\/\\\/wmtbaltic.lv\\\/wp-content\\\/uploads\\\/2021\\\/02\\\/Calortrans-heatpress-CT-3838-PRO.jpg\",\"width\":780,\"height\":780},{\"@type\":\"BreadcrumbList\",\"@id\":\"https:\\\/\\\/wmtbaltic.lv\\\/Produkts\\\/calortrans-ct-3838-ii-manuala-termoprese\\\/#breadcrumb\",\"itemListElement\":[{\"@type\":\"ListItem\",\"position\":1,\"name\":\"Home\",\"item\":\"https:\\\/\\\/wmtbaltic.lv\\\/en\\\/\"},{\"@type\":\"ListItem\",\"position\":2,\"name\":\"Shop\",\"item\":\"https:\\\/\\\/wmtbaltic.lv\\\/shop\\\/\"},{\"@type\":\"ListItem\",\"position\":3,\"name\":\"Calortrans CT-3838 II manu\u0101la termoprese\"}]},{\"@type\":\"WebSite\",\"@id\":\"https:\\\/\\\/wmtbaltic.lv\\\/#website\",\"url\":\"https:\\\/\\\/wmtbaltic.lv\\\/\",\"name\":\"WMT Baltic\",\"description\":\"Rekl\u0101mas produkti, pl\u0113ves\",\"publisher\":{\"@id\":\"https:\\\/\\\/wmtbaltic.lv\\\/#organization\"},\"potentialAction\":[{\"@type\":\"SearchAction\",\"target\":{\"@type\":\"EntryPoint\",\"urlTemplate\":\"https:\\\/\\\/wmtbaltic.lv\\\/?s={search_term_string}\"},\"query-input\":{\"@type\":\"PropertyValueSpecification\",\"valueRequired\":true,\"valueName\":\"search_term_string\"}}],\"inLanguage\":\"en-US\"},{\"@type\":\"Organization\",\"@id\":\"https:\\\/\\\/wmtbaltic.lv\\\/#organization\",\"name\":\"WMT Baltic\",\"url\":\"https:\\\/\\\/wmtbaltic.lv\\\/\",\"logo\":{\"@type\":\"ImageObject\",\"inLanguage\":\"en-US\",\"@id\":\"https:\\\/\\\/wmtbaltic.lv\\\/#\\\/schema\\\/logo\\\/image\\\/\",\"url\":\"https:\\\/\\\/wmtbaltic.lv\\\/wp-content\\\/uploads\\\/2024\\\/12\\\/wmt-baltic-sia_107142_9_420x180.jpg\",\"contentUrl\":\"https:\\\/\\\/wmtbaltic.lv\\\/wp-content\\\/uploads\\\/2024\\\/12\\\/wmt-baltic-sia_107142_9_420x180.jpg\",\"width\":420,\"height\":180,\"caption\":\"WMT Baltic\"},\"image\":{\"@id\":\"https:\\\/\\\/wmtbaltic.lv\\\/#\\\/schema\\\/logo\\\/image\\\/\"},\"sameAs\":[\"https:\\\/\\\/www.facebook.com\\\/WMT.Baltic.viscom\\\/?locale=lv_LV\",\"https:\\\/\\\/www.instagram.com\\\/viscom_wmt\\\/\"]}]}<\/script>\n<!-- \/ Yoast SEO plugin. -->","yoast_head_json":{"title":"Calortrans CT-3838 II manu\u0101la termoprese, WMT Baltic, R\u012bga, Latvija","description":"Calortrans 3838 II ir viena no popul\u0101r\u0101kaj\u0101m termopr\u0113s\u0113m. Calortrans CT-3838 II termoprese ir vienk\u0101r\u0161a, bet \u013coti efekt\u012bva. \u00a0Piem\u0113rota pla\u0161am pielietojuma kl\u0101stam ar vid\u0113ja izm\u0113ra siltuma pl\u0101ksni (38 cm x 38 cm). Calortrans 3838 II termoprese ir piem\u0113rota ar\u012b sublim\u0101cijas p\u0101rnesei uz cietiem priek\u0161metiem, piem\u0113ram, fl\u012bz\u0113m vai noz\u012bm\u012bt\u0113m.","robots":{"index":"index","follow":"follow","max-snippet":"max-snippet:-1","max-image-preview":"max-image-preview:large","max-video-preview":"max-video-preview:-1"},"canonical":"https:\/\/wmtbaltic.lv\/Produkts\/calortrans-ct-3838-ii-manuala-termoprese\/","og_locale":"en_US","og_type":"article","og_title":"Calortrans CT-3838 II manu\u0101la termoprese, WMT Baltic, R\u012bga, Latvija","og_description":"Calortrans 3838 II ir viena no popul\u0101r\u0101kaj\u0101m termopr\u0113s\u0113m. Calortrans CT-3838 II termoprese ir vienk\u0101r\u0161a, bet \u013coti efekt\u012bva. \u00a0Piem\u0113rota pla\u0161am pielietojuma kl\u0101stam ar vid\u0113ja izm\u0113ra siltuma pl\u0101ksni (38 cm x 38 cm). Calortrans 3838 II termoprese ir piem\u0113rota ar\u012b sublim\u0101cijas p\u0101rnesei uz cietiem priek\u0161metiem, piem\u0113ram, fl\u012bz\u0113m vai noz\u012bm\u012bt\u0113m.","og_url":"https:\/\/wmtbaltic.lv\/Produkts\/calortrans-ct-3838-ii-manuala-termoprese\/","og_site_name":"WMT Baltic","article_publisher":"https:\/\/www.facebook.com\/WMT.Baltic.viscom\/?locale=lv_LV","article_modified_time":"2021-02-08T08:35:58+00:00","og_image":[{"width":780,"height":780,"url":"https:\/\/wmtbaltic.lv\/wp-content\/uploads\/2021\/02\/Calortrans-heatpress-CT-3838-PRO.jpg","type":"image\/jpeg"}],"twitter_card":"summary_large_image","twitter_misc":{"Est. reading time":"1 minute"},"schema":{"@context":"https:\/\/schema.org","@graph":[{"@type":"WebPage","@id":"https:\/\/wmtbaltic.lv\/Produkts\/calortrans-ct-3838-ii-manuala-termoprese\/","url":"https:\/\/wmtbaltic.lv\/Produkts\/calortrans-ct-3838-ii-manuala-termoprese\/","name":"Calortrans CT-3838 II manu\u0101la termoprese, WMT Baltic, R\u012bga, Latvija","isPartOf":{"@id":"https:\/\/wmtbaltic.lv\/#website"},"primaryImageOfPage":{"@id":"https:\/\/wmtbaltic.lv\/Produkts\/calortrans-ct-3838-ii-manuala-termoprese\/#primaryimage"},"image":{"@id":"https:\/\/wmtbaltic.lv\/Produkts\/calortrans-ct-3838-ii-manuala-termoprese\/#primaryimage"},"thumbnailUrl":"https:\/\/wmtbaltic.lv\/wp-content\/uploads\/2021\/02\/Calortrans-heatpress-CT-3838-PRO.jpg","datePublished":"2021-02-02T13:03:54+00:00","dateModified":"2021-02-08T08:35:58+00:00","description":"Calortrans 3838 II ir viena no popul\u0101r\u0101kaj\u0101m termopr\u0113s\u0113m. Calortrans CT-3838 II termoprese ir vienk\u0101r\u0161a, bet \u013coti efekt\u012bva. \u00a0Piem\u0113rota pla\u0161am pielietojuma kl\u0101stam ar vid\u0113ja izm\u0113ra siltuma pl\u0101ksni (38 cm x 38 cm). Calortrans 3838 II termoprese ir piem\u0113rota ar\u012b sublim\u0101cijas p\u0101rnesei uz cietiem priek\u0161metiem, piem\u0113ram, fl\u012bz\u0113m vai noz\u012bm\u012bt\u0113m.","breadcrumb":{"@id":"https:\/\/wmtbaltic.lv\/Produkts\/calortrans-ct-3838-ii-manuala-termoprese\/#breadcrumb"},"inLanguage":"en-US","potentialAction":[{"@type":"ReadAction","target":["https:\/\/wmtbaltic.lv\/Produkts\/calortrans-ct-3838-ii-manuala-termoprese\/"]}]},{"@type":"ImageObject","inLanguage":"en-US","@id":"https:\/\/wmtbaltic.lv\/Produkts\/calortrans-ct-3838-ii-manuala-termoprese\/#primaryimage","url":"https:\/\/wmtbaltic.lv\/wp-content\/uploads\/2021\/02\/Calortrans-heatpress-CT-3838-PRO.jpg","contentUrl":"https:\/\/wmtbaltic.lv\/wp-content\/uploads\/2021\/02\/Calortrans-heatpress-CT-3838-PRO.jpg","width":780,"height":780},{"@type":"BreadcrumbList","@id":"https:\/\/wmtbaltic.lv\/Produkts\/calortrans-ct-3838-ii-manuala-termoprese\/#breadcrumb","itemListElement":[{"@type":"ListItem","position":1,"name":"Home","item":"https:\/\/wmtbaltic.lv\/en\/"},{"@type":"ListItem","position":2,"name":"Shop","item":"https:\/\/wmtbaltic.lv\/shop\/"},{"@type":"ListItem","position":3,"name":"Calortrans CT-3838 II manu\u0101la termoprese"}]},{"@type":"WebSite","@id":"https:\/\/wmtbaltic.lv\/#website","url":"https:\/\/wmtbaltic.lv\/","name":"WMT Baltic","description":"Rekl\u0101mas produkti, pl\u0113ves","publisher":{"@id":"https:\/\/wmtbaltic.lv\/#organization"},"potentialAction":[{"@type":"SearchAction","target":{"@type":"EntryPoint","urlTemplate":"https:\/\/wmtbaltic.lv\/?s={search_term_string}"},"query-input":{"@type":"PropertyValueSpecification","valueRequired":true,"valueName":"search_term_string"}}],"inLanguage":"en-US"},{"@type":"Organization","@id":"https:\/\/wmtbaltic.lv\/#organization","name":"WMT Baltic","url":"https:\/\/wmtbaltic.lv\/","logo":{"@type":"ImageObject","inLanguage":"en-US","@id":"https:\/\/wmtbaltic.lv\/#\/schema\/logo\/image\/","url":"https:\/\/wmtbaltic.lv\/wp-content\/uploads\/2024\/12\/wmt-baltic-sia_107142_9_420x180.jpg","contentUrl":"https:\/\/wmtbaltic.lv\/wp-content\/uploads\/2024\/12\/wmt-baltic-sia_107142_9_420x180.jpg","width":420,"height":180,"caption":"WMT Baltic"},"image":{"@id":"https:\/\/wmtbaltic.lv\/#\/schema\/logo\/image\/"},"sameAs":["https:\/\/www.facebook.com\/WMT.Baltic.viscom\/?locale=lv_LV","https:\/\/www.instagram.com\/viscom_wmt\/"]}]}},"_links":{"self":[{"href":"https:\/\/wmtbaltic.lv\/en\/wp-json\/wp\/v2\/product\/4656","targetHints":{"allow":["GET"]}}],"collection":[{"href":"https:\/\/wmtbaltic.lv\/en\/wp-json\/wp\/v2\/product"}],"about":[{"href":"https:\/\/wmtbaltic.lv\/en\/wp-json\/wp\/v2\/types\/product"}],"wp:featuredmedia":[{"embeddable":true,"href":"https:\/\/wmtbaltic.lv\/en\/wp-json\/wp\/v2\/media\/4665"}],"wp:attachment":[{"href":"https:\/\/wmtbaltic.lv\/en\/wp-json\/wp\/v2\/media?parent=4656"}],"wp:term":[{"taxonomy":"product_brand","embeddable":true,"href":"https:\/\/wmtbaltic.lv\/en\/wp-json\/wp\/v2\/product_brand?post=4656"},{"taxonomy":"product_cat","embeddable":true,"href":"https:\/\/wmtbaltic.lv\/en\/wp-json\/wp\/v2\/product_cat?post=4656"},{"taxonomy":"product_tag","embeddable":true,"href":"https:\/\/wmtbaltic.lv\/en\/wp-json\/wp\/v2\/product_tag?post=4656"}],"curies":[{"name":"wp","href":"https:\/\/api.w.org\/{rel}","templated":true}]}}