{"id":4517,"date":"2021-01-28T13:36:52","date_gmt":"2021-01-28T13:36:52","guid":{"rendered":"http:\/\/wmtbaltic.lv\/?post_type=product&#038;p=4517"},"modified":"2022-11-10T11:30:12","modified_gmt":"2022-11-10T11:30:12","slug":"griesanas-ploteris-roland-gs2-24","status":"publish","type":"product","link":"https:\/\/wmtbaltic.lv\/en\/product\/griesanas-ploteris-roland-gs2-24\/","title":{"rendered":"Grie\u0161anas ploteris, Roland GS2-24"},"content":{"rendered":"<p style=\"font-weight: 400;\">Roland galda grie\u0161anas ploteri ir pla\u0161i paz\u012bstami vis\u0101 pasaul\u0113, pateicoties savai dro\u0161\u012bbai, grie\u0161anas augstai kvalit\u0101tei un vad\u012bbas vieglumam, ko var sal\u012bdzin\u0101t ar parasta printera vad\u012bbu.<\/p>\n<p style=\"font-weight: 400;\">GS2-24 piem\u0113rots rekl\u0101mai uz transporta, skatlogu noform\u0113\u0161anai, rekl\u0101mai tirdzniec\u012bbas viet\u0101s, inform\u0101cijas nor\u0101d\u0113m, cita veida \u0101r\u0113jai un iek\u0161\u0113jai rekl\u0101mai, k\u0101 ar\u012b termop\u0101rnese materi\u0101lu grie\u0161anai.<\/p>\n<p>Kompakts, jaud\u012bgs un viegli lietojams galda grie\u0161anas ploteris GS2-24 ir ide\u0101li piem\u0113rots grafikas biznesa uzs\u0101k\u0161anai vai grafikas ra\u017eo\u0161anas uzs\u0101k\u0161anai uz\u0146\u0113mum\u0101.<\/p>\n<p style=\"font-weight: 400;\">Jaunais ploteris GS2-24 garant\u0113 lielisku darba kvalit\u0101ti un Roland tehnikas nemain\u012bgo dro\u0161\u012bbu pie minim\u0101l\u0101s cenas, kas padara tos par ide\u0101lu instrumentu jebkuram rekl\u0101mas izgatavot\u0101jam.<\/p>\n<p style=\"font-weight: 400;\"><strong><u>Specifik\u0101cija:<\/u><\/strong><\/p>\n<ul style=\"font-weight: 400;\">\n<li>materi\u0101la ar plat\u012bbu no 5 l\u012bdz 70 cm grie\u0161ana;<\/li>\n<li>meh\u0101nisk\u0101 rezol\u016bcija: 0,0125 mm;<\/li>\n<li>grie\u0161anas \u0101trums: 10-850mm\/s;<\/li>\n<li>maks. spiediens l\u012bdz 250 g;<\/li>\n<li>grie\u017e materi\u0101lus: vinila pl\u0113ves, atstarojo\u0161us, termop\u0101rne\u0161anas, smil\u0161str\u016bklas\u00a0\u00a0materi\u0101lus un citus;<\/li>\n<li>Roland griez\u0113jploteriem ir liela na\u017eu izv\u0113le. Tas \u013cauj str\u0101d\u0101t ar da\u017e\u0101diem, ar\u012b biez\u0101kiem materi\u0101liem, piem\u0113ram kartonu, model\u0113jot iepakojumu un iegrie\u017eot loc\u012bjuma l\u012bnijas. Ar speci\u0101lu nazi var \u0101tri, un prec\u012bzi izgriezt s\u012bkus burtus vai ciparus standarta vinil\u0101, l\u012bdz pat 1,5 mm!<\/li>\n<li>komplekt\u0101 iek\u013cauts baro\u0161anas vads, mai\u0146str\u0101vas adapteris, asmens, asme\u0146a tur\u0113t\u0101js, rull\u012b\u0161a pamatne, USB kabelis un rokasgr\u0101matas.<\/li>\n<\/ul>\n<p><a href=\"http:\/\/wmtbaltic.lv\/wp-content\/uploads\/2021\/01\/GS2-24_Brochure_we.pdf\">Roland bro\u0161\u016bra GS2-24<\/a><\/p>\n<p>&nbsp;<\/p>\n","protected":false},"excerpt":{"rendered":"<div class=\"woocommerce-product-details__short-description\">\r\n\r\nRoland GS2-24 ploteris ar augsto precizit\u0101ti un efektivit\u0101ti. Ar piln\u012bb\u0101 p\u0101rveidotu grie\u0161anas rati\u0146u un asme\u0146u tur\u0113t\u0101ju GS2-24 pied\u0101v\u0101 lielisku stabilit\u0101ti, lai j\u016bs var\u0113tu griezt k\u0101 nekad agr\u0101k \u2013 pat uz biez\u0101m, bl\u012bv\u0101m pamatn\u0113m.\r\n\r\n<\/div>\r\n<div class=\"price-container info-container m-t-20\">\r\n<div class=\"row\">\r\n<div class=\"col-sm-12\"><\/div>\r\n<\/div>\r\n<\/div>","protected":false},"featured_media":13925,"comment_status":"closed","ping_status":"closed","template":"","meta":[],"product_brand":[],"product_cat":[262],"product_tag":[502,1178,491,501,497],"class_list":{"0":"post-4517","1":"product","2":"type-product","3":"status-publish","4":"has-post-thumbnail","6":"product_cat-greishanas-ploteri","7":"product_tag-griesana","8":"product_tag-gs2-24","9":"product_tag-iekarta","10":"product_tag-ploteris","11":"product_tag-roland","13":"first","14":"instock","15":"shipping-taxable","16":"product-type-simple"},"yoast_head":"<!-- This site is optimized with the Yoast SEO plugin v27.4 - https:\/\/yoast.com\/product\/yoast-seo-wordpress\/ -->\n<title>Grie\u0161anas ploteris ROLAND GS2-24, WMT Baltic veikals, R\u012bga, Latvija<\/title>\n<meta name=\"description\" content=\"Grie\u0161anas ploteris ROLAND GS2-24, WMT Baltic veikals, R\u012bga, Latvija, interneta veikals, profesion\u0101l\u0101s iek\u0101rtas\" \/>\n<meta name=\"robots\" content=\"index, follow, max-snippet:-1, max-image-preview:large, max-video-preview:-1\" \/>\n<link rel=\"canonical\" href=\"https:\/\/wmtbaltic.lv\/Produkts\/griesanas-ploteris-roland-gs2-24\/\" \/>\n<meta property=\"og:locale\" content=\"en_US\" \/>\n<meta property=\"og:type\" content=\"article\" \/>\n<meta property=\"og:title\" content=\"Grie\u0161anas ploteris ROLAND GS2-24, WMT Baltic veikals, R\u012bga, Latvija\" \/>\n<meta property=\"og:description\" content=\"Grie\u0161anas ploteris ROLAND GS2-24, WMT Baltic veikals, R\u012bga, Latvija, interneta veikals, profesion\u0101l\u0101s iek\u0101rtas\" \/>\n<meta property=\"og:url\" content=\"https:\/\/wmtbaltic.lv\/Produkts\/griesanas-ploteris-roland-gs2-24\/\" \/>\n<meta property=\"og:site_name\" content=\"WMT Baltic\" \/>\n<meta property=\"article:publisher\" content=\"https:\/\/www.facebook.com\/WMT.Baltic.viscom\/?locale=lv_LV\" \/>\n<meta property=\"article:modified_time\" content=\"2022-11-10T11:30:12+00:00\" \/>\n<meta property=\"og:image\" content=\"http:\/\/wmtbaltic.lv\/wp-content\/uploads\/2021\/01\/GS2-24-1.jpg\" \/>\n\t<meta property=\"og:image:width\" content=\"700\" \/>\n\t<meta property=\"og:image:height\" content=\"525\" \/>\n\t<meta property=\"og:image:type\" content=\"image\/jpeg\" \/>\n<meta name=\"twitter:card\" content=\"summary_large_image\" \/>\n<meta name=\"twitter:label1\" content=\"Est. reading time\" \/>\n\t<meta name=\"twitter:data1\" content=\"1 minute\" \/>\n<script type=\"application\/ld+json\" class=\"yoast-schema-graph\">{\"@context\":\"https:\\\/\\\/schema.org\",\"@graph\":[{\"@type\":\"WebPage\",\"@id\":\"https:\\\/\\\/wmtbaltic.lv\\\/Produkts\\\/griesanas-ploteris-roland-gs2-24\\\/\",\"url\":\"https:\\\/\\\/wmtbaltic.lv\\\/Produkts\\\/griesanas-ploteris-roland-gs2-24\\\/\",\"name\":\"Grie\u0161anas ploteris ROLAND GS2-24, WMT Baltic veikals, R\u012bga, Latvija\",\"isPartOf\":{\"@id\":\"https:\\\/\\\/wmtbaltic.lv\\\/#website\"},\"primaryImageOfPage\":{\"@id\":\"https:\\\/\\\/wmtbaltic.lv\\\/Produkts\\\/griesanas-ploteris-roland-gs2-24\\\/#primaryimage\"},\"image\":{\"@id\":\"https:\\\/\\\/wmtbaltic.lv\\\/Produkts\\\/griesanas-ploteris-roland-gs2-24\\\/#primaryimage\"},\"thumbnailUrl\":\"https:\\\/\\\/wmtbaltic.lv\\\/wp-content\\\/uploads\\\/2021\\\/01\\\/GS2-24-1.jpg\",\"datePublished\":\"2021-01-28T13:36:52+00:00\",\"dateModified\":\"2022-11-10T11:30:12+00:00\",\"description\":\"Grie\u0161anas ploteris ROLAND GS2-24, WMT Baltic veikals, R\u012bga, Latvija, interneta veikals, profesion\u0101l\u0101s iek\u0101rtas\",\"breadcrumb\":{\"@id\":\"https:\\\/\\\/wmtbaltic.lv\\\/Produkts\\\/griesanas-ploteris-roland-gs2-24\\\/#breadcrumb\"},\"inLanguage\":\"en-US\",\"potentialAction\":[{\"@type\":\"ReadAction\",\"target\":[\"https:\\\/\\\/wmtbaltic.lv\\\/Produkts\\\/griesanas-ploteris-roland-gs2-24\\\/\"]}]},{\"@type\":\"ImageObject\",\"inLanguage\":\"en-US\",\"@id\":\"https:\\\/\\\/wmtbaltic.lv\\\/Produkts\\\/griesanas-ploteris-roland-gs2-24\\\/#primaryimage\",\"url\":\"https:\\\/\\\/wmtbaltic.lv\\\/wp-content\\\/uploads\\\/2021\\\/01\\\/GS2-24-1.jpg\",\"contentUrl\":\"https:\\\/\\\/wmtbaltic.lv\\\/wp-content\\\/uploads\\\/2021\\\/01\\\/GS2-24-1.jpg\",\"width\":700,\"height\":525},{\"@type\":\"BreadcrumbList\",\"@id\":\"https:\\\/\\\/wmtbaltic.lv\\\/Produkts\\\/griesanas-ploteris-roland-gs2-24\\\/#breadcrumb\",\"itemListElement\":[{\"@type\":\"ListItem\",\"position\":1,\"name\":\"Home\",\"item\":\"https:\\\/\\\/wmtbaltic.lv\\\/en\\\/\"},{\"@type\":\"ListItem\",\"position\":2,\"name\":\"Products\",\"item\":\"https:\\\/\\\/wmtbaltic.lv\\\/en\\\/shop\\\/\"},{\"@type\":\"ListItem\",\"position\":3,\"name\":\"Grie\u0161anas ploteris, Roland GS2-24\"}]},{\"@type\":\"WebSite\",\"@id\":\"https:\\\/\\\/wmtbaltic.lv\\\/#website\",\"url\":\"https:\\\/\\\/wmtbaltic.lv\\\/\",\"name\":\"WMT Baltic\",\"description\":\"Rekl\u0101mas produkti, pl\u0113ves\",\"publisher\":{\"@id\":\"https:\\\/\\\/wmtbaltic.lv\\\/#organization\"},\"potentialAction\":[{\"@type\":\"SearchAction\",\"target\":{\"@type\":\"EntryPoint\",\"urlTemplate\":\"https:\\\/\\\/wmtbaltic.lv\\\/?s={search_term_string}\"},\"query-input\":{\"@type\":\"PropertyValueSpecification\",\"valueRequired\":true,\"valueName\":\"search_term_string\"}}],\"inLanguage\":\"en-US\"},{\"@type\":\"Organization\",\"@id\":\"https:\\\/\\\/wmtbaltic.lv\\\/#organization\",\"name\":\"WMT Baltic\",\"url\":\"https:\\\/\\\/wmtbaltic.lv\\\/\",\"logo\":{\"@type\":\"ImageObject\",\"inLanguage\":\"en-US\",\"@id\":\"https:\\\/\\\/wmtbaltic.lv\\\/#\\\/schema\\\/logo\\\/image\\\/\",\"url\":\"https:\\\/\\\/wmtbaltic.lv\\\/wp-content\\\/uploads\\\/2024\\\/12\\\/wmt-baltic-sia_107142_9_420x180.jpg\",\"contentUrl\":\"https:\\\/\\\/wmtbaltic.lv\\\/wp-content\\\/uploads\\\/2024\\\/12\\\/wmt-baltic-sia_107142_9_420x180.jpg\",\"width\":420,\"height\":180,\"caption\":\"WMT Baltic\"},\"image\":{\"@id\":\"https:\\\/\\\/wmtbaltic.lv\\\/#\\\/schema\\\/logo\\\/image\\\/\"},\"sameAs\":[\"https:\\\/\\\/www.facebook.com\\\/WMT.Baltic.viscom\\\/?locale=lv_LV\",\"https:\\\/\\\/www.instagram.com\\\/viscom_wmt\\\/\"]}]}<\/script>\n<!-- \/ Yoast SEO plugin. -->","yoast_head_json":{"title":"Grie\u0161anas ploteris ROLAND GS2-24, WMT Baltic veikals, R\u012bga, Latvija","description":"Grie\u0161anas ploteris ROLAND GS2-24, WMT Baltic veikals, R\u012bga, Latvija, interneta veikals, profesion\u0101l\u0101s iek\u0101rtas","robots":{"index":"index","follow":"follow","max-snippet":"max-snippet:-1","max-image-preview":"max-image-preview:large","max-video-preview":"max-video-preview:-1"},"canonical":"https:\/\/wmtbaltic.lv\/Produkts\/griesanas-ploteris-roland-gs2-24\/","og_locale":"en_US","og_type":"article","og_title":"Grie\u0161anas ploteris ROLAND GS2-24, WMT Baltic veikals, R\u012bga, Latvija","og_description":"Grie\u0161anas ploteris ROLAND GS2-24, WMT Baltic veikals, R\u012bga, Latvija, interneta veikals, profesion\u0101l\u0101s iek\u0101rtas","og_url":"https:\/\/wmtbaltic.lv\/Produkts\/griesanas-ploteris-roland-gs2-24\/","og_site_name":"WMT Baltic","article_publisher":"https:\/\/www.facebook.com\/WMT.Baltic.viscom\/?locale=lv_LV","article_modified_time":"2022-11-10T11:30:12+00:00","og_image":[{"width":700,"height":525,"url":"http:\/\/wmtbaltic.lv\/wp-content\/uploads\/2021\/01\/GS2-24-1.jpg","type":"image\/jpeg"}],"twitter_card":"summary_large_image","twitter_misc":{"Est. reading time":"1 minute"},"schema":{"@context":"https:\/\/schema.org","@graph":[{"@type":"WebPage","@id":"https:\/\/wmtbaltic.lv\/Produkts\/griesanas-ploteris-roland-gs2-24\/","url":"https:\/\/wmtbaltic.lv\/Produkts\/griesanas-ploteris-roland-gs2-24\/","name":"Grie\u0161anas ploteris ROLAND GS2-24, WMT Baltic veikals, R\u012bga, Latvija","isPartOf":{"@id":"https:\/\/wmtbaltic.lv\/#website"},"primaryImageOfPage":{"@id":"https:\/\/wmtbaltic.lv\/Produkts\/griesanas-ploteris-roland-gs2-24\/#primaryimage"},"image":{"@id":"https:\/\/wmtbaltic.lv\/Produkts\/griesanas-ploteris-roland-gs2-24\/#primaryimage"},"thumbnailUrl":"https:\/\/wmtbaltic.lv\/wp-content\/uploads\/2021\/01\/GS2-24-1.jpg","datePublished":"2021-01-28T13:36:52+00:00","dateModified":"2022-11-10T11:30:12+00:00","description":"Grie\u0161anas ploteris ROLAND GS2-24, WMT Baltic veikals, R\u012bga, Latvija, interneta veikals, profesion\u0101l\u0101s iek\u0101rtas","breadcrumb":{"@id":"https:\/\/wmtbaltic.lv\/Produkts\/griesanas-ploteris-roland-gs2-24\/#breadcrumb"},"inLanguage":"en-US","potentialAction":[{"@type":"ReadAction","target":["https:\/\/wmtbaltic.lv\/Produkts\/griesanas-ploteris-roland-gs2-24\/"]}]},{"@type":"ImageObject","inLanguage":"en-US","@id":"https:\/\/wmtbaltic.lv\/Produkts\/griesanas-ploteris-roland-gs2-24\/#primaryimage","url":"https:\/\/wmtbaltic.lv\/wp-content\/uploads\/2021\/01\/GS2-24-1.jpg","contentUrl":"https:\/\/wmtbaltic.lv\/wp-content\/uploads\/2021\/01\/GS2-24-1.jpg","width":700,"height":525},{"@type":"BreadcrumbList","@id":"https:\/\/wmtbaltic.lv\/Produkts\/griesanas-ploteris-roland-gs2-24\/#breadcrumb","itemListElement":[{"@type":"ListItem","position":1,"name":"Home","item":"https:\/\/wmtbaltic.lv\/en\/"},{"@type":"ListItem","position":2,"name":"Products","item":"https:\/\/wmtbaltic.lv\/en\/shop\/"},{"@type":"ListItem","position":3,"name":"Grie\u0161anas ploteris, Roland GS2-24"}]},{"@type":"WebSite","@id":"https:\/\/wmtbaltic.lv\/#website","url":"https:\/\/wmtbaltic.lv\/","name":"WMT Baltic","description":"Rekl\u0101mas produkti, pl\u0113ves","publisher":{"@id":"https:\/\/wmtbaltic.lv\/#organization"},"potentialAction":[{"@type":"SearchAction","target":{"@type":"EntryPoint","urlTemplate":"https:\/\/wmtbaltic.lv\/?s={search_term_string}"},"query-input":{"@type":"PropertyValueSpecification","valueRequired":true,"valueName":"search_term_string"}}],"inLanguage":"en-US"},{"@type":"Organization","@id":"https:\/\/wmtbaltic.lv\/#organization","name":"WMT Baltic","url":"https:\/\/wmtbaltic.lv\/","logo":{"@type":"ImageObject","inLanguage":"en-US","@id":"https:\/\/wmtbaltic.lv\/#\/schema\/logo\/image\/","url":"https:\/\/wmtbaltic.lv\/wp-content\/uploads\/2024\/12\/wmt-baltic-sia_107142_9_420x180.jpg","contentUrl":"https:\/\/wmtbaltic.lv\/wp-content\/uploads\/2024\/12\/wmt-baltic-sia_107142_9_420x180.jpg","width":420,"height":180,"caption":"WMT Baltic"},"image":{"@id":"https:\/\/wmtbaltic.lv\/#\/schema\/logo\/image\/"},"sameAs":["https:\/\/www.facebook.com\/WMT.Baltic.viscom\/?locale=lv_LV","https:\/\/www.instagram.com\/viscom_wmt\/"]}]}},"_links":{"self":[{"href":"https:\/\/wmtbaltic.lv\/en\/wp-json\/wp\/v2\/product\/4517","targetHints":{"allow":["GET"]}}],"collection":[{"href":"https:\/\/wmtbaltic.lv\/en\/wp-json\/wp\/v2\/product"}],"about":[{"href":"https:\/\/wmtbaltic.lv\/en\/wp-json\/wp\/v2\/types\/product"}],"replies":[{"embeddable":true,"href":"https:\/\/wmtbaltic.lv\/en\/wp-json\/wp\/v2\/comments?post=4517"}],"wp:featuredmedia":[{"embeddable":true,"href":"https:\/\/wmtbaltic.lv\/en\/wp-json\/wp\/v2\/media\/13925"}],"wp:attachment":[{"href":"https:\/\/wmtbaltic.lv\/en\/wp-json\/wp\/v2\/media?parent=4517"}],"wp:term":[{"taxonomy":"product_brand","embeddable":true,"href":"https:\/\/wmtbaltic.lv\/en\/wp-json\/wp\/v2\/product_brand?post=4517"},{"taxonomy":"product_cat","embeddable":true,"href":"https:\/\/wmtbaltic.lv\/en\/wp-json\/wp\/v2\/product_cat?post=4517"},{"taxonomy":"product_tag","embeddable":true,"href":"https:\/\/wmtbaltic.lv\/en\/wp-json\/wp\/v2\/product_tag?post=4517"}],"curies":[{"name":"wp","href":"https:\/\/api.w.org\/{rel}","templated":true}]}}