{"id":4479,"date":"2021-01-27T12:26:31","date_gmt":"2021-01-27T12:26:31","guid":{"rendered":"http:\/\/wmtbaltic.lv\/?post_type=product&#038;p=4479"},"modified":"2021-01-27T12:29:45","modified_gmt":"2021-01-27T12:29:45","slug":"termopleve-4882-nylon-reflektive-silver","status":"publish","type":"product","link":"https:\/\/wmtbaltic.lv\/en\/product\/termopleve-4882-nylon-reflektive-silver\/","title":{"rendered":"Termopl\u0113ve 4882 Nylon Reflektive silver"},"content":{"rendered":"<h3 class=\"western\"><b>Termopl\u0113ve 4882 Nylon Reflektive\u00a0 silver<\/b><\/h3>\n<p>Termop\u0101rne\u0161anas pl\u0113ve tekstilizstr\u0101d\u0101jumiem ar gaismas atstarojo\u0161u efektu. Pateicoties speci\u0101lam l\u012bmes sl\u0101nim Reflex Nylon 4882\u00a0 ir piem\u0113rota p\u0101rne\u0161anai uz neilona audumiem un speci\u0101li apstr\u0101d\u0101tiem tekstilizstr\u0101d\u0101jumiem ar \u016bdens atgr\u016b\u0161anas \u012bpa\u0161\u012bb\u0101m. Pl\u0113vi var griezt ar ploteri. P\u0101rnesot pl\u0113vi to s\u0101kum\u0101 piespie\u017e uz 3-4 sekund\u0113m, pl\u0113ves PET pamatni no\u0146em silt\u0101 st\u0101vokl\u012b. P\u0113c pl\u0113ves atdzi\u0161anas, to j\u0101piespie\u017e otru reizi ar t\u0101diem pa\u0161iem parametriem uz 10-15 sekund\u0113m.<\/p>\n<p><strong><a href=\"http:\/\/wmtbaltic.lv\/wp-content\/uploads\/2021\/01\/POLI-FLEX_4882_REFLEX_NYLON__en.pdf\">POLI-FLEX_4882_REFLEX_NYLON tehniskais apraksts<\/a><\/strong><\/p>\n<p>Pl\u0113ves platums 500mm.<\/p>\n","protected":false},"excerpt":{"rendered":"Termopl\u0113ve 4882 Nylon Reflektive\u00a0 silver Termop\u0101rne\u0161anas pl\u0113ve tekstilizstr\u0101d\u0101jumiem ar gaismas atstarojo\u0161u efektu. Pateicoties speci\u0101lam l\u012bmes sl\u0101nim Reflex Nylon 4882\u00a0 ir piem\u0113rota p\u0101rne\u0161anai uz neilona audumiem un speci\u0101li apstr\u0101d\u0101tiem tekstilizstr\u0101d\u0101jumiem ar \u016bdens atgr\u016b\u0161anas \u012bpa\u0161\u012bb\u0101m. Pl\u0113vi var griezt ar ploteri. P\u0101rnesot pl\u0113vi to s\u0101kum\u0101 piespie\u017e uz 3-4 sekund\u0113m, pl\u0113ves PET pamatni no\u0146em silt\u0101 st\u0101vokl\u012b. P\u0113c pl\u0113ves atdzi\u0161anas, [...]","protected":false},"featured_media":4480,"template":"","meta":[],"product_brand":[],"product_cat":[459],"product_tag":[511,468,482],"class_list":{"0":"post-4479","1":"product","2":"type-product","3":"status-publish","4":"has-post-thumbnail","6":"product_cat-t-tape-reflex","7":"product_tag-atstarojosas-pleves","8":"product_tag-kreklu-apdruka","9":"product_tag-termopleve","11":"first","12":"instock","13":"shipping-taxable","14":"purchasable","15":"product-type-simple"},"yoast_head":"<!-- This site is optimized with the Yoast SEO plugin v27.4 - https:\/\/yoast.com\/product\/yoast-seo-wordpress\/ -->\n<title>Termopl\u0113ve 4882 Nylon Reflektive silver noliktav\u0101 R\u012bg\u0101, veikals<\/title>\n<meta name=\"robots\" content=\"index, follow, max-snippet:-1, max-image-preview:large, max-video-preview:-1\" \/>\n<link rel=\"canonical\" href=\"https:\/\/wmtbaltic.lv\/Produkts\/termopleve-4882-nylon-reflektive-silver\/\" \/>\n<meta property=\"og:locale\" content=\"en_US\" \/>\n<meta property=\"og:type\" content=\"article\" \/>\n<meta property=\"og:title\" content=\"Termopl\u0113ve 4882 Nylon Reflektive silver noliktav\u0101 R\u012bg\u0101, veikals\" \/>\n<meta property=\"og:url\" content=\"https:\/\/wmtbaltic.lv\/Produkts\/termopleve-4882-nylon-reflektive-silver\/\" \/>\n<meta property=\"og:site_name\" content=\"WMT Baltic\" \/>\n<meta property=\"article:publisher\" content=\"https:\/\/www.facebook.com\/WMT.Baltic.viscom\/?locale=lv_LV\" \/>\n<meta property=\"article:modified_time\" content=\"2021-01-27T12:29:45+00:00\" \/>\n<meta property=\"og:image\" content=\"https:\/\/wmtbaltic.lv\/wp-content\/uploads\/2021\/01\/reflex_nylon_4882.jpg\" \/>\n\t<meta property=\"og:image:width\" content=\"483\" \/>\n\t<meta property=\"og:image:height\" content=\"487\" \/>\n\t<meta property=\"og:image:type\" content=\"image\/jpeg\" \/>\n<meta name=\"twitter:card\" content=\"summary_large_image\" \/>\n<meta name=\"twitter:label1\" content=\"Est. reading time\" \/>\n\t<meta name=\"twitter:data1\" content=\"1 minute\" \/>\n<script type=\"application\/ld+json\" class=\"yoast-schema-graph\">{\"@context\":\"https:\\\/\\\/schema.org\",\"@graph\":[{\"@type\":\"WebPage\",\"@id\":\"https:\\\/\\\/wmtbaltic.lv\\\/Produkts\\\/termopleve-4882-nylon-reflektive-silver\\\/\",\"url\":\"https:\\\/\\\/wmtbaltic.lv\\\/Produkts\\\/termopleve-4882-nylon-reflektive-silver\\\/\",\"name\":\"Termopl\u0113ve 4882 Nylon Reflektive silver noliktav\u0101 R\u012bg\u0101, veikals\",\"isPartOf\":{\"@id\":\"https:\\\/\\\/wmtbaltic.lv\\\/#website\"},\"primaryImageOfPage\":{\"@id\":\"https:\\\/\\\/wmtbaltic.lv\\\/Produkts\\\/termopleve-4882-nylon-reflektive-silver\\\/#primaryimage\"},\"image\":{\"@id\":\"https:\\\/\\\/wmtbaltic.lv\\\/Produkts\\\/termopleve-4882-nylon-reflektive-silver\\\/#primaryimage\"},\"thumbnailUrl\":\"https:\\\/\\\/wmtbaltic.lv\\\/wp-content\\\/uploads\\\/2021\\\/01\\\/reflex_nylon_4882.jpg\",\"datePublished\":\"2021-01-27T12:26:31+00:00\",\"dateModified\":\"2021-01-27T12:29:45+00:00\",\"breadcrumb\":{\"@id\":\"https:\\\/\\\/wmtbaltic.lv\\\/Produkts\\\/termopleve-4882-nylon-reflektive-silver\\\/#breadcrumb\"},\"inLanguage\":\"en-US\",\"potentialAction\":[{\"@type\":\"ReadAction\",\"target\":[\"https:\\\/\\\/wmtbaltic.lv\\\/Produkts\\\/termopleve-4882-nylon-reflektive-silver\\\/\"]}]},{\"@type\":\"ImageObject\",\"inLanguage\":\"en-US\",\"@id\":\"https:\\\/\\\/wmtbaltic.lv\\\/Produkts\\\/termopleve-4882-nylon-reflektive-silver\\\/#primaryimage\",\"url\":\"https:\\\/\\\/wmtbaltic.lv\\\/wp-content\\\/uploads\\\/2021\\\/01\\\/reflex_nylon_4882.jpg\",\"contentUrl\":\"https:\\\/\\\/wmtbaltic.lv\\\/wp-content\\\/uploads\\\/2021\\\/01\\\/reflex_nylon_4882.jpg\",\"width\":483,\"height\":487},{\"@type\":\"BreadcrumbList\",\"@id\":\"https:\\\/\\\/wmtbaltic.lv\\\/Produkts\\\/termopleve-4882-nylon-reflektive-silver\\\/#breadcrumb\",\"itemListElement\":[{\"@type\":\"ListItem\",\"position\":1,\"name\":\"Home\",\"item\":\"https:\\\/\\\/wmtbaltic.lv\\\/en\\\/\"},{\"@type\":\"ListItem\",\"position\":2,\"name\":\"Shop\",\"item\":\"https:\\\/\\\/wmtbaltic.lv\\\/shop\\\/\"},{\"@type\":\"ListItem\",\"position\":3,\"name\":\"Termopl\u0113ve 4882 Nylon Reflektive silver\"}]},{\"@type\":\"WebSite\",\"@id\":\"https:\\\/\\\/wmtbaltic.lv\\\/#website\",\"url\":\"https:\\\/\\\/wmtbaltic.lv\\\/\",\"name\":\"WMT Baltic\",\"description\":\"Rekl\u0101mas produkti, pl\u0113ves\",\"publisher\":{\"@id\":\"https:\\\/\\\/wmtbaltic.lv\\\/#organization\"},\"potentialAction\":[{\"@type\":\"SearchAction\",\"target\":{\"@type\":\"EntryPoint\",\"urlTemplate\":\"https:\\\/\\\/wmtbaltic.lv\\\/?s={search_term_string}\"},\"query-input\":{\"@type\":\"PropertyValueSpecification\",\"valueRequired\":true,\"valueName\":\"search_term_string\"}}],\"inLanguage\":\"en-US\"},{\"@type\":\"Organization\",\"@id\":\"https:\\\/\\\/wmtbaltic.lv\\\/#organization\",\"name\":\"WMT Baltic\",\"url\":\"https:\\\/\\\/wmtbaltic.lv\\\/\",\"logo\":{\"@type\":\"ImageObject\",\"inLanguage\":\"en-US\",\"@id\":\"https:\\\/\\\/wmtbaltic.lv\\\/#\\\/schema\\\/logo\\\/image\\\/\",\"url\":\"https:\\\/\\\/wmtbaltic.lv\\\/wp-content\\\/uploads\\\/2024\\\/12\\\/wmt-baltic-sia_107142_9_420x180.jpg\",\"contentUrl\":\"https:\\\/\\\/wmtbaltic.lv\\\/wp-content\\\/uploads\\\/2024\\\/12\\\/wmt-baltic-sia_107142_9_420x180.jpg\",\"width\":420,\"height\":180,\"caption\":\"WMT Baltic\"},\"image\":{\"@id\":\"https:\\\/\\\/wmtbaltic.lv\\\/#\\\/schema\\\/logo\\\/image\\\/\"},\"sameAs\":[\"https:\\\/\\\/www.facebook.com\\\/WMT.Baltic.viscom\\\/?locale=lv_LV\",\"https:\\\/\\\/www.instagram.com\\\/viscom_wmt\\\/\"]}]}<\/script>\n<!-- \/ Yoast SEO plugin. -->","yoast_head_json":{"title":"Termopl\u0113ve 4882 Nylon Reflektive silver noliktav\u0101 R\u012bg\u0101, veikals","robots":{"index":"index","follow":"follow","max-snippet":"max-snippet:-1","max-image-preview":"max-image-preview:large","max-video-preview":"max-video-preview:-1"},"canonical":"https:\/\/wmtbaltic.lv\/Produkts\/termopleve-4882-nylon-reflektive-silver\/","og_locale":"en_US","og_type":"article","og_title":"Termopl\u0113ve 4882 Nylon Reflektive silver noliktav\u0101 R\u012bg\u0101, veikals","og_url":"https:\/\/wmtbaltic.lv\/Produkts\/termopleve-4882-nylon-reflektive-silver\/","og_site_name":"WMT Baltic","article_publisher":"https:\/\/www.facebook.com\/WMT.Baltic.viscom\/?locale=lv_LV","article_modified_time":"2021-01-27T12:29:45+00:00","og_image":[{"width":483,"height":487,"url":"https:\/\/wmtbaltic.lv\/wp-content\/uploads\/2021\/01\/reflex_nylon_4882.jpg","type":"image\/jpeg"}],"twitter_card":"summary_large_image","twitter_misc":{"Est. reading time":"1 minute"},"schema":{"@context":"https:\/\/schema.org","@graph":[{"@type":"WebPage","@id":"https:\/\/wmtbaltic.lv\/Produkts\/termopleve-4882-nylon-reflektive-silver\/","url":"https:\/\/wmtbaltic.lv\/Produkts\/termopleve-4882-nylon-reflektive-silver\/","name":"Termopl\u0113ve 4882 Nylon Reflektive silver noliktav\u0101 R\u012bg\u0101, veikals","isPartOf":{"@id":"https:\/\/wmtbaltic.lv\/#website"},"primaryImageOfPage":{"@id":"https:\/\/wmtbaltic.lv\/Produkts\/termopleve-4882-nylon-reflektive-silver\/#primaryimage"},"image":{"@id":"https:\/\/wmtbaltic.lv\/Produkts\/termopleve-4882-nylon-reflektive-silver\/#primaryimage"},"thumbnailUrl":"https:\/\/wmtbaltic.lv\/wp-content\/uploads\/2021\/01\/reflex_nylon_4882.jpg","datePublished":"2021-01-27T12:26:31+00:00","dateModified":"2021-01-27T12:29:45+00:00","breadcrumb":{"@id":"https:\/\/wmtbaltic.lv\/Produkts\/termopleve-4882-nylon-reflektive-silver\/#breadcrumb"},"inLanguage":"en-US","potentialAction":[{"@type":"ReadAction","target":["https:\/\/wmtbaltic.lv\/Produkts\/termopleve-4882-nylon-reflektive-silver\/"]}]},{"@type":"ImageObject","inLanguage":"en-US","@id":"https:\/\/wmtbaltic.lv\/Produkts\/termopleve-4882-nylon-reflektive-silver\/#primaryimage","url":"https:\/\/wmtbaltic.lv\/wp-content\/uploads\/2021\/01\/reflex_nylon_4882.jpg","contentUrl":"https:\/\/wmtbaltic.lv\/wp-content\/uploads\/2021\/01\/reflex_nylon_4882.jpg","width":483,"height":487},{"@type":"BreadcrumbList","@id":"https:\/\/wmtbaltic.lv\/Produkts\/termopleve-4882-nylon-reflektive-silver\/#breadcrumb","itemListElement":[{"@type":"ListItem","position":1,"name":"Home","item":"https:\/\/wmtbaltic.lv\/en\/"},{"@type":"ListItem","position":2,"name":"Shop","item":"https:\/\/wmtbaltic.lv\/shop\/"},{"@type":"ListItem","position":3,"name":"Termopl\u0113ve 4882 Nylon Reflektive silver"}]},{"@type":"WebSite","@id":"https:\/\/wmtbaltic.lv\/#website","url":"https:\/\/wmtbaltic.lv\/","name":"WMT Baltic","description":"Rekl\u0101mas produkti, pl\u0113ves","publisher":{"@id":"https:\/\/wmtbaltic.lv\/#organization"},"potentialAction":[{"@type":"SearchAction","target":{"@type":"EntryPoint","urlTemplate":"https:\/\/wmtbaltic.lv\/?s={search_term_string}"},"query-input":{"@type":"PropertyValueSpecification","valueRequired":true,"valueName":"search_term_string"}}],"inLanguage":"en-US"},{"@type":"Organization","@id":"https:\/\/wmtbaltic.lv\/#organization","name":"WMT Baltic","url":"https:\/\/wmtbaltic.lv\/","logo":{"@type":"ImageObject","inLanguage":"en-US","@id":"https:\/\/wmtbaltic.lv\/#\/schema\/logo\/image\/","url":"https:\/\/wmtbaltic.lv\/wp-content\/uploads\/2024\/12\/wmt-baltic-sia_107142_9_420x180.jpg","contentUrl":"https:\/\/wmtbaltic.lv\/wp-content\/uploads\/2024\/12\/wmt-baltic-sia_107142_9_420x180.jpg","width":420,"height":180,"caption":"WMT Baltic"},"image":{"@id":"https:\/\/wmtbaltic.lv\/#\/schema\/logo\/image\/"},"sameAs":["https:\/\/www.facebook.com\/WMT.Baltic.viscom\/?locale=lv_LV","https:\/\/www.instagram.com\/viscom_wmt\/"]}]}},"_links":{"self":[{"href":"https:\/\/wmtbaltic.lv\/en\/wp-json\/wp\/v2\/product\/4479","targetHints":{"allow":["GET"]}}],"collection":[{"href":"https:\/\/wmtbaltic.lv\/en\/wp-json\/wp\/v2\/product"}],"about":[{"href":"https:\/\/wmtbaltic.lv\/en\/wp-json\/wp\/v2\/types\/product"}],"wp:featuredmedia":[{"embeddable":true,"href":"https:\/\/wmtbaltic.lv\/en\/wp-json\/wp\/v2\/media\/4480"}],"wp:attachment":[{"href":"https:\/\/wmtbaltic.lv\/en\/wp-json\/wp\/v2\/media?parent=4479"}],"wp:term":[{"taxonomy":"product_brand","embeddable":true,"href":"https:\/\/wmtbaltic.lv\/en\/wp-json\/wp\/v2\/product_brand?post=4479"},{"taxonomy":"product_cat","embeddable":true,"href":"https:\/\/wmtbaltic.lv\/en\/wp-json\/wp\/v2\/product_cat?post=4479"},{"taxonomy":"product_tag","embeddable":true,"href":"https:\/\/wmtbaltic.lv\/en\/wp-json\/wp\/v2\/product_tag?post=4479"}],"curies":[{"name":"wp","href":"https:\/\/api.w.org\/{rel}","templated":true}]}}