{"id":4473,"date":"2021-01-27T12:22:26","date_gmt":"2021-01-27T12:22:26","guid":{"rendered":"http:\/\/wmtbaltic.lv\/?post_type=product&#038;p=4473"},"modified":"2021-01-27T12:22:27","modified_gmt":"2021-01-27T12:22:27","slug":"termopleve-4781-reflex-silver","status":"publish","type":"product","link":"https:\/\/wmtbaltic.lv\/en\/product\/termopleve-4781-reflex-silver\/","title":{"rendered":"Termopl\u0113ve 4781 Reflex SILVER"},"content":{"rendered":"<p>Termop\u0101rne\u0161anas pl\u0113ve tekstilizstr\u0101d\u0101jumiem ar gaismas atstarojo\u0161u efektu. Pl\u0113ve ir speci\u0101li izstr\u0101d\u0101ta p\u0101rne\u0161anai uz krekliem, sporta ap\u0123\u0113rbiem, som\u0101m un rekl\u0101mas materi\u0101liem no audekla. Sertifik\u0101ts EN 471 \u2013 klase 2.<\/p>\n<p>Termopl\u0113ve sast\u0101v no metaliz\u0113t\u0101m mikroskopisk\u0101m stikla lod\u012bt\u0113m, kas lamin\u0113tas uz sausas karstum\u0101 reaktiv\u0113jo\u0161as l\u012bmes pamatnes. Caursp\u012bd\u012bga PET pamatne atstarojo\u0161aj\u0101 pus\u0113 garant\u0113, ka pl\u0113vi var ploter\u0113t ar visiem pa\u0161reiz\u0113jiem ploteriem. M\u0113s iesak\u0101m izmantot parasto 45 \u00b0 nazi. P\u0113c ploter\u0113\u0161anas sagriezt\u0101 elast\u012bg\u0101 pl\u0113ve tiek p\u0101rnesta ar termopresi. PET pamatne j\u0101no\u0146em no silta materi\u0101la. L\u016bdzu, p\u0101rbaudiet piem\u0113rot\u012bbu neilonam, kas tiek apstr\u0101d\u0101ts ar jebk\u0101da veida p\u0101rkl\u0101jumu, vai ar\u012b iesak\u0101m izmantot 4882 REFLEX NYLON<\/p>\n<p><strong><a href=\"http:\/\/wmtbaltic.lv\/wp-content\/uploads\/2021\/01\/POLI-FLEX_4781_REFLEX_SILVER_en.pdf\">POLI-FLEX_4781_REFLEX_SILVER tehniskais apraksts<\/a><\/strong><\/p>\n<p>Pl\u0113ves platums 500mm.<\/p>\n","protected":false},"excerpt":{"rendered":"Termop\u0101rne\u0161anas pl\u0113ve tekstilizstr\u0101d\u0101jumiem ar gaismas atstarojo\u0161u efektu. Pl\u0113ve ir speci\u0101li izstr\u0101d\u0101ta p\u0101rne\u0161anai uz krekliem, sporta ap\u0123\u0113rbiem, som\u0101m un rekl\u0101mas materi\u0101liem no audekla. Sertifik\u0101ts EN 471 \u2013 klase 2. Termopl\u0113ve sast\u0101v no metaliz\u0113t\u0101m mikroskopisk\u0101m stikla lod\u012bt\u0113m, kas lamin\u0113tas uz sausas karstum\u0101 reaktiv\u0113jo\u0161as l\u012bmes pamatnes. Caursp\u012bd\u012bga PET pamatne atstarojo\u0161aj\u0101 pus\u0113 garant\u0113, ka pl\u0113vi var ploter\u0113t ar visiem [...]","protected":false},"featured_media":4474,"template":"","meta":[],"product_brand":[],"product_cat":[459],"product_tag":[511,468,482],"class_list":{"0":"post-4473","1":"product","2":"type-product","3":"status-publish","4":"has-post-thumbnail","6":"product_cat-t-tape-reflex","7":"product_tag-atstarojosas-pleves","8":"product_tag-kreklu-apdruka","9":"product_tag-termopleve","11":"first","12":"instock","13":"shipping-taxable","14":"purchasable","15":"product-type-simple"},"yoast_head":"<!-- This site is optimized with the Yoast SEO plugin v27.4 - https:\/\/yoast.com\/product\/yoast-seo-wordpress\/ -->\n<title>Termopl\u0113ve 4781 Reflex SILVER noliktav\u0101 R\u012bg\u0101, veikals<\/title>\n<meta name=\"robots\" content=\"index, follow, max-snippet:-1, max-image-preview:large, max-video-preview:-1\" \/>\n<link rel=\"canonical\" href=\"https:\/\/wmtbaltic.lv\/Produkts\/termopleve-4781-reflex-silver\/\" \/>\n<meta property=\"og:locale\" content=\"en_US\" \/>\n<meta property=\"og:type\" content=\"article\" \/>\n<meta property=\"og:title\" content=\"Termopl\u0113ve 4781 Reflex SILVER noliktav\u0101 R\u012bg\u0101, veikals\" \/>\n<meta property=\"og:url\" content=\"https:\/\/wmtbaltic.lv\/Produkts\/termopleve-4781-reflex-silver\/\" \/>\n<meta property=\"og:site_name\" content=\"WMT Baltic\" \/>\n<meta property=\"article:publisher\" content=\"https:\/\/www.facebook.com\/WMT.Baltic.viscom\/?locale=lv_LV\" \/>\n<meta property=\"article:modified_time\" content=\"2021-01-27T12:22:27+00:00\" \/>\n<meta property=\"og:image\" content=\"https:\/\/wmtbaltic.lv\/wp-content\/uploads\/2021\/01\/reflex_silver_4781.jpg\" \/>\n\t<meta property=\"og:image:width\" content=\"483\" \/>\n\t<meta property=\"og:image:height\" content=\"487\" \/>\n\t<meta property=\"og:image:type\" content=\"image\/jpeg\" \/>\n<meta name=\"twitter:card\" content=\"summary_large_image\" \/>\n<meta name=\"twitter:label1\" content=\"Est. reading time\" \/>\n\t<meta name=\"twitter:data1\" content=\"1 minute\" \/>\n<script type=\"application\/ld+json\" class=\"yoast-schema-graph\">{\"@context\":\"https:\\\/\\\/schema.org\",\"@graph\":[{\"@type\":\"WebPage\",\"@id\":\"https:\\\/\\\/wmtbaltic.lv\\\/Produkts\\\/termopleve-4781-reflex-silver\\\/\",\"url\":\"https:\\\/\\\/wmtbaltic.lv\\\/Produkts\\\/termopleve-4781-reflex-silver\\\/\",\"name\":\"Termopl\u0113ve 4781 Reflex SILVER noliktav\u0101 R\u012bg\u0101, veikals\",\"isPartOf\":{\"@id\":\"https:\\\/\\\/wmtbaltic.lv\\\/#website\"},\"primaryImageOfPage\":{\"@id\":\"https:\\\/\\\/wmtbaltic.lv\\\/Produkts\\\/termopleve-4781-reflex-silver\\\/#primaryimage\"},\"image\":{\"@id\":\"https:\\\/\\\/wmtbaltic.lv\\\/Produkts\\\/termopleve-4781-reflex-silver\\\/#primaryimage\"},\"thumbnailUrl\":\"https:\\\/\\\/wmtbaltic.lv\\\/wp-content\\\/uploads\\\/2021\\\/01\\\/reflex_silver_4781.jpg\",\"datePublished\":\"2021-01-27T12:22:26+00:00\",\"dateModified\":\"2021-01-27T12:22:27+00:00\",\"breadcrumb\":{\"@id\":\"https:\\\/\\\/wmtbaltic.lv\\\/Produkts\\\/termopleve-4781-reflex-silver\\\/#breadcrumb\"},\"inLanguage\":\"en-US\",\"potentialAction\":[{\"@type\":\"ReadAction\",\"target\":[\"https:\\\/\\\/wmtbaltic.lv\\\/Produkts\\\/termopleve-4781-reflex-silver\\\/\"]}]},{\"@type\":\"ImageObject\",\"inLanguage\":\"en-US\",\"@id\":\"https:\\\/\\\/wmtbaltic.lv\\\/Produkts\\\/termopleve-4781-reflex-silver\\\/#primaryimage\",\"url\":\"https:\\\/\\\/wmtbaltic.lv\\\/wp-content\\\/uploads\\\/2021\\\/01\\\/reflex_silver_4781.jpg\",\"contentUrl\":\"https:\\\/\\\/wmtbaltic.lv\\\/wp-content\\\/uploads\\\/2021\\\/01\\\/reflex_silver_4781.jpg\",\"width\":483,\"height\":487},{\"@type\":\"BreadcrumbList\",\"@id\":\"https:\\\/\\\/wmtbaltic.lv\\\/Produkts\\\/termopleve-4781-reflex-silver\\\/#breadcrumb\",\"itemListElement\":[{\"@type\":\"ListItem\",\"position\":1,\"name\":\"Home\",\"item\":\"https:\\\/\\\/wmtbaltic.lv\\\/en\\\/\"},{\"@type\":\"ListItem\",\"position\":2,\"name\":\"Shop\",\"item\":\"https:\\\/\\\/wmtbaltic.lv\\\/shop\\\/\"},{\"@type\":\"ListItem\",\"position\":3,\"name\":\"Termopl\u0113ve 4781 Reflex SILVER\"}]},{\"@type\":\"WebSite\",\"@id\":\"https:\\\/\\\/wmtbaltic.lv\\\/#website\",\"url\":\"https:\\\/\\\/wmtbaltic.lv\\\/\",\"name\":\"WMT Baltic\",\"description\":\"Rekl\u0101mas produkti, pl\u0113ves\",\"publisher\":{\"@id\":\"https:\\\/\\\/wmtbaltic.lv\\\/#organization\"},\"potentialAction\":[{\"@type\":\"SearchAction\",\"target\":{\"@type\":\"EntryPoint\",\"urlTemplate\":\"https:\\\/\\\/wmtbaltic.lv\\\/?s={search_term_string}\"},\"query-input\":{\"@type\":\"PropertyValueSpecification\",\"valueRequired\":true,\"valueName\":\"search_term_string\"}}],\"inLanguage\":\"en-US\"},{\"@type\":\"Organization\",\"@id\":\"https:\\\/\\\/wmtbaltic.lv\\\/#organization\",\"name\":\"WMT Baltic\",\"url\":\"https:\\\/\\\/wmtbaltic.lv\\\/\",\"logo\":{\"@type\":\"ImageObject\",\"inLanguage\":\"en-US\",\"@id\":\"https:\\\/\\\/wmtbaltic.lv\\\/#\\\/schema\\\/logo\\\/image\\\/\",\"url\":\"https:\\\/\\\/wmtbaltic.lv\\\/wp-content\\\/uploads\\\/2024\\\/12\\\/wmt-baltic-sia_107142_9_420x180.jpg\",\"contentUrl\":\"https:\\\/\\\/wmtbaltic.lv\\\/wp-content\\\/uploads\\\/2024\\\/12\\\/wmt-baltic-sia_107142_9_420x180.jpg\",\"width\":420,\"height\":180,\"caption\":\"WMT Baltic\"},\"image\":{\"@id\":\"https:\\\/\\\/wmtbaltic.lv\\\/#\\\/schema\\\/logo\\\/image\\\/\"},\"sameAs\":[\"https:\\\/\\\/www.facebook.com\\\/WMT.Baltic.viscom\\\/?locale=lv_LV\",\"https:\\\/\\\/www.instagram.com\\\/viscom_wmt\\\/\"]}]}<\/script>\n<!-- \/ Yoast SEO plugin. -->","yoast_head_json":{"title":"Termopl\u0113ve 4781 Reflex SILVER noliktav\u0101 R\u012bg\u0101, veikals","robots":{"index":"index","follow":"follow","max-snippet":"max-snippet:-1","max-image-preview":"max-image-preview:large","max-video-preview":"max-video-preview:-1"},"canonical":"https:\/\/wmtbaltic.lv\/Produkts\/termopleve-4781-reflex-silver\/","og_locale":"en_US","og_type":"article","og_title":"Termopl\u0113ve 4781 Reflex SILVER noliktav\u0101 R\u012bg\u0101, veikals","og_url":"https:\/\/wmtbaltic.lv\/Produkts\/termopleve-4781-reflex-silver\/","og_site_name":"WMT Baltic","article_publisher":"https:\/\/www.facebook.com\/WMT.Baltic.viscom\/?locale=lv_LV","article_modified_time":"2021-01-27T12:22:27+00:00","og_image":[{"width":483,"height":487,"url":"https:\/\/wmtbaltic.lv\/wp-content\/uploads\/2021\/01\/reflex_silver_4781.jpg","type":"image\/jpeg"}],"twitter_card":"summary_large_image","twitter_misc":{"Est. reading time":"1 minute"},"schema":{"@context":"https:\/\/schema.org","@graph":[{"@type":"WebPage","@id":"https:\/\/wmtbaltic.lv\/Produkts\/termopleve-4781-reflex-silver\/","url":"https:\/\/wmtbaltic.lv\/Produkts\/termopleve-4781-reflex-silver\/","name":"Termopl\u0113ve 4781 Reflex SILVER noliktav\u0101 R\u012bg\u0101, veikals","isPartOf":{"@id":"https:\/\/wmtbaltic.lv\/#website"},"primaryImageOfPage":{"@id":"https:\/\/wmtbaltic.lv\/Produkts\/termopleve-4781-reflex-silver\/#primaryimage"},"image":{"@id":"https:\/\/wmtbaltic.lv\/Produkts\/termopleve-4781-reflex-silver\/#primaryimage"},"thumbnailUrl":"https:\/\/wmtbaltic.lv\/wp-content\/uploads\/2021\/01\/reflex_silver_4781.jpg","datePublished":"2021-01-27T12:22:26+00:00","dateModified":"2021-01-27T12:22:27+00:00","breadcrumb":{"@id":"https:\/\/wmtbaltic.lv\/Produkts\/termopleve-4781-reflex-silver\/#breadcrumb"},"inLanguage":"en-US","potentialAction":[{"@type":"ReadAction","target":["https:\/\/wmtbaltic.lv\/Produkts\/termopleve-4781-reflex-silver\/"]}]},{"@type":"ImageObject","inLanguage":"en-US","@id":"https:\/\/wmtbaltic.lv\/Produkts\/termopleve-4781-reflex-silver\/#primaryimage","url":"https:\/\/wmtbaltic.lv\/wp-content\/uploads\/2021\/01\/reflex_silver_4781.jpg","contentUrl":"https:\/\/wmtbaltic.lv\/wp-content\/uploads\/2021\/01\/reflex_silver_4781.jpg","width":483,"height":487},{"@type":"BreadcrumbList","@id":"https:\/\/wmtbaltic.lv\/Produkts\/termopleve-4781-reflex-silver\/#breadcrumb","itemListElement":[{"@type":"ListItem","position":1,"name":"Home","item":"https:\/\/wmtbaltic.lv\/en\/"},{"@type":"ListItem","position":2,"name":"Shop","item":"https:\/\/wmtbaltic.lv\/shop\/"},{"@type":"ListItem","position":3,"name":"Termopl\u0113ve 4781 Reflex SILVER"}]},{"@type":"WebSite","@id":"https:\/\/wmtbaltic.lv\/#website","url":"https:\/\/wmtbaltic.lv\/","name":"WMT Baltic","description":"Rekl\u0101mas produkti, pl\u0113ves","publisher":{"@id":"https:\/\/wmtbaltic.lv\/#organization"},"potentialAction":[{"@type":"SearchAction","target":{"@type":"EntryPoint","urlTemplate":"https:\/\/wmtbaltic.lv\/?s={search_term_string}"},"query-input":{"@type":"PropertyValueSpecification","valueRequired":true,"valueName":"search_term_string"}}],"inLanguage":"en-US"},{"@type":"Organization","@id":"https:\/\/wmtbaltic.lv\/#organization","name":"WMT Baltic","url":"https:\/\/wmtbaltic.lv\/","logo":{"@type":"ImageObject","inLanguage":"en-US","@id":"https:\/\/wmtbaltic.lv\/#\/schema\/logo\/image\/","url":"https:\/\/wmtbaltic.lv\/wp-content\/uploads\/2024\/12\/wmt-baltic-sia_107142_9_420x180.jpg","contentUrl":"https:\/\/wmtbaltic.lv\/wp-content\/uploads\/2024\/12\/wmt-baltic-sia_107142_9_420x180.jpg","width":420,"height":180,"caption":"WMT Baltic"},"image":{"@id":"https:\/\/wmtbaltic.lv\/#\/schema\/logo\/image\/"},"sameAs":["https:\/\/www.facebook.com\/WMT.Baltic.viscom\/?locale=lv_LV","https:\/\/www.instagram.com\/viscom_wmt\/"]}]}},"_links":{"self":[{"href":"https:\/\/wmtbaltic.lv\/en\/wp-json\/wp\/v2\/product\/4473","targetHints":{"allow":["GET"]}}],"collection":[{"href":"https:\/\/wmtbaltic.lv\/en\/wp-json\/wp\/v2\/product"}],"about":[{"href":"https:\/\/wmtbaltic.lv\/en\/wp-json\/wp\/v2\/types\/product"}],"wp:featuredmedia":[{"embeddable":true,"href":"https:\/\/wmtbaltic.lv\/en\/wp-json\/wp\/v2\/media\/4474"}],"wp:attachment":[{"href":"https:\/\/wmtbaltic.lv\/en\/wp-json\/wp\/v2\/media?parent=4473"}],"wp:term":[{"taxonomy":"product_brand","embeddable":true,"href":"https:\/\/wmtbaltic.lv\/en\/wp-json\/wp\/v2\/product_brand?post=4473"},{"taxonomy":"product_cat","embeddable":true,"href":"https:\/\/wmtbaltic.lv\/en\/wp-json\/wp\/v2\/product_cat?post=4473"},{"taxonomy":"product_tag","embeddable":true,"href":"https:\/\/wmtbaltic.lv\/en\/wp-json\/wp\/v2\/product_tag?post=4473"}],"curies":[{"name":"wp","href":"https:\/\/api.w.org\/{rel}","templated":true}]}}