{"id":4448,"date":"2021-01-26T14:51:37","date_gmt":"2021-01-26T14:51:37","guid":{"rendered":"http:\/\/wmtbaltic.lv\/?post_type=product&#038;p=4448"},"modified":"2023-10-20T10:50:26","modified_gmt":"2023-10-20T10:50:26","slug":"lielformata-printeris-roland-dg-versaexpress-rf-640","status":"publish","type":"product","link":"https:\/\/wmtbaltic.lv\/en\/product\/lielformata-printeris-roland-dg-versaexpress-rf-640\/","title":{"rendered":"Roland DG VersaEXPRESS RF-640"},"content":{"rendered":"<p>Lielform\u0101ta printeris Roland DG VersaEXPRESS RF-640<\/p>\n<p>Iespaid\u012bgs drukas \u0101trums un kvalit\u0101te, uzlabotas produktivit\u0101tes funkcijas un nep\u0101rsp\u0113jama uzticam\u012bba padara VersaEXPRESS RF-640 lielform\u0101ta printeri par gudru izv\u0113li J\u016bsu biznesam. Printeris VersaEXPRESS RF-640 nodro\u0161ina izcilas drukas rezult\u0101tus katru dienu.<\/p>\n<iframe loading=\"lazy\"  id=\"_ytid_43843\"  width=\"780\" height=\"439\"  data-origwidth=\"780\" data-origheight=\"439\" src=\"https:\/\/www.youtube.com\/embed\/WDAI2olsYf0?enablejsapi=1&autoplay=0&cc_load_policy=0&cc_lang_pref=&iv_load_policy=1&loop=0&rel=1&fs=1&playsinline=0&autohide=2&theme=dark&color=red&controls=1&disablekb=0&\" class=\"__youtube_prefs__  no-lazyload\" title=\"YouTube player\"  allow=\"fullscreen; accelerometer; autoplay; clipboard-write; encrypted-media; gyroscope; picture-in-picture; web-share\" referrerpolicy=\"strict-origin-when-cross-origin\" allowfullscreen data-no-lazy=\"1\" data-skipgform_ajax_framebjll=\"\"><\/iframe>\n<p>&nbsp;<\/p>\n<p>&nbsp;<\/p>\n<p><strong>\u012apa\u0161\u012bbas:<\/strong><\/p>\n<p>&#8211; Modele: RF-640<br \/>\n&#8211; Drukas tehnolo\u0123ija: Piezoelectric inkjet<br \/>\n&#8211; Izm\u0113rs (ar stendu): 2575 (W) x 795 (D) x 1270 (H) mm (101.4 x 31.1 x 50 in.)<br \/>\n&#8211; Svars (ar stendu): 140 kg<br \/>\n&#8211; Drukas rezol\u016bcija: Max. 1440 dpi<br \/>\n&#8211; Druk\u0101jam\u0101 plat\u012bba: 259 to 1625 mm<br \/>\n&#8211; Materi\u0101la maksim\u0101lais biezums: Max. 1.0 mm<br \/>\n&#8211; Materi\u0101la maksim\u0101lais svars: 40 kg<br \/>\n&#8211; \u0100r\u0113jais ru\u013c\u013ca diametrs: Max. 210 mm<br \/>\n&#8211; Jaudas pras\u012bbas: AC 100 to 120 V \u00b1 10% 8.1A, 50\/60 Hz or AC 220 to 240 V \u00b1 10% 4.1A, 50\/60 Hz<br \/>\n&#8211; Elektr\u012bbas pat\u0113ri\u0146\u0161: during operation &#8211; 1070 W | sleep mode: 31 W<\/p>\n<h4><a href=\"http:\/\/wmtbaltic.lv\/wp-content\/uploads\/2021\/01\/BRO_RF-640_LR_EN.pdf\">Roland DG RF-640 Bro\u0161\u016bra<\/a><\/h4>\n","protected":false},"excerpt":{"rendered":"Iespaid\u012bgs drukas \u0101trums un kvalit\u0101te, uzlabotas produktivit\u0101tes funkcijas un nep\u0101rsp\u0113jama uzticam\u012bba padara VersaEXPRESS RF-640 lielform\u0101ta printeri par gudru izv\u0113li J\u016bsu biznesam. Printeris VersaEXPRESS RF-640 nodro\u0161ina izcilas drukas rezult\u0101tus katru dienu.","protected":false},"featured_media":4449,"comment_status":"closed","ping_status":"closed","template":"","meta":[],"product_brand":[],"product_cat":[1273],"product_tag":[429,510,509,497,508],"class_list":{"0":"post-4448","1":"product","2":"type-product","3":"status-publish","4":"has-post-thumbnail","6":"product_cat-eko-solventa-printeri","7":"product_tag-druka","8":"product_tag-lielformata","9":"product_tag-rf-640","10":"product_tag-roland","11":"product_tag-versaexpress","13":"first","14":"instock","15":"shipping-taxable","16":"product-type-simple"},"yoast_head":"<!-- This site is optimized with the Yoast SEO plugin v27.4 - https:\/\/yoast.com\/product\/yoast-seo-wordpress\/ -->\n<title>Lielform\u0101ta printeris Roland DG VersaEXPRESS RF-640<\/title>\n<meta name=\"description\" content=\"Lielform\u0101ta printeris Roland DG RF-640, VersaEXPRESS, WMT Baltic R\u012bga, Latvija, interneta veikals, serviss\" \/>\n<meta name=\"robots\" content=\"index, follow, max-snippet:-1, max-image-preview:large, max-video-preview:-1\" \/>\n<link rel=\"canonical\" href=\"https:\/\/wmtbaltic.lv\/Produkts\/lielformata-printeris-roland-dg-versaexpress-rf-640\/\" \/>\n<meta property=\"og:locale\" content=\"en_US\" \/>\n<meta property=\"og:type\" content=\"article\" \/>\n<meta property=\"og:title\" content=\"Lielform\u0101ta printeris Roland DG VersaEXPRESS RF-640\" \/>\n<meta property=\"og:description\" content=\"Lielform\u0101ta printeris Roland DG RF-640, VersaEXPRESS, WMT Baltic R\u012bga, Latvija, interneta veikals, serviss\" \/>\n<meta property=\"og:url\" content=\"https:\/\/wmtbaltic.lv\/Produkts\/lielformata-printeris-roland-dg-versaexpress-rf-640\/\" \/>\n<meta property=\"og:site_name\" content=\"WMT Baltic\" \/>\n<meta property=\"article:publisher\" content=\"https:\/\/www.facebook.com\/WMT.Baltic.viscom\/?locale=lv_LV\" \/>\n<meta property=\"article:modified_time\" content=\"2023-10-20T10:50:26+00:00\" \/>\n<meta property=\"og:image\" content=\"http:\/\/wmtbaltic.lv\/wp-content\/uploads\/2021\/01\/RF-640-1_65.jpg\" \/>\n\t<meta property=\"og:image:width\" content=\"1400\" \/>\n\t<meta property=\"og:image:height\" content=\"1050\" \/>\n\t<meta property=\"og:image:type\" content=\"image\/jpeg\" \/>\n<meta name=\"twitter:card\" content=\"summary_large_image\" \/>\n<meta name=\"twitter:label1\" content=\"Est. reading time\" \/>\n\t<meta name=\"twitter:data1\" content=\"1 minute\" \/>\n<script type=\"application\/ld+json\" class=\"yoast-schema-graph\">{\"@context\":\"https:\\\/\\\/schema.org\",\"@graph\":[{\"@type\":\"WebPage\",\"@id\":\"https:\\\/\\\/wmtbaltic.lv\\\/Produkts\\\/lielformata-printeris-roland-dg-versaexpress-rf-640\\\/\",\"url\":\"https:\\\/\\\/wmtbaltic.lv\\\/Produkts\\\/lielformata-printeris-roland-dg-versaexpress-rf-640\\\/\",\"name\":\"Lielform\u0101ta printeris Roland DG VersaEXPRESS RF-640\",\"isPartOf\":{\"@id\":\"https:\\\/\\\/wmtbaltic.lv\\\/#website\"},\"primaryImageOfPage\":{\"@id\":\"https:\\\/\\\/wmtbaltic.lv\\\/Produkts\\\/lielformata-printeris-roland-dg-versaexpress-rf-640\\\/#primaryimage\"},\"image\":{\"@id\":\"https:\\\/\\\/wmtbaltic.lv\\\/Produkts\\\/lielformata-printeris-roland-dg-versaexpress-rf-640\\\/#primaryimage\"},\"thumbnailUrl\":\"https:\\\/\\\/wmtbaltic.lv\\\/wp-content\\\/uploads\\\/2021\\\/01\\\/RF-640-1_65.jpg\",\"datePublished\":\"2021-01-26T14:51:37+00:00\",\"dateModified\":\"2023-10-20T10:50:26+00:00\",\"description\":\"Lielform\u0101ta printeris Roland DG RF-640, VersaEXPRESS, WMT Baltic R\u012bga, Latvija, interneta veikals, serviss\",\"breadcrumb\":{\"@id\":\"https:\\\/\\\/wmtbaltic.lv\\\/Produkts\\\/lielformata-printeris-roland-dg-versaexpress-rf-640\\\/#breadcrumb\"},\"inLanguage\":\"en-US\",\"potentialAction\":[{\"@type\":\"ReadAction\",\"target\":[\"https:\\\/\\\/wmtbaltic.lv\\\/Produkts\\\/lielformata-printeris-roland-dg-versaexpress-rf-640\\\/\"]}]},{\"@type\":\"ImageObject\",\"inLanguage\":\"en-US\",\"@id\":\"https:\\\/\\\/wmtbaltic.lv\\\/Produkts\\\/lielformata-printeris-roland-dg-versaexpress-rf-640\\\/#primaryimage\",\"url\":\"https:\\\/\\\/wmtbaltic.lv\\\/wp-content\\\/uploads\\\/2021\\\/01\\\/RF-640-1_65.jpg\",\"contentUrl\":\"https:\\\/\\\/wmtbaltic.lv\\\/wp-content\\\/uploads\\\/2021\\\/01\\\/RF-640-1_65.jpg\",\"width\":1400,\"height\":1050},{\"@type\":\"BreadcrumbList\",\"@id\":\"https:\\\/\\\/wmtbaltic.lv\\\/Produkts\\\/lielformata-printeris-roland-dg-versaexpress-rf-640\\\/#breadcrumb\",\"itemListElement\":[{\"@type\":\"ListItem\",\"position\":1,\"name\":\"Home\",\"item\":\"https:\\\/\\\/wmtbaltic.lv\\\/en\\\/\"},{\"@type\":\"ListItem\",\"position\":2,\"name\":\"Products\",\"item\":\"https:\\\/\\\/wmtbaltic.lv\\\/en\\\/shop\\\/\"},{\"@type\":\"ListItem\",\"position\":3,\"name\":\"Roland DG VersaEXPRESS RF-640\"}]},{\"@type\":\"WebSite\",\"@id\":\"https:\\\/\\\/wmtbaltic.lv\\\/#website\",\"url\":\"https:\\\/\\\/wmtbaltic.lv\\\/\",\"name\":\"WMT Baltic\",\"description\":\"Rekl\u0101mas produkti, pl\u0113ves\",\"publisher\":{\"@id\":\"https:\\\/\\\/wmtbaltic.lv\\\/#organization\"},\"potentialAction\":[{\"@type\":\"SearchAction\",\"target\":{\"@type\":\"EntryPoint\",\"urlTemplate\":\"https:\\\/\\\/wmtbaltic.lv\\\/?s={search_term_string}\"},\"query-input\":{\"@type\":\"PropertyValueSpecification\",\"valueRequired\":true,\"valueName\":\"search_term_string\"}}],\"inLanguage\":\"en-US\"},{\"@type\":\"Organization\",\"@id\":\"https:\\\/\\\/wmtbaltic.lv\\\/#organization\",\"name\":\"WMT Baltic\",\"url\":\"https:\\\/\\\/wmtbaltic.lv\\\/\",\"logo\":{\"@type\":\"ImageObject\",\"inLanguage\":\"en-US\",\"@id\":\"https:\\\/\\\/wmtbaltic.lv\\\/#\\\/schema\\\/logo\\\/image\\\/\",\"url\":\"https:\\\/\\\/wmtbaltic.lv\\\/wp-content\\\/uploads\\\/2024\\\/12\\\/wmt-baltic-sia_107142_9_420x180.jpg\",\"contentUrl\":\"https:\\\/\\\/wmtbaltic.lv\\\/wp-content\\\/uploads\\\/2024\\\/12\\\/wmt-baltic-sia_107142_9_420x180.jpg\",\"width\":420,\"height\":180,\"caption\":\"WMT Baltic\"},\"image\":{\"@id\":\"https:\\\/\\\/wmtbaltic.lv\\\/#\\\/schema\\\/logo\\\/image\\\/\"},\"sameAs\":[\"https:\\\/\\\/www.facebook.com\\\/WMT.Baltic.viscom\\\/?locale=lv_LV\",\"https:\\\/\\\/www.instagram.com\\\/viscom_wmt\\\/\"]}]}<\/script>\n<!-- \/ Yoast SEO plugin. -->","yoast_head_json":{"title":"Lielform\u0101ta printeris Roland DG VersaEXPRESS RF-640","description":"Lielform\u0101ta printeris Roland DG RF-640, VersaEXPRESS, WMT Baltic R\u012bga, Latvija, interneta veikals, serviss","robots":{"index":"index","follow":"follow","max-snippet":"max-snippet:-1","max-image-preview":"max-image-preview:large","max-video-preview":"max-video-preview:-1"},"canonical":"https:\/\/wmtbaltic.lv\/Produkts\/lielformata-printeris-roland-dg-versaexpress-rf-640\/","og_locale":"en_US","og_type":"article","og_title":"Lielform\u0101ta printeris Roland DG VersaEXPRESS RF-640","og_description":"Lielform\u0101ta printeris Roland DG RF-640, VersaEXPRESS, WMT Baltic R\u012bga, Latvija, interneta veikals, serviss","og_url":"https:\/\/wmtbaltic.lv\/Produkts\/lielformata-printeris-roland-dg-versaexpress-rf-640\/","og_site_name":"WMT Baltic","article_publisher":"https:\/\/www.facebook.com\/WMT.Baltic.viscom\/?locale=lv_LV","article_modified_time":"2023-10-20T10:50:26+00:00","og_image":[{"width":1400,"height":1050,"url":"http:\/\/wmtbaltic.lv\/wp-content\/uploads\/2021\/01\/RF-640-1_65.jpg","type":"image\/jpeg"}],"twitter_card":"summary_large_image","twitter_misc":{"Est. reading time":"1 minute"},"schema":{"@context":"https:\/\/schema.org","@graph":[{"@type":"WebPage","@id":"https:\/\/wmtbaltic.lv\/Produkts\/lielformata-printeris-roland-dg-versaexpress-rf-640\/","url":"https:\/\/wmtbaltic.lv\/Produkts\/lielformata-printeris-roland-dg-versaexpress-rf-640\/","name":"Lielform\u0101ta printeris Roland DG VersaEXPRESS RF-640","isPartOf":{"@id":"https:\/\/wmtbaltic.lv\/#website"},"primaryImageOfPage":{"@id":"https:\/\/wmtbaltic.lv\/Produkts\/lielformata-printeris-roland-dg-versaexpress-rf-640\/#primaryimage"},"image":{"@id":"https:\/\/wmtbaltic.lv\/Produkts\/lielformata-printeris-roland-dg-versaexpress-rf-640\/#primaryimage"},"thumbnailUrl":"https:\/\/wmtbaltic.lv\/wp-content\/uploads\/2021\/01\/RF-640-1_65.jpg","datePublished":"2021-01-26T14:51:37+00:00","dateModified":"2023-10-20T10:50:26+00:00","description":"Lielform\u0101ta printeris Roland DG RF-640, VersaEXPRESS, WMT Baltic R\u012bga, Latvija, interneta veikals, serviss","breadcrumb":{"@id":"https:\/\/wmtbaltic.lv\/Produkts\/lielformata-printeris-roland-dg-versaexpress-rf-640\/#breadcrumb"},"inLanguage":"en-US","potentialAction":[{"@type":"ReadAction","target":["https:\/\/wmtbaltic.lv\/Produkts\/lielformata-printeris-roland-dg-versaexpress-rf-640\/"]}]},{"@type":"ImageObject","inLanguage":"en-US","@id":"https:\/\/wmtbaltic.lv\/Produkts\/lielformata-printeris-roland-dg-versaexpress-rf-640\/#primaryimage","url":"https:\/\/wmtbaltic.lv\/wp-content\/uploads\/2021\/01\/RF-640-1_65.jpg","contentUrl":"https:\/\/wmtbaltic.lv\/wp-content\/uploads\/2021\/01\/RF-640-1_65.jpg","width":1400,"height":1050},{"@type":"BreadcrumbList","@id":"https:\/\/wmtbaltic.lv\/Produkts\/lielformata-printeris-roland-dg-versaexpress-rf-640\/#breadcrumb","itemListElement":[{"@type":"ListItem","position":1,"name":"Home","item":"https:\/\/wmtbaltic.lv\/en\/"},{"@type":"ListItem","position":2,"name":"Products","item":"https:\/\/wmtbaltic.lv\/en\/shop\/"},{"@type":"ListItem","position":3,"name":"Roland DG VersaEXPRESS RF-640"}]},{"@type":"WebSite","@id":"https:\/\/wmtbaltic.lv\/#website","url":"https:\/\/wmtbaltic.lv\/","name":"WMT Baltic","description":"Rekl\u0101mas produkti, pl\u0113ves","publisher":{"@id":"https:\/\/wmtbaltic.lv\/#organization"},"potentialAction":[{"@type":"SearchAction","target":{"@type":"EntryPoint","urlTemplate":"https:\/\/wmtbaltic.lv\/?s={search_term_string}"},"query-input":{"@type":"PropertyValueSpecification","valueRequired":true,"valueName":"search_term_string"}}],"inLanguage":"en-US"},{"@type":"Organization","@id":"https:\/\/wmtbaltic.lv\/#organization","name":"WMT Baltic","url":"https:\/\/wmtbaltic.lv\/","logo":{"@type":"ImageObject","inLanguage":"en-US","@id":"https:\/\/wmtbaltic.lv\/#\/schema\/logo\/image\/","url":"https:\/\/wmtbaltic.lv\/wp-content\/uploads\/2024\/12\/wmt-baltic-sia_107142_9_420x180.jpg","contentUrl":"https:\/\/wmtbaltic.lv\/wp-content\/uploads\/2024\/12\/wmt-baltic-sia_107142_9_420x180.jpg","width":420,"height":180,"caption":"WMT Baltic"},"image":{"@id":"https:\/\/wmtbaltic.lv\/#\/schema\/logo\/image\/"},"sameAs":["https:\/\/www.facebook.com\/WMT.Baltic.viscom\/?locale=lv_LV","https:\/\/www.instagram.com\/viscom_wmt\/"]}]}},"_links":{"self":[{"href":"https:\/\/wmtbaltic.lv\/en\/wp-json\/wp\/v2\/product\/4448","targetHints":{"allow":["GET"]}}],"collection":[{"href":"https:\/\/wmtbaltic.lv\/en\/wp-json\/wp\/v2\/product"}],"about":[{"href":"https:\/\/wmtbaltic.lv\/en\/wp-json\/wp\/v2\/types\/product"}],"replies":[{"embeddable":true,"href":"https:\/\/wmtbaltic.lv\/en\/wp-json\/wp\/v2\/comments?post=4448"}],"wp:featuredmedia":[{"embeddable":true,"href":"https:\/\/wmtbaltic.lv\/en\/wp-json\/wp\/v2\/media\/4449"}],"wp:attachment":[{"href":"https:\/\/wmtbaltic.lv\/en\/wp-json\/wp\/v2\/media?parent=4448"}],"wp:term":[{"taxonomy":"product_brand","embeddable":true,"href":"https:\/\/wmtbaltic.lv\/en\/wp-json\/wp\/v2\/product_brand?post=4448"},{"taxonomy":"product_cat","embeddable":true,"href":"https:\/\/wmtbaltic.lv\/en\/wp-json\/wp\/v2\/product_cat?post=4448"},{"taxonomy":"product_tag","embeddable":true,"href":"https:\/\/wmtbaltic.lv\/en\/wp-json\/wp\/v2\/product_tag?post=4448"}],"curies":[{"name":"wp","href":"https:\/\/api.w.org\/{rel}","templated":true}]}}