{"id":4334,"date":"2021-01-20T17:05:08","date_gmt":"2021-01-20T17:05:08","guid":{"rendered":"http:\/\/wmtbaltic.lv\/?post_type=product&#038;p=4334"},"modified":"2021-01-20T17:07:58","modified_gmt":"2021-01-20T17:07:58","slug":"termopleve-flock-lemon-100","status":"publish","type":"product","link":"https:\/\/wmtbaltic.lv\/en\/product\/termopleve-flock-lemon-100\/","title":{"rendered":"Termopl\u0113ve FLOCK lemon 100"},"content":{"rendered":"<p align=\"justify\">FLOCK lemon 100 &#8211; dzelten\u0101 kr\u0101sas termopl\u0113ve. Preces artikuls 22570513.<\/p>\n<p align=\"justify\">Termopl\u0113ve Flock (TD) s\u0113rija \u2013 augstas kvalit\u0101tes termop\u0101rneses pl\u0113ve no m\u0101ksl\u012bgas \u0161\u0137iedras. Pl\u0113ves spilgtums un\u00a0 tekst\u016bra ir noteikta ar augstu \u0161\u0137iedras bl\u012bvumu. Viegli padodas grie\u0161anai ar ploteri (nepiecie\u0161ams nazis biezaj\u0101m pl\u0113v\u0113m).<\/p>\n<p align=\"justify\">T-Tape Flock (TD)s\u0113rijas pl\u0113ves ir piem\u0113roti p\u0101rnesei uz kokvilnu,\u00a0 jauktiem audumiem (kokvilna\/poliesteris), dabiskiem un sint\u0113tiskiem ap\u0123\u0113rbiem. Bet\u00a0 nav piem\u0113rotas p\u0101rnesei uz neilona audumiem, k\u0101 ar\u012b audumiem ar hidrofoba pies\u0101tin\u0101\u0161anu.<\/p>\n<p align=\"justify\">Ide\u0101la izv\u0113le ori\u0123in\u0101liem logotipu vai grafisko att\u0113lu p\u0101rne\u0161anai uz audumiem, sporta un atp\u016btas ap\u0123\u0113rbiem, dekorat\u012bvam spilvendr\u0101n\u0101m un citam tekstilizstr\u0101d\u0101jumu dizainam.<\/p>\n<p align=\"justify\"><strong>P\u0113rc veselu rulli (0,5x25m) par \u012bpa\u0161u cenu, s\u012bk\u0101ku inform\u0101ciju par pied\u0101v\u0101jumu jaut\u0101 operatoriem!<\/strong><\/p>\n","protected":false},"excerpt":{"rendered":"FLOCK lemon 100 - dzelten\u0101 kr\u0101sas termopl\u0113ve. Preces artikuls 22570513. Termopl\u0113ve Flock (TD) s\u0113rija \u2013 augstas kvalit\u0101tes termop\u0101rneses pl\u0113ve no m\u0101ksl\u012bgas \u0161\u0137iedras. Pl\u0113ves spilgtums un\u00a0 tekst\u016bra ir noteikta ar augstu \u0161\u0137iedras bl\u012bvumu. Viegli padodas grie\u0161anai ar ploteri (nepiecie\u0161ams nazis biezaj\u0101m pl\u0113v\u0113m). T-Tape Flock (TD)s\u0113rijas pl\u0113ves ir piem\u0113roti p\u0101rnesei uz kokvilnu,\u00a0 jauktiem audumiem (kokvilna\/poliesteris), dabiskiem un [...]","protected":false},"featured_media":4335,"comment_status":"closed","ping_status":"closed","template":"","meta":[],"product_brand":[],"product_cat":[453],"product_tag":[493,494,441,483,442,495,299,440,482],"class_list":{"0":"post-4334","1":"product","2":"type-product","3":"status-publish","4":"has-post-thumbnail","6":"product_cat-termopleve-t-tape-flock","7":"product_tag-dizaina_apdruka","8":"product_tag-flock","9":"product_tag-krasainas_pleves","10":"product_tag-krasainas_termopleves","11":"product_tag-kreklu_apdruka","12":"product_tag-pukaina_termopleve","13":"product_tag-reklama","14":"product_tag-termoparnesana","15":"product_tag-termopleve","17":"first","18":"instock","19":"shipping-taxable","20":"purchasable","21":"product-type-simple"},"yoast_head":"<!-- This site is optimized with the Yoast SEO plugin v27.5 - https:\/\/yoast.com\/product\/yoast-seo-wordpress\/ -->\n<title>Termopl\u0113ve-FLOCK-lemon-100-dzelten\u0101-kr\u0101sa-pirkt-noliktava-R\u012bga<\/title>\n<meta name=\"robots\" content=\"index, follow, max-snippet:-1, max-image-preview:large, max-video-preview:-1\" \/>\n<link rel=\"canonical\" href=\"https:\/\/wmtbaltic.lv\/Produkts\/termopleve-flock-lemon-100\/\" \/>\n<meta property=\"og:locale\" content=\"en_US\" \/>\n<meta property=\"og:type\" content=\"article\" \/>\n<meta property=\"og:title\" content=\"Termopl\u0113ve-FLOCK-lemon-100-dzelten\u0101-kr\u0101sa-pirkt-noliktava-R\u012bga\" \/>\n<meta property=\"og:url\" content=\"https:\/\/wmtbaltic.lv\/Produkts\/termopleve-flock-lemon-100\/\" \/>\n<meta property=\"og:site_name\" content=\"WMT Baltic\" \/>\n<meta property=\"article:publisher\" content=\"https:\/\/www.facebook.com\/WMT.Baltic.viscom\/?locale=lv_LV\" \/>\n<meta property=\"article:modified_time\" content=\"2021-01-20T17:07:58+00:00\" \/>\n<meta property=\"og:image\" content=\"https:\/\/wmtbaltic.lv\/wp-content\/uploads\/2021\/01\/FLOCK_termopleve_100_lemon_22570513.jpg\" \/>\n\t<meta property=\"og:image:width\" content=\"482\" \/>\n\t<meta property=\"og:image:height\" content=\"486\" \/>\n\t<meta property=\"og:image:type\" content=\"image\/jpeg\" \/>\n<meta name=\"twitter:card\" content=\"summary_large_image\" \/>\n<meta name=\"twitter:label1\" content=\"Est. reading time\" \/>\n\t<meta name=\"twitter:data1\" content=\"1 minute\" \/>\n<script type=\"application\/ld+json\" class=\"yoast-schema-graph\">{\"@context\":\"https:\\\/\\\/schema.org\",\"@graph\":[{\"@type\":\"WebPage\",\"@id\":\"https:\\\/\\\/wmtbaltic.lv\\\/Produkts\\\/termopleve-flock-lemon-100\\\/\",\"url\":\"https:\\\/\\\/wmtbaltic.lv\\\/Produkts\\\/termopleve-flock-lemon-100\\\/\",\"name\":\"Termopl\u0113ve-FLOCK-lemon-100-dzelten\u0101-kr\u0101sa-pirkt-noliktava-R\u012bga\",\"isPartOf\":{\"@id\":\"https:\\\/\\\/wmtbaltic.lv\\\/#website\"},\"primaryImageOfPage\":{\"@id\":\"https:\\\/\\\/wmtbaltic.lv\\\/Produkts\\\/termopleve-flock-lemon-100\\\/#primaryimage\"},\"image\":{\"@id\":\"https:\\\/\\\/wmtbaltic.lv\\\/Produkts\\\/termopleve-flock-lemon-100\\\/#primaryimage\"},\"thumbnailUrl\":\"https:\\\/\\\/wmtbaltic.lv\\\/wp-content\\\/uploads\\\/2021\\\/01\\\/FLOCK_termopleve_100_lemon_22570513.jpg\",\"datePublished\":\"2021-01-20T17:05:08+00:00\",\"dateModified\":\"2021-01-20T17:07:58+00:00\",\"breadcrumb\":{\"@id\":\"https:\\\/\\\/wmtbaltic.lv\\\/Produkts\\\/termopleve-flock-lemon-100\\\/#breadcrumb\"},\"inLanguage\":\"en-US\",\"potentialAction\":[{\"@type\":\"ReadAction\",\"target\":[\"https:\\\/\\\/wmtbaltic.lv\\\/Produkts\\\/termopleve-flock-lemon-100\\\/\"]}]},{\"@type\":\"ImageObject\",\"inLanguage\":\"en-US\",\"@id\":\"https:\\\/\\\/wmtbaltic.lv\\\/Produkts\\\/termopleve-flock-lemon-100\\\/#primaryimage\",\"url\":\"https:\\\/\\\/wmtbaltic.lv\\\/wp-content\\\/uploads\\\/2021\\\/01\\\/FLOCK_termopleve_100_lemon_22570513.jpg\",\"contentUrl\":\"https:\\\/\\\/wmtbaltic.lv\\\/wp-content\\\/uploads\\\/2021\\\/01\\\/FLOCK_termopleve_100_lemon_22570513.jpg\",\"width\":482,\"height\":486},{\"@type\":\"BreadcrumbList\",\"@id\":\"https:\\\/\\\/wmtbaltic.lv\\\/Produkts\\\/termopleve-flock-lemon-100\\\/#breadcrumb\",\"itemListElement\":[{\"@type\":\"ListItem\",\"position\":1,\"name\":\"Home\",\"item\":\"https:\\\/\\\/wmtbaltic.lv\\\/en\\\/\"},{\"@type\":\"ListItem\",\"position\":2,\"name\":\"Products\",\"item\":\"https:\\\/\\\/wmtbaltic.lv\\\/en\\\/shop\\\/\"},{\"@type\":\"ListItem\",\"position\":3,\"name\":\"Termopl\u0113ve FLOCK lemon 100\"}]},{\"@type\":\"WebSite\",\"@id\":\"https:\\\/\\\/wmtbaltic.lv\\\/#website\",\"url\":\"https:\\\/\\\/wmtbaltic.lv\\\/\",\"name\":\"WMT Baltic\",\"description\":\"Rekl\u0101mas produkti, pl\u0113ves\",\"publisher\":{\"@id\":\"https:\\\/\\\/wmtbaltic.lv\\\/#organization\"},\"potentialAction\":[{\"@type\":\"SearchAction\",\"target\":{\"@type\":\"EntryPoint\",\"urlTemplate\":\"https:\\\/\\\/wmtbaltic.lv\\\/?s={search_term_string}\"},\"query-input\":{\"@type\":\"PropertyValueSpecification\",\"valueRequired\":true,\"valueName\":\"search_term_string\"}}],\"inLanguage\":\"en-US\"},{\"@type\":\"Organization\",\"@id\":\"https:\\\/\\\/wmtbaltic.lv\\\/#organization\",\"name\":\"WMT Baltic\",\"url\":\"https:\\\/\\\/wmtbaltic.lv\\\/\",\"logo\":{\"@type\":\"ImageObject\",\"inLanguage\":\"en-US\",\"@id\":\"https:\\\/\\\/wmtbaltic.lv\\\/#\\\/schema\\\/logo\\\/image\\\/\",\"url\":\"https:\\\/\\\/wmtbaltic.lv\\\/wp-content\\\/uploads\\\/2024\\\/12\\\/wmt-baltic-sia_107142_9_420x180.jpg\",\"contentUrl\":\"https:\\\/\\\/wmtbaltic.lv\\\/wp-content\\\/uploads\\\/2024\\\/12\\\/wmt-baltic-sia_107142_9_420x180.jpg\",\"width\":420,\"height\":180,\"caption\":\"WMT Baltic\"},\"image\":{\"@id\":\"https:\\\/\\\/wmtbaltic.lv\\\/#\\\/schema\\\/logo\\\/image\\\/\"},\"sameAs\":[\"https:\\\/\\\/www.facebook.com\\\/WMT.Baltic.viscom\\\/?locale=lv_LV\",\"https:\\\/\\\/www.instagram.com\\\/viscom_wmt\\\/\"]}]}<\/script>\n<!-- \/ Yoast SEO plugin. -->","yoast_head_json":{"title":"Termopl\u0113ve-FLOCK-lemon-100-dzelten\u0101-kr\u0101sa-pirkt-noliktava-R\u012bga","robots":{"index":"index","follow":"follow","max-snippet":"max-snippet:-1","max-image-preview":"max-image-preview:large","max-video-preview":"max-video-preview:-1"},"canonical":"https:\/\/wmtbaltic.lv\/Produkts\/termopleve-flock-lemon-100\/","og_locale":"en_US","og_type":"article","og_title":"Termopl\u0113ve-FLOCK-lemon-100-dzelten\u0101-kr\u0101sa-pirkt-noliktava-R\u012bga","og_url":"https:\/\/wmtbaltic.lv\/Produkts\/termopleve-flock-lemon-100\/","og_site_name":"WMT Baltic","article_publisher":"https:\/\/www.facebook.com\/WMT.Baltic.viscom\/?locale=lv_LV","article_modified_time":"2021-01-20T17:07:58+00:00","og_image":[{"width":482,"height":486,"url":"https:\/\/wmtbaltic.lv\/wp-content\/uploads\/2021\/01\/FLOCK_termopleve_100_lemon_22570513.jpg","type":"image\/jpeg"}],"twitter_card":"summary_large_image","twitter_misc":{"Est. reading time":"1 minute"},"schema":{"@context":"https:\/\/schema.org","@graph":[{"@type":"WebPage","@id":"https:\/\/wmtbaltic.lv\/Produkts\/termopleve-flock-lemon-100\/","url":"https:\/\/wmtbaltic.lv\/Produkts\/termopleve-flock-lemon-100\/","name":"Termopl\u0113ve-FLOCK-lemon-100-dzelten\u0101-kr\u0101sa-pirkt-noliktava-R\u012bga","isPartOf":{"@id":"https:\/\/wmtbaltic.lv\/#website"},"primaryImageOfPage":{"@id":"https:\/\/wmtbaltic.lv\/Produkts\/termopleve-flock-lemon-100\/#primaryimage"},"image":{"@id":"https:\/\/wmtbaltic.lv\/Produkts\/termopleve-flock-lemon-100\/#primaryimage"},"thumbnailUrl":"https:\/\/wmtbaltic.lv\/wp-content\/uploads\/2021\/01\/FLOCK_termopleve_100_lemon_22570513.jpg","datePublished":"2021-01-20T17:05:08+00:00","dateModified":"2021-01-20T17:07:58+00:00","breadcrumb":{"@id":"https:\/\/wmtbaltic.lv\/Produkts\/termopleve-flock-lemon-100\/#breadcrumb"},"inLanguage":"en-US","potentialAction":[{"@type":"ReadAction","target":["https:\/\/wmtbaltic.lv\/Produkts\/termopleve-flock-lemon-100\/"]}]},{"@type":"ImageObject","inLanguage":"en-US","@id":"https:\/\/wmtbaltic.lv\/Produkts\/termopleve-flock-lemon-100\/#primaryimage","url":"https:\/\/wmtbaltic.lv\/wp-content\/uploads\/2021\/01\/FLOCK_termopleve_100_lemon_22570513.jpg","contentUrl":"https:\/\/wmtbaltic.lv\/wp-content\/uploads\/2021\/01\/FLOCK_termopleve_100_lemon_22570513.jpg","width":482,"height":486},{"@type":"BreadcrumbList","@id":"https:\/\/wmtbaltic.lv\/Produkts\/termopleve-flock-lemon-100\/#breadcrumb","itemListElement":[{"@type":"ListItem","position":1,"name":"Home","item":"https:\/\/wmtbaltic.lv\/en\/"},{"@type":"ListItem","position":2,"name":"Products","item":"https:\/\/wmtbaltic.lv\/en\/shop\/"},{"@type":"ListItem","position":3,"name":"Termopl\u0113ve FLOCK lemon 100"}]},{"@type":"WebSite","@id":"https:\/\/wmtbaltic.lv\/#website","url":"https:\/\/wmtbaltic.lv\/","name":"WMT Baltic","description":"Rekl\u0101mas produkti, pl\u0113ves","publisher":{"@id":"https:\/\/wmtbaltic.lv\/#organization"},"potentialAction":[{"@type":"SearchAction","target":{"@type":"EntryPoint","urlTemplate":"https:\/\/wmtbaltic.lv\/?s={search_term_string}"},"query-input":{"@type":"PropertyValueSpecification","valueRequired":true,"valueName":"search_term_string"}}],"inLanguage":"en-US"},{"@type":"Organization","@id":"https:\/\/wmtbaltic.lv\/#organization","name":"WMT Baltic","url":"https:\/\/wmtbaltic.lv\/","logo":{"@type":"ImageObject","inLanguage":"en-US","@id":"https:\/\/wmtbaltic.lv\/#\/schema\/logo\/image\/","url":"https:\/\/wmtbaltic.lv\/wp-content\/uploads\/2024\/12\/wmt-baltic-sia_107142_9_420x180.jpg","contentUrl":"https:\/\/wmtbaltic.lv\/wp-content\/uploads\/2024\/12\/wmt-baltic-sia_107142_9_420x180.jpg","width":420,"height":180,"caption":"WMT Baltic"},"image":{"@id":"https:\/\/wmtbaltic.lv\/#\/schema\/logo\/image\/"},"sameAs":["https:\/\/www.facebook.com\/WMT.Baltic.viscom\/?locale=lv_LV","https:\/\/www.instagram.com\/viscom_wmt\/"]}]}},"_links":{"self":[{"href":"https:\/\/wmtbaltic.lv\/en\/wp-json\/wp\/v2\/product\/4334","targetHints":{"allow":["GET"]}}],"collection":[{"href":"https:\/\/wmtbaltic.lv\/en\/wp-json\/wp\/v2\/product"}],"about":[{"href":"https:\/\/wmtbaltic.lv\/en\/wp-json\/wp\/v2\/types\/product"}],"replies":[{"embeddable":true,"href":"https:\/\/wmtbaltic.lv\/en\/wp-json\/wp\/v2\/comments?post=4334"}],"wp:featuredmedia":[{"embeddable":true,"href":"https:\/\/wmtbaltic.lv\/en\/wp-json\/wp\/v2\/media\/4335"}],"wp:attachment":[{"href":"https:\/\/wmtbaltic.lv\/en\/wp-json\/wp\/v2\/media?parent=4334"}],"wp:term":[{"taxonomy":"product_brand","embeddable":true,"href":"https:\/\/wmtbaltic.lv\/en\/wp-json\/wp\/v2\/product_brand?post=4334"},{"taxonomy":"product_cat","embeddable":true,"href":"https:\/\/wmtbaltic.lv\/en\/wp-json\/wp\/v2\/product_cat?post=4334"},{"taxonomy":"product_tag","embeddable":true,"href":"https:\/\/wmtbaltic.lv\/en\/wp-json\/wp\/v2\/product_tag?post=4334"}],"curies":[{"name":"wp","href":"https:\/\/api.w.org\/{rel}","templated":true}]}}