{"id":4308,"date":"2021-01-19T14:51:45","date_gmt":"2021-01-19T14:51:45","guid":{"rendered":"http:\/\/wmtbaltic.lv\/?post_type=product&#038;p=4308"},"modified":"2024-03-06T10:18:44","modified_gmt":"2024-03-06T10:18:44","slug":"papira-locisanas-iekarta-cfm-600","status":"publish","type":"product","link":"https:\/\/wmtbaltic.lv\/en\/product\/papira-locisanas-iekarta-cfm-600\/","title":{"rendered":"CYKLOS Pap\u012bra loc\u012b\u0161anas iek\u0101rta CFM 600"},"content":{"rendered":"<div>\n<p class=\"western\" lang=\"lv-LV\"><span style=\"font-family: Verdana, sans-serif;\"><span style=\"font-size: medium;\"><b>Pap\u012bra loc\u012b\u0161anas iek\u0101rta CFM 600<\/b><\/span><\/span><\/p>\n<p>Efekt\u012bva ier\u012bce pap\u012bra loc\u012b\u0161anai l\u012bdz par A3 izm\u0113ram. Viegli lietojama ier\u012bce, kas \u013cauj saloc\u012bt loksnes se\u0161os da\u017e\u0101dos veidos. Sal\u012bdzin\u0101jum\u0101 ar CFM 500, CFM 600 ir apr\u012bkots ar vair\u0101k funkcij\u0101m, piem\u0113ram tr\u016bksto\u0161\u0101 pap\u012bra indikatoru.<\/p>\n<p>-Iztur\u012bga met\u0101la konstrukcija<br \/>\n-Autom\u0101tiska lapu pado\u0161anas sist\u0113ma<br \/>\n-Autom\u0101tiska pap\u012bra biezuma regul\u0113\u0161ana<br \/>\n-Vienk\u0101r\u0161a pap\u012bra izm\u0113ra nomai\u0146a<br \/>\n-Aptur\u0113\u0161anas funkcija<br \/>\n-Var ievietot l\u012bdz pat 300 loksn\u0113m<br \/>\n-Tr\u016bksto\u0161a pap\u012bra indikators<br \/>\n-Vari\u0113jama \u0101truma kontrole<br \/>\n-Viegli lietojams<\/p>\n<p>\u0100trums 70-120 A4 loksnes\/min.<br \/>\nForm\u0101ts A3, A4, A5<br \/>\nLok\u0161\u0146u svars 80-160 g\/m2<br \/>\nIevietojamo lok\u0161\u0146u skaits 300 loksnes (80g\/m2)<br \/>\nIzm\u0113ri 770 x 445 x 490 mm<br \/>\nSvars 23 Kg<\/p>\n<p>Spriegums\/ Frekvence 230 V \/ 50 Hz<\/p>\n<p>&nbsp;<\/p>\n<p><a href=\"http:\/\/wmtbaltic.lv\/wp-content\/uploads\/2021\/01\/leaflet_cfm_600.pdf\">TEHNISKAIS APRAKSTS<\/a><\/p>\n<\/div>\n<p>&nbsp;<\/p>\n<iframe loading=\"lazy\"  id=\"_ytid_71200\"  width=\"780\" height=\"439\"  data-origwidth=\"780\" data-origheight=\"439\" src=\"https:\/\/www.youtube.com\/embed\/L1q1qYv3sVA?enablejsapi=1&autoplay=0&cc_load_policy=0&cc_lang_pref=&iv_load_policy=1&loop=0&rel=1&fs=1&playsinline=0&autohide=2&theme=dark&color=red&controls=1&disablekb=0&\" class=\"__youtube_prefs__  no-lazyload\" title=\"YouTube player\"  allow=\"fullscreen; accelerometer; autoplay; clipboard-write; encrypted-media; gyroscope; picture-in-picture; web-share\" referrerpolicy=\"strict-origin-when-cross-origin\" allowfullscreen data-no-lazy=\"1\" data-skipgform_ajax_framebjll=\"\"><\/iframe>\n<div>\n<p>&nbsp;<\/p>\n<\/div>\n<p><span style=\"color: #666666; font-size: small;\">S\u012bk\u0101ka inform\u0101cija:<\/span><\/p>\n<p><span style=\"color: #666666; font-size: small;\">e-mail: info@<\/span><a href=\"mailto:info@signmaker.lv\"><span style=\"color: #666666; font-size: small;\">signmaker.lv<\/span><\/a><\/p>\n<p>&nbsp;<\/p>\n","protected":false},"excerpt":{"rendered":"Pap\u012bra loc\u012b\u0161anas iek\u0101rta CFM 600 Efekt\u012bva ier\u012bce pap\u012bra loc\u012b\u0161anai l\u012bdz par A3 izm\u0113ram. Viegli lietojama ier\u012bce, kas \u013cauj saloc\u012bt loksnes se\u0161os da\u017e\u0101dos veidos. Sal\u012bdzin\u0101jum\u0101 ar CFM 500, CFM 600 ir apr\u012bkots ar vair\u0101k funkcij\u0101m, piem\u0113ram tr\u016bksto\u0161\u0101 pap\u012bra indikatoru. -Iztur\u012bga met\u0101la konstrukcija -Autom\u0101tiska lapu pado\u0161anas sist\u0113ma -Autom\u0101tiska pap\u012bra biezuma regul\u0113\u0161ana -Vienk\u0101r\u0161a pap\u012bra izm\u0113ra nomai\u0146a -Aptur\u0113\u0161anas funkcija [...]","protected":false},"featured_media":4309,"template":"","meta":[],"product_brand":[],"product_cat":[426],"product_tag":[491,490,489],"class_list":{"0":"post-4308","1":"product","2":"type-product","3":"status-publish","4":"has-post-thumbnail","6":"product_cat-cyklos","7":"product_tag-iekarta","8":"product_tag-locisana","9":"product_tag-papira-locisana","11":"first","12":"instock","13":"shipping-taxable","14":"purchasable","15":"product-type-simple"},"yoast_head":"<!-- This site is optimized with the Yoast SEO plugin v27.4 - https:\/\/yoast.com\/product\/yoast-seo-wordpress\/ -->\n<title>Pap\u012bra loc\u012b\u0161anas iek\u0101rta CFM 600 p\u0113c pas\u016bt\u012bjuma R\u012bg\u0101<\/title>\n<meta name=\"robots\" content=\"index, follow, max-snippet:-1, max-image-preview:large, max-video-preview:-1\" \/>\n<link rel=\"canonical\" href=\"https:\/\/wmtbaltic.lv\/Produkts\/papira-locisanas-iekarta-cfm-600\/\" \/>\n<meta property=\"og:locale\" content=\"en_US\" \/>\n<meta property=\"og:type\" content=\"article\" \/>\n<meta property=\"og:title\" content=\"Pap\u012bra loc\u012b\u0161anas iek\u0101rta CFM 600 p\u0113c pas\u016bt\u012bjuma R\u012bg\u0101\" \/>\n<meta property=\"og:url\" content=\"https:\/\/wmtbaltic.lv\/Produkts\/papira-locisanas-iekarta-cfm-600\/\" \/>\n<meta property=\"og:site_name\" content=\"WMT Baltic\" \/>\n<meta property=\"article:publisher\" content=\"https:\/\/www.facebook.com\/WMT.Baltic.viscom\/?locale=lv_LV\" \/>\n<meta property=\"article:modified_time\" content=\"2024-03-06T10:18:44+00:00\" \/>\n<meta property=\"og:image\" content=\"http:\/\/wmtbaltic.lv\/wp-content\/uploads\/2021\/01\/Paper-Folder-CFM-600.jpg\" \/>\n\t<meta property=\"og:image:width\" content=\"600\" \/>\n\t<meta property=\"og:image:height\" content=\"511\" \/>\n\t<meta property=\"og:image:type\" content=\"image\/jpeg\" \/>\n<meta name=\"twitter:card\" content=\"summary_large_image\" \/>\n<meta name=\"twitter:label1\" content=\"Est. reading time\" \/>\n\t<meta name=\"twitter:data1\" content=\"1 minute\" \/>\n<script type=\"application\/ld+json\" class=\"yoast-schema-graph\">{\"@context\":\"https:\\\/\\\/schema.org\",\"@graph\":[{\"@type\":\"WebPage\",\"@id\":\"https:\\\/\\\/wmtbaltic.lv\\\/Produkts\\\/papira-locisanas-iekarta-cfm-600\\\/\",\"url\":\"https:\\\/\\\/wmtbaltic.lv\\\/Produkts\\\/papira-locisanas-iekarta-cfm-600\\\/\",\"name\":\"Pap\u012bra loc\u012b\u0161anas iek\u0101rta CFM 600 p\u0113c pas\u016bt\u012bjuma R\u012bg\u0101\",\"isPartOf\":{\"@id\":\"https:\\\/\\\/wmtbaltic.lv\\\/#website\"},\"primaryImageOfPage\":{\"@id\":\"https:\\\/\\\/wmtbaltic.lv\\\/Produkts\\\/papira-locisanas-iekarta-cfm-600\\\/#primaryimage\"},\"image\":{\"@id\":\"https:\\\/\\\/wmtbaltic.lv\\\/Produkts\\\/papira-locisanas-iekarta-cfm-600\\\/#primaryimage\"},\"thumbnailUrl\":\"https:\\\/\\\/wmtbaltic.lv\\\/wp-content\\\/uploads\\\/2021\\\/01\\\/Paper-Folder-CFM-600.jpg\",\"datePublished\":\"2021-01-19T14:51:45+00:00\",\"dateModified\":\"2024-03-06T10:18:44+00:00\",\"breadcrumb\":{\"@id\":\"https:\\\/\\\/wmtbaltic.lv\\\/Produkts\\\/papira-locisanas-iekarta-cfm-600\\\/#breadcrumb\"},\"inLanguage\":\"en-US\",\"potentialAction\":[{\"@type\":\"ReadAction\",\"target\":[\"https:\\\/\\\/wmtbaltic.lv\\\/Produkts\\\/papira-locisanas-iekarta-cfm-600\\\/\"]}]},{\"@type\":\"ImageObject\",\"inLanguage\":\"en-US\",\"@id\":\"https:\\\/\\\/wmtbaltic.lv\\\/Produkts\\\/papira-locisanas-iekarta-cfm-600\\\/#primaryimage\",\"url\":\"https:\\\/\\\/wmtbaltic.lv\\\/wp-content\\\/uploads\\\/2021\\\/01\\\/Paper-Folder-CFM-600.jpg\",\"contentUrl\":\"https:\\\/\\\/wmtbaltic.lv\\\/wp-content\\\/uploads\\\/2021\\\/01\\\/Paper-Folder-CFM-600.jpg\",\"width\":600,\"height\":511},{\"@type\":\"BreadcrumbList\",\"@id\":\"https:\\\/\\\/wmtbaltic.lv\\\/Produkts\\\/papira-locisanas-iekarta-cfm-600\\\/#breadcrumb\",\"itemListElement\":[{\"@type\":\"ListItem\",\"position\":1,\"name\":\"Home\",\"item\":\"https:\\\/\\\/wmtbaltic.lv\\\/en\\\/\"},{\"@type\":\"ListItem\",\"position\":2,\"name\":\"Shop\",\"item\":\"https:\\\/\\\/wmtbaltic.lv\\\/shop\\\/\"},{\"@type\":\"ListItem\",\"position\":3,\"name\":\"CYKLOS Pap\u012bra loc\u012b\u0161anas iek\u0101rta CFM 600\"}]},{\"@type\":\"WebSite\",\"@id\":\"https:\\\/\\\/wmtbaltic.lv\\\/#website\",\"url\":\"https:\\\/\\\/wmtbaltic.lv\\\/\",\"name\":\"WMT Baltic\",\"description\":\"Rekl\u0101mas produkti, pl\u0113ves\",\"publisher\":{\"@id\":\"https:\\\/\\\/wmtbaltic.lv\\\/#organization\"},\"potentialAction\":[{\"@type\":\"SearchAction\",\"target\":{\"@type\":\"EntryPoint\",\"urlTemplate\":\"https:\\\/\\\/wmtbaltic.lv\\\/?s={search_term_string}\"},\"query-input\":{\"@type\":\"PropertyValueSpecification\",\"valueRequired\":true,\"valueName\":\"search_term_string\"}}],\"inLanguage\":\"en-US\"},{\"@type\":\"Organization\",\"@id\":\"https:\\\/\\\/wmtbaltic.lv\\\/#organization\",\"name\":\"WMT Baltic\",\"url\":\"https:\\\/\\\/wmtbaltic.lv\\\/\",\"logo\":{\"@type\":\"ImageObject\",\"inLanguage\":\"en-US\",\"@id\":\"https:\\\/\\\/wmtbaltic.lv\\\/#\\\/schema\\\/logo\\\/image\\\/\",\"url\":\"https:\\\/\\\/wmtbaltic.lv\\\/wp-content\\\/uploads\\\/2024\\\/12\\\/wmt-baltic-sia_107142_9_420x180.jpg\",\"contentUrl\":\"https:\\\/\\\/wmtbaltic.lv\\\/wp-content\\\/uploads\\\/2024\\\/12\\\/wmt-baltic-sia_107142_9_420x180.jpg\",\"width\":420,\"height\":180,\"caption\":\"WMT Baltic\"},\"image\":{\"@id\":\"https:\\\/\\\/wmtbaltic.lv\\\/#\\\/schema\\\/logo\\\/image\\\/\"},\"sameAs\":[\"https:\\\/\\\/www.facebook.com\\\/WMT.Baltic.viscom\\\/?locale=lv_LV\",\"https:\\\/\\\/www.instagram.com\\\/viscom_wmt\\\/\"]}]}<\/script>\n<!-- \/ Yoast SEO plugin. -->","yoast_head_json":{"title":"Pap\u012bra loc\u012b\u0161anas iek\u0101rta CFM 600 p\u0113c pas\u016bt\u012bjuma R\u012bg\u0101","robots":{"index":"index","follow":"follow","max-snippet":"max-snippet:-1","max-image-preview":"max-image-preview:large","max-video-preview":"max-video-preview:-1"},"canonical":"https:\/\/wmtbaltic.lv\/Produkts\/papira-locisanas-iekarta-cfm-600\/","og_locale":"en_US","og_type":"article","og_title":"Pap\u012bra loc\u012b\u0161anas iek\u0101rta CFM 600 p\u0113c pas\u016bt\u012bjuma R\u012bg\u0101","og_url":"https:\/\/wmtbaltic.lv\/Produkts\/papira-locisanas-iekarta-cfm-600\/","og_site_name":"WMT Baltic","article_publisher":"https:\/\/www.facebook.com\/WMT.Baltic.viscom\/?locale=lv_LV","article_modified_time":"2024-03-06T10:18:44+00:00","og_image":[{"width":600,"height":511,"url":"http:\/\/wmtbaltic.lv\/wp-content\/uploads\/2021\/01\/Paper-Folder-CFM-600.jpg","type":"image\/jpeg"}],"twitter_card":"summary_large_image","twitter_misc":{"Est. reading time":"1 minute"},"schema":{"@context":"https:\/\/schema.org","@graph":[{"@type":"WebPage","@id":"https:\/\/wmtbaltic.lv\/Produkts\/papira-locisanas-iekarta-cfm-600\/","url":"https:\/\/wmtbaltic.lv\/Produkts\/papira-locisanas-iekarta-cfm-600\/","name":"Pap\u012bra loc\u012b\u0161anas iek\u0101rta CFM 600 p\u0113c pas\u016bt\u012bjuma R\u012bg\u0101","isPartOf":{"@id":"https:\/\/wmtbaltic.lv\/#website"},"primaryImageOfPage":{"@id":"https:\/\/wmtbaltic.lv\/Produkts\/papira-locisanas-iekarta-cfm-600\/#primaryimage"},"image":{"@id":"https:\/\/wmtbaltic.lv\/Produkts\/papira-locisanas-iekarta-cfm-600\/#primaryimage"},"thumbnailUrl":"https:\/\/wmtbaltic.lv\/wp-content\/uploads\/2021\/01\/Paper-Folder-CFM-600.jpg","datePublished":"2021-01-19T14:51:45+00:00","dateModified":"2024-03-06T10:18:44+00:00","breadcrumb":{"@id":"https:\/\/wmtbaltic.lv\/Produkts\/papira-locisanas-iekarta-cfm-600\/#breadcrumb"},"inLanguage":"en-US","potentialAction":[{"@type":"ReadAction","target":["https:\/\/wmtbaltic.lv\/Produkts\/papira-locisanas-iekarta-cfm-600\/"]}]},{"@type":"ImageObject","inLanguage":"en-US","@id":"https:\/\/wmtbaltic.lv\/Produkts\/papira-locisanas-iekarta-cfm-600\/#primaryimage","url":"https:\/\/wmtbaltic.lv\/wp-content\/uploads\/2021\/01\/Paper-Folder-CFM-600.jpg","contentUrl":"https:\/\/wmtbaltic.lv\/wp-content\/uploads\/2021\/01\/Paper-Folder-CFM-600.jpg","width":600,"height":511},{"@type":"BreadcrumbList","@id":"https:\/\/wmtbaltic.lv\/Produkts\/papira-locisanas-iekarta-cfm-600\/#breadcrumb","itemListElement":[{"@type":"ListItem","position":1,"name":"Home","item":"https:\/\/wmtbaltic.lv\/en\/"},{"@type":"ListItem","position":2,"name":"Shop","item":"https:\/\/wmtbaltic.lv\/shop\/"},{"@type":"ListItem","position":3,"name":"CYKLOS Pap\u012bra loc\u012b\u0161anas iek\u0101rta CFM 600"}]},{"@type":"WebSite","@id":"https:\/\/wmtbaltic.lv\/#website","url":"https:\/\/wmtbaltic.lv\/","name":"WMT Baltic","description":"Rekl\u0101mas produkti, pl\u0113ves","publisher":{"@id":"https:\/\/wmtbaltic.lv\/#organization"},"potentialAction":[{"@type":"SearchAction","target":{"@type":"EntryPoint","urlTemplate":"https:\/\/wmtbaltic.lv\/?s={search_term_string}"},"query-input":{"@type":"PropertyValueSpecification","valueRequired":true,"valueName":"search_term_string"}}],"inLanguage":"en-US"},{"@type":"Organization","@id":"https:\/\/wmtbaltic.lv\/#organization","name":"WMT Baltic","url":"https:\/\/wmtbaltic.lv\/","logo":{"@type":"ImageObject","inLanguage":"en-US","@id":"https:\/\/wmtbaltic.lv\/#\/schema\/logo\/image\/","url":"https:\/\/wmtbaltic.lv\/wp-content\/uploads\/2024\/12\/wmt-baltic-sia_107142_9_420x180.jpg","contentUrl":"https:\/\/wmtbaltic.lv\/wp-content\/uploads\/2024\/12\/wmt-baltic-sia_107142_9_420x180.jpg","width":420,"height":180,"caption":"WMT Baltic"},"image":{"@id":"https:\/\/wmtbaltic.lv\/#\/schema\/logo\/image\/"},"sameAs":["https:\/\/www.facebook.com\/WMT.Baltic.viscom\/?locale=lv_LV","https:\/\/www.instagram.com\/viscom_wmt\/"]}]}},"_links":{"self":[{"href":"https:\/\/wmtbaltic.lv\/en\/wp-json\/wp\/v2\/product\/4308","targetHints":{"allow":["GET"]}}],"collection":[{"href":"https:\/\/wmtbaltic.lv\/en\/wp-json\/wp\/v2\/product"}],"about":[{"href":"https:\/\/wmtbaltic.lv\/en\/wp-json\/wp\/v2\/types\/product"}],"wp:featuredmedia":[{"embeddable":true,"href":"https:\/\/wmtbaltic.lv\/en\/wp-json\/wp\/v2\/media\/4309"}],"wp:attachment":[{"href":"https:\/\/wmtbaltic.lv\/en\/wp-json\/wp\/v2\/media?parent=4308"}],"wp:term":[{"taxonomy":"product_brand","embeddable":true,"href":"https:\/\/wmtbaltic.lv\/en\/wp-json\/wp\/v2\/product_brand?post=4308"},{"taxonomy":"product_cat","embeddable":true,"href":"https:\/\/wmtbaltic.lv\/en\/wp-json\/wp\/v2\/product_cat?post=4308"},{"taxonomy":"product_tag","embeddable":true,"href":"https:\/\/wmtbaltic.lv\/en\/wp-json\/wp\/v2\/product_tag?post=4308"}],"curies":[{"name":"wp","href":"https:\/\/api.w.org\/{rel}","templated":true}]}}