{"id":4259,"date":"2021-01-15T10:37:03","date_gmt":"2021-01-15T10:37:03","guid":{"rendered":"http:\/\/wmtbaltic.lv\/?post_type=product&#038;p=4259"},"modified":"2021-01-15T10:38:29","modified_gmt":"2021-01-15T10:38:29","slug":"nazis-olfa-18mm-l-5","status":"publish","type":"product","link":"https:\/\/wmtbaltic.lv\/en\/product\/nazis-olfa-18mm-l-5\/","title":{"rendered":"Nazis OLFA 18mm L-5"},"content":{"rendered":"<p>Na\u017ea vadotnes izgatavotas no ner\u016bs\u0113jo\u0161\u0101 t\u0113rauda.<\/p>\n<p>Asme\u0146a fiks\u0101cijas meh\u0101nisms &#8211; skr\u016bvveida ar ritenti\u0146u, \u00a0kur\u0161 regul\u0113\u00a0fiks\u0101cijas sp\u0113ku.<\/p>\n<p>Gumijas rokturis Comfort Grip \u2013 m\u012bksts un iztur\u012bgs pret sk\u0101b\u0113m, acetonu, \u0161\u0137\u012bdin\u0101t\u0101jiem un e\u013c\u013c\u0101m.<\/p>\n<p>Roktura gal\u0101 ir caurums stri\u0137a stiprin\u0101\u0161anai un stingra t\u0113rauda l\u0101psti\u0146a, ar kuras pal\u012bdz\u012bbu jus varat viegli atv\u0113rt kr\u0101sas bund\u017eu vai attais\u012bt skavas.<\/p>\n<p>Nazim ir GS (Gepr\u00fcfte Sicherheit) sertifik\u0101ts , saska\u0146\u0101 ar V\u0101cijas instrumentu dro\u0161\u012bbas test\u0113\u0161anas noteikumiem.<\/p>\n<p>Asmenis 18mm.<\/p>\n","protected":false},"excerpt":{"rendered":"Na\u017ea vadotnes izgatavotas no ner\u016bs\u0113jo\u0161\u0101 t\u0113rauda. Asme\u0146a fiks\u0101cijas meh\u0101nisms - skr\u016bvveida ar ritenti\u0146u, \u00a0kur\u0161 regul\u0113\u00a0fiks\u0101cijas sp\u0113ku. Gumijas rokturis Comfort Grip \u2013 m\u012bksts un iztur\u012bgs pret sk\u0101b\u0113m, acetonu, \u0161\u0137\u012bdin\u0101t\u0101jiem un e\u013c\u013c\u0101m. Roktura gal\u0101 ir caurums stri\u0137a stiprin\u0101\u0161anai un stingra t\u0113rauda l\u0101psti\u0146a, ar kuras pal\u012bdz\u012bbu jus varat viegli atv\u0113rt kr\u0101sas bund\u017eu vai attais\u012bt skavas. Nazim ir GS [...]","protected":false},"featured_media":4260,"template":"","meta":[],"product_brand":[],"product_cat":[206],"product_tag":[342,470,461,462],"class_list":{"0":"post-4259","1":"product","2":"type-product","3":"status-publish","4":"has-post-thumbnail","6":"product_cat-nazi","7":"product_tag-instrumenti","8":"product_tag-nazi-un-asmeni","9":"product_tag-nazis","10":"product_tag-pleves-griesana","12":"first","13":"instock","14":"shipping-taxable","15":"purchasable","16":"product-type-simple"},"yoast_head":"<!-- This site is optimized with the Yoast SEO plugin v27.4 - https:\/\/yoast.com\/product\/yoast-seo-wordpress\/ -->\n<title>Nazis OLFA 18mm L-5 noliktav\u0101 R\u012bg\u0101<\/title>\n<meta name=\"robots\" content=\"index, follow, max-snippet:-1, max-image-preview:large, max-video-preview:-1\" \/>\n<link rel=\"canonical\" href=\"https:\/\/wmtbaltic.lv\/Produkts\/nazis-olfa-18mm-l-5\/\" \/>\n<meta property=\"og:locale\" content=\"en_US\" \/>\n<meta property=\"og:type\" content=\"article\" \/>\n<meta property=\"og:title\" content=\"Nazis OLFA 18mm L-5 noliktav\u0101 R\u012bg\u0101\" \/>\n<meta property=\"og:url\" content=\"https:\/\/wmtbaltic.lv\/Produkts\/nazis-olfa-18mm-l-5\/\" \/>\n<meta property=\"og:site_name\" content=\"WMT Baltic\" \/>\n<meta property=\"article:publisher\" content=\"https:\/\/www.facebook.com\/WMT.Baltic.viscom\/?locale=lv_LV\" \/>\n<meta property=\"article:modified_time\" content=\"2021-01-15T10:38:29+00:00\" \/>\n<meta property=\"og:image\" content=\"https:\/\/wmtbaltic.lv\/wp-content\/uploads\/2021\/01\/Olfa-l-5.png\" \/>\n\t<meta property=\"og:image:width\" content=\"605\" \/>\n\t<meta property=\"og:image:height\" content=\"528\" \/>\n\t<meta property=\"og:image:type\" content=\"image\/png\" \/>\n<meta name=\"twitter:card\" content=\"summary_large_image\" \/>\n<meta name=\"twitter:label1\" content=\"Est. reading time\" \/>\n\t<meta name=\"twitter:data1\" content=\"1 minute\" \/>\n<script type=\"application\/ld+json\" class=\"yoast-schema-graph\">{\"@context\":\"https:\\\/\\\/schema.org\",\"@graph\":[{\"@type\":\"WebPage\",\"@id\":\"https:\\\/\\\/wmtbaltic.lv\\\/Produkts\\\/nazis-olfa-18mm-l-5\\\/\",\"url\":\"https:\\\/\\\/wmtbaltic.lv\\\/Produkts\\\/nazis-olfa-18mm-l-5\\\/\",\"name\":\"Nazis OLFA 18mm L-5 noliktav\u0101 R\u012bg\u0101\",\"isPartOf\":{\"@id\":\"https:\\\/\\\/wmtbaltic.lv\\\/#website\"},\"primaryImageOfPage\":{\"@id\":\"https:\\\/\\\/wmtbaltic.lv\\\/Produkts\\\/nazis-olfa-18mm-l-5\\\/#primaryimage\"},\"image\":{\"@id\":\"https:\\\/\\\/wmtbaltic.lv\\\/Produkts\\\/nazis-olfa-18mm-l-5\\\/#primaryimage\"},\"thumbnailUrl\":\"https:\\\/\\\/wmtbaltic.lv\\\/wp-content\\\/uploads\\\/2021\\\/01\\\/Olfa-l-5.png\",\"datePublished\":\"2021-01-15T10:37:03+00:00\",\"dateModified\":\"2021-01-15T10:38:29+00:00\",\"breadcrumb\":{\"@id\":\"https:\\\/\\\/wmtbaltic.lv\\\/Produkts\\\/nazis-olfa-18mm-l-5\\\/#breadcrumb\"},\"inLanguage\":\"en-US\",\"potentialAction\":[{\"@type\":\"ReadAction\",\"target\":[\"https:\\\/\\\/wmtbaltic.lv\\\/Produkts\\\/nazis-olfa-18mm-l-5\\\/\"]}]},{\"@type\":\"ImageObject\",\"inLanguage\":\"en-US\",\"@id\":\"https:\\\/\\\/wmtbaltic.lv\\\/Produkts\\\/nazis-olfa-18mm-l-5\\\/#primaryimage\",\"url\":\"https:\\\/\\\/wmtbaltic.lv\\\/wp-content\\\/uploads\\\/2021\\\/01\\\/Olfa-l-5.png\",\"contentUrl\":\"https:\\\/\\\/wmtbaltic.lv\\\/wp-content\\\/uploads\\\/2021\\\/01\\\/Olfa-l-5.png\",\"width\":605,\"height\":528},{\"@type\":\"BreadcrumbList\",\"@id\":\"https:\\\/\\\/wmtbaltic.lv\\\/Produkts\\\/nazis-olfa-18mm-l-5\\\/#breadcrumb\",\"itemListElement\":[{\"@type\":\"ListItem\",\"position\":1,\"name\":\"Home\",\"item\":\"https:\\\/\\\/wmtbaltic.lv\\\/en\\\/\"},{\"@type\":\"ListItem\",\"position\":2,\"name\":\"Shop\",\"item\":\"https:\\\/\\\/wmtbaltic.lv\\\/shop\\\/\"},{\"@type\":\"ListItem\",\"position\":3,\"name\":\"Nazis OLFA 18mm L-5\"}]},{\"@type\":\"WebSite\",\"@id\":\"https:\\\/\\\/wmtbaltic.lv\\\/#website\",\"url\":\"https:\\\/\\\/wmtbaltic.lv\\\/\",\"name\":\"WMT Baltic\",\"description\":\"Rekl\u0101mas produkti, pl\u0113ves\",\"publisher\":{\"@id\":\"https:\\\/\\\/wmtbaltic.lv\\\/#organization\"},\"potentialAction\":[{\"@type\":\"SearchAction\",\"target\":{\"@type\":\"EntryPoint\",\"urlTemplate\":\"https:\\\/\\\/wmtbaltic.lv\\\/?s={search_term_string}\"},\"query-input\":{\"@type\":\"PropertyValueSpecification\",\"valueRequired\":true,\"valueName\":\"search_term_string\"}}],\"inLanguage\":\"en-US\"},{\"@type\":\"Organization\",\"@id\":\"https:\\\/\\\/wmtbaltic.lv\\\/#organization\",\"name\":\"WMT Baltic\",\"url\":\"https:\\\/\\\/wmtbaltic.lv\\\/\",\"logo\":{\"@type\":\"ImageObject\",\"inLanguage\":\"en-US\",\"@id\":\"https:\\\/\\\/wmtbaltic.lv\\\/#\\\/schema\\\/logo\\\/image\\\/\",\"url\":\"https:\\\/\\\/wmtbaltic.lv\\\/wp-content\\\/uploads\\\/2024\\\/12\\\/wmt-baltic-sia_107142_9_420x180.jpg\",\"contentUrl\":\"https:\\\/\\\/wmtbaltic.lv\\\/wp-content\\\/uploads\\\/2024\\\/12\\\/wmt-baltic-sia_107142_9_420x180.jpg\",\"width\":420,\"height\":180,\"caption\":\"WMT Baltic\"},\"image\":{\"@id\":\"https:\\\/\\\/wmtbaltic.lv\\\/#\\\/schema\\\/logo\\\/image\\\/\"},\"sameAs\":[\"https:\\\/\\\/www.facebook.com\\\/WMT.Baltic.viscom\\\/?locale=lv_LV\",\"https:\\\/\\\/www.instagram.com\\\/viscom_wmt\\\/\"]}]}<\/script>\n<!-- \/ Yoast SEO plugin. -->","yoast_head_json":{"title":"Nazis OLFA 18mm L-5 noliktav\u0101 R\u012bg\u0101","robots":{"index":"index","follow":"follow","max-snippet":"max-snippet:-1","max-image-preview":"max-image-preview:large","max-video-preview":"max-video-preview:-1"},"canonical":"https:\/\/wmtbaltic.lv\/Produkts\/nazis-olfa-18mm-l-5\/","og_locale":"en_US","og_type":"article","og_title":"Nazis OLFA 18mm L-5 noliktav\u0101 R\u012bg\u0101","og_url":"https:\/\/wmtbaltic.lv\/Produkts\/nazis-olfa-18mm-l-5\/","og_site_name":"WMT Baltic","article_publisher":"https:\/\/www.facebook.com\/WMT.Baltic.viscom\/?locale=lv_LV","article_modified_time":"2021-01-15T10:38:29+00:00","og_image":[{"width":605,"height":528,"url":"https:\/\/wmtbaltic.lv\/wp-content\/uploads\/2021\/01\/Olfa-l-5.png","type":"image\/png"}],"twitter_card":"summary_large_image","twitter_misc":{"Est. reading time":"1 minute"},"schema":{"@context":"https:\/\/schema.org","@graph":[{"@type":"WebPage","@id":"https:\/\/wmtbaltic.lv\/Produkts\/nazis-olfa-18mm-l-5\/","url":"https:\/\/wmtbaltic.lv\/Produkts\/nazis-olfa-18mm-l-5\/","name":"Nazis OLFA 18mm L-5 noliktav\u0101 R\u012bg\u0101","isPartOf":{"@id":"https:\/\/wmtbaltic.lv\/#website"},"primaryImageOfPage":{"@id":"https:\/\/wmtbaltic.lv\/Produkts\/nazis-olfa-18mm-l-5\/#primaryimage"},"image":{"@id":"https:\/\/wmtbaltic.lv\/Produkts\/nazis-olfa-18mm-l-5\/#primaryimage"},"thumbnailUrl":"https:\/\/wmtbaltic.lv\/wp-content\/uploads\/2021\/01\/Olfa-l-5.png","datePublished":"2021-01-15T10:37:03+00:00","dateModified":"2021-01-15T10:38:29+00:00","breadcrumb":{"@id":"https:\/\/wmtbaltic.lv\/Produkts\/nazis-olfa-18mm-l-5\/#breadcrumb"},"inLanguage":"en-US","potentialAction":[{"@type":"ReadAction","target":["https:\/\/wmtbaltic.lv\/Produkts\/nazis-olfa-18mm-l-5\/"]}]},{"@type":"ImageObject","inLanguage":"en-US","@id":"https:\/\/wmtbaltic.lv\/Produkts\/nazis-olfa-18mm-l-5\/#primaryimage","url":"https:\/\/wmtbaltic.lv\/wp-content\/uploads\/2021\/01\/Olfa-l-5.png","contentUrl":"https:\/\/wmtbaltic.lv\/wp-content\/uploads\/2021\/01\/Olfa-l-5.png","width":605,"height":528},{"@type":"BreadcrumbList","@id":"https:\/\/wmtbaltic.lv\/Produkts\/nazis-olfa-18mm-l-5\/#breadcrumb","itemListElement":[{"@type":"ListItem","position":1,"name":"Home","item":"https:\/\/wmtbaltic.lv\/en\/"},{"@type":"ListItem","position":2,"name":"Shop","item":"https:\/\/wmtbaltic.lv\/shop\/"},{"@type":"ListItem","position":3,"name":"Nazis OLFA 18mm L-5"}]},{"@type":"WebSite","@id":"https:\/\/wmtbaltic.lv\/#website","url":"https:\/\/wmtbaltic.lv\/","name":"WMT Baltic","description":"Rekl\u0101mas produkti, pl\u0113ves","publisher":{"@id":"https:\/\/wmtbaltic.lv\/#organization"},"potentialAction":[{"@type":"SearchAction","target":{"@type":"EntryPoint","urlTemplate":"https:\/\/wmtbaltic.lv\/?s={search_term_string}"},"query-input":{"@type":"PropertyValueSpecification","valueRequired":true,"valueName":"search_term_string"}}],"inLanguage":"en-US"},{"@type":"Organization","@id":"https:\/\/wmtbaltic.lv\/#organization","name":"WMT Baltic","url":"https:\/\/wmtbaltic.lv\/","logo":{"@type":"ImageObject","inLanguage":"en-US","@id":"https:\/\/wmtbaltic.lv\/#\/schema\/logo\/image\/","url":"https:\/\/wmtbaltic.lv\/wp-content\/uploads\/2024\/12\/wmt-baltic-sia_107142_9_420x180.jpg","contentUrl":"https:\/\/wmtbaltic.lv\/wp-content\/uploads\/2024\/12\/wmt-baltic-sia_107142_9_420x180.jpg","width":420,"height":180,"caption":"WMT Baltic"},"image":{"@id":"https:\/\/wmtbaltic.lv\/#\/schema\/logo\/image\/"},"sameAs":["https:\/\/www.facebook.com\/WMT.Baltic.viscom\/?locale=lv_LV","https:\/\/www.instagram.com\/viscom_wmt\/"]}]}},"_links":{"self":[{"href":"https:\/\/wmtbaltic.lv\/en\/wp-json\/wp\/v2\/product\/4259","targetHints":{"allow":["GET"]}}],"collection":[{"href":"https:\/\/wmtbaltic.lv\/en\/wp-json\/wp\/v2\/product"}],"about":[{"href":"https:\/\/wmtbaltic.lv\/en\/wp-json\/wp\/v2\/types\/product"}],"wp:featuredmedia":[{"embeddable":true,"href":"https:\/\/wmtbaltic.lv\/en\/wp-json\/wp\/v2\/media\/4260"}],"wp:attachment":[{"href":"https:\/\/wmtbaltic.lv\/en\/wp-json\/wp\/v2\/media?parent=4259"}],"wp:term":[{"taxonomy":"product_brand","embeddable":true,"href":"https:\/\/wmtbaltic.lv\/en\/wp-json\/wp\/v2\/product_brand?post=4259"},{"taxonomy":"product_cat","embeddable":true,"href":"https:\/\/wmtbaltic.lv\/en\/wp-json\/wp\/v2\/product_cat?post=4259"},{"taxonomy":"product_tag","embeddable":true,"href":"https:\/\/wmtbaltic.lv\/en\/wp-json\/wp\/v2\/product_tag?post=4259"}],"curies":[{"name":"wp","href":"https:\/\/api.w.org\/{rel}","templated":true}]}}