{"id":3942,"date":"2021-01-11T15:59:25","date_gmt":"2021-01-11T15:59:25","guid":{"rendered":"http:\/\/wmtbaltic.lv\/?post_type=product&#038;p=3942"},"modified":"2024-02-28T11:13:37","modified_gmt":"2024-02-28T11:13:37","slug":"balta-kruzite-balta-kruzite-noliktava-riga","status":"publish","type":"product","link":"https:\/\/wmtbaltic.lv\/en\/product\/balta-kruzite-balta-kruzite-noliktava-riga\/","title":{"rendered":"Balt\u0101 kr\u016bz\u012bte"},"content":{"rendered":"<p>Balt\u0101 glanc\u0113ta kr\u016bze ar speci\u0101lu p\u0101rkl\u0101jumu, kas piem\u0113rots sublim\u0101cijas apdrukai.<\/p>\n<p>Diametrs: 80 mm<\/p>\n<p>Augstums: 90 mm<\/p>\n<p>Tilpums: 11 Oz<\/p>\n<p><strong>Pas\u016btot kasti (36gab.) ir atlaide.<\/strong><\/p>\n<p>*Apdruk\u0101t\u0101s kr\u016bz\u012btes var mazg\u0101t trauku mazg\u0101jam\u0101 ma\u0161\u012bn\u0101, k\u0101 ar\u012b ievietot mikrovi\u013c\u0146u kr\u0101sn\u012b.<\/p>\n<p>&nbsp;<\/p>\n","protected":false},"excerpt":{"rendered":"Balt\u0101 glanc\u0113ta kr\u016bze ar speci\u0101lu p\u0101rkl\u0101jumu, kas piem\u0113rots sublim\u0101cijas apdrukai. Diametrs: 80 mm Augstums: 90 mm Tilpums: 11 Oz Pas\u016btot kasti (36gab.) ir atlaide. *Apdruk\u0101t\u0101s kr\u016bz\u012btes var mazg\u0101t trauku mazg\u0101jam\u0101 ma\u0161\u012bn\u0101, k\u0101 ar\u012b ievietot mikrovi\u013c\u0146u kr\u0101sn\u012b. &nbsp;","protected":false},"featured_media":3943,"comment_status":"closed","ping_status":"closed","template":"","meta":[],"product_brand":[],"product_cat":[74],"product_tag":[463,464,465,466,440],"class_list":{"0":"post-3942","1":"product","2":"type-product","3":"status-publish","4":"has-post-thumbnail","6":"product_cat-sublimacijas-tehnologija","7":"product_tag-kruze","8":"product_tag-kruzite","9":"product_tag-sublimacija","10":"product_tag-sublimacijas_kruze","11":"product_tag-termoparnesana","13":"first","14":"instock","15":"shipping-taxable","16":"purchasable","17":"product-type-simple"},"yoast_head":"<!-- This site is optimized with the Yoast SEO plugin v27.4 - https:\/\/yoast.com\/product\/yoast-seo-wordpress\/ -->\n<title>Balt\u0101 kr\u016bz\u012bte sublim\u0101cija balt\u0101 kr\u016bze noliktav\u0101 R\u012bg\u0101<\/title>\n<meta name=\"robots\" content=\"index, follow, max-snippet:-1, max-image-preview:large, max-video-preview:-1\" \/>\n<link rel=\"canonical\" href=\"https:\/\/wmtbaltic.lv\/Produkts\/balta-kruzite-balta-kruzite-noliktava-riga\/\" \/>\n<meta property=\"og:locale\" content=\"en_US\" \/>\n<meta property=\"og:type\" content=\"article\" \/>\n<meta property=\"og:title\" content=\"Balt\u0101 kr\u016bz\u012bte sublim\u0101cija balt\u0101 kr\u016bze noliktav\u0101 R\u012bg\u0101\" \/>\n<meta property=\"og:url\" content=\"https:\/\/wmtbaltic.lv\/Produkts\/balta-kruzite-balta-kruzite-noliktava-riga\/\" \/>\n<meta property=\"og:site_name\" content=\"WMT Baltic\" \/>\n<meta property=\"article:publisher\" content=\"https:\/\/www.facebook.com\/WMT.Baltic.viscom\/?locale=lv_LV\" \/>\n<meta property=\"article:modified_time\" content=\"2024-02-28T11:13:37+00:00\" \/>\n<meta property=\"og:image\" content=\"http:\/\/wmtbaltic.lv\/wp-content\/uploads\/2021\/01\/kruze.gif\" \/>\n\t<meta property=\"og:image:width\" content=\"500\" \/>\n\t<meta property=\"og:image:height\" content=\"461\" \/>\n\t<meta property=\"og:image:type\" content=\"image\/gif\" \/>\n<meta name=\"twitter:card\" content=\"summary_large_image\" \/>\n<meta name=\"twitter:label1\" content=\"Est. reading time\" \/>\n\t<meta name=\"twitter:data1\" content=\"1 minute\" \/>\n<script type=\"application\/ld+json\" class=\"yoast-schema-graph\">{\"@context\":\"https:\\\/\\\/schema.org\",\"@graph\":[{\"@type\":\"WebPage\",\"@id\":\"https:\\\/\\\/wmtbaltic.lv\\\/Produkts\\\/balta-kruzite-balta-kruzite-noliktava-riga\\\/\",\"url\":\"https:\\\/\\\/wmtbaltic.lv\\\/Produkts\\\/balta-kruzite-balta-kruzite-noliktava-riga\\\/\",\"name\":\"Balt\u0101 kr\u016bz\u012bte sublim\u0101cija balt\u0101 kr\u016bze noliktav\u0101 R\u012bg\u0101\",\"isPartOf\":{\"@id\":\"https:\\\/\\\/wmtbaltic.lv\\\/#website\"},\"primaryImageOfPage\":{\"@id\":\"https:\\\/\\\/wmtbaltic.lv\\\/Produkts\\\/balta-kruzite-balta-kruzite-noliktava-riga\\\/#primaryimage\"},\"image\":{\"@id\":\"https:\\\/\\\/wmtbaltic.lv\\\/Produkts\\\/balta-kruzite-balta-kruzite-noliktava-riga\\\/#primaryimage\"},\"thumbnailUrl\":\"https:\\\/\\\/wmtbaltic.lv\\\/wp-content\\\/uploads\\\/2021\\\/01\\\/kruze.gif\",\"datePublished\":\"2021-01-11T15:59:25+00:00\",\"dateModified\":\"2024-02-28T11:13:37+00:00\",\"breadcrumb\":{\"@id\":\"https:\\\/\\\/wmtbaltic.lv\\\/Produkts\\\/balta-kruzite-balta-kruzite-noliktava-riga\\\/#breadcrumb\"},\"inLanguage\":\"en-US\",\"potentialAction\":[{\"@type\":\"ReadAction\",\"target\":[\"https:\\\/\\\/wmtbaltic.lv\\\/Produkts\\\/balta-kruzite-balta-kruzite-noliktava-riga\\\/\"]}]},{\"@type\":\"ImageObject\",\"inLanguage\":\"en-US\",\"@id\":\"https:\\\/\\\/wmtbaltic.lv\\\/Produkts\\\/balta-kruzite-balta-kruzite-noliktava-riga\\\/#primaryimage\",\"url\":\"https:\\\/\\\/wmtbaltic.lv\\\/wp-content\\\/uploads\\\/2021\\\/01\\\/kruze.gif\",\"contentUrl\":\"https:\\\/\\\/wmtbaltic.lv\\\/wp-content\\\/uploads\\\/2021\\\/01\\\/kruze.gif\",\"width\":500,\"height\":461},{\"@type\":\"BreadcrumbList\",\"@id\":\"https:\\\/\\\/wmtbaltic.lv\\\/Produkts\\\/balta-kruzite-balta-kruzite-noliktava-riga\\\/#breadcrumb\",\"itemListElement\":[{\"@type\":\"ListItem\",\"position\":1,\"name\":\"Home\",\"item\":\"https:\\\/\\\/wmtbaltic.lv\\\/en\\\/\"},{\"@type\":\"ListItem\",\"position\":2,\"name\":\"Products\",\"item\":\"https:\\\/\\\/wmtbaltic.lv\\\/en\\\/shop\\\/\"},{\"@type\":\"ListItem\",\"position\":3,\"name\":\"Balt\u0101 kr\u016bz\u012bte\"}]},{\"@type\":\"WebSite\",\"@id\":\"https:\\\/\\\/wmtbaltic.lv\\\/#website\",\"url\":\"https:\\\/\\\/wmtbaltic.lv\\\/\",\"name\":\"WMT Baltic\",\"description\":\"Rekl\u0101mas produkti, pl\u0113ves\",\"publisher\":{\"@id\":\"https:\\\/\\\/wmtbaltic.lv\\\/#organization\"},\"potentialAction\":[{\"@type\":\"SearchAction\",\"target\":{\"@type\":\"EntryPoint\",\"urlTemplate\":\"https:\\\/\\\/wmtbaltic.lv\\\/?s={search_term_string}\"},\"query-input\":{\"@type\":\"PropertyValueSpecification\",\"valueRequired\":true,\"valueName\":\"search_term_string\"}}],\"inLanguage\":\"en-US\"},{\"@type\":\"Organization\",\"@id\":\"https:\\\/\\\/wmtbaltic.lv\\\/#organization\",\"name\":\"WMT Baltic\",\"url\":\"https:\\\/\\\/wmtbaltic.lv\\\/\",\"logo\":{\"@type\":\"ImageObject\",\"inLanguage\":\"en-US\",\"@id\":\"https:\\\/\\\/wmtbaltic.lv\\\/#\\\/schema\\\/logo\\\/image\\\/\",\"url\":\"https:\\\/\\\/wmtbaltic.lv\\\/wp-content\\\/uploads\\\/2024\\\/12\\\/wmt-baltic-sia_107142_9_420x180.jpg\",\"contentUrl\":\"https:\\\/\\\/wmtbaltic.lv\\\/wp-content\\\/uploads\\\/2024\\\/12\\\/wmt-baltic-sia_107142_9_420x180.jpg\",\"width\":420,\"height\":180,\"caption\":\"WMT Baltic\"},\"image\":{\"@id\":\"https:\\\/\\\/wmtbaltic.lv\\\/#\\\/schema\\\/logo\\\/image\\\/\"},\"sameAs\":[\"https:\\\/\\\/www.facebook.com\\\/WMT.Baltic.viscom\\\/?locale=lv_LV\",\"https:\\\/\\\/www.instagram.com\\\/viscom_wmt\\\/\"]}]}<\/script>\n<!-- \/ Yoast SEO plugin. -->","yoast_head_json":{"title":"Balt\u0101 kr\u016bz\u012bte sublim\u0101cija balt\u0101 kr\u016bze noliktav\u0101 R\u012bg\u0101","robots":{"index":"index","follow":"follow","max-snippet":"max-snippet:-1","max-image-preview":"max-image-preview:large","max-video-preview":"max-video-preview:-1"},"canonical":"https:\/\/wmtbaltic.lv\/Produkts\/balta-kruzite-balta-kruzite-noliktava-riga\/","og_locale":"en_US","og_type":"article","og_title":"Balt\u0101 kr\u016bz\u012bte sublim\u0101cija balt\u0101 kr\u016bze noliktav\u0101 R\u012bg\u0101","og_url":"https:\/\/wmtbaltic.lv\/Produkts\/balta-kruzite-balta-kruzite-noliktava-riga\/","og_site_name":"WMT Baltic","article_publisher":"https:\/\/www.facebook.com\/WMT.Baltic.viscom\/?locale=lv_LV","article_modified_time":"2024-02-28T11:13:37+00:00","og_image":[{"width":500,"height":461,"url":"http:\/\/wmtbaltic.lv\/wp-content\/uploads\/2021\/01\/kruze.gif","type":"image\/gif"}],"twitter_card":"summary_large_image","twitter_misc":{"Est. reading time":"1 minute"},"schema":{"@context":"https:\/\/schema.org","@graph":[{"@type":"WebPage","@id":"https:\/\/wmtbaltic.lv\/Produkts\/balta-kruzite-balta-kruzite-noliktava-riga\/","url":"https:\/\/wmtbaltic.lv\/Produkts\/balta-kruzite-balta-kruzite-noliktava-riga\/","name":"Balt\u0101 kr\u016bz\u012bte sublim\u0101cija balt\u0101 kr\u016bze noliktav\u0101 R\u012bg\u0101","isPartOf":{"@id":"https:\/\/wmtbaltic.lv\/#website"},"primaryImageOfPage":{"@id":"https:\/\/wmtbaltic.lv\/Produkts\/balta-kruzite-balta-kruzite-noliktava-riga\/#primaryimage"},"image":{"@id":"https:\/\/wmtbaltic.lv\/Produkts\/balta-kruzite-balta-kruzite-noliktava-riga\/#primaryimage"},"thumbnailUrl":"https:\/\/wmtbaltic.lv\/wp-content\/uploads\/2021\/01\/kruze.gif","datePublished":"2021-01-11T15:59:25+00:00","dateModified":"2024-02-28T11:13:37+00:00","breadcrumb":{"@id":"https:\/\/wmtbaltic.lv\/Produkts\/balta-kruzite-balta-kruzite-noliktava-riga\/#breadcrumb"},"inLanguage":"en-US","potentialAction":[{"@type":"ReadAction","target":["https:\/\/wmtbaltic.lv\/Produkts\/balta-kruzite-balta-kruzite-noliktava-riga\/"]}]},{"@type":"ImageObject","inLanguage":"en-US","@id":"https:\/\/wmtbaltic.lv\/Produkts\/balta-kruzite-balta-kruzite-noliktava-riga\/#primaryimage","url":"https:\/\/wmtbaltic.lv\/wp-content\/uploads\/2021\/01\/kruze.gif","contentUrl":"https:\/\/wmtbaltic.lv\/wp-content\/uploads\/2021\/01\/kruze.gif","width":500,"height":461},{"@type":"BreadcrumbList","@id":"https:\/\/wmtbaltic.lv\/Produkts\/balta-kruzite-balta-kruzite-noliktava-riga\/#breadcrumb","itemListElement":[{"@type":"ListItem","position":1,"name":"Home","item":"https:\/\/wmtbaltic.lv\/en\/"},{"@type":"ListItem","position":2,"name":"Products","item":"https:\/\/wmtbaltic.lv\/en\/shop\/"},{"@type":"ListItem","position":3,"name":"Balt\u0101 kr\u016bz\u012bte"}]},{"@type":"WebSite","@id":"https:\/\/wmtbaltic.lv\/#website","url":"https:\/\/wmtbaltic.lv\/","name":"WMT Baltic","description":"Rekl\u0101mas produkti, pl\u0113ves","publisher":{"@id":"https:\/\/wmtbaltic.lv\/#organization"},"potentialAction":[{"@type":"SearchAction","target":{"@type":"EntryPoint","urlTemplate":"https:\/\/wmtbaltic.lv\/?s={search_term_string}"},"query-input":{"@type":"PropertyValueSpecification","valueRequired":true,"valueName":"search_term_string"}}],"inLanguage":"en-US"},{"@type":"Organization","@id":"https:\/\/wmtbaltic.lv\/#organization","name":"WMT Baltic","url":"https:\/\/wmtbaltic.lv\/","logo":{"@type":"ImageObject","inLanguage":"en-US","@id":"https:\/\/wmtbaltic.lv\/#\/schema\/logo\/image\/","url":"https:\/\/wmtbaltic.lv\/wp-content\/uploads\/2024\/12\/wmt-baltic-sia_107142_9_420x180.jpg","contentUrl":"https:\/\/wmtbaltic.lv\/wp-content\/uploads\/2024\/12\/wmt-baltic-sia_107142_9_420x180.jpg","width":420,"height":180,"caption":"WMT Baltic"},"image":{"@id":"https:\/\/wmtbaltic.lv\/#\/schema\/logo\/image\/"},"sameAs":["https:\/\/www.facebook.com\/WMT.Baltic.viscom\/?locale=lv_LV","https:\/\/www.instagram.com\/viscom_wmt\/"]}]}},"_links":{"self":[{"href":"https:\/\/wmtbaltic.lv\/en\/wp-json\/wp\/v2\/product\/3942","targetHints":{"allow":["GET"]}}],"collection":[{"href":"https:\/\/wmtbaltic.lv\/en\/wp-json\/wp\/v2\/product"}],"about":[{"href":"https:\/\/wmtbaltic.lv\/en\/wp-json\/wp\/v2\/types\/product"}],"replies":[{"embeddable":true,"href":"https:\/\/wmtbaltic.lv\/en\/wp-json\/wp\/v2\/comments?post=3942"}],"wp:featuredmedia":[{"embeddable":true,"href":"https:\/\/wmtbaltic.lv\/en\/wp-json\/wp\/v2\/media\/3943"}],"wp:attachment":[{"href":"https:\/\/wmtbaltic.lv\/en\/wp-json\/wp\/v2\/media?parent=3942"}],"wp:term":[{"taxonomy":"product_brand","embeddable":true,"href":"https:\/\/wmtbaltic.lv\/en\/wp-json\/wp\/v2\/product_brand?post=3942"},{"taxonomy":"product_cat","embeddable":true,"href":"https:\/\/wmtbaltic.lv\/en\/wp-json\/wp\/v2\/product_cat?post=3942"},{"taxonomy":"product_tag","embeddable":true,"href":"https:\/\/wmtbaltic.lv\/en\/wp-json\/wp\/v2\/product_tag?post=3942"}],"curies":[{"name":"wp","href":"https:\/\/api.w.org\/{rel}","templated":true}]}}