{"id":3818,"date":"2020-12-17T13:20:37","date_gmt":"2020-12-17T13:20:37","guid":{"rendered":"http:\/\/wmtbaltic.lv\/\/?post_type=product&#038;p=3818"},"modified":"2024-02-21T07:43:21","modified_gmt":"2024-02-21T07:43:21","slug":"limplevewrap-ppf-premium-transparent-152m","status":"publish","type":"product","link":"https:\/\/wmtbaltic.lv\/en\/product\/limplevewrap-ppf-premium-transparent-152m\/","title":{"rendered":"L\u012bmpl\u0113ve,WRAP PPF Premium, transparent, 1,52m"},"content":{"rendered":"<p><strong>Ri-Wrap PPF Premium \u2014 augstas kvalit\u0101tes, 190mk caursp\u012bd\u012bga poliuret\u0101na l\u012bmpl\u0113ve, paredz\u0113ta automob\u012b\u013cu un citu virsmu aizsardz\u012bbai no akmens \u0161\u0137emb\u0101m, skr\u0101p\u0113jumiem, nobr\u0101zumiem.<\/strong><\/p>\n<p>Caursp\u012bd\u012bgais p\u0101rkl\u0101jums ir \u012bpa\u0161i iztur\u012bgs pret skr\u0101p\u0113jumiem un pa\u0161atjaunojas karst\u0101 gaisa ietekmes rezult\u0101t\u0101, ja to kars\u0113 40\u00b0C temperat\u016br\u0101. T\u0101 zem\u0101 virsmas ener\u0123ija nov\u0113r\u0161 putek\u013cu pielip\u0161anu, nov\u0113r\u0161 kukai\u0146u un \u0137\u012bmisko vielu traipus. Augstas veiktsp\u0113jas \u012bpa\u0161i dzidra akrila l\u012bme uz \u0161\u0137\u012bdin\u0101t\u0101ju b\u0101zes nodro\u0161ina augstu sa\u0137eri ar liel\u0101ko da\u013cu virsm\u0101m.<\/p>\n<p>Pl\u0113ves platums 1,52m.<\/p>\n<p>Rull\u012b 15 t\/m.<\/p>\n<p>&nbsp;<\/p>\n<h5><strong>Jei norite \u012fsigyti WRAP PPF Premium, transparent, 1,52m prek\u0119\u00a0 m\u016bs\u0173 ofise Lietuvoje,Vilniuje \u201dWMT Vilnius\u201dkambinkite: +37065562119, ra\u0161ykite: <a href=\"mailto:info@wmt.lt\">info@wmt.lt<\/a><\/strong><\/h5>\n<h5><strong>Bendravimui su ofisu Rygoje WMT Baltic SIA, Skambinkite: +371 67800830,ra\u0161ykite<\/strong>:\u00a0<strong><a href=\"mailto:info@adv24.lv\">info@adv24.lv<\/a><\/strong><\/h5>\n<h5><strong>\u00a0<\/strong><\/h5>\n","protected":false},"excerpt":{"rendered":"Ri-Wrap PPF Premium \u2014 augstas kvalit\u0101tes, 190mk caursp\u012bd\u012bga poliuret\u0101na l\u012bmpl\u0113ve, paredz\u0113ta automob\u012b\u013cu un citu virsmu aizsardz\u012bbai no akmens \u0161\u0137emb\u0101m, skr\u0101p\u0113jumiem, nobr\u0101zumiem. Caursp\u012bd\u012bgais p\u0101rkl\u0101jums ir \u012bpa\u0161i iztur\u012bgs pret skr\u0101p\u0113jumiem un pa\u0161atjaunojas karst\u0101 gaisa ietekmes rezult\u0101t\u0101, ja to kars\u0113 40\u00b0C temperat\u016br\u0101. T\u0101 zem\u0101 virsmas ener\u0123ija nov\u0113r\u0161 putek\u013cu pielip\u0161anu, nov\u0113r\u0161 kukai\u0146u un \u0137\u012bmisko vielu traipus. Augstas veiktsp\u0113jas \u012bpa\u0161i [...]","protected":false},"featured_media":3770,"comment_status":"closed","ping_status":"closed","template":"","meta":[],"product_brand":[],"product_cat":[409],"product_tag":[1284,300,379,1112,898,1421],"class_list":{"0":"post-3818","1":"product","2":"type-product","3":"status-publish","4":"has-post-thumbnail","6":"product_cat-aizsargpleves-transportlidzekliem","7":"product_tag-aizsargpleve","8":"product_tag-auto-aplimesana","9":"product_tag-poliuretana","10":"product_tag-ppf","11":"product_tag-ritrama","12":"product_tag-wrap-ppf","14":"first","15":"instock","16":"shipping-taxable","17":"purchasable","18":"product-type-simple"},"yoast_head":"<!-- This site is optimized with the Yoast SEO plugin v27.4 - https:\/\/yoast.com\/product\/yoast-seo-wordpress\/ -->\n<title>L\u012bmpl\u0113ve,WRAP PPF Premium, transparent, 1,52mt, nopirkt R\u012bg\u0101<\/title>\n<meta name=\"description\" content=\"L\u012bmpl\u0113ve, GRAVELSHIELD 150 PU gloss, transparent, nopirkt R\u012bg\u0101\" \/>\n<meta name=\"robots\" content=\"index, follow, max-snippet:-1, max-image-preview:large, max-video-preview:-1\" \/>\n<link rel=\"canonical\" href=\"https:\/\/wmtbaltic.lv\/Produkts\/limplevewrap-ppf-premium-transparent-152m\/\" \/>\n<meta property=\"og:locale\" content=\"en_US\" \/>\n<meta property=\"og:type\" content=\"article\" \/>\n<meta property=\"og:title\" content=\"L\u012bmpl\u0113ve,WRAP PPF Premium, transparent, 1,52mt, nopirkt R\u012bg\u0101\" \/>\n<meta property=\"og:description\" content=\"L\u012bmpl\u0113ve, GRAVELSHIELD 150 PU gloss, transparent, nopirkt R\u012bg\u0101\" \/>\n<meta property=\"og:url\" content=\"https:\/\/wmtbaltic.lv\/Produkts\/limplevewrap-ppf-premium-transparent-152m\/\" \/>\n<meta property=\"og:site_name\" content=\"WMT Baltic\" \/>\n<meta property=\"article:publisher\" content=\"https:\/\/www.facebook.com\/WMT.Baltic.viscom\/?locale=lv_LV\" \/>\n<meta property=\"article:modified_time\" content=\"2024-02-21T07:43:21+00:00\" \/>\n<meta property=\"og:image\" content=\"http:\/\/wmtbaltic.lv\/wp-content\/uploads\/2020\/12\/2_gravelshield.jpg\" \/>\n\t<meta property=\"og:image:width\" content=\"500\" \/>\n\t<meta property=\"og:image:height\" content=\"334\" \/>\n\t<meta property=\"og:image:type\" content=\"image\/jpeg\" \/>\n<meta name=\"twitter:card\" content=\"summary_large_image\" \/>\n<meta name=\"twitter:label1\" content=\"Est. reading time\" \/>\n\t<meta name=\"twitter:data1\" content=\"1 minute\" \/>\n<script type=\"application\/ld+json\" class=\"yoast-schema-graph\">{\"@context\":\"https:\\\/\\\/schema.org\",\"@graph\":[{\"@type\":\"WebPage\",\"@id\":\"https:\\\/\\\/wmtbaltic.lv\\\/Produkts\\\/limplevewrap-ppf-premium-transparent-152m\\\/\",\"url\":\"https:\\\/\\\/wmtbaltic.lv\\\/Produkts\\\/limplevewrap-ppf-premium-transparent-152m\\\/\",\"name\":\"L\u012bmpl\u0113ve,WRAP PPF Premium, transparent, 1,52mt, nopirkt R\u012bg\u0101\",\"isPartOf\":{\"@id\":\"https:\\\/\\\/wmtbaltic.lv\\\/#website\"},\"primaryImageOfPage\":{\"@id\":\"https:\\\/\\\/wmtbaltic.lv\\\/Produkts\\\/limplevewrap-ppf-premium-transparent-152m\\\/#primaryimage\"},\"image\":{\"@id\":\"https:\\\/\\\/wmtbaltic.lv\\\/Produkts\\\/limplevewrap-ppf-premium-transparent-152m\\\/#primaryimage\"},\"thumbnailUrl\":\"https:\\\/\\\/wmtbaltic.lv\\\/wp-content\\\/uploads\\\/2020\\\/12\\\/2_gravelshield.jpg\",\"datePublished\":\"2020-12-17T13:20:37+00:00\",\"dateModified\":\"2024-02-21T07:43:21+00:00\",\"description\":\"L\u012bmpl\u0113ve, GRAVELSHIELD 150 PU gloss, transparent, nopirkt R\u012bg\u0101\",\"breadcrumb\":{\"@id\":\"https:\\\/\\\/wmtbaltic.lv\\\/Produkts\\\/limplevewrap-ppf-premium-transparent-152m\\\/#breadcrumb\"},\"inLanguage\":\"en-US\",\"potentialAction\":[{\"@type\":\"ReadAction\",\"target\":[\"https:\\\/\\\/wmtbaltic.lv\\\/Produkts\\\/limplevewrap-ppf-premium-transparent-152m\\\/\"]}]},{\"@type\":\"ImageObject\",\"inLanguage\":\"en-US\",\"@id\":\"https:\\\/\\\/wmtbaltic.lv\\\/Produkts\\\/limplevewrap-ppf-premium-transparent-152m\\\/#primaryimage\",\"url\":\"https:\\\/\\\/wmtbaltic.lv\\\/wp-content\\\/uploads\\\/2020\\\/12\\\/2_gravelshield.jpg\",\"contentUrl\":\"https:\\\/\\\/wmtbaltic.lv\\\/wp-content\\\/uploads\\\/2020\\\/12\\\/2_gravelshield.jpg\",\"width\":500,\"height\":334},{\"@type\":\"BreadcrumbList\",\"@id\":\"https:\\\/\\\/wmtbaltic.lv\\\/Produkts\\\/limplevewrap-ppf-premium-transparent-152m\\\/#breadcrumb\",\"itemListElement\":[{\"@type\":\"ListItem\",\"position\":1,\"name\":\"Home\",\"item\":\"https:\\\/\\\/wmtbaltic.lv\\\/en\\\/\"},{\"@type\":\"ListItem\",\"position\":2,\"name\":\"Products\",\"item\":\"https:\\\/\\\/wmtbaltic.lv\\\/en\\\/shop\\\/\"},{\"@type\":\"ListItem\",\"position\":3,\"name\":\"L\u012bmpl\u0113ve,WRAP PPF Premium, transparent, 1,52m\"}]},{\"@type\":\"WebSite\",\"@id\":\"https:\\\/\\\/wmtbaltic.lv\\\/#website\",\"url\":\"https:\\\/\\\/wmtbaltic.lv\\\/\",\"name\":\"WMT Baltic\",\"description\":\"Rekl\u0101mas produkti, pl\u0113ves\",\"publisher\":{\"@id\":\"https:\\\/\\\/wmtbaltic.lv\\\/#organization\"},\"potentialAction\":[{\"@type\":\"SearchAction\",\"target\":{\"@type\":\"EntryPoint\",\"urlTemplate\":\"https:\\\/\\\/wmtbaltic.lv\\\/?s={search_term_string}\"},\"query-input\":{\"@type\":\"PropertyValueSpecification\",\"valueRequired\":true,\"valueName\":\"search_term_string\"}}],\"inLanguage\":\"en-US\"},{\"@type\":\"Organization\",\"@id\":\"https:\\\/\\\/wmtbaltic.lv\\\/#organization\",\"name\":\"WMT Baltic\",\"url\":\"https:\\\/\\\/wmtbaltic.lv\\\/\",\"logo\":{\"@type\":\"ImageObject\",\"inLanguage\":\"en-US\",\"@id\":\"https:\\\/\\\/wmtbaltic.lv\\\/#\\\/schema\\\/logo\\\/image\\\/\",\"url\":\"https:\\\/\\\/wmtbaltic.lv\\\/wp-content\\\/uploads\\\/2024\\\/12\\\/wmt-baltic-sia_107142_9_420x180.jpg\",\"contentUrl\":\"https:\\\/\\\/wmtbaltic.lv\\\/wp-content\\\/uploads\\\/2024\\\/12\\\/wmt-baltic-sia_107142_9_420x180.jpg\",\"width\":420,\"height\":180,\"caption\":\"WMT Baltic\"},\"image\":{\"@id\":\"https:\\\/\\\/wmtbaltic.lv\\\/#\\\/schema\\\/logo\\\/image\\\/\"},\"sameAs\":[\"https:\\\/\\\/www.facebook.com\\\/WMT.Baltic.viscom\\\/?locale=lv_LV\",\"https:\\\/\\\/www.instagram.com\\\/viscom_wmt\\\/\"]}]}<\/script>\n<!-- \/ Yoast SEO plugin. -->","yoast_head_json":{"title":"L\u012bmpl\u0113ve,WRAP PPF Premium, transparent, 1,52mt, nopirkt R\u012bg\u0101","description":"L\u012bmpl\u0113ve, GRAVELSHIELD 150 PU gloss, transparent, nopirkt R\u012bg\u0101","robots":{"index":"index","follow":"follow","max-snippet":"max-snippet:-1","max-image-preview":"max-image-preview:large","max-video-preview":"max-video-preview:-1"},"canonical":"https:\/\/wmtbaltic.lv\/Produkts\/limplevewrap-ppf-premium-transparent-152m\/","og_locale":"en_US","og_type":"article","og_title":"L\u012bmpl\u0113ve,WRAP PPF Premium, transparent, 1,52mt, nopirkt R\u012bg\u0101","og_description":"L\u012bmpl\u0113ve, GRAVELSHIELD 150 PU gloss, transparent, nopirkt R\u012bg\u0101","og_url":"https:\/\/wmtbaltic.lv\/Produkts\/limplevewrap-ppf-premium-transparent-152m\/","og_site_name":"WMT Baltic","article_publisher":"https:\/\/www.facebook.com\/WMT.Baltic.viscom\/?locale=lv_LV","article_modified_time":"2024-02-21T07:43:21+00:00","og_image":[{"width":500,"height":334,"url":"http:\/\/wmtbaltic.lv\/wp-content\/uploads\/2020\/12\/2_gravelshield.jpg","type":"image\/jpeg"}],"twitter_card":"summary_large_image","twitter_misc":{"Est. reading time":"1 minute"},"schema":{"@context":"https:\/\/schema.org","@graph":[{"@type":"WebPage","@id":"https:\/\/wmtbaltic.lv\/Produkts\/limplevewrap-ppf-premium-transparent-152m\/","url":"https:\/\/wmtbaltic.lv\/Produkts\/limplevewrap-ppf-premium-transparent-152m\/","name":"L\u012bmpl\u0113ve,WRAP PPF Premium, transparent, 1,52mt, nopirkt R\u012bg\u0101","isPartOf":{"@id":"https:\/\/wmtbaltic.lv\/#website"},"primaryImageOfPage":{"@id":"https:\/\/wmtbaltic.lv\/Produkts\/limplevewrap-ppf-premium-transparent-152m\/#primaryimage"},"image":{"@id":"https:\/\/wmtbaltic.lv\/Produkts\/limplevewrap-ppf-premium-transparent-152m\/#primaryimage"},"thumbnailUrl":"https:\/\/wmtbaltic.lv\/wp-content\/uploads\/2020\/12\/2_gravelshield.jpg","datePublished":"2020-12-17T13:20:37+00:00","dateModified":"2024-02-21T07:43:21+00:00","description":"L\u012bmpl\u0113ve, GRAVELSHIELD 150 PU gloss, transparent, nopirkt R\u012bg\u0101","breadcrumb":{"@id":"https:\/\/wmtbaltic.lv\/Produkts\/limplevewrap-ppf-premium-transparent-152m\/#breadcrumb"},"inLanguage":"en-US","potentialAction":[{"@type":"ReadAction","target":["https:\/\/wmtbaltic.lv\/Produkts\/limplevewrap-ppf-premium-transparent-152m\/"]}]},{"@type":"ImageObject","inLanguage":"en-US","@id":"https:\/\/wmtbaltic.lv\/Produkts\/limplevewrap-ppf-premium-transparent-152m\/#primaryimage","url":"https:\/\/wmtbaltic.lv\/wp-content\/uploads\/2020\/12\/2_gravelshield.jpg","contentUrl":"https:\/\/wmtbaltic.lv\/wp-content\/uploads\/2020\/12\/2_gravelshield.jpg","width":500,"height":334},{"@type":"BreadcrumbList","@id":"https:\/\/wmtbaltic.lv\/Produkts\/limplevewrap-ppf-premium-transparent-152m\/#breadcrumb","itemListElement":[{"@type":"ListItem","position":1,"name":"Home","item":"https:\/\/wmtbaltic.lv\/en\/"},{"@type":"ListItem","position":2,"name":"Products","item":"https:\/\/wmtbaltic.lv\/en\/shop\/"},{"@type":"ListItem","position":3,"name":"L\u012bmpl\u0113ve,WRAP PPF Premium, transparent, 1,52m"}]},{"@type":"WebSite","@id":"https:\/\/wmtbaltic.lv\/#website","url":"https:\/\/wmtbaltic.lv\/","name":"WMT Baltic","description":"Rekl\u0101mas produkti, pl\u0113ves","publisher":{"@id":"https:\/\/wmtbaltic.lv\/#organization"},"potentialAction":[{"@type":"SearchAction","target":{"@type":"EntryPoint","urlTemplate":"https:\/\/wmtbaltic.lv\/?s={search_term_string}"},"query-input":{"@type":"PropertyValueSpecification","valueRequired":true,"valueName":"search_term_string"}}],"inLanguage":"en-US"},{"@type":"Organization","@id":"https:\/\/wmtbaltic.lv\/#organization","name":"WMT Baltic","url":"https:\/\/wmtbaltic.lv\/","logo":{"@type":"ImageObject","inLanguage":"en-US","@id":"https:\/\/wmtbaltic.lv\/#\/schema\/logo\/image\/","url":"https:\/\/wmtbaltic.lv\/wp-content\/uploads\/2024\/12\/wmt-baltic-sia_107142_9_420x180.jpg","contentUrl":"https:\/\/wmtbaltic.lv\/wp-content\/uploads\/2024\/12\/wmt-baltic-sia_107142_9_420x180.jpg","width":420,"height":180,"caption":"WMT Baltic"},"image":{"@id":"https:\/\/wmtbaltic.lv\/#\/schema\/logo\/image\/"},"sameAs":["https:\/\/www.facebook.com\/WMT.Baltic.viscom\/?locale=lv_LV","https:\/\/www.instagram.com\/viscom_wmt\/"]}]}},"_links":{"self":[{"href":"https:\/\/wmtbaltic.lv\/en\/wp-json\/wp\/v2\/product\/3818","targetHints":{"allow":["GET"]}}],"collection":[{"href":"https:\/\/wmtbaltic.lv\/en\/wp-json\/wp\/v2\/product"}],"about":[{"href":"https:\/\/wmtbaltic.lv\/en\/wp-json\/wp\/v2\/types\/product"}],"replies":[{"embeddable":true,"href":"https:\/\/wmtbaltic.lv\/en\/wp-json\/wp\/v2\/comments?post=3818"}],"wp:featuredmedia":[{"embeddable":true,"href":"https:\/\/wmtbaltic.lv\/en\/wp-json\/wp\/v2\/media\/3770"}],"wp:attachment":[{"href":"https:\/\/wmtbaltic.lv\/en\/wp-json\/wp\/v2\/media?parent=3818"}],"wp:term":[{"taxonomy":"product_brand","embeddable":true,"href":"https:\/\/wmtbaltic.lv\/en\/wp-json\/wp\/v2\/product_brand?post=3818"},{"taxonomy":"product_cat","embeddable":true,"href":"https:\/\/wmtbaltic.lv\/en\/wp-json\/wp\/v2\/product_cat?post=3818"},{"taxonomy":"product_tag","embeddable":true,"href":"https:\/\/wmtbaltic.lv\/en\/wp-json\/wp\/v2\/product_tag?post=3818"}],"curies":[{"name":"wp","href":"https:\/\/api.w.org\/{rel}","templated":true}]}}