{"id":3125,"date":"2020-11-25T12:58:48","date_gmt":"2020-11-25T12:58:48","guid":{"rendered":"http:\/\/wmtbaltic.lv\/\/?post_type=product&#038;p=3125"},"modified":"2022-12-30T14:53:45","modified_gmt":"2022-12-30T14:53:45","slug":"461-baby-pink","status":"publish","type":"product","link":"https:\/\/wmtbaltic.lv\/en\/product\/461-baby-pink\/","title":{"rendered":"Termopl\u0113ve 461 Baby Pink"},"content":{"rendered":"<p>Pl\u0113ves platums 500mm.<\/p>\n<p>Cena nor\u0101d\u012bta par teko\u0161o metru.<\/p>\n<p><strong>P\u0113rkot rulli 25 t\/m \u2013 atlaide.<\/strong><\/p>\n<p>Tehnisko inform\u0101ciju un kr\u0101su karti atrad\u012bsiet sada\u013c\u0101:<a href=\"https:\/\/wmtbaltic.lv\/product-category\/termoparnesana\/krasainas_termopleves\/termopleve-t-tape-poli-flex-premium\/\">\u00a0\u201c<strong>Termopl\u0113ve T-Tape POLI-FLEX<sup>\u00ae\u00a0<\/sup>Premium\u201d<\/strong><\/a><\/p>\n<p>Ja rodas jaut\u0101jumi, dro\u0161i zvaniet vai rakstiet:<\/p>\n<p>e-pasts:\u00a0<a href=\"mailto:ttape@wmt.lv\">ttape@wmt.lv<\/a><\/p>\n<p>T\u0101lr.: +371 2551156\u00a0 \u00a0|\u00a0 \u00a0+371 67800830<\/p>\n<p>&nbsp;<\/p>\n","protected":false},"excerpt":{"rendered":"Pl\u0113ves platums 500mm. Cena nor\u0101d\u012bta par teko\u0161o metru. P\u0113rkot rulli 25 t\/m \u2013 atlaide. Tehnisko inform\u0101ciju un kr\u0101su karti atrad\u012bsiet sada\u013c\u0101:\u00a0\u201cTermopl\u0113ve T-Tape POLI-FLEX\u00ae\u00a0Premium\u201d Ja rodas jaut\u0101jumi, dro\u0161i zvaniet vai rakstiet: e-pasts:\u00a0ttape@wmt.lv T\u0101lr.: +371 2551156\u00a0 \u00a0|\u00a0 \u00a0+371 67800830 &nbsp;","protected":false},"featured_media":12384,"template":"","meta":[],"product_brand":[],"product_cat":[439],"product_tag":[441,442,299,440],"class_list":{"0":"post-3125","1":"product","2":"type-product","3":"status-publish","4":"has-post-thumbnail","6":"product_cat-termopleve-t-tape-poli-flex-premium","7":"product_tag-krasainas_pleves","8":"product_tag-kreklu_apdruka","9":"product_tag-reklama","10":"product_tag-termoparnesana","12":"first","13":"instock","14":"shipping-taxable","15":"purchasable","16":"product-type-simple"},"yoast_head":"<!-- This site is optimized with the Yoast SEO plugin v27.3 - https:\/\/yoast.com\/product\/yoast-seo-wordpress\/ -->\n<title>461 Baby Pink Termopl\u0113ves R\u012bg\u0101<\/title>\n<meta name=\"robots\" content=\"index, follow, max-snippet:-1, max-image-preview:large, max-video-preview:-1\" \/>\n<link rel=\"canonical\" href=\"https:\/\/wmtbaltic.lv\/Produkts\/461-baby-pink\/\" \/>\n<meta property=\"og:locale\" content=\"en_US\" \/>\n<meta property=\"og:type\" content=\"article\" \/>\n<meta property=\"og:title\" content=\"461 Baby Pink Termopl\u0113ves R\u012bg\u0101\" \/>\n<meta property=\"og:url\" content=\"https:\/\/wmtbaltic.lv\/Produkts\/461-baby-pink\/\" \/>\n<meta property=\"og:site_name\" content=\"WMT Baltic\" \/>\n<meta property=\"article:publisher\" content=\"https:\/\/www.facebook.com\/WMT.Baltic.viscom\/?locale=lv_LV\" \/>\n<meta property=\"article:modified_time\" content=\"2022-12-30T14:53:45+00:00\" \/>\n<meta property=\"og:image\" content=\"http:\/\/wmtbaltic.lv\/wp-content\/uploads\/2020\/11\/Farben_Trikots_PREMIUM_461.jpg\" \/>\n\t<meta property=\"og:image:width\" content=\"600\" \/>\n\t<meta property=\"og:image:height\" content=\"600\" \/>\n\t<meta property=\"og:image:type\" content=\"image\/jpeg\" \/>\n<meta name=\"twitter:card\" content=\"summary_large_image\" \/>\n<meta name=\"twitter:label1\" content=\"Est. reading time\" \/>\n\t<meta name=\"twitter:data1\" content=\"1 minute\" \/>\n<script type=\"application\/ld+json\" class=\"yoast-schema-graph\">{\"@context\":\"https:\\\/\\\/schema.org\",\"@graph\":[{\"@type\":\"WebPage\",\"@id\":\"https:\\\/\\\/wmtbaltic.lv\\\/Produkts\\\/461-baby-pink\\\/\",\"url\":\"https:\\\/\\\/wmtbaltic.lv\\\/Produkts\\\/461-baby-pink\\\/\",\"name\":\"461 Baby Pink Termopl\u0113ves R\u012bg\u0101\",\"isPartOf\":{\"@id\":\"https:\\\/\\\/wmtbaltic.lv\\\/#website\"},\"primaryImageOfPage\":{\"@id\":\"https:\\\/\\\/wmtbaltic.lv\\\/Produkts\\\/461-baby-pink\\\/#primaryimage\"},\"image\":{\"@id\":\"https:\\\/\\\/wmtbaltic.lv\\\/Produkts\\\/461-baby-pink\\\/#primaryimage\"},\"thumbnailUrl\":\"https:\\\/\\\/wmtbaltic.lv\\\/wp-content\\\/uploads\\\/2020\\\/11\\\/Farben_Trikots_PREMIUM_461.jpg\",\"datePublished\":\"2020-11-25T12:58:48+00:00\",\"dateModified\":\"2022-12-30T14:53:45+00:00\",\"breadcrumb\":{\"@id\":\"https:\\\/\\\/wmtbaltic.lv\\\/Produkts\\\/461-baby-pink\\\/#breadcrumb\"},\"inLanguage\":\"en-US\",\"potentialAction\":[{\"@type\":\"ReadAction\",\"target\":[\"https:\\\/\\\/wmtbaltic.lv\\\/Produkts\\\/461-baby-pink\\\/\"]}]},{\"@type\":\"ImageObject\",\"inLanguage\":\"en-US\",\"@id\":\"https:\\\/\\\/wmtbaltic.lv\\\/Produkts\\\/461-baby-pink\\\/#primaryimage\",\"url\":\"https:\\\/\\\/wmtbaltic.lv\\\/wp-content\\\/uploads\\\/2020\\\/11\\\/Farben_Trikots_PREMIUM_461.jpg\",\"contentUrl\":\"https:\\\/\\\/wmtbaltic.lv\\\/wp-content\\\/uploads\\\/2020\\\/11\\\/Farben_Trikots_PREMIUM_461.jpg\",\"width\":600,\"height\":600},{\"@type\":\"BreadcrumbList\",\"@id\":\"https:\\\/\\\/wmtbaltic.lv\\\/Produkts\\\/461-baby-pink\\\/#breadcrumb\",\"itemListElement\":[{\"@type\":\"ListItem\",\"position\":1,\"name\":\"Home\",\"item\":\"https:\\\/\\\/wmtbaltic.lv\\\/en\\\/\"},{\"@type\":\"ListItem\",\"position\":2,\"name\":\"Shop\",\"item\":\"https:\\\/\\\/wmtbaltic.lv\\\/shop\\\/\"},{\"@type\":\"ListItem\",\"position\":3,\"name\":\"Termopl\u0113ve 461 Baby Pink\"}]},{\"@type\":\"WebSite\",\"@id\":\"https:\\\/\\\/wmtbaltic.lv\\\/#website\",\"url\":\"https:\\\/\\\/wmtbaltic.lv\\\/\",\"name\":\"WMT Baltic\",\"description\":\"Rekl\u0101mas produkti, pl\u0113ves\",\"publisher\":{\"@id\":\"https:\\\/\\\/wmtbaltic.lv\\\/#organization\"},\"potentialAction\":[{\"@type\":\"SearchAction\",\"target\":{\"@type\":\"EntryPoint\",\"urlTemplate\":\"https:\\\/\\\/wmtbaltic.lv\\\/?s={search_term_string}\"},\"query-input\":{\"@type\":\"PropertyValueSpecification\",\"valueRequired\":true,\"valueName\":\"search_term_string\"}}],\"inLanguage\":\"en-US\"},{\"@type\":\"Organization\",\"@id\":\"https:\\\/\\\/wmtbaltic.lv\\\/#organization\",\"name\":\"WMT Baltic\",\"url\":\"https:\\\/\\\/wmtbaltic.lv\\\/\",\"logo\":{\"@type\":\"ImageObject\",\"inLanguage\":\"en-US\",\"@id\":\"https:\\\/\\\/wmtbaltic.lv\\\/#\\\/schema\\\/logo\\\/image\\\/\",\"url\":\"https:\\\/\\\/wmtbaltic.lv\\\/wp-content\\\/uploads\\\/2024\\\/12\\\/wmt-baltic-sia_107142_9_420x180.jpg\",\"contentUrl\":\"https:\\\/\\\/wmtbaltic.lv\\\/wp-content\\\/uploads\\\/2024\\\/12\\\/wmt-baltic-sia_107142_9_420x180.jpg\",\"width\":420,\"height\":180,\"caption\":\"WMT Baltic\"},\"image\":{\"@id\":\"https:\\\/\\\/wmtbaltic.lv\\\/#\\\/schema\\\/logo\\\/image\\\/\"},\"sameAs\":[\"https:\\\/\\\/www.facebook.com\\\/WMT.Baltic.viscom\\\/?locale=lv_LV\",\"https:\\\/\\\/www.instagram.com\\\/viscom_wmt\\\/\"]}]}<\/script>\n<!-- \/ Yoast SEO plugin. -->","yoast_head_json":{"title":"461 Baby Pink Termopl\u0113ves R\u012bg\u0101","robots":{"index":"index","follow":"follow","max-snippet":"max-snippet:-1","max-image-preview":"max-image-preview:large","max-video-preview":"max-video-preview:-1"},"canonical":"https:\/\/wmtbaltic.lv\/Produkts\/461-baby-pink\/","og_locale":"en_US","og_type":"article","og_title":"461 Baby Pink Termopl\u0113ves R\u012bg\u0101","og_url":"https:\/\/wmtbaltic.lv\/Produkts\/461-baby-pink\/","og_site_name":"WMT Baltic","article_publisher":"https:\/\/www.facebook.com\/WMT.Baltic.viscom\/?locale=lv_LV","article_modified_time":"2022-12-30T14:53:45+00:00","og_image":[{"width":600,"height":600,"url":"http:\/\/wmtbaltic.lv\/wp-content\/uploads\/2020\/11\/Farben_Trikots_PREMIUM_461.jpg","type":"image\/jpeg"}],"twitter_card":"summary_large_image","twitter_misc":{"Est. reading time":"1 minute"},"schema":{"@context":"https:\/\/schema.org","@graph":[{"@type":"WebPage","@id":"https:\/\/wmtbaltic.lv\/Produkts\/461-baby-pink\/","url":"https:\/\/wmtbaltic.lv\/Produkts\/461-baby-pink\/","name":"461 Baby Pink Termopl\u0113ves R\u012bg\u0101","isPartOf":{"@id":"https:\/\/wmtbaltic.lv\/#website"},"primaryImageOfPage":{"@id":"https:\/\/wmtbaltic.lv\/Produkts\/461-baby-pink\/#primaryimage"},"image":{"@id":"https:\/\/wmtbaltic.lv\/Produkts\/461-baby-pink\/#primaryimage"},"thumbnailUrl":"https:\/\/wmtbaltic.lv\/wp-content\/uploads\/2020\/11\/Farben_Trikots_PREMIUM_461.jpg","datePublished":"2020-11-25T12:58:48+00:00","dateModified":"2022-12-30T14:53:45+00:00","breadcrumb":{"@id":"https:\/\/wmtbaltic.lv\/Produkts\/461-baby-pink\/#breadcrumb"},"inLanguage":"en-US","potentialAction":[{"@type":"ReadAction","target":["https:\/\/wmtbaltic.lv\/Produkts\/461-baby-pink\/"]}]},{"@type":"ImageObject","inLanguage":"en-US","@id":"https:\/\/wmtbaltic.lv\/Produkts\/461-baby-pink\/#primaryimage","url":"https:\/\/wmtbaltic.lv\/wp-content\/uploads\/2020\/11\/Farben_Trikots_PREMIUM_461.jpg","contentUrl":"https:\/\/wmtbaltic.lv\/wp-content\/uploads\/2020\/11\/Farben_Trikots_PREMIUM_461.jpg","width":600,"height":600},{"@type":"BreadcrumbList","@id":"https:\/\/wmtbaltic.lv\/Produkts\/461-baby-pink\/#breadcrumb","itemListElement":[{"@type":"ListItem","position":1,"name":"Home","item":"https:\/\/wmtbaltic.lv\/en\/"},{"@type":"ListItem","position":2,"name":"Shop","item":"https:\/\/wmtbaltic.lv\/shop\/"},{"@type":"ListItem","position":3,"name":"Termopl\u0113ve 461 Baby Pink"}]},{"@type":"WebSite","@id":"https:\/\/wmtbaltic.lv\/#website","url":"https:\/\/wmtbaltic.lv\/","name":"WMT Baltic","description":"Rekl\u0101mas produkti, pl\u0113ves","publisher":{"@id":"https:\/\/wmtbaltic.lv\/#organization"},"potentialAction":[{"@type":"SearchAction","target":{"@type":"EntryPoint","urlTemplate":"https:\/\/wmtbaltic.lv\/?s={search_term_string}"},"query-input":{"@type":"PropertyValueSpecification","valueRequired":true,"valueName":"search_term_string"}}],"inLanguage":"en-US"},{"@type":"Organization","@id":"https:\/\/wmtbaltic.lv\/#organization","name":"WMT Baltic","url":"https:\/\/wmtbaltic.lv\/","logo":{"@type":"ImageObject","inLanguage":"en-US","@id":"https:\/\/wmtbaltic.lv\/#\/schema\/logo\/image\/","url":"https:\/\/wmtbaltic.lv\/wp-content\/uploads\/2024\/12\/wmt-baltic-sia_107142_9_420x180.jpg","contentUrl":"https:\/\/wmtbaltic.lv\/wp-content\/uploads\/2024\/12\/wmt-baltic-sia_107142_9_420x180.jpg","width":420,"height":180,"caption":"WMT Baltic"},"image":{"@id":"https:\/\/wmtbaltic.lv\/#\/schema\/logo\/image\/"},"sameAs":["https:\/\/www.facebook.com\/WMT.Baltic.viscom\/?locale=lv_LV","https:\/\/www.instagram.com\/viscom_wmt\/"]}]}},"_links":{"self":[{"href":"https:\/\/wmtbaltic.lv\/en\/wp-json\/wp\/v2\/product\/3125","targetHints":{"allow":["GET"]}}],"collection":[{"href":"https:\/\/wmtbaltic.lv\/en\/wp-json\/wp\/v2\/product"}],"about":[{"href":"https:\/\/wmtbaltic.lv\/en\/wp-json\/wp\/v2\/types\/product"}],"wp:featuredmedia":[{"embeddable":true,"href":"https:\/\/wmtbaltic.lv\/en\/wp-json\/wp\/v2\/media\/12384"}],"wp:attachment":[{"href":"https:\/\/wmtbaltic.lv\/en\/wp-json\/wp\/v2\/media?parent=3125"}],"wp:term":[{"taxonomy":"product_brand","embeddable":true,"href":"https:\/\/wmtbaltic.lv\/en\/wp-json\/wp\/v2\/product_brand?post=3125"},{"taxonomy":"product_cat","embeddable":true,"href":"https:\/\/wmtbaltic.lv\/en\/wp-json\/wp\/v2\/product_cat?post=3125"},{"taxonomy":"product_tag","embeddable":true,"href":"https:\/\/wmtbaltic.lv\/en\/wp-json\/wp\/v2\/product_tag?post=3125"}],"curies":[{"name":"wp","href":"https:\/\/api.w.org\/{rel}","templated":true}]}}