{"id":2572,"date":"2020-08-31T13:19:44","date_gmt":"2020-08-31T13:19:44","guid":{"rendered":"http:\/\/wmtbaltic.lv\/\/?post_type=product&#038;p=2572"},"modified":"2024-01-30T10:17:36","modified_gmt":"2024-01-30T10:17:36","slug":"spogulpleve-smooth-rose-gold-indoor-0-61m","status":"publish","type":"product","link":"https:\/\/wmtbaltic.lv\/en\/product\/spogulpleve-smooth-rose-gold-indoor-0-61m\/","title":{"rendered":"Spogu\u013cpl\u0113ve Smooth Rose Gold Indoor, 0.61m"},"content":{"rendered":"<p>Metaliz\u0113ta glanc\u0113ta PVH spogu\u013cpl\u0113ve pl\u0113ve speciali izstrad\u0101ta skatlogu un izkart\u0146u dekor\u0113\u0161anai iek\u0161telp\u0101s. Piemerota uzkl\u0101\u0161anai uz taisn\u0101m un viegli liekt\u0101m virsm\u0101m. Paredz\u0113ta plotergrie\u0161anai un drukai ar solventa, ekosolventa un UV tint\u0113m, sietspiedei. Biezums 75mk.<\/p>\n<p>Cena par teko\u0161o metru.<\/p>\n<p>Pl\u0113ves platums 0.61m.<\/p>\n<p>Rull\u012b 45.7 m.<\/p>\n","protected":false},"excerpt":{"rendered":"Metaliz\u0113ta glanc\u0113ta PVH spogu\u013cpl\u0113ve pl\u0113ve speciali izstrad\u0101ta skatlogu un izkart\u0146u dekor\u0113\u0161anai iek\u0161telp\u0101s. Piemerota uzkl\u0101\u0161anai uz taisn\u0101m un viegli liekt\u0101m virsm\u0101m. Paredz\u0113ta plotergrie\u0161anai un drukai ar solventa, ekosolventa un UV tint\u0113m, sietspiedei. Biezums 75mk. Cena par teko\u0161o metru. Pl\u0113ves platums 0.61m. Rull\u012b 45.7 m.","protected":false},"featured_media":2574,"template":"","meta":[],"product_brand":[],"product_cat":[165,404,389],"product_tag":[485,492],"class_list":{"0":"post-2572","1":"product","2":"type-product","3":"status-publish","4":"has-post-thumbnail","6":"product_cat-metalizetas-pleves-drukai","7":"product_cat-metalizetas-un-holografiskas-limpleves","8":"product_cat-spogulpleves","9":"product_tag-metalizetas-pleves","10":"product_tag-spogulpleves","12":"first","13":"instock","14":"shipping-taxable","15":"purchasable","16":"product-type-simple"},"yoast_head":"<!-- This site is optimized with the Yoast SEO plugin v27.4 - https:\/\/yoast.com\/product\/yoast-seo-wordpress\/ -->\n<title>Spogu\u013cpl\u0113ve Smooth Rose Gold Indoor, nopirkt R\u012bg\u0101<\/title>\n<meta name=\"description\" content=\"Spogu\u013cpl\u0113ve Smooth Rose Gold Indoor, nopirkt R\u012bg\u0101\" \/>\n<meta name=\"robots\" content=\"index, follow, max-snippet:-1, max-image-preview:large, max-video-preview:-1\" \/>\n<link rel=\"canonical\" href=\"https:\/\/wmtbaltic.lv\/Produkts\/spogulpleve-smooth-rose-gold-indoor-0-61m\/\" \/>\n<meta property=\"og:locale\" content=\"en_US\" \/>\n<meta property=\"og:type\" content=\"article\" \/>\n<meta property=\"og:title\" content=\"Spogu\u013cpl\u0113ve Smooth Rose Gold Indoor, nopirkt R\u012bg\u0101\" \/>\n<meta property=\"og:description\" content=\"Spogu\u013cpl\u0113ve Smooth Rose Gold Indoor, nopirkt R\u012bg\u0101\" \/>\n<meta property=\"og:url\" content=\"https:\/\/wmtbaltic.lv\/Produkts\/spogulpleve-smooth-rose-gold-indoor-0-61m\/\" \/>\n<meta property=\"og:site_name\" content=\"WMT Baltic\" \/>\n<meta property=\"article:publisher\" content=\"https:\/\/www.facebook.com\/WMT.Baltic.viscom\/?locale=lv_LV\" \/>\n<meta property=\"article:modified_time\" content=\"2024-01-30T10:17:36+00:00\" \/>\n<meta property=\"og:image\" content=\"http:\/\/wmtbaltic.lv\/wp-content\/uploads\/2020\/08\/vinylefx_smooth_rose_gold_chrome_vinyl_.jpg\" \/>\n\t<meta property=\"og:image:width\" content=\"700\" \/>\n\t<meta property=\"og:image:height\" content=\"700\" \/>\n\t<meta property=\"og:image:type\" content=\"image\/jpeg\" \/>\n<meta name=\"twitter:card\" content=\"summary_large_image\" \/>\n<meta name=\"twitter:label1\" content=\"Est. reading time\" \/>\n\t<meta name=\"twitter:data1\" content=\"1 minute\" \/>\n<script type=\"application\/ld+json\" class=\"yoast-schema-graph\">{\"@context\":\"https:\\\/\\\/schema.org\",\"@graph\":[{\"@type\":\"WebPage\",\"@id\":\"https:\\\/\\\/wmtbaltic.lv\\\/Produkts\\\/spogulpleve-smooth-rose-gold-indoor-0-61m\\\/\",\"url\":\"https:\\\/\\\/wmtbaltic.lv\\\/Produkts\\\/spogulpleve-smooth-rose-gold-indoor-0-61m\\\/\",\"name\":\"Spogu\u013cpl\u0113ve Smooth Rose Gold Indoor, nopirkt R\u012bg\u0101\",\"isPartOf\":{\"@id\":\"https:\\\/\\\/wmtbaltic.lv\\\/#website\"},\"primaryImageOfPage\":{\"@id\":\"https:\\\/\\\/wmtbaltic.lv\\\/Produkts\\\/spogulpleve-smooth-rose-gold-indoor-0-61m\\\/#primaryimage\"},\"image\":{\"@id\":\"https:\\\/\\\/wmtbaltic.lv\\\/Produkts\\\/spogulpleve-smooth-rose-gold-indoor-0-61m\\\/#primaryimage\"},\"thumbnailUrl\":\"https:\\\/\\\/wmtbaltic.lv\\\/wp-content\\\/uploads\\\/2020\\\/08\\\/vinylefx_smooth_rose_gold_chrome_vinyl_.jpg\",\"datePublished\":\"2020-08-31T13:19:44+00:00\",\"dateModified\":\"2024-01-30T10:17:36+00:00\",\"description\":\"Spogu\u013cpl\u0113ve Smooth Rose Gold Indoor, nopirkt R\u012bg\u0101\",\"breadcrumb\":{\"@id\":\"https:\\\/\\\/wmtbaltic.lv\\\/Produkts\\\/spogulpleve-smooth-rose-gold-indoor-0-61m\\\/#breadcrumb\"},\"inLanguage\":\"en-US\",\"potentialAction\":[{\"@type\":\"ReadAction\",\"target\":[\"https:\\\/\\\/wmtbaltic.lv\\\/Produkts\\\/spogulpleve-smooth-rose-gold-indoor-0-61m\\\/\"]}]},{\"@type\":\"ImageObject\",\"inLanguage\":\"en-US\",\"@id\":\"https:\\\/\\\/wmtbaltic.lv\\\/Produkts\\\/spogulpleve-smooth-rose-gold-indoor-0-61m\\\/#primaryimage\",\"url\":\"https:\\\/\\\/wmtbaltic.lv\\\/wp-content\\\/uploads\\\/2020\\\/08\\\/vinylefx_smooth_rose_gold_chrome_vinyl_.jpg\",\"contentUrl\":\"https:\\\/\\\/wmtbaltic.lv\\\/wp-content\\\/uploads\\\/2020\\\/08\\\/vinylefx_smooth_rose_gold_chrome_vinyl_.jpg\",\"width\":700,\"height\":700},{\"@type\":\"BreadcrumbList\",\"@id\":\"https:\\\/\\\/wmtbaltic.lv\\\/Produkts\\\/spogulpleve-smooth-rose-gold-indoor-0-61m\\\/#breadcrumb\",\"itemListElement\":[{\"@type\":\"ListItem\",\"position\":1,\"name\":\"Home\",\"item\":\"https:\\\/\\\/wmtbaltic.lv\\\/en\\\/\"},{\"@type\":\"ListItem\",\"position\":2,\"name\":\"Shop\",\"item\":\"https:\\\/\\\/wmtbaltic.lv\\\/shop\\\/\"},{\"@type\":\"ListItem\",\"position\":3,\"name\":\"Spogu\u013cpl\u0113ve Smooth Rose Gold Indoor, 0.61m\"}]},{\"@type\":\"WebSite\",\"@id\":\"https:\\\/\\\/wmtbaltic.lv\\\/#website\",\"url\":\"https:\\\/\\\/wmtbaltic.lv\\\/\",\"name\":\"WMT Baltic\",\"description\":\"Rekl\u0101mas produkti, pl\u0113ves\",\"publisher\":{\"@id\":\"https:\\\/\\\/wmtbaltic.lv\\\/#organization\"},\"potentialAction\":[{\"@type\":\"SearchAction\",\"target\":{\"@type\":\"EntryPoint\",\"urlTemplate\":\"https:\\\/\\\/wmtbaltic.lv\\\/?s={search_term_string}\"},\"query-input\":{\"@type\":\"PropertyValueSpecification\",\"valueRequired\":true,\"valueName\":\"search_term_string\"}}],\"inLanguage\":\"en-US\"},{\"@type\":\"Organization\",\"@id\":\"https:\\\/\\\/wmtbaltic.lv\\\/#organization\",\"name\":\"WMT Baltic\",\"url\":\"https:\\\/\\\/wmtbaltic.lv\\\/\",\"logo\":{\"@type\":\"ImageObject\",\"inLanguage\":\"en-US\",\"@id\":\"https:\\\/\\\/wmtbaltic.lv\\\/#\\\/schema\\\/logo\\\/image\\\/\",\"url\":\"https:\\\/\\\/wmtbaltic.lv\\\/wp-content\\\/uploads\\\/2024\\\/12\\\/wmt-baltic-sia_107142_9_420x180.jpg\",\"contentUrl\":\"https:\\\/\\\/wmtbaltic.lv\\\/wp-content\\\/uploads\\\/2024\\\/12\\\/wmt-baltic-sia_107142_9_420x180.jpg\",\"width\":420,\"height\":180,\"caption\":\"WMT Baltic\"},\"image\":{\"@id\":\"https:\\\/\\\/wmtbaltic.lv\\\/#\\\/schema\\\/logo\\\/image\\\/\"},\"sameAs\":[\"https:\\\/\\\/www.facebook.com\\\/WMT.Baltic.viscom\\\/?locale=lv_LV\",\"https:\\\/\\\/www.instagram.com\\\/viscom_wmt\\\/\"]}]}<\/script>\n<!-- \/ Yoast SEO plugin. -->","yoast_head_json":{"title":"Spogu\u013cpl\u0113ve Smooth Rose Gold Indoor, nopirkt R\u012bg\u0101","description":"Spogu\u013cpl\u0113ve Smooth Rose Gold Indoor, nopirkt R\u012bg\u0101","robots":{"index":"index","follow":"follow","max-snippet":"max-snippet:-1","max-image-preview":"max-image-preview:large","max-video-preview":"max-video-preview:-1"},"canonical":"https:\/\/wmtbaltic.lv\/Produkts\/spogulpleve-smooth-rose-gold-indoor-0-61m\/","og_locale":"en_US","og_type":"article","og_title":"Spogu\u013cpl\u0113ve Smooth Rose Gold Indoor, nopirkt R\u012bg\u0101","og_description":"Spogu\u013cpl\u0113ve Smooth Rose Gold Indoor, nopirkt R\u012bg\u0101","og_url":"https:\/\/wmtbaltic.lv\/Produkts\/spogulpleve-smooth-rose-gold-indoor-0-61m\/","og_site_name":"WMT Baltic","article_publisher":"https:\/\/www.facebook.com\/WMT.Baltic.viscom\/?locale=lv_LV","article_modified_time":"2024-01-30T10:17:36+00:00","og_image":[{"width":700,"height":700,"url":"http:\/\/wmtbaltic.lv\/wp-content\/uploads\/2020\/08\/vinylefx_smooth_rose_gold_chrome_vinyl_.jpg","type":"image\/jpeg"}],"twitter_card":"summary_large_image","twitter_misc":{"Est. reading time":"1 minute"},"schema":{"@context":"https:\/\/schema.org","@graph":[{"@type":"WebPage","@id":"https:\/\/wmtbaltic.lv\/Produkts\/spogulpleve-smooth-rose-gold-indoor-0-61m\/","url":"https:\/\/wmtbaltic.lv\/Produkts\/spogulpleve-smooth-rose-gold-indoor-0-61m\/","name":"Spogu\u013cpl\u0113ve Smooth Rose Gold Indoor, nopirkt R\u012bg\u0101","isPartOf":{"@id":"https:\/\/wmtbaltic.lv\/#website"},"primaryImageOfPage":{"@id":"https:\/\/wmtbaltic.lv\/Produkts\/spogulpleve-smooth-rose-gold-indoor-0-61m\/#primaryimage"},"image":{"@id":"https:\/\/wmtbaltic.lv\/Produkts\/spogulpleve-smooth-rose-gold-indoor-0-61m\/#primaryimage"},"thumbnailUrl":"https:\/\/wmtbaltic.lv\/wp-content\/uploads\/2020\/08\/vinylefx_smooth_rose_gold_chrome_vinyl_.jpg","datePublished":"2020-08-31T13:19:44+00:00","dateModified":"2024-01-30T10:17:36+00:00","description":"Spogu\u013cpl\u0113ve Smooth Rose Gold Indoor, nopirkt R\u012bg\u0101","breadcrumb":{"@id":"https:\/\/wmtbaltic.lv\/Produkts\/spogulpleve-smooth-rose-gold-indoor-0-61m\/#breadcrumb"},"inLanguage":"en-US","potentialAction":[{"@type":"ReadAction","target":["https:\/\/wmtbaltic.lv\/Produkts\/spogulpleve-smooth-rose-gold-indoor-0-61m\/"]}]},{"@type":"ImageObject","inLanguage":"en-US","@id":"https:\/\/wmtbaltic.lv\/Produkts\/spogulpleve-smooth-rose-gold-indoor-0-61m\/#primaryimage","url":"https:\/\/wmtbaltic.lv\/wp-content\/uploads\/2020\/08\/vinylefx_smooth_rose_gold_chrome_vinyl_.jpg","contentUrl":"https:\/\/wmtbaltic.lv\/wp-content\/uploads\/2020\/08\/vinylefx_smooth_rose_gold_chrome_vinyl_.jpg","width":700,"height":700},{"@type":"BreadcrumbList","@id":"https:\/\/wmtbaltic.lv\/Produkts\/spogulpleve-smooth-rose-gold-indoor-0-61m\/#breadcrumb","itemListElement":[{"@type":"ListItem","position":1,"name":"Home","item":"https:\/\/wmtbaltic.lv\/en\/"},{"@type":"ListItem","position":2,"name":"Shop","item":"https:\/\/wmtbaltic.lv\/shop\/"},{"@type":"ListItem","position":3,"name":"Spogu\u013cpl\u0113ve Smooth Rose Gold Indoor, 0.61m"}]},{"@type":"WebSite","@id":"https:\/\/wmtbaltic.lv\/#website","url":"https:\/\/wmtbaltic.lv\/","name":"WMT Baltic","description":"Rekl\u0101mas produkti, pl\u0113ves","publisher":{"@id":"https:\/\/wmtbaltic.lv\/#organization"},"potentialAction":[{"@type":"SearchAction","target":{"@type":"EntryPoint","urlTemplate":"https:\/\/wmtbaltic.lv\/?s={search_term_string}"},"query-input":{"@type":"PropertyValueSpecification","valueRequired":true,"valueName":"search_term_string"}}],"inLanguage":"en-US"},{"@type":"Organization","@id":"https:\/\/wmtbaltic.lv\/#organization","name":"WMT Baltic","url":"https:\/\/wmtbaltic.lv\/","logo":{"@type":"ImageObject","inLanguage":"en-US","@id":"https:\/\/wmtbaltic.lv\/#\/schema\/logo\/image\/","url":"https:\/\/wmtbaltic.lv\/wp-content\/uploads\/2024\/12\/wmt-baltic-sia_107142_9_420x180.jpg","contentUrl":"https:\/\/wmtbaltic.lv\/wp-content\/uploads\/2024\/12\/wmt-baltic-sia_107142_9_420x180.jpg","width":420,"height":180,"caption":"WMT Baltic"},"image":{"@id":"https:\/\/wmtbaltic.lv\/#\/schema\/logo\/image\/"},"sameAs":["https:\/\/www.facebook.com\/WMT.Baltic.viscom\/?locale=lv_LV","https:\/\/www.instagram.com\/viscom_wmt\/"]}]}},"_links":{"self":[{"href":"https:\/\/wmtbaltic.lv\/en\/wp-json\/wp\/v2\/product\/2572","targetHints":{"allow":["GET"]}}],"collection":[{"href":"https:\/\/wmtbaltic.lv\/en\/wp-json\/wp\/v2\/product"}],"about":[{"href":"https:\/\/wmtbaltic.lv\/en\/wp-json\/wp\/v2\/types\/product"}],"wp:featuredmedia":[{"embeddable":true,"href":"https:\/\/wmtbaltic.lv\/en\/wp-json\/wp\/v2\/media\/2574"}],"wp:attachment":[{"href":"https:\/\/wmtbaltic.lv\/en\/wp-json\/wp\/v2\/media?parent=2572"}],"wp:term":[{"taxonomy":"product_brand","embeddable":true,"href":"https:\/\/wmtbaltic.lv\/en\/wp-json\/wp\/v2\/product_brand?post=2572"},{"taxonomy":"product_cat","embeddable":true,"href":"https:\/\/wmtbaltic.lv\/en\/wp-json\/wp\/v2\/product_cat?post=2572"},{"taxonomy":"product_tag","embeddable":true,"href":"https:\/\/wmtbaltic.lv\/en\/wp-json\/wp\/v2\/product_tag?post=2572"}],"curies":[{"name":"wp","href":"https:\/\/api.w.org\/{rel}","templated":true}]}}