{"id":2565,"date":"2020-08-31T13:04:53","date_gmt":"2020-08-31T13:04:53","guid":{"rendered":"http:\/\/wmtbaltic.lv\/\/?post_type=product&#038;p=2565"},"modified":"2024-01-29T06:37:56","modified_gmt":"2024-01-29T06:37:56","slug":"spogulpleve-metaleffect-aslan-ca-23-gold-gold-polished-1-25m","status":"publish","type":"product","link":"https:\/\/wmtbaltic.lv\/en\/product\/spogulpleve-metaleffect-aslan-ca-23-gold-gold-polished-1-25m\/","title":{"rendered":"Spogu\u013cpl\u0113ve MetalEffect ASLAN CA 23 gold\/gold polished, 1.25m"},"content":{"rendered":"<p>Cena par teko\u0161o metru.<\/p>\n<p>Pl\u0113ves platums 1.25m.<\/p>\n<p>Rull\u012b 25 m.<\/p>\n<p>Tehniskais apraksts: <a href=\"http:\/\/wmtbaltic.lv\/\/wp-content\/uploads\/2020\/08\/datasheet_aslan_metaleffect_ca_23_e.pdf\">datasheet_aslan_metaleffect_ca_23_e<\/a><\/p>\n<p>&nbsp;<\/p>\n<h5><strong>Jei norite \u012fsigyti\u00a0 MetalEffect ASLAN CA 23 gold\/gold polished, 1.25m prek\u0119\u00a0 m\u016bs\u0173 ofise Lietuvoje,Vilniuje \u201dWMT Vilnius\u201dkambinkite: +37065562119, ra\u0161ykite: <a href=\"mailto:info@wmt.lt\">info@wmt.lt<\/a><\/strong><\/h5>\n<h5><strong>Bendravimui su ofisu Rygoje WMT Baltic SIA, Skambinkite: +371 67800830,ra\u0161ykite<\/strong>:\u00a0<strong><a href=\"mailto:info@adv24.lv\">info@adv24.lv<\/a><\/strong><\/h5>\n","protected":false},"excerpt":{"rendered":"Cena par teko\u0161o metru. Pl\u0113ves platums 1.25m. Rull\u012b 25 m. Tehniskais apraksts: datasheet_aslan_metaleffect_ca_23_e &nbsp; Jei norite \u012fsigyti\u00a0 MetalEffect ASLAN CA 23 gold\/gold polished, 1.25m prek\u0119\u00a0 m\u016bs\u0173 ofise Lietuvoje,Vilniuje \u201dWMT Vilnius\u201dkambinkite: +37065562119, ra\u0161ykite: info@wmt.lt Bendravimui su ofisu Rygoje WMT Baltic SIA, Skambinkite: +371 67800830,ra\u0161ykite:\u00a0info@adv24.lv","protected":false},"featured_media":2557,"template":"","meta":[],"product_brand":[],"product_cat":[389],"product_tag":[485,492],"class_list":{"0":"post-2565","1":"product","2":"type-product","3":"status-publish","4":"has-post-thumbnail","6":"product_cat-spogulpleves","7":"product_tag-metalizetas-pleves","8":"product_tag-spogulpleves","10":"first","11":"instock","12":"shipping-taxable","13":"purchasable","14":"product-type-simple"},"yoast_head":"<!-- This site is optimized with the Yoast SEO plugin v27.4 - https:\/\/yoast.com\/product\/yoast-seo-wordpress\/ -->\n<title>Spogu\u013cpl\u0113ve MetalEffect ASLAN CA 23 gold\/gold polished, nopirkt R\u012bg\u0101<\/title>\n<meta name=\"description\" content=\"Spogu\u013cpl\u0113ve MetalEffect ASLAN CA 23 gold\/gold polished, nopirkt R\u012bg\u0101\" \/>\n<meta name=\"robots\" content=\"index, follow, max-snippet:-1, max-image-preview:large, max-video-preview:-1\" \/>\n<link rel=\"canonical\" href=\"https:\/\/wmtbaltic.lv\/Produkts\/spogulpleve-metaleffect-aslan-ca-23-gold-gold-polished-1-25m\/\" \/>\n<meta property=\"og:locale\" content=\"en_US\" \/>\n<meta property=\"og:type\" content=\"article\" \/>\n<meta property=\"og:title\" content=\"Spogu\u013cpl\u0113ve MetalEffect ASLAN CA 23 gold\/gold polished, nopirkt R\u012bg\u0101\" \/>\n<meta property=\"og:description\" content=\"Spogu\u013cpl\u0113ve MetalEffect ASLAN CA 23 gold\/gold polished, nopirkt R\u012bg\u0101\" \/>\n<meta property=\"og:url\" content=\"https:\/\/wmtbaltic.lv\/Produkts\/spogulpleve-metaleffect-aslan-ca-23-gold-gold-polished-1-25m\/\" \/>\n<meta property=\"og:site_name\" content=\"WMT Baltic\" \/>\n<meta property=\"article:publisher\" content=\"https:\/\/www.facebook.com\/WMT.Baltic.viscom\/?locale=lv_LV\" \/>\n<meta property=\"article:modified_time\" content=\"2024-01-29T06:37:56+00:00\" \/>\n<meta property=\"og:image\" content=\"http:\/\/wmtbaltic.lv\/wp-content\/uploads\/2020\/08\/10_mirror-gold.jpg\" \/>\n\t<meta property=\"og:image:width\" content=\"410\" \/>\n\t<meta property=\"og:image:height\" content=\"123\" \/>\n\t<meta property=\"og:image:type\" content=\"image\/jpeg\" \/>\n<meta name=\"twitter:card\" content=\"summary_large_image\" \/>\n<meta name=\"twitter:label1\" content=\"Est. reading time\" \/>\n\t<meta name=\"twitter:data1\" content=\"1 minute\" \/>\n<script type=\"application\/ld+json\" class=\"yoast-schema-graph\">{\"@context\":\"https:\\\/\\\/schema.org\",\"@graph\":[{\"@type\":\"WebPage\",\"@id\":\"https:\\\/\\\/wmtbaltic.lv\\\/Produkts\\\/spogulpleve-metaleffect-aslan-ca-23-gold-gold-polished-1-25m\\\/\",\"url\":\"https:\\\/\\\/wmtbaltic.lv\\\/Produkts\\\/spogulpleve-metaleffect-aslan-ca-23-gold-gold-polished-1-25m\\\/\",\"name\":\"Spogu\u013cpl\u0113ve MetalEffect ASLAN CA 23 gold\\\/gold polished, nopirkt R\u012bg\u0101\",\"isPartOf\":{\"@id\":\"https:\\\/\\\/wmtbaltic.lv\\\/#website\"},\"primaryImageOfPage\":{\"@id\":\"https:\\\/\\\/wmtbaltic.lv\\\/Produkts\\\/spogulpleve-metaleffect-aslan-ca-23-gold-gold-polished-1-25m\\\/#primaryimage\"},\"image\":{\"@id\":\"https:\\\/\\\/wmtbaltic.lv\\\/Produkts\\\/spogulpleve-metaleffect-aslan-ca-23-gold-gold-polished-1-25m\\\/#primaryimage\"},\"thumbnailUrl\":\"https:\\\/\\\/wmtbaltic.lv\\\/wp-content\\\/uploads\\\/2020\\\/08\\\/10_mirror-gold.jpg\",\"datePublished\":\"2020-08-31T13:04:53+00:00\",\"dateModified\":\"2024-01-29T06:37:56+00:00\",\"description\":\"Spogu\u013cpl\u0113ve MetalEffect ASLAN CA 23 gold\\\/gold polished, nopirkt R\u012bg\u0101\",\"breadcrumb\":{\"@id\":\"https:\\\/\\\/wmtbaltic.lv\\\/Produkts\\\/spogulpleve-metaleffect-aslan-ca-23-gold-gold-polished-1-25m\\\/#breadcrumb\"},\"inLanguage\":\"en-US\",\"potentialAction\":[{\"@type\":\"ReadAction\",\"target\":[\"https:\\\/\\\/wmtbaltic.lv\\\/Produkts\\\/spogulpleve-metaleffect-aslan-ca-23-gold-gold-polished-1-25m\\\/\"]}]},{\"@type\":\"ImageObject\",\"inLanguage\":\"en-US\",\"@id\":\"https:\\\/\\\/wmtbaltic.lv\\\/Produkts\\\/spogulpleve-metaleffect-aslan-ca-23-gold-gold-polished-1-25m\\\/#primaryimage\",\"url\":\"https:\\\/\\\/wmtbaltic.lv\\\/wp-content\\\/uploads\\\/2020\\\/08\\\/10_mirror-gold.jpg\",\"contentUrl\":\"https:\\\/\\\/wmtbaltic.lv\\\/wp-content\\\/uploads\\\/2020\\\/08\\\/10_mirror-gold.jpg\",\"width\":410,\"height\":123},{\"@type\":\"BreadcrumbList\",\"@id\":\"https:\\\/\\\/wmtbaltic.lv\\\/Produkts\\\/spogulpleve-metaleffect-aslan-ca-23-gold-gold-polished-1-25m\\\/#breadcrumb\",\"itemListElement\":[{\"@type\":\"ListItem\",\"position\":1,\"name\":\"Home\",\"item\":\"https:\\\/\\\/wmtbaltic.lv\\\/en\\\/\"},{\"@type\":\"ListItem\",\"position\":2,\"name\":\"Shop\",\"item\":\"https:\\\/\\\/wmtbaltic.lv\\\/shop\\\/\"},{\"@type\":\"ListItem\",\"position\":3,\"name\":\"Spogu\u013cpl\u0113ve MetalEffect ASLAN CA 23 gold\\\/gold polished, 1.25m\"}]},{\"@type\":\"WebSite\",\"@id\":\"https:\\\/\\\/wmtbaltic.lv\\\/#website\",\"url\":\"https:\\\/\\\/wmtbaltic.lv\\\/\",\"name\":\"WMT Baltic\",\"description\":\"Rekl\u0101mas produkti, pl\u0113ves\",\"publisher\":{\"@id\":\"https:\\\/\\\/wmtbaltic.lv\\\/#organization\"},\"potentialAction\":[{\"@type\":\"SearchAction\",\"target\":{\"@type\":\"EntryPoint\",\"urlTemplate\":\"https:\\\/\\\/wmtbaltic.lv\\\/?s={search_term_string}\"},\"query-input\":{\"@type\":\"PropertyValueSpecification\",\"valueRequired\":true,\"valueName\":\"search_term_string\"}}],\"inLanguage\":\"en-US\"},{\"@type\":\"Organization\",\"@id\":\"https:\\\/\\\/wmtbaltic.lv\\\/#organization\",\"name\":\"WMT Baltic\",\"url\":\"https:\\\/\\\/wmtbaltic.lv\\\/\",\"logo\":{\"@type\":\"ImageObject\",\"inLanguage\":\"en-US\",\"@id\":\"https:\\\/\\\/wmtbaltic.lv\\\/#\\\/schema\\\/logo\\\/image\\\/\",\"url\":\"https:\\\/\\\/wmtbaltic.lv\\\/wp-content\\\/uploads\\\/2024\\\/12\\\/wmt-baltic-sia_107142_9_420x180.jpg\",\"contentUrl\":\"https:\\\/\\\/wmtbaltic.lv\\\/wp-content\\\/uploads\\\/2024\\\/12\\\/wmt-baltic-sia_107142_9_420x180.jpg\",\"width\":420,\"height\":180,\"caption\":\"WMT Baltic\"},\"image\":{\"@id\":\"https:\\\/\\\/wmtbaltic.lv\\\/#\\\/schema\\\/logo\\\/image\\\/\"},\"sameAs\":[\"https:\\\/\\\/www.facebook.com\\\/WMT.Baltic.viscom\\\/?locale=lv_LV\",\"https:\\\/\\\/www.instagram.com\\\/viscom_wmt\\\/\"]}]}<\/script>\n<!-- \/ Yoast SEO plugin. -->","yoast_head_json":{"title":"Spogu\u013cpl\u0113ve MetalEffect ASLAN CA 23 gold\/gold polished, nopirkt R\u012bg\u0101","description":"Spogu\u013cpl\u0113ve MetalEffect ASLAN CA 23 gold\/gold polished, nopirkt R\u012bg\u0101","robots":{"index":"index","follow":"follow","max-snippet":"max-snippet:-1","max-image-preview":"max-image-preview:large","max-video-preview":"max-video-preview:-1"},"canonical":"https:\/\/wmtbaltic.lv\/Produkts\/spogulpleve-metaleffect-aslan-ca-23-gold-gold-polished-1-25m\/","og_locale":"en_US","og_type":"article","og_title":"Spogu\u013cpl\u0113ve MetalEffect ASLAN CA 23 gold\/gold polished, nopirkt R\u012bg\u0101","og_description":"Spogu\u013cpl\u0113ve MetalEffect ASLAN CA 23 gold\/gold polished, nopirkt R\u012bg\u0101","og_url":"https:\/\/wmtbaltic.lv\/Produkts\/spogulpleve-metaleffect-aslan-ca-23-gold-gold-polished-1-25m\/","og_site_name":"WMT Baltic","article_publisher":"https:\/\/www.facebook.com\/WMT.Baltic.viscom\/?locale=lv_LV","article_modified_time":"2024-01-29T06:37:56+00:00","og_image":[{"width":410,"height":123,"url":"http:\/\/wmtbaltic.lv\/wp-content\/uploads\/2020\/08\/10_mirror-gold.jpg","type":"image\/jpeg"}],"twitter_card":"summary_large_image","twitter_misc":{"Est. reading time":"1 minute"},"schema":{"@context":"https:\/\/schema.org","@graph":[{"@type":"WebPage","@id":"https:\/\/wmtbaltic.lv\/Produkts\/spogulpleve-metaleffect-aslan-ca-23-gold-gold-polished-1-25m\/","url":"https:\/\/wmtbaltic.lv\/Produkts\/spogulpleve-metaleffect-aslan-ca-23-gold-gold-polished-1-25m\/","name":"Spogu\u013cpl\u0113ve MetalEffect ASLAN CA 23 gold\/gold polished, nopirkt R\u012bg\u0101","isPartOf":{"@id":"https:\/\/wmtbaltic.lv\/#website"},"primaryImageOfPage":{"@id":"https:\/\/wmtbaltic.lv\/Produkts\/spogulpleve-metaleffect-aslan-ca-23-gold-gold-polished-1-25m\/#primaryimage"},"image":{"@id":"https:\/\/wmtbaltic.lv\/Produkts\/spogulpleve-metaleffect-aslan-ca-23-gold-gold-polished-1-25m\/#primaryimage"},"thumbnailUrl":"https:\/\/wmtbaltic.lv\/wp-content\/uploads\/2020\/08\/10_mirror-gold.jpg","datePublished":"2020-08-31T13:04:53+00:00","dateModified":"2024-01-29T06:37:56+00:00","description":"Spogu\u013cpl\u0113ve MetalEffect ASLAN CA 23 gold\/gold polished, nopirkt R\u012bg\u0101","breadcrumb":{"@id":"https:\/\/wmtbaltic.lv\/Produkts\/spogulpleve-metaleffect-aslan-ca-23-gold-gold-polished-1-25m\/#breadcrumb"},"inLanguage":"en-US","potentialAction":[{"@type":"ReadAction","target":["https:\/\/wmtbaltic.lv\/Produkts\/spogulpleve-metaleffect-aslan-ca-23-gold-gold-polished-1-25m\/"]}]},{"@type":"ImageObject","inLanguage":"en-US","@id":"https:\/\/wmtbaltic.lv\/Produkts\/spogulpleve-metaleffect-aslan-ca-23-gold-gold-polished-1-25m\/#primaryimage","url":"https:\/\/wmtbaltic.lv\/wp-content\/uploads\/2020\/08\/10_mirror-gold.jpg","contentUrl":"https:\/\/wmtbaltic.lv\/wp-content\/uploads\/2020\/08\/10_mirror-gold.jpg","width":410,"height":123},{"@type":"BreadcrumbList","@id":"https:\/\/wmtbaltic.lv\/Produkts\/spogulpleve-metaleffect-aslan-ca-23-gold-gold-polished-1-25m\/#breadcrumb","itemListElement":[{"@type":"ListItem","position":1,"name":"Home","item":"https:\/\/wmtbaltic.lv\/en\/"},{"@type":"ListItem","position":2,"name":"Shop","item":"https:\/\/wmtbaltic.lv\/shop\/"},{"@type":"ListItem","position":3,"name":"Spogu\u013cpl\u0113ve MetalEffect ASLAN CA 23 gold\/gold polished, 1.25m"}]},{"@type":"WebSite","@id":"https:\/\/wmtbaltic.lv\/#website","url":"https:\/\/wmtbaltic.lv\/","name":"WMT Baltic","description":"Rekl\u0101mas produkti, pl\u0113ves","publisher":{"@id":"https:\/\/wmtbaltic.lv\/#organization"},"potentialAction":[{"@type":"SearchAction","target":{"@type":"EntryPoint","urlTemplate":"https:\/\/wmtbaltic.lv\/?s={search_term_string}"},"query-input":{"@type":"PropertyValueSpecification","valueRequired":true,"valueName":"search_term_string"}}],"inLanguage":"en-US"},{"@type":"Organization","@id":"https:\/\/wmtbaltic.lv\/#organization","name":"WMT Baltic","url":"https:\/\/wmtbaltic.lv\/","logo":{"@type":"ImageObject","inLanguage":"en-US","@id":"https:\/\/wmtbaltic.lv\/#\/schema\/logo\/image\/","url":"https:\/\/wmtbaltic.lv\/wp-content\/uploads\/2024\/12\/wmt-baltic-sia_107142_9_420x180.jpg","contentUrl":"https:\/\/wmtbaltic.lv\/wp-content\/uploads\/2024\/12\/wmt-baltic-sia_107142_9_420x180.jpg","width":420,"height":180,"caption":"WMT Baltic"},"image":{"@id":"https:\/\/wmtbaltic.lv\/#\/schema\/logo\/image\/"},"sameAs":["https:\/\/www.facebook.com\/WMT.Baltic.viscom\/?locale=lv_LV","https:\/\/www.instagram.com\/viscom_wmt\/"]}]}},"_links":{"self":[{"href":"https:\/\/wmtbaltic.lv\/en\/wp-json\/wp\/v2\/product\/2565","targetHints":{"allow":["GET"]}}],"collection":[{"href":"https:\/\/wmtbaltic.lv\/en\/wp-json\/wp\/v2\/product"}],"about":[{"href":"https:\/\/wmtbaltic.lv\/en\/wp-json\/wp\/v2\/types\/product"}],"wp:featuredmedia":[{"embeddable":true,"href":"https:\/\/wmtbaltic.lv\/en\/wp-json\/wp\/v2\/media\/2557"}],"wp:attachment":[{"href":"https:\/\/wmtbaltic.lv\/en\/wp-json\/wp\/v2\/media?parent=2565"}],"wp:term":[{"taxonomy":"product_brand","embeddable":true,"href":"https:\/\/wmtbaltic.lv\/en\/wp-json\/wp\/v2\/product_brand?post=2565"},{"taxonomy":"product_cat","embeddable":true,"href":"https:\/\/wmtbaltic.lv\/en\/wp-json\/wp\/v2\/product_cat?post=2565"},{"taxonomy":"product_tag","embeddable":true,"href":"https:\/\/wmtbaltic.lv\/en\/wp-json\/wp\/v2\/product_tag?post=2565"}],"curies":[{"name":"wp","href":"https:\/\/api.w.org\/{rel}","templated":true}]}}