{"id":2469,"date":"2020-08-28T13:24:46","date_gmt":"2020-08-28T13:24:46","guid":{"rendered":"http:\/\/wmtbaltic.lv\/\/?post_type=product&#038;p=2469"},"modified":"2021-03-23T10:31:37","modified_gmt":"2021-03-23T10:31:37","slug":"caurspidigs-biezums-30-0mm-izmers-1850-%d1%85-3050mm","status":"publish","type":"product","link":"https:\/\/wmtbaltic.lv\/en\/product\/caurspidigs-biezums-30-0mm-izmers-1850-%d1%85-3050mm\/","title":{"rendered":"Caursp\u012bd\u012bgs, Biezums 30.0mm Izm\u0113rs 1850 \u0445 3050mm"},"content":{"rendered":"<p align=\"left\"><strong><span style=\"font-size: small;\">PMMA &#8220;XT&#8221; ekstrud\u0113ts organiskais stikls<\/span><\/strong><\/p>\n<p align=\"justify\">Caursp\u012bd\u012bgs vai pienbalts materi\u0101ls. PMMA organisk\u0101m stiklam piem\u012bt ilgsto\u0161a notur\u012bba pret apk\u0101rt\u0113j\u0101s vides iedarb\u012bbas, laba triecieniztur\u012bba, viegls svars, augsta gaismas caurlaid\u012bba caursp\u012bd\u012bgam un labs izklied\u0113\u0161anas r\u0101d\u012bt\u0101js pienbaltam materi\u0101lam. Materi\u0101lam ir laba notur\u012bba pret UV starojuma iedarb\u012bbu, tas ir viegli apstr\u0101d\u0101jams \u2013 to var l\u012bm\u0113t, griezt, urbt un, izmantojot termoform\u0113\u0161anas metodes, loc\u012bt.<\/p>\n","protected":false},"excerpt":{"rendered":"PMMA \"XT\" ekstrud\u0113ts organiskais stikls Caursp\u012bd\u012bgs vai pienbalts materi\u0101ls. PMMA organisk\u0101m stiklam piem\u012bt ilgsto\u0161a notur\u012bba pret apk\u0101rt\u0113j\u0101s vides iedarb\u012bbas, laba triecieniztur\u012bba, viegls svars, augsta gaismas caurlaid\u012bba caursp\u012bd\u012bgam un labs izklied\u0113\u0161anas r\u0101d\u012bt\u0101js pienbaltam materi\u0101lam. Materi\u0101lam ir laba notur\u012bba pret UV starojuma iedarb\u012bbu, tas ir viegli apstr\u0101d\u0101jams \u2013 to var l\u012bm\u0113t, griezt, urbt un, izmantojot termoform\u0113\u0161anas metodes, [...]","protected":false},"featured_media":5675,"template":"","meta":[],"product_brand":[],"product_cat":[366],"product_tag":[],"class_list":{"0":"post-2469","1":"product","2":"type-product","3":"status-publish","4":"has-post-thumbnail","6":"product_cat-ekstrudets-organiskais-stikls","8":"first","9":"instock","10":"shipping-taxable","11":"purchasable","12":"product-type-simple"},"yoast_head":"<!-- This site is optimized with the Yoast SEO plugin v27.4 - https:\/\/yoast.com\/product\/yoast-seo-wordpress\/ -->\n<title>Caursp\u012bd\u012bgs, Biezums 30.0mm Izm\u0113rs 1850 \u0445 3050mm - WMT Baltic<\/title>\n<meta name=\"robots\" content=\"index, follow, max-snippet:-1, max-image-preview:large, max-video-preview:-1\" \/>\n<link rel=\"canonical\" href=\"https:\/\/wmtbaltic.lv\/Produkts\/caurspidigs-biezums-30-0mm-izmers-1850-\u0445-3050mm\/\" \/>\n<meta property=\"og:locale\" content=\"en_US\" \/>\n<meta property=\"og:type\" content=\"article\" \/>\n<meta property=\"og:title\" content=\"Caursp\u012bd\u012bgs, Biezums 30.0mm Izm\u0113rs 1850 \u0445 3050mm - WMT Baltic\" \/>\n<meta property=\"og:url\" content=\"https:\/\/wmtbaltic.lv\/Produkts\/caurspidigs-biezums-30-0mm-izmers-1850-\u0445-3050mm\/\" \/>\n<meta property=\"og:site_name\" content=\"WMT Baltic\" \/>\n<meta property=\"article:publisher\" content=\"https:\/\/www.facebook.com\/WMT.Baltic.viscom\/?locale=lv_LV\" \/>\n<meta property=\"article:modified_time\" content=\"2021-03-23T10:31:37+00:00\" \/>\n<meta property=\"og:image\" content=\"https:\/\/wmtbaltic.lv\/wp-content\/uploads\/2020\/08\/pmma_wmt-baltic_big-tickness__.jpg\" \/>\n\t<meta property=\"og:image:width\" content=\"1060\" \/>\n\t<meta property=\"og:image:height\" content=\"709\" \/>\n\t<meta property=\"og:image:type\" content=\"image\/jpeg\" \/>\n<meta name=\"twitter:card\" content=\"summary_large_image\" \/>\n<meta name=\"twitter:label1\" content=\"Est. reading time\" \/>\n\t<meta name=\"twitter:data1\" content=\"1 minute\" \/>\n<script type=\"application\/ld+json\" class=\"yoast-schema-graph\">{\"@context\":\"https:\\\/\\\/schema.org\",\"@graph\":[{\"@type\":\"WebPage\",\"@id\":\"https:\\\/\\\/wmtbaltic.lv\\\/Produkts\\\/caurspidigs-biezums-30-0mm-izmers-1850-%d1%85-3050mm\\\/\",\"url\":\"https:\\\/\\\/wmtbaltic.lv\\\/Produkts\\\/caurspidigs-biezums-30-0mm-izmers-1850-%d1%85-3050mm\\\/\",\"name\":\"Caursp\u012bd\u012bgs, Biezums 30.0mm Izm\u0113rs 1850 \u0445 3050mm - WMT Baltic\",\"isPartOf\":{\"@id\":\"https:\\\/\\\/wmtbaltic.lv\\\/#website\"},\"primaryImageOfPage\":{\"@id\":\"https:\\\/\\\/wmtbaltic.lv\\\/Produkts\\\/caurspidigs-biezums-30-0mm-izmers-1850-%d1%85-3050mm\\\/#primaryimage\"},\"image\":{\"@id\":\"https:\\\/\\\/wmtbaltic.lv\\\/Produkts\\\/caurspidigs-biezums-30-0mm-izmers-1850-%d1%85-3050mm\\\/#primaryimage\"},\"thumbnailUrl\":\"https:\\\/\\\/wmtbaltic.lv\\\/wp-content\\\/uploads\\\/2020\\\/08\\\/pmma_wmt-baltic_big-tickness__.jpg\",\"datePublished\":\"2020-08-28T13:24:46+00:00\",\"dateModified\":\"2021-03-23T10:31:37+00:00\",\"breadcrumb\":{\"@id\":\"https:\\\/\\\/wmtbaltic.lv\\\/Produkts\\\/caurspidigs-biezums-30-0mm-izmers-1850-%d1%85-3050mm\\\/#breadcrumb\"},\"inLanguage\":\"en-US\",\"potentialAction\":[{\"@type\":\"ReadAction\",\"target\":[\"https:\\\/\\\/wmtbaltic.lv\\\/Produkts\\\/caurspidigs-biezums-30-0mm-izmers-1850-%d1%85-3050mm\\\/\"]}]},{\"@type\":\"ImageObject\",\"inLanguage\":\"en-US\",\"@id\":\"https:\\\/\\\/wmtbaltic.lv\\\/Produkts\\\/caurspidigs-biezums-30-0mm-izmers-1850-%d1%85-3050mm\\\/#primaryimage\",\"url\":\"https:\\\/\\\/wmtbaltic.lv\\\/wp-content\\\/uploads\\\/2020\\\/08\\\/pmma_wmt-baltic_big-tickness__.jpg\",\"contentUrl\":\"https:\\\/\\\/wmtbaltic.lv\\\/wp-content\\\/uploads\\\/2020\\\/08\\\/pmma_wmt-baltic_big-tickness__.jpg\",\"width\":1060,\"height\":709},{\"@type\":\"BreadcrumbList\",\"@id\":\"https:\\\/\\\/wmtbaltic.lv\\\/Produkts\\\/caurspidigs-biezums-30-0mm-izmers-1850-%d1%85-3050mm\\\/#breadcrumb\",\"itemListElement\":[{\"@type\":\"ListItem\",\"position\":1,\"name\":\"Home\",\"item\":\"https:\\\/\\\/wmtbaltic.lv\\\/en\\\/\"},{\"@type\":\"ListItem\",\"position\":2,\"name\":\"Shop\",\"item\":\"https:\\\/\\\/wmtbaltic.lv\\\/shop\\\/\"},{\"@type\":\"ListItem\",\"position\":3,\"name\":\"Caursp\u012bd\u012bgs, Biezums 30.0mm Izm\u0113rs 1850 \u0445 3050mm\"}]},{\"@type\":\"WebSite\",\"@id\":\"https:\\\/\\\/wmtbaltic.lv\\\/#website\",\"url\":\"https:\\\/\\\/wmtbaltic.lv\\\/\",\"name\":\"WMT Baltic\",\"description\":\"Rekl\u0101mas produkti, pl\u0113ves\",\"publisher\":{\"@id\":\"https:\\\/\\\/wmtbaltic.lv\\\/#organization\"},\"potentialAction\":[{\"@type\":\"SearchAction\",\"target\":{\"@type\":\"EntryPoint\",\"urlTemplate\":\"https:\\\/\\\/wmtbaltic.lv\\\/?s={search_term_string}\"},\"query-input\":{\"@type\":\"PropertyValueSpecification\",\"valueRequired\":true,\"valueName\":\"search_term_string\"}}],\"inLanguage\":\"en-US\"},{\"@type\":\"Organization\",\"@id\":\"https:\\\/\\\/wmtbaltic.lv\\\/#organization\",\"name\":\"WMT Baltic\",\"url\":\"https:\\\/\\\/wmtbaltic.lv\\\/\",\"logo\":{\"@type\":\"ImageObject\",\"inLanguage\":\"en-US\",\"@id\":\"https:\\\/\\\/wmtbaltic.lv\\\/#\\\/schema\\\/logo\\\/image\\\/\",\"url\":\"https:\\\/\\\/wmtbaltic.lv\\\/wp-content\\\/uploads\\\/2024\\\/12\\\/wmt-baltic-sia_107142_9_420x180.jpg\",\"contentUrl\":\"https:\\\/\\\/wmtbaltic.lv\\\/wp-content\\\/uploads\\\/2024\\\/12\\\/wmt-baltic-sia_107142_9_420x180.jpg\",\"width\":420,\"height\":180,\"caption\":\"WMT Baltic\"},\"image\":{\"@id\":\"https:\\\/\\\/wmtbaltic.lv\\\/#\\\/schema\\\/logo\\\/image\\\/\"},\"sameAs\":[\"https:\\\/\\\/www.facebook.com\\\/WMT.Baltic.viscom\\\/?locale=lv_LV\",\"https:\\\/\\\/www.instagram.com\\\/viscom_wmt\\\/\"]}]}<\/script>\n<!-- \/ Yoast SEO plugin. -->","yoast_head_json":{"title":"Caursp\u012bd\u012bgs, Biezums 30.0mm Izm\u0113rs 1850 \u0445 3050mm - WMT Baltic","robots":{"index":"index","follow":"follow","max-snippet":"max-snippet:-1","max-image-preview":"max-image-preview:large","max-video-preview":"max-video-preview:-1"},"canonical":"https:\/\/wmtbaltic.lv\/Produkts\/caurspidigs-biezums-30-0mm-izmers-1850-\u0445-3050mm\/","og_locale":"en_US","og_type":"article","og_title":"Caursp\u012bd\u012bgs, Biezums 30.0mm Izm\u0113rs 1850 \u0445 3050mm - WMT Baltic","og_url":"https:\/\/wmtbaltic.lv\/Produkts\/caurspidigs-biezums-30-0mm-izmers-1850-\u0445-3050mm\/","og_site_name":"WMT Baltic","article_publisher":"https:\/\/www.facebook.com\/WMT.Baltic.viscom\/?locale=lv_LV","article_modified_time":"2021-03-23T10:31:37+00:00","og_image":[{"width":1060,"height":709,"url":"https:\/\/wmtbaltic.lv\/wp-content\/uploads\/2020\/08\/pmma_wmt-baltic_big-tickness__.jpg","type":"image\/jpeg"}],"twitter_card":"summary_large_image","twitter_misc":{"Est. reading time":"1 minute"},"schema":{"@context":"https:\/\/schema.org","@graph":[{"@type":"WebPage","@id":"https:\/\/wmtbaltic.lv\/Produkts\/caurspidigs-biezums-30-0mm-izmers-1850-%d1%85-3050mm\/","url":"https:\/\/wmtbaltic.lv\/Produkts\/caurspidigs-biezums-30-0mm-izmers-1850-%d1%85-3050mm\/","name":"Caursp\u012bd\u012bgs, Biezums 30.0mm Izm\u0113rs 1850 \u0445 3050mm - WMT Baltic","isPartOf":{"@id":"https:\/\/wmtbaltic.lv\/#website"},"primaryImageOfPage":{"@id":"https:\/\/wmtbaltic.lv\/Produkts\/caurspidigs-biezums-30-0mm-izmers-1850-%d1%85-3050mm\/#primaryimage"},"image":{"@id":"https:\/\/wmtbaltic.lv\/Produkts\/caurspidigs-biezums-30-0mm-izmers-1850-%d1%85-3050mm\/#primaryimage"},"thumbnailUrl":"https:\/\/wmtbaltic.lv\/wp-content\/uploads\/2020\/08\/pmma_wmt-baltic_big-tickness__.jpg","datePublished":"2020-08-28T13:24:46+00:00","dateModified":"2021-03-23T10:31:37+00:00","breadcrumb":{"@id":"https:\/\/wmtbaltic.lv\/Produkts\/caurspidigs-biezums-30-0mm-izmers-1850-%d1%85-3050mm\/#breadcrumb"},"inLanguage":"en-US","potentialAction":[{"@type":"ReadAction","target":["https:\/\/wmtbaltic.lv\/Produkts\/caurspidigs-biezums-30-0mm-izmers-1850-%d1%85-3050mm\/"]}]},{"@type":"ImageObject","inLanguage":"en-US","@id":"https:\/\/wmtbaltic.lv\/Produkts\/caurspidigs-biezums-30-0mm-izmers-1850-%d1%85-3050mm\/#primaryimage","url":"https:\/\/wmtbaltic.lv\/wp-content\/uploads\/2020\/08\/pmma_wmt-baltic_big-tickness__.jpg","contentUrl":"https:\/\/wmtbaltic.lv\/wp-content\/uploads\/2020\/08\/pmma_wmt-baltic_big-tickness__.jpg","width":1060,"height":709},{"@type":"BreadcrumbList","@id":"https:\/\/wmtbaltic.lv\/Produkts\/caurspidigs-biezums-30-0mm-izmers-1850-%d1%85-3050mm\/#breadcrumb","itemListElement":[{"@type":"ListItem","position":1,"name":"Home","item":"https:\/\/wmtbaltic.lv\/en\/"},{"@type":"ListItem","position":2,"name":"Shop","item":"https:\/\/wmtbaltic.lv\/shop\/"},{"@type":"ListItem","position":3,"name":"Caursp\u012bd\u012bgs, Biezums 30.0mm Izm\u0113rs 1850 \u0445 3050mm"}]},{"@type":"WebSite","@id":"https:\/\/wmtbaltic.lv\/#website","url":"https:\/\/wmtbaltic.lv\/","name":"WMT Baltic","description":"Rekl\u0101mas produkti, pl\u0113ves","publisher":{"@id":"https:\/\/wmtbaltic.lv\/#organization"},"potentialAction":[{"@type":"SearchAction","target":{"@type":"EntryPoint","urlTemplate":"https:\/\/wmtbaltic.lv\/?s={search_term_string}"},"query-input":{"@type":"PropertyValueSpecification","valueRequired":true,"valueName":"search_term_string"}}],"inLanguage":"en-US"},{"@type":"Organization","@id":"https:\/\/wmtbaltic.lv\/#organization","name":"WMT Baltic","url":"https:\/\/wmtbaltic.lv\/","logo":{"@type":"ImageObject","inLanguage":"en-US","@id":"https:\/\/wmtbaltic.lv\/#\/schema\/logo\/image\/","url":"https:\/\/wmtbaltic.lv\/wp-content\/uploads\/2024\/12\/wmt-baltic-sia_107142_9_420x180.jpg","contentUrl":"https:\/\/wmtbaltic.lv\/wp-content\/uploads\/2024\/12\/wmt-baltic-sia_107142_9_420x180.jpg","width":420,"height":180,"caption":"WMT Baltic"},"image":{"@id":"https:\/\/wmtbaltic.lv\/#\/schema\/logo\/image\/"},"sameAs":["https:\/\/www.facebook.com\/WMT.Baltic.viscom\/?locale=lv_LV","https:\/\/www.instagram.com\/viscom_wmt\/"]}]}},"_links":{"self":[{"href":"https:\/\/wmtbaltic.lv\/en\/wp-json\/wp\/v2\/product\/2469","targetHints":{"allow":["GET"]}}],"collection":[{"href":"https:\/\/wmtbaltic.lv\/en\/wp-json\/wp\/v2\/product"}],"about":[{"href":"https:\/\/wmtbaltic.lv\/en\/wp-json\/wp\/v2\/types\/product"}],"wp:featuredmedia":[{"embeddable":true,"href":"https:\/\/wmtbaltic.lv\/en\/wp-json\/wp\/v2\/media\/5675"}],"wp:attachment":[{"href":"https:\/\/wmtbaltic.lv\/en\/wp-json\/wp\/v2\/media?parent=2469"}],"wp:term":[{"taxonomy":"product_brand","embeddable":true,"href":"https:\/\/wmtbaltic.lv\/en\/wp-json\/wp\/v2\/product_brand?post=2469"},{"taxonomy":"product_cat","embeddable":true,"href":"https:\/\/wmtbaltic.lv\/en\/wp-json\/wp\/v2\/product_cat?post=2469"},{"taxonomy":"product_tag","embeddable":true,"href":"https:\/\/wmtbaltic.lv\/en\/wp-json\/wp\/v2\/product_tag?post=2469"}],"curies":[{"name":"wp","href":"https:\/\/api.w.org\/{rel}","templated":true}]}}