{"id":2305,"date":"2020-08-26T14:17:51","date_gmt":"2020-08-26T14:17:51","guid":{"rendered":"http:\/\/wmtbaltic.lv\/\/?post_type=product&#038;p=2305"},"modified":"2024-01-26T14:23:50","modified_gmt":"2024-01-26T14:23:50","slug":"limpleve-holografiska-sparkle-silver-vinyl-0-61m","status":"publish","type":"product","link":"https:\/\/wmtbaltic.lv\/en\/product\/limpleve-holografiska-sparkle-silver-vinyl-0-61m\/","title":{"rendered":"L\u012bmpl\u0113ve, hologr\u0101fisk\u0101 Sparkle Silver Vinyl, 0.61m"},"content":{"rendered":"<p>Cena par teko\u0161o metru.<\/p>\n<p>Pl\u0113ves platums 0.61m.<\/p>\n<p>Rull\u012b 45.7 m.<\/p>\n<p>Tehnisk\u0101 inform\u0101cija:<a href=\"http:\/\/wmtbaltic.lv\/wp-content\/uploads\/2020\/08\/M1492_VinylEfx_ProductOverview-08.01.23-WEB.pdf\">VinylEfx_ProductOverview <\/a><\/p>\n<p>&nbsp;<\/p>\n<p><strong>Jei norite \u012fsigyti holografin\u0117 lipni pl\u0117vel\u0117 Sparkle Silver Vinyl, 0.61m\u00a0 prek\u0119\u00a0 m\u016bs\u0173 ofise Lietuvoje,Vilniuje \u201dWMT Vilnius\u201dkambinkite: +37065562119, ra\u0161ykite:<\/strong> <a href=\"mailto:info@wmt.lt\">info@wmt.lt<\/a><\/p>\n<p><strong>Bendravimui su ofisu Rygoje WMT Baltic SIA, Skambinkite: +371 67800830,ra\u0161ykite<\/strong>: <a href=\"mailto:info@adv24.lv\">info@adv24.lv<\/a><\/p>\n","protected":false},"excerpt":{"rendered":"Cena par teko\u0161o metru. Pl\u0113ves platums 0.61m. Rull\u012b 45.7 m. Tehnisk\u0101 inform\u0101cija:VinylEfx_ProductOverview &nbsp; Jei norite \u012fsigyti holografin\u0117 lipni pl\u0117vel\u0117 Sparkle Silver Vinyl, 0.61m\u00a0 prek\u0119\u00a0 m\u016bs\u0173 ofise Lietuvoje,Vilniuje \u201dWMT Vilnius\u201dkambinkite: +37065562119, ra\u0161ykite: info@wmt.lt Bendravimui su ofisu Rygoje WMT Baltic SIA, Skambinkite: +371 67800830,ra\u0161ykite: info@adv24.lv","protected":false},"featured_media":2466,"comment_status":"closed","ping_status":"closed","template":"","meta":[],"product_brand":[],"product_cat":[380,165],"product_tag":[486,485],"class_list":{"0":"post-2305","1":"product","2":"type-product","3":"status-publish","4":"has-post-thumbnail","6":"product_cat-holografiskas_pleves","7":"product_cat-metalizetas-pleves-drukai","8":"product_tag-holografiskas-pleves","9":"product_tag-metalizetas-pleves","11":"first","12":"instock","13":"shipping-taxable","14":"purchasable","15":"product-type-simple"},"yoast_head":"<!-- This site is optimized with the Yoast SEO plugin v27.4 - https:\/\/yoast.com\/product\/yoast-seo-wordpress\/ -->\n<title>L\u012bmpl\u0113ve, hologr\u0101fisk\u0101 Sparkle Silver Vinyl, nopirkt R\u012bg\u0101<\/title>\n<meta name=\"description\" content=\"L\u012bmpl\u0113ve, hologr\u0101fisk\u0101 Sparkle Silver Vinyl, nopirkt R\u012bg\u0101\" \/>\n<meta name=\"robots\" content=\"index, follow, max-snippet:-1, max-image-preview:large, max-video-preview:-1\" \/>\n<link rel=\"canonical\" href=\"https:\/\/wmtbaltic.lv\/Produkts\/limpleve-holografiska-sparkle-silver-vinyl-0-61m\/\" \/>\n<meta property=\"og:locale\" content=\"en_US\" \/>\n<meta property=\"og:type\" content=\"article\" \/>\n<meta property=\"og:title\" content=\"L\u012bmpl\u0113ve, hologr\u0101fisk\u0101 Sparkle Silver Vinyl, nopirkt R\u012bg\u0101\" \/>\n<meta property=\"og:description\" content=\"L\u012bmpl\u0113ve, hologr\u0101fisk\u0101 Sparkle Silver Vinyl, nopirkt R\u012bg\u0101\" \/>\n<meta property=\"og:url\" content=\"https:\/\/wmtbaltic.lv\/Produkts\/limpleve-holografiska-sparkle-silver-vinyl-0-61m\/\" \/>\n<meta property=\"og:site_name\" content=\"WMT Baltic\" \/>\n<meta property=\"article:publisher\" content=\"https:\/\/www.facebook.com\/WMT.Baltic.viscom\/?locale=lv_LV\" \/>\n<meta property=\"article:modified_time\" content=\"2024-01-26T14:23:50+00:00\" \/>\n<meta property=\"og:image\" content=\"http:\/\/wmtbaltic.lv\/wp-content\/uploads\/2020\/08\/10_sparkle-silver.jpg\" \/>\n\t<meta property=\"og:image:width\" content=\"600\" \/>\n\t<meta property=\"og:image:height\" content=\"255\" \/>\n\t<meta property=\"og:image:type\" content=\"image\/jpeg\" \/>\n<meta name=\"twitter:card\" content=\"summary_large_image\" \/>\n<meta name=\"twitter:label1\" content=\"Est. reading time\" \/>\n\t<meta name=\"twitter:data1\" content=\"1 minute\" \/>\n<script type=\"application\/ld+json\" class=\"yoast-schema-graph\">{\"@context\":\"https:\\\/\\\/schema.org\",\"@graph\":[{\"@type\":\"WebPage\",\"@id\":\"https:\\\/\\\/wmtbaltic.lv\\\/Produkts\\\/limpleve-holografiska-sparkle-silver-vinyl-0-61m\\\/\",\"url\":\"https:\\\/\\\/wmtbaltic.lv\\\/Produkts\\\/limpleve-holografiska-sparkle-silver-vinyl-0-61m\\\/\",\"name\":\"L\u012bmpl\u0113ve, hologr\u0101fisk\u0101 Sparkle Silver Vinyl, nopirkt R\u012bg\u0101\",\"isPartOf\":{\"@id\":\"https:\\\/\\\/wmtbaltic.lv\\\/#website\"},\"primaryImageOfPage\":{\"@id\":\"https:\\\/\\\/wmtbaltic.lv\\\/Produkts\\\/limpleve-holografiska-sparkle-silver-vinyl-0-61m\\\/#primaryimage\"},\"image\":{\"@id\":\"https:\\\/\\\/wmtbaltic.lv\\\/Produkts\\\/limpleve-holografiska-sparkle-silver-vinyl-0-61m\\\/#primaryimage\"},\"thumbnailUrl\":\"https:\\\/\\\/wmtbaltic.lv\\\/wp-content\\\/uploads\\\/2020\\\/08\\\/10_sparkle-silver.jpg\",\"datePublished\":\"2020-08-26T14:17:51+00:00\",\"dateModified\":\"2024-01-26T14:23:50+00:00\",\"description\":\"L\u012bmpl\u0113ve, hologr\u0101fisk\u0101 Sparkle Silver Vinyl, nopirkt R\u012bg\u0101\",\"breadcrumb\":{\"@id\":\"https:\\\/\\\/wmtbaltic.lv\\\/Produkts\\\/limpleve-holografiska-sparkle-silver-vinyl-0-61m\\\/#breadcrumb\"},\"inLanguage\":\"en-US\",\"potentialAction\":[{\"@type\":\"ReadAction\",\"target\":[\"https:\\\/\\\/wmtbaltic.lv\\\/Produkts\\\/limpleve-holografiska-sparkle-silver-vinyl-0-61m\\\/\"]}]},{\"@type\":\"ImageObject\",\"inLanguage\":\"en-US\",\"@id\":\"https:\\\/\\\/wmtbaltic.lv\\\/Produkts\\\/limpleve-holografiska-sparkle-silver-vinyl-0-61m\\\/#primaryimage\",\"url\":\"https:\\\/\\\/wmtbaltic.lv\\\/wp-content\\\/uploads\\\/2020\\\/08\\\/10_sparkle-silver.jpg\",\"contentUrl\":\"https:\\\/\\\/wmtbaltic.lv\\\/wp-content\\\/uploads\\\/2020\\\/08\\\/10_sparkle-silver.jpg\",\"width\":600,\"height\":255},{\"@type\":\"BreadcrumbList\",\"@id\":\"https:\\\/\\\/wmtbaltic.lv\\\/Produkts\\\/limpleve-holografiska-sparkle-silver-vinyl-0-61m\\\/#breadcrumb\",\"itemListElement\":[{\"@type\":\"ListItem\",\"position\":1,\"name\":\"Home\",\"item\":\"https:\\\/\\\/wmtbaltic.lv\\\/en\\\/\"},{\"@type\":\"ListItem\",\"position\":2,\"name\":\"Products\",\"item\":\"https:\\\/\\\/wmtbaltic.lv\\\/en\\\/shop\\\/\"},{\"@type\":\"ListItem\",\"position\":3,\"name\":\"L\u012bmpl\u0113ve, hologr\u0101fisk\u0101 Sparkle Silver Vinyl, 0.61m\"}]},{\"@type\":\"WebSite\",\"@id\":\"https:\\\/\\\/wmtbaltic.lv\\\/#website\",\"url\":\"https:\\\/\\\/wmtbaltic.lv\\\/\",\"name\":\"WMT Baltic\",\"description\":\"Rekl\u0101mas produkti, pl\u0113ves\",\"publisher\":{\"@id\":\"https:\\\/\\\/wmtbaltic.lv\\\/#organization\"},\"potentialAction\":[{\"@type\":\"SearchAction\",\"target\":{\"@type\":\"EntryPoint\",\"urlTemplate\":\"https:\\\/\\\/wmtbaltic.lv\\\/?s={search_term_string}\"},\"query-input\":{\"@type\":\"PropertyValueSpecification\",\"valueRequired\":true,\"valueName\":\"search_term_string\"}}],\"inLanguage\":\"en-US\"},{\"@type\":\"Organization\",\"@id\":\"https:\\\/\\\/wmtbaltic.lv\\\/#organization\",\"name\":\"WMT Baltic\",\"url\":\"https:\\\/\\\/wmtbaltic.lv\\\/\",\"logo\":{\"@type\":\"ImageObject\",\"inLanguage\":\"en-US\",\"@id\":\"https:\\\/\\\/wmtbaltic.lv\\\/#\\\/schema\\\/logo\\\/image\\\/\",\"url\":\"https:\\\/\\\/wmtbaltic.lv\\\/wp-content\\\/uploads\\\/2024\\\/12\\\/wmt-baltic-sia_107142_9_420x180.jpg\",\"contentUrl\":\"https:\\\/\\\/wmtbaltic.lv\\\/wp-content\\\/uploads\\\/2024\\\/12\\\/wmt-baltic-sia_107142_9_420x180.jpg\",\"width\":420,\"height\":180,\"caption\":\"WMT Baltic\"},\"image\":{\"@id\":\"https:\\\/\\\/wmtbaltic.lv\\\/#\\\/schema\\\/logo\\\/image\\\/\"},\"sameAs\":[\"https:\\\/\\\/www.facebook.com\\\/WMT.Baltic.viscom\\\/?locale=lv_LV\",\"https:\\\/\\\/www.instagram.com\\\/viscom_wmt\\\/\"]}]}<\/script>\n<!-- \/ Yoast SEO plugin. -->","yoast_head_json":{"title":"L\u012bmpl\u0113ve, hologr\u0101fisk\u0101 Sparkle Silver Vinyl, nopirkt R\u012bg\u0101","description":"L\u012bmpl\u0113ve, hologr\u0101fisk\u0101 Sparkle Silver Vinyl, nopirkt R\u012bg\u0101","robots":{"index":"index","follow":"follow","max-snippet":"max-snippet:-1","max-image-preview":"max-image-preview:large","max-video-preview":"max-video-preview:-1"},"canonical":"https:\/\/wmtbaltic.lv\/Produkts\/limpleve-holografiska-sparkle-silver-vinyl-0-61m\/","og_locale":"en_US","og_type":"article","og_title":"L\u012bmpl\u0113ve, hologr\u0101fisk\u0101 Sparkle Silver Vinyl, nopirkt R\u012bg\u0101","og_description":"L\u012bmpl\u0113ve, hologr\u0101fisk\u0101 Sparkle Silver Vinyl, nopirkt R\u012bg\u0101","og_url":"https:\/\/wmtbaltic.lv\/Produkts\/limpleve-holografiska-sparkle-silver-vinyl-0-61m\/","og_site_name":"WMT Baltic","article_publisher":"https:\/\/www.facebook.com\/WMT.Baltic.viscom\/?locale=lv_LV","article_modified_time":"2024-01-26T14:23:50+00:00","og_image":[{"width":600,"height":255,"url":"http:\/\/wmtbaltic.lv\/wp-content\/uploads\/2020\/08\/10_sparkle-silver.jpg","type":"image\/jpeg"}],"twitter_card":"summary_large_image","twitter_misc":{"Est. reading time":"1 minute"},"schema":{"@context":"https:\/\/schema.org","@graph":[{"@type":"WebPage","@id":"https:\/\/wmtbaltic.lv\/Produkts\/limpleve-holografiska-sparkle-silver-vinyl-0-61m\/","url":"https:\/\/wmtbaltic.lv\/Produkts\/limpleve-holografiska-sparkle-silver-vinyl-0-61m\/","name":"L\u012bmpl\u0113ve, hologr\u0101fisk\u0101 Sparkle Silver Vinyl, nopirkt R\u012bg\u0101","isPartOf":{"@id":"https:\/\/wmtbaltic.lv\/#website"},"primaryImageOfPage":{"@id":"https:\/\/wmtbaltic.lv\/Produkts\/limpleve-holografiska-sparkle-silver-vinyl-0-61m\/#primaryimage"},"image":{"@id":"https:\/\/wmtbaltic.lv\/Produkts\/limpleve-holografiska-sparkle-silver-vinyl-0-61m\/#primaryimage"},"thumbnailUrl":"https:\/\/wmtbaltic.lv\/wp-content\/uploads\/2020\/08\/10_sparkle-silver.jpg","datePublished":"2020-08-26T14:17:51+00:00","dateModified":"2024-01-26T14:23:50+00:00","description":"L\u012bmpl\u0113ve, hologr\u0101fisk\u0101 Sparkle Silver Vinyl, nopirkt R\u012bg\u0101","breadcrumb":{"@id":"https:\/\/wmtbaltic.lv\/Produkts\/limpleve-holografiska-sparkle-silver-vinyl-0-61m\/#breadcrumb"},"inLanguage":"en-US","potentialAction":[{"@type":"ReadAction","target":["https:\/\/wmtbaltic.lv\/Produkts\/limpleve-holografiska-sparkle-silver-vinyl-0-61m\/"]}]},{"@type":"ImageObject","inLanguage":"en-US","@id":"https:\/\/wmtbaltic.lv\/Produkts\/limpleve-holografiska-sparkle-silver-vinyl-0-61m\/#primaryimage","url":"https:\/\/wmtbaltic.lv\/wp-content\/uploads\/2020\/08\/10_sparkle-silver.jpg","contentUrl":"https:\/\/wmtbaltic.lv\/wp-content\/uploads\/2020\/08\/10_sparkle-silver.jpg","width":600,"height":255},{"@type":"BreadcrumbList","@id":"https:\/\/wmtbaltic.lv\/Produkts\/limpleve-holografiska-sparkle-silver-vinyl-0-61m\/#breadcrumb","itemListElement":[{"@type":"ListItem","position":1,"name":"Home","item":"https:\/\/wmtbaltic.lv\/en\/"},{"@type":"ListItem","position":2,"name":"Products","item":"https:\/\/wmtbaltic.lv\/en\/shop\/"},{"@type":"ListItem","position":3,"name":"L\u012bmpl\u0113ve, hologr\u0101fisk\u0101 Sparkle Silver Vinyl, 0.61m"}]},{"@type":"WebSite","@id":"https:\/\/wmtbaltic.lv\/#website","url":"https:\/\/wmtbaltic.lv\/","name":"WMT Baltic","description":"Rekl\u0101mas produkti, pl\u0113ves","publisher":{"@id":"https:\/\/wmtbaltic.lv\/#organization"},"potentialAction":[{"@type":"SearchAction","target":{"@type":"EntryPoint","urlTemplate":"https:\/\/wmtbaltic.lv\/?s={search_term_string}"},"query-input":{"@type":"PropertyValueSpecification","valueRequired":true,"valueName":"search_term_string"}}],"inLanguage":"en-US"},{"@type":"Organization","@id":"https:\/\/wmtbaltic.lv\/#organization","name":"WMT Baltic","url":"https:\/\/wmtbaltic.lv\/","logo":{"@type":"ImageObject","inLanguage":"en-US","@id":"https:\/\/wmtbaltic.lv\/#\/schema\/logo\/image\/","url":"https:\/\/wmtbaltic.lv\/wp-content\/uploads\/2024\/12\/wmt-baltic-sia_107142_9_420x180.jpg","contentUrl":"https:\/\/wmtbaltic.lv\/wp-content\/uploads\/2024\/12\/wmt-baltic-sia_107142_9_420x180.jpg","width":420,"height":180,"caption":"WMT Baltic"},"image":{"@id":"https:\/\/wmtbaltic.lv\/#\/schema\/logo\/image\/"},"sameAs":["https:\/\/www.facebook.com\/WMT.Baltic.viscom\/?locale=lv_LV","https:\/\/www.instagram.com\/viscom_wmt\/"]}]}},"_links":{"self":[{"href":"https:\/\/wmtbaltic.lv\/en\/wp-json\/wp\/v2\/product\/2305","targetHints":{"allow":["GET"]}}],"collection":[{"href":"https:\/\/wmtbaltic.lv\/en\/wp-json\/wp\/v2\/product"}],"about":[{"href":"https:\/\/wmtbaltic.lv\/en\/wp-json\/wp\/v2\/types\/product"}],"replies":[{"embeddable":true,"href":"https:\/\/wmtbaltic.lv\/en\/wp-json\/wp\/v2\/comments?post=2305"}],"wp:featuredmedia":[{"embeddable":true,"href":"https:\/\/wmtbaltic.lv\/en\/wp-json\/wp\/v2\/media\/2466"}],"wp:attachment":[{"href":"https:\/\/wmtbaltic.lv\/en\/wp-json\/wp\/v2\/media?parent=2305"}],"wp:term":[{"taxonomy":"product_brand","embeddable":true,"href":"https:\/\/wmtbaltic.lv\/en\/wp-json\/wp\/v2\/product_brand?post=2305"},{"taxonomy":"product_cat","embeddable":true,"href":"https:\/\/wmtbaltic.lv\/en\/wp-json\/wp\/v2\/product_cat?post=2305"},{"taxonomy":"product_tag","embeddable":true,"href":"https:\/\/wmtbaltic.lv\/en\/wp-json\/wp\/v2\/product_tag?post=2305"}],"curies":[{"name":"wp","href":"https:\/\/api.w.org\/{rel}","templated":true}]}}