{"id":2276,"date":"2020-08-26T12:32:03","date_gmt":"2020-08-26T12:32:03","guid":{"rendered":"http:\/\/wmtbaltic.lv\/\/?post_type=product&#038;p=2276"},"modified":"2021-03-25T12:26:53","modified_gmt":"2021-03-25T12:26:53","slug":"pet-caurspidigs-biezums-15mm-izmers-1250-%d1%85-2050mm","status":"publish","type":"product","link":"https:\/\/wmtbaltic.lv\/en\/product\/pet-caurspidigs-biezums-15mm-izmers-1250-%d1%85-2050mm\/","title":{"rendered":"PET caursp\u012bd\u012bgs, Biezums 1,5mm Izm\u0113rs 1250 \u0445 2050mm"},"content":{"rendered":"<p><strong>Materi\u0101la pielietojums<\/strong><\/p>\n<p align=\"justify\">Medic\u012bnisk\u0101 un p\u0101rtikas r\u016bpniec\u012bba, rekl\u0101ma, palikt\u0146u, cenr\u0101\u017eu, displeju, stendu izgatavo\u0161ana.<\/p>\n<p>&nbsp;<\/p>\n<p><strong>Materi\u0101la apraksts<\/strong><\/p>\n<p align=\"justify\">Ned\u0101rgs, caursp\u012bd\u012bgs vai pienbalts poliestera lok\u0161\u0146u materi\u0101ls ar augstu meh\u0101nisko iztur\u012bbu un gaismas caurlaid\u012bbu. Materi\u0101ls ir notur\u012bgs pret agres\u012bvo vielu, mitruma un UV starojuma iedarb\u012bbu, ugunsdro\u0161s. Materi\u0101lam ir teicamas termop\u0101rne\u0161anas \u012bpa\u0161\u012bbas, k\u0101 ar\u012b da\u017e\u0101da veida apstr\u0101des iesp\u0113jas, materi\u0101lu var apdruk\u0101t.<\/p>\n","protected":false},"excerpt":{"rendered":"Materi\u0101la pielietojums Medic\u012bnisk\u0101 un p\u0101rtikas r\u016bpniec\u012bba, rekl\u0101ma, palikt\u0146u, cenr\u0101\u017eu, displeju, stendu izgatavo\u0161ana. &nbsp; Materi\u0101la apraksts Ned\u0101rgs, caursp\u012bd\u012bgs vai pienbalts poliestera lok\u0161\u0146u materi\u0101ls ar augstu meh\u0101nisko iztur\u012bbu un gaismas caurlaid\u012bbu. Materi\u0101ls ir notur\u012bgs pret agres\u012bvo vielu, mitruma un UV starojuma iedarb\u012bbu, ugunsdro\u0161s. Materi\u0101lam ir teicamas termop\u0101rne\u0161anas \u012bpa\u0161\u012bbas, k\u0101 ar\u012b da\u017e\u0101da veida apstr\u0101des iesp\u0113jas, materi\u0101lu var apdruk\u0101t.","protected":false},"featured_media":2272,"template":"","meta":[],"product_brand":[],"product_cat":[339],"product_tag":[627,628,631],"class_list":{"0":"post-2276","1":"product","2":"type-product","3":"status-publish","4":"has-post-thumbnail","6":"product_cat-poliesters-pet","7":"product_tag-pet","8":"product_tag-planie-plastikati","9":"product_tag-plastikats","11":"first","12":"instock","13":"shipping-taxable","14":"purchasable","15":"product-type-simple"},"yoast_head":"<!-- This site is optimized with the Yoast SEO plugin v27.4 - https:\/\/yoast.com\/product\/yoast-seo-wordpress\/ -->\n<title>PET caursp\u012bd\u012bgs, Biezums 1,5mm Izm\u0113rs 1250 \u0445 2050mm<\/title>\n<meta name=\"robots\" content=\"index, follow, max-snippet:-1, max-image-preview:large, max-video-preview:-1\" \/>\n<link rel=\"canonical\" href=\"https:\/\/wmtbaltic.lv\/Produkts\/pet-caurspidigs-biezums-15mm-izmers-1250-\u0445-2050mm\/\" \/>\n<meta property=\"og:locale\" content=\"en_US\" \/>\n<meta property=\"og:type\" content=\"article\" \/>\n<meta property=\"og:title\" content=\"PET caursp\u012bd\u012bgs, Biezums 1,5mm Izm\u0113rs 1250 \u0445 2050mm\" \/>\n<meta property=\"og:url\" content=\"https:\/\/wmtbaltic.lv\/Produkts\/pet-caurspidigs-biezums-15mm-izmers-1250-\u0445-2050mm\/\" \/>\n<meta property=\"og:site_name\" content=\"WMT Baltic\" \/>\n<meta property=\"article:publisher\" content=\"https:\/\/www.facebook.com\/WMT.Baltic.viscom\/?locale=lv_LV\" \/>\n<meta property=\"article:modified_time\" content=\"2021-03-25T12:26:53+00:00\" \/>\n<meta property=\"og:image\" content=\"https:\/\/wmtbaltic.lv\/wp-content\/uploads\/2020\/08\/PET_PETG_poliestrs.jpg\" \/>\n\t<meta property=\"og:image:width\" content=\"440\" \/>\n\t<meta property=\"og:image:height\" content=\"330\" \/>\n\t<meta property=\"og:image:type\" content=\"image\/jpeg\" \/>\n<meta name=\"twitter:card\" content=\"summary_large_image\" \/>\n<meta name=\"twitter:label1\" content=\"Est. reading time\" \/>\n\t<meta name=\"twitter:data1\" content=\"1 minute\" \/>\n<script type=\"application\/ld+json\" class=\"yoast-schema-graph\">{\"@context\":\"https:\\\/\\\/schema.org\",\"@graph\":[{\"@type\":\"WebPage\",\"@id\":\"https:\\\/\\\/wmtbaltic.lv\\\/Produkts\\\/pet-caurspidigs-biezums-15mm-izmers-1250-%d1%85-2050mm\\\/\",\"url\":\"https:\\\/\\\/wmtbaltic.lv\\\/Produkts\\\/pet-caurspidigs-biezums-15mm-izmers-1250-%d1%85-2050mm\\\/\",\"name\":\"PET caursp\u012bd\u012bgs, Biezums 1,5mm Izm\u0113rs 1250 \u0445 2050mm\",\"isPartOf\":{\"@id\":\"https:\\\/\\\/wmtbaltic.lv\\\/#website\"},\"primaryImageOfPage\":{\"@id\":\"https:\\\/\\\/wmtbaltic.lv\\\/Produkts\\\/pet-caurspidigs-biezums-15mm-izmers-1250-%d1%85-2050mm\\\/#primaryimage\"},\"image\":{\"@id\":\"https:\\\/\\\/wmtbaltic.lv\\\/Produkts\\\/pet-caurspidigs-biezums-15mm-izmers-1250-%d1%85-2050mm\\\/#primaryimage\"},\"thumbnailUrl\":\"https:\\\/\\\/wmtbaltic.lv\\\/wp-content\\\/uploads\\\/2020\\\/08\\\/PET_PETG_poliestrs.jpg\",\"datePublished\":\"2020-08-26T12:32:03+00:00\",\"dateModified\":\"2021-03-25T12:26:53+00:00\",\"breadcrumb\":{\"@id\":\"https:\\\/\\\/wmtbaltic.lv\\\/Produkts\\\/pet-caurspidigs-biezums-15mm-izmers-1250-%d1%85-2050mm\\\/#breadcrumb\"},\"inLanguage\":\"en-US\",\"potentialAction\":[{\"@type\":\"ReadAction\",\"target\":[\"https:\\\/\\\/wmtbaltic.lv\\\/Produkts\\\/pet-caurspidigs-biezums-15mm-izmers-1250-%d1%85-2050mm\\\/\"]}]},{\"@type\":\"ImageObject\",\"inLanguage\":\"en-US\",\"@id\":\"https:\\\/\\\/wmtbaltic.lv\\\/Produkts\\\/pet-caurspidigs-biezums-15mm-izmers-1250-%d1%85-2050mm\\\/#primaryimage\",\"url\":\"https:\\\/\\\/wmtbaltic.lv\\\/wp-content\\\/uploads\\\/2020\\\/08\\\/PET_PETG_poliestrs.jpg\",\"contentUrl\":\"https:\\\/\\\/wmtbaltic.lv\\\/wp-content\\\/uploads\\\/2020\\\/08\\\/PET_PETG_poliestrs.jpg\",\"width\":440,\"height\":330},{\"@type\":\"BreadcrumbList\",\"@id\":\"https:\\\/\\\/wmtbaltic.lv\\\/Produkts\\\/pet-caurspidigs-biezums-15mm-izmers-1250-%d1%85-2050mm\\\/#breadcrumb\",\"itemListElement\":[{\"@type\":\"ListItem\",\"position\":1,\"name\":\"Home\",\"item\":\"https:\\\/\\\/wmtbaltic.lv\\\/en\\\/\"},{\"@type\":\"ListItem\",\"position\":2,\"name\":\"Shop\",\"item\":\"https:\\\/\\\/wmtbaltic.lv\\\/shop\\\/\"},{\"@type\":\"ListItem\",\"position\":3,\"name\":\"PET caursp\u012bd\u012bgs, Biezums 1,5mm Izm\u0113rs 1250 \u0445 2050mm\"}]},{\"@type\":\"WebSite\",\"@id\":\"https:\\\/\\\/wmtbaltic.lv\\\/#website\",\"url\":\"https:\\\/\\\/wmtbaltic.lv\\\/\",\"name\":\"WMT Baltic\",\"description\":\"Rekl\u0101mas produkti, pl\u0113ves\",\"publisher\":{\"@id\":\"https:\\\/\\\/wmtbaltic.lv\\\/#organization\"},\"potentialAction\":[{\"@type\":\"SearchAction\",\"target\":{\"@type\":\"EntryPoint\",\"urlTemplate\":\"https:\\\/\\\/wmtbaltic.lv\\\/?s={search_term_string}\"},\"query-input\":{\"@type\":\"PropertyValueSpecification\",\"valueRequired\":true,\"valueName\":\"search_term_string\"}}],\"inLanguage\":\"en-US\"},{\"@type\":\"Organization\",\"@id\":\"https:\\\/\\\/wmtbaltic.lv\\\/#organization\",\"name\":\"WMT Baltic\",\"url\":\"https:\\\/\\\/wmtbaltic.lv\\\/\",\"logo\":{\"@type\":\"ImageObject\",\"inLanguage\":\"en-US\",\"@id\":\"https:\\\/\\\/wmtbaltic.lv\\\/#\\\/schema\\\/logo\\\/image\\\/\",\"url\":\"https:\\\/\\\/wmtbaltic.lv\\\/wp-content\\\/uploads\\\/2024\\\/12\\\/wmt-baltic-sia_107142_9_420x180.jpg\",\"contentUrl\":\"https:\\\/\\\/wmtbaltic.lv\\\/wp-content\\\/uploads\\\/2024\\\/12\\\/wmt-baltic-sia_107142_9_420x180.jpg\",\"width\":420,\"height\":180,\"caption\":\"WMT Baltic\"},\"image\":{\"@id\":\"https:\\\/\\\/wmtbaltic.lv\\\/#\\\/schema\\\/logo\\\/image\\\/\"},\"sameAs\":[\"https:\\\/\\\/www.facebook.com\\\/WMT.Baltic.viscom\\\/?locale=lv_LV\",\"https:\\\/\\\/www.instagram.com\\\/viscom_wmt\\\/\"]}]}<\/script>\n<!-- \/ Yoast SEO plugin. -->","yoast_head_json":{"title":"PET caursp\u012bd\u012bgs, Biezums 1,5mm Izm\u0113rs 1250 \u0445 2050mm","robots":{"index":"index","follow":"follow","max-snippet":"max-snippet:-1","max-image-preview":"max-image-preview:large","max-video-preview":"max-video-preview:-1"},"canonical":"https:\/\/wmtbaltic.lv\/Produkts\/pet-caurspidigs-biezums-15mm-izmers-1250-\u0445-2050mm\/","og_locale":"en_US","og_type":"article","og_title":"PET caursp\u012bd\u012bgs, Biezums 1,5mm Izm\u0113rs 1250 \u0445 2050mm","og_url":"https:\/\/wmtbaltic.lv\/Produkts\/pet-caurspidigs-biezums-15mm-izmers-1250-\u0445-2050mm\/","og_site_name":"WMT Baltic","article_publisher":"https:\/\/www.facebook.com\/WMT.Baltic.viscom\/?locale=lv_LV","article_modified_time":"2021-03-25T12:26:53+00:00","og_image":[{"width":440,"height":330,"url":"https:\/\/wmtbaltic.lv\/wp-content\/uploads\/2020\/08\/PET_PETG_poliestrs.jpg","type":"image\/jpeg"}],"twitter_card":"summary_large_image","twitter_misc":{"Est. reading time":"1 minute"},"schema":{"@context":"https:\/\/schema.org","@graph":[{"@type":"WebPage","@id":"https:\/\/wmtbaltic.lv\/Produkts\/pet-caurspidigs-biezums-15mm-izmers-1250-%d1%85-2050mm\/","url":"https:\/\/wmtbaltic.lv\/Produkts\/pet-caurspidigs-biezums-15mm-izmers-1250-%d1%85-2050mm\/","name":"PET caursp\u012bd\u012bgs, Biezums 1,5mm Izm\u0113rs 1250 \u0445 2050mm","isPartOf":{"@id":"https:\/\/wmtbaltic.lv\/#website"},"primaryImageOfPage":{"@id":"https:\/\/wmtbaltic.lv\/Produkts\/pet-caurspidigs-biezums-15mm-izmers-1250-%d1%85-2050mm\/#primaryimage"},"image":{"@id":"https:\/\/wmtbaltic.lv\/Produkts\/pet-caurspidigs-biezums-15mm-izmers-1250-%d1%85-2050mm\/#primaryimage"},"thumbnailUrl":"https:\/\/wmtbaltic.lv\/wp-content\/uploads\/2020\/08\/PET_PETG_poliestrs.jpg","datePublished":"2020-08-26T12:32:03+00:00","dateModified":"2021-03-25T12:26:53+00:00","breadcrumb":{"@id":"https:\/\/wmtbaltic.lv\/Produkts\/pet-caurspidigs-biezums-15mm-izmers-1250-%d1%85-2050mm\/#breadcrumb"},"inLanguage":"en-US","potentialAction":[{"@type":"ReadAction","target":["https:\/\/wmtbaltic.lv\/Produkts\/pet-caurspidigs-biezums-15mm-izmers-1250-%d1%85-2050mm\/"]}]},{"@type":"ImageObject","inLanguage":"en-US","@id":"https:\/\/wmtbaltic.lv\/Produkts\/pet-caurspidigs-biezums-15mm-izmers-1250-%d1%85-2050mm\/#primaryimage","url":"https:\/\/wmtbaltic.lv\/wp-content\/uploads\/2020\/08\/PET_PETG_poliestrs.jpg","contentUrl":"https:\/\/wmtbaltic.lv\/wp-content\/uploads\/2020\/08\/PET_PETG_poliestrs.jpg","width":440,"height":330},{"@type":"BreadcrumbList","@id":"https:\/\/wmtbaltic.lv\/Produkts\/pet-caurspidigs-biezums-15mm-izmers-1250-%d1%85-2050mm\/#breadcrumb","itemListElement":[{"@type":"ListItem","position":1,"name":"Home","item":"https:\/\/wmtbaltic.lv\/en\/"},{"@type":"ListItem","position":2,"name":"Shop","item":"https:\/\/wmtbaltic.lv\/shop\/"},{"@type":"ListItem","position":3,"name":"PET caursp\u012bd\u012bgs, Biezums 1,5mm Izm\u0113rs 1250 \u0445 2050mm"}]},{"@type":"WebSite","@id":"https:\/\/wmtbaltic.lv\/#website","url":"https:\/\/wmtbaltic.lv\/","name":"WMT Baltic","description":"Rekl\u0101mas produkti, pl\u0113ves","publisher":{"@id":"https:\/\/wmtbaltic.lv\/#organization"},"potentialAction":[{"@type":"SearchAction","target":{"@type":"EntryPoint","urlTemplate":"https:\/\/wmtbaltic.lv\/?s={search_term_string}"},"query-input":{"@type":"PropertyValueSpecification","valueRequired":true,"valueName":"search_term_string"}}],"inLanguage":"en-US"},{"@type":"Organization","@id":"https:\/\/wmtbaltic.lv\/#organization","name":"WMT Baltic","url":"https:\/\/wmtbaltic.lv\/","logo":{"@type":"ImageObject","inLanguage":"en-US","@id":"https:\/\/wmtbaltic.lv\/#\/schema\/logo\/image\/","url":"https:\/\/wmtbaltic.lv\/wp-content\/uploads\/2024\/12\/wmt-baltic-sia_107142_9_420x180.jpg","contentUrl":"https:\/\/wmtbaltic.lv\/wp-content\/uploads\/2024\/12\/wmt-baltic-sia_107142_9_420x180.jpg","width":420,"height":180,"caption":"WMT Baltic"},"image":{"@id":"https:\/\/wmtbaltic.lv\/#\/schema\/logo\/image\/"},"sameAs":["https:\/\/www.facebook.com\/WMT.Baltic.viscom\/?locale=lv_LV","https:\/\/www.instagram.com\/viscom_wmt\/"]}]}},"_links":{"self":[{"href":"https:\/\/wmtbaltic.lv\/en\/wp-json\/wp\/v2\/product\/2276","targetHints":{"allow":["GET"]}}],"collection":[{"href":"https:\/\/wmtbaltic.lv\/en\/wp-json\/wp\/v2\/product"}],"about":[{"href":"https:\/\/wmtbaltic.lv\/en\/wp-json\/wp\/v2\/types\/product"}],"wp:featuredmedia":[{"embeddable":true,"href":"https:\/\/wmtbaltic.lv\/en\/wp-json\/wp\/v2\/media\/2272"}],"wp:attachment":[{"href":"https:\/\/wmtbaltic.lv\/en\/wp-json\/wp\/v2\/media?parent=2276"}],"wp:term":[{"taxonomy":"product_brand","embeddable":true,"href":"https:\/\/wmtbaltic.lv\/en\/wp-json\/wp\/v2\/product_brand?post=2276"},{"taxonomy":"product_cat","embeddable":true,"href":"https:\/\/wmtbaltic.lv\/en\/wp-json\/wp\/v2\/product_cat?post=2276"},{"taxonomy":"product_tag","embeddable":true,"href":"https:\/\/wmtbaltic.lv\/en\/wp-json\/wp\/v2\/product_tag?post=2276"}],"curies":[{"name":"wp","href":"https:\/\/api.w.org\/{rel}","templated":true}]}}