{"id":2144,"date":"2020-08-25T11:46:03","date_gmt":"2020-08-25T11:46:03","guid":{"rendered":"http:\/\/wmtbaltic.lv\/\/?post_type=product&#038;p=2144"},"modified":"2024-02-08T13:44:10","modified_gmt":"2024-02-08T13:44:10","slug":"rakelis-banana-videji-ciets-zils-235-x-65mm","status":"publish","type":"product","link":"https:\/\/wmtbaltic.lv\/en\/product\/rakelis-banana-videji-ciets-zils-235-x-65mm\/","title":{"rendered":"Rakelis &#8220;BANANA&#8221; vid\u0113ji ciets, zils 235 x 65mm"},"content":{"rendered":"<p>Rakelis &#8220;BANANA&#8221; vid\u0113ji ciets, zils 235 x 65mm.<\/p>\n<p>Ra\u017eots Latvij\u0101.<\/p>\n<p>&nbsp;<\/p>\n<p><strong>Apskaties jaunumus Instagram\u0101!<\/strong><\/p>\n<p><strong>Visi \u201cUZLEX\u201d z\u012bmola instrumenti tiek ra\u017eoti Latvij\u0101.<\/strong><\/p>\n<p><a href=\"https:\/\/www.instagram.com\/tools.uzlex.eu\/\"><img loading=\"lazy\" decoding=\"async\" class=\"wp-image-1813 alignleft\" src=\"http:\/\/wmtbaltic.lv\/\/wp-content\/uploads\/2020\/08\/instagram-tools-uzlex.png\" sizes=\"auto, (max-width: 53px) 100vw, 53px\" srcset=\"http:\/\/wmtbaltic.lv\/\/wp-content\/uploads\/2020\/08\/instagram-tools-uzlex.png 1000w, http:\/\/wmtbaltic.lv\/\/wp-content\/uploads\/2020\/08\/instagram-tools-uzlex-300x300.png 300w, http:\/\/wmtbaltic.lv\/\/wp-content\/uploads\/2020\/08\/instagram-tools-uzlex-150x150.png 150w, http:\/\/wmtbaltic.lv\/\/wp-content\/uploads\/2020\/08\/instagram-tools-uzlex-768x768.png 768w, http:\/\/wmtbaltic.lv\/\/wp-content\/uploads\/2020\/08\/instagram-tools-uzlex-600x600.png 600w, http:\/\/wmtbaltic.lv\/\/wp-content\/uploads\/2020\/08\/instagram-tools-uzlex-100x100.png 100w\" alt=\"\" width=\"53\" height=\"53\" \/><\/a><\/p>\n","protected":false},"excerpt":{"rendered":"Rakelis \"BANANA\" vid\u0113ji ciets, zils 235 x 65mm. Ra\u017eots Latvij\u0101. &nbsp; Apskaties jaunumus Instagram\u0101! Visi \u201cUZLEX\u201d z\u012bmola instrumenti tiek ra\u017eoti Latvij\u0101.","protected":false},"featured_media":2145,"template":"","meta":[],"product_brand":[],"product_cat":[200,397,61,1361],"product_tag":[342,289,293,290],"class_list":{"0":"post-2144","1":"product","2":"type-product","3":"status-publish","4":"has-post-thumbnail","6":"product_cat-aksesuari-aplimesanai","7":"product_cat-instrumenti-aplimesanai","8":"product_cat-instrumenti-aksesuari","9":"product_cat-izpardosana","10":"product_tag-instrumenti","11":"product_tag-rakelis","12":"product_tag-reklamai","13":"product_tag-uzlex","15":"first","16":"instock","17":"sale","18":"shipping-taxable","19":"purchasable","20":"product-type-simple"},"yoast_head":"<!-- This site is optimized with the Yoast SEO plugin v27.4 - https:\/\/yoast.com\/product\/yoast-seo-wordpress\/ -->\n<title>Rakelis &quot;BANANA&quot; vid\u0113ji ciets, zils 235 x 65mm - WMT Baltic<\/title>\n<meta name=\"robots\" content=\"index, follow, max-snippet:-1, max-image-preview:large, max-video-preview:-1\" \/>\n<link rel=\"canonical\" href=\"https:\/\/wmtbaltic.lv\/Produkts\/rakelis-banana-videji-ciets-zils-235-x-65mm\/\" \/>\n<meta property=\"og:locale\" content=\"en_US\" \/>\n<meta property=\"og:type\" content=\"article\" \/>\n<meta property=\"og:title\" content=\"Rakelis &quot;BANANA&quot; vid\u0113ji ciets, zils 235 x 65mm - WMT Baltic\" \/>\n<meta property=\"og:url\" content=\"https:\/\/wmtbaltic.lv\/Produkts\/rakelis-banana-videji-ciets-zils-235-x-65mm\/\" \/>\n<meta property=\"og:site_name\" content=\"WMT Baltic\" \/>\n<meta property=\"article:publisher\" content=\"https:\/\/www.facebook.com\/WMT.Baltic.viscom\/?locale=lv_LV\" \/>\n<meta property=\"article:modified_time\" content=\"2024-02-08T13:44:10+00:00\" \/>\n<meta property=\"og:image\" content=\"http:\/\/wmtbaltic.lv\/wp-content\/uploads\/2020\/08\/banana.rakelis_zils_reklamai_adv24.jpg\" \/>\n\t<meta property=\"og:image:width\" content=\"1743\" \/>\n\t<meta property=\"og:image:height\" content=\"1743\" \/>\n\t<meta property=\"og:image:type\" content=\"image\/jpeg\" \/>\n<meta name=\"twitter:card\" content=\"summary_large_image\" \/>\n<meta name=\"twitter:label1\" content=\"Est. reading time\" \/>\n\t<meta name=\"twitter:data1\" content=\"1 minute\" \/>\n<script type=\"application\/ld+json\" class=\"yoast-schema-graph\">{\"@context\":\"https:\\\/\\\/schema.org\",\"@graph\":[{\"@type\":\"WebPage\",\"@id\":\"https:\\\/\\\/wmtbaltic.lv\\\/Produkts\\\/rakelis-banana-videji-ciets-zils-235-x-65mm\\\/\",\"url\":\"https:\\\/\\\/wmtbaltic.lv\\\/Produkts\\\/rakelis-banana-videji-ciets-zils-235-x-65mm\\\/\",\"name\":\"Rakelis \\\"BANANA\\\" vid\u0113ji ciets, zils 235 x 65mm - WMT Baltic\",\"isPartOf\":{\"@id\":\"https:\\\/\\\/wmtbaltic.lv\\\/#website\"},\"primaryImageOfPage\":{\"@id\":\"https:\\\/\\\/wmtbaltic.lv\\\/Produkts\\\/rakelis-banana-videji-ciets-zils-235-x-65mm\\\/#primaryimage\"},\"image\":{\"@id\":\"https:\\\/\\\/wmtbaltic.lv\\\/Produkts\\\/rakelis-banana-videji-ciets-zils-235-x-65mm\\\/#primaryimage\"},\"thumbnailUrl\":\"https:\\\/\\\/wmtbaltic.lv\\\/wp-content\\\/uploads\\\/2020\\\/08\\\/banana.rakelis_zils_reklamai_adv24.jpg\",\"datePublished\":\"2020-08-25T11:46:03+00:00\",\"dateModified\":\"2024-02-08T13:44:10+00:00\",\"breadcrumb\":{\"@id\":\"https:\\\/\\\/wmtbaltic.lv\\\/Produkts\\\/rakelis-banana-videji-ciets-zils-235-x-65mm\\\/#breadcrumb\"},\"inLanguage\":\"en-US\",\"potentialAction\":[{\"@type\":\"ReadAction\",\"target\":[\"https:\\\/\\\/wmtbaltic.lv\\\/Produkts\\\/rakelis-banana-videji-ciets-zils-235-x-65mm\\\/\"]}]},{\"@type\":\"ImageObject\",\"inLanguage\":\"en-US\",\"@id\":\"https:\\\/\\\/wmtbaltic.lv\\\/Produkts\\\/rakelis-banana-videji-ciets-zils-235-x-65mm\\\/#primaryimage\",\"url\":\"https:\\\/\\\/wmtbaltic.lv\\\/wp-content\\\/uploads\\\/2020\\\/08\\\/banana.rakelis_zils_reklamai_adv24.jpg\",\"contentUrl\":\"https:\\\/\\\/wmtbaltic.lv\\\/wp-content\\\/uploads\\\/2020\\\/08\\\/banana.rakelis_zils_reklamai_adv24.jpg\",\"width\":1743,\"height\":1743},{\"@type\":\"BreadcrumbList\",\"@id\":\"https:\\\/\\\/wmtbaltic.lv\\\/Produkts\\\/rakelis-banana-videji-ciets-zils-235-x-65mm\\\/#breadcrumb\",\"itemListElement\":[{\"@type\":\"ListItem\",\"position\":1,\"name\":\"Home\",\"item\":\"https:\\\/\\\/wmtbaltic.lv\\\/en\\\/\"},{\"@type\":\"ListItem\",\"position\":2,\"name\":\"Shop\",\"item\":\"https:\\\/\\\/wmtbaltic.lv\\\/shop\\\/\"},{\"@type\":\"ListItem\",\"position\":3,\"name\":\"Rakelis &#8220;BANANA&#8221; vid\u0113ji ciets, zils 235 x 65mm\"}]},{\"@type\":\"WebSite\",\"@id\":\"https:\\\/\\\/wmtbaltic.lv\\\/#website\",\"url\":\"https:\\\/\\\/wmtbaltic.lv\\\/\",\"name\":\"WMT Baltic\",\"description\":\"Rekl\u0101mas produkti, pl\u0113ves\",\"publisher\":{\"@id\":\"https:\\\/\\\/wmtbaltic.lv\\\/#organization\"},\"potentialAction\":[{\"@type\":\"SearchAction\",\"target\":{\"@type\":\"EntryPoint\",\"urlTemplate\":\"https:\\\/\\\/wmtbaltic.lv\\\/?s={search_term_string}\"},\"query-input\":{\"@type\":\"PropertyValueSpecification\",\"valueRequired\":true,\"valueName\":\"search_term_string\"}}],\"inLanguage\":\"en-US\"},{\"@type\":\"Organization\",\"@id\":\"https:\\\/\\\/wmtbaltic.lv\\\/#organization\",\"name\":\"WMT Baltic\",\"url\":\"https:\\\/\\\/wmtbaltic.lv\\\/\",\"logo\":{\"@type\":\"ImageObject\",\"inLanguage\":\"en-US\",\"@id\":\"https:\\\/\\\/wmtbaltic.lv\\\/#\\\/schema\\\/logo\\\/image\\\/\",\"url\":\"https:\\\/\\\/wmtbaltic.lv\\\/wp-content\\\/uploads\\\/2024\\\/12\\\/wmt-baltic-sia_107142_9_420x180.jpg\",\"contentUrl\":\"https:\\\/\\\/wmtbaltic.lv\\\/wp-content\\\/uploads\\\/2024\\\/12\\\/wmt-baltic-sia_107142_9_420x180.jpg\",\"width\":420,\"height\":180,\"caption\":\"WMT Baltic\"},\"image\":{\"@id\":\"https:\\\/\\\/wmtbaltic.lv\\\/#\\\/schema\\\/logo\\\/image\\\/\"},\"sameAs\":[\"https:\\\/\\\/www.facebook.com\\\/WMT.Baltic.viscom\\\/?locale=lv_LV\",\"https:\\\/\\\/www.instagram.com\\\/viscom_wmt\\\/\"]}]}<\/script>\n<!-- \/ Yoast SEO plugin. -->","yoast_head_json":{"title":"Rakelis \"BANANA\" vid\u0113ji ciets, zils 235 x 65mm - WMT Baltic","robots":{"index":"index","follow":"follow","max-snippet":"max-snippet:-1","max-image-preview":"max-image-preview:large","max-video-preview":"max-video-preview:-1"},"canonical":"https:\/\/wmtbaltic.lv\/Produkts\/rakelis-banana-videji-ciets-zils-235-x-65mm\/","og_locale":"en_US","og_type":"article","og_title":"Rakelis \"BANANA\" vid\u0113ji ciets, zils 235 x 65mm - WMT Baltic","og_url":"https:\/\/wmtbaltic.lv\/Produkts\/rakelis-banana-videji-ciets-zils-235-x-65mm\/","og_site_name":"WMT Baltic","article_publisher":"https:\/\/www.facebook.com\/WMT.Baltic.viscom\/?locale=lv_LV","article_modified_time":"2024-02-08T13:44:10+00:00","og_image":[{"width":1743,"height":1743,"url":"http:\/\/wmtbaltic.lv\/wp-content\/uploads\/2020\/08\/banana.rakelis_zils_reklamai_adv24.jpg","type":"image\/jpeg"}],"twitter_card":"summary_large_image","twitter_misc":{"Est. reading time":"1 minute"},"schema":{"@context":"https:\/\/schema.org","@graph":[{"@type":"WebPage","@id":"https:\/\/wmtbaltic.lv\/Produkts\/rakelis-banana-videji-ciets-zils-235-x-65mm\/","url":"https:\/\/wmtbaltic.lv\/Produkts\/rakelis-banana-videji-ciets-zils-235-x-65mm\/","name":"Rakelis \"BANANA\" vid\u0113ji ciets, zils 235 x 65mm - WMT Baltic","isPartOf":{"@id":"https:\/\/wmtbaltic.lv\/#website"},"primaryImageOfPage":{"@id":"https:\/\/wmtbaltic.lv\/Produkts\/rakelis-banana-videji-ciets-zils-235-x-65mm\/#primaryimage"},"image":{"@id":"https:\/\/wmtbaltic.lv\/Produkts\/rakelis-banana-videji-ciets-zils-235-x-65mm\/#primaryimage"},"thumbnailUrl":"https:\/\/wmtbaltic.lv\/wp-content\/uploads\/2020\/08\/banana.rakelis_zils_reklamai_adv24.jpg","datePublished":"2020-08-25T11:46:03+00:00","dateModified":"2024-02-08T13:44:10+00:00","breadcrumb":{"@id":"https:\/\/wmtbaltic.lv\/Produkts\/rakelis-banana-videji-ciets-zils-235-x-65mm\/#breadcrumb"},"inLanguage":"en-US","potentialAction":[{"@type":"ReadAction","target":["https:\/\/wmtbaltic.lv\/Produkts\/rakelis-banana-videji-ciets-zils-235-x-65mm\/"]}]},{"@type":"ImageObject","inLanguage":"en-US","@id":"https:\/\/wmtbaltic.lv\/Produkts\/rakelis-banana-videji-ciets-zils-235-x-65mm\/#primaryimage","url":"https:\/\/wmtbaltic.lv\/wp-content\/uploads\/2020\/08\/banana.rakelis_zils_reklamai_adv24.jpg","contentUrl":"https:\/\/wmtbaltic.lv\/wp-content\/uploads\/2020\/08\/banana.rakelis_zils_reklamai_adv24.jpg","width":1743,"height":1743},{"@type":"BreadcrumbList","@id":"https:\/\/wmtbaltic.lv\/Produkts\/rakelis-banana-videji-ciets-zils-235-x-65mm\/#breadcrumb","itemListElement":[{"@type":"ListItem","position":1,"name":"Home","item":"https:\/\/wmtbaltic.lv\/en\/"},{"@type":"ListItem","position":2,"name":"Shop","item":"https:\/\/wmtbaltic.lv\/shop\/"},{"@type":"ListItem","position":3,"name":"Rakelis &#8220;BANANA&#8221; vid\u0113ji ciets, zils 235 x 65mm"}]},{"@type":"WebSite","@id":"https:\/\/wmtbaltic.lv\/#website","url":"https:\/\/wmtbaltic.lv\/","name":"WMT Baltic","description":"Rekl\u0101mas produkti, pl\u0113ves","publisher":{"@id":"https:\/\/wmtbaltic.lv\/#organization"},"potentialAction":[{"@type":"SearchAction","target":{"@type":"EntryPoint","urlTemplate":"https:\/\/wmtbaltic.lv\/?s={search_term_string}"},"query-input":{"@type":"PropertyValueSpecification","valueRequired":true,"valueName":"search_term_string"}}],"inLanguage":"en-US"},{"@type":"Organization","@id":"https:\/\/wmtbaltic.lv\/#organization","name":"WMT Baltic","url":"https:\/\/wmtbaltic.lv\/","logo":{"@type":"ImageObject","inLanguage":"en-US","@id":"https:\/\/wmtbaltic.lv\/#\/schema\/logo\/image\/","url":"https:\/\/wmtbaltic.lv\/wp-content\/uploads\/2024\/12\/wmt-baltic-sia_107142_9_420x180.jpg","contentUrl":"https:\/\/wmtbaltic.lv\/wp-content\/uploads\/2024\/12\/wmt-baltic-sia_107142_9_420x180.jpg","width":420,"height":180,"caption":"WMT Baltic"},"image":{"@id":"https:\/\/wmtbaltic.lv\/#\/schema\/logo\/image\/"},"sameAs":["https:\/\/www.facebook.com\/WMT.Baltic.viscom\/?locale=lv_LV","https:\/\/www.instagram.com\/viscom_wmt\/"]}]}},"_links":{"self":[{"href":"https:\/\/wmtbaltic.lv\/en\/wp-json\/wp\/v2\/product\/2144","targetHints":{"allow":["GET"]}}],"collection":[{"href":"https:\/\/wmtbaltic.lv\/en\/wp-json\/wp\/v2\/product"}],"about":[{"href":"https:\/\/wmtbaltic.lv\/en\/wp-json\/wp\/v2\/types\/product"}],"wp:featuredmedia":[{"embeddable":true,"href":"https:\/\/wmtbaltic.lv\/en\/wp-json\/wp\/v2\/media\/2145"}],"wp:attachment":[{"href":"https:\/\/wmtbaltic.lv\/en\/wp-json\/wp\/v2\/media?parent=2144"}],"wp:term":[{"taxonomy":"product_brand","embeddable":true,"href":"https:\/\/wmtbaltic.lv\/en\/wp-json\/wp\/v2\/product_brand?post=2144"},{"taxonomy":"product_cat","embeddable":true,"href":"https:\/\/wmtbaltic.lv\/en\/wp-json\/wp\/v2\/product_cat?post=2144"},{"taxonomy":"product_tag","embeddable":true,"href":"https:\/\/wmtbaltic.lv\/en\/wp-json\/wp\/v2\/product_tag?post=2144"}],"curies":[{"name":"wp","href":"https:\/\/api.w.org\/{rel}","templated":true}]}}