{"id":1989,"date":"2020-08-24T09:07:34","date_gmt":"2020-08-24T09:07:34","guid":{"rendered":"http:\/\/wmtbaltic.lv\/\/?post_type=product&#038;p=1989"},"modified":"2021-04-15T13:56:46","modified_gmt":"2021-04-15T13:56:46","slug":"dubultais-uzlex-fiber-apvalks-easy-stick-rakeliem-1gab","status":"publish","type":"product","link":"https:\/\/wmtbaltic.lv\/en\/product\/dubultais-uzlex-fiber-apvalks-easy-stick-rakeliem-1gab\/","title":{"rendered":"Dubultais \u201cUZLEX FIBER\u201d apvalks \u201cEASY STICK rake\u013ciem, 1gab."},"content":{"rendered":"<p>Dubultais \u201cUZLEX FIBER\u201d apvalks \u201cEASY STICK rake\u013ciem, 1gab.<\/p>\n<p>Ra\u017eots Latvij\u0101.<\/p>\n<p>&nbsp;<\/p>\n<p><strong>Apskaties jaunumus Instagram\u0101!<\/strong><\/p>\n<p><strong>Visi \u201cUZLEX\u201d z\u012bmola instrumenti tiek ra\u017eoti Latvij\u0101.<\/strong><\/p>\n<p><a href=\"https:\/\/www.instagram.com\/tools.uzlex.eu\/\"><img loading=\"lazy\" decoding=\"async\" class=\"wp-image-1813 alignleft\" src=\"http:\/\/wmtbaltic.lv\/\/wp-content\/uploads\/2020\/08\/instagram-tools-uzlex.png\" sizes=\"auto, (max-width: 53px) 100vw, 53px\" srcset=\"http:\/\/wmtbaltic.lv\/\/wp-content\/uploads\/2020\/08\/instagram-tools-uzlex.png 1000w, http:\/\/wmtbaltic.lv\/\/wp-content\/uploads\/2020\/08\/instagram-tools-uzlex-300x300.png 300w, http:\/\/wmtbaltic.lv\/\/wp-content\/uploads\/2020\/08\/instagram-tools-uzlex-150x150.png 150w, http:\/\/wmtbaltic.lv\/\/wp-content\/uploads\/2020\/08\/instagram-tools-uzlex-768x768.png 768w, http:\/\/wmtbaltic.lv\/\/wp-content\/uploads\/2020\/08\/instagram-tools-uzlex-600x600.png 600w, http:\/\/wmtbaltic.lv\/\/wp-content\/uploads\/2020\/08\/instagram-tools-uzlex-100x100.png 100w\" alt=\"\" width=\"53\" height=\"53\" \/><\/a><\/p>\n","protected":false},"excerpt":{"rendered":"Dubultais \u201cUZLEX FIBER\u201d apvalks \u201cEASY STICK rake\u013ciem, 1gab. Ra\u017eots Latvij\u0101. &nbsp; Apskaties jaunumus Instagram\u0101! Visi \u201cUZLEX\u201d z\u012bmola instrumenti tiek ra\u017eoti Latvij\u0101.","protected":false},"featured_media":1990,"template":"","meta":[],"product_brand":[],"product_cat":[200,397,61],"product_tag":[382,709,289,693],"class_list":{"0":"post-1989","1":"product","2":"type-product","3":"status-publish","4":"has-post-thumbnail","6":"product_cat-aksesuari-aplimesanai","7":"product_cat-instrumenti-aplimesanai","8":"product_cat-instrumenti-aksesuari","9":"product_tag-apvalks","10":"product_tag-easy-stick","11":"product_tag-rakelis","12":"product_tag-uzlex-fiber","14":"first","15":"instock","16":"shipping-taxable","17":"purchasable","18":"product-type-simple"},"yoast_head":"<!-- This site is optimized with the Yoast SEO plugin v27.3 - https:\/\/yoast.com\/product\/yoast-seo-wordpress\/ -->\n<title>Dubultais \u201cUZLEX FIBER\u201d apvalks \u201cEASY STICK rake\u013ciem, 1gab. - WMT Baltic<\/title>\n<meta name=\"description\" content=\"Dubultais \u201cUZLEX FIBER\u201d apvalks \u201cEASY STICK rake\u013ciem, 1gab. Instrumenti apl\u012bm\u0113\u0161anai WMT Baltic veikals R\u012bga\" \/>\n<meta name=\"robots\" content=\"index, follow, max-snippet:-1, max-image-preview:large, max-video-preview:-1\" \/>\n<link rel=\"canonical\" href=\"https:\/\/wmtbaltic.lv\/Produkts\/dubultais-uzlex-fiber-apvalks-easy-stick-rakeliem-1gab\/\" \/>\n<meta property=\"og:locale\" content=\"en_US\" \/>\n<meta property=\"og:type\" content=\"article\" \/>\n<meta property=\"og:title\" content=\"Dubultais \u201cUZLEX FIBER\u201d apvalks \u201cEASY STICK rake\u013ciem, 1gab. - WMT Baltic\" \/>\n<meta property=\"og:description\" content=\"Dubultais \u201cUZLEX FIBER\u201d apvalks \u201cEASY STICK rake\u013ciem, 1gab. Instrumenti apl\u012bm\u0113\u0161anai WMT Baltic veikals R\u012bga\" \/>\n<meta property=\"og:url\" content=\"https:\/\/wmtbaltic.lv\/Produkts\/dubultais-uzlex-fiber-apvalks-easy-stick-rakeliem-1gab\/\" \/>\n<meta property=\"og:site_name\" content=\"WMT Baltic\" \/>\n<meta property=\"article:publisher\" content=\"https:\/\/www.facebook.com\/WMT.Baltic.viscom\/?locale=lv_LV\" \/>\n<meta property=\"article:modified_time\" content=\"2021-04-15T13:56:46+00:00\" \/>\n<meta property=\"og:image\" content=\"https:\/\/wmtbaltic.lv\/wp-content\/uploads\/2020\/08\/tools.uzlex_.eu_easy_stick_squeegee_with_double_protector-1.jpg\" \/>\n\t<meta property=\"og:image:width\" content=\"1991\" \/>\n\t<meta property=\"og:image:height\" content=\"1501\" \/>\n\t<meta property=\"og:image:type\" content=\"image\/jpeg\" \/>\n<meta name=\"twitter:card\" content=\"summary_large_image\" \/>\n<script type=\"application\/ld+json\" class=\"yoast-schema-graph\">{\"@context\":\"https:\\\/\\\/schema.org\",\"@graph\":[{\"@type\":\"WebPage\",\"@id\":\"https:\\\/\\\/wmtbaltic.lv\\\/Produkts\\\/dubultais-uzlex-fiber-apvalks-easy-stick-rakeliem-1gab\\\/\",\"url\":\"https:\\\/\\\/wmtbaltic.lv\\\/Produkts\\\/dubultais-uzlex-fiber-apvalks-easy-stick-rakeliem-1gab\\\/\",\"name\":\"Dubultais \u201cUZLEX FIBER\u201d apvalks \u201cEASY STICK rake\u013ciem, 1gab. - WMT Baltic\",\"isPartOf\":{\"@id\":\"https:\\\/\\\/wmtbaltic.lv\\\/#website\"},\"primaryImageOfPage\":{\"@id\":\"https:\\\/\\\/wmtbaltic.lv\\\/Produkts\\\/dubultais-uzlex-fiber-apvalks-easy-stick-rakeliem-1gab\\\/#primaryimage\"},\"image\":{\"@id\":\"https:\\\/\\\/wmtbaltic.lv\\\/Produkts\\\/dubultais-uzlex-fiber-apvalks-easy-stick-rakeliem-1gab\\\/#primaryimage\"},\"thumbnailUrl\":\"https:\\\/\\\/wmtbaltic.lv\\\/wp-content\\\/uploads\\\/2020\\\/08\\\/tools.uzlex_.eu_easy_stick_squeegee_with_double_protector-1.jpg\",\"datePublished\":\"2020-08-24T09:07:34+00:00\",\"dateModified\":\"2021-04-15T13:56:46+00:00\",\"description\":\"Dubultais \u201cUZLEX FIBER\u201d apvalks \u201cEASY STICK rake\u013ciem, 1gab. Instrumenti apl\u012bm\u0113\u0161anai WMT Baltic veikals R\u012bga\",\"breadcrumb\":{\"@id\":\"https:\\\/\\\/wmtbaltic.lv\\\/Produkts\\\/dubultais-uzlex-fiber-apvalks-easy-stick-rakeliem-1gab\\\/#breadcrumb\"},\"inLanguage\":\"en-US\",\"potentialAction\":[{\"@type\":\"ReadAction\",\"target\":[\"https:\\\/\\\/wmtbaltic.lv\\\/Produkts\\\/dubultais-uzlex-fiber-apvalks-easy-stick-rakeliem-1gab\\\/\"]}]},{\"@type\":\"ImageObject\",\"inLanguage\":\"en-US\",\"@id\":\"https:\\\/\\\/wmtbaltic.lv\\\/Produkts\\\/dubultais-uzlex-fiber-apvalks-easy-stick-rakeliem-1gab\\\/#primaryimage\",\"url\":\"https:\\\/\\\/wmtbaltic.lv\\\/wp-content\\\/uploads\\\/2020\\\/08\\\/tools.uzlex_.eu_easy_stick_squeegee_with_double_protector-1.jpg\",\"contentUrl\":\"https:\\\/\\\/wmtbaltic.lv\\\/wp-content\\\/uploads\\\/2020\\\/08\\\/tools.uzlex_.eu_easy_stick_squeegee_with_double_protector-1.jpg\",\"width\":1991,\"height\":1501},{\"@type\":\"BreadcrumbList\",\"@id\":\"https:\\\/\\\/wmtbaltic.lv\\\/Produkts\\\/dubultais-uzlex-fiber-apvalks-easy-stick-rakeliem-1gab\\\/#breadcrumb\",\"itemListElement\":[{\"@type\":\"ListItem\",\"position\":1,\"name\":\"Home\",\"item\":\"https:\\\/\\\/wmtbaltic.lv\\\/en\\\/\"},{\"@type\":\"ListItem\",\"position\":2,\"name\":\"Shop\",\"item\":\"https:\\\/\\\/wmtbaltic.lv\\\/shop\\\/\"},{\"@type\":\"ListItem\",\"position\":3,\"name\":\"Dubultais \u201cUZLEX FIBER\u201d apvalks \u201cEASY STICK rake\u013ciem, 1gab.\"}]},{\"@type\":\"WebSite\",\"@id\":\"https:\\\/\\\/wmtbaltic.lv\\\/#website\",\"url\":\"https:\\\/\\\/wmtbaltic.lv\\\/\",\"name\":\"WMT Baltic\",\"description\":\"Rekl\u0101mas produkti, pl\u0113ves\",\"publisher\":{\"@id\":\"https:\\\/\\\/wmtbaltic.lv\\\/#organization\"},\"potentialAction\":[{\"@type\":\"SearchAction\",\"target\":{\"@type\":\"EntryPoint\",\"urlTemplate\":\"https:\\\/\\\/wmtbaltic.lv\\\/?s={search_term_string}\"},\"query-input\":{\"@type\":\"PropertyValueSpecification\",\"valueRequired\":true,\"valueName\":\"search_term_string\"}}],\"inLanguage\":\"en-US\"},{\"@type\":\"Organization\",\"@id\":\"https:\\\/\\\/wmtbaltic.lv\\\/#organization\",\"name\":\"WMT Baltic\",\"url\":\"https:\\\/\\\/wmtbaltic.lv\\\/\",\"logo\":{\"@type\":\"ImageObject\",\"inLanguage\":\"en-US\",\"@id\":\"https:\\\/\\\/wmtbaltic.lv\\\/#\\\/schema\\\/logo\\\/image\\\/\",\"url\":\"https:\\\/\\\/wmtbaltic.lv\\\/wp-content\\\/uploads\\\/2024\\\/12\\\/wmt-baltic-sia_107142_9_420x180.jpg\",\"contentUrl\":\"https:\\\/\\\/wmtbaltic.lv\\\/wp-content\\\/uploads\\\/2024\\\/12\\\/wmt-baltic-sia_107142_9_420x180.jpg\",\"width\":420,\"height\":180,\"caption\":\"WMT Baltic\"},\"image\":{\"@id\":\"https:\\\/\\\/wmtbaltic.lv\\\/#\\\/schema\\\/logo\\\/image\\\/\"},\"sameAs\":[\"https:\\\/\\\/www.facebook.com\\\/WMT.Baltic.viscom\\\/?locale=lv_LV\",\"https:\\\/\\\/www.instagram.com\\\/viscom_wmt\\\/\"]}]}<\/script>\n<!-- \/ Yoast SEO plugin. -->","yoast_head_json":{"title":"Dubultais \u201cUZLEX FIBER\u201d apvalks \u201cEASY STICK rake\u013ciem, 1gab. - WMT Baltic","description":"Dubultais \u201cUZLEX FIBER\u201d apvalks \u201cEASY STICK rake\u013ciem, 1gab. Instrumenti apl\u012bm\u0113\u0161anai WMT Baltic veikals R\u012bga","robots":{"index":"index","follow":"follow","max-snippet":"max-snippet:-1","max-image-preview":"max-image-preview:large","max-video-preview":"max-video-preview:-1"},"canonical":"https:\/\/wmtbaltic.lv\/Produkts\/dubultais-uzlex-fiber-apvalks-easy-stick-rakeliem-1gab\/","og_locale":"en_US","og_type":"article","og_title":"Dubultais \u201cUZLEX FIBER\u201d apvalks \u201cEASY STICK rake\u013ciem, 1gab. - WMT Baltic","og_description":"Dubultais \u201cUZLEX FIBER\u201d apvalks \u201cEASY STICK rake\u013ciem, 1gab. Instrumenti apl\u012bm\u0113\u0161anai WMT Baltic veikals R\u012bga","og_url":"https:\/\/wmtbaltic.lv\/Produkts\/dubultais-uzlex-fiber-apvalks-easy-stick-rakeliem-1gab\/","og_site_name":"WMT Baltic","article_publisher":"https:\/\/www.facebook.com\/WMT.Baltic.viscom\/?locale=lv_LV","article_modified_time":"2021-04-15T13:56:46+00:00","og_image":[{"width":1991,"height":1501,"url":"https:\/\/wmtbaltic.lv\/wp-content\/uploads\/2020\/08\/tools.uzlex_.eu_easy_stick_squeegee_with_double_protector-1.jpg","type":"image\/jpeg"}],"twitter_card":"summary_large_image","schema":{"@context":"https:\/\/schema.org","@graph":[{"@type":"WebPage","@id":"https:\/\/wmtbaltic.lv\/Produkts\/dubultais-uzlex-fiber-apvalks-easy-stick-rakeliem-1gab\/","url":"https:\/\/wmtbaltic.lv\/Produkts\/dubultais-uzlex-fiber-apvalks-easy-stick-rakeliem-1gab\/","name":"Dubultais \u201cUZLEX FIBER\u201d apvalks \u201cEASY STICK rake\u013ciem, 1gab. - WMT Baltic","isPartOf":{"@id":"https:\/\/wmtbaltic.lv\/#website"},"primaryImageOfPage":{"@id":"https:\/\/wmtbaltic.lv\/Produkts\/dubultais-uzlex-fiber-apvalks-easy-stick-rakeliem-1gab\/#primaryimage"},"image":{"@id":"https:\/\/wmtbaltic.lv\/Produkts\/dubultais-uzlex-fiber-apvalks-easy-stick-rakeliem-1gab\/#primaryimage"},"thumbnailUrl":"https:\/\/wmtbaltic.lv\/wp-content\/uploads\/2020\/08\/tools.uzlex_.eu_easy_stick_squeegee_with_double_protector-1.jpg","datePublished":"2020-08-24T09:07:34+00:00","dateModified":"2021-04-15T13:56:46+00:00","description":"Dubultais \u201cUZLEX FIBER\u201d apvalks \u201cEASY STICK rake\u013ciem, 1gab. Instrumenti apl\u012bm\u0113\u0161anai WMT Baltic veikals R\u012bga","breadcrumb":{"@id":"https:\/\/wmtbaltic.lv\/Produkts\/dubultais-uzlex-fiber-apvalks-easy-stick-rakeliem-1gab\/#breadcrumb"},"inLanguage":"en-US","potentialAction":[{"@type":"ReadAction","target":["https:\/\/wmtbaltic.lv\/Produkts\/dubultais-uzlex-fiber-apvalks-easy-stick-rakeliem-1gab\/"]}]},{"@type":"ImageObject","inLanguage":"en-US","@id":"https:\/\/wmtbaltic.lv\/Produkts\/dubultais-uzlex-fiber-apvalks-easy-stick-rakeliem-1gab\/#primaryimage","url":"https:\/\/wmtbaltic.lv\/wp-content\/uploads\/2020\/08\/tools.uzlex_.eu_easy_stick_squeegee_with_double_protector-1.jpg","contentUrl":"https:\/\/wmtbaltic.lv\/wp-content\/uploads\/2020\/08\/tools.uzlex_.eu_easy_stick_squeegee_with_double_protector-1.jpg","width":1991,"height":1501},{"@type":"BreadcrumbList","@id":"https:\/\/wmtbaltic.lv\/Produkts\/dubultais-uzlex-fiber-apvalks-easy-stick-rakeliem-1gab\/#breadcrumb","itemListElement":[{"@type":"ListItem","position":1,"name":"Home","item":"https:\/\/wmtbaltic.lv\/en\/"},{"@type":"ListItem","position":2,"name":"Shop","item":"https:\/\/wmtbaltic.lv\/shop\/"},{"@type":"ListItem","position":3,"name":"Dubultais \u201cUZLEX FIBER\u201d apvalks \u201cEASY STICK rake\u013ciem, 1gab."}]},{"@type":"WebSite","@id":"https:\/\/wmtbaltic.lv\/#website","url":"https:\/\/wmtbaltic.lv\/","name":"WMT Baltic","description":"Rekl\u0101mas produkti, pl\u0113ves","publisher":{"@id":"https:\/\/wmtbaltic.lv\/#organization"},"potentialAction":[{"@type":"SearchAction","target":{"@type":"EntryPoint","urlTemplate":"https:\/\/wmtbaltic.lv\/?s={search_term_string}"},"query-input":{"@type":"PropertyValueSpecification","valueRequired":true,"valueName":"search_term_string"}}],"inLanguage":"en-US"},{"@type":"Organization","@id":"https:\/\/wmtbaltic.lv\/#organization","name":"WMT Baltic","url":"https:\/\/wmtbaltic.lv\/","logo":{"@type":"ImageObject","inLanguage":"en-US","@id":"https:\/\/wmtbaltic.lv\/#\/schema\/logo\/image\/","url":"https:\/\/wmtbaltic.lv\/wp-content\/uploads\/2024\/12\/wmt-baltic-sia_107142_9_420x180.jpg","contentUrl":"https:\/\/wmtbaltic.lv\/wp-content\/uploads\/2024\/12\/wmt-baltic-sia_107142_9_420x180.jpg","width":420,"height":180,"caption":"WMT Baltic"},"image":{"@id":"https:\/\/wmtbaltic.lv\/#\/schema\/logo\/image\/"},"sameAs":["https:\/\/www.facebook.com\/WMT.Baltic.viscom\/?locale=lv_LV","https:\/\/www.instagram.com\/viscom_wmt\/"]}]}},"_links":{"self":[{"href":"https:\/\/wmtbaltic.lv\/en\/wp-json\/wp\/v2\/product\/1989","targetHints":{"allow":["GET"]}}],"collection":[{"href":"https:\/\/wmtbaltic.lv\/en\/wp-json\/wp\/v2\/product"}],"about":[{"href":"https:\/\/wmtbaltic.lv\/en\/wp-json\/wp\/v2\/types\/product"}],"wp:featuredmedia":[{"embeddable":true,"href":"https:\/\/wmtbaltic.lv\/en\/wp-json\/wp\/v2\/media\/1990"}],"wp:attachment":[{"href":"https:\/\/wmtbaltic.lv\/en\/wp-json\/wp\/v2\/media?parent=1989"}],"wp:term":[{"taxonomy":"product_brand","embeddable":true,"href":"https:\/\/wmtbaltic.lv\/en\/wp-json\/wp\/v2\/product_brand?post=1989"},{"taxonomy":"product_cat","embeddable":true,"href":"https:\/\/wmtbaltic.lv\/en\/wp-json\/wp\/v2\/product_cat?post=1989"},{"taxonomy":"product_tag","embeddable":true,"href":"https:\/\/wmtbaltic.lv\/en\/wp-json\/wp\/v2\/product_tag?post=1989"}],"curies":[{"name":"wp","href":"https:\/\/api.w.org\/{rel}","templated":true}]}}