{"id":18498,"date":"2026-04-27T14:03:30","date_gmt":"2026-04-27T14:03:30","guid":{"rendered":"https:\/\/wmtbaltic.lv\/?post_type=product&#038;p=18498"},"modified":"2026-04-27T14:03:31","modified_gmt":"2026-04-27T14:03:31","slug":"roland-xg-640-lielformata-printeris-ploteris","status":"publish","type":"product","link":"https:\/\/wmtbaltic.lv\/en\/product\/roland-xg-640-lielformata-printeris-ploteris\/","title":{"rendered":"Roland XG-640 lielform\u0101ta printeris\/ploteris"},"content":{"rendered":"<p>Jaun\u0101k\u0101s paaudzes XG-640 apvieno iespaid\u012bgu drukas \u0101trumu un prec\u012bzu kont\u016bru grie\u0161anu ar satrieco\u0161u att\u0113la kvalit\u0101ti, ko sp\u0113j nodro\u0161in\u0101t tikai TrueVIS iek\u0101rta. Sagatavojieties piedz\u012bvot piln\u012bgi jaunu drukas un grie\u0161anas produktivit\u0101tes, daudzpus\u012bbas un uzticam\u012bbas l\u012bmeni.<\/p>\n<p>Roland DG l\u012bdz \u0161im produkt\u012bv\u0101kais printeris\/ploteris \u2013 gandr\u012bz divreiz \u0101tr\u0101ks nek\u0101 VG3-640.<br \/>\nUzlabotas divk\u0101r\u0161as pak\u0101peniskas drukas galvi\u0146as nodro\u0161ina maksim\u0101lo drukas \u0101trumu l\u012bdz 15,2 m\u00b2\/h (8 kr\u0101su re\u017e\u012bm\u0101).<br \/>\nSpilgtums ar jaunaj\u0101m TR3 eko-solventa tint\u0113m, kas pieejamas divos CMYK vai papla\u0161in\u0101t\u0101 gammas 8 kr\u0101su konfigur\u0101cij\u0101s, tostarp oran\u017e\u0101, za\u013c\u0101 un balt\u0101 kr\u0101s\u0101.<br \/>\nUzlabota lietojam\u012bba ar 7 collu sk\u0101rienpaneli, autom\u0101tisku materi\u0101la atstarpes regul\u0113\u0161anu un cit\u0101m modern\u0101m funkcij\u0101m, kas paredz\u0113tas \u0113rtai lieto\u0161anai.<\/p>\n<p>&nbsp;<\/p>\n<p>Tehnisk\u0101 specifik\u0101cija:<\/p>\n<p>Drukas metode: Piezo ink-jet<br \/>\nIzm\u0113rs: 2,886 mm \u00d7 748 mm \u00d7 1,415 mm<br \/>\nSvars: 196 kg<br \/>\nMateri\u0101la platums: no 335 l\u012bdz 1,625 mm<br \/>\nMateri\u0101la biezums: Max. 1.0 mm ar pamatni drukai, Max. 0.4 mm ar pamatni un 0.22 mm bez pamatnes grie\u0161anai<br \/>\nTintes: Eco-Solvent Ink (TR3) 500 ml<br \/>\nKr\u0101sas:<br \/>\n8 kr\u0101sas (Cyan, Magenta, Yellow, Black, Light Black, Green, Orange, and Red)<br \/>\n8 kr\u0101sas (Cyan, Magenta, Yellow, Black, Light Cyan, Light Magenta, Orange, and Red)<br \/>\n8 kr\u0101sas (Cyan, Magenta, Yellow, Black, Light Cyan, Light Magenta, Orange, and Green)<br \/>\n7 kr\u0101sas (Cyan, Magenta, Yellow, Black, Orange, Red, and White (2 cartridges))<br \/>\n7 kr\u0101sas (Cyan, Magenta, Yellow, Black, Orange, Green, and White (2 cartridges))<br \/>\n4 kr\u0101sas (Cyan, Magenta, Yellow, and Black)<br \/>\nDrukas\/grie\u0161anas platums: Max. 1,600 mm<br \/>\nDrukas rezol\u016bcija: Max. 1,800 dpi<br \/>\nElektr\u012bbas pat\u0113ri\u0146\u0161: aptuveni 1,180 W darba laik\u0101 \/ aptuveni 50 W gaid\u012b\u0161anas re\u017e\u012bm\u0101<br \/>\nTrok\u0161\u0146u l\u012bmenis: 66 dB (A) darba laik\u0101 \/ 56dB (A) gaid\u012b\u0161anas re\u017e\u012bm\u0101<\/p>\n<p>Vair\u0101k inform\u0101cijas: <a href=\"http:\/\/wmtbaltic.lv\/wp-content\/uploads\/2026\/04\/Datasheet_XG-640_EN_WEB.pdf\">Datasheet_XG-640_EN_WEB<\/a><\/p>\n","protected":false},"excerpt":{"rendered":"Jaun\u0101k\u0101s paaudzes XG-640 apvieno iespaid\u012bgu drukas \u0101trumu un prec\u012bzu kont\u016bru grie\u0161anu ar satrieco\u0161u att\u0113la kvalit\u0101ti, ko sp\u0113j nodro\u0161in\u0101t tikai TrueVIS iek\u0101rta. Sagatavojieties piedz\u012bvot piln\u012bgi jaunu drukas un grie\u0161anas produktivit\u0101tes, daudzpus\u012bbas un uzticam\u012bbas l\u012bmeni. Roland DG l\u012bdz \u0161im produkt\u012bv\u0101kais printeris\/ploteris \u2013 gandr\u012bz divreiz \u0101tr\u0101ks nek\u0101 VG3-640. Uzlabotas divk\u0101r\u0161as pak\u0101peniskas drukas galvi\u0146as nodro\u0161ina maksim\u0101lo drukas \u0101trumu l\u012bdz [...]","protected":false},"featured_media":18503,"template":"","meta":[],"product_brand":[],"product_cat":[1273,258],"product_tag":[],"class_list":{"0":"post-18498","1":"product","2":"type-product","3":"status-publish","4":"has-post-thumbnail","6":"product_cat-eko-solventa-printeri","7":"product_cat-iekartas-un-izejmateriali","9":"first","10":"instock","11":"shipping-taxable","12":"purchasable","13":"product-type-simple"},"yoast_head":"<!-- This site is optimized with the Yoast SEO plugin v27.5 - https:\/\/yoast.com\/product\/yoast-seo-wordpress\/ -->\n<title>Roland XG-640 lielform\u0101ta printeris\/ploteris - WMT Baltic<\/title>\n<meta name=\"description\" content=\"Jaun\u0101k\u0101s paaudzes XG-640 apvieno iespaid\u012bgu drukas \u0101trumu un prec\u012bzu kont\u016bru grie\u0161anu ar satrieco\u0161u att\u0113la kvalit\u0101ti, ko sp\u0113j nodro\u0161in\u0101t tikai TrueVIS iek\u0101rta. Sagatavojieties piedz\u012bvot piln\u012bgi jaunu drukas un grie\u0161anas produktivit\u0101tes, daudzpus\u012bbas un uzticam\u012bbas l\u012bmeni.\" \/>\n<meta name=\"robots\" content=\"index, follow, max-snippet:-1, max-image-preview:large, max-video-preview:-1\" \/>\n<link rel=\"canonical\" href=\"https:\/\/wmtbaltic.lv\/product\/roland-xg-640-lielformata-printeris-ploteris\/\" \/>\n<meta property=\"og:locale\" content=\"en_US\" \/>\n<meta property=\"og:type\" content=\"article\" \/>\n<meta property=\"og:title\" content=\"Roland XG-640 lielform\u0101ta printeris\/ploteris - WMT Baltic\" \/>\n<meta property=\"og:description\" content=\"Jaun\u0101k\u0101s paaudzes XG-640 apvieno iespaid\u012bgu drukas \u0101trumu un prec\u012bzu kont\u016bru grie\u0161anu ar satrieco\u0161u att\u0113la kvalit\u0101ti, ko sp\u0113j nodro\u0161in\u0101t tikai TrueVIS iek\u0101rta. Sagatavojieties piedz\u012bvot piln\u012bgi jaunu drukas un grie\u0161anas produktivit\u0101tes, daudzpus\u012bbas un uzticam\u012bbas l\u012bmeni.\" \/>\n<meta property=\"og:url\" content=\"https:\/\/wmtbaltic.lv\/product\/roland-xg-640-lielformata-printeris-ploteris\/\" \/>\n<meta property=\"og:site_name\" content=\"WMT Baltic\" \/>\n<meta property=\"article:publisher\" content=\"https:\/\/www.facebook.com\/WMT.Baltic.viscom\/?locale=lv_LV\" \/>\n<meta property=\"article:modified_time\" content=\"2026-04-27T14:03:31+00:00\" \/>\n<meta property=\"og:image\" content=\"http:\/\/wmtbaltic.lv\/wp-content\/uploads\/2026\/04\/XG-640_front_media.jpg\" \/>\n\t<meta property=\"og:image:width\" content=\"1600\" \/>\n\t<meta property=\"og:image:height\" content=\"1201\" \/>\n\t<meta property=\"og:image:type\" content=\"image\/jpeg\" \/>\n<meta name=\"twitter:card\" content=\"summary_large_image\" \/>\n<meta name=\"twitter:label1\" content=\"Est. reading time\" \/>\n\t<meta name=\"twitter:data1\" content=\"2 minutes\" \/>\n<script type=\"application\/ld+json\" class=\"yoast-schema-graph\">{\"@context\":\"https:\\\/\\\/schema.org\",\"@graph\":[{\"@type\":\"WebPage\",\"@id\":\"https:\\\/\\\/wmtbaltic.lv\\\/product\\\/roland-xg-640-lielformata-printeris-ploteris\\\/\",\"url\":\"https:\\\/\\\/wmtbaltic.lv\\\/product\\\/roland-xg-640-lielformata-printeris-ploteris\\\/\",\"name\":\"Roland XG-640 lielform\u0101ta printeris\\\/ploteris - WMT Baltic\",\"isPartOf\":{\"@id\":\"https:\\\/\\\/wmtbaltic.lv\\\/#website\"},\"primaryImageOfPage\":{\"@id\":\"https:\\\/\\\/wmtbaltic.lv\\\/product\\\/roland-xg-640-lielformata-printeris-ploteris\\\/#primaryimage\"},\"image\":{\"@id\":\"https:\\\/\\\/wmtbaltic.lv\\\/product\\\/roland-xg-640-lielformata-printeris-ploteris\\\/#primaryimage\"},\"thumbnailUrl\":\"https:\\\/\\\/wmtbaltic.lv\\\/wp-content\\\/uploads\\\/2026\\\/04\\\/XG-640_front_media.jpg\",\"datePublished\":\"2026-04-27T14:03:30+00:00\",\"dateModified\":\"2026-04-27T14:03:31+00:00\",\"description\":\"Jaun\u0101k\u0101s paaudzes XG-640 apvieno iespaid\u012bgu drukas \u0101trumu un prec\u012bzu kont\u016bru grie\u0161anu ar satrieco\u0161u att\u0113la kvalit\u0101ti, ko sp\u0113j nodro\u0161in\u0101t tikai TrueVIS iek\u0101rta. Sagatavojieties piedz\u012bvot piln\u012bgi jaunu drukas un grie\u0161anas produktivit\u0101tes, daudzpus\u012bbas un uzticam\u012bbas l\u012bmeni.\",\"breadcrumb\":{\"@id\":\"https:\\\/\\\/wmtbaltic.lv\\\/product\\\/roland-xg-640-lielformata-printeris-ploteris\\\/#breadcrumb\"},\"inLanguage\":\"en-US\",\"potentialAction\":[{\"@type\":\"ReadAction\",\"target\":[\"https:\\\/\\\/wmtbaltic.lv\\\/product\\\/roland-xg-640-lielformata-printeris-ploteris\\\/\"]}]},{\"@type\":\"ImageObject\",\"inLanguage\":\"en-US\",\"@id\":\"https:\\\/\\\/wmtbaltic.lv\\\/product\\\/roland-xg-640-lielformata-printeris-ploteris\\\/#primaryimage\",\"url\":\"https:\\\/\\\/wmtbaltic.lv\\\/wp-content\\\/uploads\\\/2026\\\/04\\\/XG-640_front_media.jpg\",\"contentUrl\":\"https:\\\/\\\/wmtbaltic.lv\\\/wp-content\\\/uploads\\\/2026\\\/04\\\/XG-640_front_media.jpg\",\"width\":1600,\"height\":1201},{\"@type\":\"BreadcrumbList\",\"@id\":\"https:\\\/\\\/wmtbaltic.lv\\\/product\\\/roland-xg-640-lielformata-printeris-ploteris\\\/#breadcrumb\",\"itemListElement\":[{\"@type\":\"ListItem\",\"position\":1,\"name\":\"Home\",\"item\":\"https:\\\/\\\/wmtbaltic.lv\\\/en\\\/\"},{\"@type\":\"ListItem\",\"position\":2,\"name\":\"Shop\",\"item\":\"https:\\\/\\\/wmtbaltic.lv\\\/shop\\\/\"},{\"@type\":\"ListItem\",\"position\":3,\"name\":\"Roland XG-640 lielform\u0101ta printeris\\\/ploteris\"}]},{\"@type\":\"WebSite\",\"@id\":\"https:\\\/\\\/wmtbaltic.lv\\\/#website\",\"url\":\"https:\\\/\\\/wmtbaltic.lv\\\/\",\"name\":\"WMT Baltic\",\"description\":\"Rekl\u0101mas produkti, pl\u0113ves\",\"publisher\":{\"@id\":\"https:\\\/\\\/wmtbaltic.lv\\\/#organization\"},\"potentialAction\":[{\"@type\":\"SearchAction\",\"target\":{\"@type\":\"EntryPoint\",\"urlTemplate\":\"https:\\\/\\\/wmtbaltic.lv\\\/?s={search_term_string}\"},\"query-input\":{\"@type\":\"PropertyValueSpecification\",\"valueRequired\":true,\"valueName\":\"search_term_string\"}}],\"inLanguage\":\"en-US\"},{\"@type\":\"Organization\",\"@id\":\"https:\\\/\\\/wmtbaltic.lv\\\/#organization\",\"name\":\"WMT Baltic\",\"url\":\"https:\\\/\\\/wmtbaltic.lv\\\/\",\"logo\":{\"@type\":\"ImageObject\",\"inLanguage\":\"en-US\",\"@id\":\"https:\\\/\\\/wmtbaltic.lv\\\/#\\\/schema\\\/logo\\\/image\\\/\",\"url\":\"https:\\\/\\\/wmtbaltic.lv\\\/wp-content\\\/uploads\\\/2024\\\/12\\\/wmt-baltic-sia_107142_9_420x180.jpg\",\"contentUrl\":\"https:\\\/\\\/wmtbaltic.lv\\\/wp-content\\\/uploads\\\/2024\\\/12\\\/wmt-baltic-sia_107142_9_420x180.jpg\",\"width\":420,\"height\":180,\"caption\":\"WMT Baltic\"},\"image\":{\"@id\":\"https:\\\/\\\/wmtbaltic.lv\\\/#\\\/schema\\\/logo\\\/image\\\/\"},\"sameAs\":[\"https:\\\/\\\/www.facebook.com\\\/WMT.Baltic.viscom\\\/?locale=lv_LV\",\"https:\\\/\\\/www.instagram.com\\\/viscom_wmt\\\/\"]}]}<\/script>\n<!-- \/ Yoast SEO plugin. -->","yoast_head_json":{"title":"Roland XG-640 lielform\u0101ta printeris\/ploteris - WMT Baltic","description":"Jaun\u0101k\u0101s paaudzes XG-640 apvieno iespaid\u012bgu drukas \u0101trumu un prec\u012bzu kont\u016bru grie\u0161anu ar satrieco\u0161u att\u0113la kvalit\u0101ti, ko sp\u0113j nodro\u0161in\u0101t tikai TrueVIS iek\u0101rta. Sagatavojieties piedz\u012bvot piln\u012bgi jaunu drukas un grie\u0161anas produktivit\u0101tes, daudzpus\u012bbas un uzticam\u012bbas l\u012bmeni.","robots":{"index":"index","follow":"follow","max-snippet":"max-snippet:-1","max-image-preview":"max-image-preview:large","max-video-preview":"max-video-preview:-1"},"canonical":"https:\/\/wmtbaltic.lv\/product\/roland-xg-640-lielformata-printeris-ploteris\/","og_locale":"en_US","og_type":"article","og_title":"Roland XG-640 lielform\u0101ta printeris\/ploteris - WMT Baltic","og_description":"Jaun\u0101k\u0101s paaudzes XG-640 apvieno iespaid\u012bgu drukas \u0101trumu un prec\u012bzu kont\u016bru grie\u0161anu ar satrieco\u0161u att\u0113la kvalit\u0101ti, ko sp\u0113j nodro\u0161in\u0101t tikai TrueVIS iek\u0101rta. Sagatavojieties piedz\u012bvot piln\u012bgi jaunu drukas un grie\u0161anas produktivit\u0101tes, daudzpus\u012bbas un uzticam\u012bbas l\u012bmeni.","og_url":"https:\/\/wmtbaltic.lv\/product\/roland-xg-640-lielformata-printeris-ploteris\/","og_site_name":"WMT Baltic","article_publisher":"https:\/\/www.facebook.com\/WMT.Baltic.viscom\/?locale=lv_LV","article_modified_time":"2026-04-27T14:03:31+00:00","og_image":[{"width":1600,"height":1201,"url":"http:\/\/wmtbaltic.lv\/wp-content\/uploads\/2026\/04\/XG-640_front_media.jpg","type":"image\/jpeg"}],"twitter_card":"summary_large_image","twitter_misc":{"Est. reading time":"2 minutes"},"schema":{"@context":"https:\/\/schema.org","@graph":[{"@type":"WebPage","@id":"https:\/\/wmtbaltic.lv\/product\/roland-xg-640-lielformata-printeris-ploteris\/","url":"https:\/\/wmtbaltic.lv\/product\/roland-xg-640-lielformata-printeris-ploteris\/","name":"Roland XG-640 lielform\u0101ta printeris\/ploteris - WMT Baltic","isPartOf":{"@id":"https:\/\/wmtbaltic.lv\/#website"},"primaryImageOfPage":{"@id":"https:\/\/wmtbaltic.lv\/product\/roland-xg-640-lielformata-printeris-ploteris\/#primaryimage"},"image":{"@id":"https:\/\/wmtbaltic.lv\/product\/roland-xg-640-lielformata-printeris-ploteris\/#primaryimage"},"thumbnailUrl":"https:\/\/wmtbaltic.lv\/wp-content\/uploads\/2026\/04\/XG-640_front_media.jpg","datePublished":"2026-04-27T14:03:30+00:00","dateModified":"2026-04-27T14:03:31+00:00","description":"Jaun\u0101k\u0101s paaudzes XG-640 apvieno iespaid\u012bgu drukas \u0101trumu un prec\u012bzu kont\u016bru grie\u0161anu ar satrieco\u0161u att\u0113la kvalit\u0101ti, ko sp\u0113j nodro\u0161in\u0101t tikai TrueVIS iek\u0101rta. Sagatavojieties piedz\u012bvot piln\u012bgi jaunu drukas un grie\u0161anas produktivit\u0101tes, daudzpus\u012bbas un uzticam\u012bbas l\u012bmeni.","breadcrumb":{"@id":"https:\/\/wmtbaltic.lv\/product\/roland-xg-640-lielformata-printeris-ploteris\/#breadcrumb"},"inLanguage":"en-US","potentialAction":[{"@type":"ReadAction","target":["https:\/\/wmtbaltic.lv\/product\/roland-xg-640-lielformata-printeris-ploteris\/"]}]},{"@type":"ImageObject","inLanguage":"en-US","@id":"https:\/\/wmtbaltic.lv\/product\/roland-xg-640-lielformata-printeris-ploteris\/#primaryimage","url":"https:\/\/wmtbaltic.lv\/wp-content\/uploads\/2026\/04\/XG-640_front_media.jpg","contentUrl":"https:\/\/wmtbaltic.lv\/wp-content\/uploads\/2026\/04\/XG-640_front_media.jpg","width":1600,"height":1201},{"@type":"BreadcrumbList","@id":"https:\/\/wmtbaltic.lv\/product\/roland-xg-640-lielformata-printeris-ploteris\/#breadcrumb","itemListElement":[{"@type":"ListItem","position":1,"name":"Home","item":"https:\/\/wmtbaltic.lv\/en\/"},{"@type":"ListItem","position":2,"name":"Shop","item":"https:\/\/wmtbaltic.lv\/shop\/"},{"@type":"ListItem","position":3,"name":"Roland XG-640 lielform\u0101ta printeris\/ploteris"}]},{"@type":"WebSite","@id":"https:\/\/wmtbaltic.lv\/#website","url":"https:\/\/wmtbaltic.lv\/","name":"WMT Baltic","description":"Rekl\u0101mas produkti, pl\u0113ves","publisher":{"@id":"https:\/\/wmtbaltic.lv\/#organization"},"potentialAction":[{"@type":"SearchAction","target":{"@type":"EntryPoint","urlTemplate":"https:\/\/wmtbaltic.lv\/?s={search_term_string}"},"query-input":{"@type":"PropertyValueSpecification","valueRequired":true,"valueName":"search_term_string"}}],"inLanguage":"en-US"},{"@type":"Organization","@id":"https:\/\/wmtbaltic.lv\/#organization","name":"WMT Baltic","url":"https:\/\/wmtbaltic.lv\/","logo":{"@type":"ImageObject","inLanguage":"en-US","@id":"https:\/\/wmtbaltic.lv\/#\/schema\/logo\/image\/","url":"https:\/\/wmtbaltic.lv\/wp-content\/uploads\/2024\/12\/wmt-baltic-sia_107142_9_420x180.jpg","contentUrl":"https:\/\/wmtbaltic.lv\/wp-content\/uploads\/2024\/12\/wmt-baltic-sia_107142_9_420x180.jpg","width":420,"height":180,"caption":"WMT Baltic"},"image":{"@id":"https:\/\/wmtbaltic.lv\/#\/schema\/logo\/image\/"},"sameAs":["https:\/\/www.facebook.com\/WMT.Baltic.viscom\/?locale=lv_LV","https:\/\/www.instagram.com\/viscom_wmt\/"]}]}},"_links":{"self":[{"href":"https:\/\/wmtbaltic.lv\/en\/wp-json\/wp\/v2\/product\/18498","targetHints":{"allow":["GET"]}}],"collection":[{"href":"https:\/\/wmtbaltic.lv\/en\/wp-json\/wp\/v2\/product"}],"about":[{"href":"https:\/\/wmtbaltic.lv\/en\/wp-json\/wp\/v2\/types\/product"}],"wp:featuredmedia":[{"embeddable":true,"href":"https:\/\/wmtbaltic.lv\/en\/wp-json\/wp\/v2\/media\/18503"}],"wp:attachment":[{"href":"https:\/\/wmtbaltic.lv\/en\/wp-json\/wp\/v2\/media?parent=18498"}],"wp:term":[{"taxonomy":"product_brand","embeddable":true,"href":"https:\/\/wmtbaltic.lv\/en\/wp-json\/wp\/v2\/product_brand?post=18498"},{"taxonomy":"product_cat","embeddable":true,"href":"https:\/\/wmtbaltic.lv\/en\/wp-json\/wp\/v2\/product_cat?post=18498"},{"taxonomy":"product_tag","embeddable":true,"href":"https:\/\/wmtbaltic.lv\/en\/wp-json\/wp\/v2\/product_tag?post=18498"}],"curies":[{"name":"wp","href":"https:\/\/api.w.org\/{rel}","templated":true}]}}