{"id":18478,"date":"2026-04-27T08:08:09","date_gmt":"2026-04-27T08:08:09","guid":{"rendered":"https:\/\/wmtbaltic.lv\/?post_type=product&#038;p=18478"},"modified":"2026-04-27T08:08:10","modified_gmt":"2026-04-27T08:08:10","slug":"roland-dg-truevis-vg4-540-lielformata-printeris-ploteris","status":"publish","type":"product","link":"https:\/\/wmtbaltic.lv\/en\/product\/roland-dg-truevis-vg4-540-lielformata-printeris-ploteris\/","title":{"rendered":"Roland DG TrueVIS VG4-540, lielform\u0101ta printeris\/ploteris"},"content":{"rendered":"<p>TrueVis, kam uzticas poligr\u0101fijas profesion\u0101\u013ci vis\u0101 pasaul\u0113, ir drukas un grie\u0161anas veiktsp\u0113jas etalons, un VG4 s\u0113rija ir n\u0101kamais solis \u0161aj\u0101 s\u0113rij\u0101. Ar jaunu drukas galvi\u0146u, jaun\u0101kaj\u0101m TR3 eko-solventa tint\u0113m un darbpl\u016bsmas funkcij\u0101m, kas paredz\u0113tas, lai nodro\u0161in\u0101tu augst\u0101k\u0101s kvalit\u0101tes rezult\u0101tus ar p\u0101rliec\u012bbu dienu no dienas, VG4 pal\u012bdz jums past\u0101v\u012bgi nodro\u0161in\u0101t izcilus rezult\u0101tus.<\/p>\n<p>&nbsp;<\/p>\n<p><strong>Tehnisk\u0101 specifik\u0101cija:<\/strong><\/p>\n<p>Drukas metode: Piezo ink-jet<br \/>\nMateri\u0101la platums: no 295 l\u012bdz 1,371 mm<br \/>\nMateri\u0101la biezums: Max. 1.0 mm ar pamatni drukai, Max. 0.4 mm ar pamatni un 0.22 mm bez pamatnes grie\u0161anai<br \/>\nRu\u013c\u013ca svars: Max. 35 kg<br \/>\nDrukas\/grie\u0161anas platums: Max. 1,346 mm<br \/>\nTin\u0161u tips: Eco-Solvent Ink (TR3) 500 ml<br \/>\nKr\u0101sas:<br \/>\n8 kr\u0101sas (Cyan, Magenta, Yellow, Black, Light Black, Green, Orange, and Red)<br \/>\n8 kr\u0101sas (Cyan, Magenta, Yellow, Black, Light Cyan, Light Magenta, Orange, and Red)<br \/>\n7 kr\u0101sas (Cyan, Magenta, Yellow, Black, Orange, Red, and White (2 kartrid\u017ei))<br \/>\n4 kr\u0101sas (Cyan, Magenta, Yellow, and Black)<br \/>\nDrukas rezol\u016bcija: Max. 1,800 dpi<br \/>\nGrie\u0161anas \u0101trums: no 10 l\u012bdz 300 mm\/s<br \/>\nElektr\u012bbas pat\u0113ri\u0146\u0161: aptuveni 1,140 W darba laik\u0101 \/ aptuveni 40 W gaid\u012b\u0161anas re\u017e\u012bm\u0101<br \/>\nTrok\u0161\u0146u l\u012bmenis: 66 dB (A) darba laik\u0101 \/ 56dB (A) gaid\u012b\u0161anas re\u017e\u012bm\u0101<br \/>\nTelpas gaisa temperat\u016bra un mitrums: temperat\u016bra darba laik\u0101 \u00a020 to 32\u00b0C un mitrums 35 to 80% RH, temperat\u016bra gaid\u012b\u0161anas re\u017e\u012bm\u0101 5 to 40\u00b0C un mitrums 20 to 80% RH<br \/>\nIzm\u0113rs: 2,632 mm \u00d7 748 mm \u00d7 1,415 mm<br \/>\nSvars: 182 kg<\/p>\n<p>&nbsp;<\/p>\n<p>Vair\u0101k inform\u0101cijas: <a href=\"http:\/\/wmtbaltic.lv\/wp-content\/uploads\/2026\/04\/Datasheet_VG4_Series_EN_EM_Web.pdf\">Datasheet_VG4_Series_EN_EM_Web<\/a><\/p>\n","protected":false},"excerpt":{"rendered":"TrueVis, kam uzticas poligr\u0101fijas profesion\u0101\u013ci vis\u0101 pasaul\u0113, ir drukas un grie\u0161anas veiktsp\u0113jas etalons, un VG4 s\u0113rija ir n\u0101kamais solis \u0161aj\u0101 s\u0113rij\u0101. Ar jaunu drukas galvi\u0146u, jaun\u0101kaj\u0101m TR3 eko-solventa tint\u0113m un darbpl\u016bsmas funkcij\u0101m, kas paredz\u0113tas, lai nodro\u0161in\u0101tu augst\u0101k\u0101s kvalit\u0101tes rezult\u0101tus ar p\u0101rliec\u012bbu dienu no dienas, VG4 pal\u012bdz jums past\u0101v\u012bgi nodro\u0161in\u0101t izcilus rezult\u0101tus. &nbsp; Tehnisk\u0101 specifik\u0101cija: Drukas [...]","protected":false},"featured_media":18481,"template":"","meta":[],"product_brand":[],"product_cat":[1273,258],"product_tag":[],"class_list":{"0":"post-18478","1":"product","2":"type-product","3":"status-publish","4":"has-post-thumbnail","6":"product_cat-eko-solventa-printeri","7":"product_cat-iekartas-un-izejmateriali","9":"first","10":"instock","11":"shipping-taxable","12":"purchasable","13":"product-type-simple"},"yoast_head":"<!-- This site is optimized with the Yoast SEO plugin v27.4 - https:\/\/yoast.com\/product\/yoast-seo-wordpress\/ -->\n<title>Roland DG TrueVIS VG4-540, lielform\u0101ta printeris\/ploteris - WMT Baltic<\/title>\n<meta name=\"description\" content=\"TrueVis, kam uzticas poligr\u0101fijas profesion\u0101\u013ci vis\u0101 pasaul\u0113, ir drukas un grie\u0161anas veiktsp\u0113jas etalons, un VG4 s\u0113rija ir n\u0101kamais solis \u0161aj\u0101 s\u0113rij\u0101. Ar jaunu drukas galvi\u0146u, jaun\u0101kaj\u0101m TR3 eko-solventa tint\u0113m un darbpl\u016bsmas funkcij\u0101m, kas paredz\u0113tas, lai nodro\u0161in\u0101tu augst\u0101k\u0101s kvalit\u0101tes rezult\u0101tus ar p\u0101rliec\u012bbu dienu no dienas, VG4 pal\u012bdz jums past\u0101v\u012bgi nodro\u0161in\u0101t izcilus rezult\u0101tus.\" \/>\n<meta name=\"robots\" content=\"index, follow, max-snippet:-1, max-image-preview:large, max-video-preview:-1\" \/>\n<link rel=\"canonical\" href=\"https:\/\/wmtbaltic.lv\/product\/roland-dg-truevis-vg4-540-lielformata-printeris-ploteris\/\" \/>\n<meta property=\"og:locale\" content=\"en_US\" \/>\n<meta property=\"og:type\" content=\"article\" \/>\n<meta property=\"og:title\" content=\"Roland DG TrueVIS VG4-540, lielform\u0101ta printeris\/ploteris - WMT Baltic\" \/>\n<meta property=\"og:description\" content=\"TrueVis, kam uzticas poligr\u0101fijas profesion\u0101\u013ci vis\u0101 pasaul\u0113, ir drukas un grie\u0161anas veiktsp\u0113jas etalons, un VG4 s\u0113rija ir n\u0101kamais solis \u0161aj\u0101 s\u0113rij\u0101. Ar jaunu drukas galvi\u0146u, jaun\u0101kaj\u0101m TR3 eko-solventa tint\u0113m un darbpl\u016bsmas funkcij\u0101m, kas paredz\u0113tas, lai nodro\u0161in\u0101tu augst\u0101k\u0101s kvalit\u0101tes rezult\u0101tus ar p\u0101rliec\u012bbu dienu no dienas, VG4 pal\u012bdz jums past\u0101v\u012bgi nodro\u0161in\u0101t izcilus rezult\u0101tus.\" \/>\n<meta property=\"og:url\" content=\"https:\/\/wmtbaltic.lv\/product\/roland-dg-truevis-vg4-540-lielformata-printeris-ploteris\/\" \/>\n<meta property=\"og:site_name\" content=\"WMT Baltic\" \/>\n<meta property=\"article:publisher\" content=\"https:\/\/www.facebook.com\/WMT.Baltic.viscom\/?locale=lv_LV\" \/>\n<meta property=\"article:modified_time\" content=\"2026-04-27T08:08:10+00:00\" \/>\n<meta property=\"og:image\" content=\"http:\/\/wmtbaltic.lv\/wp-content\/uploads\/2026\/04\/VG4-540.jpg\" \/>\n\t<meta property=\"og:image:width\" content=\"1400\" \/>\n\t<meta property=\"og:image:height\" content=\"1050\" \/>\n\t<meta property=\"og:image:type\" content=\"image\/jpeg\" \/>\n<meta name=\"twitter:card\" content=\"summary_large_image\" \/>\n<meta name=\"twitter:label1\" content=\"Est. reading time\" \/>\n\t<meta name=\"twitter:data1\" content=\"2 minutes\" \/>\n<script type=\"application\/ld+json\" class=\"yoast-schema-graph\">{\"@context\":\"https:\\\/\\\/schema.org\",\"@graph\":[{\"@type\":\"WebPage\",\"@id\":\"https:\\\/\\\/wmtbaltic.lv\\\/product\\\/roland-dg-truevis-vg4-540-lielformata-printeris-ploteris\\\/\",\"url\":\"https:\\\/\\\/wmtbaltic.lv\\\/product\\\/roland-dg-truevis-vg4-540-lielformata-printeris-ploteris\\\/\",\"name\":\"Roland DG TrueVIS VG4-540, lielform\u0101ta printeris\\\/ploteris - WMT Baltic\",\"isPartOf\":{\"@id\":\"https:\\\/\\\/wmtbaltic.lv\\\/#website\"},\"primaryImageOfPage\":{\"@id\":\"https:\\\/\\\/wmtbaltic.lv\\\/product\\\/roland-dg-truevis-vg4-540-lielformata-printeris-ploteris\\\/#primaryimage\"},\"image\":{\"@id\":\"https:\\\/\\\/wmtbaltic.lv\\\/product\\\/roland-dg-truevis-vg4-540-lielformata-printeris-ploteris\\\/#primaryimage\"},\"thumbnailUrl\":\"https:\\\/\\\/wmtbaltic.lv\\\/wp-content\\\/uploads\\\/2026\\\/04\\\/VG4-540.jpg\",\"datePublished\":\"2026-04-27T08:08:09+00:00\",\"dateModified\":\"2026-04-27T08:08:10+00:00\",\"description\":\"TrueVis, kam uzticas poligr\u0101fijas profesion\u0101\u013ci vis\u0101 pasaul\u0113, ir drukas un grie\u0161anas veiktsp\u0113jas etalons, un VG4 s\u0113rija ir n\u0101kamais solis \u0161aj\u0101 s\u0113rij\u0101. Ar jaunu drukas galvi\u0146u, jaun\u0101kaj\u0101m TR3 eko-solventa tint\u0113m un darbpl\u016bsmas funkcij\u0101m, kas paredz\u0113tas, lai nodro\u0161in\u0101tu augst\u0101k\u0101s kvalit\u0101tes rezult\u0101tus ar p\u0101rliec\u012bbu dienu no dienas, VG4 pal\u012bdz jums past\u0101v\u012bgi nodro\u0161in\u0101t izcilus rezult\u0101tus.\",\"breadcrumb\":{\"@id\":\"https:\\\/\\\/wmtbaltic.lv\\\/product\\\/roland-dg-truevis-vg4-540-lielformata-printeris-ploteris\\\/#breadcrumb\"},\"inLanguage\":\"en-US\",\"potentialAction\":[{\"@type\":\"ReadAction\",\"target\":[\"https:\\\/\\\/wmtbaltic.lv\\\/product\\\/roland-dg-truevis-vg4-540-lielformata-printeris-ploteris\\\/\"]}]},{\"@type\":\"ImageObject\",\"inLanguage\":\"en-US\",\"@id\":\"https:\\\/\\\/wmtbaltic.lv\\\/product\\\/roland-dg-truevis-vg4-540-lielformata-printeris-ploteris\\\/#primaryimage\",\"url\":\"https:\\\/\\\/wmtbaltic.lv\\\/wp-content\\\/uploads\\\/2026\\\/04\\\/VG4-540.jpg\",\"contentUrl\":\"https:\\\/\\\/wmtbaltic.lv\\\/wp-content\\\/uploads\\\/2026\\\/04\\\/VG4-540.jpg\",\"width\":1400,\"height\":1050},{\"@type\":\"BreadcrumbList\",\"@id\":\"https:\\\/\\\/wmtbaltic.lv\\\/product\\\/roland-dg-truevis-vg4-540-lielformata-printeris-ploteris\\\/#breadcrumb\",\"itemListElement\":[{\"@type\":\"ListItem\",\"position\":1,\"name\":\"Home\",\"item\":\"https:\\\/\\\/wmtbaltic.lv\\\/en\\\/\"},{\"@type\":\"ListItem\",\"position\":2,\"name\":\"Shop\",\"item\":\"https:\\\/\\\/wmtbaltic.lv\\\/shop\\\/\"},{\"@type\":\"ListItem\",\"position\":3,\"name\":\"Roland DG TrueVIS VG4-540, lielform\u0101ta printeris\\\/ploteris\"}]},{\"@type\":\"WebSite\",\"@id\":\"https:\\\/\\\/wmtbaltic.lv\\\/#website\",\"url\":\"https:\\\/\\\/wmtbaltic.lv\\\/\",\"name\":\"WMT Baltic\",\"description\":\"Rekl\u0101mas produkti, pl\u0113ves\",\"publisher\":{\"@id\":\"https:\\\/\\\/wmtbaltic.lv\\\/#organization\"},\"potentialAction\":[{\"@type\":\"SearchAction\",\"target\":{\"@type\":\"EntryPoint\",\"urlTemplate\":\"https:\\\/\\\/wmtbaltic.lv\\\/?s={search_term_string}\"},\"query-input\":{\"@type\":\"PropertyValueSpecification\",\"valueRequired\":true,\"valueName\":\"search_term_string\"}}],\"inLanguage\":\"en-US\"},{\"@type\":\"Organization\",\"@id\":\"https:\\\/\\\/wmtbaltic.lv\\\/#organization\",\"name\":\"WMT Baltic\",\"url\":\"https:\\\/\\\/wmtbaltic.lv\\\/\",\"logo\":{\"@type\":\"ImageObject\",\"inLanguage\":\"en-US\",\"@id\":\"https:\\\/\\\/wmtbaltic.lv\\\/#\\\/schema\\\/logo\\\/image\\\/\",\"url\":\"https:\\\/\\\/wmtbaltic.lv\\\/wp-content\\\/uploads\\\/2024\\\/12\\\/wmt-baltic-sia_107142_9_420x180.jpg\",\"contentUrl\":\"https:\\\/\\\/wmtbaltic.lv\\\/wp-content\\\/uploads\\\/2024\\\/12\\\/wmt-baltic-sia_107142_9_420x180.jpg\",\"width\":420,\"height\":180,\"caption\":\"WMT Baltic\"},\"image\":{\"@id\":\"https:\\\/\\\/wmtbaltic.lv\\\/#\\\/schema\\\/logo\\\/image\\\/\"},\"sameAs\":[\"https:\\\/\\\/www.facebook.com\\\/WMT.Baltic.viscom\\\/?locale=lv_LV\",\"https:\\\/\\\/www.instagram.com\\\/viscom_wmt\\\/\"]}]}<\/script>\n<!-- \/ Yoast SEO plugin. -->","yoast_head_json":{"title":"Roland DG TrueVIS VG4-540, lielform\u0101ta printeris\/ploteris - WMT Baltic","description":"TrueVis, kam uzticas poligr\u0101fijas profesion\u0101\u013ci vis\u0101 pasaul\u0113, ir drukas un grie\u0161anas veiktsp\u0113jas etalons, un VG4 s\u0113rija ir n\u0101kamais solis \u0161aj\u0101 s\u0113rij\u0101. Ar jaunu drukas galvi\u0146u, jaun\u0101kaj\u0101m TR3 eko-solventa tint\u0113m un darbpl\u016bsmas funkcij\u0101m, kas paredz\u0113tas, lai nodro\u0161in\u0101tu augst\u0101k\u0101s kvalit\u0101tes rezult\u0101tus ar p\u0101rliec\u012bbu dienu no dienas, VG4 pal\u012bdz jums past\u0101v\u012bgi nodro\u0161in\u0101t izcilus rezult\u0101tus.","robots":{"index":"index","follow":"follow","max-snippet":"max-snippet:-1","max-image-preview":"max-image-preview:large","max-video-preview":"max-video-preview:-1"},"canonical":"https:\/\/wmtbaltic.lv\/product\/roland-dg-truevis-vg4-540-lielformata-printeris-ploteris\/","og_locale":"en_US","og_type":"article","og_title":"Roland DG TrueVIS VG4-540, lielform\u0101ta printeris\/ploteris - WMT Baltic","og_description":"TrueVis, kam uzticas poligr\u0101fijas profesion\u0101\u013ci vis\u0101 pasaul\u0113, ir drukas un grie\u0161anas veiktsp\u0113jas etalons, un VG4 s\u0113rija ir n\u0101kamais solis \u0161aj\u0101 s\u0113rij\u0101. Ar jaunu drukas galvi\u0146u, jaun\u0101kaj\u0101m TR3 eko-solventa tint\u0113m un darbpl\u016bsmas funkcij\u0101m, kas paredz\u0113tas, lai nodro\u0161in\u0101tu augst\u0101k\u0101s kvalit\u0101tes rezult\u0101tus ar p\u0101rliec\u012bbu dienu no dienas, VG4 pal\u012bdz jums past\u0101v\u012bgi nodro\u0161in\u0101t izcilus rezult\u0101tus.","og_url":"https:\/\/wmtbaltic.lv\/product\/roland-dg-truevis-vg4-540-lielformata-printeris-ploteris\/","og_site_name":"WMT Baltic","article_publisher":"https:\/\/www.facebook.com\/WMT.Baltic.viscom\/?locale=lv_LV","article_modified_time":"2026-04-27T08:08:10+00:00","og_image":[{"width":1400,"height":1050,"url":"http:\/\/wmtbaltic.lv\/wp-content\/uploads\/2026\/04\/VG4-540.jpg","type":"image\/jpeg"}],"twitter_card":"summary_large_image","twitter_misc":{"Est. reading time":"2 minutes"},"schema":{"@context":"https:\/\/schema.org","@graph":[{"@type":"WebPage","@id":"https:\/\/wmtbaltic.lv\/product\/roland-dg-truevis-vg4-540-lielformata-printeris-ploteris\/","url":"https:\/\/wmtbaltic.lv\/product\/roland-dg-truevis-vg4-540-lielformata-printeris-ploteris\/","name":"Roland DG TrueVIS VG4-540, lielform\u0101ta printeris\/ploteris - WMT Baltic","isPartOf":{"@id":"https:\/\/wmtbaltic.lv\/#website"},"primaryImageOfPage":{"@id":"https:\/\/wmtbaltic.lv\/product\/roland-dg-truevis-vg4-540-lielformata-printeris-ploteris\/#primaryimage"},"image":{"@id":"https:\/\/wmtbaltic.lv\/product\/roland-dg-truevis-vg4-540-lielformata-printeris-ploteris\/#primaryimage"},"thumbnailUrl":"https:\/\/wmtbaltic.lv\/wp-content\/uploads\/2026\/04\/VG4-540.jpg","datePublished":"2026-04-27T08:08:09+00:00","dateModified":"2026-04-27T08:08:10+00:00","description":"TrueVis, kam uzticas poligr\u0101fijas profesion\u0101\u013ci vis\u0101 pasaul\u0113, ir drukas un grie\u0161anas veiktsp\u0113jas etalons, un VG4 s\u0113rija ir n\u0101kamais solis \u0161aj\u0101 s\u0113rij\u0101. Ar jaunu drukas galvi\u0146u, jaun\u0101kaj\u0101m TR3 eko-solventa tint\u0113m un darbpl\u016bsmas funkcij\u0101m, kas paredz\u0113tas, lai nodro\u0161in\u0101tu augst\u0101k\u0101s kvalit\u0101tes rezult\u0101tus ar p\u0101rliec\u012bbu dienu no dienas, VG4 pal\u012bdz jums past\u0101v\u012bgi nodro\u0161in\u0101t izcilus rezult\u0101tus.","breadcrumb":{"@id":"https:\/\/wmtbaltic.lv\/product\/roland-dg-truevis-vg4-540-lielformata-printeris-ploteris\/#breadcrumb"},"inLanguage":"en-US","potentialAction":[{"@type":"ReadAction","target":["https:\/\/wmtbaltic.lv\/product\/roland-dg-truevis-vg4-540-lielformata-printeris-ploteris\/"]}]},{"@type":"ImageObject","inLanguage":"en-US","@id":"https:\/\/wmtbaltic.lv\/product\/roland-dg-truevis-vg4-540-lielformata-printeris-ploteris\/#primaryimage","url":"https:\/\/wmtbaltic.lv\/wp-content\/uploads\/2026\/04\/VG4-540.jpg","contentUrl":"https:\/\/wmtbaltic.lv\/wp-content\/uploads\/2026\/04\/VG4-540.jpg","width":1400,"height":1050},{"@type":"BreadcrumbList","@id":"https:\/\/wmtbaltic.lv\/product\/roland-dg-truevis-vg4-540-lielformata-printeris-ploteris\/#breadcrumb","itemListElement":[{"@type":"ListItem","position":1,"name":"Home","item":"https:\/\/wmtbaltic.lv\/en\/"},{"@type":"ListItem","position":2,"name":"Shop","item":"https:\/\/wmtbaltic.lv\/shop\/"},{"@type":"ListItem","position":3,"name":"Roland DG TrueVIS VG4-540, lielform\u0101ta printeris\/ploteris"}]},{"@type":"WebSite","@id":"https:\/\/wmtbaltic.lv\/#website","url":"https:\/\/wmtbaltic.lv\/","name":"WMT Baltic","description":"Rekl\u0101mas produkti, pl\u0113ves","publisher":{"@id":"https:\/\/wmtbaltic.lv\/#organization"},"potentialAction":[{"@type":"SearchAction","target":{"@type":"EntryPoint","urlTemplate":"https:\/\/wmtbaltic.lv\/?s={search_term_string}"},"query-input":{"@type":"PropertyValueSpecification","valueRequired":true,"valueName":"search_term_string"}}],"inLanguage":"en-US"},{"@type":"Organization","@id":"https:\/\/wmtbaltic.lv\/#organization","name":"WMT Baltic","url":"https:\/\/wmtbaltic.lv\/","logo":{"@type":"ImageObject","inLanguage":"en-US","@id":"https:\/\/wmtbaltic.lv\/#\/schema\/logo\/image\/","url":"https:\/\/wmtbaltic.lv\/wp-content\/uploads\/2024\/12\/wmt-baltic-sia_107142_9_420x180.jpg","contentUrl":"https:\/\/wmtbaltic.lv\/wp-content\/uploads\/2024\/12\/wmt-baltic-sia_107142_9_420x180.jpg","width":420,"height":180,"caption":"WMT Baltic"},"image":{"@id":"https:\/\/wmtbaltic.lv\/#\/schema\/logo\/image\/"},"sameAs":["https:\/\/www.facebook.com\/WMT.Baltic.viscom\/?locale=lv_LV","https:\/\/www.instagram.com\/viscom_wmt\/"]}]}},"_links":{"self":[{"href":"https:\/\/wmtbaltic.lv\/en\/wp-json\/wp\/v2\/product\/18478","targetHints":{"allow":["GET"]}}],"collection":[{"href":"https:\/\/wmtbaltic.lv\/en\/wp-json\/wp\/v2\/product"}],"about":[{"href":"https:\/\/wmtbaltic.lv\/en\/wp-json\/wp\/v2\/types\/product"}],"wp:featuredmedia":[{"embeddable":true,"href":"https:\/\/wmtbaltic.lv\/en\/wp-json\/wp\/v2\/media\/18481"}],"wp:attachment":[{"href":"https:\/\/wmtbaltic.lv\/en\/wp-json\/wp\/v2\/media?parent=18478"}],"wp:term":[{"taxonomy":"product_brand","embeddable":true,"href":"https:\/\/wmtbaltic.lv\/en\/wp-json\/wp\/v2\/product_brand?post=18478"},{"taxonomy":"product_cat","embeddable":true,"href":"https:\/\/wmtbaltic.lv\/en\/wp-json\/wp\/v2\/product_cat?post=18478"},{"taxonomy":"product_tag","embeddable":true,"href":"https:\/\/wmtbaltic.lv\/en\/wp-json\/wp\/v2\/product_tag?post=18478"}],"curies":[{"name":"wp","href":"https:\/\/api.w.org\/{rel}","templated":true}]}}