{"id":1847,"date":"2020-08-17T14:37:18","date_gmt":"2020-08-17T14:37:18","guid":{"rendered":"http:\/\/wmtbaltic.lv\/\/?post_type=product&#038;p=1847"},"modified":"2021-11-13T09:13:29","modified_gmt":"2021-11-13T09:13:29","slug":"rakelis-parasts-ciets-4-balts-100x75mm","status":"publish","type":"product","link":"https:\/\/wmtbaltic.lv\/en\/product\/rakelis-parasts-ciets-4-balts-100x75mm\/","title":{"rendered":"100PP Rakelis parasts ciets 4&#8243; balts (100x75mm)"},"content":{"rendered":"<p>Rakelis parasts ciets 4&#8243; balts (100x75mm). M\u016bsu sortiment\u0101 asto\u0146u pak\u0101pju ciet\u012bbas rake\u013ci. Katrs speci\u0101lists var izv\u0113l\u0113ties sev piem\u0113rot\u0101ko instrumentu darbam ar l\u012bmpl\u0113v\u0113m. Citu ciet\u012bbu rake\u013cus var apskat\u012bt <a href=\"https:\/\/wmtbaltic.lv\/product-category\/instrumenti-aksesuari\/aksesuari-aplimesanai\/instrumenti-aplimesanai\/\">\u0161eit<\/a>.<\/p>\n<p>Lai aizs\u0101rg\u0101tu virsmu no skr\u0101p\u0113jumiem, m\u0113s pied\u0101v\u0101jam ar\u012b rake\u013ca apvalkus:<\/p>\n<ul>\n<li>&#8211; <a href=\"https:\/\/wmtbaltic.lv\/Produkts\/rakela-apvalks-uzlex-fiber-10-100-x-30-mm-5-gab\/\">UZLEX fibras apvalki<\/a> dom\u0101ti glanc\u0113t\u0101m virsm\u0101m, ide\u0101li piem\u0113roti auto apl\u012bm\u0113\u0161anai;<\/li>\n<li>&#8211; <a href=\"https:\/\/wmtbaltic.lv\/Produkts\/rakela-apvalks-felt-10-melns-5gab\/\">UZLEX filca apvalki<\/a> tiek izmantoti rekl\u0101mas darbiem;<\/li>\n<li>&#8211; <a href=\"https:\/\/wmtbaltic.lv\/Produkts\/rakela-apvalks-teflon-10100x30mm-3-gab\/\">UZLEX teflona apvalki<\/a> ide\u0101li piem\u0113roti \u0101trai apl\u012bm\u0113sanai. Teflons sniedz papildu \u0101trumu, apl\u012bm\u0113jot virsmas.<\/li>\n<\/ul>\n<p>&nbsp;<\/p>\n<p><img loading=\"lazy\" decoding=\"async\" class=\"alignnone wp-image-11119\" src=\"http:\/\/wmtbaltic.lv\/wp-content\/uploads\/2020\/08\/Tools.Uzlex_.eu_.IMG_2235.08-10-15-1024x683.jpg\" alt=\"\" width=\"439\" height=\"292\" srcset=\"https:\/\/wmtbaltic.lv\/wp-content\/uploads\/2020\/08\/Tools.Uzlex_.eu_.IMG_2235.08-10-15-1024x683.jpg 1024w, https:\/\/wmtbaltic.lv\/wp-content\/uploads\/2020\/08\/Tools.Uzlex_.eu_.IMG_2235.08-10-15-300x200.jpg 300w, https:\/\/wmtbaltic.lv\/wp-content\/uploads\/2020\/08\/Tools.Uzlex_.eu_.IMG_2235.08-10-15-768x512.jpg 768w, https:\/\/wmtbaltic.lv\/wp-content\/uploads\/2020\/08\/Tools.Uzlex_.eu_.IMG_2235.08-10-15-1536x1024.jpg 1536w, https:\/\/wmtbaltic.lv\/wp-content\/uploads\/2020\/08\/Tools.Uzlex_.eu_.IMG_2235.08-10-15-2048x1365.jpg 2048w, https:\/\/wmtbaltic.lv\/wp-content\/uploads\/2020\/08\/Tools.Uzlex_.eu_.IMG_2235.08-10-15-600x400.jpg 600w\" sizes=\"auto, (max-width: 439px) 100vw, 439px\" \/><\/p>\n<p>&nbsp;<\/p>\n<p>Visus UZLEX instrumentus ra\u017eojam Latvij\u0101. M\u0113s ra\u017eojam:<\/p>\n<ul>\n<li>\u2013\u00a0<a href=\"https:\/\/wmtbaltic.lv\/product-category\/instrumenti-aksesuari\/aksesuari-aplimesanai\/instrumenti-aplimesanai\/\">rake\u013cus apl\u012bm\u0113\u0161anai<\/a>\u00a0(auto, rekl\u0101mai, interjeram);<\/li>\n<li><a href=\"https:\/\/wmtbaltic.lv\/product-category\/instrumenti-aksesuari\/aksesuari-aplimesanai\/instrumenti-aplimesanai\/\">\u2013 rake\u013cu apvalkus<\/a>\u00a0(fibras, filca, teflona);<\/li>\n<li><a href=\"https:\/\/wmtbaltic.lv\/product-category\/instrumenti-aksesuari\/aksesuari-aplimesanai\/instrumenti-materialu-nonemsanai\/\">\u2013 skr\u0101p\u012b\u0161us materi\u0101la no\u0146em\u0161anai<\/a>;<\/li>\n<li><a href=\"https:\/\/wmtbaltic.lv\/product-category\/instrumenti-aksesuari\/nazi-un-lineali\/griezeji-nazi-un-lineali\/\">\u2013 griez\u0113jus<\/a>;<\/li>\n<li><a href=\"https:\/\/wmtbaltic.lv\/product-category\/instrumenti-aksesuari\/nazi-un-lineali\/lineali\/\">\u2013 line\u0101lus<\/a>;<\/li>\n<li><a href=\"https:\/\/wmtbaltic.lv\/product-category\/instrumenti-aksesuari\/darbavietas-organizacija\/\">\u2013 pal\u012bgr\u012bkus darba\u00a0 vietas organiz\u0101cijai<\/a>;<\/li>\n<\/ul>\n<p>&nbsp;<\/p>\n<p><strong>S\u0113kojiet visiem jaunumiem un pas\u0101kumiem instrumentu industrij\u0101 m\u016bsu Instagram profil\u0101:\u00a0<a href=\"https:\/\/www.instagram.com\/tools.uzlex.eu\/\">www.instagram.com\/tools.uzlex.eu\/\u00a0\u00a0<\/a><\/strong><\/p>\n<p>&nbsp;<\/p>\n<p><strong>Aicin\u0101m iepaz\u012bties ar instrumentu katalogu m\u016bsu m\u0101jaslap\u0101:\u00a0<\/strong><\/p>\n<p><a href=\"https:\/\/downloads.wmt.lv\/uzlex\/\"><img loading=\"lazy\" decoding=\"async\" class=\"alignnone size-large wp-image-10907\" src=\"http:\/\/wmtbaltic.lv\/wp-content\/uploads\/2020\/08\/tools.uzlex_.eu_new.catalogue-1024x355.jpg\" sizes=\"auto, (max-width: 780px) 100vw, 780px\" srcset=\"https:\/\/wmtbaltic.lv\/wp-content\/uploads\/2020\/08\/tools.uzlex_.eu_new.catalogue-1024x355.jpg 1024w, https:\/\/wmtbaltic.lv\/wp-content\/uploads\/2020\/08\/tools.uzlex_.eu_new.catalogue-300x104.jpg 300w, https:\/\/wmtbaltic.lv\/wp-content\/uploads\/2020\/08\/tools.uzlex_.eu_new.catalogue-768x266.jpg 768w, https:\/\/wmtbaltic.lv\/wp-content\/uploads\/2020\/08\/tools.uzlex_.eu_new.catalogue-600x208.jpg 600w, https:\/\/wmtbaltic.lv\/wp-content\/uploads\/2020\/08\/tools.uzlex_.eu_new.catalogue.jpg 1438w\" alt=\"\" width=\"780\" height=\"270\" \/><\/a><\/p>\n","protected":false},"excerpt":{"rendered":"Rakelis parasts ciets 4\" balts (100x75mm). M\u016bsu sortiment\u0101 asto\u0146u pak\u0101pju ciet\u012bbas rake\u013ci. Katrs speci\u0101lists var izv\u0113l\u0113ties sev piem\u0113rot\u0101ko instrumentu darbam ar l\u012bmpl\u0113v\u0113m. Citu ciet\u012bbu rake\u013cus var apskat\u012bt \u0161eit. Lai aizs\u0101rg\u0101tu virsmu no skr\u0101p\u0113jumiem, m\u0113s pied\u0101v\u0101jam ar\u012b rake\u013ca apvalkus: - UZLEX fibras apvalki dom\u0101ti glanc\u0113t\u0101m virsm\u0101m, ide\u0101li piem\u0113roti auto apl\u012bm\u0113\u0161anai; - UZLEX filca apvalki tiek izmantoti [...]","protected":false},"featured_media":1848,"comment_status":"closed","ping_status":"closed","template":"","meta":[],"product_brand":[],"product_cat":[200,397,61],"product_tag":[289,293,290],"class_list":{"0":"post-1847","1":"product","2":"type-product","3":"status-publish","4":"has-post-thumbnail","6":"product_cat-aksesuari-aplimesanai","7":"product_cat-instrumenti-aplimesanai","8":"product_cat-instrumenti-aksesuari","9":"product_tag-rakelis","10":"product_tag-reklamai","11":"product_tag-uzlex","13":"first","14":"instock","15":"shipping-taxable","16":"purchasable","17":"product-type-simple"},"yoast_head":"<!-- This site is optimized with the Yoast SEO plugin v27.4 - https:\/\/yoast.com\/product\/yoast-seo-wordpress\/ -->\n<title>100PP Rakelis parasts ciets 4&quot; balts (100x75mm) - WMT Baltic<\/title>\n<meta name=\"robots\" content=\"index, follow, max-snippet:-1, max-image-preview:large, max-video-preview:-1\" \/>\n<link rel=\"canonical\" href=\"https:\/\/wmtbaltic.lv\/Produkts\/rakelis-parasts-ciets-4-balts-100x75mm\/\" \/>\n<meta property=\"og:locale\" content=\"en_US\" \/>\n<meta property=\"og:type\" content=\"article\" \/>\n<meta property=\"og:title\" content=\"100PP Rakelis parasts ciets 4&quot; balts (100x75mm) - WMT Baltic\" \/>\n<meta property=\"og:url\" content=\"https:\/\/wmtbaltic.lv\/Produkts\/rakelis-parasts-ciets-4-balts-100x75mm\/\" \/>\n<meta property=\"og:site_name\" content=\"WMT Baltic\" \/>\n<meta property=\"article:publisher\" content=\"https:\/\/www.facebook.com\/WMT.Baltic.viscom\/?locale=lv_LV\" \/>\n<meta property=\"article:modified_time\" content=\"2021-11-13T09:13:29+00:00\" \/>\n<meta property=\"og:image\" content=\"https:\/\/wmtbaltic.lv\/wp-content\/uploads\/2020\/08\/tools.uzlex_.eu_simple.squeegee_hard_white.jpg\" \/>\n\t<meta property=\"og:image:width\" content=\"800\" \/>\n\t<meta property=\"og:image:height\" content=\"600\" \/>\n\t<meta property=\"og:image:type\" content=\"image\/jpeg\" \/>\n<meta name=\"twitter:card\" content=\"summary_large_image\" \/>\n<meta name=\"twitter:label1\" content=\"Est. reading time\" \/>\n\t<meta name=\"twitter:data1\" content=\"1 minute\" \/>\n<script type=\"application\/ld+json\" class=\"yoast-schema-graph\">{\"@context\":\"https:\\\/\\\/schema.org\",\"@graph\":[{\"@type\":\"WebPage\",\"@id\":\"https:\\\/\\\/wmtbaltic.lv\\\/Produkts\\\/rakelis-parasts-ciets-4-balts-100x75mm\\\/\",\"url\":\"https:\\\/\\\/wmtbaltic.lv\\\/Produkts\\\/rakelis-parasts-ciets-4-balts-100x75mm\\\/\",\"name\":\"100PP Rakelis parasts ciets 4\\\" balts (100x75mm) - WMT Baltic\",\"isPartOf\":{\"@id\":\"https:\\\/\\\/wmtbaltic.lv\\\/#website\"},\"primaryImageOfPage\":{\"@id\":\"https:\\\/\\\/wmtbaltic.lv\\\/Produkts\\\/rakelis-parasts-ciets-4-balts-100x75mm\\\/#primaryimage\"},\"image\":{\"@id\":\"https:\\\/\\\/wmtbaltic.lv\\\/Produkts\\\/rakelis-parasts-ciets-4-balts-100x75mm\\\/#primaryimage\"},\"thumbnailUrl\":\"https:\\\/\\\/wmtbaltic.lv\\\/wp-content\\\/uploads\\\/2020\\\/08\\\/tools.uzlex_.eu_simple.squeegee_hard_white.jpg\",\"datePublished\":\"2020-08-17T14:37:18+00:00\",\"dateModified\":\"2021-11-13T09:13:29+00:00\",\"breadcrumb\":{\"@id\":\"https:\\\/\\\/wmtbaltic.lv\\\/Produkts\\\/rakelis-parasts-ciets-4-balts-100x75mm\\\/#breadcrumb\"},\"inLanguage\":\"en-US\",\"potentialAction\":[{\"@type\":\"ReadAction\",\"target\":[\"https:\\\/\\\/wmtbaltic.lv\\\/Produkts\\\/rakelis-parasts-ciets-4-balts-100x75mm\\\/\"]}]},{\"@type\":\"ImageObject\",\"inLanguage\":\"en-US\",\"@id\":\"https:\\\/\\\/wmtbaltic.lv\\\/Produkts\\\/rakelis-parasts-ciets-4-balts-100x75mm\\\/#primaryimage\",\"url\":\"https:\\\/\\\/wmtbaltic.lv\\\/wp-content\\\/uploads\\\/2020\\\/08\\\/tools.uzlex_.eu_simple.squeegee_hard_white.jpg\",\"contentUrl\":\"https:\\\/\\\/wmtbaltic.lv\\\/wp-content\\\/uploads\\\/2020\\\/08\\\/tools.uzlex_.eu_simple.squeegee_hard_white.jpg\",\"width\":800,\"height\":600},{\"@type\":\"BreadcrumbList\",\"@id\":\"https:\\\/\\\/wmtbaltic.lv\\\/Produkts\\\/rakelis-parasts-ciets-4-balts-100x75mm\\\/#breadcrumb\",\"itemListElement\":[{\"@type\":\"ListItem\",\"position\":1,\"name\":\"Home\",\"item\":\"https:\\\/\\\/wmtbaltic.lv\\\/en\\\/\"},{\"@type\":\"ListItem\",\"position\":2,\"name\":\"Products\",\"item\":\"https:\\\/\\\/wmtbaltic.lv\\\/en\\\/shop\\\/\"},{\"@type\":\"ListItem\",\"position\":3,\"name\":\"100PP Rakelis parasts ciets 4&#8243; balts (100x75mm)\"}]},{\"@type\":\"WebSite\",\"@id\":\"https:\\\/\\\/wmtbaltic.lv\\\/#website\",\"url\":\"https:\\\/\\\/wmtbaltic.lv\\\/\",\"name\":\"WMT Baltic\",\"description\":\"Rekl\u0101mas produkti, pl\u0113ves\",\"publisher\":{\"@id\":\"https:\\\/\\\/wmtbaltic.lv\\\/#organization\"},\"potentialAction\":[{\"@type\":\"SearchAction\",\"target\":{\"@type\":\"EntryPoint\",\"urlTemplate\":\"https:\\\/\\\/wmtbaltic.lv\\\/?s={search_term_string}\"},\"query-input\":{\"@type\":\"PropertyValueSpecification\",\"valueRequired\":true,\"valueName\":\"search_term_string\"}}],\"inLanguage\":\"en-US\"},{\"@type\":\"Organization\",\"@id\":\"https:\\\/\\\/wmtbaltic.lv\\\/#organization\",\"name\":\"WMT Baltic\",\"url\":\"https:\\\/\\\/wmtbaltic.lv\\\/\",\"logo\":{\"@type\":\"ImageObject\",\"inLanguage\":\"en-US\",\"@id\":\"https:\\\/\\\/wmtbaltic.lv\\\/#\\\/schema\\\/logo\\\/image\\\/\",\"url\":\"https:\\\/\\\/wmtbaltic.lv\\\/wp-content\\\/uploads\\\/2024\\\/12\\\/wmt-baltic-sia_107142_9_420x180.jpg\",\"contentUrl\":\"https:\\\/\\\/wmtbaltic.lv\\\/wp-content\\\/uploads\\\/2024\\\/12\\\/wmt-baltic-sia_107142_9_420x180.jpg\",\"width\":420,\"height\":180,\"caption\":\"WMT Baltic\"},\"image\":{\"@id\":\"https:\\\/\\\/wmtbaltic.lv\\\/#\\\/schema\\\/logo\\\/image\\\/\"},\"sameAs\":[\"https:\\\/\\\/www.facebook.com\\\/WMT.Baltic.viscom\\\/?locale=lv_LV\",\"https:\\\/\\\/www.instagram.com\\\/viscom_wmt\\\/\"]}]}<\/script>\n<!-- \/ Yoast SEO plugin. -->","yoast_head_json":{"title":"100PP Rakelis parasts ciets 4\" balts (100x75mm) - WMT Baltic","robots":{"index":"index","follow":"follow","max-snippet":"max-snippet:-1","max-image-preview":"max-image-preview:large","max-video-preview":"max-video-preview:-1"},"canonical":"https:\/\/wmtbaltic.lv\/Produkts\/rakelis-parasts-ciets-4-balts-100x75mm\/","og_locale":"en_US","og_type":"article","og_title":"100PP Rakelis parasts ciets 4\" balts (100x75mm) - WMT Baltic","og_url":"https:\/\/wmtbaltic.lv\/Produkts\/rakelis-parasts-ciets-4-balts-100x75mm\/","og_site_name":"WMT Baltic","article_publisher":"https:\/\/www.facebook.com\/WMT.Baltic.viscom\/?locale=lv_LV","article_modified_time":"2021-11-13T09:13:29+00:00","og_image":[{"width":800,"height":600,"url":"https:\/\/wmtbaltic.lv\/wp-content\/uploads\/2020\/08\/tools.uzlex_.eu_simple.squeegee_hard_white.jpg","type":"image\/jpeg"}],"twitter_card":"summary_large_image","twitter_misc":{"Est. reading time":"1 minute"},"schema":{"@context":"https:\/\/schema.org","@graph":[{"@type":"WebPage","@id":"https:\/\/wmtbaltic.lv\/Produkts\/rakelis-parasts-ciets-4-balts-100x75mm\/","url":"https:\/\/wmtbaltic.lv\/Produkts\/rakelis-parasts-ciets-4-balts-100x75mm\/","name":"100PP Rakelis parasts ciets 4\" balts (100x75mm) - WMT Baltic","isPartOf":{"@id":"https:\/\/wmtbaltic.lv\/#website"},"primaryImageOfPage":{"@id":"https:\/\/wmtbaltic.lv\/Produkts\/rakelis-parasts-ciets-4-balts-100x75mm\/#primaryimage"},"image":{"@id":"https:\/\/wmtbaltic.lv\/Produkts\/rakelis-parasts-ciets-4-balts-100x75mm\/#primaryimage"},"thumbnailUrl":"https:\/\/wmtbaltic.lv\/wp-content\/uploads\/2020\/08\/tools.uzlex_.eu_simple.squeegee_hard_white.jpg","datePublished":"2020-08-17T14:37:18+00:00","dateModified":"2021-11-13T09:13:29+00:00","breadcrumb":{"@id":"https:\/\/wmtbaltic.lv\/Produkts\/rakelis-parasts-ciets-4-balts-100x75mm\/#breadcrumb"},"inLanguage":"en-US","potentialAction":[{"@type":"ReadAction","target":["https:\/\/wmtbaltic.lv\/Produkts\/rakelis-parasts-ciets-4-balts-100x75mm\/"]}]},{"@type":"ImageObject","inLanguage":"en-US","@id":"https:\/\/wmtbaltic.lv\/Produkts\/rakelis-parasts-ciets-4-balts-100x75mm\/#primaryimage","url":"https:\/\/wmtbaltic.lv\/wp-content\/uploads\/2020\/08\/tools.uzlex_.eu_simple.squeegee_hard_white.jpg","contentUrl":"https:\/\/wmtbaltic.lv\/wp-content\/uploads\/2020\/08\/tools.uzlex_.eu_simple.squeegee_hard_white.jpg","width":800,"height":600},{"@type":"BreadcrumbList","@id":"https:\/\/wmtbaltic.lv\/Produkts\/rakelis-parasts-ciets-4-balts-100x75mm\/#breadcrumb","itemListElement":[{"@type":"ListItem","position":1,"name":"Home","item":"https:\/\/wmtbaltic.lv\/en\/"},{"@type":"ListItem","position":2,"name":"Products","item":"https:\/\/wmtbaltic.lv\/en\/shop\/"},{"@type":"ListItem","position":3,"name":"100PP Rakelis parasts ciets 4&#8243; balts (100x75mm)"}]},{"@type":"WebSite","@id":"https:\/\/wmtbaltic.lv\/#website","url":"https:\/\/wmtbaltic.lv\/","name":"WMT Baltic","description":"Rekl\u0101mas produkti, pl\u0113ves","publisher":{"@id":"https:\/\/wmtbaltic.lv\/#organization"},"potentialAction":[{"@type":"SearchAction","target":{"@type":"EntryPoint","urlTemplate":"https:\/\/wmtbaltic.lv\/?s={search_term_string}"},"query-input":{"@type":"PropertyValueSpecification","valueRequired":true,"valueName":"search_term_string"}}],"inLanguage":"en-US"},{"@type":"Organization","@id":"https:\/\/wmtbaltic.lv\/#organization","name":"WMT Baltic","url":"https:\/\/wmtbaltic.lv\/","logo":{"@type":"ImageObject","inLanguage":"en-US","@id":"https:\/\/wmtbaltic.lv\/#\/schema\/logo\/image\/","url":"https:\/\/wmtbaltic.lv\/wp-content\/uploads\/2024\/12\/wmt-baltic-sia_107142_9_420x180.jpg","contentUrl":"https:\/\/wmtbaltic.lv\/wp-content\/uploads\/2024\/12\/wmt-baltic-sia_107142_9_420x180.jpg","width":420,"height":180,"caption":"WMT Baltic"},"image":{"@id":"https:\/\/wmtbaltic.lv\/#\/schema\/logo\/image\/"},"sameAs":["https:\/\/www.facebook.com\/WMT.Baltic.viscom\/?locale=lv_LV","https:\/\/www.instagram.com\/viscom_wmt\/"]}]}},"_links":{"self":[{"href":"https:\/\/wmtbaltic.lv\/en\/wp-json\/wp\/v2\/product\/1847","targetHints":{"allow":["GET"]}}],"collection":[{"href":"https:\/\/wmtbaltic.lv\/en\/wp-json\/wp\/v2\/product"}],"about":[{"href":"https:\/\/wmtbaltic.lv\/en\/wp-json\/wp\/v2\/types\/product"}],"replies":[{"embeddable":true,"href":"https:\/\/wmtbaltic.lv\/en\/wp-json\/wp\/v2\/comments?post=1847"}],"wp:featuredmedia":[{"embeddable":true,"href":"https:\/\/wmtbaltic.lv\/en\/wp-json\/wp\/v2\/media\/1848"}],"wp:attachment":[{"href":"https:\/\/wmtbaltic.lv\/en\/wp-json\/wp\/v2\/media?parent=1847"}],"wp:term":[{"taxonomy":"product_brand","embeddable":true,"href":"https:\/\/wmtbaltic.lv\/en\/wp-json\/wp\/v2\/product_brand?post=1847"},{"taxonomy":"product_cat","embeddable":true,"href":"https:\/\/wmtbaltic.lv\/en\/wp-json\/wp\/v2\/product_cat?post=1847"},{"taxonomy":"product_tag","embeddable":true,"href":"https:\/\/wmtbaltic.lv\/en\/wp-json\/wp\/v2\/product_tag?post=1847"}],"curies":[{"name":"wp","href":"https:\/\/api.w.org\/{rel}","templated":true}]}}