{"id":18443,"date":"2026-04-24T13:47:27","date_gmt":"2026-04-24T13:47:27","guid":{"rendered":"https:\/\/wmtbaltic.lv\/?post_type=product&#038;p=18443"},"modified":"2026-04-24T13:47:28","modified_gmt":"2026-04-24T13:47:28","slug":"roland-dg-versastudio-bn2-30-printeris-ploteris","status":"publish","type":"product","link":"https:\/\/wmtbaltic.lv\/en\/product\/roland-dg-versastudio-bn2-30-printeris-ploteris\/","title":{"rendered":"Roland DG VersaSTUDIO BN2-30 printeris\/ploteris"},"content":{"rendered":"<p>Ar n\u0101kam\u0101s paaudzes BN2 j\u016bs varat sasniegt iev\u0113rojami \u0101tr\u0101ku drukas \u0101trumu ar \u0113rt\u0101m jaun\u0101m funkcij\u0101m, \u0113rtu lieto\u0161anu un kompaktu dizainu, kas lieliski piem\u0113rots m\u0101j\u0101m, birojiem vai veikaliem. BN2 printerim\/ploterim ir viss, kas jums nepiecie\u0161ams, lai s\u0101ktu savu projektu.<\/p>\n<ul>\n<li>Augstas kvalit\u0101tes druka un grie\u0161ana<\/li>\n<li>\u0100tr\u0101ks drukas \u0101trums optim\u0101lai produktivit\u0101tei<\/li>\n<li>Pieejama cena maz\u0101kiem uz\u0146\u0113mumiem<\/li>\n<li>Viegli lietojams \u2013 nav nepiecie\u0161ama drukas pieredze<\/li>\n<li>Kompakts izm\u0113rs<\/li>\n<\/ul>\n<p>&nbsp;<\/p>\n<p><strong>Tehnisk\u0101 specifik\u0101cija:<\/strong><\/p>\n<p>Drukas metode: Piezo inkjet method<br \/>\nIzm\u0113rs: 1,323 \u00d7 617 \u00d7 622 mm<br \/>\nSvars: 74 kg<br \/>\nMateri\u0101la platums: no 150 l\u012bdz 762 mm<br \/>\nMateri\u0101la biezums: Max. 1.0 mm ar pamatni drukai,\u00a0 Max. 0.4 mm ar pamatni un 0.22 mm bez pamatnes grie\u0161anai<br \/>\nDrukas\/grie\u0161anas maksim\u0101lais platums: 736 mm<br \/>\nTintes: 220 ml kartrid\u017ei<br \/>\nKr\u0101sas: Cyan, Magenta, Yellow and Black<br \/>\nCyan, Magenta, Yellow, Black and White<br \/>\nRezol\u016bcija: Max. 1,440 dpi<br \/>\nGrie\u0161anas \u0101trums: no 10 l\u012bdz 150 mm\/s<br \/>\nAutom\u0101tisks miega re\u017e\u012bms<br \/>\nElektr\u012bbas pat\u0113ri\u0146\u0161: aptuveni 260W darba laik\u0101 \/ aptuveni 27W gaid\u012b\u0161anas re\u017e\u012bm\u0101<br \/>\nTrok\u0161\u0146u l\u012bmenis: 65 dB (A) darba laik\u0101 \/ 63dB (A) gaid\u012b\u0161anas re\u017e\u012bm\u0101<\/p>\n<p>&nbsp;<\/p>\n<p>Vair\u0101k inform\u0101cijas: <a href=\"http:\/\/wmtbaltic.lv\/wp-content\/uploads\/2023\/10\/Datasheet_BN2-Series_EN_WEB.pdf\">Datasheet_BN2-Series_EN_WEB<\/a><\/p>\n","protected":false},"excerpt":{"rendered":"Ar n\u0101kam\u0101s paaudzes BN2 j\u016bs varat sasniegt iev\u0113rojami \u0101tr\u0101ku drukas \u0101trumu ar \u0113rt\u0101m jaun\u0101m funkcij\u0101m, \u0113rtu lieto\u0161anu un kompaktu dizainu, kas lieliski piem\u0113rots m\u0101j\u0101m, birojiem vai veikaliem. BN2 printerim\/ploterim ir viss, kas jums nepiecie\u0161ams, lai s\u0101ktu savu projektu. Augstas kvalit\u0101tes druka un grie\u0161ana \u0100tr\u0101ks drukas \u0101trums optim\u0101lai produktivit\u0101tei Pieejama cena maz\u0101kiem uz\u0146\u0113mumiem Viegli lietojams \u2013 [...]","protected":false},"featured_media":18446,"template":"","meta":[],"product_brand":[],"product_cat":[1273,258],"product_tag":[],"class_list":{"0":"post-18443","1":"product","2":"type-product","3":"status-publish","4":"has-post-thumbnail","6":"product_cat-eko-solventa-printeri","7":"product_cat-iekartas-un-izejmateriali","9":"first","10":"instock","11":"shipping-taxable","12":"purchasable","13":"product-type-simple"},"yoast_head":"<!-- This site is optimized with the Yoast SEO plugin v27.5 - https:\/\/yoast.com\/product\/yoast-seo-wordpress\/ -->\n<title>Roland DG VersaSTUDIO BN2-30 printeris\/ploteris - WMT Baltic<\/title>\n<meta name=\"robots\" content=\"index, follow, max-snippet:-1, max-image-preview:large, max-video-preview:-1\" \/>\n<link rel=\"canonical\" href=\"https:\/\/wmtbaltic.lv\/product\/roland-dg-versastudio-bn2-30-printeris-ploteris\/\" \/>\n<meta property=\"og:locale\" content=\"en_US\" \/>\n<meta property=\"og:type\" content=\"article\" \/>\n<meta property=\"og:title\" content=\"Roland DG VersaSTUDIO BN2-30 printeris\/ploteris - WMT Baltic\" \/>\n<meta property=\"og:url\" content=\"https:\/\/wmtbaltic.lv\/product\/roland-dg-versastudio-bn2-30-printeris-ploteris\/\" \/>\n<meta property=\"og:site_name\" content=\"WMT Baltic\" \/>\n<meta property=\"article:publisher\" content=\"https:\/\/www.facebook.com\/WMT.Baltic.viscom\/?locale=lv_LV\" \/>\n<meta property=\"article:modified_time\" content=\"2026-04-24T13:47:28+00:00\" \/>\n<meta property=\"og:image\" content=\"http:\/\/wmtbaltic.lv\/wp-content\/uploads\/2026\/04\/BN2-30_front_media.jpg\" \/>\n\t<meta property=\"og:image:width\" content=\"1600\" \/>\n\t<meta property=\"og:image:height\" content=\"1201\" \/>\n\t<meta property=\"og:image:type\" content=\"image\/jpeg\" \/>\n<meta name=\"twitter:card\" content=\"summary_large_image\" \/>\n<meta name=\"twitter:label1\" content=\"Est. reading time\" \/>\n\t<meta name=\"twitter:data1\" content=\"1 minute\" \/>\n<script type=\"application\/ld+json\" class=\"yoast-schema-graph\">{\"@context\":\"https:\\\/\\\/schema.org\",\"@graph\":[{\"@type\":\"WebPage\",\"@id\":\"https:\\\/\\\/wmtbaltic.lv\\\/product\\\/roland-dg-versastudio-bn2-30-printeris-ploteris\\\/\",\"url\":\"https:\\\/\\\/wmtbaltic.lv\\\/product\\\/roland-dg-versastudio-bn2-30-printeris-ploteris\\\/\",\"name\":\"Roland DG VersaSTUDIO BN2-30 printeris\\\/ploteris - WMT Baltic\",\"isPartOf\":{\"@id\":\"https:\\\/\\\/wmtbaltic.lv\\\/#website\"},\"primaryImageOfPage\":{\"@id\":\"https:\\\/\\\/wmtbaltic.lv\\\/product\\\/roland-dg-versastudio-bn2-30-printeris-ploteris\\\/#primaryimage\"},\"image\":{\"@id\":\"https:\\\/\\\/wmtbaltic.lv\\\/product\\\/roland-dg-versastudio-bn2-30-printeris-ploteris\\\/#primaryimage\"},\"thumbnailUrl\":\"https:\\\/\\\/wmtbaltic.lv\\\/wp-content\\\/uploads\\\/2026\\\/04\\\/BN2-30_front_media.jpg\",\"datePublished\":\"2026-04-24T13:47:27+00:00\",\"dateModified\":\"2026-04-24T13:47:28+00:00\",\"breadcrumb\":{\"@id\":\"https:\\\/\\\/wmtbaltic.lv\\\/product\\\/roland-dg-versastudio-bn2-30-printeris-ploteris\\\/#breadcrumb\"},\"inLanguage\":\"en-US\",\"potentialAction\":[{\"@type\":\"ReadAction\",\"target\":[\"https:\\\/\\\/wmtbaltic.lv\\\/product\\\/roland-dg-versastudio-bn2-30-printeris-ploteris\\\/\"]}]},{\"@type\":\"ImageObject\",\"inLanguage\":\"en-US\",\"@id\":\"https:\\\/\\\/wmtbaltic.lv\\\/product\\\/roland-dg-versastudio-bn2-30-printeris-ploteris\\\/#primaryimage\",\"url\":\"https:\\\/\\\/wmtbaltic.lv\\\/wp-content\\\/uploads\\\/2026\\\/04\\\/BN2-30_front_media.jpg\",\"contentUrl\":\"https:\\\/\\\/wmtbaltic.lv\\\/wp-content\\\/uploads\\\/2026\\\/04\\\/BN2-30_front_media.jpg\",\"width\":1600,\"height\":1201},{\"@type\":\"BreadcrumbList\",\"@id\":\"https:\\\/\\\/wmtbaltic.lv\\\/product\\\/roland-dg-versastudio-bn2-30-printeris-ploteris\\\/#breadcrumb\",\"itemListElement\":[{\"@type\":\"ListItem\",\"position\":1,\"name\":\"Home\",\"item\":\"https:\\\/\\\/wmtbaltic.lv\\\/en\\\/\"},{\"@type\":\"ListItem\",\"position\":2,\"name\":\"Shop\",\"item\":\"https:\\\/\\\/wmtbaltic.lv\\\/shop\\\/\"},{\"@type\":\"ListItem\",\"position\":3,\"name\":\"Roland DG VersaSTUDIO BN2-30 printeris\\\/ploteris\"}]},{\"@type\":\"WebSite\",\"@id\":\"https:\\\/\\\/wmtbaltic.lv\\\/#website\",\"url\":\"https:\\\/\\\/wmtbaltic.lv\\\/\",\"name\":\"WMT Baltic\",\"description\":\"Rekl\u0101mas produkti, pl\u0113ves\",\"publisher\":{\"@id\":\"https:\\\/\\\/wmtbaltic.lv\\\/#organization\"},\"potentialAction\":[{\"@type\":\"SearchAction\",\"target\":{\"@type\":\"EntryPoint\",\"urlTemplate\":\"https:\\\/\\\/wmtbaltic.lv\\\/?s={search_term_string}\"},\"query-input\":{\"@type\":\"PropertyValueSpecification\",\"valueRequired\":true,\"valueName\":\"search_term_string\"}}],\"inLanguage\":\"en-US\"},{\"@type\":\"Organization\",\"@id\":\"https:\\\/\\\/wmtbaltic.lv\\\/#organization\",\"name\":\"WMT Baltic\",\"url\":\"https:\\\/\\\/wmtbaltic.lv\\\/\",\"logo\":{\"@type\":\"ImageObject\",\"inLanguage\":\"en-US\",\"@id\":\"https:\\\/\\\/wmtbaltic.lv\\\/#\\\/schema\\\/logo\\\/image\\\/\",\"url\":\"https:\\\/\\\/wmtbaltic.lv\\\/wp-content\\\/uploads\\\/2024\\\/12\\\/wmt-baltic-sia_107142_9_420x180.jpg\",\"contentUrl\":\"https:\\\/\\\/wmtbaltic.lv\\\/wp-content\\\/uploads\\\/2024\\\/12\\\/wmt-baltic-sia_107142_9_420x180.jpg\",\"width\":420,\"height\":180,\"caption\":\"WMT Baltic\"},\"image\":{\"@id\":\"https:\\\/\\\/wmtbaltic.lv\\\/#\\\/schema\\\/logo\\\/image\\\/\"},\"sameAs\":[\"https:\\\/\\\/www.facebook.com\\\/WMT.Baltic.viscom\\\/?locale=lv_LV\",\"https:\\\/\\\/www.instagram.com\\\/viscom_wmt\\\/\"]}]}<\/script>\n<!-- \/ Yoast SEO plugin. -->","yoast_head_json":{"title":"Roland DG VersaSTUDIO BN2-30 printeris\/ploteris - WMT Baltic","robots":{"index":"index","follow":"follow","max-snippet":"max-snippet:-1","max-image-preview":"max-image-preview:large","max-video-preview":"max-video-preview:-1"},"canonical":"https:\/\/wmtbaltic.lv\/product\/roland-dg-versastudio-bn2-30-printeris-ploteris\/","og_locale":"en_US","og_type":"article","og_title":"Roland DG VersaSTUDIO BN2-30 printeris\/ploteris - WMT Baltic","og_url":"https:\/\/wmtbaltic.lv\/product\/roland-dg-versastudio-bn2-30-printeris-ploteris\/","og_site_name":"WMT Baltic","article_publisher":"https:\/\/www.facebook.com\/WMT.Baltic.viscom\/?locale=lv_LV","article_modified_time":"2026-04-24T13:47:28+00:00","og_image":[{"width":1600,"height":1201,"url":"http:\/\/wmtbaltic.lv\/wp-content\/uploads\/2026\/04\/BN2-30_front_media.jpg","type":"image\/jpeg"}],"twitter_card":"summary_large_image","twitter_misc":{"Est. reading time":"1 minute"},"schema":{"@context":"https:\/\/schema.org","@graph":[{"@type":"WebPage","@id":"https:\/\/wmtbaltic.lv\/product\/roland-dg-versastudio-bn2-30-printeris-ploteris\/","url":"https:\/\/wmtbaltic.lv\/product\/roland-dg-versastudio-bn2-30-printeris-ploteris\/","name":"Roland DG VersaSTUDIO BN2-30 printeris\/ploteris - WMT Baltic","isPartOf":{"@id":"https:\/\/wmtbaltic.lv\/#website"},"primaryImageOfPage":{"@id":"https:\/\/wmtbaltic.lv\/product\/roland-dg-versastudio-bn2-30-printeris-ploteris\/#primaryimage"},"image":{"@id":"https:\/\/wmtbaltic.lv\/product\/roland-dg-versastudio-bn2-30-printeris-ploteris\/#primaryimage"},"thumbnailUrl":"https:\/\/wmtbaltic.lv\/wp-content\/uploads\/2026\/04\/BN2-30_front_media.jpg","datePublished":"2026-04-24T13:47:27+00:00","dateModified":"2026-04-24T13:47:28+00:00","breadcrumb":{"@id":"https:\/\/wmtbaltic.lv\/product\/roland-dg-versastudio-bn2-30-printeris-ploteris\/#breadcrumb"},"inLanguage":"en-US","potentialAction":[{"@type":"ReadAction","target":["https:\/\/wmtbaltic.lv\/product\/roland-dg-versastudio-bn2-30-printeris-ploteris\/"]}]},{"@type":"ImageObject","inLanguage":"en-US","@id":"https:\/\/wmtbaltic.lv\/product\/roland-dg-versastudio-bn2-30-printeris-ploteris\/#primaryimage","url":"https:\/\/wmtbaltic.lv\/wp-content\/uploads\/2026\/04\/BN2-30_front_media.jpg","contentUrl":"https:\/\/wmtbaltic.lv\/wp-content\/uploads\/2026\/04\/BN2-30_front_media.jpg","width":1600,"height":1201},{"@type":"BreadcrumbList","@id":"https:\/\/wmtbaltic.lv\/product\/roland-dg-versastudio-bn2-30-printeris-ploteris\/#breadcrumb","itemListElement":[{"@type":"ListItem","position":1,"name":"Home","item":"https:\/\/wmtbaltic.lv\/en\/"},{"@type":"ListItem","position":2,"name":"Shop","item":"https:\/\/wmtbaltic.lv\/shop\/"},{"@type":"ListItem","position":3,"name":"Roland DG VersaSTUDIO BN2-30 printeris\/ploteris"}]},{"@type":"WebSite","@id":"https:\/\/wmtbaltic.lv\/#website","url":"https:\/\/wmtbaltic.lv\/","name":"WMT Baltic","description":"Rekl\u0101mas produkti, pl\u0113ves","publisher":{"@id":"https:\/\/wmtbaltic.lv\/#organization"},"potentialAction":[{"@type":"SearchAction","target":{"@type":"EntryPoint","urlTemplate":"https:\/\/wmtbaltic.lv\/?s={search_term_string}"},"query-input":{"@type":"PropertyValueSpecification","valueRequired":true,"valueName":"search_term_string"}}],"inLanguage":"en-US"},{"@type":"Organization","@id":"https:\/\/wmtbaltic.lv\/#organization","name":"WMT Baltic","url":"https:\/\/wmtbaltic.lv\/","logo":{"@type":"ImageObject","inLanguage":"en-US","@id":"https:\/\/wmtbaltic.lv\/#\/schema\/logo\/image\/","url":"https:\/\/wmtbaltic.lv\/wp-content\/uploads\/2024\/12\/wmt-baltic-sia_107142_9_420x180.jpg","contentUrl":"https:\/\/wmtbaltic.lv\/wp-content\/uploads\/2024\/12\/wmt-baltic-sia_107142_9_420x180.jpg","width":420,"height":180,"caption":"WMT Baltic"},"image":{"@id":"https:\/\/wmtbaltic.lv\/#\/schema\/logo\/image\/"},"sameAs":["https:\/\/www.facebook.com\/WMT.Baltic.viscom\/?locale=lv_LV","https:\/\/www.instagram.com\/viscom_wmt\/"]}]}},"_links":{"self":[{"href":"https:\/\/wmtbaltic.lv\/en\/wp-json\/wp\/v2\/product\/18443","targetHints":{"allow":["GET"]}}],"collection":[{"href":"https:\/\/wmtbaltic.lv\/en\/wp-json\/wp\/v2\/product"}],"about":[{"href":"https:\/\/wmtbaltic.lv\/en\/wp-json\/wp\/v2\/types\/product"}],"wp:featuredmedia":[{"embeddable":true,"href":"https:\/\/wmtbaltic.lv\/en\/wp-json\/wp\/v2\/media\/18446"}],"wp:attachment":[{"href":"https:\/\/wmtbaltic.lv\/en\/wp-json\/wp\/v2\/media?parent=18443"}],"wp:term":[{"taxonomy":"product_brand","embeddable":true,"href":"https:\/\/wmtbaltic.lv\/en\/wp-json\/wp\/v2\/product_brand?post=18443"},{"taxonomy":"product_cat","embeddable":true,"href":"https:\/\/wmtbaltic.lv\/en\/wp-json\/wp\/v2\/product_cat?post=18443"},{"taxonomy":"product_tag","embeddable":true,"href":"https:\/\/wmtbaltic.lv\/en\/wp-json\/wp\/v2\/product_tag?post=18443"}],"curies":[{"name":"wp","href":"https:\/\/api.w.org\/{rel}","templated":true}]}}