{"id":18427,"date":"2026-04-24T12:59:44","date_gmt":"2026-04-24T12:59:44","guid":{"rendered":"https:\/\/wmtbaltic.lv\/?post_type=product&#038;p=18427"},"modified":"2026-04-24T12:59:46","modified_gmt":"2026-04-24T12:59:46","slug":"roland-uv-printeris-ploteris-dgxpress-ug-641","status":"publish","type":"product","link":"https:\/\/wmtbaltic.lv\/en\/product\/roland-uv-printeris-ploteris-dgxpress-ug-641\/","title":{"rendered":"Roland UV printeris\/ploteris DGXPRESS UG-641"},"content":{"rendered":"<p data-path-to-node=\"1\"><b data-path-to-node=\"1\" data-index-in-node=\"0\">DGXpress UG printeri\/griez\u0113ji<\/b> apvieno drukas un grie\u0161anas daudzpus\u012bbu, UV LED drukas priek\u0161roc\u012bbas un nep\u0101rsp\u0113jamu uzticam\u012bbu, ar ko ir slavena komp\u0101nija <i data-path-to-node=\"1\" data-index-in-node=\"154\">Roland DG<\/i>, t\u0101d\u0113\u013c \u0161\u012bs profesion\u0101l\u0101s UV drukas un grie\u0161anas iek\u0101rtas ir piem\u0113rotas jebkura m\u0113roga uz\u0146\u0113mumiem.<\/p>\n<ul data-path-to-node=\"2\">\n<li>\n<p data-path-to-node=\"2,0,0\"><b data-path-to-node=\"2,0,0\" data-index-in-node=\"0\">\u0100tra druka<\/b> maksim\u0101lai produktivit\u0101tei.<\/p>\n<\/li>\n<li>\n<p data-path-to-node=\"2,1,0\"><b data-path-to-node=\"2,1,0\" data-index-in-node=\"0\">Augsta drukas precizit\u0101te.<\/b><\/p>\n<\/li>\n<li>\n<p data-path-to-node=\"2,2,0\"><b data-path-to-node=\"2,2,0\" data-index-in-node=\"0\">Darbs ar da\u017e\u0101diem materi\u0101liem.<\/b><\/p>\n<\/li>\n<li>\n<p data-path-to-node=\"2,3,0\"><b data-path-to-node=\"2,3,0\" data-index-in-node=\"0\">\u0100tri \u017e\u016bsto\u0161a druka<\/b> \u0101trai druk\u0101\u0161anai un p\u0113capstr\u0101dei.<\/p>\n<\/li>\n<li>\n<p data-path-to-node=\"2,4,0\"><b data-path-to-node=\"2,4,0\" data-index-in-node=\"0\">Specializ\u0113ta druka<\/b> tekst\u016bru un efektu izveidei.<\/p>\n<\/li>\n<\/ul>\n<p>&nbsp;<\/p>\n<p><strong>Tehnisk\u0101 specifik\u0101cija:<\/strong><\/p>\n<p>Printera izm\u0113rs: 2,819 \u00d7 781 \u00d7 1,316 mm<br \/>\nMateri\u0101la platums: no 210 l\u012bdz 1,625mm<br \/>\nMateri\u0101la biezums: Max. 1.0 mm ar pamatni drukai, Max. 0.4 mm ar pamatni un 0.22 mm bez pamatnes grie\u0161anai<br \/>\nTintes: Se\u0161as kr\u0101sas (Cyan, Magenta, Yellow, Black, White, Gloss), CMYKWhWhGlGl, CMYKCMYK<br \/>\nDrukas rezol\u016bcija: Max. 1,440 dpi<br \/>\nProgrammat\u016bra: VersaWorks 6<br \/>\nGrie\u0161anas \u0101trums: no 10 l\u012bdz 300 mm\/s<br \/>\nGrie\u0161anas spiediens: no 30 l\u012bdz 500 gf<\/p>\n<p>&nbsp;<\/p>\n<p><strong>Vair\u0101k inform\u0101cijas:<\/strong> <a href=\"http:\/\/wmtbaltic.lv\/wp-content\/uploads\/2026\/04\/Datasheet_DGXPRESS_UG-641_EN_PRINT.pdf\">Datasheet_DGXPRESS_UG-641_EN_PRINT<\/a><\/p>\n","protected":false},"excerpt":{"rendered":"DGXpress UG printeri\/griez\u0113ji apvieno drukas un grie\u0161anas daudzpus\u012bbu, UV LED drukas priek\u0161roc\u012bbas un nep\u0101rsp\u0113jamu uzticam\u012bbu, ar ko ir slavena komp\u0101nija Roland DG, t\u0101d\u0113\u013c \u0161\u012bs profesion\u0101l\u0101s UV drukas un grie\u0161anas iek\u0101rtas ir piem\u0113rotas jebkura m\u0113roga uz\u0146\u0113mumiem. \u0100tra druka maksim\u0101lai produktivit\u0101tei. Augsta drukas precizit\u0101te. Darbs ar da\u017e\u0101diem materi\u0101liem. \u0100tri \u017e\u016bsto\u0161a druka \u0101trai druk\u0101\u0161anai un p\u0113capstr\u0101dei. Specializ\u0113ta druka [...]","protected":false},"featured_media":18431,"template":"","meta":[],"product_brand":[],"product_cat":[258,1272],"product_tag":[],"class_list":{"0":"post-18427","1":"product","2":"type-product","3":"status-publish","4":"has-post-thumbnail","6":"product_cat-iekartas-un-izejmateriali","7":"product_cat-uv-printeri","9":"first","10":"instock","11":"sale","12":"shipping-taxable","13":"purchasable","14":"product-type-simple"},"yoast_head":"<!-- This site is optimized with the Yoast SEO plugin v27.5 - https:\/\/yoast.com\/product\/yoast-seo-wordpress\/ -->\n<title>Roland UV printeris\/ploteris DGXPRESS UG-641 - WMT Baltic<\/title>\n<meta name=\"robots\" content=\"index, follow, max-snippet:-1, max-image-preview:large, max-video-preview:-1\" \/>\n<link rel=\"canonical\" href=\"https:\/\/wmtbaltic.lv\/product\/roland-uv-printeris-ploteris-dgxpress-ug-641\/\" \/>\n<meta property=\"og:locale\" content=\"en_US\" \/>\n<meta property=\"og:type\" content=\"article\" \/>\n<meta property=\"og:title\" content=\"Roland UV printeris\/ploteris DGXPRESS UG-641 - WMT Baltic\" \/>\n<meta property=\"og:url\" content=\"https:\/\/wmtbaltic.lv\/product\/roland-uv-printeris-ploteris-dgxpress-ug-641\/\" \/>\n<meta property=\"og:site_name\" content=\"WMT Baltic\" \/>\n<meta property=\"article:publisher\" content=\"https:\/\/www.facebook.com\/WMT.Baltic.viscom\/?locale=lv_LV\" \/>\n<meta property=\"article:modified_time\" content=\"2026-04-24T12:59:46+00:00\" \/>\n<meta property=\"og:image\" content=\"http:\/\/wmtbaltic.lv\/wp-content\/uploads\/2026\/04\/c01_UG-641_front_media.jpg\" \/>\n\t<meta property=\"og:image:width\" content=\"1600\" \/>\n\t<meta property=\"og:image:height\" content=\"1201\" \/>\n\t<meta property=\"og:image:type\" content=\"image\/jpeg\" \/>\n<meta name=\"twitter:card\" content=\"summary_large_image\" \/>\n<meta name=\"twitter:label1\" content=\"Est. reading time\" \/>\n\t<meta name=\"twitter:data1\" content=\"1 minute\" \/>\n<script type=\"application\/ld+json\" class=\"yoast-schema-graph\">{\"@context\":\"https:\\\/\\\/schema.org\",\"@graph\":[{\"@type\":\"WebPage\",\"@id\":\"https:\\\/\\\/wmtbaltic.lv\\\/product\\\/roland-uv-printeris-ploteris-dgxpress-ug-641\\\/\",\"url\":\"https:\\\/\\\/wmtbaltic.lv\\\/product\\\/roland-uv-printeris-ploteris-dgxpress-ug-641\\\/\",\"name\":\"Roland UV printeris\\\/ploteris DGXPRESS UG-641 - WMT Baltic\",\"isPartOf\":{\"@id\":\"https:\\\/\\\/wmtbaltic.lv\\\/#website\"},\"primaryImageOfPage\":{\"@id\":\"https:\\\/\\\/wmtbaltic.lv\\\/product\\\/roland-uv-printeris-ploteris-dgxpress-ug-641\\\/#primaryimage\"},\"image\":{\"@id\":\"https:\\\/\\\/wmtbaltic.lv\\\/product\\\/roland-uv-printeris-ploteris-dgxpress-ug-641\\\/#primaryimage\"},\"thumbnailUrl\":\"https:\\\/\\\/wmtbaltic.lv\\\/wp-content\\\/uploads\\\/2026\\\/04\\\/c01_UG-641_front_media.jpg\",\"datePublished\":\"2026-04-24T12:59:44+00:00\",\"dateModified\":\"2026-04-24T12:59:46+00:00\",\"breadcrumb\":{\"@id\":\"https:\\\/\\\/wmtbaltic.lv\\\/product\\\/roland-uv-printeris-ploteris-dgxpress-ug-641\\\/#breadcrumb\"},\"inLanguage\":\"en-US\",\"potentialAction\":[{\"@type\":\"ReadAction\",\"target\":[\"https:\\\/\\\/wmtbaltic.lv\\\/product\\\/roland-uv-printeris-ploteris-dgxpress-ug-641\\\/\"]}]},{\"@type\":\"ImageObject\",\"inLanguage\":\"en-US\",\"@id\":\"https:\\\/\\\/wmtbaltic.lv\\\/product\\\/roland-uv-printeris-ploteris-dgxpress-ug-641\\\/#primaryimage\",\"url\":\"https:\\\/\\\/wmtbaltic.lv\\\/wp-content\\\/uploads\\\/2026\\\/04\\\/c01_UG-641_front_media.jpg\",\"contentUrl\":\"https:\\\/\\\/wmtbaltic.lv\\\/wp-content\\\/uploads\\\/2026\\\/04\\\/c01_UG-641_front_media.jpg\",\"width\":1600,\"height\":1201},{\"@type\":\"BreadcrumbList\",\"@id\":\"https:\\\/\\\/wmtbaltic.lv\\\/product\\\/roland-uv-printeris-ploteris-dgxpress-ug-641\\\/#breadcrumb\",\"itemListElement\":[{\"@type\":\"ListItem\",\"position\":1,\"name\":\"Home\",\"item\":\"https:\\\/\\\/wmtbaltic.lv\\\/en\\\/\"},{\"@type\":\"ListItem\",\"position\":2,\"name\":\"Shop\",\"item\":\"https:\\\/\\\/wmtbaltic.lv\\\/shop\\\/\"},{\"@type\":\"ListItem\",\"position\":3,\"name\":\"Roland UV printeris\\\/ploteris DGXPRESS UG-641\"}]},{\"@type\":\"WebSite\",\"@id\":\"https:\\\/\\\/wmtbaltic.lv\\\/#website\",\"url\":\"https:\\\/\\\/wmtbaltic.lv\\\/\",\"name\":\"WMT Baltic\",\"description\":\"Rekl\u0101mas produkti, pl\u0113ves\",\"publisher\":{\"@id\":\"https:\\\/\\\/wmtbaltic.lv\\\/#organization\"},\"potentialAction\":[{\"@type\":\"SearchAction\",\"target\":{\"@type\":\"EntryPoint\",\"urlTemplate\":\"https:\\\/\\\/wmtbaltic.lv\\\/?s={search_term_string}\"},\"query-input\":{\"@type\":\"PropertyValueSpecification\",\"valueRequired\":true,\"valueName\":\"search_term_string\"}}],\"inLanguage\":\"en-US\"},{\"@type\":\"Organization\",\"@id\":\"https:\\\/\\\/wmtbaltic.lv\\\/#organization\",\"name\":\"WMT Baltic\",\"url\":\"https:\\\/\\\/wmtbaltic.lv\\\/\",\"logo\":{\"@type\":\"ImageObject\",\"inLanguage\":\"en-US\",\"@id\":\"https:\\\/\\\/wmtbaltic.lv\\\/#\\\/schema\\\/logo\\\/image\\\/\",\"url\":\"https:\\\/\\\/wmtbaltic.lv\\\/wp-content\\\/uploads\\\/2024\\\/12\\\/wmt-baltic-sia_107142_9_420x180.jpg\",\"contentUrl\":\"https:\\\/\\\/wmtbaltic.lv\\\/wp-content\\\/uploads\\\/2024\\\/12\\\/wmt-baltic-sia_107142_9_420x180.jpg\",\"width\":420,\"height\":180,\"caption\":\"WMT Baltic\"},\"image\":{\"@id\":\"https:\\\/\\\/wmtbaltic.lv\\\/#\\\/schema\\\/logo\\\/image\\\/\"},\"sameAs\":[\"https:\\\/\\\/www.facebook.com\\\/WMT.Baltic.viscom\\\/?locale=lv_LV\",\"https:\\\/\\\/www.instagram.com\\\/viscom_wmt\\\/\"]}]}<\/script>\n<!-- \/ Yoast SEO plugin. -->","yoast_head_json":{"title":"Roland UV printeris\/ploteris DGXPRESS UG-641 - WMT Baltic","robots":{"index":"index","follow":"follow","max-snippet":"max-snippet:-1","max-image-preview":"max-image-preview:large","max-video-preview":"max-video-preview:-1"},"canonical":"https:\/\/wmtbaltic.lv\/product\/roland-uv-printeris-ploteris-dgxpress-ug-641\/","og_locale":"en_US","og_type":"article","og_title":"Roland UV printeris\/ploteris DGXPRESS UG-641 - WMT Baltic","og_url":"https:\/\/wmtbaltic.lv\/product\/roland-uv-printeris-ploteris-dgxpress-ug-641\/","og_site_name":"WMT Baltic","article_publisher":"https:\/\/www.facebook.com\/WMT.Baltic.viscom\/?locale=lv_LV","article_modified_time":"2026-04-24T12:59:46+00:00","og_image":[{"width":1600,"height":1201,"url":"http:\/\/wmtbaltic.lv\/wp-content\/uploads\/2026\/04\/c01_UG-641_front_media.jpg","type":"image\/jpeg"}],"twitter_card":"summary_large_image","twitter_misc":{"Est. reading time":"1 minute"},"schema":{"@context":"https:\/\/schema.org","@graph":[{"@type":"WebPage","@id":"https:\/\/wmtbaltic.lv\/product\/roland-uv-printeris-ploteris-dgxpress-ug-641\/","url":"https:\/\/wmtbaltic.lv\/product\/roland-uv-printeris-ploteris-dgxpress-ug-641\/","name":"Roland UV printeris\/ploteris DGXPRESS UG-641 - WMT Baltic","isPartOf":{"@id":"https:\/\/wmtbaltic.lv\/#website"},"primaryImageOfPage":{"@id":"https:\/\/wmtbaltic.lv\/product\/roland-uv-printeris-ploteris-dgxpress-ug-641\/#primaryimage"},"image":{"@id":"https:\/\/wmtbaltic.lv\/product\/roland-uv-printeris-ploteris-dgxpress-ug-641\/#primaryimage"},"thumbnailUrl":"https:\/\/wmtbaltic.lv\/wp-content\/uploads\/2026\/04\/c01_UG-641_front_media.jpg","datePublished":"2026-04-24T12:59:44+00:00","dateModified":"2026-04-24T12:59:46+00:00","breadcrumb":{"@id":"https:\/\/wmtbaltic.lv\/product\/roland-uv-printeris-ploteris-dgxpress-ug-641\/#breadcrumb"},"inLanguage":"en-US","potentialAction":[{"@type":"ReadAction","target":["https:\/\/wmtbaltic.lv\/product\/roland-uv-printeris-ploteris-dgxpress-ug-641\/"]}]},{"@type":"ImageObject","inLanguage":"en-US","@id":"https:\/\/wmtbaltic.lv\/product\/roland-uv-printeris-ploteris-dgxpress-ug-641\/#primaryimage","url":"https:\/\/wmtbaltic.lv\/wp-content\/uploads\/2026\/04\/c01_UG-641_front_media.jpg","contentUrl":"https:\/\/wmtbaltic.lv\/wp-content\/uploads\/2026\/04\/c01_UG-641_front_media.jpg","width":1600,"height":1201},{"@type":"BreadcrumbList","@id":"https:\/\/wmtbaltic.lv\/product\/roland-uv-printeris-ploteris-dgxpress-ug-641\/#breadcrumb","itemListElement":[{"@type":"ListItem","position":1,"name":"Home","item":"https:\/\/wmtbaltic.lv\/en\/"},{"@type":"ListItem","position":2,"name":"Shop","item":"https:\/\/wmtbaltic.lv\/shop\/"},{"@type":"ListItem","position":3,"name":"Roland UV printeris\/ploteris DGXPRESS UG-641"}]},{"@type":"WebSite","@id":"https:\/\/wmtbaltic.lv\/#website","url":"https:\/\/wmtbaltic.lv\/","name":"WMT Baltic","description":"Rekl\u0101mas produkti, pl\u0113ves","publisher":{"@id":"https:\/\/wmtbaltic.lv\/#organization"},"potentialAction":[{"@type":"SearchAction","target":{"@type":"EntryPoint","urlTemplate":"https:\/\/wmtbaltic.lv\/?s={search_term_string}"},"query-input":{"@type":"PropertyValueSpecification","valueRequired":true,"valueName":"search_term_string"}}],"inLanguage":"en-US"},{"@type":"Organization","@id":"https:\/\/wmtbaltic.lv\/#organization","name":"WMT Baltic","url":"https:\/\/wmtbaltic.lv\/","logo":{"@type":"ImageObject","inLanguage":"en-US","@id":"https:\/\/wmtbaltic.lv\/#\/schema\/logo\/image\/","url":"https:\/\/wmtbaltic.lv\/wp-content\/uploads\/2024\/12\/wmt-baltic-sia_107142_9_420x180.jpg","contentUrl":"https:\/\/wmtbaltic.lv\/wp-content\/uploads\/2024\/12\/wmt-baltic-sia_107142_9_420x180.jpg","width":420,"height":180,"caption":"WMT Baltic"},"image":{"@id":"https:\/\/wmtbaltic.lv\/#\/schema\/logo\/image\/"},"sameAs":["https:\/\/www.facebook.com\/WMT.Baltic.viscom\/?locale=lv_LV","https:\/\/www.instagram.com\/viscom_wmt\/"]}]}},"_links":{"self":[{"href":"https:\/\/wmtbaltic.lv\/en\/wp-json\/wp\/v2\/product\/18427","targetHints":{"allow":["GET"]}}],"collection":[{"href":"https:\/\/wmtbaltic.lv\/en\/wp-json\/wp\/v2\/product"}],"about":[{"href":"https:\/\/wmtbaltic.lv\/en\/wp-json\/wp\/v2\/types\/product"}],"wp:featuredmedia":[{"embeddable":true,"href":"https:\/\/wmtbaltic.lv\/en\/wp-json\/wp\/v2\/media\/18431"}],"wp:attachment":[{"href":"https:\/\/wmtbaltic.lv\/en\/wp-json\/wp\/v2\/media?parent=18427"}],"wp:term":[{"taxonomy":"product_brand","embeddable":true,"href":"https:\/\/wmtbaltic.lv\/en\/wp-json\/wp\/v2\/product_brand?post=18427"},{"taxonomy":"product_cat","embeddable":true,"href":"https:\/\/wmtbaltic.lv\/en\/wp-json\/wp\/v2\/product_cat?post=18427"},{"taxonomy":"product_tag","embeddable":true,"href":"https:\/\/wmtbaltic.lv\/en\/wp-json\/wp\/v2\/product_tag?post=18427"}],"curies":[{"name":"wp","href":"https:\/\/api.w.org\/{rel}","templated":true}]}}