{"id":18393,"date":"2026-04-24T12:11:17","date_gmt":"2026-04-24T12:11:17","guid":{"rendered":"https:\/\/wmtbaltic.lv\/?post_type=product&#038;p=18393"},"modified":"2026-04-24T12:11:18","modified_gmt":"2026-04-24T12:11:18","slug":"roland-versa-object-mo-180-uv-printeris","status":"publish","type":"product","link":"https:\/\/wmtbaltic.lv\/en\/product\/roland-versa-object-mo-180-uv-printeris\/","title":{"rendered":"Roland Versa Object MO-180 UV printeris"},"content":{"rendered":"<p data-path-to-node=\"3\"><b data-path-to-node=\"3\" data-index-in-node=\"0\">Papla\u0161iniet savu biznesu, izmantojot \u0101tru un augstas iz\u0161\u0137irtsp\u0113jas digit\u0101lo druku ar VersaObject MO s\u0113riju.<\/b><\/p>\n<ul data-path-to-node=\"4\">\n<li>\n<p data-path-to-node=\"4,0,0\"><b data-path-to-node=\"4,0,0\" data-index-in-node=\"0\">Augstas iz\u0161\u0137irtsp\u0113jas druka:<\/b> Viegli druk\u0101jiet s\u012bkus burtus, smalkas tekst\u016bras un pilnkr\u0101su grafiku.<\/p>\n<\/li>\n<li>\n<p data-path-to-node=\"4,1,0\"><b data-path-to-node=\"4,1,0\" data-index-in-node=\"0\">Augsta produktivit\u0101te:<\/b> Paveiciet vair\u0101k, pateicoties pak\u0101peniskam drukas galvi\u0146u izk\u0101rtojumam un jaud\u012bg\u0101m UV lamp\u0101m.<\/p>\n<\/li>\n<li>\n<p data-path-to-node=\"4,2,0\"><b data-path-to-node=\"4,2,0\" data-index-in-node=\"0\">Lieliska daudzpus\u012bba:<\/b> Druk\u0101jiet uz objektiem, kuru augstums sasniedz 204 mm, vai izmantojiet papildu apr\u012bkojumu druk\u0101\u0161anai uz cilindriskiem priek\u0161metiem.<\/p>\n<\/li>\n<li>\n<p data-path-to-node=\"4,3,0\"><b data-path-to-node=\"4,3,0\" data-index-in-node=\"0\">Intuit\u012bvs interfeiss:<\/b> Tagad ar sk\u0101rienekr\u0101na vad\u012bbu un jaud\u012bg\u0101ku, \u0113rti lietojamu VersaWorks programmat\u016bru.<\/p>\n<\/li>\n<\/ul>\n<p>&nbsp;<\/p>\n<p><strong>Tehnisk\u0101 specifik\u0101cija:<\/strong><\/p>\n<p>Drukas tehnolo\u0123ija: UV, Piezoelectric Inkjet<br \/>\nDarba laukums: 488 x 335cm<br \/>\nDrukas augstums: 204mm<br \/>\nDrukas laukums: 458 mm \u00d7 305mm<br \/>\nKr\u0101su konfigur\u0101cijas: CMYKGlWhReOr, CMYKWhReOrPr, CMYKGlWhRePr, CMYKWhWhReOr, CMYKGlWhWhPr, CMYKGlGlWhWh<br \/>\nDruka ar baltu kr\u0101su (White): Ir<br \/>\nDruka ar gruntskr\u0101su (Primer): Ir<br \/>\nDrukas rezol\u016bcija: Max. 1,200 dpi<br \/>\nTintes cietin\u0101\u0161anas tehnolo\u0123ija: UV-LED<br \/>\nProgrammas nodro\u0161in\u0101jums (RIP): VersaWorks programma<\/p>\n<p>&nbsp;<\/p>\n<p>Vair\u0101k inform\u0101cijas: <a href=\"http:\/\/wmtbaltic.lv\/wp-content\/uploads\/2026\/04\/Datasheet_VersaOBJECT_MO-Series-EN-Web.pdf\">Datasheet_VersaOBJECT_MO-Series-EN-Web<\/a><\/p>\n","protected":false},"excerpt":{"rendered":"Papla\u0161iniet savu biznesu, izmantojot \u0101tru un augstas iz\u0161\u0137irtsp\u0113jas digit\u0101lo druku ar VersaObject MO s\u0113riju. Augstas iz\u0161\u0137irtsp\u0113jas druka: Viegli druk\u0101jiet s\u012bkus burtus, smalkas tekst\u016bras un pilnkr\u0101su grafiku. Augsta produktivit\u0101te: Paveiciet vair\u0101k, pateicoties pak\u0101peniskam drukas galvi\u0146u izk\u0101rtojumam un jaud\u012bg\u0101m UV lamp\u0101m. Lieliska daudzpus\u012bba: Druk\u0101jiet uz objektiem, kuru augstums sasniedz 204 mm, vai izmantojiet papildu apr\u012bkojumu druk\u0101\u0161anai uz [...]","protected":false},"featured_media":18397,"template":"","meta":[],"product_brand":[],"product_cat":[258,1272],"product_tag":[],"class_list":{"0":"post-18393","1":"product","2":"type-product","3":"status-publish","4":"has-post-thumbnail","6":"product_cat-iekartas-un-izejmateriali","7":"product_cat-uv-printeri","9":"first","10":"instock","11":"shipping-taxable","12":"purchasable","13":"product-type-simple"},"yoast_head":"<!-- This site is optimized with the Yoast SEO plugin v27.5 - https:\/\/yoast.com\/product\/yoast-seo-wordpress\/ -->\n<title>Roland Versa Object MO-180 UV printeris - WMT Baltic<\/title>\n<meta name=\"description\" content=\"Papla\u0161iniet savu biznesu, izmantojot \u0101tru un augstas iz\u0161\u0137irtsp\u0113jas digit\u0101lo druku ar VersaObject MO s\u0113riju.\" \/>\n<meta name=\"robots\" content=\"index, follow, max-snippet:-1, max-image-preview:large, max-video-preview:-1\" \/>\n<link rel=\"canonical\" href=\"https:\/\/wmtbaltic.lv\/product\/roland-versa-object-mo-180-uv-printeris\/\" \/>\n<meta property=\"og:locale\" content=\"en_US\" \/>\n<meta property=\"og:type\" content=\"article\" \/>\n<meta property=\"og:title\" content=\"Roland Versa Object MO-180 UV printeris - WMT Baltic\" \/>\n<meta property=\"og:description\" content=\"Papla\u0161iniet savu biznesu, izmantojot \u0101tru un augstas iz\u0161\u0137irtsp\u0113jas digit\u0101lo druku ar VersaObject MO s\u0113riju.\" \/>\n<meta property=\"og:url\" content=\"https:\/\/wmtbaltic.lv\/product\/roland-versa-object-mo-180-uv-printeris\/\" \/>\n<meta property=\"og:site_name\" content=\"WMT Baltic\" \/>\n<meta property=\"article:publisher\" content=\"https:\/\/www.facebook.com\/WMT.Baltic.viscom\/?locale=lv_LV\" \/>\n<meta property=\"article:modified_time\" content=\"2026-04-24T12:11:18+00:00\" \/>\n<meta property=\"og:image\" content=\"http:\/\/wmtbaltic.lv\/wp-content\/uploads\/2026\/04\/MO-180_Left_photo-1.jpg\" \/>\n\t<meta property=\"og:image:width\" content=\"1600\" \/>\n\t<meta property=\"og:image:height\" content=\"1201\" \/>\n\t<meta property=\"og:image:type\" content=\"image\/jpeg\" \/>\n<meta name=\"twitter:card\" content=\"summary_large_image\" \/>\n<meta name=\"twitter:label1\" content=\"Est. reading time\" \/>\n\t<meta name=\"twitter:data1\" content=\"1 minute\" \/>\n<script type=\"application\/ld+json\" class=\"yoast-schema-graph\">{\"@context\":\"https:\\\/\\\/schema.org\",\"@graph\":[{\"@type\":\"WebPage\",\"@id\":\"https:\\\/\\\/wmtbaltic.lv\\\/product\\\/roland-versa-object-mo-180-uv-printeris\\\/\",\"url\":\"https:\\\/\\\/wmtbaltic.lv\\\/product\\\/roland-versa-object-mo-180-uv-printeris\\\/\",\"name\":\"Roland Versa Object MO-180 UV printeris - WMT Baltic\",\"isPartOf\":{\"@id\":\"https:\\\/\\\/wmtbaltic.lv\\\/#website\"},\"primaryImageOfPage\":{\"@id\":\"https:\\\/\\\/wmtbaltic.lv\\\/product\\\/roland-versa-object-mo-180-uv-printeris\\\/#primaryimage\"},\"image\":{\"@id\":\"https:\\\/\\\/wmtbaltic.lv\\\/product\\\/roland-versa-object-mo-180-uv-printeris\\\/#primaryimage\"},\"thumbnailUrl\":\"https:\\\/\\\/wmtbaltic.lv\\\/wp-content\\\/uploads\\\/2026\\\/04\\\/MO-180_Left_photo-1.jpg\",\"datePublished\":\"2026-04-24T12:11:17+00:00\",\"dateModified\":\"2026-04-24T12:11:18+00:00\",\"description\":\"Papla\u0161iniet savu biznesu, izmantojot \u0101tru un augstas iz\u0161\u0137irtsp\u0113jas digit\u0101lo druku ar VersaObject MO s\u0113riju.\",\"breadcrumb\":{\"@id\":\"https:\\\/\\\/wmtbaltic.lv\\\/product\\\/roland-versa-object-mo-180-uv-printeris\\\/#breadcrumb\"},\"inLanguage\":\"en-US\",\"potentialAction\":[{\"@type\":\"ReadAction\",\"target\":[\"https:\\\/\\\/wmtbaltic.lv\\\/product\\\/roland-versa-object-mo-180-uv-printeris\\\/\"]}]},{\"@type\":\"ImageObject\",\"inLanguage\":\"en-US\",\"@id\":\"https:\\\/\\\/wmtbaltic.lv\\\/product\\\/roland-versa-object-mo-180-uv-printeris\\\/#primaryimage\",\"url\":\"https:\\\/\\\/wmtbaltic.lv\\\/wp-content\\\/uploads\\\/2026\\\/04\\\/MO-180_Left_photo-1.jpg\",\"contentUrl\":\"https:\\\/\\\/wmtbaltic.lv\\\/wp-content\\\/uploads\\\/2026\\\/04\\\/MO-180_Left_photo-1.jpg\",\"width\":1600,\"height\":1201},{\"@type\":\"BreadcrumbList\",\"@id\":\"https:\\\/\\\/wmtbaltic.lv\\\/product\\\/roland-versa-object-mo-180-uv-printeris\\\/#breadcrumb\",\"itemListElement\":[{\"@type\":\"ListItem\",\"position\":1,\"name\":\"Home\",\"item\":\"https:\\\/\\\/wmtbaltic.lv\\\/en\\\/\"},{\"@type\":\"ListItem\",\"position\":2,\"name\":\"Shop\",\"item\":\"https:\\\/\\\/wmtbaltic.lv\\\/shop\\\/\"},{\"@type\":\"ListItem\",\"position\":3,\"name\":\"Roland Versa Object MO-180 UV printeris\"}]},{\"@type\":\"WebSite\",\"@id\":\"https:\\\/\\\/wmtbaltic.lv\\\/#website\",\"url\":\"https:\\\/\\\/wmtbaltic.lv\\\/\",\"name\":\"WMT Baltic\",\"description\":\"Rekl\u0101mas produkti, pl\u0113ves\",\"publisher\":{\"@id\":\"https:\\\/\\\/wmtbaltic.lv\\\/#organization\"},\"potentialAction\":[{\"@type\":\"SearchAction\",\"target\":{\"@type\":\"EntryPoint\",\"urlTemplate\":\"https:\\\/\\\/wmtbaltic.lv\\\/?s={search_term_string}\"},\"query-input\":{\"@type\":\"PropertyValueSpecification\",\"valueRequired\":true,\"valueName\":\"search_term_string\"}}],\"inLanguage\":\"en-US\"},{\"@type\":\"Organization\",\"@id\":\"https:\\\/\\\/wmtbaltic.lv\\\/#organization\",\"name\":\"WMT Baltic\",\"url\":\"https:\\\/\\\/wmtbaltic.lv\\\/\",\"logo\":{\"@type\":\"ImageObject\",\"inLanguage\":\"en-US\",\"@id\":\"https:\\\/\\\/wmtbaltic.lv\\\/#\\\/schema\\\/logo\\\/image\\\/\",\"url\":\"https:\\\/\\\/wmtbaltic.lv\\\/wp-content\\\/uploads\\\/2024\\\/12\\\/wmt-baltic-sia_107142_9_420x180.jpg\",\"contentUrl\":\"https:\\\/\\\/wmtbaltic.lv\\\/wp-content\\\/uploads\\\/2024\\\/12\\\/wmt-baltic-sia_107142_9_420x180.jpg\",\"width\":420,\"height\":180,\"caption\":\"WMT Baltic\"},\"image\":{\"@id\":\"https:\\\/\\\/wmtbaltic.lv\\\/#\\\/schema\\\/logo\\\/image\\\/\"},\"sameAs\":[\"https:\\\/\\\/www.facebook.com\\\/WMT.Baltic.viscom\\\/?locale=lv_LV\",\"https:\\\/\\\/www.instagram.com\\\/viscom_wmt\\\/\"]}]}<\/script>\n<!-- \/ Yoast SEO plugin. -->","yoast_head_json":{"title":"Roland Versa Object MO-180 UV printeris - WMT Baltic","description":"Papla\u0161iniet savu biznesu, izmantojot \u0101tru un augstas iz\u0161\u0137irtsp\u0113jas digit\u0101lo druku ar VersaObject MO s\u0113riju.","robots":{"index":"index","follow":"follow","max-snippet":"max-snippet:-1","max-image-preview":"max-image-preview:large","max-video-preview":"max-video-preview:-1"},"canonical":"https:\/\/wmtbaltic.lv\/product\/roland-versa-object-mo-180-uv-printeris\/","og_locale":"en_US","og_type":"article","og_title":"Roland Versa Object MO-180 UV printeris - WMT Baltic","og_description":"Papla\u0161iniet savu biznesu, izmantojot \u0101tru un augstas iz\u0161\u0137irtsp\u0113jas digit\u0101lo druku ar VersaObject MO s\u0113riju.","og_url":"https:\/\/wmtbaltic.lv\/product\/roland-versa-object-mo-180-uv-printeris\/","og_site_name":"WMT Baltic","article_publisher":"https:\/\/www.facebook.com\/WMT.Baltic.viscom\/?locale=lv_LV","article_modified_time":"2026-04-24T12:11:18+00:00","og_image":[{"width":1600,"height":1201,"url":"http:\/\/wmtbaltic.lv\/wp-content\/uploads\/2026\/04\/MO-180_Left_photo-1.jpg","type":"image\/jpeg"}],"twitter_card":"summary_large_image","twitter_misc":{"Est. reading time":"1 minute"},"schema":{"@context":"https:\/\/schema.org","@graph":[{"@type":"WebPage","@id":"https:\/\/wmtbaltic.lv\/product\/roland-versa-object-mo-180-uv-printeris\/","url":"https:\/\/wmtbaltic.lv\/product\/roland-versa-object-mo-180-uv-printeris\/","name":"Roland Versa Object MO-180 UV printeris - WMT Baltic","isPartOf":{"@id":"https:\/\/wmtbaltic.lv\/#website"},"primaryImageOfPage":{"@id":"https:\/\/wmtbaltic.lv\/product\/roland-versa-object-mo-180-uv-printeris\/#primaryimage"},"image":{"@id":"https:\/\/wmtbaltic.lv\/product\/roland-versa-object-mo-180-uv-printeris\/#primaryimage"},"thumbnailUrl":"https:\/\/wmtbaltic.lv\/wp-content\/uploads\/2026\/04\/MO-180_Left_photo-1.jpg","datePublished":"2026-04-24T12:11:17+00:00","dateModified":"2026-04-24T12:11:18+00:00","description":"Papla\u0161iniet savu biznesu, izmantojot \u0101tru un augstas iz\u0161\u0137irtsp\u0113jas digit\u0101lo druku ar VersaObject MO s\u0113riju.","breadcrumb":{"@id":"https:\/\/wmtbaltic.lv\/product\/roland-versa-object-mo-180-uv-printeris\/#breadcrumb"},"inLanguage":"en-US","potentialAction":[{"@type":"ReadAction","target":["https:\/\/wmtbaltic.lv\/product\/roland-versa-object-mo-180-uv-printeris\/"]}]},{"@type":"ImageObject","inLanguage":"en-US","@id":"https:\/\/wmtbaltic.lv\/product\/roland-versa-object-mo-180-uv-printeris\/#primaryimage","url":"https:\/\/wmtbaltic.lv\/wp-content\/uploads\/2026\/04\/MO-180_Left_photo-1.jpg","contentUrl":"https:\/\/wmtbaltic.lv\/wp-content\/uploads\/2026\/04\/MO-180_Left_photo-1.jpg","width":1600,"height":1201},{"@type":"BreadcrumbList","@id":"https:\/\/wmtbaltic.lv\/product\/roland-versa-object-mo-180-uv-printeris\/#breadcrumb","itemListElement":[{"@type":"ListItem","position":1,"name":"Home","item":"https:\/\/wmtbaltic.lv\/en\/"},{"@type":"ListItem","position":2,"name":"Shop","item":"https:\/\/wmtbaltic.lv\/shop\/"},{"@type":"ListItem","position":3,"name":"Roland Versa Object MO-180 UV printeris"}]},{"@type":"WebSite","@id":"https:\/\/wmtbaltic.lv\/#website","url":"https:\/\/wmtbaltic.lv\/","name":"WMT Baltic","description":"Rekl\u0101mas produkti, pl\u0113ves","publisher":{"@id":"https:\/\/wmtbaltic.lv\/#organization"},"potentialAction":[{"@type":"SearchAction","target":{"@type":"EntryPoint","urlTemplate":"https:\/\/wmtbaltic.lv\/?s={search_term_string}"},"query-input":{"@type":"PropertyValueSpecification","valueRequired":true,"valueName":"search_term_string"}}],"inLanguage":"en-US"},{"@type":"Organization","@id":"https:\/\/wmtbaltic.lv\/#organization","name":"WMT Baltic","url":"https:\/\/wmtbaltic.lv\/","logo":{"@type":"ImageObject","inLanguage":"en-US","@id":"https:\/\/wmtbaltic.lv\/#\/schema\/logo\/image\/","url":"https:\/\/wmtbaltic.lv\/wp-content\/uploads\/2024\/12\/wmt-baltic-sia_107142_9_420x180.jpg","contentUrl":"https:\/\/wmtbaltic.lv\/wp-content\/uploads\/2024\/12\/wmt-baltic-sia_107142_9_420x180.jpg","width":420,"height":180,"caption":"WMT Baltic"},"image":{"@id":"https:\/\/wmtbaltic.lv\/#\/schema\/logo\/image\/"},"sameAs":["https:\/\/www.facebook.com\/WMT.Baltic.viscom\/?locale=lv_LV","https:\/\/www.instagram.com\/viscom_wmt\/"]}]}},"_links":{"self":[{"href":"https:\/\/wmtbaltic.lv\/en\/wp-json\/wp\/v2\/product\/18393","targetHints":{"allow":["GET"]}}],"collection":[{"href":"https:\/\/wmtbaltic.lv\/en\/wp-json\/wp\/v2\/product"}],"about":[{"href":"https:\/\/wmtbaltic.lv\/en\/wp-json\/wp\/v2\/types\/product"}],"wp:featuredmedia":[{"embeddable":true,"href":"https:\/\/wmtbaltic.lv\/en\/wp-json\/wp\/v2\/media\/18397"}],"wp:attachment":[{"href":"https:\/\/wmtbaltic.lv\/en\/wp-json\/wp\/v2\/media?parent=18393"}],"wp:term":[{"taxonomy":"product_brand","embeddable":true,"href":"https:\/\/wmtbaltic.lv\/en\/wp-json\/wp\/v2\/product_brand?post=18393"},{"taxonomy":"product_cat","embeddable":true,"href":"https:\/\/wmtbaltic.lv\/en\/wp-json\/wp\/v2\/product_cat?post=18393"},{"taxonomy":"product_tag","embeddable":true,"href":"https:\/\/wmtbaltic.lv\/en\/wp-json\/wp\/v2\/product_tag?post=18393"}],"curies":[{"name":"wp","href":"https:\/\/api.w.org\/{rel}","templated":true}]}}