{"id":18363,"date":"2026-04-24T11:31:05","date_gmt":"2026-04-24T11:31:05","guid":{"rendered":"https:\/\/wmtbaltic.lv\/?post_type=product&#038;p=18363"},"modified":"2026-04-24T11:31:06","modified_gmt":"2026-04-24T11:31:06","slug":"printeris-roland-versastudio-bd-12","status":"publish","type":"product","link":"https:\/\/wmtbaltic.lv\/en\/product\/printeris-roland-versastudio-bd-12\/","title":{"rendered":"Printeris Roland VersaSTUDIO BD-12"},"content":{"rendered":"<p>Lab\u0101kais risin\u0101jums ori\u0123in\u0101lu, piel\u0101gotu produktu rad\u012b\u0161anai. Ar VersaStudio BD s\u0113rijas printeri pat nepieredz\u0113ju\u0161i lietot\u0101ji var \u0101tri un vienk\u0101r\u0161i druk\u0101t spilgtus, detaliz\u0113tus att\u0113lus uz da\u017e\u0101diem priek\u0161metiem.<\/p>\n<p>Turkl\u0101t BD s\u0113rijas printeri var novietot uz galda, padarot tos ide\u0101li piem\u0113rotus m\u0101jas uz\u0146\u0113mumiem, maziem birojiem, mazumtirdzniec\u012bbas veikaliem. Ar BD printeri varat viegli pie\u0161\u0137irt unik\u0101lu piesk\u0101rienu t\u0101diem priek\u0161metiem k\u0101 t\u0101lru\u0146u maci\u0146i, kosm\u0113tikas maci\u0146i, aksesu\u0101ri, sporta aksesu\u0101ri, d\u0101vanas, pudeles un citi.<\/p>\n<p><strong>Tehnisk\u0101 specifik\u0101cija:<\/strong><\/p>\n<p>Drukas tehnolo\u0123ija: Piezo ink-jet method<br \/>\nTintes: ECO-UV (EUV5) 220ml<br \/>\nDrukas laukums: 305 x 210mm<br \/>\nDrukas augstums: 102mm<br \/>\nTin\u0161u konfigur\u0101cijas: Cyan, Magenta, Yellow, Black and White + primer or gloss<br \/>\nDruka ar baltu kr\u0101su: ir<br \/>\nDruka ar gruntskr\u0101su: ir<br \/>\nVakuuma galds: ir<br \/>\nDrukas rezol\u016bcija: Max. 1,440 dpi<br \/>\nElektr\u012bbas pat\u0113ri\u0146\u0161: 100W darba laik\u0101 \/ 40W gaid\u012b\u0161anas re\u017e\u012bm\u0101<br \/>\nTrok\u0161\u0146u l\u012bmenis: 60 dB (A) darba laik\u0101 \/ 55dB (A) gaid\u012b\u0161anas re\u017e\u012bm\u0101<br \/>\nSvars: 80kg<br \/>\nTintes cietin\u0101\u0161anas tehnolo\u0123ija: UV-LED lampas<br \/>\nIzm\u0113ri: 995mm x 710mm x 583mm<br \/>\nProgrammas nodro\u0161in\u0101jums: FlexiDESIGNER VersaSTUDIO Edtion, Versaworks, Roland DG Connect<\/p>\n<p>Vair\u0101k inform\u0101cijas: <a href=\"http:\/\/wmtbaltic.lv\/wp-content\/uploads\/2026\/04\/Datasheet_BD-Series_EN_WEB.pdf\">Datasheet_BD-Series_EN_WEB<\/a><\/p>\n","protected":false},"excerpt":{"rendered":"Lab\u0101kais risin\u0101jums ori\u0123in\u0101lu, piel\u0101gotu produktu rad\u012b\u0161anai. Ar VersaStudio BD s\u0113rijas printeri pat nepieredz\u0113ju\u0161i lietot\u0101ji var \u0101tri un vienk\u0101r\u0161i druk\u0101t spilgtus, detaliz\u0113tus att\u0113lus uz da\u017e\u0101diem priek\u0161metiem. Turkl\u0101t BD s\u0113rijas printeri var novietot uz galda, padarot tos ide\u0101li piem\u0113rotus m\u0101jas uz\u0146\u0113mumiem, maziem birojiem, mazumtirdzniec\u012bbas veikaliem. Ar BD printeri varat viegli pie\u0161\u0137irt unik\u0101lu piesk\u0101rienu t\u0101diem priek\u0161metiem k\u0101 t\u0101lru\u0146u [...]","protected":false},"featured_media":18366,"template":"","meta":[],"product_brand":[],"product_cat":[258,1272],"product_tag":[],"class_list":{"0":"post-18363","1":"product","2":"type-product","3":"status-publish","4":"has-post-thumbnail","6":"product_cat-iekartas-un-izejmateriali","7":"product_cat-uv-printeri","9":"first","10":"instock","11":"shipping-taxable","12":"purchasable","13":"product-type-simple"},"yoast_head":"<!-- This site is optimized with the Yoast SEO plugin v27.5 - https:\/\/yoast.com\/product\/yoast-seo-wordpress\/ -->\n<title>Printeris Roland VersaSTUDIO BD-12 - WMT Baltic<\/title>\n<meta name=\"description\" content=\"Lab\u0101kais risin\u0101jums ori\u0123in\u0101lu, piel\u0101gotu produktu rad\u012b\u0161anai. Ar VersaStudio BD s\u0113rijas printeri pat nepieredz\u0113ju\u0161i lietot\u0101ji var \u0101tri un vienk\u0101r\u0161i druk\u0101t spilgtus, detaliz\u0113tus att\u0113lus uz da\u017e\u0101diem priek\u0161metiem.\" \/>\n<meta name=\"robots\" content=\"index, follow, max-snippet:-1, max-image-preview:large, max-video-preview:-1\" \/>\n<link rel=\"canonical\" href=\"https:\/\/wmtbaltic.lv\/product\/printeris-roland-versastudio-bd-12\/\" \/>\n<meta property=\"og:locale\" content=\"en_US\" \/>\n<meta property=\"og:type\" content=\"article\" \/>\n<meta property=\"og:title\" content=\"Printeris Roland VersaSTUDIO BD-12 - WMT Baltic\" \/>\n<meta property=\"og:description\" content=\"Lab\u0101kais risin\u0101jums ori\u0123in\u0101lu, piel\u0101gotu produktu rad\u012b\u0161anai. Ar VersaStudio BD s\u0113rijas printeri pat nepieredz\u0113ju\u0161i lietot\u0101ji var \u0101tri un vienk\u0101r\u0161i druk\u0101t spilgtus, detaliz\u0113tus att\u0113lus uz da\u017e\u0101diem priek\u0161metiem.\" \/>\n<meta property=\"og:url\" content=\"https:\/\/wmtbaltic.lv\/product\/printeris-roland-versastudio-bd-12\/\" \/>\n<meta property=\"og:site_name\" content=\"WMT Baltic\" \/>\n<meta property=\"article:publisher\" content=\"https:\/\/www.facebook.com\/WMT.Baltic.viscom\/?locale=lv_LV\" \/>\n<meta property=\"article:modified_time\" content=\"2026-04-24T11:31:06+00:00\" \/>\n<meta property=\"og:image\" content=\"http:\/\/wmtbaltic.lv\/wp-content\/uploads\/2026\/04\/BD-12.jpg\" \/>\n\t<meta property=\"og:image:width\" content=\"487\" \/>\n\t<meta property=\"og:image:height\" content=\"458\" \/>\n\t<meta property=\"og:image:type\" content=\"image\/jpeg\" \/>\n<meta name=\"twitter:card\" content=\"summary_large_image\" \/>\n<meta name=\"twitter:label1\" content=\"Est. reading time\" \/>\n\t<meta name=\"twitter:data1\" content=\"1 minute\" \/>\n<script type=\"application\/ld+json\" class=\"yoast-schema-graph\">{\"@context\":\"https:\\\/\\\/schema.org\",\"@graph\":[{\"@type\":\"WebPage\",\"@id\":\"https:\\\/\\\/wmtbaltic.lv\\\/product\\\/printeris-roland-versastudio-bd-12\\\/\",\"url\":\"https:\\\/\\\/wmtbaltic.lv\\\/product\\\/printeris-roland-versastudio-bd-12\\\/\",\"name\":\"Printeris Roland VersaSTUDIO BD-12 - WMT Baltic\",\"isPartOf\":{\"@id\":\"https:\\\/\\\/wmtbaltic.lv\\\/#website\"},\"primaryImageOfPage\":{\"@id\":\"https:\\\/\\\/wmtbaltic.lv\\\/product\\\/printeris-roland-versastudio-bd-12\\\/#primaryimage\"},\"image\":{\"@id\":\"https:\\\/\\\/wmtbaltic.lv\\\/product\\\/printeris-roland-versastudio-bd-12\\\/#primaryimage\"},\"thumbnailUrl\":\"https:\\\/\\\/wmtbaltic.lv\\\/wp-content\\\/uploads\\\/2026\\\/04\\\/BD-12.jpg\",\"datePublished\":\"2026-04-24T11:31:05+00:00\",\"dateModified\":\"2026-04-24T11:31:06+00:00\",\"description\":\"Lab\u0101kais risin\u0101jums ori\u0123in\u0101lu, piel\u0101gotu produktu rad\u012b\u0161anai. Ar VersaStudio BD s\u0113rijas printeri pat nepieredz\u0113ju\u0161i lietot\u0101ji var \u0101tri un vienk\u0101r\u0161i druk\u0101t spilgtus, detaliz\u0113tus att\u0113lus uz da\u017e\u0101diem priek\u0161metiem.\",\"breadcrumb\":{\"@id\":\"https:\\\/\\\/wmtbaltic.lv\\\/product\\\/printeris-roland-versastudio-bd-12\\\/#breadcrumb\"},\"inLanguage\":\"en-US\",\"potentialAction\":[{\"@type\":\"ReadAction\",\"target\":[\"https:\\\/\\\/wmtbaltic.lv\\\/product\\\/printeris-roland-versastudio-bd-12\\\/\"]}]},{\"@type\":\"ImageObject\",\"inLanguage\":\"en-US\",\"@id\":\"https:\\\/\\\/wmtbaltic.lv\\\/product\\\/printeris-roland-versastudio-bd-12\\\/#primaryimage\",\"url\":\"https:\\\/\\\/wmtbaltic.lv\\\/wp-content\\\/uploads\\\/2026\\\/04\\\/BD-12.jpg\",\"contentUrl\":\"https:\\\/\\\/wmtbaltic.lv\\\/wp-content\\\/uploads\\\/2026\\\/04\\\/BD-12.jpg\",\"width\":487,\"height\":458},{\"@type\":\"BreadcrumbList\",\"@id\":\"https:\\\/\\\/wmtbaltic.lv\\\/product\\\/printeris-roland-versastudio-bd-12\\\/#breadcrumb\",\"itemListElement\":[{\"@type\":\"ListItem\",\"position\":1,\"name\":\"Home\",\"item\":\"https:\\\/\\\/wmtbaltic.lv\\\/en\\\/\"},{\"@type\":\"ListItem\",\"position\":2,\"name\":\"Shop\",\"item\":\"https:\\\/\\\/wmtbaltic.lv\\\/shop\\\/\"},{\"@type\":\"ListItem\",\"position\":3,\"name\":\"Printeris Roland VersaSTUDIO BD-12\"}]},{\"@type\":\"WebSite\",\"@id\":\"https:\\\/\\\/wmtbaltic.lv\\\/#website\",\"url\":\"https:\\\/\\\/wmtbaltic.lv\\\/\",\"name\":\"WMT Baltic\",\"description\":\"Rekl\u0101mas produkti, pl\u0113ves\",\"publisher\":{\"@id\":\"https:\\\/\\\/wmtbaltic.lv\\\/#organization\"},\"potentialAction\":[{\"@type\":\"SearchAction\",\"target\":{\"@type\":\"EntryPoint\",\"urlTemplate\":\"https:\\\/\\\/wmtbaltic.lv\\\/?s={search_term_string}\"},\"query-input\":{\"@type\":\"PropertyValueSpecification\",\"valueRequired\":true,\"valueName\":\"search_term_string\"}}],\"inLanguage\":\"en-US\"},{\"@type\":\"Organization\",\"@id\":\"https:\\\/\\\/wmtbaltic.lv\\\/#organization\",\"name\":\"WMT Baltic\",\"url\":\"https:\\\/\\\/wmtbaltic.lv\\\/\",\"logo\":{\"@type\":\"ImageObject\",\"inLanguage\":\"en-US\",\"@id\":\"https:\\\/\\\/wmtbaltic.lv\\\/#\\\/schema\\\/logo\\\/image\\\/\",\"url\":\"https:\\\/\\\/wmtbaltic.lv\\\/wp-content\\\/uploads\\\/2024\\\/12\\\/wmt-baltic-sia_107142_9_420x180.jpg\",\"contentUrl\":\"https:\\\/\\\/wmtbaltic.lv\\\/wp-content\\\/uploads\\\/2024\\\/12\\\/wmt-baltic-sia_107142_9_420x180.jpg\",\"width\":420,\"height\":180,\"caption\":\"WMT Baltic\"},\"image\":{\"@id\":\"https:\\\/\\\/wmtbaltic.lv\\\/#\\\/schema\\\/logo\\\/image\\\/\"},\"sameAs\":[\"https:\\\/\\\/www.facebook.com\\\/WMT.Baltic.viscom\\\/?locale=lv_LV\",\"https:\\\/\\\/www.instagram.com\\\/viscom_wmt\\\/\"]}]}<\/script>\n<!-- \/ Yoast SEO plugin. -->","yoast_head_json":{"title":"Printeris Roland VersaSTUDIO BD-12 - WMT Baltic","description":"Lab\u0101kais risin\u0101jums ori\u0123in\u0101lu, piel\u0101gotu produktu rad\u012b\u0161anai. Ar VersaStudio BD s\u0113rijas printeri pat nepieredz\u0113ju\u0161i lietot\u0101ji var \u0101tri un vienk\u0101r\u0161i druk\u0101t spilgtus, detaliz\u0113tus att\u0113lus uz da\u017e\u0101diem priek\u0161metiem.","robots":{"index":"index","follow":"follow","max-snippet":"max-snippet:-1","max-image-preview":"max-image-preview:large","max-video-preview":"max-video-preview:-1"},"canonical":"https:\/\/wmtbaltic.lv\/product\/printeris-roland-versastudio-bd-12\/","og_locale":"en_US","og_type":"article","og_title":"Printeris Roland VersaSTUDIO BD-12 - WMT Baltic","og_description":"Lab\u0101kais risin\u0101jums ori\u0123in\u0101lu, piel\u0101gotu produktu rad\u012b\u0161anai. Ar VersaStudio BD s\u0113rijas printeri pat nepieredz\u0113ju\u0161i lietot\u0101ji var \u0101tri un vienk\u0101r\u0161i druk\u0101t spilgtus, detaliz\u0113tus att\u0113lus uz da\u017e\u0101diem priek\u0161metiem.","og_url":"https:\/\/wmtbaltic.lv\/product\/printeris-roland-versastudio-bd-12\/","og_site_name":"WMT Baltic","article_publisher":"https:\/\/www.facebook.com\/WMT.Baltic.viscom\/?locale=lv_LV","article_modified_time":"2026-04-24T11:31:06+00:00","og_image":[{"width":487,"height":458,"url":"http:\/\/wmtbaltic.lv\/wp-content\/uploads\/2026\/04\/BD-12.jpg","type":"image\/jpeg"}],"twitter_card":"summary_large_image","twitter_misc":{"Est. reading time":"1 minute"},"schema":{"@context":"https:\/\/schema.org","@graph":[{"@type":"WebPage","@id":"https:\/\/wmtbaltic.lv\/product\/printeris-roland-versastudio-bd-12\/","url":"https:\/\/wmtbaltic.lv\/product\/printeris-roland-versastudio-bd-12\/","name":"Printeris Roland VersaSTUDIO BD-12 - WMT Baltic","isPartOf":{"@id":"https:\/\/wmtbaltic.lv\/#website"},"primaryImageOfPage":{"@id":"https:\/\/wmtbaltic.lv\/product\/printeris-roland-versastudio-bd-12\/#primaryimage"},"image":{"@id":"https:\/\/wmtbaltic.lv\/product\/printeris-roland-versastudio-bd-12\/#primaryimage"},"thumbnailUrl":"https:\/\/wmtbaltic.lv\/wp-content\/uploads\/2026\/04\/BD-12.jpg","datePublished":"2026-04-24T11:31:05+00:00","dateModified":"2026-04-24T11:31:06+00:00","description":"Lab\u0101kais risin\u0101jums ori\u0123in\u0101lu, piel\u0101gotu produktu rad\u012b\u0161anai. Ar VersaStudio BD s\u0113rijas printeri pat nepieredz\u0113ju\u0161i lietot\u0101ji var \u0101tri un vienk\u0101r\u0161i druk\u0101t spilgtus, detaliz\u0113tus att\u0113lus uz da\u017e\u0101diem priek\u0161metiem.","breadcrumb":{"@id":"https:\/\/wmtbaltic.lv\/product\/printeris-roland-versastudio-bd-12\/#breadcrumb"},"inLanguage":"en-US","potentialAction":[{"@type":"ReadAction","target":["https:\/\/wmtbaltic.lv\/product\/printeris-roland-versastudio-bd-12\/"]}]},{"@type":"ImageObject","inLanguage":"en-US","@id":"https:\/\/wmtbaltic.lv\/product\/printeris-roland-versastudio-bd-12\/#primaryimage","url":"https:\/\/wmtbaltic.lv\/wp-content\/uploads\/2026\/04\/BD-12.jpg","contentUrl":"https:\/\/wmtbaltic.lv\/wp-content\/uploads\/2026\/04\/BD-12.jpg","width":487,"height":458},{"@type":"BreadcrumbList","@id":"https:\/\/wmtbaltic.lv\/product\/printeris-roland-versastudio-bd-12\/#breadcrumb","itemListElement":[{"@type":"ListItem","position":1,"name":"Home","item":"https:\/\/wmtbaltic.lv\/en\/"},{"@type":"ListItem","position":2,"name":"Shop","item":"https:\/\/wmtbaltic.lv\/shop\/"},{"@type":"ListItem","position":3,"name":"Printeris Roland VersaSTUDIO BD-12"}]},{"@type":"WebSite","@id":"https:\/\/wmtbaltic.lv\/#website","url":"https:\/\/wmtbaltic.lv\/","name":"WMT Baltic","description":"Rekl\u0101mas produkti, pl\u0113ves","publisher":{"@id":"https:\/\/wmtbaltic.lv\/#organization"},"potentialAction":[{"@type":"SearchAction","target":{"@type":"EntryPoint","urlTemplate":"https:\/\/wmtbaltic.lv\/?s={search_term_string}"},"query-input":{"@type":"PropertyValueSpecification","valueRequired":true,"valueName":"search_term_string"}}],"inLanguage":"en-US"},{"@type":"Organization","@id":"https:\/\/wmtbaltic.lv\/#organization","name":"WMT Baltic","url":"https:\/\/wmtbaltic.lv\/","logo":{"@type":"ImageObject","inLanguage":"en-US","@id":"https:\/\/wmtbaltic.lv\/#\/schema\/logo\/image\/","url":"https:\/\/wmtbaltic.lv\/wp-content\/uploads\/2024\/12\/wmt-baltic-sia_107142_9_420x180.jpg","contentUrl":"https:\/\/wmtbaltic.lv\/wp-content\/uploads\/2024\/12\/wmt-baltic-sia_107142_9_420x180.jpg","width":420,"height":180,"caption":"WMT Baltic"},"image":{"@id":"https:\/\/wmtbaltic.lv\/#\/schema\/logo\/image\/"},"sameAs":["https:\/\/www.facebook.com\/WMT.Baltic.viscom\/?locale=lv_LV","https:\/\/www.instagram.com\/viscom_wmt\/"]}]}},"_links":{"self":[{"href":"https:\/\/wmtbaltic.lv\/en\/wp-json\/wp\/v2\/product\/18363","targetHints":{"allow":["GET"]}}],"collection":[{"href":"https:\/\/wmtbaltic.lv\/en\/wp-json\/wp\/v2\/product"}],"about":[{"href":"https:\/\/wmtbaltic.lv\/en\/wp-json\/wp\/v2\/types\/product"}],"wp:featuredmedia":[{"embeddable":true,"href":"https:\/\/wmtbaltic.lv\/en\/wp-json\/wp\/v2\/media\/18366"}],"wp:attachment":[{"href":"https:\/\/wmtbaltic.lv\/en\/wp-json\/wp\/v2\/media?parent=18363"}],"wp:term":[{"taxonomy":"product_brand","embeddable":true,"href":"https:\/\/wmtbaltic.lv\/en\/wp-json\/wp\/v2\/product_brand?post=18363"},{"taxonomy":"product_cat","embeddable":true,"href":"https:\/\/wmtbaltic.lv\/en\/wp-json\/wp\/v2\/product_cat?post=18363"},{"taxonomy":"product_tag","embeddable":true,"href":"https:\/\/wmtbaltic.lv\/en\/wp-json\/wp\/v2\/product_tag?post=18363"}],"curies":[{"name":"wp","href":"https:\/\/api.w.org\/{rel}","templated":true}]}}