{"id":1832,"date":"2020-08-14T14:15:19","date_gmt":"2020-08-14T14:15:19","guid":{"rendered":"http:\/\/wmtbaltic.lv\/\/?post_type=product&#038;p=1832"},"modified":"2020-08-14T14:15:19","modified_gmt":"2020-08-14T14:15:19","slug":"led-ramis-tex-box-80mm-800-x1500-x-mm","status":"publish","type":"product","link":"https:\/\/wmtbaltic.lv\/en\/product\/led-ramis-tex-box-80mm-800-x1500-x-mm\/","title":{"rendered":"LED R\u0101mis Tex Box 80mm 800 x1500 x mm"},"content":{"rendered":"<p>Tekstila r\u0101mji &#8211; \u0101trs, \u0113rts un viegls interjera vai rekl\u0101mas risin\u0101jums.<\/p>\n<p>Tekstils r\u0101m\u012b iestiprin\u0101s ar \u0161\u016btu silikona malu vai ar korda pal\u012bdz\u012bbu.<\/p>\n<p>\u012apa\u0161i pl\u0101nas 80 mm abpus\u0113jas gaismas kastes, labi iederas tirdzniec\u012bbas viet\u0101s, izst\u0101\u017eu z\u0101les un tiek izmantotas biroj\u0101, k\u0101 starpsienu risin\u0101jums.<\/p>\n<p>M\u016bsdien\u012bgu LED izmanto\u0161ana \u013cauj vienm\u0113r\u012bgi un ekonomiski izgaismot lielas gaismas kastes.<\/p>\n<p>Komplekt\u0101 ietilpst kvalitat\u012bvs DeskTop tipa baro\u0161anas bloks.<\/p>\n<p>\u0160im produktam ir pieejamas da\u017e\u0101da veida met\u0101la k\u0101jas.<\/p>\n<p>Pied\u0101v\u0101jam ar\u012b drukas pakalpojumus uz tekstilmateri\u0101liem, platum\u0101 l\u012bdz 1500 mm.<\/p>\n","protected":false},"excerpt":{"rendered":"Tekstila r\u0101mji - \u0101trs, \u0113rts un viegls interjera vai rekl\u0101mas risin\u0101jums. Tekstils r\u0101m\u012b iestiprin\u0101s ar \u0161\u016btu silikona malu vai ar korda pal\u012bdz\u012bbu. \u012apa\u0161i pl\u0101nas 80 mm abpus\u0113jas gaismas kastes, labi iederas tirdzniec\u012bbas viet\u0101s, izst\u0101\u017eu z\u0101les un tiek izmantotas biroj\u0101, k\u0101 starpsienu risin\u0101jums. M\u016bsdien\u012bgu LED izmanto\u0161ana \u013cauj vienm\u0113r\u012bgi un ekonomiski izgaismot lielas gaismas kastes. Komplekt\u0101 ietilpst [...]","protected":false},"featured_media":1833,"comment_status":"closed","ping_status":"closed","template":"","meta":[],"product_brand":[],"product_cat":[83],"product_tag":[],"class_list":{"0":"post-1832","1":"product","2":"type-product","3":"status-publish","4":"has-post-thumbnail","6":"product_cat-uncategorized-lv","8":"first","9":"instock","10":"shipping-taxable","11":"purchasable","12":"product-type-simple"},"yoast_head":"<!-- This site is optimized with the Yoast SEO plugin v27.4 - https:\/\/yoast.com\/product\/yoast-seo-wordpress\/ -->\n<title>LED R\u0101mis Tex Box 80mm 800 x1500 x mm - WMT Baltic<\/title>\n<meta name=\"robots\" content=\"index, follow, max-snippet:-1, max-image-preview:large, max-video-preview:-1\" \/>\n<link rel=\"canonical\" href=\"https:\/\/wmtbaltic.lv\/Produkts\/led-ramis-tex-box-80mm-800-x1500-x-mm\/\" \/>\n<meta property=\"og:locale\" content=\"en_US\" \/>\n<meta property=\"og:type\" content=\"article\" \/>\n<meta property=\"og:title\" content=\"LED R\u0101mis Tex Box 80mm 800 x1500 x mm - WMT Baltic\" \/>\n<meta property=\"og:url\" content=\"https:\/\/wmtbaltic.lv\/Produkts\/led-ramis-tex-box-80mm-800-x1500-x-mm\/\" \/>\n<meta property=\"og:site_name\" content=\"WMT Baltic\" \/>\n<meta property=\"article:publisher\" content=\"https:\/\/www.facebook.com\/WMT.Baltic.viscom\/?locale=lv_LV\" \/>\n<meta property=\"og:image\" content=\"https:\/\/wmtbaltic.lv\/wp-content\/uploads\/2020\/08\/pic-1-2.jpg\" \/>\n\t<meta property=\"og:image:width\" content=\"404\" \/>\n\t<meta property=\"og:image:height\" content=\"500\" \/>\n\t<meta property=\"og:image:type\" content=\"image\/jpeg\" \/>\n<meta name=\"twitter:card\" content=\"summary_large_image\" \/>\n<meta name=\"twitter:label1\" content=\"Est. reading time\" \/>\n\t<meta name=\"twitter:data1\" content=\"1 minute\" \/>\n<script type=\"application\/ld+json\" class=\"yoast-schema-graph\">{\"@context\":\"https:\\\/\\\/schema.org\",\"@graph\":[{\"@type\":\"WebPage\",\"@id\":\"https:\\\/\\\/wmtbaltic.lv\\\/Produkts\\\/led-ramis-tex-box-80mm-800-x1500-x-mm\\\/\",\"url\":\"https:\\\/\\\/wmtbaltic.lv\\\/Produkts\\\/led-ramis-tex-box-80mm-800-x1500-x-mm\\\/\",\"name\":\"LED R\u0101mis Tex Box 80mm 800 x1500 x mm - WMT Baltic\",\"isPartOf\":{\"@id\":\"https:\\\/\\\/wmtbaltic.lv\\\/#website\"},\"primaryImageOfPage\":{\"@id\":\"https:\\\/\\\/wmtbaltic.lv\\\/Produkts\\\/led-ramis-tex-box-80mm-800-x1500-x-mm\\\/#primaryimage\"},\"image\":{\"@id\":\"https:\\\/\\\/wmtbaltic.lv\\\/Produkts\\\/led-ramis-tex-box-80mm-800-x1500-x-mm\\\/#primaryimage\"},\"thumbnailUrl\":\"https:\\\/\\\/wmtbaltic.lv\\\/wp-content\\\/uploads\\\/2020\\\/08\\\/pic-1-2.jpg\",\"datePublished\":\"2020-08-14T14:15:19+00:00\",\"breadcrumb\":{\"@id\":\"https:\\\/\\\/wmtbaltic.lv\\\/Produkts\\\/led-ramis-tex-box-80mm-800-x1500-x-mm\\\/#breadcrumb\"},\"inLanguage\":\"en-US\",\"potentialAction\":[{\"@type\":\"ReadAction\",\"target\":[\"https:\\\/\\\/wmtbaltic.lv\\\/Produkts\\\/led-ramis-tex-box-80mm-800-x1500-x-mm\\\/\"]}]},{\"@type\":\"ImageObject\",\"inLanguage\":\"en-US\",\"@id\":\"https:\\\/\\\/wmtbaltic.lv\\\/Produkts\\\/led-ramis-tex-box-80mm-800-x1500-x-mm\\\/#primaryimage\",\"url\":\"https:\\\/\\\/wmtbaltic.lv\\\/wp-content\\\/uploads\\\/2020\\\/08\\\/pic-1-2.jpg\",\"contentUrl\":\"https:\\\/\\\/wmtbaltic.lv\\\/wp-content\\\/uploads\\\/2020\\\/08\\\/pic-1-2.jpg\",\"width\":404,\"height\":500},{\"@type\":\"BreadcrumbList\",\"@id\":\"https:\\\/\\\/wmtbaltic.lv\\\/Produkts\\\/led-ramis-tex-box-80mm-800-x1500-x-mm\\\/#breadcrumb\",\"itemListElement\":[{\"@type\":\"ListItem\",\"position\":1,\"name\":\"Home\",\"item\":\"https:\\\/\\\/wmtbaltic.lv\\\/en\\\/\"},{\"@type\":\"ListItem\",\"position\":2,\"name\":\"Products\",\"item\":\"https:\\\/\\\/wmtbaltic.lv\\\/en\\\/shop\\\/\"},{\"@type\":\"ListItem\",\"position\":3,\"name\":\"LED R\u0101mis Tex Box 80mm 800 x1500 x mm\"}]},{\"@type\":\"WebSite\",\"@id\":\"https:\\\/\\\/wmtbaltic.lv\\\/#website\",\"url\":\"https:\\\/\\\/wmtbaltic.lv\\\/\",\"name\":\"WMT Baltic\",\"description\":\"Rekl\u0101mas produkti, pl\u0113ves\",\"publisher\":{\"@id\":\"https:\\\/\\\/wmtbaltic.lv\\\/#organization\"},\"potentialAction\":[{\"@type\":\"SearchAction\",\"target\":{\"@type\":\"EntryPoint\",\"urlTemplate\":\"https:\\\/\\\/wmtbaltic.lv\\\/?s={search_term_string}\"},\"query-input\":{\"@type\":\"PropertyValueSpecification\",\"valueRequired\":true,\"valueName\":\"search_term_string\"}}],\"inLanguage\":\"en-US\"},{\"@type\":\"Organization\",\"@id\":\"https:\\\/\\\/wmtbaltic.lv\\\/#organization\",\"name\":\"WMT Baltic\",\"url\":\"https:\\\/\\\/wmtbaltic.lv\\\/\",\"logo\":{\"@type\":\"ImageObject\",\"inLanguage\":\"en-US\",\"@id\":\"https:\\\/\\\/wmtbaltic.lv\\\/#\\\/schema\\\/logo\\\/image\\\/\",\"url\":\"https:\\\/\\\/wmtbaltic.lv\\\/wp-content\\\/uploads\\\/2024\\\/12\\\/wmt-baltic-sia_107142_9_420x180.jpg\",\"contentUrl\":\"https:\\\/\\\/wmtbaltic.lv\\\/wp-content\\\/uploads\\\/2024\\\/12\\\/wmt-baltic-sia_107142_9_420x180.jpg\",\"width\":420,\"height\":180,\"caption\":\"WMT Baltic\"},\"image\":{\"@id\":\"https:\\\/\\\/wmtbaltic.lv\\\/#\\\/schema\\\/logo\\\/image\\\/\"},\"sameAs\":[\"https:\\\/\\\/www.facebook.com\\\/WMT.Baltic.viscom\\\/?locale=lv_LV\",\"https:\\\/\\\/www.instagram.com\\\/viscom_wmt\\\/\"]}]}<\/script>\n<!-- \/ Yoast SEO plugin. -->","yoast_head_json":{"title":"LED R\u0101mis Tex Box 80mm 800 x1500 x mm - WMT Baltic","robots":{"index":"index","follow":"follow","max-snippet":"max-snippet:-1","max-image-preview":"max-image-preview:large","max-video-preview":"max-video-preview:-1"},"canonical":"https:\/\/wmtbaltic.lv\/Produkts\/led-ramis-tex-box-80mm-800-x1500-x-mm\/","og_locale":"en_US","og_type":"article","og_title":"LED R\u0101mis Tex Box 80mm 800 x1500 x mm - WMT Baltic","og_url":"https:\/\/wmtbaltic.lv\/Produkts\/led-ramis-tex-box-80mm-800-x1500-x-mm\/","og_site_name":"WMT Baltic","article_publisher":"https:\/\/www.facebook.com\/WMT.Baltic.viscom\/?locale=lv_LV","og_image":[{"width":404,"height":500,"url":"https:\/\/wmtbaltic.lv\/wp-content\/uploads\/2020\/08\/pic-1-2.jpg","type":"image\/jpeg"}],"twitter_card":"summary_large_image","twitter_misc":{"Est. reading time":"1 minute"},"schema":{"@context":"https:\/\/schema.org","@graph":[{"@type":"WebPage","@id":"https:\/\/wmtbaltic.lv\/Produkts\/led-ramis-tex-box-80mm-800-x1500-x-mm\/","url":"https:\/\/wmtbaltic.lv\/Produkts\/led-ramis-tex-box-80mm-800-x1500-x-mm\/","name":"LED R\u0101mis Tex Box 80mm 800 x1500 x mm - WMT Baltic","isPartOf":{"@id":"https:\/\/wmtbaltic.lv\/#website"},"primaryImageOfPage":{"@id":"https:\/\/wmtbaltic.lv\/Produkts\/led-ramis-tex-box-80mm-800-x1500-x-mm\/#primaryimage"},"image":{"@id":"https:\/\/wmtbaltic.lv\/Produkts\/led-ramis-tex-box-80mm-800-x1500-x-mm\/#primaryimage"},"thumbnailUrl":"https:\/\/wmtbaltic.lv\/wp-content\/uploads\/2020\/08\/pic-1-2.jpg","datePublished":"2020-08-14T14:15:19+00:00","breadcrumb":{"@id":"https:\/\/wmtbaltic.lv\/Produkts\/led-ramis-tex-box-80mm-800-x1500-x-mm\/#breadcrumb"},"inLanguage":"en-US","potentialAction":[{"@type":"ReadAction","target":["https:\/\/wmtbaltic.lv\/Produkts\/led-ramis-tex-box-80mm-800-x1500-x-mm\/"]}]},{"@type":"ImageObject","inLanguage":"en-US","@id":"https:\/\/wmtbaltic.lv\/Produkts\/led-ramis-tex-box-80mm-800-x1500-x-mm\/#primaryimage","url":"https:\/\/wmtbaltic.lv\/wp-content\/uploads\/2020\/08\/pic-1-2.jpg","contentUrl":"https:\/\/wmtbaltic.lv\/wp-content\/uploads\/2020\/08\/pic-1-2.jpg","width":404,"height":500},{"@type":"BreadcrumbList","@id":"https:\/\/wmtbaltic.lv\/Produkts\/led-ramis-tex-box-80mm-800-x1500-x-mm\/#breadcrumb","itemListElement":[{"@type":"ListItem","position":1,"name":"Home","item":"https:\/\/wmtbaltic.lv\/en\/"},{"@type":"ListItem","position":2,"name":"Products","item":"https:\/\/wmtbaltic.lv\/en\/shop\/"},{"@type":"ListItem","position":3,"name":"LED R\u0101mis Tex Box 80mm 800 x1500 x mm"}]},{"@type":"WebSite","@id":"https:\/\/wmtbaltic.lv\/#website","url":"https:\/\/wmtbaltic.lv\/","name":"WMT Baltic","description":"Rekl\u0101mas produkti, pl\u0113ves","publisher":{"@id":"https:\/\/wmtbaltic.lv\/#organization"},"potentialAction":[{"@type":"SearchAction","target":{"@type":"EntryPoint","urlTemplate":"https:\/\/wmtbaltic.lv\/?s={search_term_string}"},"query-input":{"@type":"PropertyValueSpecification","valueRequired":true,"valueName":"search_term_string"}}],"inLanguage":"en-US"},{"@type":"Organization","@id":"https:\/\/wmtbaltic.lv\/#organization","name":"WMT Baltic","url":"https:\/\/wmtbaltic.lv\/","logo":{"@type":"ImageObject","inLanguage":"en-US","@id":"https:\/\/wmtbaltic.lv\/#\/schema\/logo\/image\/","url":"https:\/\/wmtbaltic.lv\/wp-content\/uploads\/2024\/12\/wmt-baltic-sia_107142_9_420x180.jpg","contentUrl":"https:\/\/wmtbaltic.lv\/wp-content\/uploads\/2024\/12\/wmt-baltic-sia_107142_9_420x180.jpg","width":420,"height":180,"caption":"WMT Baltic"},"image":{"@id":"https:\/\/wmtbaltic.lv\/#\/schema\/logo\/image\/"},"sameAs":["https:\/\/www.facebook.com\/WMT.Baltic.viscom\/?locale=lv_LV","https:\/\/www.instagram.com\/viscom_wmt\/"]}]}},"_links":{"self":[{"href":"https:\/\/wmtbaltic.lv\/en\/wp-json\/wp\/v2\/product\/1832","targetHints":{"allow":["GET"]}}],"collection":[{"href":"https:\/\/wmtbaltic.lv\/en\/wp-json\/wp\/v2\/product"}],"about":[{"href":"https:\/\/wmtbaltic.lv\/en\/wp-json\/wp\/v2\/types\/product"}],"replies":[{"embeddable":true,"href":"https:\/\/wmtbaltic.lv\/en\/wp-json\/wp\/v2\/comments?post=1832"}],"wp:featuredmedia":[{"embeddable":true,"href":"https:\/\/wmtbaltic.lv\/en\/wp-json\/wp\/v2\/media\/1833"}],"wp:attachment":[{"href":"https:\/\/wmtbaltic.lv\/en\/wp-json\/wp\/v2\/media?parent=1832"}],"wp:term":[{"taxonomy":"product_brand","embeddable":true,"href":"https:\/\/wmtbaltic.lv\/en\/wp-json\/wp\/v2\/product_brand?post=1832"},{"taxonomy":"product_cat","embeddable":true,"href":"https:\/\/wmtbaltic.lv\/en\/wp-json\/wp\/v2\/product_cat?post=1832"},{"taxonomy":"product_tag","embeddable":true,"href":"https:\/\/wmtbaltic.lv\/en\/wp-json\/wp\/v2\/product_tag?post=1832"}],"curies":[{"name":"wp","href":"https:\/\/api.w.org\/{rel}","templated":true}]}}