{"id":18242,"date":"2026-03-12T14:17:56","date_gmt":"2026-03-12T14:17:56","guid":{"rendered":"https:\/\/wmtbaltic.lv\/?post_type=product&#038;p=18242"},"modified":"2026-03-12T14:28:48","modified_gmt":"2026-03-12T14:28:48","slug":"loklik-icraft-ploteris-pastel-pink","status":"publish","type":"product","link":"https:\/\/wmtbaltic.lv\/en\/product\/loklik-icraft-ploteris-pastel-pink\/","title":{"rendered":"LOKLiK iCraft\u2122 Ploteris- Pastel Pink"},"content":{"rendered":"<div class=\"elementor-element elementor-element-459efad e-con-full e-flex e-con e-child\" data-id=\"459efad\" data-element_type=\"container\" data-e-type=\"container\">\n<div class=\"elementor-element elementor-element-1b8be9a elementor-hidden-mobile elementor-widget elementor-widget-woocommerce-product-content\" data-id=\"1b8be9a\" data-element_type=\"widget\" data-e-type=\"widget\" data-widget_type=\"woocommerce-product-content.default\">\n<div class=\"elementor-widget-container\">\n<div class=\"elementor-element elementor-element-459efad e-con-full e-flex e-con e-child\" data-id=\"459efad\" data-element_type=\"container\" data-e-type=\"container\">\n<div class=\"elementor-element elementor-element-1b8be9a elementor-hidden-mobile elementor-widget elementor-widget-woocommerce-product-content\" data-id=\"1b8be9a\" data-element_type=\"widget\" data-e-type=\"widget\" data-widget_type=\"woocommerce-product-content.default\">\n<div class=\"elementor-widget-container\">\n<div class=\"elementor-element elementor-element-459efad e-con-full e-flex e-con e-child\" data-id=\"459efad\" data-element_type=\"container\" data-e-type=\"container\">\n<div class=\"elementor-element elementor-element-1b8be9a elementor-hidden-mobile elementor-widget elementor-widget-woocommerce-product-content\" data-id=\"1b8be9a\" data-element_type=\"widget\" data-e-type=\"widget\" data-widget_type=\"woocommerce-product-content.default\">\n<div class=\"elementor-widget-container\">\n<h2 data-path-to-node=\"2\">Atbr\u012bvojiet savu rado\u0161umu ar LOKLiK iCraft\u2122<\/h2>\n<p data-path-to-node=\"3\"><b data-path-to-node=\"3\" data-index-in-node=\"0\">LOKLiK iCraft\u2122 ir ide\u0101la grie\u0161anas ier\u012bce vis\u0101m j\u016bsu rado\u0161aj\u0101m iecer\u0113m.<\/b>\u00a0No smalkiem pap\u012bra un vinila dekoriem l\u012bdz personaliz\u0113tam ap\u0123\u0113rbam un m\u0101jok\u013ca aksesu\u0101riem \u2014 iCraft str\u0101d\u0101 ar visda\u017e\u0101d\u0101kajiem materi\u0101liem un biezumiem, ikreiz nodro\u0161inot nevainojamu precizit\u0101ti. Neatkar\u012bgi no t\u0101, vai esat hobija entuziasts vai pieredz\u0113jis meistars, \u0161is daudzpus\u012bgais instruments padara ikvienu projektu vienk\u0101r\u0161\u0101ku un pat\u012bkam\u0101ku. Pateicoties intuit\u012bvaj\u0101m funkcij\u0101m un profesion\u0101la l\u012bme\u0146a veiktsp\u0113jai, iCraft pal\u012bdz izp\u0113t\u012bt bezrobe\u017eu iesp\u0113jas un atdz\u012bvin\u0101t j\u016bsu v\u012bzijas.<\/p>\n<h3 data-path-to-node=\"4\">Augstas precizit\u0101tes grie\u0161ana<\/h3>\n<p data-path-to-node=\"5\"><b data-path-to-node=\"5\" data-index-in-node=\"0\">Nevainojams rezult\u0101ts:<\/b>\u00a0Sasniedziet izcilu kvalit\u0101ti ar LOKLiK iCraft\u2122 precizit\u0101ti, kas sp\u0113j apstr\u0101d\u0101t pat 0,01 mm smalkas deta\u013cas. Sare\u017e\u0123\u012bti dizaini tiek izpild\u012bti ar apbr\u012bnojamu akur\u0101tumu, padarot katru griezumu asu un profesion\u0101lu. Tas ir ide\u0101li piem\u0113rots augstv\u0113rt\u012bgu deta\u013cu pie\u0161\u0137ir\u0161anai jebkuram projektam! Ar smalko asmeni (fine-point blade) j\u016bs varat griezt vieglus un vid\u0113ji biezus materi\u0101lus, piem\u0113ram, pap\u012bru, vinilu, uzl\u012bmes un citus. Savuk\u0101rt dzi\u013cais asmens (deep-point blade; nav iek\u013cauts komplekt\u0101) grie\u017e biez\u0101kus materi\u0101lus l\u012bdz pat 2 mm, piem\u0113ram, m\u0101ksl\u012bgo \u0101du, biezo kartonu un citus.<\/p>\n<h3 data-path-to-node=\"6\">Vair\u0101k nek\u0101 100 da\u017e\u0101du materi\u0101lu<\/h3>\n<p data-path-to-node=\"7\"><b data-path-to-node=\"7\" data-index-in-node=\"0\">Pla\u0161a sader\u012bba:<\/b>\u00a0Ar LOKLiK iCraft\u2122 viegli sagrieziet vair\u0101k nek\u0101 100 da\u017e\u0101dus materi\u0101lus biezum\u0101 l\u012bdz 2 mm. No pap\u012bra un vinila l\u012bdz m\u0101ksl\u012bgajai \u0101dai, audumam un pat iztur\u012bgam kartonam!\u00a0<i data-path-to-node=\"7\" data-index-in-node=\"184\">LOKLiK iCraft\u2122 nav paredz\u0113ts met\u0101la, koka vai stikla grie\u0161anai un grav\u0113\u0161anai.<\/i>\u00a0Apr\u012bkota ar augst\u0101k\u0101s kvalit\u0101tes asme\u0146iem un 5200 g grie\u0161anas sp\u0113ku, \u0161\u012b ier\u012bce p\u0101rv\u0113r\u0161 j\u016bsu idejas realit\u0101t\u0113. Ar vieglumu radiet unik\u0101lus k\u016bku dekorus, personaliz\u0113tus DIY projektus, paman\u0101mus interjera elementus un sv\u0113tku dekor\u0101cijas. Ar LOKLiK iCraft\u2122 j\u016bsu rado\u0161umam nav robe\u017eu.<\/p>\n<h3 data-path-to-node=\"8\">Druk\u0101to att\u0113lu grie\u0161ana<\/h3>\n<p data-path-to-node=\"9\"><b data-path-to-node=\"9\" data-index-in-node=\"0\">Personaliz\u0113tas uzl\u012bmes un eti\u0137etes:<\/b>\u00a0P\u0101rv\u0113rtiet savus izdruk\u0101tos dizainus m\u012b\u013c\u0101s uzl\u012bm\u0113s un unik\u0101l\u0101s kart\u012bt\u0113s. LOKLiK iCraft\u2122 prec\u012bzi seko izdruk\u0101taj\u0101m kont\u016br\u0101m ar 0,5 mm precizit\u0101ti, nodro\u0161inot gludu un gl\u012btu rezult\u0101tu. Tas ir ide\u0101ls risin\u0101jums augstas kvalit\u0101tes uzl\u012bmju, apsveikuma kart\u012b\u0161u, eti\u0137e\u0161u un citu lietu izveidei.<\/p>\n<h3 data-path-to-node=\"10\">Klus\u0101ka darb\u012bba<\/h3>\n<p data-path-to-node=\"11\"><b data-path-to-node=\"11\" data-index-in-node=\"0\">Radiet mier\u0101:<\/b>\u00a0LOKLiK iCraft\u2122 izmanto iespaid\u012bgi klusu tehnolo\u0123iju (60 dB), \u013caujot jums piln\u012bb\u0101 nodoties rado\u0161ajam procesam bez liekiem trok\u0161\u0146iem. \u0160\u012b ier\u012bce ir ide\u0101li piem\u0113rota v\u0113l\u0101m vakara darbn\u012bc\u0101m vai koplieto\u0161anas telp\u0101m, \u013caujot jums piln\u012bb\u0101 koncentr\u0113ties uz savu projektu.<\/p>\n<h3 data-path-to-node=\"12\">Vair\u0101ku ier\u012b\u010du re\u017e\u012bms<\/h3>\n<p data-path-to-node=\"13\">J\u016bs varat viegli izveidot savienojumu ar vair\u0101k\u0101m LOKLiK iCraft\u2122 ier\u012bc\u0113m vienlaikus, izmantojot USB vai Bluetooth.<\/p>\n<h3 data-path-to-node=\"14\">No\u0146emams instrumentu tur\u0113t\u0101js<\/h3>\n<p data-path-to-node=\"15\">Uzturiet savu darba vietu k\u0101rt\u012bb\u0101 \u2014 iCraft no\u0146emamais uzglab\u0101\u0161anas nodal\u012bjums \u013cauj visiem nepiecie\u0161amajiem piederumiem (asme\u0146iem, pildspalv\u0101m, t\u012br\u012b\u0161anas r\u012bkiem) b\u016bt pa rokai.<\/p>\n<h3 data-path-to-node=\"16\">LOKLiK IdeaStudio\u2122<\/h3>\n<p data-path-to-node=\"17\"><b data-path-to-node=\"17\" data-index-in-node=\"0\">Bezmaksas dizaina programmat\u016bra:<\/b>\u00a0Vienk\u0101r\u0161i pievienojiet savu datoru, plan\u0161etdatoru vai t\u0101lruni pie LOKLiK iCraft\u2122 un s\u0101ciet rad\u012bt ar LOKLiK IdeaStudio\u2122! \u0160\u012b bezmaksas programmat\u016bra ar m\u0101ksl\u012bg\u0101 intelekta atbalstu padara dizaina izveidi \u0101tru un vienk\u0101r\u0161u. Turkl\u0101t, piek\u013c\u016bstot vair\u0101k nek\u0101 50 000 bezmaksas dizainu LOKLiK Workshop\u2122 un IdeaStudio\u2122 bibliot\u0113k\u0101s, jums nekad netr\u016bks iedvesmas jauniem darbiem!<\/p>\n<p data-path-to-node=\"1\"><b data-path-to-node=\"1\" data-index-in-node=\"0\">Specifik\u0101cija:<\/b><\/p>\n<ul data-path-to-node=\"2\">\n<li>\n<p data-path-to-node=\"2,0,0\"><b data-path-to-node=\"2,0,0\" data-index-in-node=\"0\">Iek\u0101rtas izm\u0113ri:<\/b>\u00a051,5 x 14,0 x 14,5 cm<\/p>\n<\/li>\n<li>\n<p data-path-to-node=\"2,1,0\"><b data-path-to-node=\"2,1,0\" data-index-in-node=\"0\">Sader\u012bgie palikt\u0146i:<\/b>\u00a0LOKLiK grie\u0161anas palikt\u0146i (zilais, za\u013cais, purpura un roz\u0101)<\/p>\n<\/li>\n<li>\n<p data-path-to-node=\"2,2,0\"><b data-path-to-node=\"2,2,0\" data-index-in-node=\"0\">Programmat\u016bra:<\/b>\u00a0LOKLiK IdeaStudio<\/p>\n<\/li>\n<li>\n<p data-path-to-node=\"2,3,0\"><b data-path-to-node=\"2,3,0\" data-index-in-node=\"0\">Savienojums:<\/b>\u00a0USB, Bluetooth<\/p>\n<\/li>\n<li>\n<p data-path-to-node=\"2,4,0\"><b data-path-to-node=\"2,4,0\" data-index-in-node=\"0\">Trok\u0161\u0146a l\u012bmenis darb\u012bbas laik\u0101:<\/b>\u00a0zem 60 dBa<\/p>\n<\/li>\n<li>\n<p data-path-to-node=\"2,5,0\"><b data-path-to-node=\"2,5,0\" data-index-in-node=\"0\">Ener\u0123ijas pat\u0113ri\u0146\u0161:<\/b>\u00a036 W<\/p>\n<\/li>\n<li>\n<p data-path-to-node=\"2,6,0\"><b data-path-to-node=\"2,6,0\" data-index-in-node=\"0\">Svars:<\/b>\u00a05 kg<\/p>\n<\/li>\n<li>\n<p data-path-to-node=\"2,7,0\"><b data-path-to-node=\"2,7,0\" data-index-in-node=\"0\">Kontaktdak\u0161a:<\/b>\u00a0C tips (Euro-plug)<\/p>\n<\/li>\n<\/ul>\n<\/div>\n<\/div>\n<\/div>\n<div class=\"elementor-element elementor-element-13940e6 e-con-full e-flex e-con e-child\" data-id=\"13940e6\" data-element_type=\"container\" data-e-type=\"container\">\n<div class=\"elementor-element elementor-element-66876d1 elementor-widget elementor-widget-woocommerce-product-title elementor-page-title elementor-widget-heading\" data-id=\"66876d1\" data-element_type=\"widget\" data-e-type=\"widget\" data-widget_type=\"woocommerce-product-title.default\">\n<div class=\"elementor-widget-container\"><\/div>\n<\/div>\n<div class=\"elementor-element elementor-element-2b5aab6 e-con-full e-flex e-con e-child\" data-id=\"2b5aab6\" data-element_type=\"container\" data-e-type=\"container\">\n<div class=\"elementor-element elementor-element-472a364 e-con-full e-flex e-con e-child\" data-id=\"472a364\" data-element_type=\"container\" data-e-type=\"container\">\n<div class=\"elementor-element elementor-element-5b91d9f meta-single-product elementor-woo-meta--view-inline elementor-widget elementor-widget-woocommerce-product-meta\" data-id=\"5b91d9f\" data-element_type=\"widget\" data-e-type=\"widget\" data-widget_type=\"woocommerce-product-meta.default\">\n<div class=\"elementor-widget-container\">\n<div class=\"product_meta\"><\/div>\n<\/div>\n<\/div>\n<\/div>\n<\/div>\n<\/div>\n<\/div>\n<\/div>\n<\/div>\n<\/div>\n<\/div>\n<\/div>\n","protected":false},"excerpt":{"rendered":"Atbr\u012bvojiet savu rado\u0161umu ar LOKLiK iCraft\u2122 LOKLiK iCraft\u2122 ir ide\u0101la grie\u0161anas ier\u012bce vis\u0101m j\u016bsu rado\u0161aj\u0101m iecer\u0113m.\u00a0No smalkiem pap\u012bra un vinila dekoriem l\u012bdz personaliz\u0113tam ap\u0123\u0113rbam un m\u0101jok\u013ca aksesu\u0101riem \u2014 iCraft str\u0101d\u0101 ar visda\u017e\u0101d\u0101kajiem materi\u0101liem un biezumiem, ikreiz nodro\u0161inot nevainojamu precizit\u0101ti. Neatkar\u012bgi no t\u0101, vai esat hobija entuziasts vai pieredz\u0113jis meistars, \u0161is daudzpus\u012bgais instruments padara ikvienu projektu [...]","protected":false},"featured_media":18222,"template":"","meta":[],"product_brand":[],"product_cat":[258,260,243],"product_tag":[1540],"class_list":{"0":"post-18242","1":"product","2":"type-product","3":"status-publish","4":"has-post-thumbnail","6":"product_cat-iekartas-un-izejmateriali","7":"product_cat-termopreses-iekartas-un-izejmateriali","8":"product_cat-termopreses-hobijam","9":"product_tag-auto-termoprese","11":"first","12":"instock","13":"shipping-taxable","14":"purchasable","15":"product-type-simple"},"yoast_head":"<!-- This site is optimized with the Yoast SEO plugin v27.3 - https:\/\/yoast.com\/product\/yoast-seo-wordpress\/ -->\n<title>LOKLiK iCraft\u2122 Ploteris- Pastel Pink - WMT Baltic<\/title>\n<meta name=\"robots\" content=\"index, follow, max-snippet:-1, max-image-preview:large, max-video-preview:-1\" \/>\n<link rel=\"canonical\" href=\"https:\/\/wmtbaltic.lv\/product\/loklik-icraft-ploteris-pastel-pink\/\" \/>\n<meta property=\"og:locale\" content=\"en_US\" \/>\n<meta property=\"og:type\" content=\"article\" \/>\n<meta property=\"og:title\" content=\"LOKLiK iCraft\u2122 Ploteris- Pastel Pink - WMT Baltic\" \/>\n<meta property=\"og:url\" content=\"https:\/\/wmtbaltic.lv\/product\/loklik-icraft-ploteris-pastel-pink\/\" \/>\n<meta property=\"og:site_name\" content=\"WMT Baltic\" \/>\n<meta property=\"article:publisher\" content=\"https:\/\/www.facebook.com\/WMT.Baltic.viscom\/?locale=lv_LV\" \/>\n<meta property=\"article:modified_time\" content=\"2026-03-12T14:28:48+00:00\" \/>\n<meta property=\"og:image\" content=\"http:\/\/wmtbaltic.lv\/wp-content\/uploads\/2026\/03\/LOKLiK-iCraft\u2122-Ploteris-Pastel-Pink.jpg\" \/>\n\t<meta property=\"og:image:width\" content=\"600\" \/>\n\t<meta property=\"og:image:height\" content=\"600\" \/>\n\t<meta property=\"og:image:type\" content=\"image\/jpeg\" \/>\n<meta name=\"twitter:card\" content=\"summary_large_image\" \/>\n<meta name=\"twitter:label1\" content=\"Est. reading time\" \/>\n\t<meta name=\"twitter:data1\" content=\"3 minutes\" \/>\n<script type=\"application\/ld+json\" class=\"yoast-schema-graph\">{\"@context\":\"https:\\\/\\\/schema.org\",\"@graph\":[{\"@type\":\"WebPage\",\"@id\":\"https:\\\/\\\/wmtbaltic.lv\\\/product\\\/loklik-icraft-ploteris-pastel-pink\\\/\",\"url\":\"https:\\\/\\\/wmtbaltic.lv\\\/product\\\/loklik-icraft-ploteris-pastel-pink\\\/\",\"name\":\"LOKLiK iCraft\u2122 Ploteris- Pastel Pink - WMT Baltic\",\"isPartOf\":{\"@id\":\"https:\\\/\\\/wmtbaltic.lv\\\/#website\"},\"primaryImageOfPage\":{\"@id\":\"https:\\\/\\\/wmtbaltic.lv\\\/product\\\/loklik-icraft-ploteris-pastel-pink\\\/#primaryimage\"},\"image\":{\"@id\":\"https:\\\/\\\/wmtbaltic.lv\\\/product\\\/loklik-icraft-ploteris-pastel-pink\\\/#primaryimage\"},\"thumbnailUrl\":\"https:\\\/\\\/wmtbaltic.lv\\\/wp-content\\\/uploads\\\/2026\\\/03\\\/LOKLiK-iCraft\u2122-Ploteris-Pastel-Pink.jpg\",\"datePublished\":\"2026-03-12T14:17:56+00:00\",\"dateModified\":\"2026-03-12T14:28:48+00:00\",\"breadcrumb\":{\"@id\":\"https:\\\/\\\/wmtbaltic.lv\\\/product\\\/loklik-icraft-ploteris-pastel-pink\\\/#breadcrumb\"},\"inLanguage\":\"en-US\",\"potentialAction\":[{\"@type\":\"ReadAction\",\"target\":[\"https:\\\/\\\/wmtbaltic.lv\\\/product\\\/loklik-icraft-ploteris-pastel-pink\\\/\"]}]},{\"@type\":\"ImageObject\",\"inLanguage\":\"en-US\",\"@id\":\"https:\\\/\\\/wmtbaltic.lv\\\/product\\\/loklik-icraft-ploteris-pastel-pink\\\/#primaryimage\",\"url\":\"https:\\\/\\\/wmtbaltic.lv\\\/wp-content\\\/uploads\\\/2026\\\/03\\\/LOKLiK-iCraft\u2122-Ploteris-Pastel-Pink.jpg\",\"contentUrl\":\"https:\\\/\\\/wmtbaltic.lv\\\/wp-content\\\/uploads\\\/2026\\\/03\\\/LOKLiK-iCraft\u2122-Ploteris-Pastel-Pink.jpg\",\"width\":600,\"height\":600},{\"@type\":\"BreadcrumbList\",\"@id\":\"https:\\\/\\\/wmtbaltic.lv\\\/product\\\/loklik-icraft-ploteris-pastel-pink\\\/#breadcrumb\",\"itemListElement\":[{\"@type\":\"ListItem\",\"position\":1,\"name\":\"Home\",\"item\":\"https:\\\/\\\/wmtbaltic.lv\\\/en\\\/\"},{\"@type\":\"ListItem\",\"position\":2,\"name\":\"Shop\",\"item\":\"https:\\\/\\\/wmtbaltic.lv\\\/shop\\\/\"},{\"@type\":\"ListItem\",\"position\":3,\"name\":\"LOKLiK iCraft\u2122 Ploteris- Pastel Pink\"}]},{\"@type\":\"WebSite\",\"@id\":\"https:\\\/\\\/wmtbaltic.lv\\\/#website\",\"url\":\"https:\\\/\\\/wmtbaltic.lv\\\/\",\"name\":\"WMT Baltic\",\"description\":\"Rekl\u0101mas produkti, pl\u0113ves\",\"publisher\":{\"@id\":\"https:\\\/\\\/wmtbaltic.lv\\\/#organization\"},\"potentialAction\":[{\"@type\":\"SearchAction\",\"target\":{\"@type\":\"EntryPoint\",\"urlTemplate\":\"https:\\\/\\\/wmtbaltic.lv\\\/?s={search_term_string}\"},\"query-input\":{\"@type\":\"PropertyValueSpecification\",\"valueRequired\":true,\"valueName\":\"search_term_string\"}}],\"inLanguage\":\"en-US\"},{\"@type\":\"Organization\",\"@id\":\"https:\\\/\\\/wmtbaltic.lv\\\/#organization\",\"name\":\"WMT Baltic\",\"url\":\"https:\\\/\\\/wmtbaltic.lv\\\/\",\"logo\":{\"@type\":\"ImageObject\",\"inLanguage\":\"en-US\",\"@id\":\"https:\\\/\\\/wmtbaltic.lv\\\/#\\\/schema\\\/logo\\\/image\\\/\",\"url\":\"https:\\\/\\\/wmtbaltic.lv\\\/wp-content\\\/uploads\\\/2024\\\/12\\\/wmt-baltic-sia_107142_9_420x180.jpg\",\"contentUrl\":\"https:\\\/\\\/wmtbaltic.lv\\\/wp-content\\\/uploads\\\/2024\\\/12\\\/wmt-baltic-sia_107142_9_420x180.jpg\",\"width\":420,\"height\":180,\"caption\":\"WMT Baltic\"},\"image\":{\"@id\":\"https:\\\/\\\/wmtbaltic.lv\\\/#\\\/schema\\\/logo\\\/image\\\/\"},\"sameAs\":[\"https:\\\/\\\/www.facebook.com\\\/WMT.Baltic.viscom\\\/?locale=lv_LV\",\"https:\\\/\\\/www.instagram.com\\\/viscom_wmt\\\/\"]}]}<\/script>\n<!-- \/ Yoast SEO plugin. -->","yoast_head_json":{"title":"LOKLiK iCraft\u2122 Ploteris- Pastel Pink - WMT Baltic","robots":{"index":"index","follow":"follow","max-snippet":"max-snippet:-1","max-image-preview":"max-image-preview:large","max-video-preview":"max-video-preview:-1"},"canonical":"https:\/\/wmtbaltic.lv\/product\/loklik-icraft-ploteris-pastel-pink\/","og_locale":"en_US","og_type":"article","og_title":"LOKLiK iCraft\u2122 Ploteris- Pastel Pink - WMT Baltic","og_url":"https:\/\/wmtbaltic.lv\/product\/loklik-icraft-ploteris-pastel-pink\/","og_site_name":"WMT Baltic","article_publisher":"https:\/\/www.facebook.com\/WMT.Baltic.viscom\/?locale=lv_LV","article_modified_time":"2026-03-12T14:28:48+00:00","og_image":[{"width":600,"height":600,"url":"http:\/\/wmtbaltic.lv\/wp-content\/uploads\/2026\/03\/LOKLiK-iCraft\u2122-Ploteris-Pastel-Pink.jpg","type":"image\/jpeg"}],"twitter_card":"summary_large_image","twitter_misc":{"Est. reading time":"3 minutes"},"schema":{"@context":"https:\/\/schema.org","@graph":[{"@type":"WebPage","@id":"https:\/\/wmtbaltic.lv\/product\/loklik-icraft-ploteris-pastel-pink\/","url":"https:\/\/wmtbaltic.lv\/product\/loklik-icraft-ploteris-pastel-pink\/","name":"LOKLiK iCraft\u2122 Ploteris- Pastel Pink - WMT Baltic","isPartOf":{"@id":"https:\/\/wmtbaltic.lv\/#website"},"primaryImageOfPage":{"@id":"https:\/\/wmtbaltic.lv\/product\/loklik-icraft-ploteris-pastel-pink\/#primaryimage"},"image":{"@id":"https:\/\/wmtbaltic.lv\/product\/loklik-icraft-ploteris-pastel-pink\/#primaryimage"},"thumbnailUrl":"https:\/\/wmtbaltic.lv\/wp-content\/uploads\/2026\/03\/LOKLiK-iCraft\u2122-Ploteris-Pastel-Pink.jpg","datePublished":"2026-03-12T14:17:56+00:00","dateModified":"2026-03-12T14:28:48+00:00","breadcrumb":{"@id":"https:\/\/wmtbaltic.lv\/product\/loklik-icraft-ploteris-pastel-pink\/#breadcrumb"},"inLanguage":"en-US","potentialAction":[{"@type":"ReadAction","target":["https:\/\/wmtbaltic.lv\/product\/loklik-icraft-ploteris-pastel-pink\/"]}]},{"@type":"ImageObject","inLanguage":"en-US","@id":"https:\/\/wmtbaltic.lv\/product\/loklik-icraft-ploteris-pastel-pink\/#primaryimage","url":"https:\/\/wmtbaltic.lv\/wp-content\/uploads\/2026\/03\/LOKLiK-iCraft\u2122-Ploteris-Pastel-Pink.jpg","contentUrl":"https:\/\/wmtbaltic.lv\/wp-content\/uploads\/2026\/03\/LOKLiK-iCraft\u2122-Ploteris-Pastel-Pink.jpg","width":600,"height":600},{"@type":"BreadcrumbList","@id":"https:\/\/wmtbaltic.lv\/product\/loklik-icraft-ploteris-pastel-pink\/#breadcrumb","itemListElement":[{"@type":"ListItem","position":1,"name":"Home","item":"https:\/\/wmtbaltic.lv\/en\/"},{"@type":"ListItem","position":2,"name":"Shop","item":"https:\/\/wmtbaltic.lv\/shop\/"},{"@type":"ListItem","position":3,"name":"LOKLiK iCraft\u2122 Ploteris- Pastel Pink"}]},{"@type":"WebSite","@id":"https:\/\/wmtbaltic.lv\/#website","url":"https:\/\/wmtbaltic.lv\/","name":"WMT Baltic","description":"Rekl\u0101mas produkti, pl\u0113ves","publisher":{"@id":"https:\/\/wmtbaltic.lv\/#organization"},"potentialAction":[{"@type":"SearchAction","target":{"@type":"EntryPoint","urlTemplate":"https:\/\/wmtbaltic.lv\/?s={search_term_string}"},"query-input":{"@type":"PropertyValueSpecification","valueRequired":true,"valueName":"search_term_string"}}],"inLanguage":"en-US"},{"@type":"Organization","@id":"https:\/\/wmtbaltic.lv\/#organization","name":"WMT Baltic","url":"https:\/\/wmtbaltic.lv\/","logo":{"@type":"ImageObject","inLanguage":"en-US","@id":"https:\/\/wmtbaltic.lv\/#\/schema\/logo\/image\/","url":"https:\/\/wmtbaltic.lv\/wp-content\/uploads\/2024\/12\/wmt-baltic-sia_107142_9_420x180.jpg","contentUrl":"https:\/\/wmtbaltic.lv\/wp-content\/uploads\/2024\/12\/wmt-baltic-sia_107142_9_420x180.jpg","width":420,"height":180,"caption":"WMT Baltic"},"image":{"@id":"https:\/\/wmtbaltic.lv\/#\/schema\/logo\/image\/"},"sameAs":["https:\/\/www.facebook.com\/WMT.Baltic.viscom\/?locale=lv_LV","https:\/\/www.instagram.com\/viscom_wmt\/"]}]}},"_links":{"self":[{"href":"https:\/\/wmtbaltic.lv\/en\/wp-json\/wp\/v2\/product\/18242","targetHints":{"allow":["GET"]}}],"collection":[{"href":"https:\/\/wmtbaltic.lv\/en\/wp-json\/wp\/v2\/product"}],"about":[{"href":"https:\/\/wmtbaltic.lv\/en\/wp-json\/wp\/v2\/types\/product"}],"wp:featuredmedia":[{"embeddable":true,"href":"https:\/\/wmtbaltic.lv\/en\/wp-json\/wp\/v2\/media\/18222"}],"wp:attachment":[{"href":"https:\/\/wmtbaltic.lv\/en\/wp-json\/wp\/v2\/media?parent=18242"}],"wp:term":[{"taxonomy":"product_brand","embeddable":true,"href":"https:\/\/wmtbaltic.lv\/en\/wp-json\/wp\/v2\/product_brand?post=18242"},{"taxonomy":"product_cat","embeddable":true,"href":"https:\/\/wmtbaltic.lv\/en\/wp-json\/wp\/v2\/product_cat?post=18242"},{"taxonomy":"product_tag","embeddable":true,"href":"https:\/\/wmtbaltic.lv\/en\/wp-json\/wp\/v2\/product_tag?post=18242"}],"curies":[{"name":"wp","href":"https:\/\/api.w.org\/{rel}","templated":true}]}}