{"id":18239,"date":"2026-03-12T14:12:01","date_gmt":"2026-03-12T14:12:01","guid":{"rendered":"https:\/\/wmtbaltic.lv\/?post_type=product&#038;p=18239"},"modified":"2026-03-12T14:13:34","modified_gmt":"2026-03-12T14:13:34","slug":"uzlex-dlr-rokas-aplikators-divpusejam-limlentem","status":"publish","type":"product","link":"https:\/\/wmtbaltic.lv\/en\/product\/uzlex-dlr-rokas-aplikators-divpusejam-limlentem\/","title":{"rendered":"Uzlex DLR rokas aplik\u0101tors divpus\u0113j\u0101m l\u012bmlent\u0113m"},"content":{"rendered":"","protected":false},"excerpt":{"rendered":"Rokas aplik\u0101tors padara vienk\u0101r\u0161u divpus\u0113jo l\u012bmlentu izmanto\u0161anu. Aplik\u0101tors no\u0146em aizsargsl\u0101ni no l\u012bmlentes un uztin to uz rull\u012b\u0161a, l\u012bmlente gatava pielieto\u0161anai. Aplik\u0101tors \u013cauj ieekonom\u0113t laiku darbam ar divpus\u0113j\u0101m l\u012bmlent\u0113m.\r\n\r\nAplik\u0101tors piem\u0113rots l\u012bmlent\u0113m:\r\n\r\nUZLEX DS 31330: https:\/\/adv24.lv\/product\/divpuseja-plana-limlente-uzlex-ds31330\/\r\n\r\nUZLEX DS: 31343: https:\/\/adv24.lv\/product\/divpuseja-plana-limlente-uzlex-ds31343\/\r\n\r\nUZLEX DS: 32112: https:\/\/adv24.lv\/product\/divpuseja-akrila-limlente-uzlex-ds32112\/","protected":false},"featured_media":18240,"template":"","meta":[],"product_brand":[],"product_cat":[1596,49],"product_tag":[],"class_list":{"0":"post-18239","1":"product","2":"type-product","3":"status-publish","4":"has-post-thumbnail","6":"product_cat-aplikatori-divpusejam-limlentem","7":"product_cat-divpusejas-limlentes-un-limpleves","9":"first","10":"instock","11":"shipping-taxable","12":"purchasable","13":"product-type-simple"},"yoast_head":"<!-- This site is optimized with the Yoast SEO plugin v27.4 - https:\/\/yoast.com\/product\/yoast-seo-wordpress\/ -->\n<title>Uzlex DLR rokas aplik\u0101tors divpus\u0113j\u0101m l\u012bmlent\u0113m - WMT Baltic<\/title>\n<meta name=\"robots\" content=\"index, follow, max-snippet:-1, max-image-preview:large, max-video-preview:-1\" \/>\n<link rel=\"canonical\" href=\"https:\/\/wmtbaltic.lv\/product\/uzlex-dlr-rokas-aplikators-divpusejam-limlentem\/\" \/>\n<meta property=\"og:locale\" content=\"en_US\" \/>\n<meta property=\"og:type\" content=\"article\" \/>\n<meta property=\"og:title\" content=\"Uzlex DLR rokas aplik\u0101tors divpus\u0113j\u0101m l\u012bmlent\u0113m - WMT Baltic\" \/>\n<meta property=\"og:description\" content=\"Rokas aplik\u0101tors padara vienk\u0101r\u0161u divpus\u0113jo l\u012bmlentu izmanto\u0161anu. Aplik\u0101tors no\u0146em aizsargsl\u0101ni no l\u012bmlentes un uztin to uz rull\u012b\u0161a, l\u012bmlente gatava pielieto\u0161anai. Aplik\u0101tors \u013cauj ieekonom\u0113t laiku darbam ar divpus\u0113j\u0101m l\u012bmlent\u0113m.  Aplik\u0101tors piem\u0113rots l\u012bmlent\u0113m:  UZLEX DS 31330: https:\/\/adv24.lv\/product\/divpuseja-plana-limlente-uzlex-ds31330\/  UZLEX DS: 31343: https:\/\/adv24.lv\/product\/divpuseja-plana-limlente-uzlex-ds31343\/  UZLEX DS: 32112: https:\/\/adv24.lv\/product\/divpuseja-akrila-limlente-uzlex-ds32112\/\" \/>\n<meta property=\"og:url\" content=\"https:\/\/wmtbaltic.lv\/product\/uzlex-dlr-rokas-aplikators-divpusejam-limlentem\/\" \/>\n<meta property=\"og:site_name\" content=\"WMT Baltic\" \/>\n<meta property=\"article:publisher\" content=\"https:\/\/www.facebook.com\/WMT.Baltic.viscom\/?locale=lv_LV\" \/>\n<meta property=\"article:modified_time\" content=\"2026-03-12T14:13:34+00:00\" \/>\n<meta property=\"og:image\" content=\"http:\/\/wmtbaltic.lv\/wp-content\/uploads\/2026\/03\/aplikators-divpusejam-limlentem_dlr-600x600-1.jpg\" \/>\n\t<meta property=\"og:image:width\" content=\"600\" \/>\n\t<meta property=\"og:image:height\" content=\"600\" \/>\n\t<meta property=\"og:image:type\" content=\"image\/jpeg\" \/>\n<meta name=\"twitter:card\" content=\"summary_large_image\" \/>\n<meta name=\"twitter:label1\" content=\"Est. reading time\" \/>\n\t<meta name=\"twitter:data1\" content=\"1 minute\" \/>\n<script type=\"application\/ld+json\" class=\"yoast-schema-graph\">{\"@context\":\"https:\\\/\\\/schema.org\",\"@graph\":[{\"@type\":\"WebPage\",\"@id\":\"https:\\\/\\\/wmtbaltic.lv\\\/product\\\/uzlex-dlr-rokas-aplikators-divpusejam-limlentem\\\/\",\"url\":\"https:\\\/\\\/wmtbaltic.lv\\\/product\\\/uzlex-dlr-rokas-aplikators-divpusejam-limlentem\\\/\",\"name\":\"Uzlex DLR rokas aplik\u0101tors divpus\u0113j\u0101m l\u012bmlent\u0113m - WMT Baltic\",\"isPartOf\":{\"@id\":\"https:\\\/\\\/wmtbaltic.lv\\\/#website\"},\"primaryImageOfPage\":{\"@id\":\"https:\\\/\\\/wmtbaltic.lv\\\/product\\\/uzlex-dlr-rokas-aplikators-divpusejam-limlentem\\\/#primaryimage\"},\"image\":{\"@id\":\"https:\\\/\\\/wmtbaltic.lv\\\/product\\\/uzlex-dlr-rokas-aplikators-divpusejam-limlentem\\\/#primaryimage\"},\"thumbnailUrl\":\"https:\\\/\\\/wmtbaltic.lv\\\/wp-content\\\/uploads\\\/2026\\\/03\\\/aplikators-divpusejam-limlentem_dlr-600x600-1.jpg\",\"datePublished\":\"2026-03-12T14:12:01+00:00\",\"dateModified\":\"2026-03-12T14:13:34+00:00\",\"breadcrumb\":{\"@id\":\"https:\\\/\\\/wmtbaltic.lv\\\/product\\\/uzlex-dlr-rokas-aplikators-divpusejam-limlentem\\\/#breadcrumb\"},\"inLanguage\":\"en-US\",\"potentialAction\":[{\"@type\":\"ReadAction\",\"target\":[\"https:\\\/\\\/wmtbaltic.lv\\\/product\\\/uzlex-dlr-rokas-aplikators-divpusejam-limlentem\\\/\"]}]},{\"@type\":\"ImageObject\",\"inLanguage\":\"en-US\",\"@id\":\"https:\\\/\\\/wmtbaltic.lv\\\/product\\\/uzlex-dlr-rokas-aplikators-divpusejam-limlentem\\\/#primaryimage\",\"url\":\"https:\\\/\\\/wmtbaltic.lv\\\/wp-content\\\/uploads\\\/2026\\\/03\\\/aplikators-divpusejam-limlentem_dlr-600x600-1.jpg\",\"contentUrl\":\"https:\\\/\\\/wmtbaltic.lv\\\/wp-content\\\/uploads\\\/2026\\\/03\\\/aplikators-divpusejam-limlentem_dlr-600x600-1.jpg\",\"width\":600,\"height\":600},{\"@type\":\"BreadcrumbList\",\"@id\":\"https:\\\/\\\/wmtbaltic.lv\\\/product\\\/uzlex-dlr-rokas-aplikators-divpusejam-limlentem\\\/#breadcrumb\",\"itemListElement\":[{\"@type\":\"ListItem\",\"position\":1,\"name\":\"Home\",\"item\":\"https:\\\/\\\/wmtbaltic.lv\\\/en\\\/\"},{\"@type\":\"ListItem\",\"position\":2,\"name\":\"Shop\",\"item\":\"https:\\\/\\\/wmtbaltic.lv\\\/shop\\\/\"},{\"@type\":\"ListItem\",\"position\":3,\"name\":\"Uzlex DLR rokas aplik\u0101tors divpus\u0113j\u0101m l\u012bmlent\u0113m\"}]},{\"@type\":\"WebSite\",\"@id\":\"https:\\\/\\\/wmtbaltic.lv\\\/#website\",\"url\":\"https:\\\/\\\/wmtbaltic.lv\\\/\",\"name\":\"WMT Baltic\",\"description\":\"Rekl\u0101mas produkti, pl\u0113ves\",\"publisher\":{\"@id\":\"https:\\\/\\\/wmtbaltic.lv\\\/#organization\"},\"potentialAction\":[{\"@type\":\"SearchAction\",\"target\":{\"@type\":\"EntryPoint\",\"urlTemplate\":\"https:\\\/\\\/wmtbaltic.lv\\\/?s={search_term_string}\"},\"query-input\":{\"@type\":\"PropertyValueSpecification\",\"valueRequired\":true,\"valueName\":\"search_term_string\"}}],\"inLanguage\":\"en-US\"},{\"@type\":\"Organization\",\"@id\":\"https:\\\/\\\/wmtbaltic.lv\\\/#organization\",\"name\":\"WMT Baltic\",\"url\":\"https:\\\/\\\/wmtbaltic.lv\\\/\",\"logo\":{\"@type\":\"ImageObject\",\"inLanguage\":\"en-US\",\"@id\":\"https:\\\/\\\/wmtbaltic.lv\\\/#\\\/schema\\\/logo\\\/image\\\/\",\"url\":\"https:\\\/\\\/wmtbaltic.lv\\\/wp-content\\\/uploads\\\/2024\\\/12\\\/wmt-baltic-sia_107142_9_420x180.jpg\",\"contentUrl\":\"https:\\\/\\\/wmtbaltic.lv\\\/wp-content\\\/uploads\\\/2024\\\/12\\\/wmt-baltic-sia_107142_9_420x180.jpg\",\"width\":420,\"height\":180,\"caption\":\"WMT Baltic\"},\"image\":{\"@id\":\"https:\\\/\\\/wmtbaltic.lv\\\/#\\\/schema\\\/logo\\\/image\\\/\"},\"sameAs\":[\"https:\\\/\\\/www.facebook.com\\\/WMT.Baltic.viscom\\\/?locale=lv_LV\",\"https:\\\/\\\/www.instagram.com\\\/viscom_wmt\\\/\"]}]}<\/script>\n<!-- \/ Yoast SEO plugin. -->","yoast_head_json":{"title":"Uzlex DLR rokas aplik\u0101tors divpus\u0113j\u0101m l\u012bmlent\u0113m - WMT Baltic","robots":{"index":"index","follow":"follow","max-snippet":"max-snippet:-1","max-image-preview":"max-image-preview:large","max-video-preview":"max-video-preview:-1"},"canonical":"https:\/\/wmtbaltic.lv\/product\/uzlex-dlr-rokas-aplikators-divpusejam-limlentem\/","og_locale":"en_US","og_type":"article","og_title":"Uzlex DLR rokas aplik\u0101tors divpus\u0113j\u0101m l\u012bmlent\u0113m - WMT Baltic","og_description":"Rokas aplik\u0101tors padara vienk\u0101r\u0161u divpus\u0113jo l\u012bmlentu izmanto\u0161anu. Aplik\u0101tors no\u0146em aizsargsl\u0101ni no l\u012bmlentes un uztin to uz rull\u012b\u0161a, l\u012bmlente gatava pielieto\u0161anai. Aplik\u0101tors \u013cauj ieekonom\u0113t laiku darbam ar divpus\u0113j\u0101m l\u012bmlent\u0113m.  Aplik\u0101tors piem\u0113rots l\u012bmlent\u0113m:  UZLEX DS 31330: https:\/\/adv24.lv\/product\/divpuseja-plana-limlente-uzlex-ds31330\/  UZLEX DS: 31343: https:\/\/adv24.lv\/product\/divpuseja-plana-limlente-uzlex-ds31343\/  UZLEX DS: 32112: https:\/\/adv24.lv\/product\/divpuseja-akrila-limlente-uzlex-ds32112\/","og_url":"https:\/\/wmtbaltic.lv\/product\/uzlex-dlr-rokas-aplikators-divpusejam-limlentem\/","og_site_name":"WMT Baltic","article_publisher":"https:\/\/www.facebook.com\/WMT.Baltic.viscom\/?locale=lv_LV","article_modified_time":"2026-03-12T14:13:34+00:00","og_image":[{"width":600,"height":600,"url":"http:\/\/wmtbaltic.lv\/wp-content\/uploads\/2026\/03\/aplikators-divpusejam-limlentem_dlr-600x600-1.jpg","type":"image\/jpeg"}],"twitter_card":"summary_large_image","twitter_misc":{"Est. reading time":"1 minute"},"schema":{"@context":"https:\/\/schema.org","@graph":[{"@type":"WebPage","@id":"https:\/\/wmtbaltic.lv\/product\/uzlex-dlr-rokas-aplikators-divpusejam-limlentem\/","url":"https:\/\/wmtbaltic.lv\/product\/uzlex-dlr-rokas-aplikators-divpusejam-limlentem\/","name":"Uzlex DLR rokas aplik\u0101tors divpus\u0113j\u0101m l\u012bmlent\u0113m - WMT Baltic","isPartOf":{"@id":"https:\/\/wmtbaltic.lv\/#website"},"primaryImageOfPage":{"@id":"https:\/\/wmtbaltic.lv\/product\/uzlex-dlr-rokas-aplikators-divpusejam-limlentem\/#primaryimage"},"image":{"@id":"https:\/\/wmtbaltic.lv\/product\/uzlex-dlr-rokas-aplikators-divpusejam-limlentem\/#primaryimage"},"thumbnailUrl":"https:\/\/wmtbaltic.lv\/wp-content\/uploads\/2026\/03\/aplikators-divpusejam-limlentem_dlr-600x600-1.jpg","datePublished":"2026-03-12T14:12:01+00:00","dateModified":"2026-03-12T14:13:34+00:00","breadcrumb":{"@id":"https:\/\/wmtbaltic.lv\/product\/uzlex-dlr-rokas-aplikators-divpusejam-limlentem\/#breadcrumb"},"inLanguage":"en-US","potentialAction":[{"@type":"ReadAction","target":["https:\/\/wmtbaltic.lv\/product\/uzlex-dlr-rokas-aplikators-divpusejam-limlentem\/"]}]},{"@type":"ImageObject","inLanguage":"en-US","@id":"https:\/\/wmtbaltic.lv\/product\/uzlex-dlr-rokas-aplikators-divpusejam-limlentem\/#primaryimage","url":"https:\/\/wmtbaltic.lv\/wp-content\/uploads\/2026\/03\/aplikators-divpusejam-limlentem_dlr-600x600-1.jpg","contentUrl":"https:\/\/wmtbaltic.lv\/wp-content\/uploads\/2026\/03\/aplikators-divpusejam-limlentem_dlr-600x600-1.jpg","width":600,"height":600},{"@type":"BreadcrumbList","@id":"https:\/\/wmtbaltic.lv\/product\/uzlex-dlr-rokas-aplikators-divpusejam-limlentem\/#breadcrumb","itemListElement":[{"@type":"ListItem","position":1,"name":"Home","item":"https:\/\/wmtbaltic.lv\/en\/"},{"@type":"ListItem","position":2,"name":"Shop","item":"https:\/\/wmtbaltic.lv\/shop\/"},{"@type":"ListItem","position":3,"name":"Uzlex DLR rokas aplik\u0101tors divpus\u0113j\u0101m l\u012bmlent\u0113m"}]},{"@type":"WebSite","@id":"https:\/\/wmtbaltic.lv\/#website","url":"https:\/\/wmtbaltic.lv\/","name":"WMT Baltic","description":"Rekl\u0101mas produkti, pl\u0113ves","publisher":{"@id":"https:\/\/wmtbaltic.lv\/#organization"},"potentialAction":[{"@type":"SearchAction","target":{"@type":"EntryPoint","urlTemplate":"https:\/\/wmtbaltic.lv\/?s={search_term_string}"},"query-input":{"@type":"PropertyValueSpecification","valueRequired":true,"valueName":"search_term_string"}}],"inLanguage":"en-US"},{"@type":"Organization","@id":"https:\/\/wmtbaltic.lv\/#organization","name":"WMT Baltic","url":"https:\/\/wmtbaltic.lv\/","logo":{"@type":"ImageObject","inLanguage":"en-US","@id":"https:\/\/wmtbaltic.lv\/#\/schema\/logo\/image\/","url":"https:\/\/wmtbaltic.lv\/wp-content\/uploads\/2024\/12\/wmt-baltic-sia_107142_9_420x180.jpg","contentUrl":"https:\/\/wmtbaltic.lv\/wp-content\/uploads\/2024\/12\/wmt-baltic-sia_107142_9_420x180.jpg","width":420,"height":180,"caption":"WMT Baltic"},"image":{"@id":"https:\/\/wmtbaltic.lv\/#\/schema\/logo\/image\/"},"sameAs":["https:\/\/www.facebook.com\/WMT.Baltic.viscom\/?locale=lv_LV","https:\/\/www.instagram.com\/viscom_wmt\/"]}]}},"_links":{"self":[{"href":"https:\/\/wmtbaltic.lv\/en\/wp-json\/wp\/v2\/product\/18239","targetHints":{"allow":["GET"]}}],"collection":[{"href":"https:\/\/wmtbaltic.lv\/en\/wp-json\/wp\/v2\/product"}],"about":[{"href":"https:\/\/wmtbaltic.lv\/en\/wp-json\/wp\/v2\/types\/product"}],"wp:featuredmedia":[{"embeddable":true,"href":"https:\/\/wmtbaltic.lv\/en\/wp-json\/wp\/v2\/media\/18240"}],"wp:attachment":[{"href":"https:\/\/wmtbaltic.lv\/en\/wp-json\/wp\/v2\/media?parent=18239"}],"wp:term":[{"taxonomy":"product_brand","embeddable":true,"href":"https:\/\/wmtbaltic.lv\/en\/wp-json\/wp\/v2\/product_brand?post=18239"},{"taxonomy":"product_cat","embeddable":true,"href":"https:\/\/wmtbaltic.lv\/en\/wp-json\/wp\/v2\/product_cat?post=18239"},{"taxonomy":"product_tag","embeddable":true,"href":"https:\/\/wmtbaltic.lv\/en\/wp-json\/wp\/v2\/product_tag?post=18239"}],"curies":[{"name":"wp","href":"https:\/\/api.w.org\/{rel}","templated":true}]}}