{"id":18171,"date":"2026-03-10T11:04:23","date_gmt":"2026-03-10T11:04:23","guid":{"rendered":"https:\/\/wmtbaltic.lv\/?post_type=product&#038;p=18171"},"modified":"2026-03-10T11:08:00","modified_gmt":"2026-03-10T11:08:00","slug":"loklik-termoprese-impress-mini-3-lavender-purple","status":"publish","type":"product","link":"https:\/\/wmtbaltic.lv\/en\/product\/loklik-termoprese-impress-mini-3-lavender-purple\/","title":{"rendered":"LOKLiK termoprese ImPress\u2122 Mini 3 \u2013 Lavender Purple"},"content":{"rendered":"<p data-path-to-node=\"2\"><strong>LOKLiK ImPress\u2122 Mini 3 \u2013 J\u016bsu rado\u0161uma ide\u0101lais sabiedrotais<\/strong>\u00a0<b data-path-to-node=\"3\" data-index-in-node=\"0\">LOKLiK ImPress\u2122 Mini 3<\/b>\u00a0ir nevainojams pal\u012bgs vis\u0101m j\u016bsu rado\u0161aj\u0101m iecer\u0113m, apvienojot kompaktu izm\u0113ru ar jaud\u012bgu sniegumu. \u0160\u012b daudzpus\u012bg\u0101 maz\u0101 termoprese ir lieliski piem\u0113rota darbam ar termop\u0101rneses vinilu, sublim\u0101cijas pap\u012bru un citiem karstuma apstr\u0101des projektiem. \u012apa\u0161i plat\u0101, plakan\u0101 sildvirsma \u013cauj \u0113rti str\u0101d\u0101t ar liel\u0101kiem dizainiem, saglab\u0101jot ier\u012bces kompaktumu. Savuk\u0101rt ier\u012bces aizmugur\u0113 eso\u0161\u0101 izliekt\u0101 sildvirsma \u013cauj viegli dekor\u0113t noapa\u013cotas formas, padarot to ide\u0101li piem\u0113rotu kr\u016b\u017eu, termogla\u017eu, cepuru, apavu un citu aksesu\u0101ru personaliz\u0113\u0161anai.<\/p>\n<p data-path-to-node=\"2\"><strong>Elast\u012bgi temperat\u016bras iestat\u012bjumi<\/strong>\u00a0<b data-path-to-node=\"6\" data-index-in-node=\"0\">Prec\u012bza kontrole:<\/b>\u00a0Ar pla\u0161u temperat\u016bras diapazonu no\u00a0<b data-path-to-node=\"6\" data-index-in-node=\"53\">100 l\u012bdz 200 \u00b0C<\/b>\u00a0un taimeri l\u012bdz pat\u00a0<b data-path-to-node=\"6\" data-index-in-node=\"89\">600 sekund\u0113m<\/b>,\u00a0<i data-path-to-node=\"6\" data-index-in-node=\"103\">ImPress\u2122 Mini 3<\/i>\u00a0nodro\u0161ina piln\u012bgu kontroli p\u0101r iestat\u012bjumiem katram j\u016bsu projektam.<\/p>\n<p data-path-to-node=\"2\"><strong>Intuit\u012bvs ekr\u0101ns<\/strong>\u00a0<b data-path-to-node=\"8\" data-index-in-node=\"0\">P\u0101rskat\u0101mi iestat\u012bjumi:<\/b>\u00a0<i data-path-to-node=\"8\" data-index-in-node=\"24\">LOKLiK ImPress\u2122 Mini 3<\/i>\u00a0intuit\u012bvais, apgrieztais displejs ir rad\u012bts \u0113rt\u012bbai un vienk\u0101r\u0161\u012bbai. Taj\u0101 skaidri redzami temperat\u016bras un taimera r\u0101d\u012bjumi, \u013caujot tos viegli uzraudz\u012bt darba proces\u0101.<\/p>\n<p data-path-to-node=\"2\"><strong>Plata sildvirsma<\/strong>\u00a0<b data-path-to-node=\"10\" data-index-in-node=\"0\">Papla\u0161in\u0101tas iesp\u0113jas:<\/b>\u00a0\u012apa\u0161i plat\u0101\u00a0<b data-path-to-node=\"10\" data-index-in-node=\"35\">9,3 x 8 cm<\/b>\u00a0sildvirsma sniedz br\u012bv\u012bbu str\u0101d\u0101t ar apjom\u012bg\u0101kiem dizainiem, nezaud\u0113jot ier\u012bces mobilit\u0101ti. Pateicoties kompaktajam izm\u0113ram,\u00a0<i data-path-to-node=\"10\" data-index-in-node=\"171\">LOKLiK ImPress\u2122 Mini 3<\/i>\u00a0ir \u013coti viegli vad\u0101ma.<\/p>\n<p data-path-to-node=\"2\"><strong>Da\u013c\u0113ji izliekta sildvirsma<\/strong>\u00a0<b data-path-to-node=\"12\" data-index-in-node=\"0\">Darbam uz apa\u013c\u0101m virsm\u0101m:<\/b>\u00a0Sildvirsmai ir izliekta da\u013ca, kas izstr\u0101d\u0101ta vienm\u0113r\u012bgai siltuma sadalei uz noapa\u013cotiem priek\u0161metiem, piem\u0113ram, kr\u016bz\u0113m, pudel\u0113m un cepur\u0113m. Tas nodro\u0161ina nevainojamu rezult\u0101tu uz liekt\u0101m virsm\u0101m, ko ir gr\u016bti apstr\u0101d\u0101t ar parastaj\u0101m plakanaj\u0101m pres\u0113m.<\/p>\n<p data-path-to-node=\"2\"><strong>Daudzfunkcion\u0101la pamatne<\/strong>\u00a0<b data-path-to-node=\"14\" data-index-in-node=\"0\">Divi vien\u0101 risin\u0101jums:<\/b>\u00a0Pamatne pilda divas funkcijas \u2013 t\u0101 kalpo k\u0101 dro\u0161a vieta ier\u012bces novieto\u0161anai, aizsarg\u0101jot j\u016bsu darba virsmu no karstuma, un vienlaikus darbojas k\u0101 stabils stat\u012bvs, str\u0101d\u0101jot ar kr\u016bz\u0113m vai termoglaz\u0113m. \u0160is p\u0101rdom\u0101tais dizains garant\u0113 dro\u0161\u012bbu un padara rado\u0161o procesu rait\u0101ku un efekt\u012bv\u0101ku. Atmi\u0146as re\u017e\u012bms un autom\u0101tisk\u0101 izsl\u0113g\u0161an\u0101s<\/p>\n<p data-path-to-node=\"2\"><b data-path-to-node=\"16\" data-index-in-node=\"0\">Atmi\u0146as re\u017e\u012bms:<\/b>\u00a0<i data-path-to-node=\"16\" data-index-in-node=\"16\">ImPress\u2122 Mini 3<\/i>\u00a0\u0113rti saglab\u0101 p\u0113d\u0113jos izmantotos temperat\u016bras un laika iestat\u012bjumus, atvieglojot vair\u0101ku l\u012bdz\u012bgu projektu izstr\u0101di p\u0113c k\u0101rtas.<\/p>\n<p data-path-to-node=\"2\"><b data-path-to-node=\"16\" data-index-in-node=\"158\">Autom\u0101tisk\u0101 izsl\u0113g\u0161an\u0101s:<\/b>\u00a0Ier\u012bce autom\u0101tiski izsl\u0113dzas p\u0113c 15 min\u016b\u0161u d\u012bkst\u0101ves, r\u016bp\u0113joties gan par j\u016bsu dro\u0161\u012bbu, gan energoefektivit\u0101ti.<\/p>\n","protected":false},"excerpt":{"rendered":"LOKLiK ImPress\u2122 Mini 3 \u2013 J\u016bsu rado\u0161uma ide\u0101lais sabiedrotais\u00a0LOKLiK ImPress\u2122 Mini 3\u00a0ir nevainojams pal\u012bgs vis\u0101m j\u016bsu rado\u0161aj\u0101m iecer\u0113m, apvienojot kompaktu izm\u0113ru ar jaud\u012bgu sniegumu. \u0160\u012b daudzpus\u012bg\u0101 maz\u0101 termoprese ir lieliski piem\u0113rota darbam ar termop\u0101rneses vinilu, sublim\u0101cijas pap\u012bru un citiem karstuma apstr\u0101des projektiem. \u012apa\u0161i plat\u0101, plakan\u0101 sildvirsma \u013cauj \u0113rti str\u0101d\u0101t ar liel\u0101kiem dizainiem, saglab\u0101jot ier\u012bces kompaktumu. [...]","protected":false},"featured_media":18172,"template":"","meta":[],"product_brand":[],"product_cat":[258,260,243],"product_tag":[1540],"class_list":{"0":"post-18171","1":"product","2":"type-product","3":"status-publish","4":"has-post-thumbnail","6":"product_cat-iekartas-un-izejmateriali","7":"product_cat-termopreses-iekartas-un-izejmateriali","8":"product_cat-termopreses-hobijam","9":"product_tag-auto-termoprese","11":"first","12":"instock","13":"shipping-taxable","14":"purchasable","15":"product-type-simple"},"yoast_head":"<!-- This site is optimized with the Yoast SEO plugin v27.3 - https:\/\/yoast.com\/product\/yoast-seo-wordpress\/ -->\n<title>LOKLiK termoprese ImPress\u2122 Mini 3 \u2013 Lavender Purple - WMT Baltic<\/title>\n<meta name=\"robots\" content=\"index, follow, max-snippet:-1, max-image-preview:large, max-video-preview:-1\" \/>\n<link rel=\"canonical\" href=\"https:\/\/wmtbaltic.lv\/product\/loklik-termoprese-impress-mini-3-lavender-purple\/\" \/>\n<meta property=\"og:locale\" content=\"en_US\" \/>\n<meta property=\"og:type\" content=\"article\" \/>\n<meta property=\"og:title\" content=\"LOKLiK termoprese ImPress\u2122 Mini 3 \u2013 Lavender Purple - WMT Baltic\" \/>\n<meta property=\"og:url\" content=\"https:\/\/wmtbaltic.lv\/product\/loklik-termoprese-impress-mini-3-lavender-purple\/\" \/>\n<meta property=\"og:site_name\" content=\"WMT Baltic\" \/>\n<meta property=\"article:publisher\" content=\"https:\/\/www.facebook.com\/WMT.Baltic.viscom\/?locale=lv_LV\" \/>\n<meta property=\"article:modified_time\" content=\"2026-03-10T11:08:00+00:00\" \/>\n<meta property=\"og:image\" content=\"http:\/\/wmtbaltic.lv\/wp-content\/uploads\/2026\/03\/LOKLiK-termoprese-ImPress\u2122-Mini-3.jpg\" \/>\n\t<meta property=\"og:image:width\" content=\"600\" \/>\n\t<meta property=\"og:image:height\" content=\"600\" \/>\n\t<meta property=\"og:image:type\" content=\"image\/jpeg\" \/>\n<meta name=\"twitter:card\" content=\"summary_large_image\" \/>\n<meta name=\"twitter:label1\" content=\"Est. reading time\" \/>\n\t<meta name=\"twitter:data1\" content=\"2 minutes\" \/>\n<script type=\"application\/ld+json\" class=\"yoast-schema-graph\">{\"@context\":\"https:\\\/\\\/schema.org\",\"@graph\":[{\"@type\":\"WebPage\",\"@id\":\"https:\\\/\\\/wmtbaltic.lv\\\/product\\\/loklik-termoprese-impress-mini-3-lavender-purple\\\/\",\"url\":\"https:\\\/\\\/wmtbaltic.lv\\\/product\\\/loklik-termoprese-impress-mini-3-lavender-purple\\\/\",\"name\":\"LOKLiK termoprese ImPress\u2122 Mini 3 \u2013 Lavender Purple - WMT Baltic\",\"isPartOf\":{\"@id\":\"https:\\\/\\\/wmtbaltic.lv\\\/#website\"},\"primaryImageOfPage\":{\"@id\":\"https:\\\/\\\/wmtbaltic.lv\\\/product\\\/loklik-termoprese-impress-mini-3-lavender-purple\\\/#primaryimage\"},\"image\":{\"@id\":\"https:\\\/\\\/wmtbaltic.lv\\\/product\\\/loklik-termoprese-impress-mini-3-lavender-purple\\\/#primaryimage\"},\"thumbnailUrl\":\"https:\\\/\\\/wmtbaltic.lv\\\/wp-content\\\/uploads\\\/2026\\\/03\\\/LOKLiK-termoprese-ImPress\u2122-Mini-3.jpg\",\"datePublished\":\"2026-03-10T11:04:23+00:00\",\"dateModified\":\"2026-03-10T11:08:00+00:00\",\"breadcrumb\":{\"@id\":\"https:\\\/\\\/wmtbaltic.lv\\\/product\\\/loklik-termoprese-impress-mini-3-lavender-purple\\\/#breadcrumb\"},\"inLanguage\":\"en-US\",\"potentialAction\":[{\"@type\":\"ReadAction\",\"target\":[\"https:\\\/\\\/wmtbaltic.lv\\\/product\\\/loklik-termoprese-impress-mini-3-lavender-purple\\\/\"]}]},{\"@type\":\"ImageObject\",\"inLanguage\":\"en-US\",\"@id\":\"https:\\\/\\\/wmtbaltic.lv\\\/product\\\/loklik-termoprese-impress-mini-3-lavender-purple\\\/#primaryimage\",\"url\":\"https:\\\/\\\/wmtbaltic.lv\\\/wp-content\\\/uploads\\\/2026\\\/03\\\/LOKLiK-termoprese-ImPress\u2122-Mini-3.jpg\",\"contentUrl\":\"https:\\\/\\\/wmtbaltic.lv\\\/wp-content\\\/uploads\\\/2026\\\/03\\\/LOKLiK-termoprese-ImPress\u2122-Mini-3.jpg\",\"width\":600,\"height\":600},{\"@type\":\"BreadcrumbList\",\"@id\":\"https:\\\/\\\/wmtbaltic.lv\\\/product\\\/loklik-termoprese-impress-mini-3-lavender-purple\\\/#breadcrumb\",\"itemListElement\":[{\"@type\":\"ListItem\",\"position\":1,\"name\":\"Home\",\"item\":\"https:\\\/\\\/wmtbaltic.lv\\\/en\\\/\"},{\"@type\":\"ListItem\",\"position\":2,\"name\":\"Shop\",\"item\":\"https:\\\/\\\/wmtbaltic.lv\\\/shop\\\/\"},{\"@type\":\"ListItem\",\"position\":3,\"name\":\"LOKLiK termoprese ImPress\u2122 Mini 3 \u2013 Lavender Purple\"}]},{\"@type\":\"WebSite\",\"@id\":\"https:\\\/\\\/wmtbaltic.lv\\\/#website\",\"url\":\"https:\\\/\\\/wmtbaltic.lv\\\/\",\"name\":\"WMT Baltic\",\"description\":\"Rekl\u0101mas produkti, pl\u0113ves\",\"publisher\":{\"@id\":\"https:\\\/\\\/wmtbaltic.lv\\\/#organization\"},\"potentialAction\":[{\"@type\":\"SearchAction\",\"target\":{\"@type\":\"EntryPoint\",\"urlTemplate\":\"https:\\\/\\\/wmtbaltic.lv\\\/?s={search_term_string}\"},\"query-input\":{\"@type\":\"PropertyValueSpecification\",\"valueRequired\":true,\"valueName\":\"search_term_string\"}}],\"inLanguage\":\"en-US\"},{\"@type\":\"Organization\",\"@id\":\"https:\\\/\\\/wmtbaltic.lv\\\/#organization\",\"name\":\"WMT Baltic\",\"url\":\"https:\\\/\\\/wmtbaltic.lv\\\/\",\"logo\":{\"@type\":\"ImageObject\",\"inLanguage\":\"en-US\",\"@id\":\"https:\\\/\\\/wmtbaltic.lv\\\/#\\\/schema\\\/logo\\\/image\\\/\",\"url\":\"https:\\\/\\\/wmtbaltic.lv\\\/wp-content\\\/uploads\\\/2024\\\/12\\\/wmt-baltic-sia_107142_9_420x180.jpg\",\"contentUrl\":\"https:\\\/\\\/wmtbaltic.lv\\\/wp-content\\\/uploads\\\/2024\\\/12\\\/wmt-baltic-sia_107142_9_420x180.jpg\",\"width\":420,\"height\":180,\"caption\":\"WMT Baltic\"},\"image\":{\"@id\":\"https:\\\/\\\/wmtbaltic.lv\\\/#\\\/schema\\\/logo\\\/image\\\/\"},\"sameAs\":[\"https:\\\/\\\/www.facebook.com\\\/WMT.Baltic.viscom\\\/?locale=lv_LV\",\"https:\\\/\\\/www.instagram.com\\\/viscom_wmt\\\/\"]}]}<\/script>\n<!-- \/ Yoast SEO plugin. -->","yoast_head_json":{"title":"LOKLiK termoprese ImPress\u2122 Mini 3 \u2013 Lavender Purple - WMT Baltic","robots":{"index":"index","follow":"follow","max-snippet":"max-snippet:-1","max-image-preview":"max-image-preview:large","max-video-preview":"max-video-preview:-1"},"canonical":"https:\/\/wmtbaltic.lv\/product\/loklik-termoprese-impress-mini-3-lavender-purple\/","og_locale":"en_US","og_type":"article","og_title":"LOKLiK termoprese ImPress\u2122 Mini 3 \u2013 Lavender Purple - WMT Baltic","og_url":"https:\/\/wmtbaltic.lv\/product\/loklik-termoprese-impress-mini-3-lavender-purple\/","og_site_name":"WMT Baltic","article_publisher":"https:\/\/www.facebook.com\/WMT.Baltic.viscom\/?locale=lv_LV","article_modified_time":"2026-03-10T11:08:00+00:00","og_image":[{"width":600,"height":600,"url":"http:\/\/wmtbaltic.lv\/wp-content\/uploads\/2026\/03\/LOKLiK-termoprese-ImPress\u2122-Mini-3.jpg","type":"image\/jpeg"}],"twitter_card":"summary_large_image","twitter_misc":{"Est. reading time":"2 minutes"},"schema":{"@context":"https:\/\/schema.org","@graph":[{"@type":"WebPage","@id":"https:\/\/wmtbaltic.lv\/product\/loklik-termoprese-impress-mini-3-lavender-purple\/","url":"https:\/\/wmtbaltic.lv\/product\/loklik-termoprese-impress-mini-3-lavender-purple\/","name":"LOKLiK termoprese ImPress\u2122 Mini 3 \u2013 Lavender Purple - WMT Baltic","isPartOf":{"@id":"https:\/\/wmtbaltic.lv\/#website"},"primaryImageOfPage":{"@id":"https:\/\/wmtbaltic.lv\/product\/loklik-termoprese-impress-mini-3-lavender-purple\/#primaryimage"},"image":{"@id":"https:\/\/wmtbaltic.lv\/product\/loklik-termoprese-impress-mini-3-lavender-purple\/#primaryimage"},"thumbnailUrl":"https:\/\/wmtbaltic.lv\/wp-content\/uploads\/2026\/03\/LOKLiK-termoprese-ImPress\u2122-Mini-3.jpg","datePublished":"2026-03-10T11:04:23+00:00","dateModified":"2026-03-10T11:08:00+00:00","breadcrumb":{"@id":"https:\/\/wmtbaltic.lv\/product\/loklik-termoprese-impress-mini-3-lavender-purple\/#breadcrumb"},"inLanguage":"en-US","potentialAction":[{"@type":"ReadAction","target":["https:\/\/wmtbaltic.lv\/product\/loklik-termoprese-impress-mini-3-lavender-purple\/"]}]},{"@type":"ImageObject","inLanguage":"en-US","@id":"https:\/\/wmtbaltic.lv\/product\/loklik-termoprese-impress-mini-3-lavender-purple\/#primaryimage","url":"https:\/\/wmtbaltic.lv\/wp-content\/uploads\/2026\/03\/LOKLiK-termoprese-ImPress\u2122-Mini-3.jpg","contentUrl":"https:\/\/wmtbaltic.lv\/wp-content\/uploads\/2026\/03\/LOKLiK-termoprese-ImPress\u2122-Mini-3.jpg","width":600,"height":600},{"@type":"BreadcrumbList","@id":"https:\/\/wmtbaltic.lv\/product\/loklik-termoprese-impress-mini-3-lavender-purple\/#breadcrumb","itemListElement":[{"@type":"ListItem","position":1,"name":"Home","item":"https:\/\/wmtbaltic.lv\/en\/"},{"@type":"ListItem","position":2,"name":"Shop","item":"https:\/\/wmtbaltic.lv\/shop\/"},{"@type":"ListItem","position":3,"name":"LOKLiK termoprese ImPress\u2122 Mini 3 \u2013 Lavender Purple"}]},{"@type":"WebSite","@id":"https:\/\/wmtbaltic.lv\/#website","url":"https:\/\/wmtbaltic.lv\/","name":"WMT Baltic","description":"Rekl\u0101mas produkti, pl\u0113ves","publisher":{"@id":"https:\/\/wmtbaltic.lv\/#organization"},"potentialAction":[{"@type":"SearchAction","target":{"@type":"EntryPoint","urlTemplate":"https:\/\/wmtbaltic.lv\/?s={search_term_string}"},"query-input":{"@type":"PropertyValueSpecification","valueRequired":true,"valueName":"search_term_string"}}],"inLanguage":"en-US"},{"@type":"Organization","@id":"https:\/\/wmtbaltic.lv\/#organization","name":"WMT Baltic","url":"https:\/\/wmtbaltic.lv\/","logo":{"@type":"ImageObject","inLanguage":"en-US","@id":"https:\/\/wmtbaltic.lv\/#\/schema\/logo\/image\/","url":"https:\/\/wmtbaltic.lv\/wp-content\/uploads\/2024\/12\/wmt-baltic-sia_107142_9_420x180.jpg","contentUrl":"https:\/\/wmtbaltic.lv\/wp-content\/uploads\/2024\/12\/wmt-baltic-sia_107142_9_420x180.jpg","width":420,"height":180,"caption":"WMT Baltic"},"image":{"@id":"https:\/\/wmtbaltic.lv\/#\/schema\/logo\/image\/"},"sameAs":["https:\/\/www.facebook.com\/WMT.Baltic.viscom\/?locale=lv_LV","https:\/\/www.instagram.com\/viscom_wmt\/"]}]}},"_links":{"self":[{"href":"https:\/\/wmtbaltic.lv\/en\/wp-json\/wp\/v2\/product\/18171","targetHints":{"allow":["GET"]}}],"collection":[{"href":"https:\/\/wmtbaltic.lv\/en\/wp-json\/wp\/v2\/product"}],"about":[{"href":"https:\/\/wmtbaltic.lv\/en\/wp-json\/wp\/v2\/types\/product"}],"wp:featuredmedia":[{"embeddable":true,"href":"https:\/\/wmtbaltic.lv\/en\/wp-json\/wp\/v2\/media\/18172"}],"wp:attachment":[{"href":"https:\/\/wmtbaltic.lv\/en\/wp-json\/wp\/v2\/media?parent=18171"}],"wp:term":[{"taxonomy":"product_brand","embeddable":true,"href":"https:\/\/wmtbaltic.lv\/en\/wp-json\/wp\/v2\/product_brand?post=18171"},{"taxonomy":"product_cat","embeddable":true,"href":"https:\/\/wmtbaltic.lv\/en\/wp-json\/wp\/v2\/product_cat?post=18171"},{"taxonomy":"product_tag","embeddable":true,"href":"https:\/\/wmtbaltic.lv\/en\/wp-json\/wp\/v2\/product_tag?post=18171"}],"curies":[{"name":"wp","href":"https:\/\/api.w.org\/{rel}","templated":true}]}}